{"id":76,"date":"2020-03-04T09:45:48","date_gmt":"2020-03-04T08:45:48","guid":{"rendered":"https:\/\/pans.krosno.pl\/zielarstwo\/?page_id=76"},"modified":"2026-03-12T19:17:39","modified_gmt":"2026-03-12T18:17:39","slug":"pracownicy","status":"publish","type":"page","link":"https:\/\/pans.krosno.pl\/zielarstwo\/pracownicy\/","title":{"rendered":"Pracownicy Zak\u0142adu"},"content":{"rendered":"\n<hr class=\"wp-block-separator has-alpha-channel-opacity\" \/>\n\n\n\n<p class=\"has-large-font-size\"><strong>Pracownicy Zak\u0142adu oraz inni nauczyciele prowadz\u0105cy zaj\u0119cia na kierunku Zielarstwo<\/strong> w roku akademickim 2025\/2026<\/p>\n\n\n\n<p><strong>Pracownicy Zak\u0142adu Zielarstwa<\/strong><\/p>\n\n\n\n<p><a href=\"https:\/\/pans.krosno.pl\/pracownicy\/iwona-wawer\/\" target=\"_blank\" rel=\"noreferrer noopener\">prof. dr hab. Iwona Wawer <\/a><\/p>\n\n\n\n<p><a href=\"https:\/\/pans.krosno.pl\/pracownicy\/elzbieta-pisulewska\/\" target=\"_blank\" rel=\"noreferrer noopener\">prof. dr hab. in\u017c. El\u017cbieta Pisulewska<\/a><\/p>\n\n\n\n<p><a href=\"https:\/\/pans.krosno.pl\/pracownicy\/ilona-kaczmarczyk-zebrowska\/\" target=\"_blank\" rel=\"noreferrer noopener\">prof.&nbsp; dr hab. Ilona Kaczmarczyk-\u017bebrowska<\/a><\/p>\n\n\n\n<p><a href=\"https:\/\/pans.krosno.pl\/pracownicy\/bernadeta-bienia\/\" target=\"_blank\" rel=\"noreferrer noopener\">dr in\u017c. Bernadetta Bienia<\/a><\/p>\n\n\n\n<p><a href=\"https:\/\/pans.krosno.pl\/pracownicy\/henryk-rozanski\/\" target=\"_blank\" rel=\"noreferrer noopener\">dr Henryk R\u00f3\u017ca\u0144ski<\/a><\/p>\n\n\n\n<p><a href=\"https:\/\/pans.krosno.pl\/pracownicy\/pawel-siudem\/\">dr Pawe\u0142 Siudem<\/a><\/p>\n\n\n\n<p><\/p>\n\n\n\n<p><strong>Pozostali nauczyciele prowadz\u0105cy zaj\u0119cia<\/strong> <strong>na kierunku<\/strong><\/p>\n\n\n\n<p>prof. dr hab. Anna Sok\u00f3\u0142-\u0141\u0119towska<\/p>\n\n\n\n<p><a href=\"https:\/\/pans.krosno.pl\/pracownicy\/barbara-krochmal-marczak\/\" target=\"_blank\" rel=\"noreferrer noopener\">dr hab. in\u017c. Barbara Krochmal-Marczak<\/a><\/p>\n\n\n\n<p>dr hab. in\u017c. El\u017cbieta Sikora, prof. PK<\/p>\n\n\n\n<p>dr n. med. Krzysztof B\u0142echa<\/p>\n\n\n\n<p><a href=\"https:\/\/pans.krosno.pl\/pracownicy\/anna-slowik\/\">dr Anna S\u0142owik-Ciekli\u0144ska<\/a><\/p>\n\n\n\n<p><a href=\"https:\/\/pans.krosno.pl\/pracownicy\/dominik-wrobel\/\" target=\"_blank\" rel=\"noreferrer noopener\">dr Dominik Wr\u00f3bel&nbsp;<\/a><\/p>\n\n\n\n<p>dr in\u017c. Marta Pisarek<\/p>\n\n\n\n<p><a href=\"https:\/\/pans.krosno.pl\/pracownicy\/agnieszka-kijowska\/\">dr Agnieszka Kijowska<\/a><\/p>\n\n\n\n<p><a href=\"https:\/\/pans.krosno.pl\/pracownicy\/damian-dubis\/\">dr Damian Dubis<\/a><\/p>\n\n\n\n<p><a href=\"https:\/\/pans.krosno.pl\/pracownicy\/bernadeta-rajchel\/\">dr Bernadeta Rajchel<\/a><\/p>\n\n\n\n<p><a href=\"https:\/\/pans.krosno.pl\/pracownicy\/jolanta-baran\/\">dr Jolanta Baran<\/a><\/p>\n\n\n\n<p>dr Janusz Boczar<\/p>\n\n\n\n<p>dr Tomasz Cebulak<\/p>\n\n\n\n<p>dr Edyta Nizio\u0142-Babiarz<\/p>\n\n\n\n<p>dr Mikhael Hakim<\/p>\n\n\n\n<p>dr in\u017c. Maria Rysz<\/p>\n\n\n\n<p><a href=\"https:\/\/pans.krosno.pl\/pracownicy\/sylwia-bronska-putzig\/\">mgr Sylwia Bro\u0144ska-Putzig<\/a><\/p>\n\n\n\n<p>mgr Agnieszka Antosz-Kasprzyk<\/p>\n\n\n\n<p><a href=\"https:\/\/pans.krosno.pl\/pracownicy\/elzbieta-bragiel\/\">mgr El\u017cbieta Br\u0105giel<\/a><\/p>\n\n\n\n<p><a href=\"https:\/\/pans.krosno.pl\/pracownicy\/jerzy-borcz\/\">mgr Jerzy Borcz<\/a><\/p>\n\n\n\n<p>mgr in\u017c. Magdalena Kolanko<\/p>\n\n\n\n<p><a href=\"https:\/\/pans.krosno.pl\/pracownicy\/joanna-polchlopek\/\">mgr Joanna P\u00f3\u0142ch\u0142opek<\/a><\/p>\n\n\n\n<p>mgr Artur Janas<\/p>\n\n\n\n<p>mgr in\u017c. Maciej P\u00f3\u0142ch\u0142opek<\/p>\n\n\n\n<p>mgr in\u017c. Angelika Zima<\/p>\n\n\n\n<p><\/p>\n","protected":false},"excerpt":{"rendered":"<p>Pracownicy Zak\u0142adu oraz inni nauczyciele prowadz\u0105cy zaj\u0119cia na kierunku Zielarstwo w roku akademickim 2025\/2026 Pracownicy Zak\u0142adu Zielarstwa prof. dr hab. Iwona Wawer prof. dr hab. in\u017c. El\u017cbieta Pisulewska prof.&nbsp; dr hab. Ilona Kaczmarczyk-\u017bebrowska dr in\u017c. Bernadetta Bienia dr Henryk R\u00f3\u017ca\u0144ski dr Pawe\u0142 Siudem Pozostali nauczyciele prowadz\u0105cy zaj\u0119cia na kierunku prof. [\u2026] <\/p>\n<div class=\"clear\"><\/div>\n<p><a class=\"more_link clearfix\" href=\"https:\/\/pans.krosno.pl\/zielarstwo\/pracownicy\/\" rel=\"nofollow\">Read More<\/a><\/p>\n","protected":false},"author":27,"featured_media":0,"parent":0,"menu_order":0,"comment_status":"closed","ping_status":"closed","template":"page-templates\/template-full-width.php","meta":{"ngg_post_thumbnail":0,"footnotes":""},"class_list":["post-76","page","type-page","status-publish","hentry"],"yoast_head":"<!-- This site is optimized with the Yoast SEO Premium plugin v27.3 (Yoast SEO v27.3) - https:\/\/yoast.com\/product\/yoast-seo-premium-wordpress\/ -->\n<title>Pracownicy Zak\u0142adu - Zielarstwo PANS w Kro\u015bnie<\/title>\n<meta name=\"description\" content=\"KPU w Kro\u015bnie\" \/>\n<meta name=\"robots\" content=\"index, follow, max-snippet:-1, max-image-preview:large, max-video-preview:-1\" \/>\n<link rel=\"canonical\" href=\"https:\/\/pans.krosno.pl\/zielarstwo\/pracownicy\/\" \/>\n<meta property=\"og:locale\" content=\"pl_PL\" \/>\n<meta property=\"og:type\" content=\"article\" \/>\n<meta property=\"og:title\" content=\"Pracownicy Zak\u0142adu\" \/>\n<meta property=\"og:description\" content=\"KPU w Kro\u015bnie\" \/>\n<meta property=\"og:url\" content=\"https:\/\/pans.krosno.pl\/zielarstwo\/pracownicy\/\" \/>\n<meta property=\"og:site_name\" content=\"Zielarstwo PANS w Kro\u015bnie\" \/>\n<meta property=\"article:modified_time\" content=\"2026-03-12T18:17:39+00:00\" \/>\n<meta name=\"twitter:card\" content=\"summary_large_image\" \/>\n<meta name=\"twitter:label1\" content=\"Szacowany czas czytania\" \/>\n\t<meta name=\"twitter:data1\" content=\"1 minuta\" \/>\n<script type=\"application\/ld+json\" class=\"yoast-schema-graph\">{\"@context\":\"https:\\\/\\\/schema.org\",\"@graph\":[{\"@type\":\"WebPage\",\"@id\":\"https:\\\/\\\/pans.krosno.pl\\\/zielarstwo\\\/pracownicy\\\/\",\"url\":\"https:\\\/\\\/pans.krosno.pl\\\/zielarstwo\\\/pracownicy\\\/\",\"name\":\"Pracownicy Zak\u0142adu - Zielarstwo PANS w Kro\u015bnie\",\"isPartOf\":{\"@id\":\"https:\\\/\\\/pans.krosno.pl\\\/zielarstwo\\\/#website\"},\"datePublished\":\"2020-03-04T08:45:48+00:00\",\"dateModified\":\"2026-03-12T18:17:39+00:00\",\"description\":\"KPU w Kro\u015bnie\",\"breadcrumb\":{\"@id\":\"https:\\\/\\\/pans.krosno.pl\\\/zielarstwo\\\/pracownicy\\\/#breadcrumb\"},\"inLanguage\":\"pl-PL\",\"potentialAction\":[{\"@type\":\"ReadAction\",\"target\":[\"https:\\\/\\\/pans.krosno.pl\\\/zielarstwo\\\/pracownicy\\\/\"]}]},{\"@type\":\"BreadcrumbList\",\"@id\":\"https:\\\/\\\/pans.krosno.pl\\\/zielarstwo\\\/pracownicy\\\/#breadcrumb\",\"itemListElement\":[{\"@type\":\"ListItem\",\"position\":1,\"name\":\"Strona g\u0142\u00f3wna\",\"item\":\"https:\\\/\\\/pans.krosno.pl\\\/zielarstwo\\\/\"},{\"@type\":\"ListItem\",\"position\":2,\"name\":\"Pracownicy Zak\u0142adu\"}]},{\"@type\":\"WebSite\",\"@id\":\"https:\\\/\\\/pans.krosno.pl\\\/zielarstwo\\\/#website\",\"url\":\"https:\\\/\\\/pans.krosno.pl\\\/zielarstwo\\\/\",\"name\":\"Zielarstwo PANS w Kro\u015bnie\",\"description\":\"Zielarstwo - Pa\u0144stwowa Akademia Nauk Stosowanych\",\"publisher\":{\"@id\":\"https:\\\/\\\/pans.krosno.pl\\\/zielarstwo\\\/#organization\"},\"potentialAction\":[{\"@type\":\"SearchAction\",\"target\":{\"@type\":\"EntryPoint\",\"urlTemplate\":\"https:\\\/\\\/pans.krosno.pl\\\/zielarstwo\\\/?s={search_term_string}\"},\"query-input\":{\"@type\":\"PropertyValueSpecification\",\"valueRequired\":true,\"valueName\":\"search_term_string\"}}],\"inLanguage\":\"pl-PL\"},{\"@type\":\"Organization\",\"@id\":\"https:\\\/\\\/pans.krosno.pl\\\/zielarstwo\\\/#organization\",\"name\":\"Zielarstwo PANS w Kro\u015bnie\",\"url\":\"https:\\\/\\\/pans.krosno.pl\\\/zielarstwo\\\/\",\"logo\":{\"@type\":\"ImageObject\",\"inLanguage\":\"pl-PL\",\"@id\":\"https:\\\/\\\/pans.krosno.pl\\\/zielarstwo\\\/#\\\/schema\\\/logo\\\/image\\\/\",\"url\":\"https:\\\/\\\/pans.krosno.pl\\\/zielarstwo\\\/wp-content\\\/uploads\\\/sites\\\/36\\\/2023\\\/01\\\/Logo-PANS-2022-pelne.png\",\"contentUrl\":\"https:\\\/\\\/pans.krosno.pl\\\/zielarstwo\\\/wp-content\\\/uploads\\\/sites\\\/36\\\/2023\\\/01\\\/Logo-PANS-2022-pelne.png\",\"width\":3096,\"height\":696,\"caption\":\"Zielarstwo PANS w Kro\u015bnie\"},\"image\":{\"@id\":\"https:\\\/\\\/pans.krosno.pl\\\/zielarstwo\\\/#\\\/schema\\\/logo\\\/image\\\/\"}}]}<\/script>\n<!-- \/ Yoast SEO Premium plugin. -->","yoast_head_json":{"title":"Pracownicy Zak\u0142adu - Zielarstwo PANS w Kro\u015bnie","description":"KPU w Kro\u015bnie","robots":{"index":"index","follow":"follow","max-snippet":"max-snippet:-1","max-image-preview":"max-image-preview:large","max-video-preview":"max-video-preview:-1"},"canonical":"https:\/\/pans.krosno.pl\/zielarstwo\/pracownicy\/","og_locale":"pl_PL","og_type":"article","og_title":"Pracownicy Zak\u0142adu","og_description":"KPU w Kro\u015bnie","og_url":"https:\/\/pans.krosno.pl\/zielarstwo\/pracownicy\/","og_site_name":"Zielarstwo PANS w Kro\u015bnie","article_modified_time":"2026-03-12T18:17:39+00:00","twitter_card":"summary_large_image","twitter_misc":{"Szacowany czas czytania":"1 minuta"},"schema":{"@context":"https:\/\/schema.org","@graph":[{"@type":"WebPage","@id":"https:\/\/pans.krosno.pl\/zielarstwo\/pracownicy\/","url":"https:\/\/pans.krosno.pl\/zielarstwo\/pracownicy\/","name":"Pracownicy Zak\u0142adu - Zielarstwo PANS w Kro\u015bnie","isPartOf":{"@id":"https:\/\/pans.krosno.pl\/zielarstwo\/#website"},"datePublished":"2020-03-04T08:45:48+00:00","dateModified":"2026-03-12T18:17:39+00:00","description":"KPU w Kro\u015bnie","breadcrumb":{"@id":"https:\/\/pans.krosno.pl\/zielarstwo\/pracownicy\/#breadcrumb"},"inLanguage":"pl-PL","potentialAction":[{"@type":"ReadAction","target":["https:\/\/pans.krosno.pl\/zielarstwo\/pracownicy\/"]}]},{"@type":"BreadcrumbList","@id":"https:\/\/pans.krosno.pl\/zielarstwo\/pracownicy\/#breadcrumb","itemListElement":[{"@type":"ListItem","position":1,"name":"Strona g\u0142\u00f3wna","item":"https:\/\/pans.krosno.pl\/zielarstwo\/"},{"@type":"ListItem","position":2,"name":"Pracownicy Zak\u0142adu"}]},{"@type":"WebSite","@id":"https:\/\/pans.krosno.pl\/zielarstwo\/#website","url":"https:\/\/pans.krosno.pl\/zielarstwo\/","name":"Zielarstwo PANS w Kro\u015bnie","description":"Zielarstwo - Pa\u0144stwowa Akademia Nauk Stosowanych","publisher":{"@id":"https:\/\/pans.krosno.pl\/zielarstwo\/#organization"},"potentialAction":[{"@type":"SearchAction","target":{"@type":"EntryPoint","urlTemplate":"https:\/\/pans.krosno.pl\/zielarstwo\/?s={search_term_string}"},"query-input":{"@type":"PropertyValueSpecification","valueRequired":true,"valueName":"search_term_string"}}],"inLanguage":"pl-PL"},{"@type":"Organization","@id":"https:\/\/pans.krosno.pl\/zielarstwo\/#organization","name":"Zielarstwo PANS w Kro\u015bnie","url":"https:\/\/pans.krosno.pl\/zielarstwo\/","logo":{"@type":"ImageObject","inLanguage":"pl-PL","@id":"https:\/\/pans.krosno.pl\/zielarstwo\/#\/schema\/logo\/image\/","url":"https:\/\/pans.krosno.pl\/zielarstwo\/wp-content\/uploads\/sites\/36\/2023\/01\/Logo-PANS-2022-pelne.png","contentUrl":"https:\/\/pans.krosno.pl\/zielarstwo\/wp-content\/uploads\/sites\/36\/2023\/01\/Logo-PANS-2022-pelne.png","width":3096,"height":696,"caption":"Zielarstwo PANS w Kro\u015bnie"},"image":{"@id":"https:\/\/pans.krosno.pl\/zielarstwo\/#\/schema\/logo\/image\/"}}]}},"_links":{"self":[{"href":"https:\/\/pans.krosno.pl\/zielarstwo\/wp-json\/wp\/v2\/pages\/76","targetHints":{"allow":["GET"]}}],"collection":[{"href":"https:\/\/pans.krosno.pl\/zielarstwo\/wp-json\/wp\/v2\/pages"}],"about":[{"href":"https:\/\/pans.krosno.pl\/zielarstwo\/wp-json\/wp\/v2\/types\/page"}],"author":[{"embeddable":true,"href":"https:\/\/pans.krosno.pl\/zielarstwo\/wp-json\/wp\/v2\/users\/27"}],"replies":[{"embeddable":true,"href":"https:\/\/pans.krosno.pl\/zielarstwo\/wp-json\/wp\/v2\/comments?post=76"}],"version-history":[{"count":31,"href":"https:\/\/pans.krosno.pl\/zielarstwo\/wp-json\/wp\/v2\/pages\/76\/revisions"}],"predecessor-version":[{"id":5076,"href":"https:\/\/pans.krosno.pl\/zielarstwo\/wp-json\/wp\/v2\/pages\/76\/revisions\/5076"}],"wp:attachment":[{"href":"https:\/\/pans.krosno.pl\/zielarstwo\/wp-json\/wp\/v2\/media?parent=76"}],"curies":[{"name":"wp","href":"https:\/\/api.w.org\/{rel}","templated":true}]}}