{"id":21,"date":"2019-11-08T11:10:38","date_gmt":"2019-11-08T10:10:38","guid":{"rendered":"https:\/\/pans.krosno.pl\/zarzadzanie\/?page_id=21"},"modified":"2024-10-29T14:04:13","modified_gmt":"2024-10-29T13:04:13","slug":"egzamin-dyplomowy","status":"publish","type":"page","link":"https:\/\/pans.krosno.pl\/zarzadzanie\/egzamin-dyplomowy\/","title":{"rendered":"Egzamin dyplomowy"},"content":{"rendered":"\n<h3 class=\"wp-block-heading\" id=\"h-praca-dyplomowa\"> Praca dyplomowa <\/h3>\n\n\n\n<div class=\"wp-block-file\"><a id=\"wp-block-file--media-4b45ffca-490b-4cc3-85b9-34a0315a3c91\" href=\"https:\/\/pans.krosno.pl\/zarzadzanie\/wp-content\/uploads\/sites\/31\/2024\/10\/Wzor-strony-tytulowej-PANS-lic.doc\">Wzor-strony-tytulowej-PANS-lic<\/a><a href=\"https:\/\/pans.krosno.pl\/zarzadzanie\/wp-content\/uploads\/sites\/31\/2024\/10\/Wzor-strony-tytulowej-PANS-lic.doc\" class=\"wp-block-file__button wp-element-button\" download aria-describedby=\"wp-block-file--media-4b45ffca-490b-4cc3-85b9-34a0315a3c91\">Pobierz<\/a><\/div>\n\n\n\n<div class=\"wp-block-file\"><a id=\"wp-block-file--media-d0c163a9-4c79-4a33-a922-b8e581a68970\" href=\"https:\/\/pans.krosno.pl\/zarzadzanie\/wp-content\/uploads\/sites\/31\/2024\/10\/formularz_temat_pracy_dyplomowej.docx\">formularz_temat_pracy_dyplomowej<\/a><a href=\"https:\/\/pans.krosno.pl\/zarzadzanie\/wp-content\/uploads\/sites\/31\/2024\/10\/formularz_temat_pracy_dyplomowej.docx\" class=\"wp-block-file__button wp-element-button\" download aria-describedby=\"wp-block-file--media-d0c163a9-4c79-4a33-a922-b8e581a68970\">Pobierz<\/a><\/div>\n\n\n\n<div class=\"wp-block-file\"><a id=\"wp-block-file--media-d015c32b-683d-40a7-b95f-6543438c60bb\" href=\"https:\/\/pans.krosno.pl\/zarzadzanie\/wp-content\/uploads\/sites\/31\/2024\/10\/formularz_zmiany_tematu_pracy_dyplomowej.docx\">formularz_zmiany_tematu_pracy_dyplomowej<\/a><a href=\"https:\/\/pans.krosno.pl\/zarzadzanie\/wp-content\/uploads\/sites\/31\/2024\/10\/formularz_zmiany_tematu_pracy_dyplomowej.docx\" class=\"wp-block-file__button wp-element-button\" download aria-describedby=\"wp-block-file--media-d015c32b-683d-40a7-b95f-6543438c60bb\">Pobierz<\/a><\/div>\n\n\n\n<div class=\"wp-block-file\"><a id=\"wp-block-file--media-af509547-9551-4d3c-ace7-c5038f554a74\" href=\"https:\/\/pans.krosno.pl\/zarzadzanie\/wp-content\/uploads\/sites\/31\/2024\/10\/formularz_zmiana_promotora.docx\">formularz_zmiana_promotora<\/a><a href=\"https:\/\/pans.krosno.pl\/zarzadzanie\/wp-content\/uploads\/sites\/31\/2024\/10\/formularz_zmiana_promotora.docx\" class=\"wp-block-file__button wp-element-button\" download aria-describedby=\"wp-block-file--media-af509547-9551-4d3c-ace7-c5038f554a74\">Pobierz<\/a><\/div>\n\n\n\n<div class=\"wp-block-file\"><a id=\"wp-block-file--media-1dfc795c-9bf4-4248-979d-da60d360ad32\" href=\"https:\/\/pans.krosno.pl\/zarzadzanie\/wp-content\/uploads\/sites\/31\/2024\/10\/podanie_o_udostepnienie_danych.doc\">podanie_o_udostepnienie_danych<\/a><a href=\"https:\/\/pans.krosno.pl\/zarzadzanie\/wp-content\/uploads\/sites\/31\/2024\/10\/podanie_o_udostepnienie_danych.doc\" class=\"wp-block-file__button wp-element-button\" download aria-describedby=\"wp-block-file--media-1dfc795c-9bf4-4248-979d-da60d360ad32\">Pobierz<\/a><\/div>\n\n\n\n<div class=\"wp-block-file\"><a id=\"wp-block-file--media-ce5d29bf-8402-4b6b-a736-6eb7ef15a6b5\" href=\"https:\/\/pans.krosno.pl\/zarzadzanie\/wp-content\/uploads\/sites\/31\/2024\/10\/wymogi_dotyczace_przygotowania_pracy_licencjackiej_i_magisterskiej-.docx\">wymogi_dotyczace_przygotowania_pracy_licencjackiej_i_magisterskiej-<\/a><a href=\"https:\/\/pans.krosno.pl\/zarzadzanie\/wp-content\/uploads\/sites\/31\/2024\/10\/wymogi_dotyczace_przygotowania_pracy_licencjackiej_i_magisterskiej-.docx\" class=\"wp-block-file__button wp-element-button\" download aria-describedby=\"wp-block-file--media-ce5d29bf-8402-4b6b-a736-6eb7ef15a6b5\">Pobierz<\/a><\/div>\n\n\n\n<div class=\"wp-block-file\"><a id=\"wp-block-file--media-9cbcaf9a-7903-4cb5-b544-2acf7fd041c3\" href=\"https:\/\/pans.krosno.pl\/zarzadzanie\/wp-content\/uploads\/sites\/31\/2024\/10\/6-procedura-dyplomowania-wydanie-4.doc\">6-procedura-dyplomowania-wydanie-4<\/a><a href=\"https:\/\/pans.krosno.pl\/zarzadzanie\/wp-content\/uploads\/sites\/31\/2024\/10\/6-procedura-dyplomowania-wydanie-4.doc\" class=\"wp-block-file__button wp-element-button\" download aria-describedby=\"wp-block-file--media-9cbcaf9a-7903-4cb5-b544-2acf7fd041c3\">Pobierz<\/a><\/div>\n\n\n\n<div class=\"wp-block-file\"><a id=\"wp-block-file--media-cdd9e15e-5dbb-4397-b6be-666284b3a96a\" href=\"https:\/\/pans.krosno.pl\/zarzadzanie\/wp-content\/uploads\/sites\/31\/2024\/10\/OSWIADCZENIA-w-pracy-dyplomowej.docx\">OSWIADCZENIA-w-pracy-dyplomowej<\/a><a href=\"https:\/\/pans.krosno.pl\/zarzadzanie\/wp-content\/uploads\/sites\/31\/2024\/10\/OSWIADCZENIA-w-pracy-dyplomowej.docx\" class=\"wp-block-file__button wp-element-button\" download aria-describedby=\"wp-block-file--media-cdd9e15e-5dbb-4397-b6be-666284b3a96a\">Pobierz<\/a><\/div>\n\n\n\n<h4 class=\"wp-block-heading\" id=\"h-egzamin-dyplomowy\"> Egzamin dyplomowy <\/h4>\n\n\n\n<div class=\"wp-block-file\"><a id=\"wp-block-file--media-67657bdb-0dc8-41c1-9cee-0091f8db9f15\" href=\"https:\/\/pans.krosno.pl\/zarzadzanie\/wp-content\/uploads\/sites\/31\/2024\/10\/zestaw_pytan_do_egzaminu_dyplomowego_lic.docx\">zestaw_pytan_do_egzaminu_dyplomowego_lic<\/a><a href=\"https:\/\/pans.krosno.pl\/zarzadzanie\/wp-content\/uploads\/sites\/31\/2024\/10\/zestaw_pytan_do_egzaminu_dyplomowego_lic.docx\" class=\"wp-block-file__button wp-element-button\" download aria-describedby=\"wp-block-file--media-67657bdb-0dc8-41c1-9cee-0091f8db9f15\">Pobierz<\/a><\/div>\n\n\n\n<h4 class=\"wp-block-heading\" id=\"h-zaliczenie-seminarium\"> Zaliczenie seminarium <\/h4>\n\n\n\n<div class=\"wp-block-file\"><a href=\"https:\/\/pans.krosno.pl\/zarzadzanie\/wp-content\/uploads\/sites\/31\/2020\/10\/program_seminarium_dyplomowego_-_60_godzin-1.docx\">program_seminarium_dyplomowego_-_60_godzin<\/a><a href=\"https:\/\/pans.krosno.pl\/zarzadzanie\/wp-content\/uploads\/sites\/31\/2020\/10\/program_seminarium_dyplomowego_-_60_godzin-1.docx\" class=\"wp-block-file__button wp-element-button\" download>Pobierz<\/a><\/div>\n","protected":false},"excerpt":{"rendered":"<p>Praca dyplomowa Egzamin dyplomowy Zaliczenie seminarium<\/p>\n","protected":false},"author":27,"featured_media":0,"parent":0,"menu_order":0,"comment_status":"closed","ping_status":"closed","template":"page-templates\/template-full-width.php","meta":{"ngg_post_thumbnail":0,"footnotes":""},"class_list":["post-21","page","type-page","status-publish","hentry"],"yoast_head":"<!-- This site is optimized with the Yoast SEO Premium plugin v27.4 (Yoast SEO v27.4) - https:\/\/yoast.com\/product\/yoast-seo-premium-wordpress\/ -->\n<title>Egzamin dyplomowy - Zarz\u0105dzanie PANS w Kro\u015bnie<\/title>\n<meta name=\"description\" content=\"formularz zmiany tematu pracy dyplomowej\" \/>\n<meta name=\"robots\" content=\"index, follow, max-snippet:-1, max-image-preview:large, max-video-preview:-1\" \/>\n<link rel=\"canonical\" href=\"https:\/\/pans.krosno.pl\/zarzadzanie\/egzamin-dyplomowy\/\" \/>\n<meta property=\"og:locale\" content=\"pl_PL\" \/>\n<meta property=\"og:type\" content=\"article\" \/>\n<meta property=\"og:title\" content=\"Egzamin dyplomowy\" \/>\n<meta property=\"og:description\" content=\"formularz zmiany tematu pracy dyplomowej\" \/>\n<meta property=\"og:url\" content=\"https:\/\/pans.krosno.pl\/zarzadzanie\/egzamin-dyplomowy\/\" \/>\n<meta property=\"og:site_name\" content=\"Zarz\u0105dzanie PANS w Kro\u015bnie\" \/>\n<meta property=\"article:modified_time\" content=\"2024-10-29T13:04:13+00:00\" \/>\n<meta name=\"twitter:card\" content=\"summary_large_image\" \/>\n<meta name=\"twitter:label1\" content=\"Szacowany czas czytania\" \/>\n\t<meta name=\"twitter:data1\" content=\"1 minuta\" \/>\n<script type=\"application\/ld+json\" class=\"yoast-schema-graph\">{\"@context\":\"https:\\\/\\\/schema.org\",\"@graph\":[{\"@type\":\"WebPage\",\"@id\":\"https:\\\/\\\/pans.krosno.pl\\\/zarzadzanie\\\/egzamin-dyplomowy\\\/\",\"url\":\"https:\\\/\\\/pans.krosno.pl\\\/zarzadzanie\\\/egzamin-dyplomowy\\\/\",\"name\":\"Egzamin dyplomowy - Zarz\u0105dzanie PANS w Kro\u015bnie\",\"isPartOf\":{\"@id\":\"https:\\\/\\\/pans.krosno.pl\\\/zarzadzanie\\\/#website\"},\"datePublished\":\"2019-11-08T10:10:38+00:00\",\"dateModified\":\"2024-10-29T13:04:13+00:00\",\"description\":\"formularz zmiany tematu pracy dyplomowej\",\"breadcrumb\":{\"@id\":\"https:\\\/\\\/pans.krosno.pl\\\/zarzadzanie\\\/egzamin-dyplomowy\\\/#breadcrumb\"},\"inLanguage\":\"pl-PL\",\"potentialAction\":[{\"@type\":\"ReadAction\",\"target\":[\"https:\\\/\\\/pans.krosno.pl\\\/zarzadzanie\\\/egzamin-dyplomowy\\\/\"]}]},{\"@type\":\"BreadcrumbList\",\"@id\":\"https:\\\/\\\/pans.krosno.pl\\\/zarzadzanie\\\/egzamin-dyplomowy\\\/#breadcrumb\",\"itemListElement\":[{\"@type\":\"ListItem\",\"position\":1,\"name\":\"Strona g\u0142\u00f3wna\",\"item\":\"https:\\\/\\\/pans.krosno.pl\\\/zarzadzanie\\\/\"},{\"@type\":\"ListItem\",\"position\":2,\"name\":\"Egzamin dyplomowy\"}]},{\"@type\":\"WebSite\",\"@id\":\"https:\\\/\\\/pans.krosno.pl\\\/zarzadzanie\\\/#website\",\"url\":\"https:\\\/\\\/pans.krosno.pl\\\/zarzadzanie\\\/\",\"name\":\"Zarz\u0105dzanie PANS w Kro\u015bnie\",\"description\":\"Zarz\u0105dzanie - Pa\u0144stwowa Akademia Nauk Stosowanych\",\"publisher\":{\"@id\":\"https:\\\/\\\/pans.krosno.pl\\\/zarzadzanie\\\/#organization\"},\"potentialAction\":[{\"@type\":\"SearchAction\",\"target\":{\"@type\":\"EntryPoint\",\"urlTemplate\":\"https:\\\/\\\/pans.krosno.pl\\\/zarzadzanie\\\/?s={search_term_string}\"},\"query-input\":{\"@type\":\"PropertyValueSpecification\",\"valueRequired\":true,\"valueName\":\"search_term_string\"}}],\"inLanguage\":\"pl-PL\"},{\"@type\":\"Organization\",\"@id\":\"https:\\\/\\\/pans.krosno.pl\\\/zarzadzanie\\\/#organization\",\"name\":\"Zarz\u0105dzanie PANS w Kro\u015bnie\",\"url\":\"https:\\\/\\\/pans.krosno.pl\\\/zarzadzanie\\\/\",\"logo\":{\"@type\":\"ImageObject\",\"inLanguage\":\"pl-PL\",\"@id\":\"https:\\\/\\\/pans.krosno.pl\\\/zarzadzanie\\\/#\\\/schema\\\/logo\\\/image\\\/\",\"url\":\"https:\\\/\\\/pans.krosno.pl\\\/zarzadzanie\\\/wp-content\\\/uploads\\\/sites\\\/31\\\/2023\\\/01\\\/Logo-PANS-2022-pelne.png\",\"contentUrl\":\"https:\\\/\\\/pans.krosno.pl\\\/zarzadzanie\\\/wp-content\\\/uploads\\\/sites\\\/31\\\/2023\\\/01\\\/Logo-PANS-2022-pelne.png\",\"width\":3096,\"height\":696,\"caption\":\"Zarz\u0105dzanie PANS w Kro\u015bnie\"},\"image\":{\"@id\":\"https:\\\/\\\/pans.krosno.pl\\\/zarzadzanie\\\/#\\\/schema\\\/logo\\\/image\\\/\"}}]}<\/script>\n<!-- \/ Yoast SEO Premium plugin. -->","yoast_head_json":{"title":"Egzamin dyplomowy - Zarz\u0105dzanie PANS w Kro\u015bnie","description":"formularz zmiany tematu pracy dyplomowej","robots":{"index":"index","follow":"follow","max-snippet":"max-snippet:-1","max-image-preview":"max-image-preview:large","max-video-preview":"max-video-preview:-1"},"canonical":"https:\/\/pans.krosno.pl\/zarzadzanie\/egzamin-dyplomowy\/","og_locale":"pl_PL","og_type":"article","og_title":"Egzamin dyplomowy","og_description":"formularz zmiany tematu pracy dyplomowej","og_url":"https:\/\/pans.krosno.pl\/zarzadzanie\/egzamin-dyplomowy\/","og_site_name":"Zarz\u0105dzanie PANS w Kro\u015bnie","article_modified_time":"2024-10-29T13:04:13+00:00","twitter_card":"summary_large_image","twitter_misc":{"Szacowany czas czytania":"1 minuta"},"schema":{"@context":"https:\/\/schema.org","@graph":[{"@type":"WebPage","@id":"https:\/\/pans.krosno.pl\/zarzadzanie\/egzamin-dyplomowy\/","url":"https:\/\/pans.krosno.pl\/zarzadzanie\/egzamin-dyplomowy\/","name":"Egzamin dyplomowy - Zarz\u0105dzanie PANS w Kro\u015bnie","isPartOf":{"@id":"https:\/\/pans.krosno.pl\/zarzadzanie\/#website"},"datePublished":"2019-11-08T10:10:38+00:00","dateModified":"2024-10-29T13:04:13+00:00","description":"formularz zmiany tematu pracy dyplomowej","breadcrumb":{"@id":"https:\/\/pans.krosno.pl\/zarzadzanie\/egzamin-dyplomowy\/#breadcrumb"},"inLanguage":"pl-PL","potentialAction":[{"@type":"ReadAction","target":["https:\/\/pans.krosno.pl\/zarzadzanie\/egzamin-dyplomowy\/"]}]},{"@type":"BreadcrumbList","@id":"https:\/\/pans.krosno.pl\/zarzadzanie\/egzamin-dyplomowy\/#breadcrumb","itemListElement":[{"@type":"ListItem","position":1,"name":"Strona g\u0142\u00f3wna","item":"https:\/\/pans.krosno.pl\/zarzadzanie\/"},{"@type":"ListItem","position":2,"name":"Egzamin dyplomowy"}]},{"@type":"WebSite","@id":"https:\/\/pans.krosno.pl\/zarzadzanie\/#website","url":"https:\/\/pans.krosno.pl\/zarzadzanie\/","name":"Zarz\u0105dzanie PANS w Kro\u015bnie","description":"Zarz\u0105dzanie - Pa\u0144stwowa Akademia Nauk Stosowanych","publisher":{"@id":"https:\/\/pans.krosno.pl\/zarzadzanie\/#organization"},"potentialAction":[{"@type":"SearchAction","target":{"@type":"EntryPoint","urlTemplate":"https:\/\/pans.krosno.pl\/zarzadzanie\/?s={search_term_string}"},"query-input":{"@type":"PropertyValueSpecification","valueRequired":true,"valueName":"search_term_string"}}],"inLanguage":"pl-PL"},{"@type":"Organization","@id":"https:\/\/pans.krosno.pl\/zarzadzanie\/#organization","name":"Zarz\u0105dzanie PANS w Kro\u015bnie","url":"https:\/\/pans.krosno.pl\/zarzadzanie\/","logo":{"@type":"ImageObject","inLanguage":"pl-PL","@id":"https:\/\/pans.krosno.pl\/zarzadzanie\/#\/schema\/logo\/image\/","url":"https:\/\/pans.krosno.pl\/zarzadzanie\/wp-content\/uploads\/sites\/31\/2023\/01\/Logo-PANS-2022-pelne.png","contentUrl":"https:\/\/pans.krosno.pl\/zarzadzanie\/wp-content\/uploads\/sites\/31\/2023\/01\/Logo-PANS-2022-pelne.png","width":3096,"height":696,"caption":"Zarz\u0105dzanie PANS w Kro\u015bnie"},"image":{"@id":"https:\/\/pans.krosno.pl\/zarzadzanie\/#\/schema\/logo\/image\/"}}]}},"_links":{"self":[{"href":"https:\/\/pans.krosno.pl\/zarzadzanie\/wp-json\/wp\/v2\/pages\/21","targetHints":{"allow":["GET"]}}],"collection":[{"href":"https:\/\/pans.krosno.pl\/zarzadzanie\/wp-json\/wp\/v2\/pages"}],"about":[{"href":"https:\/\/pans.krosno.pl\/zarzadzanie\/wp-json\/wp\/v2\/types\/page"}],"author":[{"embeddable":true,"href":"https:\/\/pans.krosno.pl\/zarzadzanie\/wp-json\/wp\/v2\/users\/27"}],"replies":[{"embeddable":true,"href":"https:\/\/pans.krosno.pl\/zarzadzanie\/wp-json\/wp\/v2\/comments?post=21"}],"version-history":[{"count":10,"href":"https:\/\/pans.krosno.pl\/zarzadzanie\/wp-json\/wp\/v2\/pages\/21\/revisions"}],"predecessor-version":[{"id":2756,"href":"https:\/\/pans.krosno.pl\/zarzadzanie\/wp-json\/wp\/v2\/pages\/21\/revisions\/2756"}],"wp:attachment":[{"href":"https:\/\/pans.krosno.pl\/zarzadzanie\/wp-json\/wp\/v2\/media?parent=21"}],"curies":[{"name":"wp","href":"https:\/\/api.w.org\/{rel}","templated":true}]}}