{"id":20,"date":"2019-11-08T11:10:38","date_gmt":"2019-11-08T10:10:38","guid":{"rendered":"https:\/\/pans.krosno.pl\/zarzadzanie\/?page_id=20"},"modified":"2025-03-13T08:26:44","modified_gmt":"2025-03-13T07:26:44","slug":"praktyki-zawodowe","status":"publish","type":"page","link":"https:\/\/pans.krosno.pl\/zarzadzanie\/praktyki-zawodowe\/","title":{"rendered":"Praktyki zawodowe"},"content":{"rendered":"\n<h4 class=\"wp-block-heading\" id=\"h-regulamin-praktyk\">Regulamin praktyk<\/h4>\n\n\n\n<div class=\"wp-block-file\"><a id=\"wp-block-file--media-b77c96f7-60de-41f1-a241-52c3ab2ce4af\" href=\"https:\/\/pans.krosno.pl\/zarzadzanie\/wp-content\/uploads\/sites\/31\/2023\/05\/Zalacznik-zarzadzenie-19_23.pdf\">Uczelniany Regulamin Praktyk<\/a><a href=\"https:\/\/pans.krosno.pl\/zarzadzanie\/wp-content\/uploads\/sites\/31\/2023\/05\/Zalacznik-zarzadzenie-19_23.pdf\" class=\"wp-block-file__button wp-element-button\" download aria-describedby=\"wp-block-file--media-b77c96f7-60de-41f1-a241-52c3ab2ce4af\">Pobierz<\/a><\/div>\n\n\n\n<div class=\"wp-block-file\"><a id=\"wp-block-file--media-c3a27d40-d4f3-4194-b007-9483c5311aa0\" href=\"https:\/\/pans.krosno.pl\/zarzadzanie\/wp-content\/uploads\/sites\/31\/2021\/04\/3-procedura-uchwala-nr-33-19-potwierdzanie-efektow.pdf\">Procedura potwierdzania efekt\u00f3w<\/a><a href=\"https:\/\/pans.krosno.pl\/zarzadzanie\/wp-content\/uploads\/sites\/31\/2021\/04\/3-procedura-uchwala-nr-33-19-potwierdzanie-efektow.pdf\" class=\"wp-block-file__button wp-element-button\" download aria-describedby=\"wp-block-file--media-c3a27d40-d4f3-4194-b007-9483c5311aa0\">Pobierz<\/a><\/div>\n\n\n\n<div class=\"wp-block-file\"><a id=\"wp-block-file--media-e81c2fa7-0f31-4cea-ba50-9248d7f99038\" href=\"https:\/\/pans.krosno.pl\/zarzadzanie\/wp-content\/uploads\/sites\/31\/2024\/10\/Kierunkowy-program-praktyk-licencjat-Zarzadzanie.doc\">Kierunkowy-program-praktyk-licencjat-Zarzadzanie<\/a><a href=\"https:\/\/pans.krosno.pl\/zarzadzanie\/wp-content\/uploads\/sites\/31\/2024\/10\/Kierunkowy-program-praktyk-licencjat-Zarzadzanie.doc\" class=\"wp-block-file__button wp-element-button\" download aria-describedby=\"wp-block-file--media-e81c2fa7-0f31-4cea-ba50-9248d7f99038\">Pobierz<\/a><\/div>\n\n\n\n<h4 class=\"wp-block-heading\" id=\"h-praktyka-zawodowa-i-rok\"><strong>Praktyka zawodowa &#8211; I rok<\/strong> <\/h4>\n\n\n\n<div class=\"wp-block-file\"><a id=\"wp-block-file--media-2fd4138b-beab-420c-823c-f3838f84d555\" href=\"https:\/\/pans.krosno.pl\/zarzadzanie\/wp-content\/uploads\/sites\/31\/2024\/11\/karta-efektow-I-rok.doc\">karta-efektow-I-rok<\/a><a href=\"https:\/\/pans.krosno.pl\/zarzadzanie\/wp-content\/uploads\/sites\/31\/2024\/11\/karta-efektow-I-rok.doc\" class=\"wp-block-file__button wp-element-button\" download aria-describedby=\"wp-block-file--media-2fd4138b-beab-420c-823c-f3838f84d555\">Pobierz<\/a><\/div>\n\n\n\n<h4 class=\"wp-block-heading\" id=\"h-praktyka-zawodowa-ii-ii-rok\">Praktyka zawodowa II &#8211; II rok <\/h4>\n\n\n\n<div class=\"wp-block-file\"><a id=\"wp-block-file--media-0c4dadc0-8abb-4bf3-b672-0809565e797d\" href=\"https:\/\/pans.krosno.pl\/zarzadzanie\/wp-content\/uploads\/sites\/31\/2024\/11\/karta-efektow-II-rok-3-semestr.doc\">karta-efektow-II-rok-3-semestr<\/a><a href=\"https:\/\/pans.krosno.pl\/zarzadzanie\/wp-content\/uploads\/sites\/31\/2024\/11\/karta-efektow-II-rok-3-semestr.doc\" class=\"wp-block-file__button wp-element-button\" download aria-describedby=\"wp-block-file--media-0c4dadc0-8abb-4bf3-b672-0809565e797d\">Pobierz<\/a><\/div>\n\n\n\n<div class=\"wp-block-file\"><a id=\"wp-block-file--media-93779cb0-a8df-40ac-8907-855fcb7b7390\" href=\"https:\/\/pans.krosno.pl\/zarzadzanie\/wp-content\/uploads\/sites\/31\/2024\/11\/karta-efektow-II-rok-4-semestr.doc\">karta-efektow-II-rok-4-semestr<\/a><a href=\"https:\/\/pans.krosno.pl\/zarzadzanie\/wp-content\/uploads\/sites\/31\/2024\/11\/karta-efektow-II-rok-4-semestr.doc\" class=\"wp-block-file__button wp-element-button\" download aria-describedby=\"wp-block-file--media-93779cb0-a8df-40ac-8907-855fcb7b7390\">Pobierz<\/a><\/div>\n\n\n\n<h4 class=\"wp-block-heading\" id=\"h-praktyka-dyplomowa-iii-rok\">Praktyka dyplomowa &#8211; III rok <\/h4>\n\n\n\n<div class=\"wp-block-file\"><a id=\"wp-block-file--media-1d9d70ed-5cd4-4de3-9e31-f929cc2b1f1f\" href=\"https:\/\/pans.krosno.pl\/zarzadzanie\/wp-content\/uploads\/sites\/31\/2024\/11\/karta-efektow-III-rok-5-semestr.doc\">karta-efektow-III-rok-5-semestr<\/a><a href=\"https:\/\/pans.krosno.pl\/zarzadzanie\/wp-content\/uploads\/sites\/31\/2024\/11\/karta-efektow-III-rok-5-semestr.doc\" class=\"wp-block-file__button wp-element-button\" download aria-describedby=\"wp-block-file--media-1d9d70ed-5cd4-4de3-9e31-f929cc2b1f1f\">Pobierz<\/a><\/div>\n\n\n\n<div class=\"wp-block-file\"><a id=\"wp-block-file--media-2069990c-6873-4896-ab06-e5450353b161\" href=\"https:\/\/pans.krosno.pl\/zarzadzanie\/wp-content\/uploads\/sites\/31\/2024\/11\/karta-efektow-III-rok-6-semest.doc\">karta-efektow-III-rok-6-semest<\/a><a href=\"https:\/\/pans.krosno.pl\/zarzadzanie\/wp-content\/uploads\/sites\/31\/2024\/11\/karta-efektow-III-rok-6-semest.doc\" class=\"wp-block-file__button wp-element-button\" download aria-describedby=\"wp-block-file--media-2069990c-6873-4896-ab06-e5450353b161\">Pobierz<\/a><\/div>\n\n\n\n<h4 class=\"wp-block-heading\" id=\"h-dokumenty-organizacja-praktyk\">Dokumenty organizacja praktyk<\/h4>\n\n\n\n<div class=\"wp-block-file\"><a id=\"wp-block-file--media-f67587fa-864e-464e-bec5-eeeca51a5767\" href=\"https:\/\/pans.krosno.pl\/zarzadzanie\/wp-content\/uploads\/sites\/31\/2023\/05\/Skierowanie-na-praktyke-i-oswiadczenie-o-przyjeciu-na-praktyke.doc\">Skierowanie-na-praktyke-i-oswiadczenie-o-przyjeciu-na-praktyke<\/a><a href=\"https:\/\/pans.krosno.pl\/zarzadzanie\/wp-content\/uploads\/sites\/31\/2023\/05\/Skierowanie-na-praktyke-i-oswiadczenie-o-przyjeciu-na-praktyke.doc\" class=\"wp-block-file__button wp-element-button\" download aria-describedby=\"wp-block-file--media-f67587fa-864e-464e-bec5-eeeca51a5767\">Pobierz<\/a><\/div>\n\n\n\n<div class=\"wp-block-file\"><a id=\"wp-block-file--media-1e285c25-d318-4bc7-b31d-a8355f31eba8\" href=\"https:\/\/pans.krosno.pl\/zarzadzanie\/wp-content\/uploads\/sites\/31\/2023\/01\/wymiar-godzin-praktyk-1.xlsx\">wymiar-godzin-praktyk<\/a><a href=\"https:\/\/pans.krosno.pl\/zarzadzanie\/wp-content\/uploads\/sites\/31\/2023\/01\/wymiar-godzin-praktyk-1.xlsx\" class=\"wp-block-file__button wp-element-button\" download aria-describedby=\"wp-block-file--media-1e285c25-d318-4bc7-b31d-a8355f31eba8\">Pobierz<\/a><\/div>\n\n\n\n<div class=\"wp-block-file\"><a id=\"wp-block-file--media-df115531-08c2-4538-9b8a-5fea02fd4afd\" href=\"https:\/\/pans.krosno.pl\/zarzadzanie\/wp-content\/uploads\/sites\/31\/2024\/11\/Zarz-porozumienie-jeden-student.doc\">Zarz-porozumienie-jeden-student<\/a><a href=\"https:\/\/pans.krosno.pl\/zarzadzanie\/wp-content\/uploads\/sites\/31\/2024\/11\/Zarz-porozumienie-jeden-student.doc\" class=\"wp-block-file__button wp-element-button\" download aria-describedby=\"wp-block-file--media-df115531-08c2-4538-9b8a-5fea02fd4afd\">Pobierz<\/a><\/div>\n\n\n\n<div class=\"wp-block-file\"><a id=\"wp-block-file--media-2d3175fc-d472-434f-8503-128e8fb29722\" href=\"https:\/\/pans.krosno.pl\/zarzadzanie\/wp-content\/uploads\/sites\/31\/2024\/11\/Zarz-porozumienie-kilku-studentow.doc\">Zarz-porozumienie-kilku-studentow<\/a><a href=\"https:\/\/pans.krosno.pl\/zarzadzanie\/wp-content\/uploads\/sites\/31\/2024\/11\/Zarz-porozumienie-kilku-studentow.doc\" class=\"wp-block-file__button wp-element-button\" download aria-describedby=\"wp-block-file--media-2d3175fc-d472-434f-8503-128e8fb29722\">Pobierz<\/a><\/div>\n\n\n\n<div class=\"wp-block-file\"><a id=\"wp-block-file--media-5976a272-00f9-4381-aee8-4d8259fded05\" href=\"https:\/\/pans.krosno.pl\/zarzadzanie\/wp-content\/uploads\/sites\/31\/2023\/05\/Oswiadczenie-o-posiadaniu-ubezpieczenia-NNW.doc\">Oswiadczenie-o-posiadaniu-ubezpieczenia-NNW<\/a><a href=\"https:\/\/pans.krosno.pl\/zarzadzanie\/wp-content\/uploads\/sites\/31\/2023\/05\/Oswiadczenie-o-posiadaniu-ubezpieczenia-NNW.doc\" class=\"wp-block-file__button wp-element-button\" download aria-describedby=\"wp-block-file--media-5976a272-00f9-4381-aee8-4d8259fded05\">Pobierz<\/a><\/div>\n\n\n\n<div class=\"wp-block-file\"><a id=\"wp-block-file--media-870df1f8-1d40-4d10-80d1-70888bee127c\" href=\"https:\/\/pans.krosno.pl\/zarzadzanie\/wp-content\/uploads\/sites\/31\/2024\/07\/Dziennik-praktyk-studenckich_PANS-Krosno.pdf\">Dziennik-praktyk-studenckich_PANS-Krosno<\/a><a href=\"https:\/\/pans.krosno.pl\/zarzadzanie\/wp-content\/uploads\/sites\/31\/2024\/07\/Dziennik-praktyk-studenckich_PANS-Krosno.pdf\" class=\"wp-block-file__button wp-element-button\" download aria-describedby=\"wp-block-file--media-870df1f8-1d40-4d10-80d1-70888bee127c\">Pobierz<\/a><\/div>\n\n\n\n<h4 class=\"wp-block-heading\" id=\"h-dokumenty-zwolnienie-z-odbywania-praktyk\">Dokumenty zwolnienie z odbywania praktyk<\/h4>\n\n\n\n<div class=\"wp-block-file\"><a id=\"wp-block-file--media-24ea633a-6df8-45ce-8536-ea435b1e7f32\" href=\"https:\/\/pans.krosno.pl\/zarzadzanie\/wp-content\/uploads\/sites\/31\/2025\/03\/podanie-studenta-o-zaliczenie-praktyk-2025.doc\">podanie-studenta-o-zaliczenie-praktyk<\/a><a href=\"https:\/\/pans.krosno.pl\/zarzadzanie\/wp-content\/uploads\/sites\/31\/2025\/03\/podanie-studenta-o-zaliczenie-praktyk-2025.doc\" class=\"wp-block-file__button wp-element-button\" download aria-describedby=\"wp-block-file--media-24ea633a-6df8-45ce-8536-ea435b1e7f32\">Pobierz<\/a><\/div>\n\n\n\n<div class=\"wp-block-file\"><a id=\"wp-block-file--media-9523cc07-9de1-47e1-804f-9b969c9ac4ee\" href=\"https:\/\/pans.krosno.pl\/zarzadzanie\/wp-content\/uploads\/sites\/31\/2023\/05\/zaswiadczenie-pracodawca.doc\">zaswiadczenie-pracodawca<\/a><a href=\"https:\/\/pans.krosno.pl\/zarzadzanie\/wp-content\/uploads\/sites\/31\/2023\/05\/zaswiadczenie-pracodawca.doc\" class=\"wp-block-file__button wp-element-button\" download aria-describedby=\"wp-block-file--media-9523cc07-9de1-47e1-804f-9b969c9ac4ee\">Pobierz<\/a><\/div>\n\n\n\n<div class=\"wp-block-file\"><a id=\"wp-block-file--media-74caf833-ffee-44e2-94e4-b18783cb7805\" href=\"https:\/\/pans.krosno.pl\/zarzadzanie\/wp-content\/uploads\/sites\/31\/2023\/05\/oswiadczenie-o-wykonywanych-czynnosciach.doc\">oswiadczenie-o-wykonywanych-czynnosciach<\/a><a href=\"https:\/\/pans.krosno.pl\/zarzadzanie\/wp-content\/uploads\/sites\/31\/2023\/05\/oswiadczenie-o-wykonywanych-czynnosciach.doc\" class=\"wp-block-file__button wp-element-button\" download aria-describedby=\"wp-block-file--media-74caf833-ffee-44e2-94e4-b18783cb7805\">Pobierz<\/a><\/div>\n\n\n\n<p><\/p>\n","protected":false},"excerpt":{"rendered":"<p>Regulamin praktyk Praktyka zawodowa &#8211; I rok Praktyka zawodowa II &#8211; II rok Praktyka dyplomowa &#8211; III rok Dokumenty organizacja praktyk Dokumenty zwolnienie z odbywania praktyk<\/p>\n","protected":false},"author":27,"featured_media":0,"parent":0,"menu_order":0,"comment_status":"closed","ping_status":"closed","template":"page-templates\/template-full-width.php","meta":{"ngg_post_thumbnail":0,"footnotes":""},"class_list":["post-20","page","type-page","status-publish","hentry"],"yoast_head":"<!-- This site is optimized with the Yoast SEO Premium plugin v27.4 (Yoast SEO v27.4) - https:\/\/yoast.com\/product\/yoast-seo-premium-wordpress\/ -->\n<title>Praktyki zawodowe - Zarz\u0105dzanie PANS w Kro\u015bnie<\/title>\n<meta name=\"description\" content=\"KPU w Kro\u015bnie\" \/>\n<meta name=\"robots\" content=\"index, follow, max-snippet:-1, max-image-preview:large, max-video-preview:-1\" \/>\n<link rel=\"canonical\" href=\"https:\/\/pans.krosno.pl\/zarzadzanie\/praktyki-zawodowe\/\" \/>\n<meta property=\"og:locale\" content=\"pl_PL\" \/>\n<meta property=\"og:type\" content=\"article\" \/>\n<meta property=\"og:title\" content=\"Praktyki zawodowe\" \/>\n<meta property=\"og:description\" content=\"KPU w Kro\u015bnie\" \/>\n<meta property=\"og:url\" content=\"https:\/\/pans.krosno.pl\/zarzadzanie\/praktyki-zawodowe\/\" \/>\n<meta property=\"og:site_name\" content=\"Zarz\u0105dzanie PANS w Kro\u015bnie\" \/>\n<meta property=\"article:modified_time\" content=\"2025-03-13T07:26:44+00:00\" \/>\n<meta name=\"twitter:card\" content=\"summary_large_image\" \/>\n<meta name=\"twitter:label1\" content=\"Szacowany czas czytania\" \/>\n\t<meta name=\"twitter:data1\" content=\"1 minuta\" \/>\n<script type=\"application\/ld+json\" class=\"yoast-schema-graph\">{\"@context\":\"https:\\\/\\\/schema.org\",\"@graph\":[{\"@type\":\"WebPage\",\"@id\":\"https:\\\/\\\/pans.krosno.pl\\\/zarzadzanie\\\/praktyki-zawodowe\\\/\",\"url\":\"https:\\\/\\\/pans.krosno.pl\\\/zarzadzanie\\\/praktyki-zawodowe\\\/\",\"name\":\"Praktyki zawodowe - Zarz\u0105dzanie PANS w Kro\u015bnie\",\"isPartOf\":{\"@id\":\"https:\\\/\\\/pans.krosno.pl\\\/zarzadzanie\\\/#website\"},\"datePublished\":\"2019-11-08T10:10:38+00:00\",\"dateModified\":\"2025-03-13T07:26:44+00:00\",\"description\":\"KPU w Kro\u015bnie\",\"breadcrumb\":{\"@id\":\"https:\\\/\\\/pans.krosno.pl\\\/zarzadzanie\\\/praktyki-zawodowe\\\/#breadcrumb\"},\"inLanguage\":\"pl-PL\",\"potentialAction\":[{\"@type\":\"ReadAction\",\"target\":[\"https:\\\/\\\/pans.krosno.pl\\\/zarzadzanie\\\/praktyki-zawodowe\\\/\"]}]},{\"@type\":\"BreadcrumbList\",\"@id\":\"https:\\\/\\\/pans.krosno.pl\\\/zarzadzanie\\\/praktyki-zawodowe\\\/#breadcrumb\",\"itemListElement\":[{\"@type\":\"ListItem\",\"position\":1,\"name\":\"Strona g\u0142\u00f3wna\",\"item\":\"https:\\\/\\\/pans.krosno.pl\\\/zarzadzanie\\\/\"},{\"@type\":\"ListItem\",\"position\":2,\"name\":\"Praktyki zawodowe\"}]},{\"@type\":\"WebSite\",\"@id\":\"https:\\\/\\\/pans.krosno.pl\\\/zarzadzanie\\\/#website\",\"url\":\"https:\\\/\\\/pans.krosno.pl\\\/zarzadzanie\\\/\",\"name\":\"Zarz\u0105dzanie PANS w Kro\u015bnie\",\"description\":\"Zarz\u0105dzanie - Pa\u0144stwowa Akademia Nauk Stosowanych\",\"publisher\":{\"@id\":\"https:\\\/\\\/pans.krosno.pl\\\/zarzadzanie\\\/#organization\"},\"potentialAction\":[{\"@type\":\"SearchAction\",\"target\":{\"@type\":\"EntryPoint\",\"urlTemplate\":\"https:\\\/\\\/pans.krosno.pl\\\/zarzadzanie\\\/?s={search_term_string}\"},\"query-input\":{\"@type\":\"PropertyValueSpecification\",\"valueRequired\":true,\"valueName\":\"search_term_string\"}}],\"inLanguage\":\"pl-PL\"},{\"@type\":\"Organization\",\"@id\":\"https:\\\/\\\/pans.krosno.pl\\\/zarzadzanie\\\/#organization\",\"name\":\"Zarz\u0105dzanie PANS w Kro\u015bnie\",\"url\":\"https:\\\/\\\/pans.krosno.pl\\\/zarzadzanie\\\/\",\"logo\":{\"@type\":\"ImageObject\",\"inLanguage\":\"pl-PL\",\"@id\":\"https:\\\/\\\/pans.krosno.pl\\\/zarzadzanie\\\/#\\\/schema\\\/logo\\\/image\\\/\",\"url\":\"https:\\\/\\\/pans.krosno.pl\\\/zarzadzanie\\\/wp-content\\\/uploads\\\/sites\\\/31\\\/2023\\\/01\\\/Logo-PANS-2022-pelne.png\",\"contentUrl\":\"https:\\\/\\\/pans.krosno.pl\\\/zarzadzanie\\\/wp-content\\\/uploads\\\/sites\\\/31\\\/2023\\\/01\\\/Logo-PANS-2022-pelne.png\",\"width\":3096,\"height\":696,\"caption\":\"Zarz\u0105dzanie PANS w Kro\u015bnie\"},\"image\":{\"@id\":\"https:\\\/\\\/pans.krosno.pl\\\/zarzadzanie\\\/#\\\/schema\\\/logo\\\/image\\\/\"}}]}<\/script>\n<!-- \/ Yoast SEO Premium plugin. -->","yoast_head_json":{"title":"Praktyki zawodowe - Zarz\u0105dzanie PANS w Kro\u015bnie","description":"KPU w Kro\u015bnie","robots":{"index":"index","follow":"follow","max-snippet":"max-snippet:-1","max-image-preview":"max-image-preview:large","max-video-preview":"max-video-preview:-1"},"canonical":"https:\/\/pans.krosno.pl\/zarzadzanie\/praktyki-zawodowe\/","og_locale":"pl_PL","og_type":"article","og_title":"Praktyki zawodowe","og_description":"KPU w Kro\u015bnie","og_url":"https:\/\/pans.krosno.pl\/zarzadzanie\/praktyki-zawodowe\/","og_site_name":"Zarz\u0105dzanie PANS w Kro\u015bnie","article_modified_time":"2025-03-13T07:26:44+00:00","twitter_card":"summary_large_image","twitter_misc":{"Szacowany czas czytania":"1 minuta"},"schema":{"@context":"https:\/\/schema.org","@graph":[{"@type":"WebPage","@id":"https:\/\/pans.krosno.pl\/zarzadzanie\/praktyki-zawodowe\/","url":"https:\/\/pans.krosno.pl\/zarzadzanie\/praktyki-zawodowe\/","name":"Praktyki zawodowe - Zarz\u0105dzanie PANS w Kro\u015bnie","isPartOf":{"@id":"https:\/\/pans.krosno.pl\/zarzadzanie\/#website"},"datePublished":"2019-11-08T10:10:38+00:00","dateModified":"2025-03-13T07:26:44+00:00","description":"KPU w Kro\u015bnie","breadcrumb":{"@id":"https:\/\/pans.krosno.pl\/zarzadzanie\/praktyki-zawodowe\/#breadcrumb"},"inLanguage":"pl-PL","potentialAction":[{"@type":"ReadAction","target":["https:\/\/pans.krosno.pl\/zarzadzanie\/praktyki-zawodowe\/"]}]},{"@type":"BreadcrumbList","@id":"https:\/\/pans.krosno.pl\/zarzadzanie\/praktyki-zawodowe\/#breadcrumb","itemListElement":[{"@type":"ListItem","position":1,"name":"Strona g\u0142\u00f3wna","item":"https:\/\/pans.krosno.pl\/zarzadzanie\/"},{"@type":"ListItem","position":2,"name":"Praktyki zawodowe"}]},{"@type":"WebSite","@id":"https:\/\/pans.krosno.pl\/zarzadzanie\/#website","url":"https:\/\/pans.krosno.pl\/zarzadzanie\/","name":"Zarz\u0105dzanie PANS w Kro\u015bnie","description":"Zarz\u0105dzanie - Pa\u0144stwowa Akademia Nauk Stosowanych","publisher":{"@id":"https:\/\/pans.krosno.pl\/zarzadzanie\/#organization"},"potentialAction":[{"@type":"SearchAction","target":{"@type":"EntryPoint","urlTemplate":"https:\/\/pans.krosno.pl\/zarzadzanie\/?s={search_term_string}"},"query-input":{"@type":"PropertyValueSpecification","valueRequired":true,"valueName":"search_term_string"}}],"inLanguage":"pl-PL"},{"@type":"Organization","@id":"https:\/\/pans.krosno.pl\/zarzadzanie\/#organization","name":"Zarz\u0105dzanie PANS w Kro\u015bnie","url":"https:\/\/pans.krosno.pl\/zarzadzanie\/","logo":{"@type":"ImageObject","inLanguage":"pl-PL","@id":"https:\/\/pans.krosno.pl\/zarzadzanie\/#\/schema\/logo\/image\/","url":"https:\/\/pans.krosno.pl\/zarzadzanie\/wp-content\/uploads\/sites\/31\/2023\/01\/Logo-PANS-2022-pelne.png","contentUrl":"https:\/\/pans.krosno.pl\/zarzadzanie\/wp-content\/uploads\/sites\/31\/2023\/01\/Logo-PANS-2022-pelne.png","width":3096,"height":696,"caption":"Zarz\u0105dzanie PANS w Kro\u015bnie"},"image":{"@id":"https:\/\/pans.krosno.pl\/zarzadzanie\/#\/schema\/logo\/image\/"}}]}},"_links":{"self":[{"href":"https:\/\/pans.krosno.pl\/zarzadzanie\/wp-json\/wp\/v2\/pages\/20","targetHints":{"allow":["GET"]}}],"collection":[{"href":"https:\/\/pans.krosno.pl\/zarzadzanie\/wp-json\/wp\/v2\/pages"}],"about":[{"href":"https:\/\/pans.krosno.pl\/zarzadzanie\/wp-json\/wp\/v2\/types\/page"}],"author":[{"embeddable":true,"href":"https:\/\/pans.krosno.pl\/zarzadzanie\/wp-json\/wp\/v2\/users\/27"}],"replies":[{"embeddable":true,"href":"https:\/\/pans.krosno.pl\/zarzadzanie\/wp-json\/wp\/v2\/comments?post=20"}],"version-history":[{"count":77,"href":"https:\/\/pans.krosno.pl\/zarzadzanie\/wp-json\/wp\/v2\/pages\/20\/revisions"}],"predecessor-version":[{"id":2881,"href":"https:\/\/pans.krosno.pl\/zarzadzanie\/wp-json\/wp\/v2\/pages\/20\/revisions\/2881"}],"wp:attachment":[{"href":"https:\/\/pans.krosno.pl\/zarzadzanie\/wp-json\/wp\/v2\/media?parent=20"}],"curies":[{"name":"wp","href":"https:\/\/api.w.org\/{rel}","templated":true}]}}