{"id":19,"date":"2019-11-08T11:10:38","date_gmt":"2019-11-08T10:10:38","guid":{"rendered":"https:\/\/pans.krosno.pl\/zarzadzanie\/?page_id=19"},"modified":"2026-03-23T18:44:04","modified_gmt":"2026-03-23T17:44:04","slug":"dyzury-pracownikow","status":"publish","type":"page","link":"https:\/\/pans.krosno.pl\/zarzadzanie\/dyzury-pracownikow\/","title":{"rendered":"Dy\u017cury pracownik\u00f3w"},"content":{"rendered":"\n<p><strong>Konsultacje <\/strong>&#8211; <strong>semestr letni 2025\/2026<\/strong><\/p>\n\n\n\n<p>Uwaga: oznaczenia A &#8211; tydzie\u0144 nieparzysty; B &#8211; tydzie\u0144 parzysty<\/p>\n\n\n\n<figure class=\"wp-block-table is-style-stripes\"><table><thead><tr><th>Imi\u0119 i nazwisko<\/th><th>Dzie\u0144<\/th><th>Godzina<\/th><th>Miejsce<\/th><\/tr><\/thead><tbody><tr><td><a href=\"https:\/\/pans.krosno.pl\/pracownicy\/lukasz-furman\/\">dr&nbsp;hab.&nbsp;\u0141ukasz&nbsp;Furman,&nbsp;prof.&nbsp;PANS<\/a><\/td><td>pi\u0105tek<\/td><td>13:00-15:00<\/td><td>Wyspia\u0144skiego p. 2A<\/td><\/tr><tr><td><a href=\"https:\/\/pans.krosno.pl\/pracownicy\/malgorzata-szeliga\/\">dr&nbsp;in\u017c.&nbsp;Ma\u0142gorzata&nbsp;Szeliga&nbsp;\u2013&nbsp;p.o.&nbsp;Kierownik&nbsp;Zak\u0142adu<\/a><\/td><td>czwartek A<br><br>sobota B<\/td><td>14:30-16:30<br><br>11:30-13:30<\/td><td>Wyspia\u0144skiego p. 4B<\/td><\/tr><tr><td><a href=\"https:\/\/pans.krosno.pl\/pracownicy\/katarzyna-czupinska\/\">dr&nbsp;Katarzyna&nbsp;Czupi\u0144ska<\/a><\/td><td>poniedzia\u0142ek<br><br>\u015broda<\/td><td>11:30-12:30<br>15:30-16:30<\/td><td>\u017bwirki&nbsp;i&nbsp;Wigury&nbsp;9A,&nbsp;sala&nbsp;1<br><br>Dmochowskiego&nbsp;12<\/td><\/tr><tr><td><a href=\"https:\/\/pans.krosno.pl\/pracownicy\/liliana-mierzwinska\/\">dr Liliana Mierzwi\u0144ska<\/a><\/td><td>pi\u0105tek A<br><br>pi\u0105tek B<\/td><td>9:00-11:00<br><br>13:00-13:30<br>16:45-18:15<\/td><td>Wyspia\u0144skiego p. 1A <\/td><\/tr><tr><td><a href=\"https:\/\/pans.krosno.pl\/pracownicy\/wieslaw-niedoba\/\">&nbsp;dr&nbsp;Wies\u0142aw&nbsp;Niedoba<\/a><\/td><td>czwartek<\/td><td>15:00-16:30<\/td><td>Wyspia\u0144skiego&nbsp;p. 10<\/td><\/tr><tr><td><a href=\"https:\/\/pans.krosno.pl\/pracownicy\/rafal-polak\/\">dr&nbsp;Rafa\u0142&nbsp;Polak<\/a><\/td><td><\/td><td><\/td><td><\/td><\/tr><tr><td><a href=\"https:\/\/pans.krosno.pl\/pracownicy\/anna-slowik\/\">dr&nbsp;Anna&nbsp;S\u0142owik-Ciekli\u0144ska<\/a><\/td><td>wtorek A<\/td><td>13:45-16:45<\/td><td>Wyspia\u0144skiego p. 110B <\/td><\/tr><tr><td><a href=\"https:\/\/pans.krosno.pl\/pracownicy\/beata-ujda-dynka\/\" target=\"_blank\" rel=\"noreferrer noopener\">dr Beata Ujda-Dy\u0144ka<\/a><\/td><td>czwartek B<br><br>pi\u0105tek A<\/td><td>10:00-11:15<br>20:00-20:45<br><br>13:45-15:10<br>20.00-20.35<\/td><td>  Wyspia\u0144skiego p. 1A   <\/td><\/tr><tr><td><a href=\"https:\/\/pans.krosno.pl\/pracownicy\/marek-krzywonos\/\" target=\"_blank\" rel=\"noreferrer noopener\">mgr Marek Krzywonos<\/a><\/td><td>wtorek B<br><br>sobota A<\/td><td>18:30-19:30<br><br>14:45-15:45<\/td><td>Wyspia\u0144skiego p. 1A<\/td><\/tr><tr><td><a href=\"https:\/\/pans.krosno.pl\/pracownicy\/lukasz-szerlag\/\">mgr \u0141ukasz Szerl\u0105g<\/a><\/td><td>wtorek A<br><br>czwartek B<br><br>sobota A<\/td><td>11:15-11:45<br><br>15:45-16:45<br><br>11:15-11:45<\/td><td>Wyspia\u0144skiego p. 1A<\/td><\/tr><tr><td><a href=\"https:\/\/pans.krosno.pl\/pracownicy\/justyna-zych\/\">mgr Justyna Zych<\/a><\/td><td>poniedzia\u0142ek<\/td><td>16:30-18:30<\/td><td>Wyspia\u0144skiego&nbsp;p.&nbsp;1A<\/td><\/tr><tr><td><a href=\"https:\/\/pans.krosno.pl\/pracownicy\/elzbieta-pawlik\/\">mgr El\u017cbieta Pawlik <\/a><\/td><td>wtorek<br><br>\u015broda<\/td><td>10:30-11:30<br>12:15-13:15<\/td><td>Wyspia\u0144skiego p. 1A<\/td><\/tr><tr><td>mgr&nbsp;Natalia&nbsp;Staro\u0144<\/td><td>poniedzia\u0142ek<br><br>\u015broda<\/td><td>12.50-13.50<br>12:45-13:35<\/td><td>Kazimierza Wielkiego 6, s. 10<br><br>Wyspia\u0144skiego p. 6C<\/td><\/tr><\/tbody><\/table><figcaption class=\"wp-element-caption\"><a href=\"https:\/\/pans.krosno.pl\/pracownicy\/elzbieta-pawlik\/\"><br><\/a><\/figcaption><\/figure>\n\n\n\n<p><\/p>\n\n\n\n<p><\/p>\n\n\n\n<p><\/p>\n\n\n\n<p><\/p>\n\n\n\n<p><\/p>\n","protected":false},"excerpt":{"rendered":"<p>Konsultacje &#8211; semestr letni 2025\/2026 Uwaga: oznaczenia A &#8211; tydzie\u0144 nieparzysty; B &#8211; tydzie\u0144 parzysty Imi\u0119 i nazwisko Dzie\u0144 Godzina Miejsce dr&nbsp;hab.&nbsp;\u0141ukasz&nbsp;Furman,&nbsp;prof.&nbsp;PANS pi\u0105tek 13:00-15:00 Wyspia\u0144skiego p. 2A dr&nbsp;in\u017c.&nbsp;Ma\u0142gorzata&nbsp;Szeliga&nbsp;\u2013&nbsp;p.o.&nbsp;Kierownik&nbsp;Zak\u0142adu czwartek A sobota B 14:30-16:30 11:30-13:30 Wyspia\u0144skiego p. 4B dr&nbsp;Katarzyna&nbsp;Czupi\u0144ska poniedzia\u0142ek \u015broda 11:30-12:3015:30-16:30 \u017bwirki&nbsp;i&nbsp;Wigury&nbsp;9A,&nbsp;sala&nbsp;1 Dmochowskiego&nbsp;12 dr Liliana Mierzwi\u0144ska pi\u0105tek A pi\u0105tek B [\u2026] <\/p>\n<div class=\"clear\"><\/div>\n<p><a class=\"more_link clearfix\" href=\"https:\/\/pans.krosno.pl\/zarzadzanie\/dyzury-pracownikow\/\" rel=\"nofollow\">Read More<\/a><\/p>\n","protected":false},"author":27,"featured_media":0,"parent":0,"menu_order":0,"comment_status":"closed","ping_status":"closed","template":"page-templates\/template-full-width.php","meta":{"ngg_post_thumbnail":0,"footnotes":""},"class_list":["post-19","page","type-page","status-publish","hentry"],"yoast_head":"<!-- This site is optimized with the Yoast SEO Premium plugin v27.3 (Yoast SEO v27.3) - https:\/\/yoast.com\/product\/yoast-seo-premium-wordpress\/ -->\n<title>Dy\u017cury pracownik\u00f3w - Zarz\u0105dzanie PANS w Kro\u015bnie<\/title>\n<meta name=\"description\" content=\"KPU w Kro\u015bnie\" \/>\n<meta name=\"robots\" content=\"index, follow, max-snippet:-1, max-image-preview:large, max-video-preview:-1\" \/>\n<link rel=\"canonical\" href=\"https:\/\/pans.krosno.pl\/zarzadzanie\/dyzury-pracownikow\/\" \/>\n<meta property=\"og:locale\" content=\"pl_PL\" \/>\n<meta property=\"og:type\" content=\"article\" \/>\n<meta property=\"og:title\" content=\"Dy\u017cury pracownik\u00f3w\" \/>\n<meta property=\"og:description\" content=\"KPU w Kro\u015bnie\" \/>\n<meta property=\"og:url\" content=\"https:\/\/pans.krosno.pl\/zarzadzanie\/dyzury-pracownikow\/\" \/>\n<meta property=\"og:site_name\" content=\"Zarz\u0105dzanie PANS w Kro\u015bnie\" \/>\n<meta property=\"article:modified_time\" content=\"2026-03-23T17:44:04+00:00\" \/>\n<meta name=\"twitter:card\" content=\"summary_large_image\" \/>\n<meta name=\"twitter:label1\" content=\"Szacowany czas czytania\" \/>\n\t<meta name=\"twitter:data1\" content=\"2 minuty\" \/>\n<script type=\"application\/ld+json\" class=\"yoast-schema-graph\">{\"@context\":\"https:\\\/\\\/schema.org\",\"@graph\":[{\"@type\":\"WebPage\",\"@id\":\"https:\\\/\\\/pans.krosno.pl\\\/zarzadzanie\\\/dyzury-pracownikow\\\/\",\"url\":\"https:\\\/\\\/pans.krosno.pl\\\/zarzadzanie\\\/dyzury-pracownikow\\\/\",\"name\":\"Dy\u017cury pracownik\u00f3w - Zarz\u0105dzanie PANS w Kro\u015bnie\",\"isPartOf\":{\"@id\":\"https:\\\/\\\/pans.krosno.pl\\\/zarzadzanie\\\/#website\"},\"datePublished\":\"2019-11-08T10:10:38+00:00\",\"dateModified\":\"2026-03-23T17:44:04+00:00\",\"description\":\"KPU w Kro\u015bnie\",\"breadcrumb\":{\"@id\":\"https:\\\/\\\/pans.krosno.pl\\\/zarzadzanie\\\/dyzury-pracownikow\\\/#breadcrumb\"},\"inLanguage\":\"pl-PL\",\"potentialAction\":[{\"@type\":\"ReadAction\",\"target\":[\"https:\\\/\\\/pans.krosno.pl\\\/zarzadzanie\\\/dyzury-pracownikow\\\/\"]}]},{\"@type\":\"BreadcrumbList\",\"@id\":\"https:\\\/\\\/pans.krosno.pl\\\/zarzadzanie\\\/dyzury-pracownikow\\\/#breadcrumb\",\"itemListElement\":[{\"@type\":\"ListItem\",\"position\":1,\"name\":\"Strona g\u0142\u00f3wna\",\"item\":\"https:\\\/\\\/pans.krosno.pl\\\/zarzadzanie\\\/\"},{\"@type\":\"ListItem\",\"position\":2,\"name\":\"Dy\u017cury pracownik\u00f3w\"}]},{\"@type\":\"WebSite\",\"@id\":\"https:\\\/\\\/pans.krosno.pl\\\/zarzadzanie\\\/#website\",\"url\":\"https:\\\/\\\/pans.krosno.pl\\\/zarzadzanie\\\/\",\"name\":\"Zarz\u0105dzanie PANS w Kro\u015bnie\",\"description\":\"Zarz\u0105dzanie - Pa\u0144stwowa Akademia Nauk Stosowanych\",\"publisher\":{\"@id\":\"https:\\\/\\\/pans.krosno.pl\\\/zarzadzanie\\\/#organization\"},\"potentialAction\":[{\"@type\":\"SearchAction\",\"target\":{\"@type\":\"EntryPoint\",\"urlTemplate\":\"https:\\\/\\\/pans.krosno.pl\\\/zarzadzanie\\\/?s={search_term_string}\"},\"query-input\":{\"@type\":\"PropertyValueSpecification\",\"valueRequired\":true,\"valueName\":\"search_term_string\"}}],\"inLanguage\":\"pl-PL\"},{\"@type\":\"Organization\",\"@id\":\"https:\\\/\\\/pans.krosno.pl\\\/zarzadzanie\\\/#organization\",\"name\":\"Zarz\u0105dzanie PANS w Kro\u015bnie\",\"url\":\"https:\\\/\\\/pans.krosno.pl\\\/zarzadzanie\\\/\",\"logo\":{\"@type\":\"ImageObject\",\"inLanguage\":\"pl-PL\",\"@id\":\"https:\\\/\\\/pans.krosno.pl\\\/zarzadzanie\\\/#\\\/schema\\\/logo\\\/image\\\/\",\"url\":\"https:\\\/\\\/pans.krosno.pl\\\/zarzadzanie\\\/wp-content\\\/uploads\\\/sites\\\/31\\\/2023\\\/01\\\/Logo-PANS-2022-pelne.png\",\"contentUrl\":\"https:\\\/\\\/pans.krosno.pl\\\/zarzadzanie\\\/wp-content\\\/uploads\\\/sites\\\/31\\\/2023\\\/01\\\/Logo-PANS-2022-pelne.png\",\"width\":3096,\"height\":696,\"caption\":\"Zarz\u0105dzanie PANS w Kro\u015bnie\"},\"image\":{\"@id\":\"https:\\\/\\\/pans.krosno.pl\\\/zarzadzanie\\\/#\\\/schema\\\/logo\\\/image\\\/\"}}]}<\/script>\n<!-- \/ Yoast SEO Premium plugin. -->","yoast_head_json":{"title":"Dy\u017cury pracownik\u00f3w - Zarz\u0105dzanie PANS w Kro\u015bnie","description":"KPU w Kro\u015bnie","robots":{"index":"index","follow":"follow","max-snippet":"max-snippet:-1","max-image-preview":"max-image-preview:large","max-video-preview":"max-video-preview:-1"},"canonical":"https:\/\/pans.krosno.pl\/zarzadzanie\/dyzury-pracownikow\/","og_locale":"pl_PL","og_type":"article","og_title":"Dy\u017cury pracownik\u00f3w","og_description":"KPU w Kro\u015bnie","og_url":"https:\/\/pans.krosno.pl\/zarzadzanie\/dyzury-pracownikow\/","og_site_name":"Zarz\u0105dzanie PANS w Kro\u015bnie","article_modified_time":"2026-03-23T17:44:04+00:00","twitter_card":"summary_large_image","twitter_misc":{"Szacowany czas czytania":"2 minuty"},"schema":{"@context":"https:\/\/schema.org","@graph":[{"@type":"WebPage","@id":"https:\/\/pans.krosno.pl\/zarzadzanie\/dyzury-pracownikow\/","url":"https:\/\/pans.krosno.pl\/zarzadzanie\/dyzury-pracownikow\/","name":"Dy\u017cury pracownik\u00f3w - Zarz\u0105dzanie PANS w Kro\u015bnie","isPartOf":{"@id":"https:\/\/pans.krosno.pl\/zarzadzanie\/#website"},"datePublished":"2019-11-08T10:10:38+00:00","dateModified":"2026-03-23T17:44:04+00:00","description":"KPU w Kro\u015bnie","breadcrumb":{"@id":"https:\/\/pans.krosno.pl\/zarzadzanie\/dyzury-pracownikow\/#breadcrumb"},"inLanguage":"pl-PL","potentialAction":[{"@type":"ReadAction","target":["https:\/\/pans.krosno.pl\/zarzadzanie\/dyzury-pracownikow\/"]}]},{"@type":"BreadcrumbList","@id":"https:\/\/pans.krosno.pl\/zarzadzanie\/dyzury-pracownikow\/#breadcrumb","itemListElement":[{"@type":"ListItem","position":1,"name":"Strona g\u0142\u00f3wna","item":"https:\/\/pans.krosno.pl\/zarzadzanie\/"},{"@type":"ListItem","position":2,"name":"Dy\u017cury pracownik\u00f3w"}]},{"@type":"WebSite","@id":"https:\/\/pans.krosno.pl\/zarzadzanie\/#website","url":"https:\/\/pans.krosno.pl\/zarzadzanie\/","name":"Zarz\u0105dzanie PANS w Kro\u015bnie","description":"Zarz\u0105dzanie - Pa\u0144stwowa Akademia Nauk Stosowanych","publisher":{"@id":"https:\/\/pans.krosno.pl\/zarzadzanie\/#organization"},"potentialAction":[{"@type":"SearchAction","target":{"@type":"EntryPoint","urlTemplate":"https:\/\/pans.krosno.pl\/zarzadzanie\/?s={search_term_string}"},"query-input":{"@type":"PropertyValueSpecification","valueRequired":true,"valueName":"search_term_string"}}],"inLanguage":"pl-PL"},{"@type":"Organization","@id":"https:\/\/pans.krosno.pl\/zarzadzanie\/#organization","name":"Zarz\u0105dzanie PANS w Kro\u015bnie","url":"https:\/\/pans.krosno.pl\/zarzadzanie\/","logo":{"@type":"ImageObject","inLanguage":"pl-PL","@id":"https:\/\/pans.krosno.pl\/zarzadzanie\/#\/schema\/logo\/image\/","url":"https:\/\/pans.krosno.pl\/zarzadzanie\/wp-content\/uploads\/sites\/31\/2023\/01\/Logo-PANS-2022-pelne.png","contentUrl":"https:\/\/pans.krosno.pl\/zarzadzanie\/wp-content\/uploads\/sites\/31\/2023\/01\/Logo-PANS-2022-pelne.png","width":3096,"height":696,"caption":"Zarz\u0105dzanie PANS w Kro\u015bnie"},"image":{"@id":"https:\/\/pans.krosno.pl\/zarzadzanie\/#\/schema\/logo\/image\/"}}]}},"_links":{"self":[{"href":"https:\/\/pans.krosno.pl\/zarzadzanie\/wp-json\/wp\/v2\/pages\/19","targetHints":{"allow":["GET"]}}],"collection":[{"href":"https:\/\/pans.krosno.pl\/zarzadzanie\/wp-json\/wp\/v2\/pages"}],"about":[{"href":"https:\/\/pans.krosno.pl\/zarzadzanie\/wp-json\/wp\/v2\/types\/page"}],"author":[{"embeddable":true,"href":"https:\/\/pans.krosno.pl\/zarzadzanie\/wp-json\/wp\/v2\/users\/27"}],"replies":[{"embeddable":true,"href":"https:\/\/pans.krosno.pl\/zarzadzanie\/wp-json\/wp\/v2\/comments?post=19"}],"version-history":[{"count":334,"href":"https:\/\/pans.krosno.pl\/zarzadzanie\/wp-json\/wp\/v2\/pages\/19\/revisions"}],"predecessor-version":[{"id":3258,"href":"https:\/\/pans.krosno.pl\/zarzadzanie\/wp-json\/wp\/v2\/pages\/19\/revisions\/3258"}],"wp:attachment":[{"href":"https:\/\/pans.krosno.pl\/zarzadzanie\/wp-json\/wp\/v2\/media?parent=19"}],"curies":[{"name":"wp","href":"https:\/\/api.w.org\/{rel}","templated":true}]}}