{"id":131,"date":"2020-01-17T12:02:43","date_gmt":"2020-01-17T11:02:43","guid":{"rendered":"https:\/\/pans.krosno.pl\/zarzadzanie\/?page_id=131"},"modified":"2025-09-24T22:38:49","modified_gmt":"2025-09-24T20:38:49","slug":"opiekunowie-rocznikow","status":"publish","type":"page","link":"https:\/\/pans.krosno.pl\/zarzadzanie\/opiekunowie-rocznikow\/","title":{"rendered":"Opiekunowie rocznik\u00f3w"},"content":{"rendered":"\n<figure class=\"wp-block-table is-style-stripes\"><table><thead><tr><th class=\"has-text-align-center\" data-align=\"center\">Rok<\/th><th>Rodzaj<\/th><th class=\"has-text-align-left\" data-align=\"left\">Opiekun<\/th><th>Kontakt<\/th><\/tr><\/thead><tbody><tr><td class=\"has-text-align-center\" data-align=\"center\">I<\/td><td>stacjonarny<\/td><td class=\"has-text-align-left\" data-align=\"left\">mgr\u00a0Mateusz\u00a0Nowak<\/td><td>mateusz.nowak@pans.krosno.pl<\/td><\/tr><tr><td class=\"has-text-align-center\" data-align=\"center\">II<\/td><td>stacjonarny<\/td><td class=\"has-text-align-left\" data-align=\"left\"><a href=\"https:\/\/pans.krosno.pl\/pracownicy\/robert-rajs\/\">mgr Robert Rajs<\/a><\/td><td>robert.rajs@pans.krosno.pl<\/td><\/tr><tr><td class=\"has-text-align-center\" data-align=\"center\">III<\/td><td>stacjonarny<\/td><td class=\"has-text-align-left\" data-align=\"left\"><a href=\"https:\/\/pans.krosno.pl\/pracownicy\/marek-krzywonos\/\" target=\"_blank\" rel=\"noreferrer noopener\">mgr Marek Krzywonos<\/a><\/td><td>marek.krzywonos@pans.krosno.pl<\/td><\/tr><\/tbody><\/table><\/figure>\n\n\n\n<hr class=\"wp-block-separator has-css-opacity\" \/>\n\n\n\n<p><\/p>\n","protected":false},"excerpt":{"rendered":"<p>Rok Rodzaj Opiekun Kontakt I stacjonarny mgr\u00a0Mateusz\u00a0Nowak mateusz.nowak@pans.krosno.pl II stacjonarny mgr Robert Rajs robert.rajs@pans.krosno.pl III stacjonarny mgr Marek Krzywonos marek.krzywonos@pans.krosno.pl<\/p>\n","protected":false},"author":27,"featured_media":0,"parent":0,"menu_order":0,"comment_status":"closed","ping_status":"closed","template":"page-templates\/template-full-width.php","meta":{"ngg_post_thumbnail":0,"footnotes":""},"class_list":["post-131","page","type-page","status-publish","hentry"],"yoast_head":"<!-- This site is optimized with the Yoast SEO Premium plugin v27.3 (Yoast SEO v27.3) - https:\/\/yoast.com\/product\/yoast-seo-premium-wordpress\/ -->\n<title>Opiekunowie rocznik\u00f3w - Zarz\u0105dzanie PANS w Kro\u015bnie<\/title>\n<meta name=\"description\" content=\"Opiekunowie poszczeg\u00f3lnych rocznik\u00f3w oraz kontakt\" \/>\n<meta name=\"robots\" content=\"index, follow, max-snippet:-1, max-image-preview:large, max-video-preview:-1\" \/>\n<link rel=\"canonical\" href=\"https:\/\/pans.krosno.pl\/zarzadzanie\/opiekunowie-rocznikow\/\" \/>\n<meta property=\"og:locale\" content=\"pl_PL\" \/>\n<meta property=\"og:type\" content=\"article\" \/>\n<meta property=\"og:title\" content=\"Opiekunowie rocznik\u00f3w\" \/>\n<meta property=\"og:description\" content=\"Opiekunowie poszczeg\u00f3lnych rocznik\u00f3w oraz kontakt\" \/>\n<meta property=\"og:url\" content=\"https:\/\/pans.krosno.pl\/zarzadzanie\/opiekunowie-rocznikow\/\" \/>\n<meta property=\"og:site_name\" content=\"Zarz\u0105dzanie PANS w Kro\u015bnie\" \/>\n<meta property=\"article:modified_time\" content=\"2025-09-24T20:38:49+00:00\" \/>\n<meta name=\"twitter:card\" content=\"summary_large_image\" \/>\n<meta name=\"twitter:label1\" content=\"Szacowany czas czytania\" \/>\n\t<meta name=\"twitter:data1\" content=\"1 minuta\" \/>\n<script type=\"application\/ld+json\" class=\"yoast-schema-graph\">{\"@context\":\"https:\\\/\\\/schema.org\",\"@graph\":[{\"@type\":\"WebPage\",\"@id\":\"https:\\\/\\\/pans.krosno.pl\\\/zarzadzanie\\\/opiekunowie-rocznikow\\\/\",\"url\":\"https:\\\/\\\/pans.krosno.pl\\\/zarzadzanie\\\/opiekunowie-rocznikow\\\/\",\"name\":\"Opiekunowie rocznik\u00f3w - Zarz\u0105dzanie PANS w Kro\u015bnie\",\"isPartOf\":{\"@id\":\"https:\\\/\\\/pans.krosno.pl\\\/zarzadzanie\\\/#website\"},\"datePublished\":\"2020-01-17T11:02:43+00:00\",\"dateModified\":\"2025-09-24T20:38:49+00:00\",\"description\":\"Opiekunowie poszczeg\u00f3lnych rocznik\u00f3w oraz kontakt\",\"breadcrumb\":{\"@id\":\"https:\\\/\\\/pans.krosno.pl\\\/zarzadzanie\\\/opiekunowie-rocznikow\\\/#breadcrumb\"},\"inLanguage\":\"pl-PL\",\"potentialAction\":[{\"@type\":\"ReadAction\",\"target\":[\"https:\\\/\\\/pans.krosno.pl\\\/zarzadzanie\\\/opiekunowie-rocznikow\\\/\"]}]},{\"@type\":\"BreadcrumbList\",\"@id\":\"https:\\\/\\\/pans.krosno.pl\\\/zarzadzanie\\\/opiekunowie-rocznikow\\\/#breadcrumb\",\"itemListElement\":[{\"@type\":\"ListItem\",\"position\":1,\"name\":\"Strona g\u0142\u00f3wna\",\"item\":\"https:\\\/\\\/pans.krosno.pl\\\/zarzadzanie\\\/\"},{\"@type\":\"ListItem\",\"position\":2,\"name\":\"Opiekunowie rocznik\u00f3w\"}]},{\"@type\":\"WebSite\",\"@id\":\"https:\\\/\\\/pans.krosno.pl\\\/zarzadzanie\\\/#website\",\"url\":\"https:\\\/\\\/pans.krosno.pl\\\/zarzadzanie\\\/\",\"name\":\"Zarz\u0105dzanie PANS w Kro\u015bnie\",\"description\":\"Zarz\u0105dzanie - Pa\u0144stwowa Akademia Nauk Stosowanych\",\"publisher\":{\"@id\":\"https:\\\/\\\/pans.krosno.pl\\\/zarzadzanie\\\/#organization\"},\"potentialAction\":[{\"@type\":\"SearchAction\",\"target\":{\"@type\":\"EntryPoint\",\"urlTemplate\":\"https:\\\/\\\/pans.krosno.pl\\\/zarzadzanie\\\/?s={search_term_string}\"},\"query-input\":{\"@type\":\"PropertyValueSpecification\",\"valueRequired\":true,\"valueName\":\"search_term_string\"}}],\"inLanguage\":\"pl-PL\"},{\"@type\":\"Organization\",\"@id\":\"https:\\\/\\\/pans.krosno.pl\\\/zarzadzanie\\\/#organization\",\"name\":\"Zarz\u0105dzanie PANS w Kro\u015bnie\",\"url\":\"https:\\\/\\\/pans.krosno.pl\\\/zarzadzanie\\\/\",\"logo\":{\"@type\":\"ImageObject\",\"inLanguage\":\"pl-PL\",\"@id\":\"https:\\\/\\\/pans.krosno.pl\\\/zarzadzanie\\\/#\\\/schema\\\/logo\\\/image\\\/\",\"url\":\"https:\\\/\\\/pans.krosno.pl\\\/zarzadzanie\\\/wp-content\\\/uploads\\\/sites\\\/31\\\/2023\\\/01\\\/Logo-PANS-2022-pelne.png\",\"contentUrl\":\"https:\\\/\\\/pans.krosno.pl\\\/zarzadzanie\\\/wp-content\\\/uploads\\\/sites\\\/31\\\/2023\\\/01\\\/Logo-PANS-2022-pelne.png\",\"width\":3096,\"height\":696,\"caption\":\"Zarz\u0105dzanie PANS w Kro\u015bnie\"},\"image\":{\"@id\":\"https:\\\/\\\/pans.krosno.pl\\\/zarzadzanie\\\/#\\\/schema\\\/logo\\\/image\\\/\"}}]}<\/script>\n<!-- \/ Yoast SEO Premium plugin. -->","yoast_head_json":{"title":"Opiekunowie rocznik\u00f3w - Zarz\u0105dzanie PANS w Kro\u015bnie","description":"Opiekunowie poszczeg\u00f3lnych rocznik\u00f3w oraz kontakt","robots":{"index":"index","follow":"follow","max-snippet":"max-snippet:-1","max-image-preview":"max-image-preview:large","max-video-preview":"max-video-preview:-1"},"canonical":"https:\/\/pans.krosno.pl\/zarzadzanie\/opiekunowie-rocznikow\/","og_locale":"pl_PL","og_type":"article","og_title":"Opiekunowie rocznik\u00f3w","og_description":"Opiekunowie poszczeg\u00f3lnych rocznik\u00f3w oraz kontakt","og_url":"https:\/\/pans.krosno.pl\/zarzadzanie\/opiekunowie-rocznikow\/","og_site_name":"Zarz\u0105dzanie PANS w Kro\u015bnie","article_modified_time":"2025-09-24T20:38:49+00:00","twitter_card":"summary_large_image","twitter_misc":{"Szacowany czas czytania":"1 minuta"},"schema":{"@context":"https:\/\/schema.org","@graph":[{"@type":"WebPage","@id":"https:\/\/pans.krosno.pl\/zarzadzanie\/opiekunowie-rocznikow\/","url":"https:\/\/pans.krosno.pl\/zarzadzanie\/opiekunowie-rocznikow\/","name":"Opiekunowie rocznik\u00f3w - Zarz\u0105dzanie PANS w Kro\u015bnie","isPartOf":{"@id":"https:\/\/pans.krosno.pl\/zarzadzanie\/#website"},"datePublished":"2020-01-17T11:02:43+00:00","dateModified":"2025-09-24T20:38:49+00:00","description":"Opiekunowie poszczeg\u00f3lnych rocznik\u00f3w oraz kontakt","breadcrumb":{"@id":"https:\/\/pans.krosno.pl\/zarzadzanie\/opiekunowie-rocznikow\/#breadcrumb"},"inLanguage":"pl-PL","potentialAction":[{"@type":"ReadAction","target":["https:\/\/pans.krosno.pl\/zarzadzanie\/opiekunowie-rocznikow\/"]}]},{"@type":"BreadcrumbList","@id":"https:\/\/pans.krosno.pl\/zarzadzanie\/opiekunowie-rocznikow\/#breadcrumb","itemListElement":[{"@type":"ListItem","position":1,"name":"Strona g\u0142\u00f3wna","item":"https:\/\/pans.krosno.pl\/zarzadzanie\/"},{"@type":"ListItem","position":2,"name":"Opiekunowie rocznik\u00f3w"}]},{"@type":"WebSite","@id":"https:\/\/pans.krosno.pl\/zarzadzanie\/#website","url":"https:\/\/pans.krosno.pl\/zarzadzanie\/","name":"Zarz\u0105dzanie PANS w Kro\u015bnie","description":"Zarz\u0105dzanie - Pa\u0144stwowa Akademia Nauk Stosowanych","publisher":{"@id":"https:\/\/pans.krosno.pl\/zarzadzanie\/#organization"},"potentialAction":[{"@type":"SearchAction","target":{"@type":"EntryPoint","urlTemplate":"https:\/\/pans.krosno.pl\/zarzadzanie\/?s={search_term_string}"},"query-input":{"@type":"PropertyValueSpecification","valueRequired":true,"valueName":"search_term_string"}}],"inLanguage":"pl-PL"},{"@type":"Organization","@id":"https:\/\/pans.krosno.pl\/zarzadzanie\/#organization","name":"Zarz\u0105dzanie PANS w Kro\u015bnie","url":"https:\/\/pans.krosno.pl\/zarzadzanie\/","logo":{"@type":"ImageObject","inLanguage":"pl-PL","@id":"https:\/\/pans.krosno.pl\/zarzadzanie\/#\/schema\/logo\/image\/","url":"https:\/\/pans.krosno.pl\/zarzadzanie\/wp-content\/uploads\/sites\/31\/2023\/01\/Logo-PANS-2022-pelne.png","contentUrl":"https:\/\/pans.krosno.pl\/zarzadzanie\/wp-content\/uploads\/sites\/31\/2023\/01\/Logo-PANS-2022-pelne.png","width":3096,"height":696,"caption":"Zarz\u0105dzanie PANS w Kro\u015bnie"},"image":{"@id":"https:\/\/pans.krosno.pl\/zarzadzanie\/#\/schema\/logo\/image\/"}}]}},"_links":{"self":[{"href":"https:\/\/pans.krosno.pl\/zarzadzanie\/wp-json\/wp\/v2\/pages\/131","targetHints":{"allow":["GET"]}}],"collection":[{"href":"https:\/\/pans.krosno.pl\/zarzadzanie\/wp-json\/wp\/v2\/pages"}],"about":[{"href":"https:\/\/pans.krosno.pl\/zarzadzanie\/wp-json\/wp\/v2\/types\/page"}],"author":[{"embeddable":true,"href":"https:\/\/pans.krosno.pl\/zarzadzanie\/wp-json\/wp\/v2\/users\/27"}],"replies":[{"embeddable":true,"href":"https:\/\/pans.krosno.pl\/zarzadzanie\/wp-json\/wp\/v2\/comments?post=131"}],"version-history":[{"count":13,"href":"https:\/\/pans.krosno.pl\/zarzadzanie\/wp-json\/wp\/v2\/pages\/131\/revisions"}],"predecessor-version":[{"id":3010,"href":"https:\/\/pans.krosno.pl\/zarzadzanie\/wp-json\/wp\/v2\/pages\/131\/revisions\/3010"}],"wp:attachment":[{"href":"https:\/\/pans.krosno.pl\/zarzadzanie\/wp-json\/wp\/v2\/media?parent=131"}],"curies":[{"name":"wp","href":"https:\/\/api.w.org\/{rel}","templated":true}]}}