{"id":107,"date":"2020-01-14T19:48:38","date_gmt":"2020-01-14T18:48:38","guid":{"rendered":"https:\/\/pans.krosno.pl\/zarzadzanie\/?page_id=107"},"modified":"2026-02-12T09:51:05","modified_gmt":"2026-02-12T08:51:05","slug":"harmonogram-zajec","status":"publish","type":"page","link":"https:\/\/pans.krosno.pl\/zarzadzanie\/harmonogram-zajec\/","title":{"rendered":"Harmonogram Zaj\u0119\u0107"},"content":{"rendered":"\n<p><strong>Rozk\u0142ad zaj\u0119\u0107 semestr letni 2025\/26<\/strong><\/p>\n\n\n\n<p>UWAGA: plan mo\u017ce ulec zmianie<\/p>\n\n\n\n<p>Na planie wy\u015bwietlanym w USOS-web:<br>&#8211; tydzie\u0144 A z kalendarza akademickiego odpowiada tygodniowi &#8222;raz na dwa tygodnie nieparzyste&#8221;;<br>&#8211; tydzie\u0144 B z kalendarza akademickiego odpowiada tygodniowi &#8222;raz na dwa tygodnie parzyste&#8221;.<\/p>\n\n\n\n<p><a href=\"https:\/\/pans.krosno.pl\/kalendarz-akademicki\/2025-2026\/\">Kalendarz akademicki<\/a><\/p>\n\n\n\n<p>Oznaczenia grup w harmonogramie dla I roku stacjonarnego:<br>grupa 1 &#8211; \u0107wiczenia grupy stacjonarnej<br>grupa 2 &#8211; \u0107wiczenia grupy &#8222;26+&#8221;<br>grupa 3 &#8211; wsp\u00f3lne zaj\u0119cia ca\u0142ego rocznika (wyk\u0142ady i \u0107wiczenia w du\u017cych grupach audytoryjnych)<\/p>\n\n\n\n<p><a href=\"https:\/\/usos.kpu.krosno.pl\/kontroler.php?_action=katalog2\/przedmioty\/pokazPlanGrupyPrzedmiotow&amp;grupa_kod=ZA-S-25-S2&amp;cdyd_kod=2025L&amp;plan_format=html&amp;plan_showStartTime=1&amp;plan_showEndTime=1&amp;plan_showTypeShort=0&amp;plan_showTypeFull=1&amp;plan_showGroupNumber=1&amp;plan_showCourseName=1&amp;plan_showCourseCode=0&amp;plan_showRoom=1&amp;plan_showBuildingCode=0&amp;plan_showLecturers=1&amp;plan_overridePrintWidth=1&amp;plan_colorScheme=default\">Harmonogram w USOS<\/a><\/p>\n\n\n\n<p>Oznaczenia grup w harmonogramie dla II roku stacjonarnego:<br>grupa 1 &#8211; \u0107wiczenia grupy stacjonarnej<br>grupa 2 &#8211; \u0107wiczenia grupy &#8222;26+&#8221;<br>grupa 3 &#8211; wsp\u00f3lne zaj\u0119cia ca\u0142ego rocznika (wyk\u0142ady i \u0107wiczenia w du\u017cych grupach audytoryjnych)<\/p>\n\n\n\n<p><a href=\"https:\/\/usos.kpu.krosno.pl\/kontroler.php?_action=katalog2\/przedmioty\/pokazPlanGrupyPrzedmiotow&amp;grupa_kod=ZA-S-24-S4&amp;cdyd_kod=2025L&amp;plan_format=html&amp;plan_showStartTime=1&amp;plan_showEndTime=1&amp;plan_showTypeShort=0&amp;plan_showTypeFull=1&amp;plan_showGroupNumber=1&amp;plan_showCourseName=1&amp;plan_showCourseCode=0&amp;plan_showRoom=1&amp;plan_showBuildingCode=0&amp;plan_showLecturers=1&amp;plan_overridePrintWidth=1&amp;plan_colorScheme=default\">Harmonogram w USOS<\/a><\/p>\n\n\n\n<p>Oznaczenia grup w harmonogramie dla III roku stacjonarnego:<br>grupa 1 &#8211; specjalno\u015b\u0107 Zarz\u0105dzanie finansami<br>grupa 2 &#8211; specjalno\u015b\u0107 Zarz\u0105dzanie przedsi\u0119biorstwem<br>grupa 3 &#8211; wsp\u00f3lne zaj\u0119cia ca\u0142ego rocznika<\/p>\n\n\n\n<p><a href=\"https:\/\/usos.kpu.krosno.pl\/kontroler.php?_action=katalog2\/przedmioty\/pokazPlanGrupyPrzedmiotow&amp;grupa_kod=ZA-S-23-S6&amp;cdyd_kod=2025L&amp;plan_format=html&amp;plan_showStartTime=1&amp;plan_showEndTime=1&amp;plan_showTypeShort=0&amp;plan_showTypeFull=1&amp;plan_showGroupNumber=1&amp;plan_showCourseName=1&amp;plan_showCourseCode=0&amp;plan_showRoom=1&amp;plan_showBuildingCode=0&amp;plan_showLecturers=1&amp;plan_overridePrintWidth=1&amp;plan_colorScheme=default\">Harmonogram w USOS<\/a><\/p>\n\n\n\n<p><\/p>\n","protected":false},"excerpt":{"rendered":"<p>Rozk\u0142ad zaj\u0119\u0107 semestr letni 2025\/26 UWAGA: plan mo\u017ce ulec zmianie Na planie wy\u015bwietlanym w USOS-web:&#8211; tydzie\u0144 A z kalendarza akademickiego odpowiada tygodniowi &#8222;raz na dwa tygodnie nieparzyste&#8221;;&#8211; tydzie\u0144 B z kalendarza akademickiego odpowiada tygodniowi &#8222;raz na dwa tygodnie parzyste&#8221;. Kalendarz akademicki Oznaczenia grup w harmonogramie dla I roku stacjonarnego:grupa 1 [\u2026] <\/p>\n<div class=\"clear\"><\/div>\n<p><a class=\"more_link clearfix\" href=\"https:\/\/pans.krosno.pl\/zarzadzanie\/harmonogram-zajec\/\" rel=\"nofollow\">Read More<\/a><\/p>\n","protected":false},"author":27,"featured_media":0,"parent":0,"menu_order":0,"comment_status":"closed","ping_status":"closed","template":"page-templates\/template-full-width.php","meta":{"ngg_post_thumbnail":0,"footnotes":""},"class_list":["post-107","page","type-page","status-publish","hentry"],"yoast_head":"<!-- This site is optimized with the Yoast SEO Premium plugin v27.3 (Yoast SEO v27.3) - https:\/\/yoast.com\/product\/yoast-seo-premium-wordpress\/ -->\n<title>Harmonogram Zaj\u0119\u0107 - Zarz\u0105dzanie PANS w Kro\u015bnie<\/title>\n<meta name=\"description\" content=\"Harmonogram zaj\u0119\u0107 - semestr zimowy, rok akademicki 2019\/20\" \/>\n<meta name=\"robots\" content=\"index, follow, max-snippet:-1, max-image-preview:large, max-video-preview:-1\" \/>\n<link rel=\"canonical\" href=\"https:\/\/pans.krosno.pl\/zarzadzanie\/harmonogram-zajec\/\" \/>\n<meta property=\"og:locale\" content=\"pl_PL\" \/>\n<meta property=\"og:type\" content=\"article\" \/>\n<meta property=\"og:title\" content=\"Harmonogram Zaj\u0119\u0107\" \/>\n<meta property=\"og:description\" content=\"Harmonogram zaj\u0119\u0107 - semestr zimowy, rok akademicki 2019\/20\" \/>\n<meta property=\"og:url\" content=\"https:\/\/pans.krosno.pl\/zarzadzanie\/harmonogram-zajec\/\" \/>\n<meta property=\"og:site_name\" content=\"Zarz\u0105dzanie PANS w Kro\u015bnie\" \/>\n<meta property=\"article:modified_time\" content=\"2026-02-12T08:51:05+00:00\" \/>\n<meta name=\"twitter:card\" content=\"summary_large_image\" \/>\n<meta name=\"twitter:label1\" content=\"Szacowany czas czytania\" \/>\n\t<meta name=\"twitter:data1\" content=\"1 minuta\" \/>\n<script type=\"application\/ld+json\" class=\"yoast-schema-graph\">{\"@context\":\"https:\\\/\\\/schema.org\",\"@graph\":[{\"@type\":\"WebPage\",\"@id\":\"https:\\\/\\\/pans.krosno.pl\\\/zarzadzanie\\\/harmonogram-zajec\\\/\",\"url\":\"https:\\\/\\\/pans.krosno.pl\\\/zarzadzanie\\\/harmonogram-zajec\\\/\",\"name\":\"Harmonogram Zaj\u0119\u0107 - Zarz\u0105dzanie PANS w Kro\u015bnie\",\"isPartOf\":{\"@id\":\"https:\\\/\\\/pans.krosno.pl\\\/zarzadzanie\\\/#website\"},\"datePublished\":\"2020-01-14T18:48:38+00:00\",\"dateModified\":\"2026-02-12T08:51:05+00:00\",\"description\":\"Harmonogram zaj\u0119\u0107 - semestr zimowy, rok akademicki 2019\\\/20\",\"breadcrumb\":{\"@id\":\"https:\\\/\\\/pans.krosno.pl\\\/zarzadzanie\\\/harmonogram-zajec\\\/#breadcrumb\"},\"inLanguage\":\"pl-PL\",\"potentialAction\":[{\"@type\":\"ReadAction\",\"target\":[\"https:\\\/\\\/pans.krosno.pl\\\/zarzadzanie\\\/harmonogram-zajec\\\/\"]}]},{\"@type\":\"BreadcrumbList\",\"@id\":\"https:\\\/\\\/pans.krosno.pl\\\/zarzadzanie\\\/harmonogram-zajec\\\/#breadcrumb\",\"itemListElement\":[{\"@type\":\"ListItem\",\"position\":1,\"name\":\"Strona g\u0142\u00f3wna\",\"item\":\"https:\\\/\\\/pans.krosno.pl\\\/zarzadzanie\\\/\"},{\"@type\":\"ListItem\",\"position\":2,\"name\":\"Harmonogram Zaj\u0119\u0107\"}]},{\"@type\":\"WebSite\",\"@id\":\"https:\\\/\\\/pans.krosno.pl\\\/zarzadzanie\\\/#website\",\"url\":\"https:\\\/\\\/pans.krosno.pl\\\/zarzadzanie\\\/\",\"name\":\"Zarz\u0105dzanie PANS w Kro\u015bnie\",\"description\":\"Zarz\u0105dzanie - Pa\u0144stwowa Akademia Nauk Stosowanych\",\"publisher\":{\"@id\":\"https:\\\/\\\/pans.krosno.pl\\\/zarzadzanie\\\/#organization\"},\"potentialAction\":[{\"@type\":\"SearchAction\",\"target\":{\"@type\":\"EntryPoint\",\"urlTemplate\":\"https:\\\/\\\/pans.krosno.pl\\\/zarzadzanie\\\/?s={search_term_string}\"},\"query-input\":{\"@type\":\"PropertyValueSpecification\",\"valueRequired\":true,\"valueName\":\"search_term_string\"}}],\"inLanguage\":\"pl-PL\"},{\"@type\":\"Organization\",\"@id\":\"https:\\\/\\\/pans.krosno.pl\\\/zarzadzanie\\\/#organization\",\"name\":\"Zarz\u0105dzanie PANS w Kro\u015bnie\",\"url\":\"https:\\\/\\\/pans.krosno.pl\\\/zarzadzanie\\\/\",\"logo\":{\"@type\":\"ImageObject\",\"inLanguage\":\"pl-PL\",\"@id\":\"https:\\\/\\\/pans.krosno.pl\\\/zarzadzanie\\\/#\\\/schema\\\/logo\\\/image\\\/\",\"url\":\"https:\\\/\\\/pans.krosno.pl\\\/zarzadzanie\\\/wp-content\\\/uploads\\\/sites\\\/31\\\/2023\\\/01\\\/Logo-PANS-2022-pelne.png\",\"contentUrl\":\"https:\\\/\\\/pans.krosno.pl\\\/zarzadzanie\\\/wp-content\\\/uploads\\\/sites\\\/31\\\/2023\\\/01\\\/Logo-PANS-2022-pelne.png\",\"width\":3096,\"height\":696,\"caption\":\"Zarz\u0105dzanie PANS w Kro\u015bnie\"},\"image\":{\"@id\":\"https:\\\/\\\/pans.krosno.pl\\\/zarzadzanie\\\/#\\\/schema\\\/logo\\\/image\\\/\"}}]}<\/script>\n<!-- \/ Yoast SEO Premium plugin. -->","yoast_head_json":{"title":"Harmonogram Zaj\u0119\u0107 - Zarz\u0105dzanie PANS w Kro\u015bnie","description":"Harmonogram zaj\u0119\u0107 - semestr zimowy, rok akademicki 2019\/20","robots":{"index":"index","follow":"follow","max-snippet":"max-snippet:-1","max-image-preview":"max-image-preview:large","max-video-preview":"max-video-preview:-1"},"canonical":"https:\/\/pans.krosno.pl\/zarzadzanie\/harmonogram-zajec\/","og_locale":"pl_PL","og_type":"article","og_title":"Harmonogram Zaj\u0119\u0107","og_description":"Harmonogram zaj\u0119\u0107 - semestr zimowy, rok akademicki 2019\/20","og_url":"https:\/\/pans.krosno.pl\/zarzadzanie\/harmonogram-zajec\/","og_site_name":"Zarz\u0105dzanie PANS w Kro\u015bnie","article_modified_time":"2026-02-12T08:51:05+00:00","twitter_card":"summary_large_image","twitter_misc":{"Szacowany czas czytania":"1 minuta"},"schema":{"@context":"https:\/\/schema.org","@graph":[{"@type":"WebPage","@id":"https:\/\/pans.krosno.pl\/zarzadzanie\/harmonogram-zajec\/","url":"https:\/\/pans.krosno.pl\/zarzadzanie\/harmonogram-zajec\/","name":"Harmonogram Zaj\u0119\u0107 - Zarz\u0105dzanie PANS w Kro\u015bnie","isPartOf":{"@id":"https:\/\/pans.krosno.pl\/zarzadzanie\/#website"},"datePublished":"2020-01-14T18:48:38+00:00","dateModified":"2026-02-12T08:51:05+00:00","description":"Harmonogram zaj\u0119\u0107 - semestr zimowy, rok akademicki 2019\/20","breadcrumb":{"@id":"https:\/\/pans.krosno.pl\/zarzadzanie\/harmonogram-zajec\/#breadcrumb"},"inLanguage":"pl-PL","potentialAction":[{"@type":"ReadAction","target":["https:\/\/pans.krosno.pl\/zarzadzanie\/harmonogram-zajec\/"]}]},{"@type":"BreadcrumbList","@id":"https:\/\/pans.krosno.pl\/zarzadzanie\/harmonogram-zajec\/#breadcrumb","itemListElement":[{"@type":"ListItem","position":1,"name":"Strona g\u0142\u00f3wna","item":"https:\/\/pans.krosno.pl\/zarzadzanie\/"},{"@type":"ListItem","position":2,"name":"Harmonogram Zaj\u0119\u0107"}]},{"@type":"WebSite","@id":"https:\/\/pans.krosno.pl\/zarzadzanie\/#website","url":"https:\/\/pans.krosno.pl\/zarzadzanie\/","name":"Zarz\u0105dzanie PANS w Kro\u015bnie","description":"Zarz\u0105dzanie - Pa\u0144stwowa Akademia Nauk Stosowanych","publisher":{"@id":"https:\/\/pans.krosno.pl\/zarzadzanie\/#organization"},"potentialAction":[{"@type":"SearchAction","target":{"@type":"EntryPoint","urlTemplate":"https:\/\/pans.krosno.pl\/zarzadzanie\/?s={search_term_string}"},"query-input":{"@type":"PropertyValueSpecification","valueRequired":true,"valueName":"search_term_string"}}],"inLanguage":"pl-PL"},{"@type":"Organization","@id":"https:\/\/pans.krosno.pl\/zarzadzanie\/#organization","name":"Zarz\u0105dzanie PANS w Kro\u015bnie","url":"https:\/\/pans.krosno.pl\/zarzadzanie\/","logo":{"@type":"ImageObject","inLanguage":"pl-PL","@id":"https:\/\/pans.krosno.pl\/zarzadzanie\/#\/schema\/logo\/image\/","url":"https:\/\/pans.krosno.pl\/zarzadzanie\/wp-content\/uploads\/sites\/31\/2023\/01\/Logo-PANS-2022-pelne.png","contentUrl":"https:\/\/pans.krosno.pl\/zarzadzanie\/wp-content\/uploads\/sites\/31\/2023\/01\/Logo-PANS-2022-pelne.png","width":3096,"height":696,"caption":"Zarz\u0105dzanie PANS w Kro\u015bnie"},"image":{"@id":"https:\/\/pans.krosno.pl\/zarzadzanie\/#\/schema\/logo\/image\/"}}]}},"_links":{"self":[{"href":"https:\/\/pans.krosno.pl\/zarzadzanie\/wp-json\/wp\/v2\/pages\/107","targetHints":{"allow":["GET"]}}],"collection":[{"href":"https:\/\/pans.krosno.pl\/zarzadzanie\/wp-json\/wp\/v2\/pages"}],"about":[{"href":"https:\/\/pans.krosno.pl\/zarzadzanie\/wp-json\/wp\/v2\/types\/page"}],"author":[{"embeddable":true,"href":"https:\/\/pans.krosno.pl\/zarzadzanie\/wp-json\/wp\/v2\/users\/27"}],"replies":[{"embeddable":true,"href":"https:\/\/pans.krosno.pl\/zarzadzanie\/wp-json\/wp\/v2\/comments?post=107"}],"version-history":[{"count":134,"href":"https:\/\/pans.krosno.pl\/zarzadzanie\/wp-json\/wp\/v2\/pages\/107\/revisions"}],"predecessor-version":[{"id":3162,"href":"https:\/\/pans.krosno.pl\/zarzadzanie\/wp-json\/wp\/v2\/pages\/107\/revisions\/3162"}],"wp:attachment":[{"href":"https:\/\/pans.krosno.pl\/zarzadzanie\/wp-json\/wp\/v2\/media?parent=107"}],"curies":[{"name":"wp","href":"https:\/\/api.w.org\/{rel}","templated":true}]}}