{"id":22,"date":"2020-03-27T22:48:32","date_gmt":"2020-03-27T21:48:32","guid":{"rendered":"https:\/\/pans.krosno.pl\/zarzadzanie-magisterskie\/?page_id=22"},"modified":"2025-11-08T09:05:58","modified_gmt":"2025-11-08T08:05:58","slug":"praktyki-zawodowe","status":"publish","type":"page","link":"https:\/\/pans.krosno.pl\/zarzadzanie-magisterskie\/praktyki-zawodowe\/","title":{"rendered":"Praktyki zawodowe"},"content":{"rendered":"\n<div class=\"wp-block-file\"><a href=\"https:\/\/pans.krosno.pl\/zarzadzanie-magisterskie\/wp-content\/uploads\/sites\/42\/2022\/04\/Zalacznik-do-zarzadzenia-30_22.pdf\">Uczelniany regulamin praktyk<\/a><a href=\"https:\/\/pans.krosno.pl\/zarzadzanie-magisterskie\/wp-content\/uploads\/sites\/42\/2022\/04\/Zalacznik-do-zarzadzenia-30_22.pdf\" class=\"wp-block-file__button wp-element-button\" download>Pobierz<\/a><\/div>\n\n\n\n<div class=\"wp-block-file\"><a id=\"wp-block-file--media-c2e3436b-6b40-4e32-b9ca-a236443c5afe\" href=\"https:\/\/pans.krosno.pl\/zarzadzanie-magisterskie\/wp-content\/uploads\/sites\/42\/2021\/05\/3-procedura-uchwala-nr-33-19-potwierdzanie-efektow.pdf\">Procedura potwierdzania efekt\u00f3w<\/a><a href=\"https:\/\/pans.krosno.pl\/zarzadzanie-magisterskie\/wp-content\/uploads\/sites\/42\/2021\/05\/3-procedura-uchwala-nr-33-19-potwierdzanie-efektow.pdf\" class=\"wp-block-file__button wp-element-button\" download aria-describedby=\"wp-block-file--media-c2e3436b-6b40-4e32-b9ca-a236443c5afe\">Pobierz<\/a><\/div>\n\n\n\n<div class=\"wp-block-file\"><a id=\"wp-block-file--media-93ec956f-3c8e-42fe-a490-4a98591586c4\" href=\"https:\/\/pans.krosno.pl\/zarzadzanie-magisterskie\/wp-content\/uploads\/sites\/42\/2025\/02\/Kierunkowy-program-praktyk-studenckich-2024-2026-ZARZADZANIE-magisterskie2_2025.doc\">Kierunkowy-program-praktyk-studenckich-2024-2026<\/a><a href=\"https:\/\/pans.krosno.pl\/zarzadzanie-magisterskie\/wp-content\/uploads\/sites\/42\/2025\/02\/Kierunkowy-program-praktyk-studenckich-2024-2026-ZARZADZANIE-magisterskie2_2025.doc\" class=\"wp-block-file__button wp-element-button\" download aria-describedby=\"wp-block-file--media-93ec956f-3c8e-42fe-a490-4a98591586c4\">Pobierz<\/a><\/div>\n\n\n\n<div class=\"wp-block-file\"><a id=\"wp-block-file--media-d3c99eb6-7297-4539-9b87-17112f9ae0a7\" href=\"https:\/\/pans.krosno.pl\/zarzadzanie-magisterskie\/wp-content\/uploads\/sites\/42\/2025\/11\/Kierunkowy-program-praktyk-studenckich-2025-2027-ZARZADZANIE-magisterskie.doc\">Kierunkowy-program-praktyk-studenckich-2025-2027<\/a><a href=\"https:\/\/pans.krosno.pl\/zarzadzanie-magisterskie\/wp-content\/uploads\/sites\/42\/2025\/11\/Kierunkowy-program-praktyk-studenckich-2025-2027-ZARZADZANIE-magisterskie.doc\" class=\"wp-block-file__button wp-element-button\" download aria-describedby=\"wp-block-file--media-d3c99eb6-7297-4539-9b87-17112f9ae0a7\">Pobierz<\/a><\/div>\n\n\n<p><strong>Zasady organizacji i odbywania praktyk na II roku<\/strong><\/p>\n\n\n<div class=\"wp-block-file\"><a id=\"wp-block-file--media-844c6da7-6697-419e-a2b9-41eacbaa15ba\" href=\"https:\/\/pans.krosno.pl\/zarzadzanie-magisterskie\/wp-content\/uploads\/sites\/42\/2025\/02\/Zalacznik-3-Karta-weryfikacji-efektow-uczenia-sie-2rok.docx\">Zalacznik-3-Karta-weryfikacji-efektow-uczenia-sie-2rok<\/a><a href=\"https:\/\/pans.krosno.pl\/zarzadzanie-magisterskie\/wp-content\/uploads\/sites\/42\/2025\/02\/Zalacznik-3-Karta-weryfikacji-efektow-uczenia-sie-2rok.docx\" class=\"wp-block-file__button wp-element-button\" download aria-describedby=\"wp-block-file--media-844c6da7-6697-419e-a2b9-41eacbaa15ba\">Pobierz<\/a><\/div>\n\n\n\n<p><strong>Zasady organizacji i odbywania praktyk na I roku<\/strong><\/p>\n\n\n\n<div class=\"wp-block-file\"><a id=\"wp-block-file--media-d179fe58-4cd6-4ec2-a22c-a96b3077526b\" href=\"https:\/\/pans.krosno.pl\/zarzadzanie-magisterskie\/wp-content\/uploads\/sites\/42\/2024\/11\/Zalacznik-nr-3-Karta-weryfikacji-efektow-uczenia-sie-rok-I.docx\">Zalacznik-nr-3-Karta-weryfikacji-efektow-uczenia-sie-rok-I<\/a><a href=\"https:\/\/pans.krosno.pl\/zarzadzanie-magisterskie\/wp-content\/uploads\/sites\/42\/2024\/11\/Zalacznik-nr-3-Karta-weryfikacji-efektow-uczenia-sie-rok-I.docx\" class=\"wp-block-file__button wp-element-button\" download aria-describedby=\"wp-block-file--media-d179fe58-4cd6-4ec2-a22c-a96b3077526b\">Pobierz<\/a><\/div>\n\n\n\n<p><strong>Dokumenty<\/strong><\/p>\n\n\n\n<div class=\"wp-block-file\"><a id=\"wp-block-file--media-920e9bbd-25b3-438f-9d94-79f8617137d8\" href=\"https:\/\/pans.krosno.pl\/zarzadzanie-magisterskie\/wp-content\/uploads\/sites\/42\/2025\/03\/Zalacznik-1a-i-1b-Skierowanie-na-praktyke-i-oswiadczenie-o-przyjeciu-na-praktyke3.docx\">Zalacznik 1a i 1b-Skierowanie-na-praktyke-i-oswiadczenie-o-przyjeciu-na-praktyke)<\/a><a href=\"https:\/\/pans.krosno.pl\/zarzadzanie-magisterskie\/wp-content\/uploads\/sites\/42\/2025\/03\/Zalacznik-1a-i-1b-Skierowanie-na-praktyke-i-oswiadczenie-o-przyjeciu-na-praktyke3.docx\" class=\"wp-block-file__button wp-element-button\" download aria-describedby=\"wp-block-file--media-920e9bbd-25b3-438f-9d94-79f8617137d8\">Pobierz<\/a><\/div>\n\n\n\n<div class=\"wp-block-file\"><a id=\"wp-block-file--media-29812b68-62bf-406d-80c1-fac7a40af5b5\" href=\"https:\/\/pans.krosno.pl\/zarzadzanie-magisterskie\/wp-content\/uploads\/sites\/42\/2024\/10\/Zalacznik-1c-Oswiadczenie-o-posiadaniu-ubezpieczenia-NNW.doc\">Zalacznik-1c-Oswiadczenie-o-posiadaniu-ubezpieczenia-NNW<\/a><a href=\"https:\/\/pans.krosno.pl\/zarzadzanie-magisterskie\/wp-content\/uploads\/sites\/42\/2024\/10\/Zalacznik-1c-Oswiadczenie-o-posiadaniu-ubezpieczenia-NNW.doc\" class=\"wp-block-file__button wp-element-button\" download aria-describedby=\"wp-block-file--media-29812b68-62bf-406d-80c1-fac7a40af5b5\">Pobierz<\/a><\/div>\n\n\n\n<div class=\"wp-block-file\"><a id=\"wp-block-file--media-f72b89c8-3c74-47eb-b0f3-ebf58b579e76\" href=\"https:\/\/pans.krosno.pl\/zarzadzanie-magisterskie\/wp-content\/uploads\/sites\/42\/2024\/10\/Zalacznik-2a-\u2013-Porozumienie-dla-jednego-studenta-.doc\">Zalacznik-2a-\u2013-Porozumienie-dla-jednego-studenta-<\/a><a href=\"https:\/\/pans.krosno.pl\/zarzadzanie-magisterskie\/wp-content\/uploads\/sites\/42\/2024\/10\/Zalacznik-2a-\u2013-Porozumienie-dla-jednego-studenta-.doc\" class=\"wp-block-file__button wp-element-button\" download aria-describedby=\"wp-block-file--media-f72b89c8-3c74-47eb-b0f3-ebf58b579e76\">Pobierz<\/a><\/div>\n\n\n\n<div class=\"wp-block-file\"><a id=\"wp-block-file--media-64b8721b-1680-4ee5-9e85-b6f6ea824315\" href=\"https:\/\/pans.krosno.pl\/zarzadzanie-magisterskie\/wp-content\/uploads\/sites\/42\/2024\/10\/Zalacznik-2b-\u2013-Porozumienie-dla-grupy-studentow-1.doc\">Zalacznik-2b-\u2013-Porozumienie-dla-grupy-studentow<\/a><a href=\"https:\/\/pans.krosno.pl\/zarzadzanie-magisterskie\/wp-content\/uploads\/sites\/42\/2024\/10\/Zalacznik-2b-\u2013-Porozumienie-dla-grupy-studentow-1.doc\" class=\"wp-block-file__button wp-element-button\" download aria-describedby=\"wp-block-file--media-64b8721b-1680-4ee5-9e85-b6f6ea824315\">Pobierz<\/a><\/div>\n\n\n\n<div class=\"wp-block-file\"><a id=\"wp-block-file--media-0c3d374c-310b-4342-81f9-62be78570eb1\" href=\"https:\/\/pans.krosno.pl\/zarzadzanie-magisterskie\/wp-content\/uploads\/sites\/42\/2024\/10\/Zalacznik-8-\u2013-ankieta-oceny-miejsca-realizacji-praktyk.doc\">Zalacznik-8-\u2013-ankieta-oceny-miejsca-realizacji-praktyk<\/a><a href=\"https:\/\/pans.krosno.pl\/zarzadzanie-magisterskie\/wp-content\/uploads\/sites\/42\/2024\/10\/Zalacznik-8-\u2013-ankieta-oceny-miejsca-realizacji-praktyk.doc\" class=\"wp-block-file__button wp-element-button\" download aria-describedby=\"wp-block-file--media-0c3d374c-310b-4342-81f9-62be78570eb1\">Pobierz<\/a><\/div>\n\n\n\n<div class=\"wp-block-file\"><a id=\"wp-block-file--media-9d722322-38ea-4b2f-9ea3-49d83b944c79\" href=\"https:\/\/pans.krosno.pl\/zarzadzanie-magisterskie\/wp-content\/uploads\/sites\/42\/2024\/07\/Dziennik-praktyk-studenckich_PANS-Krosno.pdf\">Dziennik-praktyk-studenckich_PANS-Krosno<\/a><a href=\"https:\/\/pans.krosno.pl\/zarzadzanie-magisterskie\/wp-content\/uploads\/sites\/42\/2024\/07\/Dziennik-praktyk-studenckich_PANS-Krosno.pdf\" class=\"wp-block-file__button wp-element-button\" download aria-describedby=\"wp-block-file--media-9d722322-38ea-4b2f-9ea3-49d83b944c79\">Pobierz<\/a><\/div>\n\n\n\n<div class=\"wp-block-file\"><a id=\"wp-block-file--media-eb6c9e79-6358-4bc3-9f88-f6c2e6c2f7ec\" href=\"https:\/\/pans.krosno.pl\/zarzadzanie-magisterskie\/wp-content\/uploads\/sites\/42\/2024\/10\/Zalacznik-4a-\u2013-podanie-studenta-o-zaliczenie-praktyk-w-ramach-zatrudnienia.doc\">Zalacznik-4a-\u2013-podanie-studenta-o-zaliczenie-praktyk-w-ramach-zatrudnienia<\/a><a href=\"https:\/\/pans.krosno.pl\/zarzadzanie-magisterskie\/wp-content\/uploads\/sites\/42\/2024\/10\/Zalacznik-4a-\u2013-podanie-studenta-o-zaliczenie-praktyk-w-ramach-zatrudnienia.doc\" class=\"wp-block-file__button wp-element-button\" download aria-describedby=\"wp-block-file--media-eb6c9e79-6358-4bc3-9f88-f6c2e6c2f7ec\">Pobierz<\/a><\/div>\n\n\n\n<p><strong>Dokumenty zwolnienie z odbywania praktyk<\/strong><\/p>\n\n\n\n<div class=\"wp-block-file\"><a id=\"wp-block-file--media-486096ff-0caf-4848-b228-170b5b1d2c8a\" href=\"https:\/\/pans.krosno.pl\/zarzadzanie-magisterskie\/wp-content\/uploads\/sites\/42\/2025\/02\/Zalacznik-4a-\u2013-podanie-studenta-o-zaliczenie-praktyk-w-ramach-zatrudnienia-1.doc\">podanie-studenta-o-zaliczenie-praktyk-w-ramach-zatrudnienia<\/a><a href=\"https:\/\/pans.krosno.pl\/zarzadzanie-magisterskie\/wp-content\/uploads\/sites\/42\/2025\/02\/Zalacznik-4a-\u2013-podanie-studenta-o-zaliczenie-praktyk-w-ramach-zatrudnienia-1.doc\" class=\"wp-block-file__button wp-element-button\" download aria-describedby=\"wp-block-file--media-486096ff-0caf-4848-b228-170b5b1d2c8a\">Pobierz<\/a><\/div>\n\n\n\n<div class=\"wp-block-file\"><a id=\"wp-block-file--media-e425eb12-8c90-4f63-8d2d-38ef8c30c03a\" href=\"https:\/\/pans.krosno.pl\/zarzadzanie-magisterskie\/wp-content\/uploads\/sites\/42\/2025\/02\/oswiadczenie-o-wykonywanych-czynnosciach.doc\">oswiadczenie-o-wykonywanych-czynnosciach<\/a><a href=\"https:\/\/pans.krosno.pl\/zarzadzanie-magisterskie\/wp-content\/uploads\/sites\/42\/2025\/02\/oswiadczenie-o-wykonywanych-czynnosciach.doc\" class=\"wp-block-file__button wp-element-button\" download aria-describedby=\"wp-block-file--media-e425eb12-8c90-4f63-8d2d-38ef8c30c03a\">Pobierz<\/a><\/div>\n\n\n\n<div class=\"wp-block-file\"><a id=\"wp-block-file--media-1a4029cf-a3f8-4f0f-8286-98b8cf50f3a3\" href=\"https:\/\/pans.krosno.pl\/zarzadzanie-magisterskie\/wp-content\/uploads\/sites\/42\/2025\/02\/zaswiadczenie-pracodawca.doc\">zaswiadczenie-pracodawca<\/a><a href=\"https:\/\/pans.krosno.pl\/zarzadzanie-magisterskie\/wp-content\/uploads\/sites\/42\/2025\/02\/zaswiadczenie-pracodawca.doc\" class=\"wp-block-file__button wp-element-button\" download aria-describedby=\"wp-block-file--media-1a4029cf-a3f8-4f0f-8286-98b8cf50f3a3\">Pobierz<\/a><\/div>\n","protected":false},"excerpt":{"rendered":"<p>Zasady organizacji i odbywania praktyk na II roku Zasady organizacji i odbywania praktyk na I roku Dokumenty Dokumenty zwolnienie z odbywania praktyk<\/p>\n","protected":false},"author":1,"featured_media":0,"parent":0,"menu_order":0,"comment_status":"closed","ping_status":"closed","template":"page-templates\/template-full-width.php","meta":{"ngg_post_thumbnail":0,"footnotes":""},"class_list":["post-22","page","type-page","status-publish","hentry"],"yoast_head":"<!-- This site is optimized with the Yoast SEO Premium plugin v27.4 (Yoast SEO v27.4) - https:\/\/yoast.com\/product\/yoast-seo-premium-wordpress\/ -->\n<title>Praktyki zawodowe - Zarz\u0105dzanie - Studia II Stopnia PANS w Kro\u015bnie<\/title>\n<meta name=\"description\" content=\"Praktyki studenckie na studiach magisterskich\" \/>\n<meta name=\"robots\" content=\"index, follow, max-snippet:-1, max-image-preview:large, max-video-preview:-1\" \/>\n<link rel=\"canonical\" href=\"https:\/\/pans.krosno.pl\/zarzadzanie-magisterskie\/praktyki-zawodowe\/\" \/>\n<meta property=\"og:locale\" content=\"pl_PL\" \/>\n<meta property=\"og:type\" content=\"article\" \/>\n<meta property=\"og:title\" content=\"Praktyki zawodowe\" \/>\n<meta property=\"og:description\" content=\"Praktyki studenckie na studiach magisterskich\" \/>\n<meta property=\"og:url\" content=\"https:\/\/pans.krosno.pl\/zarzadzanie-magisterskie\/praktyki-zawodowe\/\" \/>\n<meta property=\"og:site_name\" content=\"Zarz\u0105dzanie - Studia II Stopnia PANS w Kro\u015bnie\" \/>\n<meta property=\"article:modified_time\" content=\"2025-11-08T08:05:58+00:00\" \/>\n<meta name=\"twitter:card\" content=\"summary_large_image\" \/>\n<meta name=\"twitter:label1\" content=\"Szacowany czas czytania\" \/>\n\t<meta name=\"twitter:data1\" content=\"1 minuta\" \/>\n<script type=\"application\/ld+json\" class=\"yoast-schema-graph\">{\"@context\":\"https:\\\/\\\/schema.org\",\"@graph\":[{\"@type\":\"WebPage\",\"@id\":\"https:\\\/\\\/pans.krosno.pl\\\/zarzadzanie-magisterskie\\\/praktyki-zawodowe\\\/\",\"url\":\"https:\\\/\\\/pans.krosno.pl\\\/zarzadzanie-magisterskie\\\/praktyki-zawodowe\\\/\",\"name\":\"Praktyki zawodowe - Zarz\u0105dzanie - Studia II Stopnia PANS w Kro\u015bnie\",\"isPartOf\":{\"@id\":\"https:\\\/\\\/pans.krosno.pl\\\/zarzadzanie-magisterskie\\\/#website\"},\"datePublished\":\"2020-03-27T21:48:32+00:00\",\"dateModified\":\"2025-11-08T08:05:58+00:00\",\"description\":\"Praktyki studenckie na studiach magisterskich\",\"breadcrumb\":{\"@id\":\"https:\\\/\\\/pans.krosno.pl\\\/zarzadzanie-magisterskie\\\/praktyki-zawodowe\\\/#breadcrumb\"},\"inLanguage\":\"pl-PL\",\"potentialAction\":[{\"@type\":\"ReadAction\",\"target\":[\"https:\\\/\\\/pans.krosno.pl\\\/zarzadzanie-magisterskie\\\/praktyki-zawodowe\\\/\"]}]},{\"@type\":\"BreadcrumbList\",\"@id\":\"https:\\\/\\\/pans.krosno.pl\\\/zarzadzanie-magisterskie\\\/praktyki-zawodowe\\\/#breadcrumb\",\"itemListElement\":[{\"@type\":\"ListItem\",\"position\":1,\"name\":\"Strona g\u0142\u00f3wna\",\"item\":\"https:\\\/\\\/pans.krosno.pl\\\/zarzadzanie-magisterskie\\\/\"},{\"@type\":\"ListItem\",\"position\":2,\"name\":\"Praktyki zawodowe\"}]},{\"@type\":\"WebSite\",\"@id\":\"https:\\\/\\\/pans.krosno.pl\\\/zarzadzanie-magisterskie\\\/#website\",\"url\":\"https:\\\/\\\/pans.krosno.pl\\\/zarzadzanie-magisterskie\\\/\",\"name\":\"Zarz\u0105dzanie - Studia II Stopnia PANS w Kro\u015bnie\",\"description\":\"Zarz\u0105dzanie - Studia II Stopnia - Pa\u0144stwowa Akademia Nauk Stosowanych\",\"publisher\":{\"@id\":\"https:\\\/\\\/pans.krosno.pl\\\/zarzadzanie-magisterskie\\\/#organization\"},\"potentialAction\":[{\"@type\":\"SearchAction\",\"target\":{\"@type\":\"EntryPoint\",\"urlTemplate\":\"https:\\\/\\\/pans.krosno.pl\\\/zarzadzanie-magisterskie\\\/?s={search_term_string}\"},\"query-input\":{\"@type\":\"PropertyValueSpecification\",\"valueRequired\":true,\"valueName\":\"search_term_string\"}}],\"inLanguage\":\"pl-PL\"},{\"@type\":\"Organization\",\"@id\":\"https:\\\/\\\/pans.krosno.pl\\\/zarzadzanie-magisterskie\\\/#organization\",\"name\":\"Zarz\u0105dzanie - Studia II Stopnia PANS w Kro\u015bnie\",\"url\":\"https:\\\/\\\/pans.krosno.pl\\\/zarzadzanie-magisterskie\\\/\",\"logo\":{\"@type\":\"ImageObject\",\"inLanguage\":\"pl-PL\",\"@id\":\"https:\\\/\\\/pans.krosno.pl\\\/zarzadzanie-magisterskie\\\/#\\\/schema\\\/logo\\\/image\\\/\",\"url\":\"https:\\\/\\\/pans.krosno.pl\\\/zarzadzanie-magisterskie\\\/wp-content\\\/uploads\\\/sites\\\/42\\\/2023\\\/01\\\/Logo-PANS-2022-pelne.png\",\"contentUrl\":\"https:\\\/\\\/pans.krosno.pl\\\/zarzadzanie-magisterskie\\\/wp-content\\\/uploads\\\/sites\\\/42\\\/2023\\\/01\\\/Logo-PANS-2022-pelne.png\",\"width\":3096,\"height\":696,\"caption\":\"Zarz\u0105dzanie - Studia II Stopnia PANS w Kro\u015bnie\"},\"image\":{\"@id\":\"https:\\\/\\\/pans.krosno.pl\\\/zarzadzanie-magisterskie\\\/#\\\/schema\\\/logo\\\/image\\\/\"}}]}<\/script>\n<!-- \/ Yoast SEO Premium plugin. -->","yoast_head_json":{"title":"Praktyki zawodowe - Zarz\u0105dzanie - Studia II Stopnia PANS w Kro\u015bnie","description":"Praktyki studenckie na studiach magisterskich","robots":{"index":"index","follow":"follow","max-snippet":"max-snippet:-1","max-image-preview":"max-image-preview:large","max-video-preview":"max-video-preview:-1"},"canonical":"https:\/\/pans.krosno.pl\/zarzadzanie-magisterskie\/praktyki-zawodowe\/","og_locale":"pl_PL","og_type":"article","og_title":"Praktyki zawodowe","og_description":"Praktyki studenckie na studiach magisterskich","og_url":"https:\/\/pans.krosno.pl\/zarzadzanie-magisterskie\/praktyki-zawodowe\/","og_site_name":"Zarz\u0105dzanie - Studia II Stopnia PANS w Kro\u015bnie","article_modified_time":"2025-11-08T08:05:58+00:00","twitter_card":"summary_large_image","twitter_misc":{"Szacowany czas czytania":"1 minuta"},"schema":{"@context":"https:\/\/schema.org","@graph":[{"@type":"WebPage","@id":"https:\/\/pans.krosno.pl\/zarzadzanie-magisterskie\/praktyki-zawodowe\/","url":"https:\/\/pans.krosno.pl\/zarzadzanie-magisterskie\/praktyki-zawodowe\/","name":"Praktyki zawodowe - Zarz\u0105dzanie - Studia II Stopnia PANS w Kro\u015bnie","isPartOf":{"@id":"https:\/\/pans.krosno.pl\/zarzadzanie-magisterskie\/#website"},"datePublished":"2020-03-27T21:48:32+00:00","dateModified":"2025-11-08T08:05:58+00:00","description":"Praktyki studenckie na studiach magisterskich","breadcrumb":{"@id":"https:\/\/pans.krosno.pl\/zarzadzanie-magisterskie\/praktyki-zawodowe\/#breadcrumb"},"inLanguage":"pl-PL","potentialAction":[{"@type":"ReadAction","target":["https:\/\/pans.krosno.pl\/zarzadzanie-magisterskie\/praktyki-zawodowe\/"]}]},{"@type":"BreadcrumbList","@id":"https:\/\/pans.krosno.pl\/zarzadzanie-magisterskie\/praktyki-zawodowe\/#breadcrumb","itemListElement":[{"@type":"ListItem","position":1,"name":"Strona g\u0142\u00f3wna","item":"https:\/\/pans.krosno.pl\/zarzadzanie-magisterskie\/"},{"@type":"ListItem","position":2,"name":"Praktyki zawodowe"}]},{"@type":"WebSite","@id":"https:\/\/pans.krosno.pl\/zarzadzanie-magisterskie\/#website","url":"https:\/\/pans.krosno.pl\/zarzadzanie-magisterskie\/","name":"Zarz\u0105dzanie - Studia II Stopnia PANS w Kro\u015bnie","description":"Zarz\u0105dzanie - Studia II Stopnia - Pa\u0144stwowa Akademia Nauk Stosowanych","publisher":{"@id":"https:\/\/pans.krosno.pl\/zarzadzanie-magisterskie\/#organization"},"potentialAction":[{"@type":"SearchAction","target":{"@type":"EntryPoint","urlTemplate":"https:\/\/pans.krosno.pl\/zarzadzanie-magisterskie\/?s={search_term_string}"},"query-input":{"@type":"PropertyValueSpecification","valueRequired":true,"valueName":"search_term_string"}}],"inLanguage":"pl-PL"},{"@type":"Organization","@id":"https:\/\/pans.krosno.pl\/zarzadzanie-magisterskie\/#organization","name":"Zarz\u0105dzanie - Studia II Stopnia PANS w Kro\u015bnie","url":"https:\/\/pans.krosno.pl\/zarzadzanie-magisterskie\/","logo":{"@type":"ImageObject","inLanguage":"pl-PL","@id":"https:\/\/pans.krosno.pl\/zarzadzanie-magisterskie\/#\/schema\/logo\/image\/","url":"https:\/\/pans.krosno.pl\/zarzadzanie-magisterskie\/wp-content\/uploads\/sites\/42\/2023\/01\/Logo-PANS-2022-pelne.png","contentUrl":"https:\/\/pans.krosno.pl\/zarzadzanie-magisterskie\/wp-content\/uploads\/sites\/42\/2023\/01\/Logo-PANS-2022-pelne.png","width":3096,"height":696,"caption":"Zarz\u0105dzanie - Studia II Stopnia PANS w Kro\u015bnie"},"image":{"@id":"https:\/\/pans.krosno.pl\/zarzadzanie-magisterskie\/#\/schema\/logo\/image\/"}}]}},"_links":{"self":[{"href":"https:\/\/pans.krosno.pl\/zarzadzanie-magisterskie\/wp-json\/wp\/v2\/pages\/22","targetHints":{"allow":["GET"]}}],"collection":[{"href":"https:\/\/pans.krosno.pl\/zarzadzanie-magisterskie\/wp-json\/wp\/v2\/pages"}],"about":[{"href":"https:\/\/pans.krosno.pl\/zarzadzanie-magisterskie\/wp-json\/wp\/v2\/types\/page"}],"author":[{"embeddable":true,"href":"https:\/\/pans.krosno.pl\/zarzadzanie-magisterskie\/wp-json\/wp\/v2\/users\/1"}],"replies":[{"embeddable":true,"href":"https:\/\/pans.krosno.pl\/zarzadzanie-magisterskie\/wp-json\/wp\/v2\/comments?post=22"}],"version-history":[{"count":42,"href":"https:\/\/pans.krosno.pl\/zarzadzanie-magisterskie\/wp-json\/wp\/v2\/pages\/22\/revisions"}],"predecessor-version":[{"id":1608,"href":"https:\/\/pans.krosno.pl\/zarzadzanie-magisterskie\/wp-json\/wp\/v2\/pages\/22\/revisions\/1608"}],"wp:attachment":[{"href":"https:\/\/pans.krosno.pl\/zarzadzanie-magisterskie\/wp-json\/wp\/v2\/media?parent=22"}],"curies":[{"name":"wp","href":"https:\/\/api.w.org\/{rel}","templated":true}]}}