{"id":20,"date":"2020-03-27T22:48:32","date_gmt":"2020-03-27T21:48:32","guid":{"rendered":"https:\/\/pans.krosno.pl\/zarzadzanie-magisterskie\/?page_id=20"},"modified":"2024-10-29T13:34:53","modified_gmt":"2024-10-29T12:34:53","slug":"egzamin-dyplomowy","status":"publish","type":"page","link":"https:\/\/pans.krosno.pl\/zarzadzanie-magisterskie\/egzamin-dyplomowy\/","title":{"rendered":"Egzamin dyplomowy"},"content":{"rendered":"\n<p><strong>Praca dyplomowa<\/strong><\/p>\n\n\n\n<div class=\"wp-block-file\"><a id=\"wp-block-file--media-014471e6-f7f1-4b36-98f9-96b94274f4f4\" href=\"https:\/\/pans.krosno.pl\/zarzadzanie-magisterskie\/wp-content\/uploads\/sites\/42\/2024\/10\/Wzor-strony-tytulowej-PANS-mgr.doc\">Wzor-strony-tytulowej-PANS-mgr<\/a><a href=\"https:\/\/pans.krosno.pl\/zarzadzanie-magisterskie\/wp-content\/uploads\/sites\/42\/2024\/10\/Wzor-strony-tytulowej-PANS-mgr.doc\" class=\"wp-block-file__button wp-element-button\" download aria-describedby=\"wp-block-file--media-014471e6-f7f1-4b36-98f9-96b94274f4f4\">Pobierz<\/a><\/div>\n\n\n\n<div class=\"wp-block-file\"><a id=\"wp-block-file--media-196cabcd-0b82-4938-9365-91beed73f822\" href=\"https:\/\/pans.krosno.pl\/zarzadzanie-magisterskie\/wp-content\/uploads\/sites\/42\/2024\/10\/formularz_temat_pracy_dyplomowej.docx\">formularz_temat_pracy_dyplomowej<\/a><a href=\"https:\/\/pans.krosno.pl\/zarzadzanie-magisterskie\/wp-content\/uploads\/sites\/42\/2024\/10\/formularz_temat_pracy_dyplomowej.docx\" class=\"wp-block-file__button wp-element-button\" download aria-describedby=\"wp-block-file--media-196cabcd-0b82-4938-9365-91beed73f822\">Pobierz<\/a><\/div>\n\n\n\n<div class=\"wp-block-file\"><a id=\"wp-block-file--media-889ef837-f10b-48bf-8547-970eeb7f080e\" href=\"https:\/\/pans.krosno.pl\/zarzadzanie-magisterskie\/wp-content\/uploads\/sites\/42\/2024\/10\/formularz_zmiany_tematu_pracy_dyplomowej.docx\">formularz_zmiany_tematu_pracy_dyplomowej<\/a><a href=\"https:\/\/pans.krosno.pl\/zarzadzanie-magisterskie\/wp-content\/uploads\/sites\/42\/2024\/10\/formularz_zmiany_tematu_pracy_dyplomowej.docx\" class=\"wp-block-file__button wp-element-button\" download aria-describedby=\"wp-block-file--media-889ef837-f10b-48bf-8547-970eeb7f080e\">Pobierz<\/a><\/div>\n\n\n\n<div class=\"wp-block-file\"><a id=\"wp-block-file--media-1f673c2e-44fe-493a-845f-830ee476f445\" href=\"https:\/\/pans.krosno.pl\/zarzadzanie-magisterskie\/wp-content\/uploads\/sites\/42\/2024\/10\/formularz_zmiana_promotora.docx\">formularz_zmiana_promotora<\/a><a href=\"https:\/\/pans.krosno.pl\/zarzadzanie-magisterskie\/wp-content\/uploads\/sites\/42\/2024\/10\/formularz_zmiana_promotora.docx\" class=\"wp-block-file__button wp-element-button\" download aria-describedby=\"wp-block-file--media-1f673c2e-44fe-493a-845f-830ee476f445\">Pobierz<\/a><\/div>\n\n\n\n<div class=\"wp-block-file\"><a id=\"wp-block-file--media-4b11dbf1-c55c-4804-99d7-e6f85fddf11f\" href=\"https:\/\/pans.krosno.pl\/zarzadzanie-magisterskie\/wp-content\/uploads\/sites\/42\/2024\/10\/podanie_o_udostepnienie_danych.doc\">podanie_o_udostepnienie_danych<\/a><a href=\"https:\/\/pans.krosno.pl\/zarzadzanie-magisterskie\/wp-content\/uploads\/sites\/42\/2024\/10\/podanie_o_udostepnienie_danych.doc\" class=\"wp-block-file__button wp-element-button\" download aria-describedby=\"wp-block-file--media-4b11dbf1-c55c-4804-99d7-e6f85fddf11f\">Pobierz<\/a><\/div>\n\n\n\n<div class=\"wp-block-file\"><a id=\"wp-block-file--media-ff456155-57b9-4cae-9b8c-dc2bb6c4f3fd\" href=\"https:\/\/pans.krosno.pl\/zarzadzanie-magisterskie\/wp-content\/uploads\/sites\/42\/2024\/10\/wymogi_dotyczace_przygotowania_pracy_licencjackiej_i_magisterskiej-.docx\">wymogi_dotyczace_przygotowania_pracy_licencjackiej_i_magisterskiej-<\/a><a href=\"https:\/\/pans.krosno.pl\/zarzadzanie-magisterskie\/wp-content\/uploads\/sites\/42\/2024\/10\/wymogi_dotyczace_przygotowania_pracy_licencjackiej_i_magisterskiej-.docx\" class=\"wp-block-file__button wp-element-button\" download aria-describedby=\"wp-block-file--media-ff456155-57b9-4cae-9b8c-dc2bb6c4f3fd\">Pobierz<\/a><\/div>\n\n\n\n<div class=\"wp-block-file\"><a id=\"wp-block-file--media-22ddddd9-f35b-447d-87b0-9553368e53ef\" href=\"https:\/\/pans.krosno.pl\/zarzadzanie-magisterskie\/wp-content\/uploads\/sites\/42\/2024\/10\/6-procedura-dyplomowania-wydanie-4.doc\">6-procedura-dyplomowania-wydanie-4<\/a><a href=\"https:\/\/pans.krosno.pl\/zarzadzanie-magisterskie\/wp-content\/uploads\/sites\/42\/2024\/10\/6-procedura-dyplomowania-wydanie-4.doc\" class=\"wp-block-file__button wp-element-button\" download aria-describedby=\"wp-block-file--media-22ddddd9-f35b-447d-87b0-9553368e53ef\">Pobierz<\/a><\/div>\n\n\n\n<div class=\"wp-block-file\"><a id=\"wp-block-file--media-0be60f96-337d-4823-b8ae-85faf3b27e10\" href=\"https:\/\/pans.krosno.pl\/zarzadzanie-magisterskie\/wp-content\/uploads\/sites\/42\/2024\/10\/OSWIADCZENIA-w-pracy-dyplomowej.docx\">OSWIADCZENIA-w-pracy-dyplomowej<\/a><a href=\"https:\/\/pans.krosno.pl\/zarzadzanie-magisterskie\/wp-content\/uploads\/sites\/42\/2024\/10\/OSWIADCZENIA-w-pracy-dyplomowej.docx\" class=\"wp-block-file__button wp-element-button\" download aria-describedby=\"wp-block-file--media-0be60f96-337d-4823-b8ae-85faf3b27e10\">Pobierz<\/a><\/div>\n\n\n\n<p><strong>Zaliczenie seminarium<\/strong><\/p>\n\n\n\n<div class=\"wp-block-file\"><a id=\"wp-block-file--media-c69221f5-6080-42b9-a3d9-a96ace100382\" href=\"https:\/\/pans.krosno.pl\/zarzadzanie-magisterskie\/wp-content\/uploads\/sites\/42\/2024\/10\/program_seminarium_dyplomowego_-_60_godzin-.docx\">program_seminarium_dyplomowego_-_60_godzin-<\/a><a href=\"https:\/\/pans.krosno.pl\/zarzadzanie-magisterskie\/wp-content\/uploads\/sites\/42\/2024\/10\/program_seminarium_dyplomowego_-_60_godzin-.docx\" class=\"wp-block-file__button wp-element-button\" download aria-describedby=\"wp-block-file--media-c69221f5-6080-42b9-a3d9-a96ace100382\">Pobierz<\/a><\/div>\n\n\n\n<p><strong>Pytania &#8211; egzamin dyplomowy<\/strong><\/p>\n\n\n\n<div class=\"wp-block-file\"><a id=\"wp-block-file--media-1b76ed98-d1fd-4f72-b0f8-11441c7a4be8\" href=\"https:\/\/pans.krosno.pl\/zarzadzanie-magisterskie\/wp-content\/uploads\/sites\/42\/2024\/10\/zestaw_pytan_do_egzaminu_MAGISTERSKIEGO.docx\">zestaw_pytan_do_egzaminu_MAGISTERSKIEGO<\/a><a href=\"https:\/\/pans.krosno.pl\/zarzadzanie-magisterskie\/wp-content\/uploads\/sites\/42\/2024\/10\/zestaw_pytan_do_egzaminu_MAGISTERSKIEGO.docx\" class=\"wp-block-file__button wp-element-button\" download aria-describedby=\"wp-block-file--media-1b76ed98-d1fd-4f72-b0f8-11441c7a4be8\">Pobierz<\/a><\/div>\n\n\n\n<p><\/p>\n","protected":false},"excerpt":{"rendered":"<p>Praca dyplomowa Zaliczenie seminarium Pytania &#8211; egzamin dyplomowy<\/p>\n","protected":false},"author":1,"featured_media":0,"parent":0,"menu_order":0,"comment_status":"closed","ping_status":"closed","template":"page-templates\/template-full-width.php","meta":{"ngg_post_thumbnail":0,"footnotes":""},"class_list":["post-20","page","type-page","status-publish","hentry"],"yoast_head":"<!-- This site is optimized with the Yoast SEO Premium plugin v27.4 (Yoast SEO v27.4) - https:\/\/yoast.com\/product\/yoast-seo-premium-wordpress\/ -->\n<title>Egzamin dyplomowy - Zarz\u0105dzanie - Studia II Stopnia PANS w Kro\u015bnie<\/title>\n<meta name=\"robots\" content=\"index, follow, max-snippet:-1, max-image-preview:large, max-video-preview:-1\" \/>\n<link rel=\"canonical\" href=\"https:\/\/pans.krosno.pl\/zarzadzanie-magisterskie\/egzamin-dyplomowy\/\" \/>\n<meta property=\"og:locale\" content=\"pl_PL\" \/>\n<meta property=\"og:type\" content=\"article\" \/>\n<meta property=\"og:title\" content=\"Egzamin dyplomowy\" \/>\n<meta property=\"og:description\" content=\"Praca dyplomowa Zaliczenie seminarium Pytania &#8211; egzamin dyplomowy\" \/>\n<meta property=\"og:url\" content=\"https:\/\/pans.krosno.pl\/zarzadzanie-magisterskie\/egzamin-dyplomowy\/\" \/>\n<meta property=\"og:site_name\" content=\"Zarz\u0105dzanie - Studia II Stopnia PANS w Kro\u015bnie\" \/>\n<meta property=\"article:modified_time\" content=\"2024-10-29T12:34:53+00:00\" \/>\n<meta name=\"twitter:card\" content=\"summary_large_image\" \/>\n<meta name=\"twitter:label1\" content=\"Szacowany czas czytania\" \/>\n\t<meta name=\"twitter:data1\" content=\"1 minuta\" \/>\n<script type=\"application\/ld+json\" class=\"yoast-schema-graph\">{\"@context\":\"https:\\\/\\\/schema.org\",\"@graph\":[{\"@type\":\"WebPage\",\"@id\":\"https:\\\/\\\/pans.krosno.pl\\\/zarzadzanie-magisterskie\\\/egzamin-dyplomowy\\\/\",\"url\":\"https:\\\/\\\/pans.krosno.pl\\\/zarzadzanie-magisterskie\\\/egzamin-dyplomowy\\\/\",\"name\":\"Egzamin dyplomowy - Zarz\u0105dzanie - Studia II Stopnia PANS w Kro\u015bnie\",\"isPartOf\":{\"@id\":\"https:\\\/\\\/pans.krosno.pl\\\/zarzadzanie-magisterskie\\\/#website\"},\"datePublished\":\"2020-03-27T21:48:32+00:00\",\"dateModified\":\"2024-10-29T12:34:53+00:00\",\"breadcrumb\":{\"@id\":\"https:\\\/\\\/pans.krosno.pl\\\/zarzadzanie-magisterskie\\\/egzamin-dyplomowy\\\/#breadcrumb\"},\"inLanguage\":\"pl-PL\",\"potentialAction\":[{\"@type\":\"ReadAction\",\"target\":[\"https:\\\/\\\/pans.krosno.pl\\\/zarzadzanie-magisterskie\\\/egzamin-dyplomowy\\\/\"]}]},{\"@type\":\"BreadcrumbList\",\"@id\":\"https:\\\/\\\/pans.krosno.pl\\\/zarzadzanie-magisterskie\\\/egzamin-dyplomowy\\\/#breadcrumb\",\"itemListElement\":[{\"@type\":\"ListItem\",\"position\":1,\"name\":\"Strona g\u0142\u00f3wna\",\"item\":\"https:\\\/\\\/pans.krosno.pl\\\/zarzadzanie-magisterskie\\\/\"},{\"@type\":\"ListItem\",\"position\":2,\"name\":\"Egzamin dyplomowy\"}]},{\"@type\":\"WebSite\",\"@id\":\"https:\\\/\\\/pans.krosno.pl\\\/zarzadzanie-magisterskie\\\/#website\",\"url\":\"https:\\\/\\\/pans.krosno.pl\\\/zarzadzanie-magisterskie\\\/\",\"name\":\"Zarz\u0105dzanie - Studia II Stopnia PANS w Kro\u015bnie\",\"description\":\"Zarz\u0105dzanie - Studia II Stopnia - Pa\u0144stwowa Akademia Nauk Stosowanych\",\"publisher\":{\"@id\":\"https:\\\/\\\/pans.krosno.pl\\\/zarzadzanie-magisterskie\\\/#organization\"},\"potentialAction\":[{\"@type\":\"SearchAction\",\"target\":{\"@type\":\"EntryPoint\",\"urlTemplate\":\"https:\\\/\\\/pans.krosno.pl\\\/zarzadzanie-magisterskie\\\/?s={search_term_string}\"},\"query-input\":{\"@type\":\"PropertyValueSpecification\",\"valueRequired\":true,\"valueName\":\"search_term_string\"}}],\"inLanguage\":\"pl-PL\"},{\"@type\":\"Organization\",\"@id\":\"https:\\\/\\\/pans.krosno.pl\\\/zarzadzanie-magisterskie\\\/#organization\",\"name\":\"Zarz\u0105dzanie - Studia II Stopnia PANS w Kro\u015bnie\",\"url\":\"https:\\\/\\\/pans.krosno.pl\\\/zarzadzanie-magisterskie\\\/\",\"logo\":{\"@type\":\"ImageObject\",\"inLanguage\":\"pl-PL\",\"@id\":\"https:\\\/\\\/pans.krosno.pl\\\/zarzadzanie-magisterskie\\\/#\\\/schema\\\/logo\\\/image\\\/\",\"url\":\"https:\\\/\\\/pans.krosno.pl\\\/zarzadzanie-magisterskie\\\/wp-content\\\/uploads\\\/sites\\\/42\\\/2023\\\/01\\\/Logo-PANS-2022-pelne.png\",\"contentUrl\":\"https:\\\/\\\/pans.krosno.pl\\\/zarzadzanie-magisterskie\\\/wp-content\\\/uploads\\\/sites\\\/42\\\/2023\\\/01\\\/Logo-PANS-2022-pelne.png\",\"width\":3096,\"height\":696,\"caption\":\"Zarz\u0105dzanie - Studia II Stopnia PANS w Kro\u015bnie\"},\"image\":{\"@id\":\"https:\\\/\\\/pans.krosno.pl\\\/zarzadzanie-magisterskie\\\/#\\\/schema\\\/logo\\\/image\\\/\"}}]}<\/script>\n<!-- \/ Yoast SEO Premium plugin. -->","yoast_head_json":{"title":"Egzamin dyplomowy - Zarz\u0105dzanie - Studia II Stopnia PANS w Kro\u015bnie","robots":{"index":"index","follow":"follow","max-snippet":"max-snippet:-1","max-image-preview":"max-image-preview:large","max-video-preview":"max-video-preview:-1"},"canonical":"https:\/\/pans.krosno.pl\/zarzadzanie-magisterskie\/egzamin-dyplomowy\/","og_locale":"pl_PL","og_type":"article","og_title":"Egzamin dyplomowy","og_description":"Praca dyplomowa Zaliczenie seminarium Pytania &#8211; egzamin dyplomowy","og_url":"https:\/\/pans.krosno.pl\/zarzadzanie-magisterskie\/egzamin-dyplomowy\/","og_site_name":"Zarz\u0105dzanie - Studia II Stopnia PANS w Kro\u015bnie","article_modified_time":"2024-10-29T12:34:53+00:00","twitter_card":"summary_large_image","twitter_misc":{"Szacowany czas czytania":"1 minuta"},"schema":{"@context":"https:\/\/schema.org","@graph":[{"@type":"WebPage","@id":"https:\/\/pans.krosno.pl\/zarzadzanie-magisterskie\/egzamin-dyplomowy\/","url":"https:\/\/pans.krosno.pl\/zarzadzanie-magisterskie\/egzamin-dyplomowy\/","name":"Egzamin dyplomowy - Zarz\u0105dzanie - Studia II Stopnia PANS w Kro\u015bnie","isPartOf":{"@id":"https:\/\/pans.krosno.pl\/zarzadzanie-magisterskie\/#website"},"datePublished":"2020-03-27T21:48:32+00:00","dateModified":"2024-10-29T12:34:53+00:00","breadcrumb":{"@id":"https:\/\/pans.krosno.pl\/zarzadzanie-magisterskie\/egzamin-dyplomowy\/#breadcrumb"},"inLanguage":"pl-PL","potentialAction":[{"@type":"ReadAction","target":["https:\/\/pans.krosno.pl\/zarzadzanie-magisterskie\/egzamin-dyplomowy\/"]}]},{"@type":"BreadcrumbList","@id":"https:\/\/pans.krosno.pl\/zarzadzanie-magisterskie\/egzamin-dyplomowy\/#breadcrumb","itemListElement":[{"@type":"ListItem","position":1,"name":"Strona g\u0142\u00f3wna","item":"https:\/\/pans.krosno.pl\/zarzadzanie-magisterskie\/"},{"@type":"ListItem","position":2,"name":"Egzamin dyplomowy"}]},{"@type":"WebSite","@id":"https:\/\/pans.krosno.pl\/zarzadzanie-magisterskie\/#website","url":"https:\/\/pans.krosno.pl\/zarzadzanie-magisterskie\/","name":"Zarz\u0105dzanie - Studia II Stopnia PANS w Kro\u015bnie","description":"Zarz\u0105dzanie - Studia II Stopnia - Pa\u0144stwowa Akademia Nauk Stosowanych","publisher":{"@id":"https:\/\/pans.krosno.pl\/zarzadzanie-magisterskie\/#organization"},"potentialAction":[{"@type":"SearchAction","target":{"@type":"EntryPoint","urlTemplate":"https:\/\/pans.krosno.pl\/zarzadzanie-magisterskie\/?s={search_term_string}"},"query-input":{"@type":"PropertyValueSpecification","valueRequired":true,"valueName":"search_term_string"}}],"inLanguage":"pl-PL"},{"@type":"Organization","@id":"https:\/\/pans.krosno.pl\/zarzadzanie-magisterskie\/#organization","name":"Zarz\u0105dzanie - Studia II Stopnia PANS w Kro\u015bnie","url":"https:\/\/pans.krosno.pl\/zarzadzanie-magisterskie\/","logo":{"@type":"ImageObject","inLanguage":"pl-PL","@id":"https:\/\/pans.krosno.pl\/zarzadzanie-magisterskie\/#\/schema\/logo\/image\/","url":"https:\/\/pans.krosno.pl\/zarzadzanie-magisterskie\/wp-content\/uploads\/sites\/42\/2023\/01\/Logo-PANS-2022-pelne.png","contentUrl":"https:\/\/pans.krosno.pl\/zarzadzanie-magisterskie\/wp-content\/uploads\/sites\/42\/2023\/01\/Logo-PANS-2022-pelne.png","width":3096,"height":696,"caption":"Zarz\u0105dzanie - Studia II Stopnia PANS w Kro\u015bnie"},"image":{"@id":"https:\/\/pans.krosno.pl\/zarzadzanie-magisterskie\/#\/schema\/logo\/image\/"}}]}},"_links":{"self":[{"href":"https:\/\/pans.krosno.pl\/zarzadzanie-magisterskie\/wp-json\/wp\/v2\/pages\/20","targetHints":{"allow":["GET"]}}],"collection":[{"href":"https:\/\/pans.krosno.pl\/zarzadzanie-magisterskie\/wp-json\/wp\/v2\/pages"}],"about":[{"href":"https:\/\/pans.krosno.pl\/zarzadzanie-magisterskie\/wp-json\/wp\/v2\/types\/page"}],"author":[{"embeddable":true,"href":"https:\/\/pans.krosno.pl\/zarzadzanie-magisterskie\/wp-json\/wp\/v2\/users\/1"}],"replies":[{"embeddable":true,"href":"https:\/\/pans.krosno.pl\/zarzadzanie-magisterskie\/wp-json\/wp\/v2\/comments?post=20"}],"version-history":[{"count":9,"href":"https:\/\/pans.krosno.pl\/zarzadzanie-magisterskie\/wp-json\/wp\/v2\/pages\/20\/revisions"}],"predecessor-version":[{"id":1403,"href":"https:\/\/pans.krosno.pl\/zarzadzanie-magisterskie\/wp-json\/wp\/v2\/pages\/20\/revisions\/1403"}],"wp:attachment":[{"href":"https:\/\/pans.krosno.pl\/zarzadzanie-magisterskie\/wp-json\/wp\/v2\/media?parent=20"}],"curies":[{"name":"wp","href":"https:\/\/api.w.org\/{rel}","templated":true}]}}