{"id":17,"date":"2020-03-27T22:48:32","date_gmt":"2020-03-27T21:48:32","guid":{"rendered":"https:\/\/pans.krosno.pl\/zarzadzanie-magisterskie\/?page_id=17"},"modified":"2026-03-23T18:43:16","modified_gmt":"2026-03-23T17:43:16","slug":"dyzury-pracownikow","status":"publish","type":"page","link":"https:\/\/pans.krosno.pl\/zarzadzanie-magisterskie\/dyzury-pracownikow\/","title":{"rendered":"Dy\u017cury pracownik\u00f3w"},"content":{"rendered":"\n<h4 class=\"wp-block-heading\" id=\"h-konsultacje-semestr-letni-2025-2026\">Konsultacje &#8211; semestr letni 2025\/2026<\/h4>\n\n\n\n<p>Uwaga: oznaczenia A \u2013 tydzie\u0144 nieparzysty; B \u2013 tydzie\u0144 parzysty<\/p>\n\n\n\n<figure class=\"wp-block-table is-style-stripes\"><table><thead><tr><th>Imi\u0119 i nazwisko<\/th><th>Dzie\u0144<\/th><th>Godzina<\/th><th>Miejsce<\/th><\/tr><\/thead><tbody><tr><td><a href=\"https:\/\/pans.krosno.pl\/pracownicy\/kazimierz-krupa\/\" target=\"_blank\" rel=\"noreferrer noopener\">dr hab. Kazimierz Krupa, prof. PANS<\/a><\/td><td>pi\u0105tek A<\/td><td>16:00-16:45<\/td><td> Wyspia\u0144skiego p. 2A  <\/td><\/tr><tr><td><a href=\"https:\/\/pans.krosno.pl\/pracownicy\/lukasz-furman\/\">dr&nbsp;hab.&nbsp;\u0141ukasz&nbsp;Furman,&nbsp;prof.&nbsp;PANS<\/a><\/td><td>pi\u0105tek<\/td><td>13:00-15:00<\/td><td>Wyspia\u0144skiego p. 2A<\/td><\/tr><tr><td><a href=\"https:\/\/pans.krosno.pl\/pracownicy\/malgorzata-szeliga\/\">dr&nbsp;in\u017c.&nbsp;Ma\u0142gorzata&nbsp;Szeliga&nbsp;\u2013&nbsp;p.o.&nbsp;Kierownik&nbsp;Zak\u0142adu<\/a><\/td><td>czwartek A<br><br>sobota B<\/td><td>14:30-16:30<br><br>11:30-13:30<\/td><td>Wyspia\u0144skiego p. 4B<\/td><\/tr><tr><td><a href=\"https:\/\/pans.krosno.pl\/pracownicy\/malgorzata-zrodlo-loda\/\">dr in\u017c. Ma\u0142gorzata \u0179r\u00f3d\u0142o-Loda<\/a><\/td><td>wtorek<\/td><td>15:00-16:00<\/td><td>Wyspia\u0144skiego p. 2B<\/td><\/tr><tr><td><a href=\"https:\/\/pans.krosno.pl\/pracownicy\/wojciech-gruchala\/\">dr&nbsp;Wojciech&nbsp;Grucha\u0142a<\/a><\/td><td>wtorek<\/td><td>8:00&nbsp;\u2013&nbsp;9:30<\/td><td>Kazimierza Wielkiego &nbsp;4,&nbsp;s.&nbsp;24<\/td><\/tr><tr><td><a href=\"https:\/\/pans.krosno.pl\/pracownicy\/liliana-mierzwinska\/\">dr Liliana Mierzwi\u0144ska<\/a><\/td><td>pi\u0105tek A<br><br>pi\u0105tek B<\/td><td>9:00-11:00<br><br>13:00-13:30<br>16:45-18:15<\/td><td>Wyspia\u0144skiego p. 1A <\/td><\/tr><tr><td><a href=\"https:\/\/pans.krosno.pl\/pracownicy\/rafal-polak\/\">dr&nbsp;Rafa\u0142&nbsp;Polak<\/a><\/td><td><\/td><td><\/td><td><\/td><\/tr><tr><td><a href=\"https:\/\/pans.krosno.pl\/pracownicy\/patrycja-pudlo\/\">dr&nbsp;Patrycja&nbsp;Pud\u0142o<\/a><\/td><td>pi\u0105tek<\/td><td>14:30-16:30<\/td><td>Kazimierza Wielkiego s. 24, s. 21<\/td><\/tr><tr><td><a href=\"https:\/\/pans.krosno.pl\/pracownicy\/anna-slowik\/\">dr&nbsp;Anna&nbsp;S\u0142owik-Ciekli\u0144ska<\/a><\/td><td>wtorek A<\/td><td>13:45-16:45<\/td><td>Wyspia\u0144skiego p. 110B <\/td><\/tr><tr><td><a href=\"https:\/\/pans.krosno.pl\/pracownicy\/beata-ujda-dynka\/\" target=\"_blank\" rel=\"noreferrer noopener\">dr Beata Ujda-Dy\u0144ka<\/a><\/td><td>czwartek B<br><br>pi\u0105tek A<\/td><td>10:00-11:15<br>20:00-20:45<br><br>13:45-15:10<br>20.00-20.35<\/td><td>  Wyspia\u0144skiego p. 1A   <\/td><\/tr><tr><td><a href=\"https:\/\/pans.krosno.pl\/pracownicy\/jolanta-wojtowicz\/\">dr&nbsp;Jolanta&nbsp;Wojtowicz<\/a><\/td><td><\/td><td><\/td><td><\/td><\/tr><tr><td><a href=\"https:\/\/pans.krosno.pl\/pracownicy\/artur-janas\/\">mgr&nbsp;Artur&nbsp;Janas<\/a><\/td><td>wtorek<\/td><td>9:30-10:30<\/td><td>Kazimierza Wielkiego 4 s. 24 <\/td><\/tr><tr><td><a href=\"https:\/\/pans.krosno.pl\/pracownicy\/marek-krzywonos\/\" target=\"_blank\" rel=\"noreferrer noopener\">mgr Marek Krzywonos<\/a><\/td><td>wtorek B<br><br>sobota A<\/td><td>18:30-19:30<br><br>14:45-15:45<\/td><td>Wyspia\u0144skiego p. 1A<\/td><\/tr><tr><td><a href=\"https:\/\/pans.krosno.pl\/pracownicy\/mateusz-nowak\/\">mgr Mateusz Nowak<\/a><\/td><td><br>pi\u0105tek<br><br>sobota B<\/td><td>12:00-13:00<br><br>11:15-12:15<\/td><td>Wyspia\u0144skiego p. 1A<\/td><\/tr><tr><td><a href=\"https:\/\/pans.krosno.pl\/pracownicy\/justyna-zych\/\">mgr Justyna Zych<\/a><\/td><td>poniedzia\u0142ek<\/td><td>16:30-18:30<\/td><td>Wyspia\u0144skiego&nbsp;p.&nbsp;1A<\/td><\/tr><tr><td><a href=\"https:\/\/pans.krosno.pl\/pracownicy\/elzbieta-pawlik\/\">mgr El\u017cbieta Pawlik <\/a><\/td><td>wtorek<br><br>\u015broda<\/td><td>10:30-11:30<br>12:15-13:15<\/td><td>Wyspia\u0144skiego p. 1A<\/td><\/tr><tr><td><a href=\"https:\/\/pans.krosno.pl\/pracownicy\/joanna-krochmal\/\">mgr Joanna Krochmal<\/a><\/td><td>wtorek&nbsp;<\/td><td>10:00-14:00<\/td><td>Kazimierza Wielkiego 8, s. 23<\/td><\/tr><\/tbody><\/table><figcaption class=\"wp-element-caption\"><a href=\"https:\/\/pans.krosno.pl\/pracownicy\/elzbieta-pawlik\/\"><br><\/a><\/figcaption><\/figure>\n","protected":false},"excerpt":{"rendered":"<p>Konsultacje &#8211; semestr letni 2025\/2026 Uwaga: oznaczenia A \u2013 tydzie\u0144 nieparzysty; B \u2013 tydzie\u0144 parzysty Imi\u0119 i nazwisko Dzie\u0144 Godzina Miejsce dr hab. Kazimierz Krupa, prof. PANS pi\u0105tek A 16:00-16:45 Wyspia\u0144skiego p. 2A dr&nbsp;hab.&nbsp;\u0141ukasz&nbsp;Furman,&nbsp;prof.&nbsp;PANS pi\u0105tek 13:00-15:00 Wyspia\u0144skiego p. 2A dr&nbsp;in\u017c.&nbsp;Ma\u0142gorzata&nbsp;Szeliga&nbsp;\u2013&nbsp;p.o.&nbsp;Kierownik&nbsp;Zak\u0142adu czwartek A sobota B 14:30-16:30 11:30-13:30 Wyspia\u0144skiego p. 4B dr [\u2026] <\/p>\n<div class=\"clear\"><\/div>\n<p><a class=\"more_link clearfix\" href=\"https:\/\/pans.krosno.pl\/zarzadzanie-magisterskie\/dyzury-pracownikow\/\" rel=\"nofollow\">Read More<\/a><\/p>\n","protected":false},"author":1,"featured_media":0,"parent":0,"menu_order":0,"comment_status":"closed","ping_status":"closed","template":"page-templates\/template-full-width.php","meta":{"ngg_post_thumbnail":0,"footnotes":""},"class_list":["post-17","page","type-page","status-publish","hentry"],"yoast_head":"<!-- This site is optimized with the Yoast SEO Premium plugin v27.4 (Yoast SEO v27.4) - https:\/\/yoast.com\/product\/yoast-seo-premium-wordpress\/ -->\n<title>Dy\u017cury pracownik\u00f3w - Zarz\u0105dzanie - Studia II Stopnia PANS w Kro\u015bnie<\/title>\n<meta name=\"description\" content=\"Konsultacje semestr. KPU w Kro\u015bnie\" \/>\n<meta name=\"robots\" content=\"index, follow, max-snippet:-1, max-image-preview:large, max-video-preview:-1\" \/>\n<link rel=\"canonical\" href=\"https:\/\/pans.krosno.pl\/zarzadzanie-magisterskie\/dyzury-pracownikow\/\" \/>\n<meta property=\"og:locale\" content=\"pl_PL\" \/>\n<meta property=\"og:type\" content=\"article\" \/>\n<meta property=\"og:title\" content=\"Dy\u017cury pracownik\u00f3w\" \/>\n<meta property=\"og:description\" content=\"Konsultacje semestr. KPU w Kro\u015bnie\" \/>\n<meta property=\"og:url\" content=\"https:\/\/pans.krosno.pl\/zarzadzanie-magisterskie\/dyzury-pracownikow\/\" \/>\n<meta property=\"og:site_name\" content=\"Zarz\u0105dzanie - Studia II Stopnia PANS w Kro\u015bnie\" \/>\n<meta property=\"article:modified_time\" content=\"2026-03-23T17:43:16+00:00\" \/>\n<meta name=\"twitter:card\" content=\"summary_large_image\" \/>\n<meta name=\"twitter:label1\" content=\"Szacowany czas czytania\" \/>\n\t<meta name=\"twitter:data1\" content=\"2 minuty\" \/>\n<script type=\"application\/ld+json\" class=\"yoast-schema-graph\">{\"@context\":\"https:\\\/\\\/schema.org\",\"@graph\":[{\"@type\":\"WebPage\",\"@id\":\"https:\\\/\\\/pans.krosno.pl\\\/zarzadzanie-magisterskie\\\/dyzury-pracownikow\\\/\",\"url\":\"https:\\\/\\\/pans.krosno.pl\\\/zarzadzanie-magisterskie\\\/dyzury-pracownikow\\\/\",\"name\":\"Dy\u017cury pracownik\u00f3w - Zarz\u0105dzanie - Studia II Stopnia PANS w Kro\u015bnie\",\"isPartOf\":{\"@id\":\"https:\\\/\\\/pans.krosno.pl\\\/zarzadzanie-magisterskie\\\/#website\"},\"datePublished\":\"2020-03-27T21:48:32+00:00\",\"dateModified\":\"2026-03-23T17:43:16+00:00\",\"description\":\"Konsultacje semestr. KPU w Kro\u015bnie\",\"breadcrumb\":{\"@id\":\"https:\\\/\\\/pans.krosno.pl\\\/zarzadzanie-magisterskie\\\/dyzury-pracownikow\\\/#breadcrumb\"},\"inLanguage\":\"pl-PL\",\"potentialAction\":[{\"@type\":\"ReadAction\",\"target\":[\"https:\\\/\\\/pans.krosno.pl\\\/zarzadzanie-magisterskie\\\/dyzury-pracownikow\\\/\"]}]},{\"@type\":\"BreadcrumbList\",\"@id\":\"https:\\\/\\\/pans.krosno.pl\\\/zarzadzanie-magisterskie\\\/dyzury-pracownikow\\\/#breadcrumb\",\"itemListElement\":[{\"@type\":\"ListItem\",\"position\":1,\"name\":\"Strona g\u0142\u00f3wna\",\"item\":\"https:\\\/\\\/pans.krosno.pl\\\/zarzadzanie-magisterskie\\\/\"},{\"@type\":\"ListItem\",\"position\":2,\"name\":\"Dy\u017cury pracownik\u00f3w\"}]},{\"@type\":\"WebSite\",\"@id\":\"https:\\\/\\\/pans.krosno.pl\\\/zarzadzanie-magisterskie\\\/#website\",\"url\":\"https:\\\/\\\/pans.krosno.pl\\\/zarzadzanie-magisterskie\\\/\",\"name\":\"Zarz\u0105dzanie - Studia II Stopnia PANS w Kro\u015bnie\",\"description\":\"Zarz\u0105dzanie - Studia II Stopnia - Pa\u0144stwowa Akademia Nauk Stosowanych\",\"publisher\":{\"@id\":\"https:\\\/\\\/pans.krosno.pl\\\/zarzadzanie-magisterskie\\\/#organization\"},\"potentialAction\":[{\"@type\":\"SearchAction\",\"target\":{\"@type\":\"EntryPoint\",\"urlTemplate\":\"https:\\\/\\\/pans.krosno.pl\\\/zarzadzanie-magisterskie\\\/?s={search_term_string}\"},\"query-input\":{\"@type\":\"PropertyValueSpecification\",\"valueRequired\":true,\"valueName\":\"search_term_string\"}}],\"inLanguage\":\"pl-PL\"},{\"@type\":\"Organization\",\"@id\":\"https:\\\/\\\/pans.krosno.pl\\\/zarzadzanie-magisterskie\\\/#organization\",\"name\":\"Zarz\u0105dzanie - Studia II Stopnia PANS w Kro\u015bnie\",\"url\":\"https:\\\/\\\/pans.krosno.pl\\\/zarzadzanie-magisterskie\\\/\",\"logo\":{\"@type\":\"ImageObject\",\"inLanguage\":\"pl-PL\",\"@id\":\"https:\\\/\\\/pans.krosno.pl\\\/zarzadzanie-magisterskie\\\/#\\\/schema\\\/logo\\\/image\\\/\",\"url\":\"https:\\\/\\\/pans.krosno.pl\\\/zarzadzanie-magisterskie\\\/wp-content\\\/uploads\\\/sites\\\/42\\\/2023\\\/01\\\/Logo-PANS-2022-pelne.png\",\"contentUrl\":\"https:\\\/\\\/pans.krosno.pl\\\/zarzadzanie-magisterskie\\\/wp-content\\\/uploads\\\/sites\\\/42\\\/2023\\\/01\\\/Logo-PANS-2022-pelne.png\",\"width\":3096,\"height\":696,\"caption\":\"Zarz\u0105dzanie - Studia II Stopnia PANS w Kro\u015bnie\"},\"image\":{\"@id\":\"https:\\\/\\\/pans.krosno.pl\\\/zarzadzanie-magisterskie\\\/#\\\/schema\\\/logo\\\/image\\\/\"}}]}<\/script>\n<!-- \/ Yoast SEO Premium plugin. -->","yoast_head_json":{"title":"Dy\u017cury pracownik\u00f3w - Zarz\u0105dzanie - Studia II Stopnia PANS w Kro\u015bnie","description":"Konsultacje semestr. KPU w Kro\u015bnie","robots":{"index":"index","follow":"follow","max-snippet":"max-snippet:-1","max-image-preview":"max-image-preview:large","max-video-preview":"max-video-preview:-1"},"canonical":"https:\/\/pans.krosno.pl\/zarzadzanie-magisterskie\/dyzury-pracownikow\/","og_locale":"pl_PL","og_type":"article","og_title":"Dy\u017cury pracownik\u00f3w","og_description":"Konsultacje semestr. KPU w Kro\u015bnie","og_url":"https:\/\/pans.krosno.pl\/zarzadzanie-magisterskie\/dyzury-pracownikow\/","og_site_name":"Zarz\u0105dzanie - Studia II Stopnia PANS w Kro\u015bnie","article_modified_time":"2026-03-23T17:43:16+00:00","twitter_card":"summary_large_image","twitter_misc":{"Szacowany czas czytania":"2 minuty"},"schema":{"@context":"https:\/\/schema.org","@graph":[{"@type":"WebPage","@id":"https:\/\/pans.krosno.pl\/zarzadzanie-magisterskie\/dyzury-pracownikow\/","url":"https:\/\/pans.krosno.pl\/zarzadzanie-magisterskie\/dyzury-pracownikow\/","name":"Dy\u017cury pracownik\u00f3w - Zarz\u0105dzanie - Studia II Stopnia PANS w Kro\u015bnie","isPartOf":{"@id":"https:\/\/pans.krosno.pl\/zarzadzanie-magisterskie\/#website"},"datePublished":"2020-03-27T21:48:32+00:00","dateModified":"2026-03-23T17:43:16+00:00","description":"Konsultacje semestr. KPU w Kro\u015bnie","breadcrumb":{"@id":"https:\/\/pans.krosno.pl\/zarzadzanie-magisterskie\/dyzury-pracownikow\/#breadcrumb"},"inLanguage":"pl-PL","potentialAction":[{"@type":"ReadAction","target":["https:\/\/pans.krosno.pl\/zarzadzanie-magisterskie\/dyzury-pracownikow\/"]}]},{"@type":"BreadcrumbList","@id":"https:\/\/pans.krosno.pl\/zarzadzanie-magisterskie\/dyzury-pracownikow\/#breadcrumb","itemListElement":[{"@type":"ListItem","position":1,"name":"Strona g\u0142\u00f3wna","item":"https:\/\/pans.krosno.pl\/zarzadzanie-magisterskie\/"},{"@type":"ListItem","position":2,"name":"Dy\u017cury pracownik\u00f3w"}]},{"@type":"WebSite","@id":"https:\/\/pans.krosno.pl\/zarzadzanie-magisterskie\/#website","url":"https:\/\/pans.krosno.pl\/zarzadzanie-magisterskie\/","name":"Zarz\u0105dzanie - Studia II Stopnia PANS w Kro\u015bnie","description":"Zarz\u0105dzanie - Studia II Stopnia - Pa\u0144stwowa Akademia Nauk Stosowanych","publisher":{"@id":"https:\/\/pans.krosno.pl\/zarzadzanie-magisterskie\/#organization"},"potentialAction":[{"@type":"SearchAction","target":{"@type":"EntryPoint","urlTemplate":"https:\/\/pans.krosno.pl\/zarzadzanie-magisterskie\/?s={search_term_string}"},"query-input":{"@type":"PropertyValueSpecification","valueRequired":true,"valueName":"search_term_string"}}],"inLanguage":"pl-PL"},{"@type":"Organization","@id":"https:\/\/pans.krosno.pl\/zarzadzanie-magisterskie\/#organization","name":"Zarz\u0105dzanie - Studia II Stopnia PANS w Kro\u015bnie","url":"https:\/\/pans.krosno.pl\/zarzadzanie-magisterskie\/","logo":{"@type":"ImageObject","inLanguage":"pl-PL","@id":"https:\/\/pans.krosno.pl\/zarzadzanie-magisterskie\/#\/schema\/logo\/image\/","url":"https:\/\/pans.krosno.pl\/zarzadzanie-magisterskie\/wp-content\/uploads\/sites\/42\/2023\/01\/Logo-PANS-2022-pelne.png","contentUrl":"https:\/\/pans.krosno.pl\/zarzadzanie-magisterskie\/wp-content\/uploads\/sites\/42\/2023\/01\/Logo-PANS-2022-pelne.png","width":3096,"height":696,"caption":"Zarz\u0105dzanie - Studia II Stopnia PANS w Kro\u015bnie"},"image":{"@id":"https:\/\/pans.krosno.pl\/zarzadzanie-magisterskie\/#\/schema\/logo\/image\/"}}]}},"_links":{"self":[{"href":"https:\/\/pans.krosno.pl\/zarzadzanie-magisterskie\/wp-json\/wp\/v2\/pages\/17","targetHints":{"allow":["GET"]}}],"collection":[{"href":"https:\/\/pans.krosno.pl\/zarzadzanie-magisterskie\/wp-json\/wp\/v2\/pages"}],"about":[{"href":"https:\/\/pans.krosno.pl\/zarzadzanie-magisterskie\/wp-json\/wp\/v2\/types\/page"}],"author":[{"embeddable":true,"href":"https:\/\/pans.krosno.pl\/zarzadzanie-magisterskie\/wp-json\/wp\/v2\/users\/1"}],"replies":[{"embeddable":true,"href":"https:\/\/pans.krosno.pl\/zarzadzanie-magisterskie\/wp-json\/wp\/v2\/comments?post=17"}],"version-history":[{"count":73,"href":"https:\/\/pans.krosno.pl\/zarzadzanie-magisterskie\/wp-json\/wp\/v2\/pages\/17\/revisions"}],"predecessor-version":[{"id":1714,"href":"https:\/\/pans.krosno.pl\/zarzadzanie-magisterskie\/wp-json\/wp\/v2\/pages\/17\/revisions\/1714"}],"wp:attachment":[{"href":"https:\/\/pans.krosno.pl\/zarzadzanie-magisterskie\/wp-json\/wp\/v2\/media?parent=17"}],"curies":[{"name":"wp","href":"https:\/\/api.w.org\/{rel}","templated":true}]}}