{"id":16,"date":"2020-03-27T22:48:32","date_gmt":"2020-03-27T21:48:32","guid":{"rendered":"https:\/\/pans.krosno.pl\/zarzadzanie-magisterskie\/?page_id=16"},"modified":"2026-03-23T10:55:32","modified_gmt":"2026-03-23T09:55:32","slug":"pracownicy","status":"publish","type":"page","link":"https:\/\/pans.krosno.pl\/zarzadzanie-magisterskie\/pracownicy\/","title":{"rendered":"Pracownicy"},"content":{"rendered":"\n<p><strong>Kierownik Zak\u0142adu Zarz\u0105dzania:<\/strong><\/p>\n\n\n\n<ul class=\"wp-block-list\">\n<li><strong><a href=\"https:\/\/pans.krosno.pl\/pracownicy\/malgorzata-szeliga\/\">dr in\u017c. Ma\u0142gorzata Szeliga<\/a><\/strong>&nbsp;\u2013&nbsp;<strong><strong>p.o.<\/strong> <strong>Kierownik<\/strong> Zak\u0142adu<\/strong><\/li>\n<\/ul>\n\n\n\n<p><strong>Kadra&nbsp;naukowo-dydaktyczna&nbsp;Zak\u0142adu&nbsp;Zarz\u0105dzania:<\/strong><\/p>\n\n\n\n<div class=\"wp-block-group is-layout-flow wp-block-group-is-layout-flow\">\n<ul class=\"wp-block-list\">\n<li><a href=\"https:\/\/pans.krosno.pl\/pracownicy\/kazimierz-krupa\/\">dr hab. Kazimierz Krupa, prof. PANS<\/a><\/li>\n\n\n\n<li><a href=\"https:\/\/pans.krosno.pl\/pracownicy\/lukasz-furman\/\">dr hab. \u0141ukasz Furman, prof. PANS<\/a><\/li>\n\n\n\n<li><a href=\"https:\/\/pans.krosno.pl\/pracownicy\/liliana-mierzwinska\/\" target=\"_blank\" rel=\"noreferrer noopener\">dr Liliana Mierzwi\u0144ska<\/a><\/li>\n\n\n\n<li><a href=\"https:\/\/pans.krosno.pl\/pracownicy\/beata-ujda-dynka\/\" target=\"_blank\" rel=\"noreferrer noopener\">dr Beata Ujda-Dy\u0144ka<\/a><\/li>\n\n\n\n<li><a href=\"https:\/\/pans.krosno.pl\/pracownicy\/marek-krzywonos\/\" target=\"_blank\" rel=\"noreferrer noopener\">mgr Marek Krzywonos<\/a><\/li>\n\n\n\n<li><a href=\"https:\/\/pans.krosno.pl\/pracownicy\/robert-rajs\/\">mgr Robert Rajs<\/a><\/li>\n\n\n\n<li><a href=\"https:\/\/pans.krosno.pl\/pracownicy\/justyna-zych\/\" target=\"_blank\" rel=\"noreferrer noopener\">mgr Justyna Zych<\/a><\/li>\n\n\n\n<li><a href=\"https:\/\/pans.krosno.pl\/pracownicy\/mateusz-nowak\/\">mgr Mateusz Nowak<\/a><\/li>\n\n\n\n<li><a href=\"https:\/\/pans.krosno.pl\/pracownicy\/lukasz-szerlag\/\">mgr \u0141ukasz Szerl\u0105g<\/a><\/li>\n<\/ul>\n<\/div>\n\n\n\n<p><br><\/p>\n\n\n\n<div class=\"wp-block-group is-layout-flow wp-block-group-is-layout-flow\">\n<p class=\"has-vivid-cyan-blue-color has-text-color has-link-color wp-elements-5687eff875205e6178a7d39700532cad\"><strong>KADRA NAUKOWA-DYDAKTYCZNA PROWADZ\u0104CA ZAJ\u0118CIA NA STUDIACH II STOPNIA W SEMESTRZE LETNIM 2025\/2026:<\/strong><\/p>\n\n\n\n<p><strong>Kadra&nbsp;naukowo-dydaktyczna&nbsp;Zak\u0142adu&nbsp;Zarz\u0105dzania:<\/strong><\/p>\n\n\n\n<p><\/p>\n\n\n\n<div class=\"wp-block-group is-layout-flow wp-block-group-is-layout-flow\">\n<ul class=\"wp-block-list\">\n<li><a href=\"https:\/\/pans.krosno.pl\/pracownicy\/kazimierz-krupa\/\">dr hab. Kazimierz Krupa, prof. PANS<\/a><\/li>\n\n\n\n<li><a href=\"https:\/\/pans.krosno.pl\/pracownicy\/lukasz-furman\/\">dr hab. \u0141ukasz Furman, prof. PANS<\/a><\/li>\n\n\n\n<li><a href=\"https:\/\/pans.krosno.pl\/pracownicy\/malgorzata-szeliga\/\">dr in\u017c. Ma\u0142gorzata Szeliga<\/a><\/li>\n\n\n\n<li><a href=\"https:\/\/pans.krosno.pl\/pracownicy\/liliana-mierzwinska\/\" target=\"_blank\" rel=\"noreferrer noopener\">dr Liliana Mierzwi\u0144ska<\/a><\/li>\n\n\n\n<li><a href=\"https:\/\/pans.krosno.pl\/pracownicy\/beata-ujda-dynka\/\" target=\"_blank\" rel=\"noreferrer noopener\">dr Beata Ujda-Dy\u0144ka<\/a><\/li>\n\n\n\n<li><a href=\"https:\/\/pans.krosno.pl\/pracownicy\/justyna-zych\/\" target=\"_blank\" rel=\"noreferrer noopener\">mgr Justyna Zych<\/a><\/li>\n\n\n\n<li><a href=\"https:\/\/pans.krosno.pl\/pracownicy\/mateusz-nowak\/\">mgr Mateusz Nowak<\/a><\/li>\n<\/ul>\n<\/div>\n<\/div>\n\n\n\n<p><strong>Kadra naukowo-dydaktyczna innych jednostek organizacyjnych uczelni uczestnicz\u0105ca w realizacji zaj\u0119\u0107 dydaktycznych:<\/strong><\/p>\n\n\n\n<ul class=\"wp-block-list\">\n<li><a href=\"https:\/\/pans.krosno.pl\/pracownicy\/malgorzata-zrodlo-loda\/\" target=\"_blank\" rel=\"noreferrer noopener\">dr in\u017c. Ma\u0142gorzata \u0179r\u00f3d\u0142o-Loda<\/a><\/li>\n\n\n\n<li><a href=\"https:\/\/pans.krosno.pl\/pracownicy\/wojciech-gruchala\/\">dr Wojciech Grucha\u0142a<\/a><\/li>\n\n\n\n<li><a href=\"https:\/\/pans.krosno.pl\/pracownicy\/rafal-polak\/\" target=\"_blank\" rel=\"noreferrer noopener\">dr Rafa\u0142 Polak<\/a><\/li>\n\n\n\n<li><a href=\"https:\/\/pans.krosno.pl\/pracownicy\/patrycja-pudlo\/\">dr Patrycja Pud\u0142o<\/a><\/li>\n\n\n\n<li><a href=\"https:\/\/pans.krosno.pl\/pracownicy\/anna-slowik\/\">dr Anna S\u0142owik-Ciekli\u0144ska<\/a><\/li>\n\n\n\n<li><a href=\"https:\/\/pans.krosno.pl\/pracownicy\/jolanta-wojtowicz\/\">dr Jolanta Wojtowicz<\/a><\/li>\n\n\n\n<li><a href=\"https:\/\/pans.krosno.pl\/pracownicy\/artur-janas\/\">mgr Artur Janas<\/a><\/li>\n\n\n\n<li><a href=\"https:\/\/pans.krosno.pl\/pracownicy\/joanna-krochmal\/\">mgr&nbsp;Joanna&nbsp;Krochmal<\/a><\/li>\n\n\n\n<li><a href=\"https:\/\/pans.krosno.pl\/pracownicy\/elzbieta-pawlik\/\">mgr&nbsp;El\u017cbieta&nbsp;Pawlik<\/a><\/li>\n<\/ul>\n\n\n\n<p><strong>Kadra&nbsp;wspomagaj\u0105ca&nbsp;proces&nbsp;dydaktyczny&nbsp;spoza&nbsp;uczelni:<\/strong><\/p>\n\n\n\n<ul class=\"wp-block-list\">\n<li>dr&nbsp;hab.&nbsp;Mariola&nbsp;Grzebyk<\/li>\n\n\n\n<li>dr&nbsp;in\u017c.&nbsp;Marta&nbsp;Pisarek<\/li>\n\n\n\n<li>dr&nbsp;Anna&nbsp;Molter<\/li>\n\n\n\n<li>mgr&nbsp;Waldemar&nbsp;Balcerzak<\/li>\n\n\n\n<li>mgr&nbsp;Katarzyna&nbsp;Buczek<\/li>\n\n\n\n<li>mgr&nbsp;Kamil&nbsp;Gawron<\/li>\n\n\n\n<li>mgr&nbsp;Krzysztof&nbsp;Janowski<\/li>\n<\/ul>\n\n\n\n<p><\/p>\n","protected":false},"excerpt":{"rendered":"<p>Kierownik Zak\u0142adu Zarz\u0105dzania: Kadra&nbsp;naukowo-dydaktyczna&nbsp;Zak\u0142adu&nbsp;Zarz\u0105dzania: KADRA NAUKOWA-DYDAKTYCZNA PROWADZ\u0104CA ZAJ\u0118CIA NA STUDIACH II STOPNIA W SEMESTRZE LETNIM 2025\/2026: Kadra&nbsp;naukowo-dydaktyczna&nbsp;Zak\u0142adu&nbsp;Zarz\u0105dzania: Kadra naukowo-dydaktyczna innych jednostek organizacyjnych uczelni uczestnicz\u0105ca w realizacji zaj\u0119\u0107 dydaktycznych: Kadra&nbsp;wspomagaj\u0105ca&nbsp;proces&nbsp;dydaktyczny&nbsp;spoza&nbsp;uczelni:<\/p>\n","protected":false},"author":1,"featured_media":0,"parent":0,"menu_order":0,"comment_status":"closed","ping_status":"closed","template":"page-templates\/template-full-width.php","meta":{"ngg_post_thumbnail":0,"footnotes":""},"class_list":["post-16","page","type-page","status-publish","hentry"],"yoast_head":"<!-- This site is optimized with the Yoast SEO Premium plugin v27.4 (Yoast SEO v27.4) - https:\/\/yoast.com\/product\/yoast-seo-premium-wordpress\/ -->\n<title>Pracownicy - Zarz\u0105dzanie - Studia II Stopnia PANS w Kro\u015bnie<\/title>\n<meta name=\"robots\" content=\"index, follow, max-snippet:-1, max-image-preview:large, max-video-preview:-1\" \/>\n<link rel=\"canonical\" href=\"https:\/\/pans.krosno.pl\/zarzadzanie-magisterskie\/pracownicy\/\" \/>\n<meta property=\"og:locale\" content=\"pl_PL\" \/>\n<meta property=\"og:type\" content=\"article\" \/>\n<meta property=\"og:title\" content=\"Pracownicy\" \/>\n<meta property=\"og:description\" content=\"Kierownik Zak\u0142adu Zarz\u0105dzania: Kadra&nbsp;naukowo-dydaktyczna&nbsp;Zak\u0142adu&nbsp;Zarz\u0105dzania: KADRA NAUKOWA-DYDAKTYCZNA PROWADZ\u0104CA ZAJ\u0118CIA NA STUDIACH II STOPNIA W SEMESTRZE LETNIM 2025\/2026: Kadra&nbsp;naukowo-dydaktyczna&nbsp;Zak\u0142adu&nbsp;Zarz\u0105dzania: Kadra naukowo-dydaktyczna innych jednostek organizacyjnych uczelni uczestnicz\u0105ca w realizacji zaj\u0119\u0107 dydaktycznych: Kadra&nbsp;wspomagaj\u0105ca&nbsp;proces&nbsp;dydaktyczny&nbsp;spoza&nbsp;uczelni:\" \/>\n<meta property=\"og:url\" content=\"https:\/\/pans.krosno.pl\/zarzadzanie-magisterskie\/pracownicy\/\" \/>\n<meta property=\"og:site_name\" content=\"Zarz\u0105dzanie - Studia II Stopnia PANS w Kro\u015bnie\" \/>\n<meta property=\"article:modified_time\" content=\"2026-03-23T09:55:32+00:00\" \/>\n<meta name=\"twitter:card\" content=\"summary_large_image\" \/>\n<meta name=\"twitter:label1\" content=\"Szacowany czas czytania\" \/>\n\t<meta name=\"twitter:data1\" content=\"1 minuta\" \/>\n<script type=\"application\/ld+json\" class=\"yoast-schema-graph\">{\"@context\":\"https:\\\/\\\/schema.org\",\"@graph\":[{\"@type\":\"WebPage\",\"@id\":\"https:\\\/\\\/pans.krosno.pl\\\/zarzadzanie-magisterskie\\\/pracownicy\\\/\",\"url\":\"https:\\\/\\\/pans.krosno.pl\\\/zarzadzanie-magisterskie\\\/pracownicy\\\/\",\"name\":\"Pracownicy - Zarz\u0105dzanie - Studia II Stopnia PANS w Kro\u015bnie\",\"isPartOf\":{\"@id\":\"https:\\\/\\\/pans.krosno.pl\\\/zarzadzanie-magisterskie\\\/#website\"},\"datePublished\":\"2020-03-27T21:48:32+00:00\",\"dateModified\":\"2026-03-23T09:55:32+00:00\",\"breadcrumb\":{\"@id\":\"https:\\\/\\\/pans.krosno.pl\\\/zarzadzanie-magisterskie\\\/pracownicy\\\/#breadcrumb\"},\"inLanguage\":\"pl-PL\",\"potentialAction\":[{\"@type\":\"ReadAction\",\"target\":[\"https:\\\/\\\/pans.krosno.pl\\\/zarzadzanie-magisterskie\\\/pracownicy\\\/\"]}]},{\"@type\":\"BreadcrumbList\",\"@id\":\"https:\\\/\\\/pans.krosno.pl\\\/zarzadzanie-magisterskie\\\/pracownicy\\\/#breadcrumb\",\"itemListElement\":[{\"@type\":\"ListItem\",\"position\":1,\"name\":\"Strona g\u0142\u00f3wna\",\"item\":\"https:\\\/\\\/pans.krosno.pl\\\/zarzadzanie-magisterskie\\\/\"},{\"@type\":\"ListItem\",\"position\":2,\"name\":\"Pracownicy\"}]},{\"@type\":\"WebSite\",\"@id\":\"https:\\\/\\\/pans.krosno.pl\\\/zarzadzanie-magisterskie\\\/#website\",\"url\":\"https:\\\/\\\/pans.krosno.pl\\\/zarzadzanie-magisterskie\\\/\",\"name\":\"Zarz\u0105dzanie - Studia II Stopnia PANS w Kro\u015bnie\",\"description\":\"Zarz\u0105dzanie - Studia II Stopnia - Pa\u0144stwowa Akademia Nauk Stosowanych\",\"publisher\":{\"@id\":\"https:\\\/\\\/pans.krosno.pl\\\/zarzadzanie-magisterskie\\\/#organization\"},\"potentialAction\":[{\"@type\":\"SearchAction\",\"target\":{\"@type\":\"EntryPoint\",\"urlTemplate\":\"https:\\\/\\\/pans.krosno.pl\\\/zarzadzanie-magisterskie\\\/?s={search_term_string}\"},\"query-input\":{\"@type\":\"PropertyValueSpecification\",\"valueRequired\":true,\"valueName\":\"search_term_string\"}}],\"inLanguage\":\"pl-PL\"},{\"@type\":\"Organization\",\"@id\":\"https:\\\/\\\/pans.krosno.pl\\\/zarzadzanie-magisterskie\\\/#organization\",\"name\":\"Zarz\u0105dzanie - Studia II Stopnia PANS w Kro\u015bnie\",\"url\":\"https:\\\/\\\/pans.krosno.pl\\\/zarzadzanie-magisterskie\\\/\",\"logo\":{\"@type\":\"ImageObject\",\"inLanguage\":\"pl-PL\",\"@id\":\"https:\\\/\\\/pans.krosno.pl\\\/zarzadzanie-magisterskie\\\/#\\\/schema\\\/logo\\\/image\\\/\",\"url\":\"https:\\\/\\\/pans.krosno.pl\\\/zarzadzanie-magisterskie\\\/wp-content\\\/uploads\\\/sites\\\/42\\\/2023\\\/01\\\/Logo-PANS-2022-pelne.png\",\"contentUrl\":\"https:\\\/\\\/pans.krosno.pl\\\/zarzadzanie-magisterskie\\\/wp-content\\\/uploads\\\/sites\\\/42\\\/2023\\\/01\\\/Logo-PANS-2022-pelne.png\",\"width\":3096,\"height\":696,\"caption\":\"Zarz\u0105dzanie - Studia II Stopnia PANS w Kro\u015bnie\"},\"image\":{\"@id\":\"https:\\\/\\\/pans.krosno.pl\\\/zarzadzanie-magisterskie\\\/#\\\/schema\\\/logo\\\/image\\\/\"}}]}<\/script>\n<!-- \/ Yoast SEO Premium plugin. -->","yoast_head_json":{"title":"Pracownicy - Zarz\u0105dzanie - Studia II Stopnia PANS w Kro\u015bnie","robots":{"index":"index","follow":"follow","max-snippet":"max-snippet:-1","max-image-preview":"max-image-preview:large","max-video-preview":"max-video-preview:-1"},"canonical":"https:\/\/pans.krosno.pl\/zarzadzanie-magisterskie\/pracownicy\/","og_locale":"pl_PL","og_type":"article","og_title":"Pracownicy","og_description":"Kierownik Zak\u0142adu Zarz\u0105dzania: Kadra&nbsp;naukowo-dydaktyczna&nbsp;Zak\u0142adu&nbsp;Zarz\u0105dzania: KADRA NAUKOWA-DYDAKTYCZNA PROWADZ\u0104CA ZAJ\u0118CIA NA STUDIACH II STOPNIA W SEMESTRZE LETNIM 2025\/2026: Kadra&nbsp;naukowo-dydaktyczna&nbsp;Zak\u0142adu&nbsp;Zarz\u0105dzania: Kadra naukowo-dydaktyczna innych jednostek organizacyjnych uczelni uczestnicz\u0105ca w realizacji zaj\u0119\u0107 dydaktycznych: Kadra&nbsp;wspomagaj\u0105ca&nbsp;proces&nbsp;dydaktyczny&nbsp;spoza&nbsp;uczelni:","og_url":"https:\/\/pans.krosno.pl\/zarzadzanie-magisterskie\/pracownicy\/","og_site_name":"Zarz\u0105dzanie - Studia II Stopnia PANS w Kro\u015bnie","article_modified_time":"2026-03-23T09:55:32+00:00","twitter_card":"summary_large_image","twitter_misc":{"Szacowany czas czytania":"1 minuta"},"schema":{"@context":"https:\/\/schema.org","@graph":[{"@type":"WebPage","@id":"https:\/\/pans.krosno.pl\/zarzadzanie-magisterskie\/pracownicy\/","url":"https:\/\/pans.krosno.pl\/zarzadzanie-magisterskie\/pracownicy\/","name":"Pracownicy - Zarz\u0105dzanie - Studia II Stopnia PANS w Kro\u015bnie","isPartOf":{"@id":"https:\/\/pans.krosno.pl\/zarzadzanie-magisterskie\/#website"},"datePublished":"2020-03-27T21:48:32+00:00","dateModified":"2026-03-23T09:55:32+00:00","breadcrumb":{"@id":"https:\/\/pans.krosno.pl\/zarzadzanie-magisterskie\/pracownicy\/#breadcrumb"},"inLanguage":"pl-PL","potentialAction":[{"@type":"ReadAction","target":["https:\/\/pans.krosno.pl\/zarzadzanie-magisterskie\/pracownicy\/"]}]},{"@type":"BreadcrumbList","@id":"https:\/\/pans.krosno.pl\/zarzadzanie-magisterskie\/pracownicy\/#breadcrumb","itemListElement":[{"@type":"ListItem","position":1,"name":"Strona g\u0142\u00f3wna","item":"https:\/\/pans.krosno.pl\/zarzadzanie-magisterskie\/"},{"@type":"ListItem","position":2,"name":"Pracownicy"}]},{"@type":"WebSite","@id":"https:\/\/pans.krosno.pl\/zarzadzanie-magisterskie\/#website","url":"https:\/\/pans.krosno.pl\/zarzadzanie-magisterskie\/","name":"Zarz\u0105dzanie - Studia II Stopnia PANS w Kro\u015bnie","description":"Zarz\u0105dzanie - Studia II Stopnia - Pa\u0144stwowa Akademia Nauk Stosowanych","publisher":{"@id":"https:\/\/pans.krosno.pl\/zarzadzanie-magisterskie\/#organization"},"potentialAction":[{"@type":"SearchAction","target":{"@type":"EntryPoint","urlTemplate":"https:\/\/pans.krosno.pl\/zarzadzanie-magisterskie\/?s={search_term_string}"},"query-input":{"@type":"PropertyValueSpecification","valueRequired":true,"valueName":"search_term_string"}}],"inLanguage":"pl-PL"},{"@type":"Organization","@id":"https:\/\/pans.krosno.pl\/zarzadzanie-magisterskie\/#organization","name":"Zarz\u0105dzanie - Studia II Stopnia PANS w Kro\u015bnie","url":"https:\/\/pans.krosno.pl\/zarzadzanie-magisterskie\/","logo":{"@type":"ImageObject","inLanguage":"pl-PL","@id":"https:\/\/pans.krosno.pl\/zarzadzanie-magisterskie\/#\/schema\/logo\/image\/","url":"https:\/\/pans.krosno.pl\/zarzadzanie-magisterskie\/wp-content\/uploads\/sites\/42\/2023\/01\/Logo-PANS-2022-pelne.png","contentUrl":"https:\/\/pans.krosno.pl\/zarzadzanie-magisterskie\/wp-content\/uploads\/sites\/42\/2023\/01\/Logo-PANS-2022-pelne.png","width":3096,"height":696,"caption":"Zarz\u0105dzanie - Studia II Stopnia PANS w Kro\u015bnie"},"image":{"@id":"https:\/\/pans.krosno.pl\/zarzadzanie-magisterskie\/#\/schema\/logo\/image\/"}}]}},"_links":{"self":[{"href":"https:\/\/pans.krosno.pl\/zarzadzanie-magisterskie\/wp-json\/wp\/v2\/pages\/16","targetHints":{"allow":["GET"]}}],"collection":[{"href":"https:\/\/pans.krosno.pl\/zarzadzanie-magisterskie\/wp-json\/wp\/v2\/pages"}],"about":[{"href":"https:\/\/pans.krosno.pl\/zarzadzanie-magisterskie\/wp-json\/wp\/v2\/types\/page"}],"author":[{"embeddable":true,"href":"https:\/\/pans.krosno.pl\/zarzadzanie-magisterskie\/wp-json\/wp\/v2\/users\/1"}],"replies":[{"embeddable":true,"href":"https:\/\/pans.krosno.pl\/zarzadzanie-magisterskie\/wp-json\/wp\/v2\/comments?post=16"}],"version-history":[{"count":39,"href":"https:\/\/pans.krosno.pl\/zarzadzanie-magisterskie\/wp-json\/wp\/v2\/pages\/16\/revisions"}],"predecessor-version":[{"id":1711,"href":"https:\/\/pans.krosno.pl\/zarzadzanie-magisterskie\/wp-json\/wp\/v2\/pages\/16\/revisions\/1711"}],"wp:attachment":[{"href":"https:\/\/pans.krosno.pl\/zarzadzanie-magisterskie\/wp-json\/wp\/v2\/media?parent=16"}],"curies":[{"name":"wp","href":"https:\/\/api.w.org\/{rel}","templated":true}]}}