{"id":15,"date":"2020-03-27T22:48:32","date_gmt":"2020-03-27T21:48:32","guid":{"rendered":"https:\/\/pans.krosno.pl\/zarzadzanie-magisterskie\/?page_id=15"},"modified":"2025-09-29T19:00:27","modified_gmt":"2025-09-29T17:00:27","slug":"programy-studiow","status":"publish","type":"page","link":"https:\/\/pans.krosno.pl\/zarzadzanie-magisterskie\/programy-studiow\/","title":{"rendered":"Programy studi\u00f3w"},"content":{"rendered":"\n<div class=\"wp-block-file\"><a id=\"wp-block-file--media-34b3a7ad-d813-4ac5-a715-89338fe0a8d5\" href=\"https:\/\/pans.krosno.pl\/zarzadzanie-magisterskie\/wp-content\/uploads\/sites\/42\/2024\/09\/Zarzadzanie-II-Program-studiow-2024-2026-pelna-wersja-31.05.docx\">Szczeg\u00f3\u0142owy opis programu studi\u00f3w dla cyklu 2024-2026<\/a><a href=\"https:\/\/pans.krosno.pl\/zarzadzanie-magisterskie\/wp-content\/uploads\/sites\/42\/2024\/09\/Zarzadzanie-II-Program-studiow-2024-2026-pelna-wersja-31.05.docx\" class=\"wp-block-file__button wp-element-button\" download aria-describedby=\"wp-block-file--media-34b3a7ad-d813-4ac5-a715-89338fe0a8d5\">Pobierz<\/a><\/div>\n\n\n\n<div class=\"wp-block-file\"><a id=\"wp-block-file--media-d6791ac9-b634-4c41-965e-3dfd9da040eb\" href=\"https:\/\/pans.krosno.pl\/zarzadzanie-magisterskie\/wp-content\/uploads\/sites\/42\/2025\/09\/Zarzadzanie-II-Program-studiow-2025-2027-pelna-wersja-ost23.06.pdf\">Szczeg\u00f3\u0142owy opis programu studi\u00f3w dla cyklu 2025-2027<\/a><a href=\"https:\/\/pans.krosno.pl\/zarzadzanie-magisterskie\/wp-content\/uploads\/sites\/42\/2025\/09\/Zarzadzanie-II-Program-studiow-2025-2027-pelna-wersja-ost23.06.pdf\" class=\"wp-block-file__button wp-element-button\" download aria-describedby=\"wp-block-file--media-d6791ac9-b634-4c41-965e-3dfd9da040eb\">Pobierz<\/a><\/div>\n","protected":false},"excerpt":{"rendered":"","protected":false},"author":1,"featured_media":0,"parent":0,"menu_order":0,"comment_status":"closed","ping_status":"closed","template":"page-templates\/template-full-width.php","meta":{"ngg_post_thumbnail":0,"footnotes":""},"class_list":["post-15","page","type-page","status-publish","hentry"],"yoast_head":"<!-- This site is optimized with the Yoast SEO Premium plugin v27.4 (Yoast SEO v27.4) - https:\/\/yoast.com\/product\/yoast-seo-premium-wordpress\/ -->\n<title>Programy studi\u00f3w - Zarz\u0105dzanie - Studia II Stopnia PANS w Kro\u015bnie<\/title>\n<meta name=\"robots\" content=\"index, follow, max-snippet:-1, max-image-preview:large, max-video-preview:-1\" \/>\n<link rel=\"canonical\" href=\"https:\/\/pans.krosno.pl\/zarzadzanie-magisterskie\/programy-studiow\/\" \/>\n<meta property=\"og:locale\" content=\"pl_PL\" \/>\n<meta property=\"og:type\" content=\"article\" \/>\n<meta property=\"og:title\" content=\"Programy studi\u00f3w\" \/>\n<meta property=\"og:url\" content=\"https:\/\/pans.krosno.pl\/zarzadzanie-magisterskie\/programy-studiow\/\" \/>\n<meta property=\"og:site_name\" content=\"Zarz\u0105dzanie - Studia II Stopnia PANS w Kro\u015bnie\" \/>\n<meta property=\"article:modified_time\" content=\"2025-09-29T17:00:27+00:00\" \/>\n<meta name=\"twitter:card\" content=\"summary_large_image\" \/>\n<meta name=\"twitter:label1\" content=\"Szacowany czas czytania\" \/>\n\t<meta name=\"twitter:data1\" content=\"1 minuta\" \/>\n<script type=\"application\/ld+json\" class=\"yoast-schema-graph\">{\"@context\":\"https:\\\/\\\/schema.org\",\"@graph\":[{\"@type\":\"WebPage\",\"@id\":\"https:\\\/\\\/pans.krosno.pl\\\/zarzadzanie-magisterskie\\\/programy-studiow\\\/\",\"url\":\"https:\\\/\\\/pans.krosno.pl\\\/zarzadzanie-magisterskie\\\/programy-studiow\\\/\",\"name\":\"Programy studi\u00f3w - Zarz\u0105dzanie - Studia II Stopnia PANS w Kro\u015bnie\",\"isPartOf\":{\"@id\":\"https:\\\/\\\/pans.krosno.pl\\\/zarzadzanie-magisterskie\\\/#website\"},\"datePublished\":\"2020-03-27T21:48:32+00:00\",\"dateModified\":\"2025-09-29T17:00:27+00:00\",\"breadcrumb\":{\"@id\":\"https:\\\/\\\/pans.krosno.pl\\\/zarzadzanie-magisterskie\\\/programy-studiow\\\/#breadcrumb\"},\"inLanguage\":\"pl-PL\",\"potentialAction\":[{\"@type\":\"ReadAction\",\"target\":[\"https:\\\/\\\/pans.krosno.pl\\\/zarzadzanie-magisterskie\\\/programy-studiow\\\/\"]}]},{\"@type\":\"BreadcrumbList\",\"@id\":\"https:\\\/\\\/pans.krosno.pl\\\/zarzadzanie-magisterskie\\\/programy-studiow\\\/#breadcrumb\",\"itemListElement\":[{\"@type\":\"ListItem\",\"position\":1,\"name\":\"Strona g\u0142\u00f3wna\",\"item\":\"https:\\\/\\\/pans.krosno.pl\\\/zarzadzanie-magisterskie\\\/\"},{\"@type\":\"ListItem\",\"position\":2,\"name\":\"Programy studi\u00f3w\"}]},{\"@type\":\"WebSite\",\"@id\":\"https:\\\/\\\/pans.krosno.pl\\\/zarzadzanie-magisterskie\\\/#website\",\"url\":\"https:\\\/\\\/pans.krosno.pl\\\/zarzadzanie-magisterskie\\\/\",\"name\":\"Zarz\u0105dzanie - Studia II Stopnia PANS w Kro\u015bnie\",\"description\":\"Zarz\u0105dzanie - Studia II Stopnia - Pa\u0144stwowa Akademia Nauk Stosowanych\",\"publisher\":{\"@id\":\"https:\\\/\\\/pans.krosno.pl\\\/zarzadzanie-magisterskie\\\/#organization\"},\"potentialAction\":[{\"@type\":\"SearchAction\",\"target\":{\"@type\":\"EntryPoint\",\"urlTemplate\":\"https:\\\/\\\/pans.krosno.pl\\\/zarzadzanie-magisterskie\\\/?s={search_term_string}\"},\"query-input\":{\"@type\":\"PropertyValueSpecification\",\"valueRequired\":true,\"valueName\":\"search_term_string\"}}],\"inLanguage\":\"pl-PL\"},{\"@type\":\"Organization\",\"@id\":\"https:\\\/\\\/pans.krosno.pl\\\/zarzadzanie-magisterskie\\\/#organization\",\"name\":\"Zarz\u0105dzanie - Studia II Stopnia PANS w Kro\u015bnie\",\"url\":\"https:\\\/\\\/pans.krosno.pl\\\/zarzadzanie-magisterskie\\\/\",\"logo\":{\"@type\":\"ImageObject\",\"inLanguage\":\"pl-PL\",\"@id\":\"https:\\\/\\\/pans.krosno.pl\\\/zarzadzanie-magisterskie\\\/#\\\/schema\\\/logo\\\/image\\\/\",\"url\":\"https:\\\/\\\/pans.krosno.pl\\\/zarzadzanie-magisterskie\\\/wp-content\\\/uploads\\\/sites\\\/42\\\/2023\\\/01\\\/Logo-PANS-2022-pelne.png\",\"contentUrl\":\"https:\\\/\\\/pans.krosno.pl\\\/zarzadzanie-magisterskie\\\/wp-content\\\/uploads\\\/sites\\\/42\\\/2023\\\/01\\\/Logo-PANS-2022-pelne.png\",\"width\":3096,\"height\":696,\"caption\":\"Zarz\u0105dzanie - Studia II Stopnia PANS w Kro\u015bnie\"},\"image\":{\"@id\":\"https:\\\/\\\/pans.krosno.pl\\\/zarzadzanie-magisterskie\\\/#\\\/schema\\\/logo\\\/image\\\/\"}}]}<\/script>\n<!-- \/ Yoast SEO Premium plugin. -->","yoast_head_json":{"title":"Programy studi\u00f3w - Zarz\u0105dzanie - Studia II Stopnia PANS w Kro\u015bnie","robots":{"index":"index","follow":"follow","max-snippet":"max-snippet:-1","max-image-preview":"max-image-preview:large","max-video-preview":"max-video-preview:-1"},"canonical":"https:\/\/pans.krosno.pl\/zarzadzanie-magisterskie\/programy-studiow\/","og_locale":"pl_PL","og_type":"article","og_title":"Programy studi\u00f3w","og_url":"https:\/\/pans.krosno.pl\/zarzadzanie-magisterskie\/programy-studiow\/","og_site_name":"Zarz\u0105dzanie - Studia II Stopnia PANS w Kro\u015bnie","article_modified_time":"2025-09-29T17:00:27+00:00","twitter_card":"summary_large_image","twitter_misc":{"Szacowany czas czytania":"1 minuta"},"schema":{"@context":"https:\/\/schema.org","@graph":[{"@type":"WebPage","@id":"https:\/\/pans.krosno.pl\/zarzadzanie-magisterskie\/programy-studiow\/","url":"https:\/\/pans.krosno.pl\/zarzadzanie-magisterskie\/programy-studiow\/","name":"Programy studi\u00f3w - Zarz\u0105dzanie - Studia II Stopnia PANS w Kro\u015bnie","isPartOf":{"@id":"https:\/\/pans.krosno.pl\/zarzadzanie-magisterskie\/#website"},"datePublished":"2020-03-27T21:48:32+00:00","dateModified":"2025-09-29T17:00:27+00:00","breadcrumb":{"@id":"https:\/\/pans.krosno.pl\/zarzadzanie-magisterskie\/programy-studiow\/#breadcrumb"},"inLanguage":"pl-PL","potentialAction":[{"@type":"ReadAction","target":["https:\/\/pans.krosno.pl\/zarzadzanie-magisterskie\/programy-studiow\/"]}]},{"@type":"BreadcrumbList","@id":"https:\/\/pans.krosno.pl\/zarzadzanie-magisterskie\/programy-studiow\/#breadcrumb","itemListElement":[{"@type":"ListItem","position":1,"name":"Strona g\u0142\u00f3wna","item":"https:\/\/pans.krosno.pl\/zarzadzanie-magisterskie\/"},{"@type":"ListItem","position":2,"name":"Programy studi\u00f3w"}]},{"@type":"WebSite","@id":"https:\/\/pans.krosno.pl\/zarzadzanie-magisterskie\/#website","url":"https:\/\/pans.krosno.pl\/zarzadzanie-magisterskie\/","name":"Zarz\u0105dzanie - Studia II Stopnia PANS w Kro\u015bnie","description":"Zarz\u0105dzanie - Studia II Stopnia - Pa\u0144stwowa Akademia Nauk Stosowanych","publisher":{"@id":"https:\/\/pans.krosno.pl\/zarzadzanie-magisterskie\/#organization"},"potentialAction":[{"@type":"SearchAction","target":{"@type":"EntryPoint","urlTemplate":"https:\/\/pans.krosno.pl\/zarzadzanie-magisterskie\/?s={search_term_string}"},"query-input":{"@type":"PropertyValueSpecification","valueRequired":true,"valueName":"search_term_string"}}],"inLanguage":"pl-PL"},{"@type":"Organization","@id":"https:\/\/pans.krosno.pl\/zarzadzanie-magisterskie\/#organization","name":"Zarz\u0105dzanie - Studia II Stopnia PANS w Kro\u015bnie","url":"https:\/\/pans.krosno.pl\/zarzadzanie-magisterskie\/","logo":{"@type":"ImageObject","inLanguage":"pl-PL","@id":"https:\/\/pans.krosno.pl\/zarzadzanie-magisterskie\/#\/schema\/logo\/image\/","url":"https:\/\/pans.krosno.pl\/zarzadzanie-magisterskie\/wp-content\/uploads\/sites\/42\/2023\/01\/Logo-PANS-2022-pelne.png","contentUrl":"https:\/\/pans.krosno.pl\/zarzadzanie-magisterskie\/wp-content\/uploads\/sites\/42\/2023\/01\/Logo-PANS-2022-pelne.png","width":3096,"height":696,"caption":"Zarz\u0105dzanie - Studia II Stopnia PANS w Kro\u015bnie"},"image":{"@id":"https:\/\/pans.krosno.pl\/zarzadzanie-magisterskie\/#\/schema\/logo\/image\/"}}]}},"_links":{"self":[{"href":"https:\/\/pans.krosno.pl\/zarzadzanie-magisterskie\/wp-json\/wp\/v2\/pages\/15","targetHints":{"allow":["GET"]}}],"collection":[{"href":"https:\/\/pans.krosno.pl\/zarzadzanie-magisterskie\/wp-json\/wp\/v2\/pages"}],"about":[{"href":"https:\/\/pans.krosno.pl\/zarzadzanie-magisterskie\/wp-json\/wp\/v2\/types\/page"}],"author":[{"embeddable":true,"href":"https:\/\/pans.krosno.pl\/zarzadzanie-magisterskie\/wp-json\/wp\/v2\/users\/1"}],"replies":[{"embeddable":true,"href":"https:\/\/pans.krosno.pl\/zarzadzanie-magisterskie\/wp-json\/wp\/v2\/comments?post=15"}],"version-history":[{"count":13,"href":"https:\/\/pans.krosno.pl\/zarzadzanie-magisterskie\/wp-json\/wp\/v2\/pages\/15\/revisions"}],"predecessor-version":[{"id":1591,"href":"https:\/\/pans.krosno.pl\/zarzadzanie-magisterskie\/wp-json\/wp\/v2\/pages\/15\/revisions\/1591"}],"wp:attachment":[{"href":"https:\/\/pans.krosno.pl\/zarzadzanie-magisterskie\/wp-json\/wp\/v2\/media?parent=15"}],"curies":[{"name":"wp","href":"https:\/\/api.w.org\/{rel}","templated":true}]}}