{"id":383,"date":"2023-02-02T13:54:18","date_gmt":"2023-02-02T12:54:18","guid":{"rendered":"https:\/\/pans.krosno.pl\/strona-testowa\/?page_id=383"},"modified":"2025-10-19T11:03:51","modified_gmt":"2025-10-19T09:03:51","slug":"archiwalne-numery-studiow-pigoniana","status":"publish","type":"page","link":"https:\/\/pans.krosno.pl\/wydawnictwo-naukowe-pigonianum\/archiwalne-numery-studiow-pigoniana\/","title":{"rendered":"Archiwalne numery &#8222;Studi\u00f3w Pigoniana&#8221;"},"content":{"rendered":"\n<p>Czasopismo humanistyczne &#8222;Studia Pigoniana&#8221; zosta\u0142o za\u0142o\u017cone w 2017 roku z inicjatywy profesora Grzegorza Przebindy, rektora PWSZ w Kro\u015bnie w latach 2012-2020. <\/p>\n\n\n\n<hr class=\"wp-block-separator has-css-opacity\" \/>\n\n\n\n\n\n\n<div class=\"wp-block-columns is-layout-flex wp-container-core-columns-is-layout-28f84493 wp-block-columns-is-layout-flex\">\n<div class=\"wp-block-column is-layout-flow wp-block-column-is-layout-flow\">\n<figure class=\"wp-block-image size-large is-resized\"><img loading=\"lazy\" decoding=\"async\" src=\"https:\/\/pans.krosno.pl\/wydawnictwo-naukowe-pigonianum\/wp-content\/uploads\/sites\/60\/2025\/10\/Okladka_SP8.jpg\" alt=\"\" class=\"wp-image-479\" width=\"140\" height=\"195\" \/><\/figure>\n\n\n\n<p><strong><a href=\"https:\/\/apcz.umk.pl\/STP\/issue\/view\/3083\" target=\"_blank\" rel=\"noreferrer noopener\">\u201eStudia Pigoniana\u201d, nr 8, 2025<\/a><\/strong><\/p>\n\n\n\n<p><a href=\"https:\/\/pans.krosno.pl\/wydawnictwo-naukowe-pigonianum\/wp-content\/uploads\/sites\/60\/2025\/10\/SP8_Spis_tresci.pdf\" target=\"_blank\" rel=\"noreferrer noopener\">Spis tre\u015bci<\/a><br>Red. Grzegorz Przebinda, Piotr \u0141opatkiewicz, Tadeusz \u0141opatkiewicz, Leokadia Styrcz-Przebinda, Joanna Ziobro, Franciszek Tereszkiewicz<br>Krosno 2025<br>Stron 229<br>ISBN 978-83-64457-96-8<br>ISSN 2657-3261<br><strong>Cena: z\u0142<\/strong><\/p>\n\n\n\n<hr class=\"wp-block-separator has-css-opacity\" \/>\n<\/div>\n<\/div>\n\n\n\n\n\n\n\n\n<div class=\"wp-block-columns is-layout-flex wp-container-core-columns-is-layout-28f84493 wp-block-columns-is-layout-flex\">\n<div class=\"wp-block-column is-layout-flow wp-block-column-is-layout-flow\">\n<figure class=\"wp-block-image size-large is-resized\"><img loading=\"lazy\" decoding=\"async\" src=\"https:\/\/pans.krosno.pl\/wydawnictwo-naukowe-pigonianum\/wp-content\/uploads\/sites\/60\/2024\/09\/Okladka_SP7.jpg\" alt=\"\" class=\"wp-image-479\" width=\"140\" height=\"195\" \/><\/figure>\n\n\n\n<p><strong><a href=\"https:\/\/apcz.umk.pl\/STP\/issue\/view\/2884\" target=\"_blank\" rel=\"noreferrer noopener\">\u201eStudia Pigoniana\u201d, nr 7, 2024<\/a><\/strong><\/p>\n\n\n\n<p><a href=\"https:\/\/pans.krosno.pl\/wydawnictwo-naukowe-pigonianum\/wp-content\/uploads\/sites\/60\/2024\/09\/SP_7_Spis_tresci.pdf\" target=\"_blank\" rel=\"noreferrer noopener\">Spis tre\u015bci<\/a><br>Red. Grzegorz Przebinda, Piotr \u0141opatkiewicz, Tadeusz \u0141opatkiewicz, Leokadia Styrcz-Przebinda, Joanna Ziobro, Franciszek Tereszkiewicz<br>Krosno 2024<br>Stron 206<br>ISBN 978-83-64457-91-3<br>ISSN 2657-3261<br><strong>Cena: 105 z\u0142<\/strong><\/p>\n\n\n\n<hr class=\"wp-block-separator has-css-opacity\" \/>\n<\/div>\n<\/div>\n\n\n\n<div class=\"wp-block-columns is-layout-flex wp-container-core-columns-is-layout-28f84493 wp-block-columns-is-layout-flex\">\n<div class=\"wp-block-column is-layout-flow wp-block-column-is-layout-flow\">\n<figure class=\"wp-block-image size-large is-resized\"><img loading=\"lazy\" decoding=\"async\" src=\"https:\/\/pans.krosno.pl\/wydawnictwo-naukowe-pigonianum\/wp-content\/uploads\/sites\/60\/2023\/10\/SP6_Okladka_1.jpg\" alt=\"\" class=\"wp-image-479\" width=\"140\" height=\"195\" \/><\/figure>\n\n\n\n<p><strong><a href=\"https:\/\/apcz.umk.pl\/STP\/issue\/view\/2679\" target=\"_blank\" rel=\"noreferrer noopener\">\u201eStudia Pigoniana\u201d, nr 6, 2023<\/a><\/strong><\/p>\n\n\n\n<p><a href=\"https:\/\/pans.krosno.pl\/wydawnictwo-naukowe-pigonianum\/wp-content\/uploads\/sites\/60\/2023\/10\/Spis_tresci_SP_6.pdf\" target=\"_blank\" rel=\"noreferrer noopener\">Spis tre\u015bci<\/a><br>Red. Grzegorz Przebinda, Piotr \u0141opatkiewicz, Tadeusz \u0141opatkiewicz, Leokadia Styrcz-Przebinda, Joanna Ziobro, Franciszek Tereszkiewicz<br>Krosno 2023<br>Stron 230<br>ISBN 978-83-64457-85-2<br>ISSN 2657-3261<br><strong>Cena: 104 z\u0142<\/strong><\/p>\n\n\n\n<hr class=\"wp-block-separator has-css-opacity\" \/>\n<\/div>\n<\/div>\n\n\n\n<div class=\"wp-block-columns is-layout-flex wp-container-core-columns-is-layout-28f84493 wp-block-columns-is-layout-flex\">\n<div class=\"wp-block-column is-layout-flow wp-block-column-is-layout-flow\">\n<figure class=\"wp-block-image size-large is-resized\"><img loading=\"lazy\" decoding=\"async\" src=\"https:\/\/pans.krosno.pl\/wydawnictwo-naukowe-pigonianum\/wp-content\/uploads\/sites\/60\/2023\/10\/SP5_Okladka_1.jpg\" alt=\"\" class=\"wp-image-479\" width=\"140\" height=\"195\" \/><\/figure>\n\n\n\n<p><strong><a href=\"https:\/\/apcz.umk.pl\/STP\/issue\/view\/2504\" target=\"_blank\" rel=\"noreferrer noopener\">\u201eStudia Pigoniana\u201d, nr 5, 2022<\/a><\/strong><\/p>\n\n\n\n<p><a href=\"https:\/\/pans.krosno.pl\/wydawnictwo-naukowe-pigonianum\/wp-content\/uploads\/sites\/60\/2023\/02\/Spis_tresci_SP_5.pdf\" target=\"_blank\" rel=\"noreferrer noopener\">Spis tre\u015bci<\/a><br>Red. Grzegorz Przebinda, Piotr \u0141opatkiewicz, Joanna Ku\u0142akowska-Lis, Leokadia Styrcz-Przebinda, Franciszek Tereszkiewicz, Tadeusz \u0141opatkiewicz<br>Krosno 2022<br>Stron 267<br>ISBN 978-83-64457-79-1<br>ISSN 2657-3261<br><strong>Cena: 110 z\u0142 (nak\u0142ad wyczerpany)<\/strong><\/p>\n\n\n\n<hr class=\"wp-block-separator has-css-opacity\" \/>\n<\/div>\n<\/div>\n\n\n\n<div class=\"wp-block-columns is-layout-flex wp-container-core-columns-is-layout-28f84493 wp-block-columns-is-layout-flex\">\n<div class=\"wp-block-column is-layout-flow wp-block-column-is-layout-flow\">\n<figure class=\"wp-block-image size-large is-resized\"><a href=\"https:\/\/apcz.umk.pl\/STP\/issue\/view\/2181\" target=\"_blank\" rel=\"noopener\"><img loading=\"lazy\" decoding=\"async\" src=\"https:\/\/pans.krosno.pl\/wydawnictwo-naukowe-pigonianum\/wp-content\/uploads\/sites\/60\/2023\/02\/01-scaled-1.jpg\" alt=\"\" class=\"wp-image-479\" width=\"140\" height=\"195\" \/><\/a><\/figure>\n\n\n\n<p><a href=\"https:\/\/apcz.umk.pl\/STP\/issue\/view\/2181\" target=\"_blank\" rel=\"noreferrer noopener\"><strong>\u201eStudia Pigoniana\u201d, nr 4, 2021<\/strong><\/a><\/p>\n\n\n\n<p><a href=\"https:\/\/pans.krosno.pl\/wydawnictwo-naukowe-pigonianum\/wp-content\/uploads\/sites\/60\/2023\/02\/SP_4_spis_tresci.pdf\" target=\"_blank\" rel=\"noreferrer noopener\">Spis tre\u015bci<\/a><br>Red. Grzegorz Przebinda, Piotr \u0141opatkiewicz, Joanna Ku\u0142akowska-Lis, Leokadia Styrcz-Przebinda, Dominik Wr\u00f3bel, Franciszek Tereszkiewicz, Tadeusz \u0141opatkiewicz<br>Krosno 2021<br>Stron 274<br>ISBN 978-83-64457-65-4<br>ISSN 2657-3261<br><strong>Cena: 65,50 z\u0142<\/strong><\/p>\n\n\n\n<hr class=\"wp-block-separator has-css-opacity\" \/>\n<\/div>\n<\/div>\n\n\n\n<figure class=\"wp-block-image size-large is-resized is-style-default\"><a href=\"https:\/\/apcz.umk.pl\/STP\/issue\/view\/2020\" target=\"_blank\" rel=\"noopener\"><img loading=\"lazy\" decoding=\"async\" src=\"https:\/\/pans.krosno.pl\/wydawnictwo-naukowe-pigonianum\/wp-content\/uploads\/sites\/60\/2023\/02\/03.jpg\" alt=\"\" class=\"wp-image-486\" width=\"140\" height=\"195\" \/><\/a><\/figure>\n\n\n\n<p><a href=\"https:\/\/apcz.umk.pl\/STP\/issue\/view\/2020\" target=\"_blank\" rel=\"noreferrer noopener\"><strong>\u201eStudia Pigoniana\u201d, nr 3, 2020<\/strong> <\/a><\/p>\n\n\n\n<p><a href=\"https:\/\/pans.krosno.pl\/wydawnictwo-naukowe-pigonianum\/wp-content\/uploads\/sites\/60\/2023\/02\/SP_3_spis_tresci.pdf\" target=\"_blank\" rel=\"noreferrer noopener\">Spis tre\u015bci<\/a><br>Red. Grzegorz Przebinda, Piotr \u0141opatkiewicz, Joanna Ku\u0142akowska-Lis, Leokadia Styrcz-Przebinda, Dominik Wr\u00f3bel, Franciszek Tereszkiewicz<br>Krosno 2020<br>Stron 253<br>ISBN 978-83-64457-61-6<br>ISSN 2657-3261<br><strong>Cena: 65,00 z\u0142<\/strong> <br><\/p>\n\n\n\n<hr class=\"wp-block-separator has-css-opacity\" \/>\n\n\n\n<figure class=\"wp-block-image size-large is-resized\"><img loading=\"lazy\" decoding=\"async\" src=\"https:\/\/pans.krosno.pl\/wydawnictwo-naukowe-pigonianum\/wp-content\/uploads\/sites\/60\/2023\/02\/contra-spem-spero-160.jpg\" alt=\"\" class=\"wp-image-148\" width=\"140\" height=\"200\" \/><\/figure>\n\n\n\n<p><strong><a href=\"https:\/\/apcz.umk.pl\/czasopisma\/index.php\/STP\/issue\/view\/1757\/showToc\" target=\"_blank\" rel=\"noreferrer noopener\">\u201eStudia Pigoniana\u201d, nr 2, 2019<\/a><\/strong> <em>Contra spem spero \/ Przeciw niepami\u0119ci<\/em><\/p>\n\n\n\n<p><a href=\"https:\/\/pans.krosno.pl\/wydawnictwo-naukowe-pigonianum\/wp-content\/uploads\/sites\/60\/2023\/02\/SP_2_spis_tresci.pdf\" target=\"_blank\" rel=\"noreferrer noopener\">Spis tre\u015bci<\/a><br>Red. Grzegorz Przebinda, Joanna Ku\u0142akowska-Lis, Leokadia Styrcz-Przebinda, Dominik Wr\u00f3bel, Franciszek Tereszkiewicz<br>Krosno 2019<br>Stron 280<br>ISBN 978-83-64457-53-1<br>ISSN 2657-3261<br><strong>Cena: 46,00 z\u0142<\/strong><\/p>\n\n\n\n<hr class=\"wp-block-separator has-css-opacity\" \/>\n\n\n\n<figure class=\"wp-block-image size-large is-resized\"><img loading=\"lazy\" decoding=\"async\" src=\"https:\/\/pans.krosno.pl\/wydawnictwo-naukowe-pigonianum\/wp-content\/uploads\/sites\/60\/2023\/02\/wieksza-europa-Studia-pigoniana160.jpg\" alt=\"\" class=\"wp-image-149\" width=\"136\" height=\"195\" \/><\/figure>\n\n\n\n<p><strong><a href=\"https:\/\/apcz.umk.pl\/czasopisma\/index.php\/STP\/issue\/view\/1755\/showToc\" target=\"_blank\" rel=\"noreferrer noopener\">\u201eStudia Pigoniana\u201d, nr 1, 2018<\/a><\/strong> <em>Wi\u0119ksza Europa<\/em> <\/p>\n\n\n\n<p><a href=\"https:\/\/pans.krosno.pl\/wydawnictwo-naukowe-pigonianum\/wp-content\/uploads\/sites\/60\/2023\/02\/SP_1_spis_tresci.pdf\" target=\"_blank\" rel=\"noreferrer noopener\">Spis tre\u015bci<\/a><br>Red. Grzegorz Przebinda, Joanna Ku\u0142akowska-Lis, Leokadia Styrcz-Przebinda, Dominik Wr\u00f3bel, Franciszek Tereszkiewicz<br>Krosno 2018<br>Stron 228<br>ISBN 978-83-64457-41-8<br>ISSN 2657-3261<br><strong>Cena: 49,00 z\u0142<\/strong><\/p>\n\n\n\n<hr class=\"wp-block-separator has-css-opacity\" \/>\n\n\n\n<div class=\"wp-block-columns is-layout-flex wp-container-core-columns-is-layout-28f84493 wp-block-columns-is-layout-flex\">\n<div class=\"wp-block-column is-layout-flow wp-block-column-is-layout-flow\"><\/div>\n\n\n\n<div class=\"wp-block-column is-layout-flow wp-block-column-is-layout-flow\">\n<figure class=\"wp-block-image alignright size-full is-resized is-style-default\"><a href=\"https:\/\/pans.krosno.pl\/formularz-zgloszeniowy\/\" target=\"_blank\" rel=\"noopener\"><img decoding=\"async\" src=\"https:\/\/pans.krosno.pl\/wydawnictwo-naukowe-pigonianum\/wp-content\/uploads\/sites\/60\/2023\/02\/WP_zamowienia.gif\" alt=\"\" class=\"wp-image-574\" width=\"220\" \/><\/a><\/figure>\n<\/div>\n\n\n\n<div class=\"wp-block-column is-layout-flow wp-block-column-is-layout-flow\"><\/div>\n<\/div>\n\n\n\n<p><br><\/p>\n\n\n\n<p><\/p>\n\n\n\n<p><br><\/p>\n","protected":false},"excerpt":{"rendered":"<p>Czasopismo humanistyczne &#8222;Studia Pigoniana&#8221; zosta\u0142o za\u0142o\u017cone w 2017 roku z inicjatywy profesora Grzegorza Przebindy, rektora PWSZ w Kro\u015bnie w latach 2012-2020. \u201eStudia Pigoniana\u201d, nr 8, 2025 Spis tre\u015bciRed. Grzegorz Przebinda, Piotr \u0141opatkiewicz, Tadeusz \u0141opatkiewicz, Leokadia Styrcz-Przebinda, Joanna Ziobro, Franciszek TereszkiewiczKrosno 2025Stron 229ISBN 978-83-64457-96-8ISSN 2657-3261Cena: z\u0142 \u201eStudia Pigoniana\u201d, nr 7, 2024 [\u2026] <\/p>\n<div class=\"clear\"><\/div>\n<p><a class=\"more_link clearfix\" href=\"https:\/\/pans.krosno.pl\/wydawnictwo-naukowe-pigonianum\/archiwalne-numery-studiow-pigoniana\/\" rel=\"nofollow\">Read More<\/a><\/p>\n","protected":false},"author":73,"featured_media":0,"parent":0,"menu_order":0,"comment_status":"closed","ping_status":"closed","template":"page-templates\/template-full-width.php","meta":{"ngg_post_thumbnail":0,"footnotes":""},"class_list":["post-383","page","type-page","status-publish","hentry"],"yoast_head":"<!-- This site is optimized with the Yoast SEO Premium plugin v27.4 (Yoast SEO v27.4) - https:\/\/yoast.com\/product\/yoast-seo-premium-wordpress\/ -->\n<title>Archiwalne numery &quot;Studi\u00f3w Pigoniana&quot; - Wydawnictwo naukowe Pigonianum PANS w Kro\u015bnie<\/title>\n<meta name=\"robots\" content=\"noindex, follow, max-snippet:-1, max-image-preview:large, max-video-preview:-1\" \/>\n<meta property=\"og:locale\" content=\"pl_PL\" \/>\n<meta property=\"og:type\" content=\"article\" \/>\n<meta property=\"og:title\" content=\"Archiwalne numery &quot;Studi\u00f3w Pigoniana&quot;\" \/>\n<meta property=\"og:description\" content=\"Czasopismo humanistyczne &#8222;Studia Pigoniana&#8221; zosta\u0142o za\u0142o\u017cone w 2017 roku z inicjatywy profesora Grzegorza Przebindy, rektora PWSZ w Kro\u015bnie w latach 2012-2020. \u201eStudia Pigoniana\u201d, nr 8, 2025 Spis tre\u015bciRed. Grzegorz Przebinda, Piotr \u0141opatkiewicz, Tadeusz \u0141opatkiewicz, Leokadia Styrcz-Przebinda, Joanna Ziobro, Franciszek TereszkiewiczKrosno 2025Stron 229ISBN 978-83-64457-96-8ISSN 2657-3261Cena: z\u0142 \u201eStudia Pigoniana\u201d, nr 7, 2024 [\u2026] Read More\" \/>\n<meta property=\"og:url\" content=\"https:\/\/pans.krosno.pl\/wydawnictwo-naukowe-pigonianum\/archiwalne-numery-studiow-pigoniana\/\" \/>\n<meta property=\"og:site_name\" content=\"Wydawnictwo naukowe Pigonianum PANS w Kro\u015bnie\" \/>\n<meta property=\"article:publisher\" content=\"https:\/\/www.facebook.com\/StudiaKrosno\/\" \/>\n<meta property=\"article:modified_time\" content=\"2025-10-19T09:03:51+00:00\" \/>\n<meta name=\"twitter:card\" content=\"summary_large_image\" \/>\n<meta name=\"twitter:label1\" content=\"Szacowany czas czytania\" \/>\n\t<meta name=\"twitter:data1\" content=\"4 minuty\" \/>\n<script type=\"application\/ld+json\" class=\"yoast-schema-graph\">{\"@context\":\"https:\\\/\\\/schema.org\",\"@graph\":[{\"@type\":\"WebPage\",\"@id\":\"https:\\\/\\\/pans.krosno.pl\\\/wydawnictwo-naukowe-pigonianum\\\/archiwalne-numery-studiow-pigoniana\\\/\",\"url\":\"https:\\\/\\\/pans.krosno.pl\\\/wydawnictwo-naukowe-pigonianum\\\/archiwalne-numery-studiow-pigoniana\\\/\",\"name\":\"Archiwalne numery \\\"Studi\u00f3w Pigoniana\\\" - Wydawnictwo naukowe Pigonianum PANS w Kro\u015bnie\",\"isPartOf\":{\"@id\":\"https:\\\/\\\/pans.krosno.pl\\\/wydawnictwo-naukowe-pigonianum\\\/#website\"},\"primaryImageOfPage\":{\"@id\":\"https:\\\/\\\/pans.krosno.pl\\\/wydawnictwo-naukowe-pigonianum\\\/archiwalne-numery-studiow-pigoniana\\\/#primaryimage\"},\"image\":{\"@id\":\"https:\\\/\\\/pans.krosno.pl\\\/wydawnictwo-naukowe-pigonianum\\\/archiwalne-numery-studiow-pigoniana\\\/#primaryimage\"},\"thumbnailUrl\":\"https:\\\/\\\/pans.krosno.pl\\\/wydawnictwo-naukowe-pigonianum\\\/wp-content\\\/uploads\\\/sites\\\/60\\\/2025\\\/10\\\/Okladka_SP8.jpg\",\"datePublished\":\"2023-02-02T12:54:18+00:00\",\"dateModified\":\"2025-10-19T09:03:51+00:00\",\"breadcrumb\":{\"@id\":\"https:\\\/\\\/pans.krosno.pl\\\/wydawnictwo-naukowe-pigonianum\\\/archiwalne-numery-studiow-pigoniana\\\/#breadcrumb\"},\"inLanguage\":\"pl-PL\",\"potentialAction\":[{\"@type\":\"ReadAction\",\"target\":[\"https:\\\/\\\/pans.krosno.pl\\\/wydawnictwo-naukowe-pigonianum\\\/archiwalne-numery-studiow-pigoniana\\\/\"]}]},{\"@type\":\"ImageObject\",\"inLanguage\":\"pl-PL\",\"@id\":\"https:\\\/\\\/pans.krosno.pl\\\/wydawnictwo-naukowe-pigonianum\\\/archiwalne-numery-studiow-pigoniana\\\/#primaryimage\",\"url\":\"\",\"contentUrl\":\"\"},{\"@type\":\"BreadcrumbList\",\"@id\":\"https:\\\/\\\/pans.krosno.pl\\\/wydawnictwo-naukowe-pigonianum\\\/archiwalne-numery-studiow-pigoniana\\\/#breadcrumb\",\"itemListElement\":[{\"@type\":\"ListItem\",\"position\":1,\"name\":\"Strona g\u0142\u00f3wna\",\"item\":\"https:\\\/\\\/pans.krosno.pl\\\/wydawnictwo-naukowe-pigonianum\\\/\"},{\"@type\":\"ListItem\",\"position\":2,\"name\":\"Archiwalne numery &#8222;Studi\u00f3w Pigoniana&#8221;\"}]},{\"@type\":\"WebSite\",\"@id\":\"https:\\\/\\\/pans.krosno.pl\\\/wydawnictwo-naukowe-pigonianum\\\/#website\",\"url\":\"https:\\\/\\\/pans.krosno.pl\\\/wydawnictwo-naukowe-pigonianum\\\/\",\"name\":\"KPU w Kro\u015bnie\",\"description\":\"Wydawnictwo naukowe Pigonianum - Pa\u0144stwowa Akademia Nauk Stosowanych\",\"publisher\":{\"@id\":\"https:\\\/\\\/pans.krosno.pl\\\/wydawnictwo-naukowe-pigonianum\\\/#organization\"},\"potentialAction\":[{\"@type\":\"SearchAction\",\"target\":{\"@type\":\"EntryPoint\",\"urlTemplate\":\"https:\\\/\\\/pans.krosno.pl\\\/wydawnictwo-naukowe-pigonianum\\\/?s={search_term_string}\"},\"query-input\":{\"@type\":\"PropertyValueSpecification\",\"valueRequired\":true,\"valueName\":\"search_term_string\"}}],\"inLanguage\":\"pl-PL\"},{\"@type\":\"Organization\",\"@id\":\"https:\\\/\\\/pans.krosno.pl\\\/wydawnictwo-naukowe-pigonianum\\\/#organization\",\"name\":\"Karpacka Pa\u0144stwowa Uczelnia w Kro\u015bnie\",\"url\":\"https:\\\/\\\/pans.krosno.pl\\\/wydawnictwo-naukowe-pigonianum\\\/\",\"logo\":{\"@type\":\"ImageObject\",\"inLanguage\":\"pl-PL\",\"@id\":\"https:\\\/\\\/pans.krosno.pl\\\/wydawnictwo-naukowe-pigonianum\\\/#\\\/schema\\\/logo\\\/image\\\/\",\"url\":\"https:\\\/\\\/pans.krosno.pl\\\/wp-content\\\/uploads\\\/2020\\\/04\\\/unnamed-1.png\",\"contentUrl\":\"https:\\\/\\\/pans.krosno.pl\\\/wp-content\\\/uploads\\\/2020\\\/04\\\/unnamed-1.png\",\"width\":2238,\"height\":372,\"caption\":\"Karpacka Pa\u0144stwowa Uczelnia w Kro\u015bnie\"},\"image\":{\"@id\":\"https:\\\/\\\/pans.krosno.pl\\\/wydawnictwo-naukowe-pigonianum\\\/#\\\/schema\\\/logo\\\/image\\\/\"},\"sameAs\":[\"https:\\\/\\\/www.facebook.com\\\/StudiaKrosno\\\/\",\"https:\\\/\\\/www.instagram.com\\\/studia.krosno\",\"https:\\\/\\\/pl.linkedin.com\\\/company\\\/pwsz-krosno\",\"https:\\\/\\\/www.youtube.com\\\/user\\\/pwszkrosno\\\/\",\"https:\\\/\\\/pl.wikipedia.org\\\/wiki\\\/Pa\u0144stwowa_Wy\u017csza_Szko\u0142a_Zawodowa_im._Stanis\u0142awa_Pigonia_w_Kro\u015bnie\"]}]}<\/script>\n<!-- \/ Yoast SEO Premium plugin. -->","yoast_head_json":{"title":"Archiwalne numery \"Studi\u00f3w Pigoniana\" - Wydawnictwo naukowe Pigonianum PANS w Kro\u015bnie","robots":{"index":"noindex","follow":"follow","max-snippet":"max-snippet:-1","max-image-preview":"max-image-preview:large","max-video-preview":"max-video-preview:-1"},"og_locale":"pl_PL","og_type":"article","og_title":"Archiwalne numery \"Studi\u00f3w Pigoniana\"","og_description":"Czasopismo humanistyczne &#8222;Studia Pigoniana&#8221; zosta\u0142o za\u0142o\u017cone w 2017 roku z inicjatywy profesora Grzegorza Przebindy, rektora PWSZ w Kro\u015bnie w latach 2012-2020. \u201eStudia Pigoniana\u201d, nr 8, 2025 Spis tre\u015bciRed. Grzegorz Przebinda, Piotr \u0141opatkiewicz, Tadeusz \u0141opatkiewicz, Leokadia Styrcz-Przebinda, Joanna Ziobro, Franciszek TereszkiewiczKrosno 2025Stron 229ISBN 978-83-64457-96-8ISSN 2657-3261Cena: z\u0142 \u201eStudia Pigoniana\u201d, nr 7, 2024 [\u2026] Read More","og_url":"https:\/\/pans.krosno.pl\/wydawnictwo-naukowe-pigonianum\/archiwalne-numery-studiow-pigoniana\/","og_site_name":"Wydawnictwo naukowe Pigonianum PANS w Kro\u015bnie","article_publisher":"https:\/\/www.facebook.com\/StudiaKrosno\/","article_modified_time":"2025-10-19T09:03:51+00:00","twitter_card":"summary_large_image","twitter_misc":{"Szacowany czas czytania":"4 minuty"},"schema":{"@context":"https:\/\/schema.org","@graph":[{"@type":"WebPage","@id":"https:\/\/pans.krosno.pl\/wydawnictwo-naukowe-pigonianum\/archiwalne-numery-studiow-pigoniana\/","url":"https:\/\/pans.krosno.pl\/wydawnictwo-naukowe-pigonianum\/archiwalne-numery-studiow-pigoniana\/","name":"Archiwalne numery \"Studi\u00f3w Pigoniana\" - Wydawnictwo naukowe Pigonianum PANS w Kro\u015bnie","isPartOf":{"@id":"https:\/\/pans.krosno.pl\/wydawnictwo-naukowe-pigonianum\/#website"},"primaryImageOfPage":{"@id":"https:\/\/pans.krosno.pl\/wydawnictwo-naukowe-pigonianum\/archiwalne-numery-studiow-pigoniana\/#primaryimage"},"image":{"@id":"https:\/\/pans.krosno.pl\/wydawnictwo-naukowe-pigonianum\/archiwalne-numery-studiow-pigoniana\/#primaryimage"},"thumbnailUrl":"https:\/\/pans.krosno.pl\/wydawnictwo-naukowe-pigonianum\/wp-content\/uploads\/sites\/60\/2025\/10\/Okladka_SP8.jpg","datePublished":"2023-02-02T12:54:18+00:00","dateModified":"2025-10-19T09:03:51+00:00","breadcrumb":{"@id":"https:\/\/pans.krosno.pl\/wydawnictwo-naukowe-pigonianum\/archiwalne-numery-studiow-pigoniana\/#breadcrumb"},"inLanguage":"pl-PL","potentialAction":[{"@type":"ReadAction","target":["https:\/\/pans.krosno.pl\/wydawnictwo-naukowe-pigonianum\/archiwalne-numery-studiow-pigoniana\/"]}]},{"@type":"ImageObject","inLanguage":"pl-PL","@id":"https:\/\/pans.krosno.pl\/wydawnictwo-naukowe-pigonianum\/archiwalne-numery-studiow-pigoniana\/#primaryimage","url":"","contentUrl":""},{"@type":"BreadcrumbList","@id":"https:\/\/pans.krosno.pl\/wydawnictwo-naukowe-pigonianum\/archiwalne-numery-studiow-pigoniana\/#breadcrumb","itemListElement":[{"@type":"ListItem","position":1,"name":"Strona g\u0142\u00f3wna","item":"https:\/\/pans.krosno.pl\/wydawnictwo-naukowe-pigonianum\/"},{"@type":"ListItem","position":2,"name":"Archiwalne numery &#8222;Studi\u00f3w Pigoniana&#8221;"}]},{"@type":"WebSite","@id":"https:\/\/pans.krosno.pl\/wydawnictwo-naukowe-pigonianum\/#website","url":"https:\/\/pans.krosno.pl\/wydawnictwo-naukowe-pigonianum\/","name":"KPU w Kro\u015bnie","description":"Wydawnictwo naukowe Pigonianum - Pa\u0144stwowa Akademia Nauk Stosowanych","publisher":{"@id":"https:\/\/pans.krosno.pl\/wydawnictwo-naukowe-pigonianum\/#organization"},"potentialAction":[{"@type":"SearchAction","target":{"@type":"EntryPoint","urlTemplate":"https:\/\/pans.krosno.pl\/wydawnictwo-naukowe-pigonianum\/?s={search_term_string}"},"query-input":{"@type":"PropertyValueSpecification","valueRequired":true,"valueName":"search_term_string"}}],"inLanguage":"pl-PL"},{"@type":"Organization","@id":"https:\/\/pans.krosno.pl\/wydawnictwo-naukowe-pigonianum\/#organization","name":"Karpacka Pa\u0144stwowa Uczelnia w Kro\u015bnie","url":"https:\/\/pans.krosno.pl\/wydawnictwo-naukowe-pigonianum\/","logo":{"@type":"ImageObject","inLanguage":"pl-PL","@id":"https:\/\/pans.krosno.pl\/wydawnictwo-naukowe-pigonianum\/#\/schema\/logo\/image\/","url":"https:\/\/pans.krosno.pl\/wp-content\/uploads\/2020\/04\/unnamed-1.png","contentUrl":"https:\/\/pans.krosno.pl\/wp-content\/uploads\/2020\/04\/unnamed-1.png","width":2238,"height":372,"caption":"Karpacka Pa\u0144stwowa Uczelnia w Kro\u015bnie"},"image":{"@id":"https:\/\/pans.krosno.pl\/wydawnictwo-naukowe-pigonianum\/#\/schema\/logo\/image\/"},"sameAs":["https:\/\/www.facebook.com\/StudiaKrosno\/","https:\/\/www.instagram.com\/studia.krosno","https:\/\/pl.linkedin.com\/company\/pwsz-krosno","https:\/\/www.youtube.com\/user\/pwszkrosno\/","https:\/\/pl.wikipedia.org\/wiki\/Pa\u0144stwowa_Wy\u017csza_Szko\u0142a_Zawodowa_im._Stanis\u0142awa_Pigonia_w_Kro\u015bnie"]}]}},"_links":{"self":[{"href":"https:\/\/pans.krosno.pl\/wydawnictwo-naukowe-pigonianum\/wp-json\/wp\/v2\/pages\/383","targetHints":{"allow":["GET"]}}],"collection":[{"href":"https:\/\/pans.krosno.pl\/wydawnictwo-naukowe-pigonianum\/wp-json\/wp\/v2\/pages"}],"about":[{"href":"https:\/\/pans.krosno.pl\/wydawnictwo-naukowe-pigonianum\/wp-json\/wp\/v2\/types\/page"}],"author":[{"embeddable":true,"href":"https:\/\/pans.krosno.pl\/wydawnictwo-naukowe-pigonianum\/wp-json\/wp\/v2\/users\/73"}],"replies":[{"embeddable":true,"href":"https:\/\/pans.krosno.pl\/wydawnictwo-naukowe-pigonianum\/wp-json\/wp\/v2\/comments?post=383"}],"version-history":[{"count":18,"href":"https:\/\/pans.krosno.pl\/wydawnictwo-naukowe-pigonianum\/wp-json\/wp\/v2\/pages\/383\/revisions"}],"predecessor-version":[{"id":640,"href":"https:\/\/pans.krosno.pl\/wydawnictwo-naukowe-pigonianum\/wp-json\/wp\/v2\/pages\/383\/revisions\/640"}],"wp:attachment":[{"href":"https:\/\/pans.krosno.pl\/wydawnictwo-naukowe-pigonianum\/wp-json\/wp\/v2\/media?parent=383"}],"curies":[{"name":"wp","href":"https:\/\/api.w.org\/{rel}","templated":true}]}}