{"id":348,"date":"2023-01-31T11:40:36","date_gmt":"2023-01-31T10:40:36","guid":{"rendered":"https:\/\/pans.krosno.pl\/strona-testowa\/?page_id=348"},"modified":"2026-03-18T11:05:34","modified_gmt":"2026-03-18T10:05:34","slug":"procedura-recenzowania-artykulow","status":"publish","type":"page","link":"https:\/\/pans.krosno.pl\/wydawnictwo-naukowe-pigonianum\/procedura-recenzowania-artykulow\/","title":{"rendered":"Procedura recenzowania artyku\u0142\u00f3w"},"content":{"rendered":"\n<p>Wszystkie zg\u0142oszone teksty podlegaj\u0105 procedurze recenzyjnej typu double blind peer review.<\/p>\n\n\n\n<p>Przed skierowaniem artyku\u0142u do recenzji redakcja dokonuje wst\u0119pnej oceny tekstu pod wzgl\u0119dem zgodno\u015bci z profilem naukowym czasopisma oraz podstawowych wymog\u00f3w formalnych.<\/p>\n\n\n\n<p>\u015aredni czas trwania procesu recenzyjnego wynosi od 8 do 10 tygodni.<\/p>\n\n\n\n<p>Ka\u017cdy artyku\u0142 oceniany jest przez dw\u00f3ch niezale\u017cnych recenzent\u00f3w zewn\u0119trznych. Ostateczn\u0105 decyzj\u0119 o publikacji podejmuje redaktor naczelny na podstawie opinii recenzent\u00f3w.<\/p>\n\n\n\n<p>Decyzje redakcyjne podejmowane s\u0105 wy\u0142\u0105cznie na podstawie warto\u015bci naukowej artyku\u0142u oraz opinii niezale\u017cnych recenzent\u00f3w. Proces recenzyjny obj\u0119ty jest zasad\u0105 poufno\u015bci.<\/p>\n\n\n\n<p>Artyku\u0142y naukowe kierowane s\u0105 do recenzji zewn\u0119trznej do specjalist\u00f3w z danej dyscypliny naukowej, posiadaj\u0105cych stopie\u0144 doktora habilitowanego i pochodz\u0105cych z r\u00f3\u017cnych o\u015brodk\u00f3w akademickich. W uzasadnionych przypadkach Redaktor Naczelny czasopisma mo\u017ce dokona\u0107 wyboru recenzent\u00f3w spo\u015br\u00f3d os\u00f3b wskazanych przez Autora. Decyzj\u0119 o wyborze recenzent\u00f3w podejmuje jednak zawsze Redaktor Naczelny czasopisma.<\/p>\n\n\n\n<p>Ka\u017cda recenzja musi zawiera\u0107 wskazanie: imienia i nazwiska oraz stopnia i tytu\u0142u naukowego recenzenta, pe\u0142nej nazwy reprezentowanej przez recenzenta uczelni lub instytucji naukowej, daty wykonania. Ka\u017cda recenzja musi by\u0107 tak\u017ce opatrzona w\u0142asnor\u0119cznym podpisem recenzenta. <\/p>\n","protected":false},"excerpt":{"rendered":"<p>Wszystkie zg\u0142oszone teksty podlegaj\u0105 procedurze recenzyjnej typu double blind peer review. Przed skierowaniem artyku\u0142u do recenzji redakcja dokonuje wst\u0119pnej oceny tekstu pod wzgl\u0119dem zgodno\u015bci z profilem naukowym czasopisma oraz podstawowych wymog\u00f3w formalnych. \u015aredni czas trwania procesu recenzyjnego wynosi od 8 do 10 tygodni. Ka\u017cdy artyku\u0142 oceniany jest przez dw\u00f3ch niezale\u017cnych [\u2026] <\/p>\n<div class=\"clear\"><\/div>\n<p><a class=\"more_link clearfix\" href=\"https:\/\/pans.krosno.pl\/wydawnictwo-naukowe-pigonianum\/procedura-recenzowania-artykulow\/\" rel=\"nofollow\">Read More<\/a><\/p>\n","protected":false},"author":73,"featured_media":0,"parent":0,"menu_order":0,"comment_status":"closed","ping_status":"closed","template":"page-templates\/template-full-width.php","meta":{"ngg_post_thumbnail":0,"footnotes":""},"class_list":["post-348","page","type-page","status-publish","hentry"],"yoast_head":"<!-- This site is optimized with the Yoast SEO Premium plugin v27.4 (Yoast SEO v27.4) - https:\/\/yoast.com\/product\/yoast-seo-premium-wordpress\/ -->\n<title>Procedura recenzowania artyku\u0142\u00f3w - Wydawnictwo naukowe Pigonianum PANS w Kro\u015bnie<\/title>\n<meta name=\"robots\" content=\"noindex, follow, max-snippet:-1, max-image-preview:large, max-video-preview:-1\" \/>\n<meta property=\"og:locale\" content=\"pl_PL\" \/>\n<meta property=\"og:type\" content=\"article\" \/>\n<meta property=\"og:title\" content=\"Procedura recenzowania artyku\u0142\u00f3w\" \/>\n<meta property=\"og:description\" content=\"Wszystkie zg\u0142oszone teksty podlegaj\u0105 procedurze recenzyjnej typu double blind peer review. Przed skierowaniem artyku\u0142u do recenzji redakcja dokonuje wst\u0119pnej oceny tekstu pod wzgl\u0119dem zgodno\u015bci z profilem naukowym czasopisma oraz podstawowych wymog\u00f3w formalnych. \u015aredni czas trwania procesu recenzyjnego wynosi od 8 do 10 tygodni. Ka\u017cdy artyku\u0142 oceniany jest przez dw\u00f3ch niezale\u017cnych [\u2026] Read More\" \/>\n<meta property=\"og:url\" content=\"https:\/\/pans.krosno.pl\/wydawnictwo-naukowe-pigonianum\/procedura-recenzowania-artykulow\/\" \/>\n<meta property=\"og:site_name\" content=\"Wydawnictwo naukowe Pigonianum PANS w Kro\u015bnie\" \/>\n<meta property=\"article:publisher\" content=\"https:\/\/www.facebook.com\/StudiaKrosno\/\" \/>\n<meta property=\"article:modified_time\" content=\"2026-03-18T10:05:34+00:00\" \/>\n<meta name=\"twitter:card\" content=\"summary_large_image\" \/>\n<meta name=\"twitter:label1\" content=\"Szacowany czas czytania\" \/>\n\t<meta name=\"twitter:data1\" content=\"1 minuta\" \/>\n<script type=\"application\/ld+json\" class=\"yoast-schema-graph\">{\"@context\":\"https:\\\/\\\/schema.org\",\"@graph\":[{\"@type\":\"WebPage\",\"@id\":\"https:\\\/\\\/pans.krosno.pl\\\/wydawnictwo-naukowe-pigonianum\\\/procedura-recenzowania-artykulow\\\/\",\"url\":\"https:\\\/\\\/pans.krosno.pl\\\/wydawnictwo-naukowe-pigonianum\\\/procedura-recenzowania-artykulow\\\/\",\"name\":\"Procedura recenzowania artyku\u0142\u00f3w - Wydawnictwo naukowe Pigonianum PANS w Kro\u015bnie\",\"isPartOf\":{\"@id\":\"https:\\\/\\\/pans.krosno.pl\\\/wydawnictwo-naukowe-pigonianum\\\/#website\"},\"datePublished\":\"2023-01-31T10:40:36+00:00\",\"dateModified\":\"2026-03-18T10:05:34+00:00\",\"breadcrumb\":{\"@id\":\"https:\\\/\\\/pans.krosno.pl\\\/wydawnictwo-naukowe-pigonianum\\\/procedura-recenzowania-artykulow\\\/#breadcrumb\"},\"inLanguage\":\"pl-PL\",\"potentialAction\":[{\"@type\":\"ReadAction\",\"target\":[\"https:\\\/\\\/pans.krosno.pl\\\/wydawnictwo-naukowe-pigonianum\\\/procedura-recenzowania-artykulow\\\/\"]}]},{\"@type\":\"BreadcrumbList\",\"@id\":\"https:\\\/\\\/pans.krosno.pl\\\/wydawnictwo-naukowe-pigonianum\\\/procedura-recenzowania-artykulow\\\/#breadcrumb\",\"itemListElement\":[{\"@type\":\"ListItem\",\"position\":1,\"name\":\"Strona g\u0142\u00f3wna\",\"item\":\"https:\\\/\\\/pans.krosno.pl\\\/wydawnictwo-naukowe-pigonianum\\\/\"},{\"@type\":\"ListItem\",\"position\":2,\"name\":\"Procedura recenzowania artyku\u0142\u00f3w\"}]},{\"@type\":\"WebSite\",\"@id\":\"https:\\\/\\\/pans.krosno.pl\\\/wydawnictwo-naukowe-pigonianum\\\/#website\",\"url\":\"https:\\\/\\\/pans.krosno.pl\\\/wydawnictwo-naukowe-pigonianum\\\/\",\"name\":\"KPU w Kro\u015bnie\",\"description\":\"Wydawnictwo naukowe Pigonianum - Pa\u0144stwowa Akademia Nauk Stosowanych\",\"publisher\":{\"@id\":\"https:\\\/\\\/pans.krosno.pl\\\/wydawnictwo-naukowe-pigonianum\\\/#organization\"},\"potentialAction\":[{\"@type\":\"SearchAction\",\"target\":{\"@type\":\"EntryPoint\",\"urlTemplate\":\"https:\\\/\\\/pans.krosno.pl\\\/wydawnictwo-naukowe-pigonianum\\\/?s={search_term_string}\"},\"query-input\":{\"@type\":\"PropertyValueSpecification\",\"valueRequired\":true,\"valueName\":\"search_term_string\"}}],\"inLanguage\":\"pl-PL\"},{\"@type\":\"Organization\",\"@id\":\"https:\\\/\\\/pans.krosno.pl\\\/wydawnictwo-naukowe-pigonianum\\\/#organization\",\"name\":\"Karpacka Pa\u0144stwowa Uczelnia w Kro\u015bnie\",\"url\":\"https:\\\/\\\/pans.krosno.pl\\\/wydawnictwo-naukowe-pigonianum\\\/\",\"logo\":{\"@type\":\"ImageObject\",\"inLanguage\":\"pl-PL\",\"@id\":\"https:\\\/\\\/pans.krosno.pl\\\/wydawnictwo-naukowe-pigonianum\\\/#\\\/schema\\\/logo\\\/image\\\/\",\"url\":\"https:\\\/\\\/pans.krosno.pl\\\/wp-content\\\/uploads\\\/2020\\\/04\\\/unnamed-1.png\",\"contentUrl\":\"https:\\\/\\\/pans.krosno.pl\\\/wp-content\\\/uploads\\\/2020\\\/04\\\/unnamed-1.png\",\"width\":2238,\"height\":372,\"caption\":\"Karpacka Pa\u0144stwowa Uczelnia w Kro\u015bnie\"},\"image\":{\"@id\":\"https:\\\/\\\/pans.krosno.pl\\\/wydawnictwo-naukowe-pigonianum\\\/#\\\/schema\\\/logo\\\/image\\\/\"},\"sameAs\":[\"https:\\\/\\\/www.facebook.com\\\/StudiaKrosno\\\/\",\"https:\\\/\\\/www.instagram.com\\\/studia.krosno\",\"https:\\\/\\\/pl.linkedin.com\\\/company\\\/pwsz-krosno\",\"https:\\\/\\\/www.youtube.com\\\/user\\\/pwszkrosno\\\/\",\"https:\\\/\\\/pl.wikipedia.org\\\/wiki\\\/Pa\u0144stwowa_Wy\u017csza_Szko\u0142a_Zawodowa_im._Stanis\u0142awa_Pigonia_w_Kro\u015bnie\"]}]}<\/script>\n<!-- \/ Yoast SEO Premium plugin. -->","yoast_head_json":{"title":"Procedura recenzowania artyku\u0142\u00f3w - Wydawnictwo naukowe Pigonianum PANS w Kro\u015bnie","robots":{"index":"noindex","follow":"follow","max-snippet":"max-snippet:-1","max-image-preview":"max-image-preview:large","max-video-preview":"max-video-preview:-1"},"og_locale":"pl_PL","og_type":"article","og_title":"Procedura recenzowania artyku\u0142\u00f3w","og_description":"Wszystkie zg\u0142oszone teksty podlegaj\u0105 procedurze recenzyjnej typu double blind peer review. Przed skierowaniem artyku\u0142u do recenzji redakcja dokonuje wst\u0119pnej oceny tekstu pod wzgl\u0119dem zgodno\u015bci z profilem naukowym czasopisma oraz podstawowych wymog\u00f3w formalnych. \u015aredni czas trwania procesu recenzyjnego wynosi od 8 do 10 tygodni. Ka\u017cdy artyku\u0142 oceniany jest przez dw\u00f3ch niezale\u017cnych [\u2026] Read More","og_url":"https:\/\/pans.krosno.pl\/wydawnictwo-naukowe-pigonianum\/procedura-recenzowania-artykulow\/","og_site_name":"Wydawnictwo naukowe Pigonianum PANS w Kro\u015bnie","article_publisher":"https:\/\/www.facebook.com\/StudiaKrosno\/","article_modified_time":"2026-03-18T10:05:34+00:00","twitter_card":"summary_large_image","twitter_misc":{"Szacowany czas czytania":"1 minuta"},"schema":{"@context":"https:\/\/schema.org","@graph":[{"@type":"WebPage","@id":"https:\/\/pans.krosno.pl\/wydawnictwo-naukowe-pigonianum\/procedura-recenzowania-artykulow\/","url":"https:\/\/pans.krosno.pl\/wydawnictwo-naukowe-pigonianum\/procedura-recenzowania-artykulow\/","name":"Procedura recenzowania artyku\u0142\u00f3w - Wydawnictwo naukowe Pigonianum PANS w Kro\u015bnie","isPartOf":{"@id":"https:\/\/pans.krosno.pl\/wydawnictwo-naukowe-pigonianum\/#website"},"datePublished":"2023-01-31T10:40:36+00:00","dateModified":"2026-03-18T10:05:34+00:00","breadcrumb":{"@id":"https:\/\/pans.krosno.pl\/wydawnictwo-naukowe-pigonianum\/procedura-recenzowania-artykulow\/#breadcrumb"},"inLanguage":"pl-PL","potentialAction":[{"@type":"ReadAction","target":["https:\/\/pans.krosno.pl\/wydawnictwo-naukowe-pigonianum\/procedura-recenzowania-artykulow\/"]}]},{"@type":"BreadcrumbList","@id":"https:\/\/pans.krosno.pl\/wydawnictwo-naukowe-pigonianum\/procedura-recenzowania-artykulow\/#breadcrumb","itemListElement":[{"@type":"ListItem","position":1,"name":"Strona g\u0142\u00f3wna","item":"https:\/\/pans.krosno.pl\/wydawnictwo-naukowe-pigonianum\/"},{"@type":"ListItem","position":2,"name":"Procedura recenzowania artyku\u0142\u00f3w"}]},{"@type":"WebSite","@id":"https:\/\/pans.krosno.pl\/wydawnictwo-naukowe-pigonianum\/#website","url":"https:\/\/pans.krosno.pl\/wydawnictwo-naukowe-pigonianum\/","name":"KPU w Kro\u015bnie","description":"Wydawnictwo naukowe Pigonianum - Pa\u0144stwowa Akademia Nauk Stosowanych","publisher":{"@id":"https:\/\/pans.krosno.pl\/wydawnictwo-naukowe-pigonianum\/#organization"},"potentialAction":[{"@type":"SearchAction","target":{"@type":"EntryPoint","urlTemplate":"https:\/\/pans.krosno.pl\/wydawnictwo-naukowe-pigonianum\/?s={search_term_string}"},"query-input":{"@type":"PropertyValueSpecification","valueRequired":true,"valueName":"search_term_string"}}],"inLanguage":"pl-PL"},{"@type":"Organization","@id":"https:\/\/pans.krosno.pl\/wydawnictwo-naukowe-pigonianum\/#organization","name":"Karpacka Pa\u0144stwowa Uczelnia w Kro\u015bnie","url":"https:\/\/pans.krosno.pl\/wydawnictwo-naukowe-pigonianum\/","logo":{"@type":"ImageObject","inLanguage":"pl-PL","@id":"https:\/\/pans.krosno.pl\/wydawnictwo-naukowe-pigonianum\/#\/schema\/logo\/image\/","url":"https:\/\/pans.krosno.pl\/wp-content\/uploads\/2020\/04\/unnamed-1.png","contentUrl":"https:\/\/pans.krosno.pl\/wp-content\/uploads\/2020\/04\/unnamed-1.png","width":2238,"height":372,"caption":"Karpacka Pa\u0144stwowa Uczelnia w Kro\u015bnie"},"image":{"@id":"https:\/\/pans.krosno.pl\/wydawnictwo-naukowe-pigonianum\/#\/schema\/logo\/image\/"},"sameAs":["https:\/\/www.facebook.com\/StudiaKrosno\/","https:\/\/www.instagram.com\/studia.krosno","https:\/\/pl.linkedin.com\/company\/pwsz-krosno","https:\/\/www.youtube.com\/user\/pwszkrosno\/","https:\/\/pl.wikipedia.org\/wiki\/Pa\u0144stwowa_Wy\u017csza_Szko\u0142a_Zawodowa_im._Stanis\u0142awa_Pigonia_w_Kro\u015bnie"]}]}},"_links":{"self":[{"href":"https:\/\/pans.krosno.pl\/wydawnictwo-naukowe-pigonianum\/wp-json\/wp\/v2\/pages\/348","targetHints":{"allow":["GET"]}}],"collection":[{"href":"https:\/\/pans.krosno.pl\/wydawnictwo-naukowe-pigonianum\/wp-json\/wp\/v2\/pages"}],"about":[{"href":"https:\/\/pans.krosno.pl\/wydawnictwo-naukowe-pigonianum\/wp-json\/wp\/v2\/types\/page"}],"author":[{"embeddable":true,"href":"https:\/\/pans.krosno.pl\/wydawnictwo-naukowe-pigonianum\/wp-json\/wp\/v2\/users\/73"}],"replies":[{"embeddable":true,"href":"https:\/\/pans.krosno.pl\/wydawnictwo-naukowe-pigonianum\/wp-json\/wp\/v2\/comments?post=348"}],"version-history":[{"count":2,"href":"https:\/\/pans.krosno.pl\/wydawnictwo-naukowe-pigonianum\/wp-json\/wp\/v2\/pages\/348\/revisions"}],"predecessor-version":[{"id":664,"href":"https:\/\/pans.krosno.pl\/wydawnictwo-naukowe-pigonianum\/wp-json\/wp\/v2\/pages\/348\/revisions\/664"}],"wp:attachment":[{"href":"https:\/\/pans.krosno.pl\/wydawnictwo-naukowe-pigonianum\/wp-json\/wp\/v2\/media?parent=348"}],"curies":[{"name":"wp","href":"https:\/\/api.w.org\/{rel}","templated":true}]}}