{"id":239,"date":"2022-07-29T10:28:48","date_gmt":"2022-07-29T08:28:48","guid":{"rendered":"https:\/\/pans.krosno.pl\/strona-testowa\/?page_id=239"},"modified":"2023-02-13T14:28:12","modified_gmt":"2023-02-13T13:28:12","slug":"procedura-recenzowania","status":"publish","type":"page","link":"https:\/\/pans.krosno.pl\/wydawnictwo-naukowe-pigonianum\/procedura-recenzowania\/","title":{"rendered":"Procedura recenzowania"},"content":{"rendered":"\n<p><strong>Procedura recenzowania obowi\u0105zuj\u0105ca\u00a0w Wydawnictwie Naukowym PIGONIANUM<\/strong> <br><strong>Pa\u0144stwowej Akademii Nauk Stosowanych w Kro\u015bnie<\/strong><\/p>\n\n\n\n<p style=\"font-size:16px\">Procedura recenzowania jest zgodna z zaleceniami Ministerstwa Nauki i Szkolnictwa Wy\u017cszego opisanymi w broszurze \u201eDobre praktyki w procedurach recenzyjnych w nauce\u201d. Wszelkie publikacje naukowe i dydaktyczne wydawane w Wydawnictwie Naukowym PIGONIANUM w Kro\u015bnie podlegaj\u0105 procedurze antyplagiatowej oraz recenzji.<\/p>\n\n\n\n<p style=\"font-size:16px\"><strong>1. Recenzja wewn\u0119trzna <\/strong>to wst\u0119pny etap kwalifikacji tekstu do druku, dotyczy oceny merytorycznej i technicznej pracy. W recenzji wewn\u0119trznej oceniane s\u0105:<br>&#8211; &nbsp;zachowanie wymog\u00f3w formalnych (tj. z\u0142o\u017cenia pisma formularza o wydanie publikacji zawieraj\u0105cego opis publikacji, jej przeznaczenie, uzasadnienie wydania oraz przes\u0142ania kompletnych materia\u0142\u00f3w)<br>&#8211; wyb\u00f3r tematu<br>&#8211; oryginalno\u015b\u0107 publikacji<br>&#8211; &nbsp;znaczenie naukowe publikacji<br>&#8211; &nbsp;znaczenie dydaktyczne publikacji<br>&#8211;&nbsp; zapotrzebowanie rynkowe<br>&#8211;&nbsp; techniczne przygotowanie pracy<\/p>\n\n\n\n<p style=\"font-size:16px\"><strong>2.<\/strong> <strong>Recenzja zewn\u0119trzna<\/strong> &#8211; tekst publikacji kierowany jest do recenzji zewn\u0119trznej po pozytywnym rozpatrzeniu wniosku o wydanie publikacji i pozytywnym przej\u015bciu procedury antyplagiatowej<\/p>\n\n\n\n<p style=\"font-size:16px\">&#8211; redakcja wymaga, by ka\u017cdy artyku\u0142 by\u0142 przekazany w wersji elektronicznej,<br>&#8211; przekazuj\u0105c publikacj\u0119, jego autor (autorzy) sk\u0142ada o\u015bwiadczenie o samodzielnym sporz\u0105dzeniu publikacji,<br>&#8211; wszystkie nades\u0142ane teksty poddawane s\u0105 wst\u0119pnej kwalifikacji pod k\u0105tem zgodno\u015bci z profilem wydawnictwa, przeprowadzana jest ocena redakcyjna (wst\u0119pna ocena merytoryczna i korekta tekstu \u2013 w razie potrzeby dokonania zmian redakcja prosi autora artyku\u0142u o naniesienie poprawek),<br>&#8211; ka\u017cda publikacja jest recenzowana przez osoby spoza jednostki naukowej, w kt\u00f3rej afiliowany jest autor (autorzy) a tak\u017ce spoza cz\u0142onk\u00f3w Rady Naukowej. Recenzenci s\u0105 wybierani przez wydawnictwo spo\u015br\u00f3d os\u00f3b posiadaj\u0105cych uznany dorobek naukowy w tematyce publikacji gwarantuj\u0105cy rzetelne sporz\u0105dzenie recenzji,<br>&#8211; autor (autorzy) otrzymuje recenzj\u0119 do wgl\u0105du oraz jest zobligowany do ustosunkowania si\u0119 do niej. W przypadku akceptacji uwag recenzenta autor (autorzy) dokonuje niezb\u0119dnych poprawek i uzupe\u0142nie\u0144 tekstu,<br>&#8211; recenzentowi nie ujawnia si\u0119 autora (autor\u00f3w) ani afiliacji recenzowanej publikacji\u00a0 (<em>double-blind review proces<\/em>) lub recenzent jest zobowi\u0105zany do z\u0142o\u017cenia deklaracji o niewyst\u0119powaniu konfliktu interes\u00f3w, za kt\u00f3ry uznaje si\u0119 zachodz\u0105ce mi\u0119dzy recenzentem a autorem: bezpo\u015brednie relacje osobiste (pokrewie\u0144stwo, zwi\u0105zki prawne, konflikt), relacje podleg\u0142o\u015bci zawodowej, bezpo\u015bredni\u0105 wsp\u00f3\u0142prac\u0119 naukow\u0105 w ci\u0105gu ostatnich dw\u00f3ch lat poprzedzaj\u0105cych przygotowanie recenzji,<br>&#8211; recenzje s\u0105 sporz\u0105dzane na formularzu przygotowanym przez wydawnictwo,<br>&#8211; w przypadku, gdy recenzja nie jest pozytywna, tekst mo\u017ce by\u0107 przekazywany do kolejnego recenzenta,<br>&#8211; wydawnictwo zastrzega sobie prawo dopuszczenia albo niedopuszczenia publikacji do druku,<br>&#8211; lista recenzent\u00f3w wsp\u00f3\u0142pracuj\u0105cych z wydawnictwem jest dost\u0119pna na stronie internetowej,<br>&#8211; recenzja powinna by\u0107 sprawiedliwa, obiektywna, rzetelna, konstruktywna, zgodna z posiadan\u0105 wiedz\u0105 i wykonana terminowo.<\/p>\n","protected":false},"excerpt":{"rendered":"<p>Procedura recenzowania obowi\u0105zuj\u0105ca\u00a0w Wydawnictwie Naukowym PIGONIANUM Pa\u0144stwowej Akademii Nauk Stosowanych w Kro\u015bnie Procedura recenzowania jest zgodna z zaleceniami Ministerstwa Nauki i Szkolnictwa Wy\u017cszego opisanymi w broszurze \u201eDobre praktyki w procedurach recenzyjnych w nauce\u201d. Wszelkie publikacje naukowe i dydaktyczne wydawane w Wydawnictwie Naukowym PIGONIANUM w Kro\u015bnie podlegaj\u0105 procedurze antyplagiatowej oraz recenzji. [\u2026] <\/p>\n<div class=\"clear\"><\/div>\n<p><a class=\"more_link clearfix\" href=\"https:\/\/pans.krosno.pl\/wydawnictwo-naukowe-pigonianum\/procedura-recenzowania\/\" rel=\"nofollow\">Read More<\/a><\/p>\n","protected":false},"author":27,"featured_media":0,"parent":0,"menu_order":0,"comment_status":"closed","ping_status":"closed","template":"page-templates\/template-full-width.php","meta":{"ngg_post_thumbnail":0,"footnotes":""},"class_list":["post-239","page","type-page","status-publish","hentry"],"yoast_head":"<!-- This site is optimized with the Yoast SEO Premium plugin v27.4 (Yoast SEO v27.4) - https:\/\/yoast.com\/product\/yoast-seo-premium-wordpress\/ -->\n<title>Procedura recenzowania - Wydawnictwo naukowe Pigonianum PANS w Kro\u015bnie<\/title>\n<meta name=\"robots\" content=\"noindex, follow, max-snippet:-1, max-image-preview:large, max-video-preview:-1\" \/>\n<meta property=\"og:locale\" content=\"pl_PL\" \/>\n<meta property=\"og:type\" content=\"article\" \/>\n<meta property=\"og:title\" content=\"Procedura recenzowania\" \/>\n<meta property=\"og:description\" content=\"Procedura recenzowania obowi\u0105zuj\u0105ca\u00a0w Wydawnictwie Naukowym PIGONIANUM Pa\u0144stwowej Akademii Nauk Stosowanych w Kro\u015bnie Procedura recenzowania jest zgodna z zaleceniami Ministerstwa Nauki i Szkolnictwa Wy\u017cszego opisanymi w broszurze \u201eDobre praktyki w procedurach recenzyjnych w nauce\u201d. Wszelkie publikacje naukowe i dydaktyczne wydawane w Wydawnictwie Naukowym PIGONIANUM w Kro\u015bnie podlegaj\u0105 procedurze antyplagiatowej oraz recenzji. [\u2026] Read More\" \/>\n<meta property=\"og:url\" content=\"https:\/\/pans.krosno.pl\/wydawnictwo-naukowe-pigonianum\/procedura-recenzowania\/\" \/>\n<meta property=\"og:site_name\" content=\"Wydawnictwo naukowe Pigonianum PANS w Kro\u015bnie\" \/>\n<meta property=\"article:publisher\" content=\"https:\/\/www.facebook.com\/StudiaKrosno\/\" \/>\n<meta property=\"article:modified_time\" content=\"2023-02-13T13:28:12+00:00\" \/>\n<meta name=\"twitter:card\" content=\"summary_large_image\" \/>\n<meta name=\"twitter:label1\" content=\"Szacowany czas czytania\" \/>\n\t<meta name=\"twitter:data1\" content=\"3 minuty\" \/>\n<script type=\"application\/ld+json\" class=\"yoast-schema-graph\">{\"@context\":\"https:\\\/\\\/schema.org\",\"@graph\":[{\"@type\":\"WebPage\",\"@id\":\"https:\\\/\\\/pans.krosno.pl\\\/wydawnictwo-naukowe-pigonianum\\\/procedura-recenzowania\\\/\",\"url\":\"https:\\\/\\\/pans.krosno.pl\\\/wydawnictwo-naukowe-pigonianum\\\/procedura-recenzowania\\\/\",\"name\":\"Procedura recenzowania - Wydawnictwo naukowe Pigonianum PANS w Kro\u015bnie\",\"isPartOf\":{\"@id\":\"https:\\\/\\\/pans.krosno.pl\\\/wydawnictwo-naukowe-pigonianum\\\/#website\"},\"datePublished\":\"2022-07-29T08:28:48+00:00\",\"dateModified\":\"2023-02-13T13:28:12+00:00\",\"breadcrumb\":{\"@id\":\"https:\\\/\\\/pans.krosno.pl\\\/wydawnictwo-naukowe-pigonianum\\\/procedura-recenzowania\\\/#breadcrumb\"},\"inLanguage\":\"pl-PL\",\"potentialAction\":[{\"@type\":\"ReadAction\",\"target\":[\"https:\\\/\\\/pans.krosno.pl\\\/wydawnictwo-naukowe-pigonianum\\\/procedura-recenzowania\\\/\"]}]},{\"@type\":\"BreadcrumbList\",\"@id\":\"https:\\\/\\\/pans.krosno.pl\\\/wydawnictwo-naukowe-pigonianum\\\/procedura-recenzowania\\\/#breadcrumb\",\"itemListElement\":[{\"@type\":\"ListItem\",\"position\":1,\"name\":\"Strona g\u0142\u00f3wna\",\"item\":\"https:\\\/\\\/pans.krosno.pl\\\/wydawnictwo-naukowe-pigonianum\\\/\"},{\"@type\":\"ListItem\",\"position\":2,\"name\":\"Procedura recenzowania\"}]},{\"@type\":\"WebSite\",\"@id\":\"https:\\\/\\\/pans.krosno.pl\\\/wydawnictwo-naukowe-pigonianum\\\/#website\",\"url\":\"https:\\\/\\\/pans.krosno.pl\\\/wydawnictwo-naukowe-pigonianum\\\/\",\"name\":\"KPU w Kro\u015bnie\",\"description\":\"Wydawnictwo naukowe Pigonianum - Pa\u0144stwowa Akademia Nauk Stosowanych\",\"publisher\":{\"@id\":\"https:\\\/\\\/pans.krosno.pl\\\/wydawnictwo-naukowe-pigonianum\\\/#organization\"},\"potentialAction\":[{\"@type\":\"SearchAction\",\"target\":{\"@type\":\"EntryPoint\",\"urlTemplate\":\"https:\\\/\\\/pans.krosno.pl\\\/wydawnictwo-naukowe-pigonianum\\\/?s={search_term_string}\"},\"query-input\":{\"@type\":\"PropertyValueSpecification\",\"valueRequired\":true,\"valueName\":\"search_term_string\"}}],\"inLanguage\":\"pl-PL\"},{\"@type\":\"Organization\",\"@id\":\"https:\\\/\\\/pans.krosno.pl\\\/wydawnictwo-naukowe-pigonianum\\\/#organization\",\"name\":\"Karpacka Pa\u0144stwowa Uczelnia w Kro\u015bnie\",\"url\":\"https:\\\/\\\/pans.krosno.pl\\\/wydawnictwo-naukowe-pigonianum\\\/\",\"logo\":{\"@type\":\"ImageObject\",\"inLanguage\":\"pl-PL\",\"@id\":\"https:\\\/\\\/pans.krosno.pl\\\/wydawnictwo-naukowe-pigonianum\\\/#\\\/schema\\\/logo\\\/image\\\/\",\"url\":\"https:\\\/\\\/pans.krosno.pl\\\/wp-content\\\/uploads\\\/2020\\\/04\\\/unnamed-1.png\",\"contentUrl\":\"https:\\\/\\\/pans.krosno.pl\\\/wp-content\\\/uploads\\\/2020\\\/04\\\/unnamed-1.png\",\"width\":2238,\"height\":372,\"caption\":\"Karpacka Pa\u0144stwowa Uczelnia w Kro\u015bnie\"},\"image\":{\"@id\":\"https:\\\/\\\/pans.krosno.pl\\\/wydawnictwo-naukowe-pigonianum\\\/#\\\/schema\\\/logo\\\/image\\\/\"},\"sameAs\":[\"https:\\\/\\\/www.facebook.com\\\/StudiaKrosno\\\/\",\"https:\\\/\\\/www.instagram.com\\\/studia.krosno\",\"https:\\\/\\\/pl.linkedin.com\\\/company\\\/pwsz-krosno\",\"https:\\\/\\\/www.youtube.com\\\/user\\\/pwszkrosno\\\/\",\"https:\\\/\\\/pl.wikipedia.org\\\/wiki\\\/Pa\u0144stwowa_Wy\u017csza_Szko\u0142a_Zawodowa_im._Stanis\u0142awa_Pigonia_w_Kro\u015bnie\"]}]}<\/script>\n<!-- \/ Yoast SEO Premium plugin. -->","yoast_head_json":{"title":"Procedura recenzowania - Wydawnictwo naukowe Pigonianum PANS w Kro\u015bnie","robots":{"index":"noindex","follow":"follow","max-snippet":"max-snippet:-1","max-image-preview":"max-image-preview:large","max-video-preview":"max-video-preview:-1"},"og_locale":"pl_PL","og_type":"article","og_title":"Procedura recenzowania","og_description":"Procedura recenzowania obowi\u0105zuj\u0105ca\u00a0w Wydawnictwie Naukowym PIGONIANUM Pa\u0144stwowej Akademii Nauk Stosowanych w Kro\u015bnie Procedura recenzowania jest zgodna z zaleceniami Ministerstwa Nauki i Szkolnictwa Wy\u017cszego opisanymi w broszurze \u201eDobre praktyki w procedurach recenzyjnych w nauce\u201d. Wszelkie publikacje naukowe i dydaktyczne wydawane w Wydawnictwie Naukowym PIGONIANUM w Kro\u015bnie podlegaj\u0105 procedurze antyplagiatowej oraz recenzji. [\u2026] Read More","og_url":"https:\/\/pans.krosno.pl\/wydawnictwo-naukowe-pigonianum\/procedura-recenzowania\/","og_site_name":"Wydawnictwo naukowe Pigonianum PANS w Kro\u015bnie","article_publisher":"https:\/\/www.facebook.com\/StudiaKrosno\/","article_modified_time":"2023-02-13T13:28:12+00:00","twitter_card":"summary_large_image","twitter_misc":{"Szacowany czas czytania":"3 minuty"},"schema":{"@context":"https:\/\/schema.org","@graph":[{"@type":"WebPage","@id":"https:\/\/pans.krosno.pl\/wydawnictwo-naukowe-pigonianum\/procedura-recenzowania\/","url":"https:\/\/pans.krosno.pl\/wydawnictwo-naukowe-pigonianum\/procedura-recenzowania\/","name":"Procedura recenzowania - Wydawnictwo naukowe Pigonianum PANS w Kro\u015bnie","isPartOf":{"@id":"https:\/\/pans.krosno.pl\/wydawnictwo-naukowe-pigonianum\/#website"},"datePublished":"2022-07-29T08:28:48+00:00","dateModified":"2023-02-13T13:28:12+00:00","breadcrumb":{"@id":"https:\/\/pans.krosno.pl\/wydawnictwo-naukowe-pigonianum\/procedura-recenzowania\/#breadcrumb"},"inLanguage":"pl-PL","potentialAction":[{"@type":"ReadAction","target":["https:\/\/pans.krosno.pl\/wydawnictwo-naukowe-pigonianum\/procedura-recenzowania\/"]}]},{"@type":"BreadcrumbList","@id":"https:\/\/pans.krosno.pl\/wydawnictwo-naukowe-pigonianum\/procedura-recenzowania\/#breadcrumb","itemListElement":[{"@type":"ListItem","position":1,"name":"Strona g\u0142\u00f3wna","item":"https:\/\/pans.krosno.pl\/wydawnictwo-naukowe-pigonianum\/"},{"@type":"ListItem","position":2,"name":"Procedura recenzowania"}]},{"@type":"WebSite","@id":"https:\/\/pans.krosno.pl\/wydawnictwo-naukowe-pigonianum\/#website","url":"https:\/\/pans.krosno.pl\/wydawnictwo-naukowe-pigonianum\/","name":"KPU w Kro\u015bnie","description":"Wydawnictwo naukowe Pigonianum - Pa\u0144stwowa Akademia Nauk Stosowanych","publisher":{"@id":"https:\/\/pans.krosno.pl\/wydawnictwo-naukowe-pigonianum\/#organization"},"potentialAction":[{"@type":"SearchAction","target":{"@type":"EntryPoint","urlTemplate":"https:\/\/pans.krosno.pl\/wydawnictwo-naukowe-pigonianum\/?s={search_term_string}"},"query-input":{"@type":"PropertyValueSpecification","valueRequired":true,"valueName":"search_term_string"}}],"inLanguage":"pl-PL"},{"@type":"Organization","@id":"https:\/\/pans.krosno.pl\/wydawnictwo-naukowe-pigonianum\/#organization","name":"Karpacka Pa\u0144stwowa Uczelnia w Kro\u015bnie","url":"https:\/\/pans.krosno.pl\/wydawnictwo-naukowe-pigonianum\/","logo":{"@type":"ImageObject","inLanguage":"pl-PL","@id":"https:\/\/pans.krosno.pl\/wydawnictwo-naukowe-pigonianum\/#\/schema\/logo\/image\/","url":"https:\/\/pans.krosno.pl\/wp-content\/uploads\/2020\/04\/unnamed-1.png","contentUrl":"https:\/\/pans.krosno.pl\/wp-content\/uploads\/2020\/04\/unnamed-1.png","width":2238,"height":372,"caption":"Karpacka Pa\u0144stwowa Uczelnia w Kro\u015bnie"},"image":{"@id":"https:\/\/pans.krosno.pl\/wydawnictwo-naukowe-pigonianum\/#\/schema\/logo\/image\/"},"sameAs":["https:\/\/www.facebook.com\/StudiaKrosno\/","https:\/\/www.instagram.com\/studia.krosno","https:\/\/pl.linkedin.com\/company\/pwsz-krosno","https:\/\/www.youtube.com\/user\/pwszkrosno\/","https:\/\/pl.wikipedia.org\/wiki\/Pa\u0144stwowa_Wy\u017csza_Szko\u0142a_Zawodowa_im._Stanis\u0142awa_Pigonia_w_Kro\u015bnie"]}]}},"_links":{"self":[{"href":"https:\/\/pans.krosno.pl\/wydawnictwo-naukowe-pigonianum\/wp-json\/wp\/v2\/pages\/239","targetHints":{"allow":["GET"]}}],"collection":[{"href":"https:\/\/pans.krosno.pl\/wydawnictwo-naukowe-pigonianum\/wp-json\/wp\/v2\/pages"}],"about":[{"href":"https:\/\/pans.krosno.pl\/wydawnictwo-naukowe-pigonianum\/wp-json\/wp\/v2\/types\/page"}],"author":[{"embeddable":true,"href":"https:\/\/pans.krosno.pl\/wydawnictwo-naukowe-pigonianum\/wp-json\/wp\/v2\/users\/27"}],"replies":[{"embeddable":true,"href":"https:\/\/pans.krosno.pl\/wydawnictwo-naukowe-pigonianum\/wp-json\/wp\/v2\/comments?post=239"}],"version-history":[{"count":3,"href":"https:\/\/pans.krosno.pl\/wydawnictwo-naukowe-pigonianum\/wp-json\/wp\/v2\/pages\/239\/revisions"}],"predecessor-version":[{"id":480,"href":"https:\/\/pans.krosno.pl\/wydawnictwo-naukowe-pigonianum\/wp-json\/wp\/v2\/pages\/239\/revisions\/480"}],"wp:attachment":[{"href":"https:\/\/pans.krosno.pl\/wydawnictwo-naukowe-pigonianum\/wp-json\/wp\/v2\/media?parent=239"}],"curies":[{"name":"wp","href":"https:\/\/api.w.org\/{rel}","templated":true}]}}