{"id":200,"date":"2022-07-29T10:07:22","date_gmt":"2022-07-29T08:07:22","guid":{"rendered":"https:\/\/pans.krosno.pl\/strona-testowa\/?page_id=200"},"modified":"2023-02-02T11:18:51","modified_gmt":"2023-02-02T10:18:51","slug":"procedura-wydawnicza","status":"publish","type":"page","link":"https:\/\/pans.krosno.pl\/wydawnictwo-naukowe-pigonianum\/procedura-wydawnicza\/","title":{"rendered":"Procedura wydawnicza"},"content":{"rendered":"\n<p><\/p>\n\n\n\n<p><\/p>\n\n\n\n<p class=\"has-text-align-left\" style=\"font-size:18px\"><strong>Procedura wydawnicza monografii naukowych, monografii pod redakcj\u0105, recenzowanych materia\u0142\u00f3w z&nbsp;konferencji mi\u0119dzynarodowych obowi\u0105zuj\u0105ca w Wydawnictwie Naukowym PIGONIANUM Pa\u0144stwowej Akademii Nauk Stosowanych w Kro\u015bnie<\/strong><\/p>\n\n\n\n<ol class=\"wp-block-list\" type=\"1\">\n<li>Procedura wydawnicza dotyczy publikowanych przez Wydawnictwo recenzowanych monografii naukowych lub monografii pod redakcj\u0105 naukow\u0105 i&nbsp;recenzowanych materia\u0142\u00f3w z konferencji mi\u0119dzynarodowych.<\/li>\n\n\n\n<li>Osoby zaanga\u017cowane w&nbsp;proces wydawniczy zobowi\u0105zane s\u0105 do przestrzegania niniejszej Procedury wydawniczej, Procedury recenzji naukowej oraz Zasad etyki publikacyjnej obowi\u0105zuj\u0105cych w&nbsp;Wydawnictwie Naukowym PIGONIANUM PANS w Kro\u015bnie.<\/li>\n\n\n\n<li>Autorzy spoza uczelni mog\u0105 si\u0119 ubiega\u0107 o wydanie pracy jedynie po podpisaniu z Wydawnictwem Naukowym PIGONIANUM umowy o wykonanie us\u0142ugi wydania publikacji.<\/li>\n\n\n\n<li>W przypadku publikacji finansowanych przez Uczelni\u0119 nale\u017cy publikacj\u0119 zg\u0142osi\u0107 do Sekretarza Wydawnictwa. W&nbsp;tym celu autor\/redaktor jest zobowi\u0105zany w terminie do \u2026\u2026\u2026 roku do podania niezb\u0119dnych informacji s\u0142u\u017c\u0105cych do wst\u0119pnej wyceny- za\u0142\u0105cznik nr 1.<\/li>\n\n\n\n<li>Po zaakceptowaniu warunk\u00f3w wsp\u00f3\u0142pracy Autor dostarcza do Wydawnictwa ostateczn\u0105 wersj\u0119 pracy, przygotowan\u0105 zgodnie ze wskazanymi przez Wydawnictwo wytycznymi za\u0142\u0105cznik nr 2 zawieraj\u0105c\u0105 w przypadku monografii:<\/li>\n<\/ol>\n\n\n\n<ul class=\"wp-block-list\">\n<li>stron\u0119 tytu\u0142ow\u0105<\/li>\n\n\n\n<li>spis tre\u015bci<\/li>\n\n\n\n<li>wst\u0119p\/przedmow\u0119<\/li>\n\n\n\n<li>tekst g\u0142\u00f3wny z przypisami<\/li>\n\n\n\n<li>aneksy (ewentualnie)<\/li>\n\n\n\n<li>bibliografi\u0119<\/li>\n\n\n\n<li>wykazy skr\u00f3t\u00f3w i oznacze\u0144 (ewentualnie)<\/li>\n\n\n\n<li>s\u0142owniki termin\u00f3w (ewentualnie)<\/li>\n\n\n\n<li>wykazy ilustracji, tabel, itp.<\/li>\n\n\n\n<li>streszczenie s\u0142owa kluczowe<\/li>\n\n\n\n<li>notatk\u0119 o autorze\/autorach<\/li>\n<\/ul>\n\n\n\n<p style=\"font-size:18px\">oraz stosown\u0105 deklaracj\u0119 za\u0142\u0105cznik nr 3 i nr 4 zawieraj\u0105c\u0105:<\/p>\n\n\n\n<ul class=\"wp-block-list\">\n<li>o\u015bwiadczenie o oryginalno\u015bci pracy oraz przeniesieniu na wydawc\u0119 wy\u0142\u0105cznego prawa wydania i rozpowszechniania monografii w formie drukowanej oraz w&nbsp;formie publikacji elektronicznej;<\/li>\n\n\n\n<li>w przypadku wsp\u00f3\u0142autorstwa okre\u015blenie procentowego udzia\u0142u w przygotowaniu pracy poszczeg\u00f3lnych autor\u00f3w;<\/li>\n\n\n\n<li>o\u015bwiadczenie o zapoznaniu si\u0119 z&nbsp;Zasadami etyki publikacyjnej;<\/li>\n\n\n\n<li>w przypadku autor\u00f3w zewn\u0119trznych potwierdzenie zapoznania si\u0119 z klauzul\u0105 informacyjn\u0105.<\/li>\n<\/ul>\n\n\n\n<ol class=\"wp-block-list\" type=\"1\" start=\"4\">\n<li>Po dostarczeniu do Wydawnictwa materia\u0142u zostaje on sprawdzony za pomoc\u0105 narz\u0119dzia antyplagiatowego, nast\u0119pnie rozpoczyna si\u0119 procedura recenzyjna (wewn\u0119trzna i zewn\u0119trzna).<\/li>\n\n\n\n<li>Po pozytywnym zako\u0144czeniu procedury recenzyjnej i&nbsp;po zaakceptowaniu przez autora wersji publikacji \u201edo druku\u201d oraz ok\u0142adki Wydawnictwo rozpoczyna proces sk\u0142adu i&nbsp;druku publikacji.<\/li>\n\n\n\n<li>W&nbsp;przypadku odkrycia nierzetelno\u015bci naukowej Wydawnictwo w porozumieniu z&nbsp; Rad\u0105 Naukow\u0105 post\u0119puje zgodnie z&nbsp;procedur\u0105 rekomendowan\u0105 przez COPE.<\/li>\n\n\n\n<li>W przypadku wprowadzania przez autora monografii zmian po uprzednim zatwierdzeniu jej finalnej wersji koszty tych zmian ponosi autor monografii.<\/li>\n<\/ol>\n","protected":false},"excerpt":{"rendered":"<p>Procedura wydawnicza monografii naukowych, monografii pod redakcj\u0105, recenzowanych materia\u0142\u00f3w z&nbsp;konferencji mi\u0119dzynarodowych obowi\u0105zuj\u0105ca w Wydawnictwie Naukowym PIGONIANUM Pa\u0144stwowej Akademii Nauk Stosowanych w Kro\u015bnie oraz stosown\u0105 deklaracj\u0119 za\u0142\u0105cznik nr 3 i nr 4 zawieraj\u0105c\u0105:<\/p>\n","protected":false},"author":27,"featured_media":0,"parent":0,"menu_order":0,"comment_status":"closed","ping_status":"closed","template":"page-templates\/template-full-width.php","meta":{"ngg_post_thumbnail":0,"footnotes":""},"class_list":["post-200","page","type-page","status-publish","hentry"],"yoast_head":"<!-- This site is optimized with the Yoast SEO Premium plugin v27.4 (Yoast SEO v27.4) - https:\/\/yoast.com\/product\/yoast-seo-premium-wordpress\/ -->\n<title>Procedura wydawnicza - Wydawnictwo naukowe Pigonianum PANS w Kro\u015bnie<\/title>\n<meta name=\"robots\" content=\"noindex, follow, max-snippet:-1, max-image-preview:large, max-video-preview:-1\" \/>\n<meta property=\"og:locale\" content=\"pl_PL\" \/>\n<meta property=\"og:type\" content=\"article\" \/>\n<meta property=\"og:title\" content=\"Procedura wydawnicza\" \/>\n<meta property=\"og:description\" content=\"Procedura wydawnicza monografii naukowych, monografii pod redakcj\u0105, recenzowanych materia\u0142\u00f3w z&nbsp;konferencji mi\u0119dzynarodowych obowi\u0105zuj\u0105ca w Wydawnictwie Naukowym PIGONIANUM Pa\u0144stwowej Akademii Nauk Stosowanych w Kro\u015bnie oraz stosown\u0105 deklaracj\u0119 za\u0142\u0105cznik nr 3 i nr 4 zawieraj\u0105c\u0105:\" \/>\n<meta property=\"og:url\" content=\"https:\/\/pans.krosno.pl\/wydawnictwo-naukowe-pigonianum\/procedura-wydawnicza\/\" \/>\n<meta property=\"og:site_name\" content=\"Wydawnictwo naukowe Pigonianum PANS w Kro\u015bnie\" \/>\n<meta property=\"article:publisher\" content=\"https:\/\/www.facebook.com\/StudiaKrosno\/\" \/>\n<meta property=\"article:modified_time\" content=\"2023-02-02T10:18:51+00:00\" \/>\n<meta name=\"twitter:card\" content=\"summary_large_image\" \/>\n<meta name=\"twitter:label1\" content=\"Szacowany czas czytania\" \/>\n\t<meta name=\"twitter:data1\" content=\"2 minuty\" \/>\n<script type=\"application\/ld+json\" class=\"yoast-schema-graph\">{\"@context\":\"https:\\\/\\\/schema.org\",\"@graph\":[{\"@type\":\"WebPage\",\"@id\":\"https:\\\/\\\/pans.krosno.pl\\\/wydawnictwo-naukowe-pigonianum\\\/procedura-wydawnicza\\\/\",\"url\":\"https:\\\/\\\/pans.krosno.pl\\\/wydawnictwo-naukowe-pigonianum\\\/procedura-wydawnicza\\\/\",\"name\":\"Procedura wydawnicza - Wydawnictwo naukowe Pigonianum PANS w Kro\u015bnie\",\"isPartOf\":{\"@id\":\"https:\\\/\\\/pans.krosno.pl\\\/wydawnictwo-naukowe-pigonianum\\\/#website\"},\"datePublished\":\"2022-07-29T08:07:22+00:00\",\"dateModified\":\"2023-02-02T10:18:51+00:00\",\"breadcrumb\":{\"@id\":\"https:\\\/\\\/pans.krosno.pl\\\/wydawnictwo-naukowe-pigonianum\\\/procedura-wydawnicza\\\/#breadcrumb\"},\"inLanguage\":\"pl-PL\",\"potentialAction\":[{\"@type\":\"ReadAction\",\"target\":[\"https:\\\/\\\/pans.krosno.pl\\\/wydawnictwo-naukowe-pigonianum\\\/procedura-wydawnicza\\\/\"]}]},{\"@type\":\"BreadcrumbList\",\"@id\":\"https:\\\/\\\/pans.krosno.pl\\\/wydawnictwo-naukowe-pigonianum\\\/procedura-wydawnicza\\\/#breadcrumb\",\"itemListElement\":[{\"@type\":\"ListItem\",\"position\":1,\"name\":\"Strona g\u0142\u00f3wna\",\"item\":\"https:\\\/\\\/pans.krosno.pl\\\/wydawnictwo-naukowe-pigonianum\\\/\"},{\"@type\":\"ListItem\",\"position\":2,\"name\":\"Procedura wydawnicza\"}]},{\"@type\":\"WebSite\",\"@id\":\"https:\\\/\\\/pans.krosno.pl\\\/wydawnictwo-naukowe-pigonianum\\\/#website\",\"url\":\"https:\\\/\\\/pans.krosno.pl\\\/wydawnictwo-naukowe-pigonianum\\\/\",\"name\":\"KPU w Kro\u015bnie\",\"description\":\"Wydawnictwo naukowe Pigonianum - Pa\u0144stwowa Akademia Nauk Stosowanych\",\"publisher\":{\"@id\":\"https:\\\/\\\/pans.krosno.pl\\\/wydawnictwo-naukowe-pigonianum\\\/#organization\"},\"potentialAction\":[{\"@type\":\"SearchAction\",\"target\":{\"@type\":\"EntryPoint\",\"urlTemplate\":\"https:\\\/\\\/pans.krosno.pl\\\/wydawnictwo-naukowe-pigonianum\\\/?s={search_term_string}\"},\"query-input\":{\"@type\":\"PropertyValueSpecification\",\"valueRequired\":true,\"valueName\":\"search_term_string\"}}],\"inLanguage\":\"pl-PL\"},{\"@type\":\"Organization\",\"@id\":\"https:\\\/\\\/pans.krosno.pl\\\/wydawnictwo-naukowe-pigonianum\\\/#organization\",\"name\":\"Karpacka Pa\u0144stwowa Uczelnia w Kro\u015bnie\",\"url\":\"https:\\\/\\\/pans.krosno.pl\\\/wydawnictwo-naukowe-pigonianum\\\/\",\"logo\":{\"@type\":\"ImageObject\",\"inLanguage\":\"pl-PL\",\"@id\":\"https:\\\/\\\/pans.krosno.pl\\\/wydawnictwo-naukowe-pigonianum\\\/#\\\/schema\\\/logo\\\/image\\\/\",\"url\":\"https:\\\/\\\/pans.krosno.pl\\\/wp-content\\\/uploads\\\/2020\\\/04\\\/unnamed-1.png\",\"contentUrl\":\"https:\\\/\\\/pans.krosno.pl\\\/wp-content\\\/uploads\\\/2020\\\/04\\\/unnamed-1.png\",\"width\":2238,\"height\":372,\"caption\":\"Karpacka Pa\u0144stwowa Uczelnia w Kro\u015bnie\"},\"image\":{\"@id\":\"https:\\\/\\\/pans.krosno.pl\\\/wydawnictwo-naukowe-pigonianum\\\/#\\\/schema\\\/logo\\\/image\\\/\"},\"sameAs\":[\"https:\\\/\\\/www.facebook.com\\\/StudiaKrosno\\\/\",\"https:\\\/\\\/www.instagram.com\\\/studia.krosno\",\"https:\\\/\\\/pl.linkedin.com\\\/company\\\/pwsz-krosno\",\"https:\\\/\\\/www.youtube.com\\\/user\\\/pwszkrosno\\\/\",\"https:\\\/\\\/pl.wikipedia.org\\\/wiki\\\/Pa\u0144stwowa_Wy\u017csza_Szko\u0142a_Zawodowa_im._Stanis\u0142awa_Pigonia_w_Kro\u015bnie\"]}]}<\/script>\n<!-- \/ Yoast SEO Premium plugin. -->","yoast_head_json":{"title":"Procedura wydawnicza - Wydawnictwo naukowe Pigonianum PANS w Kro\u015bnie","robots":{"index":"noindex","follow":"follow","max-snippet":"max-snippet:-1","max-image-preview":"max-image-preview:large","max-video-preview":"max-video-preview:-1"},"og_locale":"pl_PL","og_type":"article","og_title":"Procedura wydawnicza","og_description":"Procedura wydawnicza monografii naukowych, monografii pod redakcj\u0105, recenzowanych materia\u0142\u00f3w z&nbsp;konferencji mi\u0119dzynarodowych obowi\u0105zuj\u0105ca w Wydawnictwie Naukowym PIGONIANUM Pa\u0144stwowej Akademii Nauk Stosowanych w Kro\u015bnie oraz stosown\u0105 deklaracj\u0119 za\u0142\u0105cznik nr 3 i nr 4 zawieraj\u0105c\u0105:","og_url":"https:\/\/pans.krosno.pl\/wydawnictwo-naukowe-pigonianum\/procedura-wydawnicza\/","og_site_name":"Wydawnictwo naukowe Pigonianum PANS w Kro\u015bnie","article_publisher":"https:\/\/www.facebook.com\/StudiaKrosno\/","article_modified_time":"2023-02-02T10:18:51+00:00","twitter_card":"summary_large_image","twitter_misc":{"Szacowany czas czytania":"2 minuty"},"schema":{"@context":"https:\/\/schema.org","@graph":[{"@type":"WebPage","@id":"https:\/\/pans.krosno.pl\/wydawnictwo-naukowe-pigonianum\/procedura-wydawnicza\/","url":"https:\/\/pans.krosno.pl\/wydawnictwo-naukowe-pigonianum\/procedura-wydawnicza\/","name":"Procedura wydawnicza - Wydawnictwo naukowe Pigonianum PANS w Kro\u015bnie","isPartOf":{"@id":"https:\/\/pans.krosno.pl\/wydawnictwo-naukowe-pigonianum\/#website"},"datePublished":"2022-07-29T08:07:22+00:00","dateModified":"2023-02-02T10:18:51+00:00","breadcrumb":{"@id":"https:\/\/pans.krosno.pl\/wydawnictwo-naukowe-pigonianum\/procedura-wydawnicza\/#breadcrumb"},"inLanguage":"pl-PL","potentialAction":[{"@type":"ReadAction","target":["https:\/\/pans.krosno.pl\/wydawnictwo-naukowe-pigonianum\/procedura-wydawnicza\/"]}]},{"@type":"BreadcrumbList","@id":"https:\/\/pans.krosno.pl\/wydawnictwo-naukowe-pigonianum\/procedura-wydawnicza\/#breadcrumb","itemListElement":[{"@type":"ListItem","position":1,"name":"Strona g\u0142\u00f3wna","item":"https:\/\/pans.krosno.pl\/wydawnictwo-naukowe-pigonianum\/"},{"@type":"ListItem","position":2,"name":"Procedura wydawnicza"}]},{"@type":"WebSite","@id":"https:\/\/pans.krosno.pl\/wydawnictwo-naukowe-pigonianum\/#website","url":"https:\/\/pans.krosno.pl\/wydawnictwo-naukowe-pigonianum\/","name":"KPU w Kro\u015bnie","description":"Wydawnictwo naukowe Pigonianum - Pa\u0144stwowa Akademia Nauk Stosowanych","publisher":{"@id":"https:\/\/pans.krosno.pl\/wydawnictwo-naukowe-pigonianum\/#organization"},"potentialAction":[{"@type":"SearchAction","target":{"@type":"EntryPoint","urlTemplate":"https:\/\/pans.krosno.pl\/wydawnictwo-naukowe-pigonianum\/?s={search_term_string}"},"query-input":{"@type":"PropertyValueSpecification","valueRequired":true,"valueName":"search_term_string"}}],"inLanguage":"pl-PL"},{"@type":"Organization","@id":"https:\/\/pans.krosno.pl\/wydawnictwo-naukowe-pigonianum\/#organization","name":"Karpacka Pa\u0144stwowa Uczelnia w Kro\u015bnie","url":"https:\/\/pans.krosno.pl\/wydawnictwo-naukowe-pigonianum\/","logo":{"@type":"ImageObject","inLanguage":"pl-PL","@id":"https:\/\/pans.krosno.pl\/wydawnictwo-naukowe-pigonianum\/#\/schema\/logo\/image\/","url":"https:\/\/pans.krosno.pl\/wp-content\/uploads\/2020\/04\/unnamed-1.png","contentUrl":"https:\/\/pans.krosno.pl\/wp-content\/uploads\/2020\/04\/unnamed-1.png","width":2238,"height":372,"caption":"Karpacka Pa\u0144stwowa Uczelnia w Kro\u015bnie"},"image":{"@id":"https:\/\/pans.krosno.pl\/wydawnictwo-naukowe-pigonianum\/#\/schema\/logo\/image\/"},"sameAs":["https:\/\/www.facebook.com\/StudiaKrosno\/","https:\/\/www.instagram.com\/studia.krosno","https:\/\/pl.linkedin.com\/company\/pwsz-krosno","https:\/\/www.youtube.com\/user\/pwszkrosno\/","https:\/\/pl.wikipedia.org\/wiki\/Pa\u0144stwowa_Wy\u017csza_Szko\u0142a_Zawodowa_im._Stanis\u0142awa_Pigonia_w_Kro\u015bnie"]}]}},"_links":{"self":[{"href":"https:\/\/pans.krosno.pl\/wydawnictwo-naukowe-pigonianum\/wp-json\/wp\/v2\/pages\/200","targetHints":{"allow":["GET"]}}],"collection":[{"href":"https:\/\/pans.krosno.pl\/wydawnictwo-naukowe-pigonianum\/wp-json\/wp\/v2\/pages"}],"about":[{"href":"https:\/\/pans.krosno.pl\/wydawnictwo-naukowe-pigonianum\/wp-json\/wp\/v2\/types\/page"}],"author":[{"embeddable":true,"href":"https:\/\/pans.krosno.pl\/wydawnictwo-naukowe-pigonianum\/wp-json\/wp\/v2\/users\/27"}],"replies":[{"embeddable":true,"href":"https:\/\/pans.krosno.pl\/wydawnictwo-naukowe-pigonianum\/wp-json\/wp\/v2\/comments?post=200"}],"version-history":[{"count":5,"href":"https:\/\/pans.krosno.pl\/wydawnictwo-naukowe-pigonianum\/wp-json\/wp\/v2\/pages\/200\/revisions"}],"predecessor-version":[{"id":366,"href":"https:\/\/pans.krosno.pl\/wydawnictwo-naukowe-pigonianum\/wp-json\/wp\/v2\/pages\/200\/revisions\/366"}],"wp:attachment":[{"href":"https:\/\/pans.krosno.pl\/wydawnictwo-naukowe-pigonianum\/wp-json\/wp\/v2\/media?parent=200"}],"curies":[{"name":"wp","href":"https:\/\/api.w.org\/{rel}","templated":true}]}}