{"id":199,"date":"2022-07-29T10:07:21","date_gmt":"2022-07-29T08:07:21","guid":{"rendered":"https:\/\/pans.krosno.pl\/strona-testowa\/?page_id=199"},"modified":"2023-02-02T11:51:20","modified_gmt":"2023-02-02T10:51:20","slug":"etyka-wydawnicza","status":"publish","type":"page","link":"https:\/\/pans.krosno.pl\/wydawnictwo-naukowe-pigonianum\/etyka-wydawnicza\/","title":{"rendered":"Etyka wydawnicza"},"content":{"rendered":"\n<p><\/p>\n\n\n\n<p>Maj\u0105c na celu przeciwdzia\u0142anie nieuczciwym praktykom publikacyjnym Wydawnictwo Naukowe PIGONIANUM PANS w Kro\u015bnie przyj\u0119\u0142o i stosuje zasady etyki wydawniczej zgodne z wytycznymi Komitetu do spraw Etyki Publikacyjnej COPE (ang. Committee on Publication Ethics) <a href=\"https:\/\/publicationethics.org\/\">https:\/\/publicationethics.org\/<\/a><\/p>\n\n\n\n<p>Przed akceptacj\u0105 do wydania, publikacje zg\u0142oszone do wydawnictwa s\u0105 weryfikowane pod k\u0105tem zgodno\u015bci z zasadami etyki wydawniczej, rzetelno\u015bci i warto\u015bci naukowej.<\/p>\n\n\n\n<p>Przyj\u0119ta etyka wydawnicza obowi\u0105zuje redakcj\u0119, autor\u00f3w i recenzent\u00f3w.<\/p>\n\n\n\n<p><strong>Zasady etyczne obowi\u0105zuj\u0105ce wydawc\u0119<\/strong><\/p>\n\n\n\n<ul class=\"wp-block-list\">\n<li><strong>Kontrolowanie standard\u00f3w etycznych:<\/strong> Wydawca stale czuwa nad przestrzeganiem obowi\u0105zuj\u0105cych standard\u00f3w wydawniczych i zasad etyki wydawniczej oraz zapobiega praktykom niezgodnym z przyj\u0119tymi standardami.<\/li>\n\n\n\n<li><strong>Zasada fair play:<\/strong> Rasa, p\u0142e\u0107, wyznanie, pochodzenie, obywatelstwo czy przekonania polityczne autor\u00f3w w \u017caden spos\u00f3b nie wp\u0142ywaj\u0105 na ocen\u0119 tekst\u00f3w. Teksty oceniane s\u0105 wy\u0142\u0105cznie pod wzgl\u0119dem merytorycznym.<\/li>\n\n\n\n<li><strong>Kryteria przyjmowania tekst\u00f3w do publikacji:<\/strong> Wydawca decyduje, kt\u00f3re teksty zostan\u0105 opublikowane. Przy przyjmowaniu tekst\u00f3w do publikacji brane s\u0105 pod uwag\u0119 opinie recenzent\u00f3w dotycz\u0105ce warto\u015bci naukowej pracy, oryginalno\u015bci uj\u0119cia problemu, przejrzysto\u015bci wywodu.<\/li>\n\n\n\n<li><strong>Zasada poufno\u015bci:<\/strong> Wydawca nie ujawnia osobom nieupowa\u017cnionym \u017cadnych informacji na temat zg\u0142aszanych do publikacji prac. Osobami upowa\u017cnionymi do posiadania tych informacji s\u0105: autor, wyznaczeni recenzenci, redaktorzy oraz inne osoby uczestnicz\u0105ce w procesie wydawniczym.<\/li>\n\n\n\n<li><strong>Przeciwdzia\u0142anie konfliktom interes\u00f3w:<\/strong> Nieopublikowane teksty nie mog\u0105 by\u0107 bez pisemnej zgody autor\u00f3w wykorzystywane przez pracownik\u00f3w wydawnictwa ani \u017cadne inne osoby uczestnicz\u0105ce w procesie wydawniczym.<\/li>\n\n\n\n<li><strong>Wycofanie publikacji:<\/strong> Wydawca ma prawo wycofa\u0107 publikacj\u0119 po jej wydaniu, je\u017celi:\n<ul class=\"wp-block-list\">\n<li>istniej\u0105 dowody \u015bwiadcz\u0105ce o braku wiarygodno\u015bci wynik\u00f3w bada\u0144 i\/lub fa\u0142szowaniu danych, jak r\u00f3wnie\u017c w przypadku pope\u0142nienia niezamierzonych b\u0142\u0119d\u00f3w (np. b\u0142\u0119dy metodologiczne, b\u0142\u0119dy w obliczeniach);<\/li>\n\n\n\n<li>praca nosi znamiona plagiatu b\u0105d\u017a narusza zasady etyki wydawniczej.<\/li>\n<\/ul>\n<\/li>\n<\/ul>\n\n\n\n<p><\/p>\n\n\n\n<p><strong>Zasady etyczne obowi\u0105zuj\u0105ce redaktora naukowego<\/strong><\/p>\n\n\n\n<ul class=\"wp-block-list\">\n<li><strong>Kryteria przyjmowania tekst\u00f3w do publikacji:<\/strong> Redaktor naukowy decyduje, kt\u00f3re materia\u0142y zostan\u0105 opublikowane. Przy przyjmowaniu tekst\u00f3w do publikacji zbiorowej brane s\u0105 pod uwag\u0119: warto\u015b\u0107 naukowa pracy, oryginalno\u015b\u0107 uj\u0119cia problemu, przejrzysto\u015b\u0107 wywodu.<\/li>\n<\/ul>\n\n\n\n<ul class=\"wp-block-list\">\n<li><strong>Zasada rzetelno\u015bci naukowej:<\/strong> Redaktor naukowy dba o rzetelno\u015b\u0107 naukow\u0105 publikowanych prac. Dla jej zachowania mo\u017ce nanosi\u0107 stosowne zmiany i poprawki. W przypadku podejrze\u0144 o nieuczciwe praktyki (plagiat, fa\u0142szowanie wynik\u00f3w bada\u0144) zobowi\u0105zany jest podj\u0105\u0107 decyzj\u0119 o wycofaniu tekstu z publikacji zbiorowej.<\/li>\n\n\n\n<li><strong>Zasady autorstwa pracy:<\/strong> Obowi\u0105zek upewnienia si\u0119, \u017ce osoby maj\u0105ce wk\u0142ad w powstanie publikacji akceptuj\u0105 jej kszta\u0142t po redakcji naukowej, le\u017cy po stronie redaktora naukowego zg\u0142aszaj\u0105cego publikacj\u0119 do wydawcy.<\/li>\n\n\n\n<li><strong>Wycofanie tekstu:<\/strong> Redaktor naukowy ma prawo wycofa\u0107 tekst z publikacji, je\u017celi:\n<ul class=\"wp-block-list\">\n<li>istniej\u0105 dowody \u015bwiadcz\u0105ce o braku wiarygodno\u015bci wynik\u00f3w bada\u0144 i\/lub fa\u0142szowaniu danych, jak r\u00f3wnie\u017c w przypadku pope\u0142nienia niezamierzonych b\u0142\u0119d\u00f3w (np. b\u0142\u0119dy w obliczeniach, b\u0142\u0119dy metodologiczne);<\/li>\n\n\n\n<li>praca nosi znamiona plagiatu b\u0105d\u017a narusza zasady etyki wydawniczej.<\/li>\n<\/ul>\n<\/li>\n<\/ul>\n\n\n\n<p><strong>Zasady etyczne obowi\u0105zuj\u0105ce autora<\/strong><\/p>\n\n\n\n<ul class=\"wp-block-list\">\n<li><strong>Zasada rzetelno\u015bci naukowej:<\/strong> Autor zobowi\u0105zany jest do rzetelnego opisu wykonanych prac badawczych oraz obiektywnej interpretacji wynik\u00f3w. Prace powinny zawiera\u0107 informacje umo\u017cliwiaj\u0105ce identyfikacj\u0119 \u017ar\u00f3de\u0142 danych, a tak\u017ce powt\u00f3rzenie bada\u0144. Niezgodne z zasadami etyki wydawniczej prezentowanie i interpretowanie danych oraz wynik\u00f3w bada\u0144 jest niedopuszczalne i skutkowa\u0107 mo\u017ce wycofaniem tekstu.<\/li>\n\n\n\n<li><strong>Zasada oryginalno\u015bci pracy:<\/strong> Autor mo\u017ce zg\u0142asza\u0107 do publikacji wy\u0142\u0105cznie w\u0142asne, oryginalne teksty. Wykorzystane w publikacji badania i\/lub informacje innych naukowc\u00f3w powinny by\u0107 oznaczone w spos\u00f3b wskazuj\u0105cy, \u017ce jest to cytat. <strong>Plagiat czy fa\u0142szowanie<\/strong> danych s\u0105 <strong><u>niedopuszczalne<\/u><\/strong>.<\/li>\n\n\n\n<li><strong>Zasada udost\u0119pnienia danych:<\/strong> Autor poproszony o przedstawienie nieprzetworzonych wynik\u00f3w bada\u0144 wykorzystanych w tek\u015bcie zobowi\u0105zany jest zapewni\u0107 dost\u0119p do tych danych, tak\u017ce po opublikowaniu pracy.<\/li>\n\n\n\n<li><strong>Zasady autorstwa pracy:<\/strong>\n<ul class=\"wp-block-list\">\n<li>Autorzy zg\u0142aszaj\u0105cy do publikacji teksty wieloautorskie maj\u0105 obowi\u0105zek ujawni\u0107 wk\u0142ad poszczeg\u00f3lnych autor\u00f3w w jego powstanie (z podaniem afiliacji autor\u00f3w oraz informacji kto jest autorem koncepcji, za\u0142o\u017ce\u0144, metod, protoko\u0142u itp. wykorzystanych przy tworzeniu tekstu, Za\u0142\u0105cznik- Deklaracja wk\u0142adu autorskiego).<\/li>\n\n\n\n<li>Hostwriting, guest authorship s\u0105 przejawem nierzetelno\u015bci naukowej i wszelkie wykryte ich przypadki powinny by\u0107 demaskowane, w\u0142\u0105cznie z powiadomieniem odpowiednich podmiot\u00f3w, takich jak instytucje zatrudniaj\u0105ce autora, towarzystwa naukowe, stowarzyszenia edytor\u00f3w naukowych itp.<\/li>\n<\/ul>\n<\/li>\n\n\n\n<li><strong>Zasada rzetelno\u015bci \u017ar\u00f3de\u0142:<\/strong> Autor zobowi\u0105zany jest wymieni\u0107 w bibliografii za\u0142\u0105cznikowej publikacje, kt\u00f3re zosta\u0142y przez niego wykorzystane przy tworzeniu tekstu.<\/li>\n\n\n\n<li><strong>Zasady dotycz\u0105ce b\u0142\u0119d\u00f3w w opublikowanych pracach:<\/strong> Je\u015bli autor odkryje znacz\u0105ce b\u0142\u0119dy lub nie\u015bcis\u0142o\u015bci w swoim tek\u015bcie, zobowi\u0105zany jest niezw\u0142ocznie powiadomi\u0107 o tym wydawc\u0119 w celu skorygowania zaistnia\u0142ych b\u0142\u0119d\u00f3w przy kolejnym wydaniu lub dodruku.<\/li>\n<\/ul>\n\n\n\n<p><\/p>\n\n\n\n<p><strong>Zasady obowi\u0105zuj\u0105ce recenzenta<\/strong><\/p>\n\n\n\n<p>Recenzent recenzuje prac\u0119 na zlecenie wydawnictwa. Mo\u017ce tak\u017ce, w porozumieniu z autorem, wp\u0142ywa\u0107 na ostateczny kszta\u0142t i doskonalenie publikowanej pracy.<\/p>\n\n\n\n<ul class=\"wp-block-list\">\n<li><strong>Zasada terminowo\u015bci:<\/strong> Recenzent zobowi\u0105zany jest dostarczy\u0107 recenzj\u0119 w ustalonym terminie. Je\u017celi z jakich\u015b wzgl\u0119d\u00f3w (merytorycznych, braku czasu itp.) nie jest w stanie dotrzyma\u0107 terminu b\u0105d\u017a podj\u0105\u0107 si\u0119 recenzji, powinien niezw\u0142ocznie poinformowa\u0107 o tym wydawc\u0119.<\/li>\n\n\n\n<li><strong>Zasada poufno\u015bci:<\/strong> Wszystkie recenzowane prace oraz ich recenzje maj\u0105 charakter poufny. Ujawnianie prac i\/lub osobom trzecim jest niedopuszczalne (z wyj\u0105tkiem os\u00f3b, kt\u00f3re bior\u0105 udzia\u0142 w procesie wydawniczym).<\/li>\n\n\n\n<li><strong>Zasada zachowania standard\u00f3w obiektywno\u015bci:<\/strong> Recenzja powinna mie\u0107 charakter obiektywny. Personalna krytyka autora pracy jest uwa\u017cana za co najmniej niestosown\u0105. Wszystkie uwagi recenzenta powinny zosta\u0107 odpowiednio uargumentowane.<\/li>\n\n\n\n<li><strong>Zasada rzetelno\u015bci \u017ar\u00f3de\u0142:<\/strong> Recenzent, je\u015bli zachodzi taka potrzeba, powinien wskaza\u0107 odpowiednie prace zwi\u0105zane z tematyk\u0105 tekstu niezacytowane przez autora. Recenzent powinien wskaza\u0107 i zg\u0142osi\u0107 wydawcy wszelkie istotne podobie\u0144stwa recenzowanego tekstu do innych prac.<\/li>\n\n\n\n<li><strong>Zasada przeciwdzia\u0142ania konfliktowi interes\u00f3w u recenzenta:<\/strong> Recenzent nie mo\u017ce wykorzystywa\u0107 recenzowanej pracy do swoich osobistych potrzeb i korzy\u015bci. Nie powinien r\u00f3wnie\u017c ocenia\u0107 tekstu, w przypadku kiedy mo\u017ce wyst\u0119powa\u0107 konflikt interes\u00f3w z autorem.<\/li>\n<\/ul>\n\n\n\n<p>Wydawnictwo korzysta z Jednolitego Systemu Antyplagiatowego, zapewniaj\u0105cego wsparcie w zakresie przeciwdzia\u0142ania naruszeniom przepis\u00f3w o prawie autorskim i prawach pokrewnych.<\/p>\n","protected":false},"excerpt":{"rendered":"<p>Maj\u0105c na celu przeciwdzia\u0142anie nieuczciwym praktykom publikacyjnym Wydawnictwo Naukowe PIGONIANUM PANS w Kro\u015bnie przyj\u0119\u0142o i stosuje zasady etyki wydawniczej zgodne z wytycznymi Komitetu do spraw Etyki Publikacyjnej COPE (ang. Committee on Publication Ethics) https:\/\/publicationethics.org\/ Przed akceptacj\u0105 do wydania, publikacje zg\u0142oszone do wydawnictwa s\u0105 weryfikowane pod k\u0105tem zgodno\u015bci z zasadami etyki [\u2026] <\/p>\n<div class=\"clear\"><\/div>\n<p><a class=\"more_link clearfix\" href=\"https:\/\/pans.krosno.pl\/wydawnictwo-naukowe-pigonianum\/etyka-wydawnicza\/\" rel=\"nofollow\">Read More<\/a><\/p>\n","protected":false},"author":27,"featured_media":0,"parent":0,"menu_order":0,"comment_status":"closed","ping_status":"closed","template":"page-templates\/template-full-width.php","meta":{"ngg_post_thumbnail":0,"footnotes":""},"class_list":["post-199","page","type-page","status-publish","hentry"],"yoast_head":"<!-- This site is optimized with the Yoast SEO Premium plugin v27.4 (Yoast SEO v27.4) - https:\/\/yoast.com\/product\/yoast-seo-premium-wordpress\/ -->\n<title>Etyka wydawnicza - Wydawnictwo naukowe Pigonianum PANS w Kro\u015bnie<\/title>\n<meta name=\"robots\" content=\"noindex, follow, max-snippet:-1, max-image-preview:large, max-video-preview:-1\" \/>\n<meta property=\"og:locale\" content=\"pl_PL\" \/>\n<meta property=\"og:type\" content=\"article\" \/>\n<meta property=\"og:title\" content=\"Etyka wydawnicza\" \/>\n<meta property=\"og:description\" content=\"Maj\u0105c na celu przeciwdzia\u0142anie nieuczciwym praktykom publikacyjnym Wydawnictwo Naukowe PIGONIANUM PANS w Kro\u015bnie przyj\u0119\u0142o i stosuje zasady etyki wydawniczej zgodne z wytycznymi Komitetu do spraw Etyki Publikacyjnej COPE (ang. Committee on Publication Ethics) https:\/\/publicationethics.org\/ Przed akceptacj\u0105 do wydania, publikacje zg\u0142oszone do wydawnictwa s\u0105 weryfikowane pod k\u0105tem zgodno\u015bci z zasadami etyki [\u2026] Read More\" \/>\n<meta property=\"og:url\" content=\"https:\/\/pans.krosno.pl\/wydawnictwo-naukowe-pigonianum\/etyka-wydawnicza\/\" \/>\n<meta property=\"og:site_name\" content=\"Wydawnictwo naukowe Pigonianum PANS w Kro\u015bnie\" \/>\n<meta property=\"article:publisher\" content=\"https:\/\/www.facebook.com\/StudiaKrosno\/\" \/>\n<meta property=\"article:modified_time\" content=\"2023-02-02T10:51:20+00:00\" \/>\n<meta name=\"twitter:card\" content=\"summary_large_image\" \/>\n<meta name=\"twitter:label1\" content=\"Szacowany czas czytania\" \/>\n\t<meta name=\"twitter:data1\" content=\"5 minut\" \/>\n<script type=\"application\/ld+json\" class=\"yoast-schema-graph\">{\"@context\":\"https:\\\/\\\/schema.org\",\"@graph\":[{\"@type\":\"WebPage\",\"@id\":\"https:\\\/\\\/pans.krosno.pl\\\/wydawnictwo-naukowe-pigonianum\\\/etyka-wydawnicza\\\/\",\"url\":\"https:\\\/\\\/pans.krosno.pl\\\/wydawnictwo-naukowe-pigonianum\\\/etyka-wydawnicza\\\/\",\"name\":\"Etyka wydawnicza - Wydawnictwo naukowe Pigonianum PANS w Kro\u015bnie\",\"isPartOf\":{\"@id\":\"https:\\\/\\\/pans.krosno.pl\\\/wydawnictwo-naukowe-pigonianum\\\/#website\"},\"datePublished\":\"2022-07-29T08:07:21+00:00\",\"dateModified\":\"2023-02-02T10:51:20+00:00\",\"breadcrumb\":{\"@id\":\"https:\\\/\\\/pans.krosno.pl\\\/wydawnictwo-naukowe-pigonianum\\\/etyka-wydawnicza\\\/#breadcrumb\"},\"inLanguage\":\"pl-PL\",\"potentialAction\":[{\"@type\":\"ReadAction\",\"target\":[\"https:\\\/\\\/pans.krosno.pl\\\/wydawnictwo-naukowe-pigonianum\\\/etyka-wydawnicza\\\/\"]}]},{\"@type\":\"BreadcrumbList\",\"@id\":\"https:\\\/\\\/pans.krosno.pl\\\/wydawnictwo-naukowe-pigonianum\\\/etyka-wydawnicza\\\/#breadcrumb\",\"itemListElement\":[{\"@type\":\"ListItem\",\"position\":1,\"name\":\"Strona g\u0142\u00f3wna\",\"item\":\"https:\\\/\\\/pans.krosno.pl\\\/wydawnictwo-naukowe-pigonianum\\\/\"},{\"@type\":\"ListItem\",\"position\":2,\"name\":\"Etyka wydawnicza\"}]},{\"@type\":\"WebSite\",\"@id\":\"https:\\\/\\\/pans.krosno.pl\\\/wydawnictwo-naukowe-pigonianum\\\/#website\",\"url\":\"https:\\\/\\\/pans.krosno.pl\\\/wydawnictwo-naukowe-pigonianum\\\/\",\"name\":\"KPU w Kro\u015bnie\",\"description\":\"Wydawnictwo naukowe Pigonianum - Pa\u0144stwowa Akademia Nauk Stosowanych\",\"publisher\":{\"@id\":\"https:\\\/\\\/pans.krosno.pl\\\/wydawnictwo-naukowe-pigonianum\\\/#organization\"},\"potentialAction\":[{\"@type\":\"SearchAction\",\"target\":{\"@type\":\"EntryPoint\",\"urlTemplate\":\"https:\\\/\\\/pans.krosno.pl\\\/wydawnictwo-naukowe-pigonianum\\\/?s={search_term_string}\"},\"query-input\":{\"@type\":\"PropertyValueSpecification\",\"valueRequired\":true,\"valueName\":\"search_term_string\"}}],\"inLanguage\":\"pl-PL\"},{\"@type\":\"Organization\",\"@id\":\"https:\\\/\\\/pans.krosno.pl\\\/wydawnictwo-naukowe-pigonianum\\\/#organization\",\"name\":\"Karpacka Pa\u0144stwowa Uczelnia w Kro\u015bnie\",\"url\":\"https:\\\/\\\/pans.krosno.pl\\\/wydawnictwo-naukowe-pigonianum\\\/\",\"logo\":{\"@type\":\"ImageObject\",\"inLanguage\":\"pl-PL\",\"@id\":\"https:\\\/\\\/pans.krosno.pl\\\/wydawnictwo-naukowe-pigonianum\\\/#\\\/schema\\\/logo\\\/image\\\/\",\"url\":\"https:\\\/\\\/pans.krosno.pl\\\/wp-content\\\/uploads\\\/2020\\\/04\\\/unnamed-1.png\",\"contentUrl\":\"https:\\\/\\\/pans.krosno.pl\\\/wp-content\\\/uploads\\\/2020\\\/04\\\/unnamed-1.png\",\"width\":2238,\"height\":372,\"caption\":\"Karpacka Pa\u0144stwowa Uczelnia w Kro\u015bnie\"},\"image\":{\"@id\":\"https:\\\/\\\/pans.krosno.pl\\\/wydawnictwo-naukowe-pigonianum\\\/#\\\/schema\\\/logo\\\/image\\\/\"},\"sameAs\":[\"https:\\\/\\\/www.facebook.com\\\/StudiaKrosno\\\/\",\"https:\\\/\\\/www.instagram.com\\\/studia.krosno\",\"https:\\\/\\\/pl.linkedin.com\\\/company\\\/pwsz-krosno\",\"https:\\\/\\\/www.youtube.com\\\/user\\\/pwszkrosno\\\/\",\"https:\\\/\\\/pl.wikipedia.org\\\/wiki\\\/Pa\u0144stwowa_Wy\u017csza_Szko\u0142a_Zawodowa_im._Stanis\u0142awa_Pigonia_w_Kro\u015bnie\"]}]}<\/script>\n<!-- \/ Yoast SEO Premium plugin. -->","yoast_head_json":{"title":"Etyka wydawnicza - Wydawnictwo naukowe Pigonianum PANS w Kro\u015bnie","robots":{"index":"noindex","follow":"follow","max-snippet":"max-snippet:-1","max-image-preview":"max-image-preview:large","max-video-preview":"max-video-preview:-1"},"og_locale":"pl_PL","og_type":"article","og_title":"Etyka wydawnicza","og_description":"Maj\u0105c na celu przeciwdzia\u0142anie nieuczciwym praktykom publikacyjnym Wydawnictwo Naukowe PIGONIANUM PANS w Kro\u015bnie przyj\u0119\u0142o i stosuje zasady etyki wydawniczej zgodne z wytycznymi Komitetu do spraw Etyki Publikacyjnej COPE (ang. Committee on Publication Ethics) https:\/\/publicationethics.org\/ Przed akceptacj\u0105 do wydania, publikacje zg\u0142oszone do wydawnictwa s\u0105 weryfikowane pod k\u0105tem zgodno\u015bci z zasadami etyki [\u2026] Read More","og_url":"https:\/\/pans.krosno.pl\/wydawnictwo-naukowe-pigonianum\/etyka-wydawnicza\/","og_site_name":"Wydawnictwo naukowe Pigonianum PANS w Kro\u015bnie","article_publisher":"https:\/\/www.facebook.com\/StudiaKrosno\/","article_modified_time":"2023-02-02T10:51:20+00:00","twitter_card":"summary_large_image","twitter_misc":{"Szacowany czas czytania":"5 minut"},"schema":{"@context":"https:\/\/schema.org","@graph":[{"@type":"WebPage","@id":"https:\/\/pans.krosno.pl\/wydawnictwo-naukowe-pigonianum\/etyka-wydawnicza\/","url":"https:\/\/pans.krosno.pl\/wydawnictwo-naukowe-pigonianum\/etyka-wydawnicza\/","name":"Etyka wydawnicza - Wydawnictwo naukowe Pigonianum PANS w Kro\u015bnie","isPartOf":{"@id":"https:\/\/pans.krosno.pl\/wydawnictwo-naukowe-pigonianum\/#website"},"datePublished":"2022-07-29T08:07:21+00:00","dateModified":"2023-02-02T10:51:20+00:00","breadcrumb":{"@id":"https:\/\/pans.krosno.pl\/wydawnictwo-naukowe-pigonianum\/etyka-wydawnicza\/#breadcrumb"},"inLanguage":"pl-PL","potentialAction":[{"@type":"ReadAction","target":["https:\/\/pans.krosno.pl\/wydawnictwo-naukowe-pigonianum\/etyka-wydawnicza\/"]}]},{"@type":"BreadcrumbList","@id":"https:\/\/pans.krosno.pl\/wydawnictwo-naukowe-pigonianum\/etyka-wydawnicza\/#breadcrumb","itemListElement":[{"@type":"ListItem","position":1,"name":"Strona g\u0142\u00f3wna","item":"https:\/\/pans.krosno.pl\/wydawnictwo-naukowe-pigonianum\/"},{"@type":"ListItem","position":2,"name":"Etyka wydawnicza"}]},{"@type":"WebSite","@id":"https:\/\/pans.krosno.pl\/wydawnictwo-naukowe-pigonianum\/#website","url":"https:\/\/pans.krosno.pl\/wydawnictwo-naukowe-pigonianum\/","name":"KPU w Kro\u015bnie","description":"Wydawnictwo naukowe Pigonianum - Pa\u0144stwowa Akademia Nauk Stosowanych","publisher":{"@id":"https:\/\/pans.krosno.pl\/wydawnictwo-naukowe-pigonianum\/#organization"},"potentialAction":[{"@type":"SearchAction","target":{"@type":"EntryPoint","urlTemplate":"https:\/\/pans.krosno.pl\/wydawnictwo-naukowe-pigonianum\/?s={search_term_string}"},"query-input":{"@type":"PropertyValueSpecification","valueRequired":true,"valueName":"search_term_string"}}],"inLanguage":"pl-PL"},{"@type":"Organization","@id":"https:\/\/pans.krosno.pl\/wydawnictwo-naukowe-pigonianum\/#organization","name":"Karpacka Pa\u0144stwowa Uczelnia w Kro\u015bnie","url":"https:\/\/pans.krosno.pl\/wydawnictwo-naukowe-pigonianum\/","logo":{"@type":"ImageObject","inLanguage":"pl-PL","@id":"https:\/\/pans.krosno.pl\/wydawnictwo-naukowe-pigonianum\/#\/schema\/logo\/image\/","url":"https:\/\/pans.krosno.pl\/wp-content\/uploads\/2020\/04\/unnamed-1.png","contentUrl":"https:\/\/pans.krosno.pl\/wp-content\/uploads\/2020\/04\/unnamed-1.png","width":2238,"height":372,"caption":"Karpacka Pa\u0144stwowa Uczelnia w Kro\u015bnie"},"image":{"@id":"https:\/\/pans.krosno.pl\/wydawnictwo-naukowe-pigonianum\/#\/schema\/logo\/image\/"},"sameAs":["https:\/\/www.facebook.com\/StudiaKrosno\/","https:\/\/www.instagram.com\/studia.krosno","https:\/\/pl.linkedin.com\/company\/pwsz-krosno","https:\/\/www.youtube.com\/user\/pwszkrosno\/","https:\/\/pl.wikipedia.org\/wiki\/Pa\u0144stwowa_Wy\u017csza_Szko\u0142a_Zawodowa_im._Stanis\u0142awa_Pigonia_w_Kro\u015bnie"]}]}},"_links":{"self":[{"href":"https:\/\/pans.krosno.pl\/wydawnictwo-naukowe-pigonianum\/wp-json\/wp\/v2\/pages\/199","targetHints":{"allow":["GET"]}}],"collection":[{"href":"https:\/\/pans.krosno.pl\/wydawnictwo-naukowe-pigonianum\/wp-json\/wp\/v2\/pages"}],"about":[{"href":"https:\/\/pans.krosno.pl\/wydawnictwo-naukowe-pigonianum\/wp-json\/wp\/v2\/types\/page"}],"author":[{"embeddable":true,"href":"https:\/\/pans.krosno.pl\/wydawnictwo-naukowe-pigonianum\/wp-json\/wp\/v2\/users\/27"}],"replies":[{"embeddable":true,"href":"https:\/\/pans.krosno.pl\/wydawnictwo-naukowe-pigonianum\/wp-json\/wp\/v2\/comments?post=199"}],"version-history":[{"count":4,"href":"https:\/\/pans.krosno.pl\/wydawnictwo-naukowe-pigonianum\/wp-json\/wp\/v2\/pages\/199\/revisions"}],"predecessor-version":[{"id":375,"href":"https:\/\/pans.krosno.pl\/wydawnictwo-naukowe-pigonianum\/wp-json\/wp\/v2\/pages\/199\/revisions\/375"}],"wp:attachment":[{"href":"https:\/\/pans.krosno.pl\/wydawnictwo-naukowe-pigonianum\/wp-json\/wp\/v2\/media?parent=199"}],"curies":[{"name":"wp","href":"https:\/\/api.w.org\/{rel}","templated":true}]}}