{"id":15,"date":"2022-06-22T12:49:41","date_gmt":"2022-06-22T10:49:41","guid":{"rendered":"https:\/\/pans.krosno.pl\/strona-testowa\/?page_id=15"},"modified":"2023-02-02T15:45:07","modified_gmt":"2023-02-02T14:45:07","slug":"kontakt","status":"publish","type":"page","link":"https:\/\/pans.krosno.pl\/wydawnictwo-naukowe-pigonianum\/kontakt\/","title":{"rendered":"Kontakt"},"content":{"rendered":"\n<h3 class=\"wp-block-heading\" id=\"h-adres-do-korespondencji\"><strong>Adres do korespondencji<\/strong><\/h3>\n\n\n\n<p><br>Wydawnictwo Naukowe PIGONIANUM<br>Pa\u0144stwowa Akademia Nauk Stosowanych<br><a href=\"https:\/\/goo.gl\/maps\/5qU2R7xERciP79oB8\">Rynek 1, 38-400 Krosno<\/a><\/p>\n\n\n\n<p>tel. ?<\/p>\n\n\n\n<p>Redakcja <a href=\"mailto:pigonianum@pans.krosno.pl\">wy\u015blij e-mail<\/a><\/p>\n","protected":false},"excerpt":{"rendered":"<p>Adres do korespondencji Wydawnictwo Naukowe PIGONIANUMPa\u0144stwowa Akademia Nauk StosowanychRynek 1, 38-400 Krosno tel. ? Redakcja wy\u015blij e-mail<\/p>\n","protected":false},"author":27,"featured_media":0,"parent":0,"menu_order":0,"comment_status":"closed","ping_status":"closed","template":"page-templates\/template-full-width.php","meta":{"ngg_post_thumbnail":0,"footnotes":""},"class_list":["post-15","page","type-page","status-publish","hentry"],"yoast_head":"<!-- This site is optimized with the Yoast SEO Premium plugin v27.4 (Yoast SEO v27.4) - https:\/\/yoast.com\/product\/yoast-seo-premium-wordpress\/ -->\n<title>Kontakt - Wydawnictwo naukowe Pigonianum PANS w Kro\u015bnie<\/title>\n<meta name=\"robots\" content=\"noindex, follow, max-snippet:-1, max-image-preview:large, max-video-preview:-1\" \/>\n<meta property=\"og:locale\" content=\"pl_PL\" \/>\n<meta property=\"og:type\" content=\"article\" \/>\n<meta property=\"og:title\" content=\"Kontakt\" \/>\n<meta property=\"og:description\" content=\"Adres do korespondencji Wydawnictwo Naukowe PIGONIANUMPa\u0144stwowa Akademia Nauk StosowanychRynek 1, 38-400 Krosno tel. ? Redakcja wy\u015blij e-mail\" \/>\n<meta property=\"og:url\" content=\"https:\/\/pans.krosno.pl\/wydawnictwo-naukowe-pigonianum\/kontakt\/\" \/>\n<meta property=\"og:site_name\" content=\"Wydawnictwo naukowe Pigonianum PANS w Kro\u015bnie\" \/>\n<meta property=\"article:publisher\" content=\"https:\/\/www.facebook.com\/StudiaKrosno\/\" \/>\n<meta property=\"article:modified_time\" content=\"2023-02-02T14:45:07+00:00\" \/>\n<meta name=\"twitter:card\" content=\"summary_large_image\" \/>\n<meta name=\"twitter:label1\" content=\"Szacowany czas czytania\" \/>\n\t<meta name=\"twitter:data1\" content=\"1 minuta\" \/>\n<script type=\"application\/ld+json\" class=\"yoast-schema-graph\">{\"@context\":\"https:\\\/\\\/schema.org\",\"@graph\":[{\"@type\":\"WebPage\",\"@id\":\"https:\\\/\\\/pans.krosno.pl\\\/wydawnictwo-naukowe-pigonianum\\\/kontakt\\\/\",\"url\":\"https:\\\/\\\/pans.krosno.pl\\\/wydawnictwo-naukowe-pigonianum\\\/kontakt\\\/\",\"name\":\"Kontakt - Wydawnictwo naukowe Pigonianum PANS w Kro\u015bnie\",\"isPartOf\":{\"@id\":\"https:\\\/\\\/pans.krosno.pl\\\/wydawnictwo-naukowe-pigonianum\\\/#website\"},\"datePublished\":\"2022-06-22T10:49:41+00:00\",\"dateModified\":\"2023-02-02T14:45:07+00:00\",\"breadcrumb\":{\"@id\":\"https:\\\/\\\/pans.krosno.pl\\\/wydawnictwo-naukowe-pigonianum\\\/kontakt\\\/#breadcrumb\"},\"inLanguage\":\"pl-PL\",\"potentialAction\":[{\"@type\":\"ReadAction\",\"target\":[\"https:\\\/\\\/pans.krosno.pl\\\/wydawnictwo-naukowe-pigonianum\\\/kontakt\\\/\"]}]},{\"@type\":\"BreadcrumbList\",\"@id\":\"https:\\\/\\\/pans.krosno.pl\\\/wydawnictwo-naukowe-pigonianum\\\/kontakt\\\/#breadcrumb\",\"itemListElement\":[{\"@type\":\"ListItem\",\"position\":1,\"name\":\"Strona g\u0142\u00f3wna\",\"item\":\"https:\\\/\\\/pans.krosno.pl\\\/wydawnictwo-naukowe-pigonianum\\\/\"},{\"@type\":\"ListItem\",\"position\":2,\"name\":\"Kontakt\"}]},{\"@type\":\"WebSite\",\"@id\":\"https:\\\/\\\/pans.krosno.pl\\\/wydawnictwo-naukowe-pigonianum\\\/#website\",\"url\":\"https:\\\/\\\/pans.krosno.pl\\\/wydawnictwo-naukowe-pigonianum\\\/\",\"name\":\"KPU w Kro\u015bnie\",\"description\":\"Wydawnictwo naukowe Pigonianum - Pa\u0144stwowa Akademia Nauk Stosowanych\",\"publisher\":{\"@id\":\"https:\\\/\\\/pans.krosno.pl\\\/wydawnictwo-naukowe-pigonianum\\\/#organization\"},\"potentialAction\":[{\"@type\":\"SearchAction\",\"target\":{\"@type\":\"EntryPoint\",\"urlTemplate\":\"https:\\\/\\\/pans.krosno.pl\\\/wydawnictwo-naukowe-pigonianum\\\/?s={search_term_string}\"},\"query-input\":{\"@type\":\"PropertyValueSpecification\",\"valueRequired\":true,\"valueName\":\"search_term_string\"}}],\"inLanguage\":\"pl-PL\"},{\"@type\":\"Organization\",\"@id\":\"https:\\\/\\\/pans.krosno.pl\\\/wydawnictwo-naukowe-pigonianum\\\/#organization\",\"name\":\"Karpacka Pa\u0144stwowa Uczelnia w Kro\u015bnie\",\"url\":\"https:\\\/\\\/pans.krosno.pl\\\/wydawnictwo-naukowe-pigonianum\\\/\",\"logo\":{\"@type\":\"ImageObject\",\"inLanguage\":\"pl-PL\",\"@id\":\"https:\\\/\\\/pans.krosno.pl\\\/wydawnictwo-naukowe-pigonianum\\\/#\\\/schema\\\/logo\\\/image\\\/\",\"url\":\"https:\\\/\\\/pans.krosno.pl\\\/wp-content\\\/uploads\\\/2020\\\/04\\\/unnamed-1.png\",\"contentUrl\":\"https:\\\/\\\/pans.krosno.pl\\\/wp-content\\\/uploads\\\/2020\\\/04\\\/unnamed-1.png\",\"width\":2238,\"height\":372,\"caption\":\"Karpacka Pa\u0144stwowa Uczelnia w Kro\u015bnie\"},\"image\":{\"@id\":\"https:\\\/\\\/pans.krosno.pl\\\/wydawnictwo-naukowe-pigonianum\\\/#\\\/schema\\\/logo\\\/image\\\/\"},\"sameAs\":[\"https:\\\/\\\/www.facebook.com\\\/StudiaKrosno\\\/\",\"https:\\\/\\\/www.instagram.com\\\/studia.krosno\",\"https:\\\/\\\/pl.linkedin.com\\\/company\\\/pwsz-krosno\",\"https:\\\/\\\/www.youtube.com\\\/user\\\/pwszkrosno\\\/\",\"https:\\\/\\\/pl.wikipedia.org\\\/wiki\\\/Pa\u0144stwowa_Wy\u017csza_Szko\u0142a_Zawodowa_im._Stanis\u0142awa_Pigonia_w_Kro\u015bnie\"]}]}<\/script>\n<!-- \/ Yoast SEO Premium plugin. -->","yoast_head_json":{"title":"Kontakt - Wydawnictwo naukowe Pigonianum PANS w Kro\u015bnie","robots":{"index":"noindex","follow":"follow","max-snippet":"max-snippet:-1","max-image-preview":"max-image-preview:large","max-video-preview":"max-video-preview:-1"},"og_locale":"pl_PL","og_type":"article","og_title":"Kontakt","og_description":"Adres do korespondencji Wydawnictwo Naukowe PIGONIANUMPa\u0144stwowa Akademia Nauk StosowanychRynek 1, 38-400 Krosno tel. ? Redakcja wy\u015blij e-mail","og_url":"https:\/\/pans.krosno.pl\/wydawnictwo-naukowe-pigonianum\/kontakt\/","og_site_name":"Wydawnictwo naukowe Pigonianum PANS w Kro\u015bnie","article_publisher":"https:\/\/www.facebook.com\/StudiaKrosno\/","article_modified_time":"2023-02-02T14:45:07+00:00","twitter_card":"summary_large_image","twitter_misc":{"Szacowany czas czytania":"1 minuta"},"schema":{"@context":"https:\/\/schema.org","@graph":[{"@type":"WebPage","@id":"https:\/\/pans.krosno.pl\/wydawnictwo-naukowe-pigonianum\/kontakt\/","url":"https:\/\/pans.krosno.pl\/wydawnictwo-naukowe-pigonianum\/kontakt\/","name":"Kontakt - Wydawnictwo naukowe Pigonianum PANS w Kro\u015bnie","isPartOf":{"@id":"https:\/\/pans.krosno.pl\/wydawnictwo-naukowe-pigonianum\/#website"},"datePublished":"2022-06-22T10:49:41+00:00","dateModified":"2023-02-02T14:45:07+00:00","breadcrumb":{"@id":"https:\/\/pans.krosno.pl\/wydawnictwo-naukowe-pigonianum\/kontakt\/#breadcrumb"},"inLanguage":"pl-PL","potentialAction":[{"@type":"ReadAction","target":["https:\/\/pans.krosno.pl\/wydawnictwo-naukowe-pigonianum\/kontakt\/"]}]},{"@type":"BreadcrumbList","@id":"https:\/\/pans.krosno.pl\/wydawnictwo-naukowe-pigonianum\/kontakt\/#breadcrumb","itemListElement":[{"@type":"ListItem","position":1,"name":"Strona g\u0142\u00f3wna","item":"https:\/\/pans.krosno.pl\/wydawnictwo-naukowe-pigonianum\/"},{"@type":"ListItem","position":2,"name":"Kontakt"}]},{"@type":"WebSite","@id":"https:\/\/pans.krosno.pl\/wydawnictwo-naukowe-pigonianum\/#website","url":"https:\/\/pans.krosno.pl\/wydawnictwo-naukowe-pigonianum\/","name":"KPU w Kro\u015bnie","description":"Wydawnictwo naukowe Pigonianum - Pa\u0144stwowa Akademia Nauk Stosowanych","publisher":{"@id":"https:\/\/pans.krosno.pl\/wydawnictwo-naukowe-pigonianum\/#organization"},"potentialAction":[{"@type":"SearchAction","target":{"@type":"EntryPoint","urlTemplate":"https:\/\/pans.krosno.pl\/wydawnictwo-naukowe-pigonianum\/?s={search_term_string}"},"query-input":{"@type":"PropertyValueSpecification","valueRequired":true,"valueName":"search_term_string"}}],"inLanguage":"pl-PL"},{"@type":"Organization","@id":"https:\/\/pans.krosno.pl\/wydawnictwo-naukowe-pigonianum\/#organization","name":"Karpacka Pa\u0144stwowa Uczelnia w Kro\u015bnie","url":"https:\/\/pans.krosno.pl\/wydawnictwo-naukowe-pigonianum\/","logo":{"@type":"ImageObject","inLanguage":"pl-PL","@id":"https:\/\/pans.krosno.pl\/wydawnictwo-naukowe-pigonianum\/#\/schema\/logo\/image\/","url":"https:\/\/pans.krosno.pl\/wp-content\/uploads\/2020\/04\/unnamed-1.png","contentUrl":"https:\/\/pans.krosno.pl\/wp-content\/uploads\/2020\/04\/unnamed-1.png","width":2238,"height":372,"caption":"Karpacka Pa\u0144stwowa Uczelnia w Kro\u015bnie"},"image":{"@id":"https:\/\/pans.krosno.pl\/wydawnictwo-naukowe-pigonianum\/#\/schema\/logo\/image\/"},"sameAs":["https:\/\/www.facebook.com\/StudiaKrosno\/","https:\/\/www.instagram.com\/studia.krosno","https:\/\/pl.linkedin.com\/company\/pwsz-krosno","https:\/\/www.youtube.com\/user\/pwszkrosno\/","https:\/\/pl.wikipedia.org\/wiki\/Pa\u0144stwowa_Wy\u017csza_Szko\u0142a_Zawodowa_im._Stanis\u0142awa_Pigonia_w_Kro\u015bnie"]}]}},"_links":{"self":[{"href":"https:\/\/pans.krosno.pl\/wydawnictwo-naukowe-pigonianum\/wp-json\/wp\/v2\/pages\/15","targetHints":{"allow":["GET"]}}],"collection":[{"href":"https:\/\/pans.krosno.pl\/wydawnictwo-naukowe-pigonianum\/wp-json\/wp\/v2\/pages"}],"about":[{"href":"https:\/\/pans.krosno.pl\/wydawnictwo-naukowe-pigonianum\/wp-json\/wp\/v2\/types\/page"}],"author":[{"embeddable":true,"href":"https:\/\/pans.krosno.pl\/wydawnictwo-naukowe-pigonianum\/wp-json\/wp\/v2\/users\/27"}],"replies":[{"embeddable":true,"href":"https:\/\/pans.krosno.pl\/wydawnictwo-naukowe-pigonianum\/wp-json\/wp\/v2\/comments?post=15"}],"version-history":[{"count":4,"href":"https:\/\/pans.krosno.pl\/wydawnictwo-naukowe-pigonianum\/wp-json\/wp\/v2\/pages\/15\/revisions"}],"predecessor-version":[{"id":437,"href":"https:\/\/pans.krosno.pl\/wydawnictwo-naukowe-pigonianum\/wp-json\/wp\/v2\/pages\/15\/revisions\/437"}],"wp:attachment":[{"href":"https:\/\/pans.krosno.pl\/wydawnictwo-naukowe-pigonianum\/wp-json\/wp\/v2\/media?parent=15"}],"curies":[{"name":"wp","href":"https:\/\/api.w.org\/{rel}","templated":true}]}}