{"id":114,"date":"2022-06-27T14:21:34","date_gmt":"2022-06-27T12:21:34","guid":{"rendered":"https:\/\/pans.krosno.pl\/strona-testowa\/?page_id=114"},"modified":"2026-01-14T14:41:24","modified_gmt":"2026-01-14T13:41:24","slug":"regulamin","status":"publish","type":"page","link":"https:\/\/pans.krosno.pl\/wydawnictwo-naukowe-pigonianum\/regulamin\/","title":{"rendered":"Regulamin Wydawnictwa Naukowego PIGONIANUM"},"content":{"rendered":"\n<p class=\"has-text-align-right has-small-font-size\"><br><br><br>Za\u0142\u0105cznik nr 1 do Zarz\u0105dzenia nr 1\/ 23 Rektora Pa\u0144stwowej Akademii Nauk Stosowanych w Kro\u015bnie z dnia 2 stycznia 2023 roku<br> w sprawie utworzenia Wydawnictwa Naukowego PIGONIANUM Pa\u0144stwowej Akademii Nauk Stosowanych w Kro\u015bnie <br>i wprowadzenia regulaminu tej jednostki<\/p>\n\n\n\n<p><\/p>\n\n\n\n<p class=\"has-text-align-center\"><strong>\u00a7 1<\/strong><br><strong>Postanowienia og\u00f3lne<\/strong><\/p>\n\n\n\n<p>1. Wydawnictwo Naukowe PIGONIANUM, zwane dalej \u201eWydawnictwem\u201d, jest jednostk\u0105 organizacyjn\u0105 dzia\u0142aj\u0105c\u0105 na podstawie statutu Pa\u0144stwowej Akademii Nauk Stosowanych w Kro\u015bnie.<\/p>\n\n\n\n<p>2. Nadz\u00f3r nad dzia\u0142alno\u015bci\u0105 wydawnictwa sprawuje Rektor.<\/p>\n\n\n\n<p>3. Wydawnictwem kieruje powo\u0142ywany przez Rektora redaktor.<\/p>\n\n\n\n<p>4. Regulamin wydawnictwa okre\u015bla zasady funkcjonowania, a w szczeg\u00f3lno\u015bci jego zadania, struktur\u0119 organizacyjn\u0105 oraz procedury wydawnicze.<\/p>\n\n\n\n<p>5. Przedmiotem dzia\u0142alno\u015bci wydawnictwa jest wydawanie w formie drukowanej i elektronicznej publikacji \u2013 w tym monografii i czasopism naukowych, podr\u0119cznik\u00f3w, skrypt\u00f3w oraz materia\u0142\u00f3w informacyjnych Uczelni, a tak\u017ce innych wydawnictw, w tym prac zleconych z zewn\u0105trz, zwanych dalej publikacjami.<\/p>\n\n\n\n<p class=\"has-text-align-center\"><strong>\u00a7 2<\/strong><br><strong>Sk\u0142ad wydawnictwa<\/strong><\/p>\n\n\n\n<p>1. W sk\u0142ad wydawnictwa wchodz\u0105:<\/p>\n\n\n\n<p>a) Redaktor wydawnictwa,<\/p>\n\n\n\n<p>b) Sekretarz wydawnictwa,<\/p>\n\n\n\n<p>c) Redakcje czasopism naukowych wydawanych przez Pa\u0144stwow\u0105 Akademi\u0119 Nauk Stosowanych w            Kro\u015bnie.<\/p>\n\n\n\n<p>2. Sekretarza wydawnictwa oraz redaktor\u00f3w tematycznych powo\u0142uje i odwo\u0142uje Rektor na wniosek redaktora wydawnictwa.<\/p>\n\n\n\n<p>3. Maj\u0105c na uwadze zachowanie wysokich standard\u00f3w&nbsp;rzetelno\u015bci naukowej i etyki publikacyjnej Rektor powo\u0142uje Rad\u0119 naukow\u0105 wydawnictwa.<\/p>\n\n\n\n<p class=\"has-text-align-center\"><strong>\u00a7 3<\/strong><br><strong>Zasady wydawania publikacji<\/strong><\/p>\n\n\n\n<p>1. Do druku kwalifikowane s\u0105 tylko publikacje zrecenzowane. Wynagrodzenie za recenzj\u0119 jest uzale\u017cnione od liczby arkuszy oraz j\u0119zyka publikacji. Wysoko\u015b\u0107 stawek okre\u015bla Rektor zarz\u0105dzeniem.<\/p>\n\n\n\n<p>2. Szczeg\u00f3\u0142owe zasady publikacji okre\u015bla redaktor wydawnictwa w procedurze wydawniczej, procedurze recenzji oraz zasadach etyki publikacyjnej.<\/p>\n\n\n\n<p>3. Szczeg\u00f3\u0142owe zasady publikacji w czasopismach okre\u015bla redaktor naczelny czasopisma.<\/p>\n\n\n\n<p class=\"has-text-align-center\"><strong>\u00a7 4<\/strong><br><strong>Zadania wydawnictwa<\/strong><\/p>\n\n\n\n<p>Do zada\u0144 wydawnictwa nale\u017cy:<\/p>\n\n\n\n<p>1. Opracowanie zbiorczego planu wydawniczego i przestrzeganie jego realizacji.<\/p>\n\n\n\n<p>2. Wydawanie monografii, skrypt\u00f3w, podr\u0119cznik\u00f3w, czasopism oraz innych publikacji.<\/p>\n\n\n\n<p>3. Przechowywanie o\u015bwiadcze\u0144 autor\u00f3w oraz egzemplarzy archiwalnych.<\/p>\n\n\n\n<p>4. Sporz\u0105dzanie okresowych sprawozda\u0144 z dzia\u0142alno\u015bci wydawniczej.<\/p>\n\n\n\n<p>5. Dystrybucja bezp\u0142atnych egzemplarzy oraz sprzeda\u017c publikacji s\u0105 realizowane we wsp\u00f3\u0142pracy z bibliotek\u0105 Pa\u0144stwowej Akademii Nauk Stosowanych w Kro\u015bnie.<\/p>\n\n\n\n<p class=\"has-text-align-center\"><strong>\u00a7 5<\/strong><br><strong>Redaktor wydawnictwa<\/strong><\/p>\n\n\n\n<p>1. Redaktorem wydawnictwa mo\u017ce by\u0107 osoba posiadaj\u0105ca co najmniej stopie\u0144 naukowy doktora.<\/p>\n\n\n\n<p>2. Redaktor wydawnictwa planuje i koordynuje prac\u0119 wydawnictwa oraz odpowiada za ca\u0142okszta\u0142t pracy jednostki.<\/p>\n\n\n\n<p>3. Do zada\u0144 redaktora wydawnictwa nale\u017cy:<\/p>\n\n\n\n<p>1) monitorowanie i ocena planu wydawniczego,<\/p>\n\n\n\n<p>2) dbanie o rozw\u00f3j wydawnictwa,<\/p>\n\n\n\n<p>3) przygotowanie sprawozda\u0144 z dzia\u0142alno\u015bci wydawnictwa,<\/p>\n\n\n\n<p>4) podejmowanie dzia\u0142a\u0144 zmierzaj\u0105cych do wykluczenia zjawiska nierzetelno\u015bci naukowej<\/p>\n\n\n\n<p>&#8211; ghost writing i guest autorship.<\/p>\n\n\n\n<p class=\"has-text-align-center\"><strong>\u00a7 6<\/strong><br><strong>Sekretarz wydawnictwa<\/strong><\/p>\n\n\n\n<p>1. W porozumieniu z redaktorem wydawnictwa sporz\u0105dza roczne plany wydawnicze wydawnictwa oraz preliminarze finansowe.<\/p>\n\n\n\n<p>2. Czuwa nad prawid\u0142ow\u0105 i terminow\u0105 realizacj\u0105 plan\u00f3w wydawniczych.<\/p>\n\n\n\n<p>3. Wsp\u00f3\u0142pracuje z autorami, redaktorami, redaktorami naczelnymi czasopism, redaktorami tematycznymi, j\u0119zykowymi, t\u0142umaczami i innymi wsp\u00f3\u0142pracownikami zewn\u0119trznymi.<\/p>\n\n\n\n<p>4. Przygotowuje tre\u015b\u0107 i zakres rzeczowy og\u0142osze\u0144 do przetarg\u00f3w i konkurs\u00f3w ofert na sk\u0142ad typograficzny oraz druk publikacji.<\/p>\n\n\n\n<p>5. W porozumieniu z redaktorem wydawnictwa i w\u0142a\u015bciwym redaktorem naczelnym czasopisma rozstrzyga odpowiedzi na og\u0142oszone przetargi oraz konkursy ofert na sk\u0142ad typograficzny i druk publikacji.<\/p>\n\n\n\n<p>6. Przygotowuje dla Rektora umowy z autorami, recenzentami i t\u0142umaczami.<\/p>\n\n\n\n<p>7. Wsp\u00f3\u0142pracuje z Bibliotek\u0105 Narodow\u0105 w zakresie nadawania publikacjom numeru ISBN i ISSN.<\/p>\n\n\n\n<p>8. Mo\u017ce zleca\u0107 prace zwi\u0105zane z procesem wydawniczym innym podmiotom i osobom.<\/p>\n\n\n\n<p>9. Prowadzi baz\u0119 zg\u0142oszonych tekst\u00f3w. Archiwizuje materia\u0142y, tworzy elektroniczne kopie zapasowe.<\/p>\n\n\n\n<p>10. Prowadzi korespondencj\u0119 w sprawach bie\u017c\u0105cych wydawnictwa.<\/p>\n\n\n\n<p>11. Dba o rozw\u00f3j i popularyzacj\u0119 wydawnictwa.<\/p>\n\n\n\n<p>12. Prowadzi stron\u0119 internetow\u0105 wydawnictwa.<\/p>\n\n\n\n<p class=\"has-text-align-center\"><strong>\u00a7 7<\/strong><br><strong>Redaktorzy tematyczni<\/strong><\/p>\n\n\n\n<p>Do zada\u0144 redaktor\u00f3w tematycznych nale\u017cy:<\/p>\n\n\n\n<p>1. wst\u0119pna ocena poziomu naukowego zg\u0142oszonych publikacji,<\/p>\n\n\n\n<p>2. weryfikacja artyku\u0142\u00f3w zg\u0142oszonych do czasopism naukowych,<\/p>\n\n\n\n<p>3. proponowanie recenzent\u00f3w,<\/p>\n\n\n\n<p>4. przekazanie kompletu materia\u0142\u00f3w (tekst + recenzja) do sekretarza wydawnictwa.<\/p>\n\n\n\n<p class=\"has-text-align-center\"><strong>\u00a7 8<\/strong><br><strong>Redaktor czasopisma<\/strong><\/p>\n\n\n\n<p>1. Redaktor czasopisma nadzoru je ca\u0142okszta\u0142t prac zwi\u0105zanych z przygotowaniem czasopisma.<\/p>\n\n\n\n<p>2. Przyjmuje i kwalifikuje artyku\u0142y przeznaczone do publikacji oraz wyznacza recenzent\u00f3w spoza Uczelni.<\/p>\n\n\n\n<p>3. Na podstawie otrzymanych recenzji podejmuje ostateczn\u0105 decyzj\u0119 o publikacji artyku\u0142\u00f3w oraz nadzoruje realizacj\u0119 poprawek zg\u0142oszonych przez recenzent\u00f3w.<\/p>\n\n\n\n<p>4. Ustala list\u0119 recenzent\u00f3w.<\/p>\n\n\n\n<p>5. Redaktor czasopisma mo\u017ce odm\u00f3wi\u0107 publikacji artyku\u0142u bez konieczno\u015bci jej uzasadnienia.<\/p>\n\n\n\n<p class=\"has-text-align-center\"><strong>\u00a7 9<\/strong><br><strong>Sekretarz redakcji (czasopisma)<\/strong><\/p>\n\n\n\n<p>1. Wsp\u00f3\u0142pracuje z autorami tekst \u00f3w, recenzentami wewn\u0119trznymi i zewn\u0119trznymi, redaktorami j\u0119zykowymi i technicznymi, grafikami, t\u0142umaczami oraz wsp\u00f3\u0142pracownikami zewn\u0119trznymi.<\/p>\n\n\n\n<p>2. Dba o terminowo\u015b\u0107 powierzonych zada\u0144.<\/p>\n\n\n\n<p>3. Koordynuje prac\u0119 redaktor\u00f3w j\u0119zykowych i technicznych oraz korektor\u00f3w w redakcji.<\/p>\n\n\n\n<p>4. Przygotowuje niezb\u0119dne dokumenty dla autor\u00f3w tekst\u00f3w (o\u015bwiadczenia autorskie, umowy wydawnicze, deklaracje wk\u0142adu autorskiego, itp.), gromadzi je oraz archiwizuje.<\/p>\n\n\n\n<p>5. Przygotowuje wnioski i umowy z recenzentami do zatwierdzenia przez sekretarza wydawnictwa, zgodnie z procedur\u0105 recenzowania w wydawnictwie.<\/p>\n\n\n\n<p>6. Przekazuje zanonimizowane uwagi recenzent\u00f3w do autor\u00f3w recenzowanych tekst\u00f3w i nadzoruje efekty ich realizacji.<\/p>\n\n\n\n<p>7. Teksty po redakcji oraz korekcie (DOC) przekazuje autorom do wgl\u0105du i ostatecznej akceptacji.<\/p>\n\n\n\n<p>8. Nadzoruje proces sk\u0142adu typograficznego poszczeg\u00f3lnych element\u00f3w publikacji.<\/p>\n\n\n\n<p>9. Przekazuje typograficznie z\u0142o\u017cone teksty (PDF) autorom do wgl\u0105du i ostatecznej akceptacji.<\/p>\n\n\n\n<p>10. Przekazuje ca\u0142o\u015b\u0107 elektronicznego sk\u0142adu publikacji (PDF, CMYK) do druku.<\/p>\n\n\n\n<p>&nbsp;11. Przekazuje wydrukowane egzemplarze autorskie lub elektroniczne sk\u0142ady finalne autorom.<\/p>\n\n\n\n<p>12. Archiwizuje ca\u0142o\u015b\u0107 korespondencji oraz wszystkie \u017ar\u00f3d\u0142owe pliki komputerowe powsta\u0142e na poszczeg\u00f3lnych etapach przygotowania publikacji.<\/p>\n\n\n\n<p class=\"has-text-align-center\"><strong>\u00a7 10<\/strong><br><strong>Zasady rozpowszechniania nak\u0142adu<\/strong><\/p>\n\n\n\n<p>1. Wysoko\u015b\u0107 nak\u0142adu ustala Rektor na wniosek redaktora wydawnictwa. Wysoko\u015b\u0107 nak\u0142adu ustalana jest oddzielnie dla ka\u017cdej publikacji.<\/p>\n\n\n\n<p>2. Wydawnictwo nieodp\u0142atnie przekazuje publikacje nast\u0119puj\u0105cym podmiotom:<\/p>\n\n\n\n<p>1) bibliotekom posiadaj\u0105cym status egzemplarza obowi\u0105zkowego (wed\u0142ug wykazu),<\/p>\n\n\n\n<p>2) po 1. egzemplarzu redaktorom publikacji zbiorowych, recenzentom, autorom,<\/p>\n\n\n\n<p>3) egzemplarze na potrzeby w\u0142asne Uczelni.<\/p>\n\n\n\n<p class=\"has-text-align-center\"><strong>\u00a7 11<\/strong><\/p>\n\n\n\n<p>Dzia\u0142alno\u015b\u0107 wydawnictwa finansowana jest w ca\u0142o\u015bci ze \u015brodk\u00f3w Uczelni, okre\u015blonych w rocznym planie finansowym. Ewidencj\u0119 przychod\u00f3w i koszt\u00f3w wydawnictwa prowadzi Kwestura.<\/p>\n\n\n\n<p class=\"has-text-align-center\"><strong>\u00a7 12<\/strong><br><strong>Postanowienia ko\u0144cowe<\/strong> <\/p>\n\n\n\n<p>Regulamin wydawnictwa Pa\u0144stwowej Akademii Nauk Stosowanych w Kro\u015bnie wchodzi w \u017cycie z dniem podpisania przez Rektora.<\/p>\n","protected":false},"excerpt":{"rendered":"<p>Za\u0142\u0105cznik nr 1 do Zarz\u0105dzenia nr 1\/ 23 Rektora Pa\u0144stwowej Akademii Nauk Stosowanych w Kro\u015bnie z dnia 2 stycznia 2023 roku w sprawie utworzenia Wydawnictwa Naukowego PIGONIANUM Pa\u0144stwowej Akademii Nauk Stosowanych w Kro\u015bnie i wprowadzenia regulaminu tej jednostki \u00a7 1Postanowienia og\u00f3lne 1. Wydawnictwo Naukowe PIGONIANUM, zwane dalej \u201eWydawnictwem\u201d, jest jednostk\u0105 [\u2026] <\/p>\n<div class=\"clear\"><\/div>\n<p><a class=\"more_link clearfix\" href=\"https:\/\/pans.krosno.pl\/wydawnictwo-naukowe-pigonianum\/regulamin\/\" rel=\"nofollow\">Read More<\/a><\/p>\n","protected":false},"author":27,"featured_media":0,"parent":0,"menu_order":0,"comment_status":"closed","ping_status":"closed","template":"page-templates\/template-full-width.php","meta":{"ngg_post_thumbnail":0,"footnotes":""},"class_list":["post-114","page","type-page","status-publish","hentry"],"yoast_head":"<!-- This site is optimized with the Yoast SEO Premium plugin v27.4 (Yoast SEO v27.4) - https:\/\/yoast.com\/product\/yoast-seo-premium-wordpress\/ -->\n<title>Regulamin Wydawnictwa Naukowego PIGONIANUM - Wydawnictwo naukowe Pigonianum PANS w Kro\u015bnie<\/title>\n<meta name=\"robots\" content=\"noindex, follow, max-snippet:-1, max-image-preview:large, max-video-preview:-1\" \/>\n<meta property=\"og:locale\" content=\"pl_PL\" \/>\n<meta property=\"og:type\" content=\"article\" \/>\n<meta property=\"og:title\" content=\"Regulamin Wydawnictwa Naukowego PIGONIANUM\" \/>\n<meta property=\"og:description\" content=\"Za\u0142\u0105cznik nr 1 do Zarz\u0105dzenia nr 1\/ 23 Rektora Pa\u0144stwowej Akademii Nauk Stosowanych w Kro\u015bnie z dnia 2 stycznia 2023 roku w sprawie utworzenia Wydawnictwa Naukowego PIGONIANUM Pa\u0144stwowej Akademii Nauk Stosowanych w Kro\u015bnie i wprowadzenia regulaminu tej jednostki \u00a7 1Postanowienia og\u00f3lne 1. Wydawnictwo Naukowe PIGONIANUM, zwane dalej \u201eWydawnictwem\u201d, jest jednostk\u0105 [\u2026] Read More\" \/>\n<meta property=\"og:url\" content=\"https:\/\/pans.krosno.pl\/wydawnictwo-naukowe-pigonianum\/regulamin\/\" \/>\n<meta property=\"og:site_name\" content=\"Wydawnictwo naukowe Pigonianum PANS w Kro\u015bnie\" \/>\n<meta property=\"article:publisher\" content=\"https:\/\/www.facebook.com\/StudiaKrosno\/\" \/>\n<meta property=\"article:modified_time\" content=\"2026-01-14T13:41:24+00:00\" \/>\n<meta name=\"twitter:card\" content=\"summary_large_image\" \/>\n<meta name=\"twitter:label1\" content=\"Szacowany czas czytania\" \/>\n\t<meta name=\"twitter:data1\" content=\"6 minut\" \/>\n<script type=\"application\/ld+json\" class=\"yoast-schema-graph\">{\"@context\":\"https:\\\/\\\/schema.org\",\"@graph\":[{\"@type\":\"WebPage\",\"@id\":\"https:\\\/\\\/pans.krosno.pl\\\/wydawnictwo-naukowe-pigonianum\\\/regulamin\\\/\",\"url\":\"https:\\\/\\\/pans.krosno.pl\\\/wydawnictwo-naukowe-pigonianum\\\/regulamin\\\/\",\"name\":\"Regulamin Wydawnictwa Naukowego PIGONIANUM - Wydawnictwo naukowe Pigonianum PANS w Kro\u015bnie\",\"isPartOf\":{\"@id\":\"https:\\\/\\\/pans.krosno.pl\\\/wydawnictwo-naukowe-pigonianum\\\/#website\"},\"datePublished\":\"2022-06-27T12:21:34+00:00\",\"dateModified\":\"2026-01-14T13:41:24+00:00\",\"breadcrumb\":{\"@id\":\"https:\\\/\\\/pans.krosno.pl\\\/wydawnictwo-naukowe-pigonianum\\\/regulamin\\\/#breadcrumb\"},\"inLanguage\":\"pl-PL\",\"potentialAction\":[{\"@type\":\"ReadAction\",\"target\":[\"https:\\\/\\\/pans.krosno.pl\\\/wydawnictwo-naukowe-pigonianum\\\/regulamin\\\/\"]}]},{\"@type\":\"BreadcrumbList\",\"@id\":\"https:\\\/\\\/pans.krosno.pl\\\/wydawnictwo-naukowe-pigonianum\\\/regulamin\\\/#breadcrumb\",\"itemListElement\":[{\"@type\":\"ListItem\",\"position\":1,\"name\":\"Strona g\u0142\u00f3wna\",\"item\":\"https:\\\/\\\/pans.krosno.pl\\\/wydawnictwo-naukowe-pigonianum\\\/\"},{\"@type\":\"ListItem\",\"position\":2,\"name\":\"Regulamin Wydawnictwa Naukowego PIGONIANUM\"}]},{\"@type\":\"WebSite\",\"@id\":\"https:\\\/\\\/pans.krosno.pl\\\/wydawnictwo-naukowe-pigonianum\\\/#website\",\"url\":\"https:\\\/\\\/pans.krosno.pl\\\/wydawnictwo-naukowe-pigonianum\\\/\",\"name\":\"KPU w Kro\u015bnie\",\"description\":\"Wydawnictwo naukowe Pigonianum - Pa\u0144stwowa Akademia Nauk Stosowanych\",\"publisher\":{\"@id\":\"https:\\\/\\\/pans.krosno.pl\\\/wydawnictwo-naukowe-pigonianum\\\/#organization\"},\"potentialAction\":[{\"@type\":\"SearchAction\",\"target\":{\"@type\":\"EntryPoint\",\"urlTemplate\":\"https:\\\/\\\/pans.krosno.pl\\\/wydawnictwo-naukowe-pigonianum\\\/?s={search_term_string}\"},\"query-input\":{\"@type\":\"PropertyValueSpecification\",\"valueRequired\":true,\"valueName\":\"search_term_string\"}}],\"inLanguage\":\"pl-PL\"},{\"@type\":\"Organization\",\"@id\":\"https:\\\/\\\/pans.krosno.pl\\\/wydawnictwo-naukowe-pigonianum\\\/#organization\",\"name\":\"Karpacka Pa\u0144stwowa Uczelnia w Kro\u015bnie\",\"url\":\"https:\\\/\\\/pans.krosno.pl\\\/wydawnictwo-naukowe-pigonianum\\\/\",\"logo\":{\"@type\":\"ImageObject\",\"inLanguage\":\"pl-PL\",\"@id\":\"https:\\\/\\\/pans.krosno.pl\\\/wydawnictwo-naukowe-pigonianum\\\/#\\\/schema\\\/logo\\\/image\\\/\",\"url\":\"https:\\\/\\\/pans.krosno.pl\\\/wp-content\\\/uploads\\\/2020\\\/04\\\/unnamed-1.png\",\"contentUrl\":\"https:\\\/\\\/pans.krosno.pl\\\/wp-content\\\/uploads\\\/2020\\\/04\\\/unnamed-1.png\",\"width\":2238,\"height\":372,\"caption\":\"Karpacka Pa\u0144stwowa Uczelnia w Kro\u015bnie\"},\"image\":{\"@id\":\"https:\\\/\\\/pans.krosno.pl\\\/wydawnictwo-naukowe-pigonianum\\\/#\\\/schema\\\/logo\\\/image\\\/\"},\"sameAs\":[\"https:\\\/\\\/www.facebook.com\\\/StudiaKrosno\\\/\",\"https:\\\/\\\/www.instagram.com\\\/studia.krosno\",\"https:\\\/\\\/pl.linkedin.com\\\/company\\\/pwsz-krosno\",\"https:\\\/\\\/www.youtube.com\\\/user\\\/pwszkrosno\\\/\",\"https:\\\/\\\/pl.wikipedia.org\\\/wiki\\\/Pa\u0144stwowa_Wy\u017csza_Szko\u0142a_Zawodowa_im._Stanis\u0142awa_Pigonia_w_Kro\u015bnie\"]}]}<\/script>\n<!-- \/ Yoast SEO Premium plugin. -->","yoast_head_json":{"title":"Regulamin Wydawnictwa Naukowego PIGONIANUM - Wydawnictwo naukowe Pigonianum PANS w Kro\u015bnie","robots":{"index":"noindex","follow":"follow","max-snippet":"max-snippet:-1","max-image-preview":"max-image-preview:large","max-video-preview":"max-video-preview:-1"},"og_locale":"pl_PL","og_type":"article","og_title":"Regulamin Wydawnictwa Naukowego PIGONIANUM","og_description":"Za\u0142\u0105cznik nr 1 do Zarz\u0105dzenia nr 1\/ 23 Rektora Pa\u0144stwowej Akademii Nauk Stosowanych w Kro\u015bnie z dnia 2 stycznia 2023 roku w sprawie utworzenia Wydawnictwa Naukowego PIGONIANUM Pa\u0144stwowej Akademii Nauk Stosowanych w Kro\u015bnie i wprowadzenia regulaminu tej jednostki \u00a7 1Postanowienia og\u00f3lne 1. Wydawnictwo Naukowe PIGONIANUM, zwane dalej \u201eWydawnictwem\u201d, jest jednostk\u0105 [\u2026] Read More","og_url":"https:\/\/pans.krosno.pl\/wydawnictwo-naukowe-pigonianum\/regulamin\/","og_site_name":"Wydawnictwo naukowe Pigonianum PANS w Kro\u015bnie","article_publisher":"https:\/\/www.facebook.com\/StudiaKrosno\/","article_modified_time":"2026-01-14T13:41:24+00:00","twitter_card":"summary_large_image","twitter_misc":{"Szacowany czas czytania":"6 minut"},"schema":{"@context":"https:\/\/schema.org","@graph":[{"@type":"WebPage","@id":"https:\/\/pans.krosno.pl\/wydawnictwo-naukowe-pigonianum\/regulamin\/","url":"https:\/\/pans.krosno.pl\/wydawnictwo-naukowe-pigonianum\/regulamin\/","name":"Regulamin Wydawnictwa Naukowego PIGONIANUM - Wydawnictwo naukowe Pigonianum PANS w Kro\u015bnie","isPartOf":{"@id":"https:\/\/pans.krosno.pl\/wydawnictwo-naukowe-pigonianum\/#website"},"datePublished":"2022-06-27T12:21:34+00:00","dateModified":"2026-01-14T13:41:24+00:00","breadcrumb":{"@id":"https:\/\/pans.krosno.pl\/wydawnictwo-naukowe-pigonianum\/regulamin\/#breadcrumb"},"inLanguage":"pl-PL","potentialAction":[{"@type":"ReadAction","target":["https:\/\/pans.krosno.pl\/wydawnictwo-naukowe-pigonianum\/regulamin\/"]}]},{"@type":"BreadcrumbList","@id":"https:\/\/pans.krosno.pl\/wydawnictwo-naukowe-pigonianum\/regulamin\/#breadcrumb","itemListElement":[{"@type":"ListItem","position":1,"name":"Strona g\u0142\u00f3wna","item":"https:\/\/pans.krosno.pl\/wydawnictwo-naukowe-pigonianum\/"},{"@type":"ListItem","position":2,"name":"Regulamin Wydawnictwa Naukowego PIGONIANUM"}]},{"@type":"WebSite","@id":"https:\/\/pans.krosno.pl\/wydawnictwo-naukowe-pigonianum\/#website","url":"https:\/\/pans.krosno.pl\/wydawnictwo-naukowe-pigonianum\/","name":"KPU w Kro\u015bnie","description":"Wydawnictwo naukowe Pigonianum - Pa\u0144stwowa Akademia Nauk Stosowanych","publisher":{"@id":"https:\/\/pans.krosno.pl\/wydawnictwo-naukowe-pigonianum\/#organization"},"potentialAction":[{"@type":"SearchAction","target":{"@type":"EntryPoint","urlTemplate":"https:\/\/pans.krosno.pl\/wydawnictwo-naukowe-pigonianum\/?s={search_term_string}"},"query-input":{"@type":"PropertyValueSpecification","valueRequired":true,"valueName":"search_term_string"}}],"inLanguage":"pl-PL"},{"@type":"Organization","@id":"https:\/\/pans.krosno.pl\/wydawnictwo-naukowe-pigonianum\/#organization","name":"Karpacka Pa\u0144stwowa Uczelnia w Kro\u015bnie","url":"https:\/\/pans.krosno.pl\/wydawnictwo-naukowe-pigonianum\/","logo":{"@type":"ImageObject","inLanguage":"pl-PL","@id":"https:\/\/pans.krosno.pl\/wydawnictwo-naukowe-pigonianum\/#\/schema\/logo\/image\/","url":"https:\/\/pans.krosno.pl\/wp-content\/uploads\/2020\/04\/unnamed-1.png","contentUrl":"https:\/\/pans.krosno.pl\/wp-content\/uploads\/2020\/04\/unnamed-1.png","width":2238,"height":372,"caption":"Karpacka Pa\u0144stwowa Uczelnia w Kro\u015bnie"},"image":{"@id":"https:\/\/pans.krosno.pl\/wydawnictwo-naukowe-pigonianum\/#\/schema\/logo\/image\/"},"sameAs":["https:\/\/www.facebook.com\/StudiaKrosno\/","https:\/\/www.instagram.com\/studia.krosno","https:\/\/pl.linkedin.com\/company\/pwsz-krosno","https:\/\/www.youtube.com\/user\/pwszkrosno\/","https:\/\/pl.wikipedia.org\/wiki\/Pa\u0144stwowa_Wy\u017csza_Szko\u0142a_Zawodowa_im._Stanis\u0142awa_Pigonia_w_Kro\u015bnie"]}]}},"_links":{"self":[{"href":"https:\/\/pans.krosno.pl\/wydawnictwo-naukowe-pigonianum\/wp-json\/wp\/v2\/pages\/114","targetHints":{"allow":["GET"]}}],"collection":[{"href":"https:\/\/pans.krosno.pl\/wydawnictwo-naukowe-pigonianum\/wp-json\/wp\/v2\/pages"}],"about":[{"href":"https:\/\/pans.krosno.pl\/wydawnictwo-naukowe-pigonianum\/wp-json\/wp\/v2\/types\/page"}],"author":[{"embeddable":true,"href":"https:\/\/pans.krosno.pl\/wydawnictwo-naukowe-pigonianum\/wp-json\/wp\/v2\/users\/27"}],"replies":[{"embeddable":true,"href":"https:\/\/pans.krosno.pl\/wydawnictwo-naukowe-pigonianum\/wp-json\/wp\/v2\/comments?post=114"}],"version-history":[{"count":13,"href":"https:\/\/pans.krosno.pl\/wydawnictwo-naukowe-pigonianum\/wp-json\/wp\/v2\/pages\/114\/revisions"}],"predecessor-version":[{"id":647,"href":"https:\/\/pans.krosno.pl\/wydawnictwo-naukowe-pigonianum\/wp-json\/wp\/v2\/pages\/114\/revisions\/647"}],"wp:attachment":[{"href":"https:\/\/pans.krosno.pl\/wydawnictwo-naukowe-pigonianum\/wp-json\/wp\/v2\/media?parent=114"}],"curies":[{"name":"wp","href":"https:\/\/api.w.org\/{rel}","templated":true}]}}