{"id":90,"date":"2020-03-23T08:54:11","date_gmt":"2020-03-23T07:54:11","guid":{"rendered":"https:\/\/pans.krosno.pl\/woebc\/?page_id=90"},"modified":"2026-01-23T11:34:13","modified_gmt":"2026-01-23T10:34:13","slug":"egzaminy","status":"publish","type":"page","link":"https:\/\/pans.krosno.pl\/woebc\/egzaminy\/","title":{"rendered":"Egzaminy"},"content":{"rendered":"\n<p>7 marca 2026 &#8211; egzamin B2 First .  Zapisy od 26 stycznia 2026<\/p>\n\n\n\n<p>Kolejna sesja w czerwcu: egzaminy B1 Preliminary, B2 First i C1 Advanced<\/p>\n\n\n\n<p> Je\u015bli i Ty marzysz o presti\u017cowym dyplomie j\u0119zykowym, b\u0119d\u0105cym przepustk\u0105 do interesuj\u0105cych mo\u017cliwo\u015bci, atrakcyjnych ofert pracy oraz rozwoju zawodowego, skontaktuj si\u0119 z nami telefonicznie:<\/p>\n\n\n\n<p>Academia Kursy J\u0119zyk\u00f3w Obcych 505 668 132 (pon-pt od 12:00 do 15:00) lub mailowo:&nbsp;<a href=\"mailto:joanna.krochmal@pans.krosno.pl\">joanna.krochmal@pans.krosno.pl<\/a> <\/p>\n\n\n\n<figure class=\"wp-block-image size-full\"><img loading=\"lazy\" decoding=\"async\" width=\"592\" height=\"395\" src=\"https:\/\/pans.krosno.pl\/woebc\/wp-content\/uploads\/sites\/39\/2025\/03\/cambridge.jpg\" alt=\"\" class=\"wp-image-1179\" srcset=\"https:\/\/pans.krosno.pl\/woebc\/wp-content\/uploads\/sites\/39\/2025\/03\/cambridge.jpg 592w, https:\/\/pans.krosno.pl\/woebc\/wp-content\/uploads\/sites\/39\/2025\/03\/cambridge-300x200.jpg 300w, https:\/\/pans.krosno.pl\/woebc\/wp-content\/uploads\/sites\/39\/2025\/03\/cambridge-580x387.jpg 580w\" sizes=\"auto, (max-width: 592px) 100vw, 592px\" \/><\/figure>\n\n\n\n<figure class=\"wp-block-image size-large is-resized\"><img decoding=\"async\" src=\"https:\/\/pans.krosno.pl\/woebc\/wp-content\/uploads\/sites\/39\/2020\/06\/cambridge.png\" alt=\"\" class=\"wp-image-197\" style=\"width:234px;height:156px\" \/><\/figure>\n\n\n\n<p><\/p>\n","protected":false},"excerpt":{"rendered":"<p>7 marca 2026 &#8211; egzamin B2 First . Zapisy od 26 stycznia 2026 Kolejna sesja w czerwcu: egzaminy B1 Preliminary, B2 First i C1 Advanced Je\u015bli i Ty marzysz o presti\u017cowym dyplomie j\u0119zykowym, b\u0119d\u0105cym przepustk\u0105 do interesuj\u0105cych mo\u017cliwo\u015bci, atrakcyjnych ofert pracy oraz rozwoju zawodowego, skontaktuj si\u0119 z nami telefonicznie: Academia [\u2026] <\/p>\n<div class=\"clear\"><\/div>\n<p><a class=\"more_link clearfix\" href=\"https:\/\/pans.krosno.pl\/woebc\/egzaminy\/\" rel=\"nofollow\">Read More<\/a><\/p>\n","protected":false},"author":1,"featured_media":0,"parent":0,"menu_order":0,"comment_status":"closed","ping_status":"closed","template":"page-templates\/template-full-width.php","meta":{"ngg_post_thumbnail":0,"footnotes":""},"class_list":["post-90","page","type-page","status-publish","hentry"],"yoast_head":"<!-- This site is optimized with the Yoast SEO Premium plugin v27.4 (Yoast SEO v27.4) - https:\/\/yoast.com\/product\/yoast-seo-premium-wordpress\/ -->\n<title>Egzaminy - Wewn\u0119trzny O\u015brodek Egzaminacyjny British Council PANS w Kro\u015bnie<\/title>\n<meta name=\"description\" content=\"Zaplanowane na maj i czerwiec 2020 roku sesje egzaminacyjne YLE, PET i FCE zosta\u0142y odwo\u0142ane ze wzgl\u0119du na epidemi\u0119. O nowych terminach poinformujemy wkr\u00f3tce.\" \/>\n<meta name=\"robots\" content=\"index, follow, max-snippet:-1, max-image-preview:large, max-video-preview:-1\" \/>\n<link rel=\"canonical\" href=\"https:\/\/pans.krosno.pl\/woebc\/egzaminy\/\" \/>\n<meta property=\"og:locale\" content=\"pl_PL\" \/>\n<meta property=\"og:type\" content=\"article\" \/>\n<meta property=\"og:title\" content=\"Egzaminy\" \/>\n<meta property=\"og:description\" content=\"Zaplanowane na maj i czerwiec 2020 roku sesje egzaminacyjne YLE, PET i FCE zosta\u0142y odwo\u0142ane ze wzgl\u0119du na epidemi\u0119. O nowych terminach poinformujemy wkr\u00f3tce.\" \/>\n<meta property=\"og:url\" content=\"https:\/\/pans.krosno.pl\/woebc\/egzaminy\/\" \/>\n<meta property=\"og:site_name\" content=\"Wewn\u0119trzny O\u015brodek Egzaminacyjny British Council PANS w Kro\u015bnie\" \/>\n<meta property=\"article:modified_time\" content=\"2026-01-23T10:34:13+00:00\" \/>\n<meta property=\"og:image\" content=\"https:\/\/pans.krosno.pl\/woebc\/wp-content\/uploads\/sites\/39\/2025\/03\/cambridge.jpg\" \/>\n\t<meta property=\"og:image:width\" content=\"592\" \/>\n\t<meta property=\"og:image:height\" content=\"395\" \/>\n\t<meta property=\"og:image:type\" content=\"image\/jpeg\" \/>\n<meta name=\"twitter:card\" content=\"summary_large_image\" \/>\n<meta name=\"twitter:label1\" content=\"Szacowany czas czytania\" \/>\n\t<meta name=\"twitter:data1\" content=\"1 minuta\" \/>\n<script type=\"application\/ld+json\" class=\"yoast-schema-graph\">{\"@context\":\"https:\\\/\\\/schema.org\",\"@graph\":[{\"@type\":\"WebPage\",\"@id\":\"https:\\\/\\\/pans.krosno.pl\\\/woebc\\\/egzaminy\\\/\",\"url\":\"https:\\\/\\\/pans.krosno.pl\\\/woebc\\\/egzaminy\\\/\",\"name\":\"Egzaminy - Wewn\u0119trzny O\u015brodek Egzaminacyjny British Council PANS w Kro\u015bnie\",\"isPartOf\":{\"@id\":\"https:\\\/\\\/pans.krosno.pl\\\/woebc\\\/#website\"},\"primaryImageOfPage\":{\"@id\":\"https:\\\/\\\/pans.krosno.pl\\\/woebc\\\/egzaminy\\\/#primaryimage\"},\"image\":{\"@id\":\"https:\\\/\\\/pans.krosno.pl\\\/woebc\\\/egzaminy\\\/#primaryimage\"},\"thumbnailUrl\":\"https:\\\/\\\/pans.krosno.pl\\\/woebc\\\/wp-content\\\/uploads\\\/sites\\\/39\\\/2025\\\/03\\\/cambridge.jpg\",\"datePublished\":\"2020-03-23T07:54:11+00:00\",\"dateModified\":\"2026-01-23T10:34:13+00:00\",\"description\":\"Zaplanowane na maj i czerwiec 2020 roku sesje egzaminacyjne YLE, PET i FCE zosta\u0142y odwo\u0142ane ze wzgl\u0119du na epidemi\u0119. O nowych terminach poinformujemy wkr\u00f3tce.\",\"breadcrumb\":{\"@id\":\"https:\\\/\\\/pans.krosno.pl\\\/woebc\\\/egzaminy\\\/#breadcrumb\"},\"inLanguage\":\"pl-PL\",\"potentialAction\":[{\"@type\":\"ReadAction\",\"target\":[\"https:\\\/\\\/pans.krosno.pl\\\/woebc\\\/egzaminy\\\/\"]}]},{\"@type\":\"ImageObject\",\"inLanguage\":\"pl-PL\",\"@id\":\"https:\\\/\\\/pans.krosno.pl\\\/woebc\\\/egzaminy\\\/#primaryimage\",\"url\":\"https:\\\/\\\/pans.krosno.pl\\\/woebc\\\/wp-content\\\/uploads\\\/sites\\\/39\\\/2025\\\/03\\\/cambridge.jpg\",\"contentUrl\":\"https:\\\/\\\/pans.krosno.pl\\\/woebc\\\/wp-content\\\/uploads\\\/sites\\\/39\\\/2025\\\/03\\\/cambridge.jpg\",\"width\":592,\"height\":395},{\"@type\":\"BreadcrumbList\",\"@id\":\"https:\\\/\\\/pans.krosno.pl\\\/woebc\\\/egzaminy\\\/#breadcrumb\",\"itemListElement\":[{\"@type\":\"ListItem\",\"position\":1,\"name\":\"Strona g\u0142\u00f3wna\",\"item\":\"https:\\\/\\\/pans.krosno.pl\\\/woebc\\\/\"},{\"@type\":\"ListItem\",\"position\":2,\"name\":\"Egzaminy\"}]},{\"@type\":\"WebSite\",\"@id\":\"https:\\\/\\\/pans.krosno.pl\\\/woebc\\\/#website\",\"url\":\"https:\\\/\\\/pans.krosno.pl\\\/woebc\\\/\",\"name\":\"Wewn\u0119trzny O\u015brodek Egzaminacyjny British Council PANS w Kro\u015bnie\",\"description\":\"Wewn\u0119trzny O\u015brodek Egzaminacyjny British Counci - Pa\u0144stwowa Akademia Nauk Stosowanych\",\"publisher\":{\"@id\":\"https:\\\/\\\/pans.krosno.pl\\\/woebc\\\/#organization\"},\"potentialAction\":[{\"@type\":\"SearchAction\",\"target\":{\"@type\":\"EntryPoint\",\"urlTemplate\":\"https:\\\/\\\/pans.krosno.pl\\\/woebc\\\/?s={search_term_string}\"},\"query-input\":{\"@type\":\"PropertyValueSpecification\",\"valueRequired\":true,\"valueName\":\"search_term_string\"}}],\"inLanguage\":\"pl-PL\"},{\"@type\":\"Organization\",\"@id\":\"https:\\\/\\\/pans.krosno.pl\\\/woebc\\\/#organization\",\"name\":\"Wewn\u0119trzny O\u015brodek Egzaminacyjny British Council PANS w Kro\u015bnie\",\"url\":\"https:\\\/\\\/pans.krosno.pl\\\/woebc\\\/\",\"logo\":{\"@type\":\"ImageObject\",\"inLanguage\":\"pl-PL\",\"@id\":\"https:\\\/\\\/pans.krosno.pl\\\/woebc\\\/#\\\/schema\\\/logo\\\/image\\\/\",\"url\":\"https:\\\/\\\/pans.krosno.pl\\\/woebc\\\/wp-content\\\/uploads\\\/sites\\\/39\\\/2023\\\/01\\\/Logo-PANS-2022-pelne.png\",\"contentUrl\":\"https:\\\/\\\/pans.krosno.pl\\\/woebc\\\/wp-content\\\/uploads\\\/sites\\\/39\\\/2023\\\/01\\\/Logo-PANS-2022-pelne.png\",\"width\":3096,\"height\":696,\"caption\":\"Wewn\u0119trzny O\u015brodek Egzaminacyjny British Council PANS w Kro\u015bnie\"},\"image\":{\"@id\":\"https:\\\/\\\/pans.krosno.pl\\\/woebc\\\/#\\\/schema\\\/logo\\\/image\\\/\"}}]}<\/script>\n<!-- \/ Yoast SEO Premium plugin. -->","yoast_head_json":{"title":"Egzaminy - Wewn\u0119trzny O\u015brodek Egzaminacyjny British Council PANS w Kro\u015bnie","description":"Zaplanowane na maj i czerwiec 2020 roku sesje egzaminacyjne YLE, PET i FCE zosta\u0142y odwo\u0142ane ze wzgl\u0119du na epidemi\u0119. O nowych terminach poinformujemy wkr\u00f3tce.","robots":{"index":"index","follow":"follow","max-snippet":"max-snippet:-1","max-image-preview":"max-image-preview:large","max-video-preview":"max-video-preview:-1"},"canonical":"https:\/\/pans.krosno.pl\/woebc\/egzaminy\/","og_locale":"pl_PL","og_type":"article","og_title":"Egzaminy","og_description":"Zaplanowane na maj i czerwiec 2020 roku sesje egzaminacyjne YLE, PET i FCE zosta\u0142y odwo\u0142ane ze wzgl\u0119du na epidemi\u0119. O nowych terminach poinformujemy wkr\u00f3tce.","og_url":"https:\/\/pans.krosno.pl\/woebc\/egzaminy\/","og_site_name":"Wewn\u0119trzny O\u015brodek Egzaminacyjny British Council PANS w Kro\u015bnie","article_modified_time":"2026-01-23T10:34:13+00:00","og_image":[{"width":592,"height":395,"url":"https:\/\/pans.krosno.pl\/woebc\/wp-content\/uploads\/sites\/39\/2025\/03\/cambridge.jpg","type":"image\/jpeg"}],"twitter_card":"summary_large_image","twitter_misc":{"Szacowany czas czytania":"1 minuta"},"schema":{"@context":"https:\/\/schema.org","@graph":[{"@type":"WebPage","@id":"https:\/\/pans.krosno.pl\/woebc\/egzaminy\/","url":"https:\/\/pans.krosno.pl\/woebc\/egzaminy\/","name":"Egzaminy - Wewn\u0119trzny O\u015brodek Egzaminacyjny British Council PANS w Kro\u015bnie","isPartOf":{"@id":"https:\/\/pans.krosno.pl\/woebc\/#website"},"primaryImageOfPage":{"@id":"https:\/\/pans.krosno.pl\/woebc\/egzaminy\/#primaryimage"},"image":{"@id":"https:\/\/pans.krosno.pl\/woebc\/egzaminy\/#primaryimage"},"thumbnailUrl":"https:\/\/pans.krosno.pl\/woebc\/wp-content\/uploads\/sites\/39\/2025\/03\/cambridge.jpg","datePublished":"2020-03-23T07:54:11+00:00","dateModified":"2026-01-23T10:34:13+00:00","description":"Zaplanowane na maj i czerwiec 2020 roku sesje egzaminacyjne YLE, PET i FCE zosta\u0142y odwo\u0142ane ze wzgl\u0119du na epidemi\u0119. O nowych terminach poinformujemy wkr\u00f3tce.","breadcrumb":{"@id":"https:\/\/pans.krosno.pl\/woebc\/egzaminy\/#breadcrumb"},"inLanguage":"pl-PL","potentialAction":[{"@type":"ReadAction","target":["https:\/\/pans.krosno.pl\/woebc\/egzaminy\/"]}]},{"@type":"ImageObject","inLanguage":"pl-PL","@id":"https:\/\/pans.krosno.pl\/woebc\/egzaminy\/#primaryimage","url":"https:\/\/pans.krosno.pl\/woebc\/wp-content\/uploads\/sites\/39\/2025\/03\/cambridge.jpg","contentUrl":"https:\/\/pans.krosno.pl\/woebc\/wp-content\/uploads\/sites\/39\/2025\/03\/cambridge.jpg","width":592,"height":395},{"@type":"BreadcrumbList","@id":"https:\/\/pans.krosno.pl\/woebc\/egzaminy\/#breadcrumb","itemListElement":[{"@type":"ListItem","position":1,"name":"Strona g\u0142\u00f3wna","item":"https:\/\/pans.krosno.pl\/woebc\/"},{"@type":"ListItem","position":2,"name":"Egzaminy"}]},{"@type":"WebSite","@id":"https:\/\/pans.krosno.pl\/woebc\/#website","url":"https:\/\/pans.krosno.pl\/woebc\/","name":"Wewn\u0119trzny O\u015brodek Egzaminacyjny British Council PANS w Kro\u015bnie","description":"Wewn\u0119trzny O\u015brodek Egzaminacyjny British Counci - Pa\u0144stwowa Akademia Nauk Stosowanych","publisher":{"@id":"https:\/\/pans.krosno.pl\/woebc\/#organization"},"potentialAction":[{"@type":"SearchAction","target":{"@type":"EntryPoint","urlTemplate":"https:\/\/pans.krosno.pl\/woebc\/?s={search_term_string}"},"query-input":{"@type":"PropertyValueSpecification","valueRequired":true,"valueName":"search_term_string"}}],"inLanguage":"pl-PL"},{"@type":"Organization","@id":"https:\/\/pans.krosno.pl\/woebc\/#organization","name":"Wewn\u0119trzny O\u015brodek Egzaminacyjny British Council PANS w Kro\u015bnie","url":"https:\/\/pans.krosno.pl\/woebc\/","logo":{"@type":"ImageObject","inLanguage":"pl-PL","@id":"https:\/\/pans.krosno.pl\/woebc\/#\/schema\/logo\/image\/","url":"https:\/\/pans.krosno.pl\/woebc\/wp-content\/uploads\/sites\/39\/2023\/01\/Logo-PANS-2022-pelne.png","contentUrl":"https:\/\/pans.krosno.pl\/woebc\/wp-content\/uploads\/sites\/39\/2023\/01\/Logo-PANS-2022-pelne.png","width":3096,"height":696,"caption":"Wewn\u0119trzny O\u015brodek Egzaminacyjny British Council PANS w Kro\u015bnie"},"image":{"@id":"https:\/\/pans.krosno.pl\/woebc\/#\/schema\/logo\/image\/"}}]}},"_links":{"self":[{"href":"https:\/\/pans.krosno.pl\/woebc\/wp-json\/wp\/v2\/pages\/90","targetHints":{"allow":["GET"]}}],"collection":[{"href":"https:\/\/pans.krosno.pl\/woebc\/wp-json\/wp\/v2\/pages"}],"about":[{"href":"https:\/\/pans.krosno.pl\/woebc\/wp-json\/wp\/v2\/types\/page"}],"author":[{"embeddable":true,"href":"https:\/\/pans.krosno.pl\/woebc\/wp-json\/wp\/v2\/users\/1"}],"replies":[{"embeddable":true,"href":"https:\/\/pans.krosno.pl\/woebc\/wp-json\/wp\/v2\/comments?post=90"}],"version-history":[{"count":13,"href":"https:\/\/pans.krosno.pl\/woebc\/wp-json\/wp\/v2\/pages\/90\/revisions"}],"predecessor-version":[{"id":1213,"href":"https:\/\/pans.krosno.pl\/woebc\/wp-json\/wp\/v2\/pages\/90\/revisions\/1213"}],"wp:attachment":[{"href":"https:\/\/pans.krosno.pl\/woebc\/wp-json\/wp\/v2\/media?parent=90"}],"curies":[{"name":"wp","href":"https:\/\/api.w.org\/{rel}","templated":true}]}}