{"id":84,"date":"2020-03-23T08:50:57","date_gmt":"2020-03-23T07:50:57","guid":{"rendered":"https:\/\/pans.krosno.pl\/woebc\/?page_id=84"},"modified":"2020-07-15T18:32:17","modified_gmt":"2020-07-15T16:32:17","slug":"galeria","status":"publish","type":"page","link":"https:\/\/pans.krosno.pl\/woebc\/galeria\/","title":{"rendered":"Galeria"},"content":{"rendered":"\nngg_shortcode_0_placeholder\n","protected":false},"excerpt":{"rendered":"","protected":false},"author":1,"featured_media":0,"parent":0,"menu_order":0,"comment_status":"closed","ping_status":"closed","template":"page-templates\/template-full-width.php","meta":{"ngg_post_thumbnail":0,"footnotes":""},"class_list":["post-84","page","type-page","status-publish","hentry"],"yoast_head":"<!-- This site is optimized with the Yoast SEO Premium plugin v27.3 (Yoast SEO v27.3) - https:\/\/yoast.com\/product\/yoast-seo-premium-wordpress\/ -->\n<title>Galeria - Wewn\u0119trzny O\u015brodek Egzaminacyjny British Council PANS w Kro\u015bnie<\/title>\n<meta name=\"robots\" content=\"index, follow, max-snippet:-1, max-image-preview:large, max-video-preview:-1\" \/>\n<link rel=\"canonical\" href=\"https:\/\/pans.krosno.pl\/woebc\/galeria\/\" \/>\n<meta property=\"og:locale\" content=\"pl_PL\" \/>\n<meta property=\"og:type\" content=\"article\" \/>\n<meta property=\"og:title\" content=\"Galeria\" \/>\n<meta property=\"og:url\" content=\"https:\/\/pans.krosno.pl\/woebc\/galeria\/\" \/>\n<meta property=\"og:site_name\" content=\"Wewn\u0119trzny O\u015brodek Egzaminacyjny British Council PANS w Kro\u015bnie\" \/>\n<meta property=\"article:modified_time\" content=\"2020-07-15T16:32:17+00:00\" \/>\n<meta name=\"twitter:card\" content=\"summary_large_image\" \/>\n<script type=\"application\/ld+json\" class=\"yoast-schema-graph\">{\"@context\":\"https:\\\/\\\/schema.org\",\"@graph\":[{\"@type\":\"WebPage\",\"@id\":\"https:\\\/\\\/pans.krosno.pl\\\/woebc\\\/galeria\\\/\",\"url\":\"https:\\\/\\\/pans.krosno.pl\\\/woebc\\\/galeria\\\/\",\"name\":\"Galeria - Wewn\u0119trzny O\u015brodek Egzaminacyjny British Council PANS w Kro\u015bnie\",\"isPartOf\":{\"@id\":\"https:\\\/\\\/pans.krosno.pl\\\/woebc\\\/#website\"},\"datePublished\":\"2020-03-23T07:50:57+00:00\",\"dateModified\":\"2020-07-15T16:32:17+00:00\",\"breadcrumb\":{\"@id\":\"https:\\\/\\\/pans.krosno.pl\\\/woebc\\\/galeria\\\/#breadcrumb\"},\"inLanguage\":\"pl-PL\",\"potentialAction\":[{\"@type\":\"ReadAction\",\"target\":[\"https:\\\/\\\/pans.krosno.pl\\\/woebc\\\/galeria\\\/\"]}]},{\"@type\":\"BreadcrumbList\",\"@id\":\"https:\\\/\\\/pans.krosno.pl\\\/woebc\\\/galeria\\\/#breadcrumb\",\"itemListElement\":[{\"@type\":\"ListItem\",\"position\":1,\"name\":\"Strona g\u0142\u00f3wna\",\"item\":\"https:\\\/\\\/pans.krosno.pl\\\/woebc\\\/\"},{\"@type\":\"ListItem\",\"position\":2,\"name\":\"Galeria\"}]},{\"@type\":\"WebSite\",\"@id\":\"https:\\\/\\\/pans.krosno.pl\\\/woebc\\\/#website\",\"url\":\"https:\\\/\\\/pans.krosno.pl\\\/woebc\\\/\",\"name\":\"Wewn\u0119trzny O\u015brodek Egzaminacyjny British Council PANS w Kro\u015bnie\",\"description\":\"Wewn\u0119trzny O\u015brodek Egzaminacyjny British Counci - Pa\u0144stwowa Akademia Nauk Stosowanych\",\"publisher\":{\"@id\":\"https:\\\/\\\/pans.krosno.pl\\\/woebc\\\/#organization\"},\"potentialAction\":[{\"@type\":\"SearchAction\",\"target\":{\"@type\":\"EntryPoint\",\"urlTemplate\":\"https:\\\/\\\/pans.krosno.pl\\\/woebc\\\/?s={search_term_string}\"},\"query-input\":{\"@type\":\"PropertyValueSpecification\",\"valueRequired\":true,\"valueName\":\"search_term_string\"}}],\"inLanguage\":\"pl-PL\"},{\"@type\":\"Organization\",\"@id\":\"https:\\\/\\\/pans.krosno.pl\\\/woebc\\\/#organization\",\"name\":\"Wewn\u0119trzny O\u015brodek Egzaminacyjny British Council PANS w Kro\u015bnie\",\"url\":\"https:\\\/\\\/pans.krosno.pl\\\/woebc\\\/\",\"logo\":{\"@type\":\"ImageObject\",\"inLanguage\":\"pl-PL\",\"@id\":\"https:\\\/\\\/pans.krosno.pl\\\/woebc\\\/#\\\/schema\\\/logo\\\/image\\\/\",\"url\":\"https:\\\/\\\/pans.krosno.pl\\\/woebc\\\/wp-content\\\/uploads\\\/sites\\\/39\\\/2023\\\/01\\\/Logo-PANS-2022-pelne.png\",\"contentUrl\":\"https:\\\/\\\/pans.krosno.pl\\\/woebc\\\/wp-content\\\/uploads\\\/sites\\\/39\\\/2023\\\/01\\\/Logo-PANS-2022-pelne.png\",\"width\":3096,\"height\":696,\"caption\":\"Wewn\u0119trzny O\u015brodek Egzaminacyjny British Council PANS w Kro\u015bnie\"},\"image\":{\"@id\":\"https:\\\/\\\/pans.krosno.pl\\\/woebc\\\/#\\\/schema\\\/logo\\\/image\\\/\"}}]}<\/script>\n<!-- \/ Yoast SEO Premium plugin. -->","yoast_head_json":{"title":"Galeria - Wewn\u0119trzny O\u015brodek Egzaminacyjny British Council PANS w Kro\u015bnie","robots":{"index":"index","follow":"follow","max-snippet":"max-snippet:-1","max-image-preview":"max-image-preview:large","max-video-preview":"max-video-preview:-1"},"canonical":"https:\/\/pans.krosno.pl\/woebc\/galeria\/","og_locale":"pl_PL","og_type":"article","og_title":"Galeria","og_url":"https:\/\/pans.krosno.pl\/woebc\/galeria\/","og_site_name":"Wewn\u0119trzny O\u015brodek Egzaminacyjny British Council PANS w Kro\u015bnie","article_modified_time":"2020-07-15T16:32:17+00:00","twitter_card":"summary_large_image","schema":{"@context":"https:\/\/schema.org","@graph":[{"@type":"WebPage","@id":"https:\/\/pans.krosno.pl\/woebc\/galeria\/","url":"https:\/\/pans.krosno.pl\/woebc\/galeria\/","name":"Galeria - Wewn\u0119trzny O\u015brodek Egzaminacyjny British Council PANS w Kro\u015bnie","isPartOf":{"@id":"https:\/\/pans.krosno.pl\/woebc\/#website"},"datePublished":"2020-03-23T07:50:57+00:00","dateModified":"2020-07-15T16:32:17+00:00","breadcrumb":{"@id":"https:\/\/pans.krosno.pl\/woebc\/galeria\/#breadcrumb"},"inLanguage":"pl-PL","potentialAction":[{"@type":"ReadAction","target":["https:\/\/pans.krosno.pl\/woebc\/galeria\/"]}]},{"@type":"BreadcrumbList","@id":"https:\/\/pans.krosno.pl\/woebc\/galeria\/#breadcrumb","itemListElement":[{"@type":"ListItem","position":1,"name":"Strona g\u0142\u00f3wna","item":"https:\/\/pans.krosno.pl\/woebc\/"},{"@type":"ListItem","position":2,"name":"Galeria"}]},{"@type":"WebSite","@id":"https:\/\/pans.krosno.pl\/woebc\/#website","url":"https:\/\/pans.krosno.pl\/woebc\/","name":"Wewn\u0119trzny O\u015brodek Egzaminacyjny British Council PANS w Kro\u015bnie","description":"Wewn\u0119trzny O\u015brodek Egzaminacyjny British Counci - Pa\u0144stwowa Akademia Nauk Stosowanych","publisher":{"@id":"https:\/\/pans.krosno.pl\/woebc\/#organization"},"potentialAction":[{"@type":"SearchAction","target":{"@type":"EntryPoint","urlTemplate":"https:\/\/pans.krosno.pl\/woebc\/?s={search_term_string}"},"query-input":{"@type":"PropertyValueSpecification","valueRequired":true,"valueName":"search_term_string"}}],"inLanguage":"pl-PL"},{"@type":"Organization","@id":"https:\/\/pans.krosno.pl\/woebc\/#organization","name":"Wewn\u0119trzny O\u015brodek Egzaminacyjny British Council PANS w Kro\u015bnie","url":"https:\/\/pans.krosno.pl\/woebc\/","logo":{"@type":"ImageObject","inLanguage":"pl-PL","@id":"https:\/\/pans.krosno.pl\/woebc\/#\/schema\/logo\/image\/","url":"https:\/\/pans.krosno.pl\/woebc\/wp-content\/uploads\/sites\/39\/2023\/01\/Logo-PANS-2022-pelne.png","contentUrl":"https:\/\/pans.krosno.pl\/woebc\/wp-content\/uploads\/sites\/39\/2023\/01\/Logo-PANS-2022-pelne.png","width":3096,"height":696,"caption":"Wewn\u0119trzny O\u015brodek Egzaminacyjny British Council PANS w Kro\u015bnie"},"image":{"@id":"https:\/\/pans.krosno.pl\/woebc\/#\/schema\/logo\/image\/"}}]}},"_links":{"self":[{"href":"https:\/\/pans.krosno.pl\/woebc\/wp-json\/wp\/v2\/pages\/84","targetHints":{"allow":["GET"]}}],"collection":[{"href":"https:\/\/pans.krosno.pl\/woebc\/wp-json\/wp\/v2\/pages"}],"about":[{"href":"https:\/\/pans.krosno.pl\/woebc\/wp-json\/wp\/v2\/types\/page"}],"author":[{"embeddable":true,"href":"https:\/\/pans.krosno.pl\/woebc\/wp-json\/wp\/v2\/users\/1"}],"replies":[{"embeddable":true,"href":"https:\/\/pans.krosno.pl\/woebc\/wp-json\/wp\/v2\/comments?post=84"}],"version-history":[{"count":3,"href":"https:\/\/pans.krosno.pl\/woebc\/wp-json\/wp\/v2\/pages\/84\/revisions"}],"predecessor-version":[{"id":341,"href":"https:\/\/pans.krosno.pl\/woebc\/wp-json\/wp\/v2\/pages\/84\/revisions\/341"}],"wp:attachment":[{"href":"https:\/\/pans.krosno.pl\/woebc\/wp-json\/wp\/v2\/media?parent=84"}],"curies":[{"name":"wp","href":"https:\/\/api.w.org\/{rel}","templated":true}]}}