{"id":34,"date":"2020-03-11T13:22:29","date_gmt":"2020-03-11T12:22:29","guid":{"rendered":"https:\/\/pans.krosno.pl\/woebc\/?page_id=34"},"modified":"2024-10-30T19:34:01","modified_gmt":"2024-10-30T18:34:01","slug":"egzamin-probny","status":"publish","type":"page","link":"https:\/\/pans.krosno.pl\/woebc\/egzamin-probny\/","title":{"rendered":"Egzaminy pr\u00f3bne"},"content":{"rendered":"\n<p>Pretesting B1 Preliminary &#8211; 8 listopada 2024 godz. 9:00, ul. Kazimierza Wielkiego 8<\/p>\n\n\n\n<figure class=\"wp-block-image size-large\"><img decoding=\"async\" src=\"https:\/\/pans.krosno.pl\/woebc\/wp-content\/uploads\/sites\/39\/2020\/06\/cambridge.png\" alt=\"\" class=\"wp-image-197\" \/><\/figure>\n","protected":false},"excerpt":{"rendered":"<p>Pretesting B1 Preliminary &#8211; 8 listopada 2024 godz. 9:00, ul. Kazimierza Wielkiego 8<\/p>\n","protected":false},"author":1,"featured_media":0,"parent":0,"menu_order":0,"comment_status":"closed","ping_status":"closed","template":"page-templates\/template-full-width.php","meta":{"ngg_post_thumbnail":0,"footnotes":""},"class_list":["post-34","page","type-page","status-publish","hentry"],"yoast_head":"<!-- This site is optimized with the Yoast SEO Premium plugin v27.4 (Yoast SEO v27.4) - https:\/\/yoast.com\/product\/yoast-seo-premium-wordpress\/ -->\n<title>Egzaminy pr\u00f3bne - Wewn\u0119trzny O\u015brodek Egzaminacyjny British Council PANS w Kro\u015bnie<\/title>\n<meta name=\"description\" content=\"Pr\u00f3bne sesje egzaminacyjne odbywaj\u0105 si\u0119 kilkana\u015bcie tygodni przed egzaminami w\u0142a\u015bciwymi. O nowych terminach poinformujemy wkr\u00f3tce.\" \/>\n<meta name=\"robots\" content=\"index, follow, max-snippet:-1, max-image-preview:large, max-video-preview:-1\" \/>\n<link rel=\"canonical\" href=\"https:\/\/pans.krosno.pl\/woebc\/egzamin-probny\/\" \/>\n<meta property=\"og:locale\" content=\"pl_PL\" \/>\n<meta property=\"og:type\" content=\"article\" \/>\n<meta property=\"og:title\" content=\"Egzaminy pr\u00f3bne\" \/>\n<meta property=\"og:description\" content=\"Pr\u00f3bne sesje egzaminacyjne odbywaj\u0105 si\u0119 kilkana\u015bcie tygodni przed egzaminami w\u0142a\u015bciwymi. O nowych terminach poinformujemy wkr\u00f3tce.\" \/>\n<meta property=\"og:url\" content=\"https:\/\/pans.krosno.pl\/woebc\/egzamin-probny\/\" \/>\n<meta property=\"og:site_name\" content=\"Wewn\u0119trzny O\u015brodek Egzaminacyjny British Council PANS w Kro\u015bnie\" \/>\n<meta property=\"article:modified_time\" content=\"2024-10-30T18:34:01+00:00\" \/>\n<meta property=\"og:image\" content=\"https:\/\/pans.krosno.pl\/woebc\/wp-content\/uploads\/sites\/39\/2020\/06\/cambridge-e1592516976669.png\" \/>\n\t<meta property=\"og:image:width\" content=\"200\" \/>\n\t<meta property=\"og:image:height\" content=\"133\" \/>\n\t<meta property=\"og:image:type\" content=\"image\/png\" \/>\n<meta name=\"twitter:card\" content=\"summary_large_image\" \/>\n<meta name=\"twitter:label1\" content=\"Szacowany czas czytania\" \/>\n\t<meta name=\"twitter:data1\" content=\"1 minuta\" \/>\n<script type=\"application\/ld+json\" class=\"yoast-schema-graph\">{\"@context\":\"https:\\\/\\\/schema.org\",\"@graph\":[{\"@type\":\"WebPage\",\"@id\":\"https:\\\/\\\/pans.krosno.pl\\\/woebc\\\/egzamin-probny\\\/\",\"url\":\"https:\\\/\\\/pans.krosno.pl\\\/woebc\\\/egzamin-probny\\\/\",\"name\":\"Egzaminy pr\u00f3bne - Wewn\u0119trzny O\u015brodek Egzaminacyjny British Council PANS w Kro\u015bnie\",\"isPartOf\":{\"@id\":\"https:\\\/\\\/pans.krosno.pl\\\/woebc\\\/#website\"},\"primaryImageOfPage\":{\"@id\":\"https:\\\/\\\/pans.krosno.pl\\\/woebc\\\/egzamin-probny\\\/#primaryimage\"},\"image\":{\"@id\":\"https:\\\/\\\/pans.krosno.pl\\\/woebc\\\/egzamin-probny\\\/#primaryimage\"},\"thumbnailUrl\":\"https:\\\/\\\/pans.krosno.pl\\\/woebc\\\/wp-content\\\/uploads\\\/sites\\\/39\\\/2020\\\/06\\\/cambridge.png\",\"datePublished\":\"2020-03-11T12:22:29+00:00\",\"dateModified\":\"2024-10-30T18:34:01+00:00\",\"description\":\"Pr\u00f3bne sesje egzaminacyjne odbywaj\u0105 si\u0119 kilkana\u015bcie tygodni przed egzaminami w\u0142a\u015bciwymi. O nowych terminach poinformujemy wkr\u00f3tce.\",\"breadcrumb\":{\"@id\":\"https:\\\/\\\/pans.krosno.pl\\\/woebc\\\/egzamin-probny\\\/#breadcrumb\"},\"inLanguage\":\"pl-PL\",\"potentialAction\":[{\"@type\":\"ReadAction\",\"target\":[\"https:\\\/\\\/pans.krosno.pl\\\/woebc\\\/egzamin-probny\\\/\"]}]},{\"@type\":\"ImageObject\",\"inLanguage\":\"pl-PL\",\"@id\":\"https:\\\/\\\/pans.krosno.pl\\\/woebc\\\/egzamin-probny\\\/#primaryimage\",\"url\":\"https:\\\/\\\/pans.krosno.pl\\\/woebc\\\/wp-content\\\/uploads\\\/sites\\\/39\\\/2020\\\/06\\\/cambridge-e1592516976669.png\",\"contentUrl\":\"https:\\\/\\\/pans.krosno.pl\\\/woebc\\\/wp-content\\\/uploads\\\/sites\\\/39\\\/2020\\\/06\\\/cambridge-e1592516976669.png\",\"width\":200,\"height\":133},{\"@type\":\"BreadcrumbList\",\"@id\":\"https:\\\/\\\/pans.krosno.pl\\\/woebc\\\/egzamin-probny\\\/#breadcrumb\",\"itemListElement\":[{\"@type\":\"ListItem\",\"position\":1,\"name\":\"Strona g\u0142\u00f3wna\",\"item\":\"https:\\\/\\\/pans.krosno.pl\\\/woebc\\\/\"},{\"@type\":\"ListItem\",\"position\":2,\"name\":\"Egzaminy pr\u00f3bne\"}]},{\"@type\":\"WebSite\",\"@id\":\"https:\\\/\\\/pans.krosno.pl\\\/woebc\\\/#website\",\"url\":\"https:\\\/\\\/pans.krosno.pl\\\/woebc\\\/\",\"name\":\"Wewn\u0119trzny O\u015brodek Egzaminacyjny British Council PANS w Kro\u015bnie\",\"description\":\"Wewn\u0119trzny O\u015brodek Egzaminacyjny British Counci - Pa\u0144stwowa Akademia Nauk Stosowanych\",\"publisher\":{\"@id\":\"https:\\\/\\\/pans.krosno.pl\\\/woebc\\\/#organization\"},\"potentialAction\":[{\"@type\":\"SearchAction\",\"target\":{\"@type\":\"EntryPoint\",\"urlTemplate\":\"https:\\\/\\\/pans.krosno.pl\\\/woebc\\\/?s={search_term_string}\"},\"query-input\":{\"@type\":\"PropertyValueSpecification\",\"valueRequired\":true,\"valueName\":\"search_term_string\"}}],\"inLanguage\":\"pl-PL\"},{\"@type\":\"Organization\",\"@id\":\"https:\\\/\\\/pans.krosno.pl\\\/woebc\\\/#organization\",\"name\":\"Wewn\u0119trzny O\u015brodek Egzaminacyjny British Council PANS w Kro\u015bnie\",\"url\":\"https:\\\/\\\/pans.krosno.pl\\\/woebc\\\/\",\"logo\":{\"@type\":\"ImageObject\",\"inLanguage\":\"pl-PL\",\"@id\":\"https:\\\/\\\/pans.krosno.pl\\\/woebc\\\/#\\\/schema\\\/logo\\\/image\\\/\",\"url\":\"https:\\\/\\\/pans.krosno.pl\\\/woebc\\\/wp-content\\\/uploads\\\/sites\\\/39\\\/2023\\\/01\\\/Logo-PANS-2022-pelne.png\",\"contentUrl\":\"https:\\\/\\\/pans.krosno.pl\\\/woebc\\\/wp-content\\\/uploads\\\/sites\\\/39\\\/2023\\\/01\\\/Logo-PANS-2022-pelne.png\",\"width\":3096,\"height\":696,\"caption\":\"Wewn\u0119trzny O\u015brodek Egzaminacyjny British Council PANS w Kro\u015bnie\"},\"image\":{\"@id\":\"https:\\\/\\\/pans.krosno.pl\\\/woebc\\\/#\\\/schema\\\/logo\\\/image\\\/\"}}]}<\/script>\n<!-- \/ Yoast SEO Premium plugin. -->","yoast_head_json":{"title":"Egzaminy pr\u00f3bne - Wewn\u0119trzny O\u015brodek Egzaminacyjny British Council PANS w Kro\u015bnie","description":"Pr\u00f3bne sesje egzaminacyjne odbywaj\u0105 si\u0119 kilkana\u015bcie tygodni przed egzaminami w\u0142a\u015bciwymi. O nowych terminach poinformujemy wkr\u00f3tce.","robots":{"index":"index","follow":"follow","max-snippet":"max-snippet:-1","max-image-preview":"max-image-preview:large","max-video-preview":"max-video-preview:-1"},"canonical":"https:\/\/pans.krosno.pl\/woebc\/egzamin-probny\/","og_locale":"pl_PL","og_type":"article","og_title":"Egzaminy pr\u00f3bne","og_description":"Pr\u00f3bne sesje egzaminacyjne odbywaj\u0105 si\u0119 kilkana\u015bcie tygodni przed egzaminami w\u0142a\u015bciwymi. O nowych terminach poinformujemy wkr\u00f3tce.","og_url":"https:\/\/pans.krosno.pl\/woebc\/egzamin-probny\/","og_site_name":"Wewn\u0119trzny O\u015brodek Egzaminacyjny British Council PANS w Kro\u015bnie","article_modified_time":"2024-10-30T18:34:01+00:00","og_image":[{"width":200,"height":133,"url":"https:\/\/pans.krosno.pl\/woebc\/wp-content\/uploads\/sites\/39\/2020\/06\/cambridge-e1592516976669.png","type":"image\/png"}],"twitter_card":"summary_large_image","twitter_misc":{"Szacowany czas czytania":"1 minuta"},"schema":{"@context":"https:\/\/schema.org","@graph":[{"@type":"WebPage","@id":"https:\/\/pans.krosno.pl\/woebc\/egzamin-probny\/","url":"https:\/\/pans.krosno.pl\/woebc\/egzamin-probny\/","name":"Egzaminy pr\u00f3bne - Wewn\u0119trzny O\u015brodek Egzaminacyjny British Council PANS w Kro\u015bnie","isPartOf":{"@id":"https:\/\/pans.krosno.pl\/woebc\/#website"},"primaryImageOfPage":{"@id":"https:\/\/pans.krosno.pl\/woebc\/egzamin-probny\/#primaryimage"},"image":{"@id":"https:\/\/pans.krosno.pl\/woebc\/egzamin-probny\/#primaryimage"},"thumbnailUrl":"https:\/\/pans.krosno.pl\/woebc\/wp-content\/uploads\/sites\/39\/2020\/06\/cambridge.png","datePublished":"2020-03-11T12:22:29+00:00","dateModified":"2024-10-30T18:34:01+00:00","description":"Pr\u00f3bne sesje egzaminacyjne odbywaj\u0105 si\u0119 kilkana\u015bcie tygodni przed egzaminami w\u0142a\u015bciwymi. O nowych terminach poinformujemy wkr\u00f3tce.","breadcrumb":{"@id":"https:\/\/pans.krosno.pl\/woebc\/egzamin-probny\/#breadcrumb"},"inLanguage":"pl-PL","potentialAction":[{"@type":"ReadAction","target":["https:\/\/pans.krosno.pl\/woebc\/egzamin-probny\/"]}]},{"@type":"ImageObject","inLanguage":"pl-PL","@id":"https:\/\/pans.krosno.pl\/woebc\/egzamin-probny\/#primaryimage","url":"https:\/\/pans.krosno.pl\/woebc\/wp-content\/uploads\/sites\/39\/2020\/06\/cambridge-e1592516976669.png","contentUrl":"https:\/\/pans.krosno.pl\/woebc\/wp-content\/uploads\/sites\/39\/2020\/06\/cambridge-e1592516976669.png","width":200,"height":133},{"@type":"BreadcrumbList","@id":"https:\/\/pans.krosno.pl\/woebc\/egzamin-probny\/#breadcrumb","itemListElement":[{"@type":"ListItem","position":1,"name":"Strona g\u0142\u00f3wna","item":"https:\/\/pans.krosno.pl\/woebc\/"},{"@type":"ListItem","position":2,"name":"Egzaminy pr\u00f3bne"}]},{"@type":"WebSite","@id":"https:\/\/pans.krosno.pl\/woebc\/#website","url":"https:\/\/pans.krosno.pl\/woebc\/","name":"Wewn\u0119trzny O\u015brodek Egzaminacyjny British Council PANS w Kro\u015bnie","description":"Wewn\u0119trzny O\u015brodek Egzaminacyjny British Counci - Pa\u0144stwowa Akademia Nauk Stosowanych","publisher":{"@id":"https:\/\/pans.krosno.pl\/woebc\/#organization"},"potentialAction":[{"@type":"SearchAction","target":{"@type":"EntryPoint","urlTemplate":"https:\/\/pans.krosno.pl\/woebc\/?s={search_term_string}"},"query-input":{"@type":"PropertyValueSpecification","valueRequired":true,"valueName":"search_term_string"}}],"inLanguage":"pl-PL"},{"@type":"Organization","@id":"https:\/\/pans.krosno.pl\/woebc\/#organization","name":"Wewn\u0119trzny O\u015brodek Egzaminacyjny British Council PANS w Kro\u015bnie","url":"https:\/\/pans.krosno.pl\/woebc\/","logo":{"@type":"ImageObject","inLanguage":"pl-PL","@id":"https:\/\/pans.krosno.pl\/woebc\/#\/schema\/logo\/image\/","url":"https:\/\/pans.krosno.pl\/woebc\/wp-content\/uploads\/sites\/39\/2023\/01\/Logo-PANS-2022-pelne.png","contentUrl":"https:\/\/pans.krosno.pl\/woebc\/wp-content\/uploads\/sites\/39\/2023\/01\/Logo-PANS-2022-pelne.png","width":3096,"height":696,"caption":"Wewn\u0119trzny O\u015brodek Egzaminacyjny British Council PANS w Kro\u015bnie"},"image":{"@id":"https:\/\/pans.krosno.pl\/woebc\/#\/schema\/logo\/image\/"}}]}},"_links":{"self":[{"href":"https:\/\/pans.krosno.pl\/woebc\/wp-json\/wp\/v2\/pages\/34","targetHints":{"allow":["GET"]}}],"collection":[{"href":"https:\/\/pans.krosno.pl\/woebc\/wp-json\/wp\/v2\/pages"}],"about":[{"href":"https:\/\/pans.krosno.pl\/woebc\/wp-json\/wp\/v2\/types\/page"}],"author":[{"embeddable":true,"href":"https:\/\/pans.krosno.pl\/woebc\/wp-json\/wp\/v2\/users\/1"}],"replies":[{"embeddable":true,"href":"https:\/\/pans.krosno.pl\/woebc\/wp-json\/wp\/v2\/comments?post=34"}],"version-history":[{"count":6,"href":"https:\/\/pans.krosno.pl\/woebc\/wp-json\/wp\/v2\/pages\/34\/revisions"}],"predecessor-version":[{"id":1154,"href":"https:\/\/pans.krosno.pl\/woebc\/wp-json\/wp\/v2\/pages\/34\/revisions\/1154"}],"wp:attachment":[{"href":"https:\/\/pans.krosno.pl\/woebc\/wp-json\/wp\/v2\/media?parent=34"}],"curies":[{"name":"wp","href":"https:\/\/api.w.org\/{rel}","templated":true}]}}