{"id":32,"date":"2020-03-11T13:22:29","date_gmt":"2020-03-11T12:22:29","guid":{"rendered":"https:\/\/pans.krosno.pl\/woebc\/?page_id=32"},"modified":"2025-05-22T11:49:53","modified_gmt":"2025-05-22T09:49:53","slug":"sesje-egzaminacyjne","status":"publish","type":"page","link":"https:\/\/pans.krosno.pl\/woebc\/sesje-egzaminacyjne\/","title":{"rendered":"O\u015brodek &#8211; charakterystyka"},"content":{"rendered":"<p><strong>Wewn\u0119trzny O\u015brodek Egzaminacyjny British Council przy PANS <\/strong><strong>w Kro\u015bnie<\/strong> &nbsp;dzia\u0142a od 2007 roku. W swojej ofercie ma egzaminy <em>Cambridge Qualifications<\/em> na wszystkich poziomach zaawansowania dla dzieci, m\u0142odzie\u017cy i doros\u0142ych. <a href=\"https:\/\/PANS.krosno.pl\/woebc\/sesje-egzaminacyjne\/\">Czytaj wi\u0119cej<\/a><\/p>\n\n\n<hr class=\"wp-block-separator has-css-opacity\" \/>\n\n\n<p>Wewn\u0119trzny O\u015brodek Egzaminacyjny<br>Studium J\u0119zyk\u00f3w Obcych przy PANS w Kro\u015bnie<br>38-400 Krosno, ul. Kazimierza Wielkiego 8, pok\u00f3j 23<\/p>\n<p>Informacja o egzaminach<br><strong>Poniedzia\u0142ek \u2013 pi\u0105tek: godz. 12.00 \u2013 15.00<\/strong><br>Tel. +48 505 668 132<br>E-mail: ce@pans.krosno.pl&nbsp; &nbsp;lub&nbsp;&nbsp;&nbsp; joanna.krochmal@pans.krosno.pl<\/p>\n\n\n<!--more-->\n<!--noteaser-->\n\n\n<p><strong>Wewn\u0119trzny O\u015brodek Egzaminacyjny British Council przy PANS<\/strong> <strong>w Kro\u015bnie<\/strong> &nbsp;dzia\u0142a od 2007 roku. W swojej ofercie ma egzaminy <em>Cambridge Qualifications<\/em> na wszystkich poziomach zaawansowania dla dzieci, m\u0142odzie\u017cy i doros\u0142ych. Egzaminy <em>Cambridge English<\/em> nale\u017c\u0105 do najpopularniejszych i powszechnie honorowanych a wydawane certyfikaty uznawane s\u0105 przez uniwersytety i pracodawc\u00f3w na ca\u0142ym \u015bwiecie jako potwierdzenie umiej\u0119tno\u015bci pos\u0142ugiwania si\u0119 j\u0119zykiem angielskim. W naszym O\u015brodku zdoby\u0142o je ju\u017c ponad 1000&nbsp; os\u00f3b.<\/p>\n<p>&nbsp;W maju 2019 roku PANS w Kro\u015bnie zosta\u0142a laureatem europejskiego konkursu pod patronatem Cambridge <em>Our Future Competition<\/em>. W styczniu 2020 roku zostali\u015bmy nagrodzeni na og\u00f3lnopolskiej gali w Ambasadzie Wielkiej Brytanii w Warszawie za najbardziej wyj\u0105tkow\u0105 kampani\u0119 marketingow\u0105 w 2019 roku. W lutym 2020 roku otrzymali\u015bmy wyr\u00f3\u017cnienie w konkursie zorganizowanym przez Cambridge English Assessment na najlepsze centrum przygotowuj\u0105ce kandydat\u00f3w do egzamin\u00f3w (<em>Best Preparation Centre Award)<\/em>.<\/p>","protected":false},"excerpt":{"rendered":"<p>Wewn\u0119trzny O\u015brodek Egzaminacyjny British Council przy PANS w Kro\u015bnie &nbsp;dzia\u0142a od 2007 roku. W swojej ofercie ma egzaminy Cambridge Qualifications na wszystkich poziomach zaawansowania dla dzieci, m\u0142odzie\u017cy i doros\u0142ych. Czytaj wi\u0119cej Wewn\u0119trzny O\u015brodek EgzaminacyjnyStudium J\u0119zyk\u00f3w Obcych przy PANS w Kro\u015bnie38-400 Krosno, ul. Kazimierza Wielkiego 8, pok\u00f3j 23 Informacja o egzaminachPoniedzia\u0142ek [\u2026] <\/p>\n<div class=\"clear\"><\/div>\n<p><a class=\"more_link clearfix\" href=\"https:\/\/pans.krosno.pl\/woebc\/sesje-egzaminacyjne\/\" rel=\"nofollow\">Read More<\/a><\/p>\n","protected":false},"author":1,"featured_media":1191,"parent":0,"menu_order":0,"comment_status":"closed","ping_status":"closed","template":"page-templates\/template-full-width.php","meta":{"ngg_post_thumbnail":0,"footnotes":""},"class_list":["post-32","page","type-page","status-publish","has-post-thumbnail","hentry"],"yoast_head":"<!-- This site is optimized with the Yoast SEO Premium plugin v27.3 (Yoast SEO v27.3) - https:\/\/yoast.com\/product\/yoast-seo-premium-wordpress\/ -->\n<title>O\u015brodek - charakterystyka - Wewn\u0119trzny O\u015brodek Egzaminacyjny British Council PANS w Kro\u015bnie<\/title>\n<meta name=\"description\" content=\"Wewn\u0119trzny O\u015brodek Egzaminacyjny British Council przy KPU w Kro\u015bnie \u00a0dzia\u0142a od 2007 roku. W swojej ofercie ma egzaminy Cambridge Qualifications\" \/>\n<meta name=\"robots\" content=\"index, follow, max-snippet:-1, max-image-preview:large, max-video-preview:-1\" \/>\n<link rel=\"canonical\" href=\"https:\/\/pans.krosno.pl\/woebc\/sesje-egzaminacyjne\/\" \/>\n<meta property=\"og:locale\" content=\"pl_PL\" \/>\n<meta property=\"og:type\" content=\"article\" \/>\n<meta property=\"og:title\" content=\"O\u015brodek - charakterystyka\" \/>\n<meta property=\"og:description\" content=\"Wewn\u0119trzny O\u015brodek Egzaminacyjny British Council przy KPU w Kro\u015bnie \u00a0dzia\u0142a od 2007 roku. W swojej ofercie ma egzaminy Cambridge Qualifications\" \/>\n<meta property=\"og:url\" content=\"https:\/\/pans.krosno.pl\/woebc\/sesje-egzaminacyjne\/\" \/>\n<meta property=\"og:site_name\" content=\"Wewn\u0119trzny O\u015brodek Egzaminacyjny British Council PANS w Kro\u015bnie\" \/>\n<meta property=\"article:modified_time\" content=\"2025-05-22T09:49:53+00:00\" \/>\n<meta property=\"og:image\" content=\"https:\/\/pans.krosno.pl\/woebc\/wp-content\/uploads\/sites\/39\/2025\/05\/122.jpg\" \/>\n\t<meta property=\"og:image:width\" content=\"2500\" \/>\n\t<meta property=\"og:image:height\" content=\"1667\" \/>\n\t<meta property=\"og:image:type\" content=\"image\/jpeg\" \/>\n<meta name=\"twitter:card\" content=\"summary_large_image\" \/>\n<meta name=\"twitter:label1\" content=\"Szacowany czas czytania\" \/>\n\t<meta name=\"twitter:data1\" content=\"2 minuty\" \/>\n<script type=\"application\/ld+json\" class=\"yoast-schema-graph\">{\"@context\":\"https:\\\/\\\/schema.org\",\"@graph\":[{\"@type\":\"WebPage\",\"@id\":\"https:\\\/\\\/pans.krosno.pl\\\/woebc\\\/sesje-egzaminacyjne\\\/\",\"url\":\"https:\\\/\\\/pans.krosno.pl\\\/woebc\\\/sesje-egzaminacyjne\\\/\",\"name\":\"O\u015brodek - charakterystyka - Wewn\u0119trzny O\u015brodek Egzaminacyjny British Council PANS w Kro\u015bnie\",\"isPartOf\":{\"@id\":\"https:\\\/\\\/pans.krosno.pl\\\/woebc\\\/#website\"},\"primaryImageOfPage\":{\"@id\":\"https:\\\/\\\/pans.krosno.pl\\\/woebc\\\/sesje-egzaminacyjne\\\/#primaryimage\"},\"image\":{\"@id\":\"https:\\\/\\\/pans.krosno.pl\\\/woebc\\\/sesje-egzaminacyjne\\\/#primaryimage\"},\"thumbnailUrl\":\"https:\\\/\\\/pans.krosno.pl\\\/woebc\\\/wp-content\\\/uploads\\\/sites\\\/39\\\/2025\\\/05\\\/122.jpg\",\"datePublished\":\"2020-03-11T12:22:29+00:00\",\"dateModified\":\"2025-05-22T09:49:53+00:00\",\"description\":\"Wewn\u0119trzny O\u015brodek Egzaminacyjny British Council przy KPU w Kro\u015bnie \u00a0dzia\u0142a od 2007 roku. W swojej ofercie ma egzaminy Cambridge Qualifications\",\"breadcrumb\":{\"@id\":\"https:\\\/\\\/pans.krosno.pl\\\/woebc\\\/sesje-egzaminacyjne\\\/#breadcrumb\"},\"inLanguage\":\"pl-PL\",\"potentialAction\":[{\"@type\":\"ReadAction\",\"target\":[\"https:\\\/\\\/pans.krosno.pl\\\/woebc\\\/sesje-egzaminacyjne\\\/\"]}]},{\"@type\":\"ImageObject\",\"inLanguage\":\"pl-PL\",\"@id\":\"https:\\\/\\\/pans.krosno.pl\\\/woebc\\\/sesje-egzaminacyjne\\\/#primaryimage\",\"url\":\"https:\\\/\\\/pans.krosno.pl\\\/woebc\\\/wp-content\\\/uploads\\\/sites\\\/39\\\/2025\\\/05\\\/122.jpg\",\"contentUrl\":\"https:\\\/\\\/pans.krosno.pl\\\/woebc\\\/wp-content\\\/uploads\\\/sites\\\/39\\\/2025\\\/05\\\/122.jpg\",\"width\":2500,\"height\":1667},{\"@type\":\"BreadcrumbList\",\"@id\":\"https:\\\/\\\/pans.krosno.pl\\\/woebc\\\/sesje-egzaminacyjne\\\/#breadcrumb\",\"itemListElement\":[{\"@type\":\"ListItem\",\"position\":1,\"name\":\"Strona g\u0142\u00f3wna\",\"item\":\"https:\\\/\\\/pans.krosno.pl\\\/woebc\\\/\"},{\"@type\":\"ListItem\",\"position\":2,\"name\":\"O\u015brodek &#8211; charakterystyka\"}]},{\"@type\":\"WebSite\",\"@id\":\"https:\\\/\\\/pans.krosno.pl\\\/woebc\\\/#website\",\"url\":\"https:\\\/\\\/pans.krosno.pl\\\/woebc\\\/\",\"name\":\"Wewn\u0119trzny O\u015brodek Egzaminacyjny British Council PANS w Kro\u015bnie\",\"description\":\"Wewn\u0119trzny O\u015brodek Egzaminacyjny British Counci - Pa\u0144stwowa Akademia Nauk Stosowanych\",\"publisher\":{\"@id\":\"https:\\\/\\\/pans.krosno.pl\\\/woebc\\\/#organization\"},\"potentialAction\":[{\"@type\":\"SearchAction\",\"target\":{\"@type\":\"EntryPoint\",\"urlTemplate\":\"https:\\\/\\\/pans.krosno.pl\\\/woebc\\\/?s={search_term_string}\"},\"query-input\":{\"@type\":\"PropertyValueSpecification\",\"valueRequired\":true,\"valueName\":\"search_term_string\"}}],\"inLanguage\":\"pl-PL\"},{\"@type\":\"Organization\",\"@id\":\"https:\\\/\\\/pans.krosno.pl\\\/woebc\\\/#organization\",\"name\":\"Wewn\u0119trzny O\u015brodek Egzaminacyjny British Council PANS w Kro\u015bnie\",\"url\":\"https:\\\/\\\/pans.krosno.pl\\\/woebc\\\/\",\"logo\":{\"@type\":\"ImageObject\",\"inLanguage\":\"pl-PL\",\"@id\":\"https:\\\/\\\/pans.krosno.pl\\\/woebc\\\/#\\\/schema\\\/logo\\\/image\\\/\",\"url\":\"https:\\\/\\\/pans.krosno.pl\\\/woebc\\\/wp-content\\\/uploads\\\/sites\\\/39\\\/2023\\\/01\\\/Logo-PANS-2022-pelne.png\",\"contentUrl\":\"https:\\\/\\\/pans.krosno.pl\\\/woebc\\\/wp-content\\\/uploads\\\/sites\\\/39\\\/2023\\\/01\\\/Logo-PANS-2022-pelne.png\",\"width\":3096,\"height\":696,\"caption\":\"Wewn\u0119trzny O\u015brodek Egzaminacyjny British Council PANS w Kro\u015bnie\"},\"image\":{\"@id\":\"https:\\\/\\\/pans.krosno.pl\\\/woebc\\\/#\\\/schema\\\/logo\\\/image\\\/\"}}]}<\/script>\n<!-- \/ Yoast SEO Premium plugin. -->","yoast_head_json":{"title":"O\u015brodek - charakterystyka - Wewn\u0119trzny O\u015brodek Egzaminacyjny British Council PANS w Kro\u015bnie","description":"Wewn\u0119trzny O\u015brodek Egzaminacyjny British Council przy KPU w Kro\u015bnie \u00a0dzia\u0142a od 2007 roku. W swojej ofercie ma egzaminy Cambridge Qualifications","robots":{"index":"index","follow":"follow","max-snippet":"max-snippet:-1","max-image-preview":"max-image-preview:large","max-video-preview":"max-video-preview:-1"},"canonical":"https:\/\/pans.krosno.pl\/woebc\/sesje-egzaminacyjne\/","og_locale":"pl_PL","og_type":"article","og_title":"O\u015brodek - charakterystyka","og_description":"Wewn\u0119trzny O\u015brodek Egzaminacyjny British Council przy KPU w Kro\u015bnie \u00a0dzia\u0142a od 2007 roku. W swojej ofercie ma egzaminy Cambridge Qualifications","og_url":"https:\/\/pans.krosno.pl\/woebc\/sesje-egzaminacyjne\/","og_site_name":"Wewn\u0119trzny O\u015brodek Egzaminacyjny British Council PANS w Kro\u015bnie","article_modified_time":"2025-05-22T09:49:53+00:00","og_image":[{"width":2500,"height":1667,"url":"https:\/\/pans.krosno.pl\/woebc\/wp-content\/uploads\/sites\/39\/2025\/05\/122.jpg","type":"image\/jpeg"}],"twitter_card":"summary_large_image","twitter_misc":{"Szacowany czas czytania":"2 minuty"},"schema":{"@context":"https:\/\/schema.org","@graph":[{"@type":"WebPage","@id":"https:\/\/pans.krosno.pl\/woebc\/sesje-egzaminacyjne\/","url":"https:\/\/pans.krosno.pl\/woebc\/sesje-egzaminacyjne\/","name":"O\u015brodek - charakterystyka - Wewn\u0119trzny O\u015brodek Egzaminacyjny British Council PANS w Kro\u015bnie","isPartOf":{"@id":"https:\/\/pans.krosno.pl\/woebc\/#website"},"primaryImageOfPage":{"@id":"https:\/\/pans.krosno.pl\/woebc\/sesje-egzaminacyjne\/#primaryimage"},"image":{"@id":"https:\/\/pans.krosno.pl\/woebc\/sesje-egzaminacyjne\/#primaryimage"},"thumbnailUrl":"https:\/\/pans.krosno.pl\/woebc\/wp-content\/uploads\/sites\/39\/2025\/05\/122.jpg","datePublished":"2020-03-11T12:22:29+00:00","dateModified":"2025-05-22T09:49:53+00:00","description":"Wewn\u0119trzny O\u015brodek Egzaminacyjny British Council przy KPU w Kro\u015bnie \u00a0dzia\u0142a od 2007 roku. W swojej ofercie ma egzaminy Cambridge Qualifications","breadcrumb":{"@id":"https:\/\/pans.krosno.pl\/woebc\/sesje-egzaminacyjne\/#breadcrumb"},"inLanguage":"pl-PL","potentialAction":[{"@type":"ReadAction","target":["https:\/\/pans.krosno.pl\/woebc\/sesje-egzaminacyjne\/"]}]},{"@type":"ImageObject","inLanguage":"pl-PL","@id":"https:\/\/pans.krosno.pl\/woebc\/sesje-egzaminacyjne\/#primaryimage","url":"https:\/\/pans.krosno.pl\/woebc\/wp-content\/uploads\/sites\/39\/2025\/05\/122.jpg","contentUrl":"https:\/\/pans.krosno.pl\/woebc\/wp-content\/uploads\/sites\/39\/2025\/05\/122.jpg","width":2500,"height":1667},{"@type":"BreadcrumbList","@id":"https:\/\/pans.krosno.pl\/woebc\/sesje-egzaminacyjne\/#breadcrumb","itemListElement":[{"@type":"ListItem","position":1,"name":"Strona g\u0142\u00f3wna","item":"https:\/\/pans.krosno.pl\/woebc\/"},{"@type":"ListItem","position":2,"name":"O\u015brodek &#8211; charakterystyka"}]},{"@type":"WebSite","@id":"https:\/\/pans.krosno.pl\/woebc\/#website","url":"https:\/\/pans.krosno.pl\/woebc\/","name":"Wewn\u0119trzny O\u015brodek Egzaminacyjny British Council PANS w Kro\u015bnie","description":"Wewn\u0119trzny O\u015brodek Egzaminacyjny British Counci - Pa\u0144stwowa Akademia Nauk Stosowanych","publisher":{"@id":"https:\/\/pans.krosno.pl\/woebc\/#organization"},"potentialAction":[{"@type":"SearchAction","target":{"@type":"EntryPoint","urlTemplate":"https:\/\/pans.krosno.pl\/woebc\/?s={search_term_string}"},"query-input":{"@type":"PropertyValueSpecification","valueRequired":true,"valueName":"search_term_string"}}],"inLanguage":"pl-PL"},{"@type":"Organization","@id":"https:\/\/pans.krosno.pl\/woebc\/#organization","name":"Wewn\u0119trzny O\u015brodek Egzaminacyjny British Council PANS w Kro\u015bnie","url":"https:\/\/pans.krosno.pl\/woebc\/","logo":{"@type":"ImageObject","inLanguage":"pl-PL","@id":"https:\/\/pans.krosno.pl\/woebc\/#\/schema\/logo\/image\/","url":"https:\/\/pans.krosno.pl\/woebc\/wp-content\/uploads\/sites\/39\/2023\/01\/Logo-PANS-2022-pelne.png","contentUrl":"https:\/\/pans.krosno.pl\/woebc\/wp-content\/uploads\/sites\/39\/2023\/01\/Logo-PANS-2022-pelne.png","width":3096,"height":696,"caption":"Wewn\u0119trzny O\u015brodek Egzaminacyjny British Council PANS w Kro\u015bnie"},"image":{"@id":"https:\/\/pans.krosno.pl\/woebc\/#\/schema\/logo\/image\/"}}]}},"_links":{"self":[{"href":"https:\/\/pans.krosno.pl\/woebc\/wp-json\/wp\/v2\/pages\/32","targetHints":{"allow":["GET"]}}],"collection":[{"href":"https:\/\/pans.krosno.pl\/woebc\/wp-json\/wp\/v2\/pages"}],"about":[{"href":"https:\/\/pans.krosno.pl\/woebc\/wp-json\/wp\/v2\/types\/page"}],"author":[{"embeddable":true,"href":"https:\/\/pans.krosno.pl\/woebc\/wp-json\/wp\/v2\/users\/1"}],"replies":[{"embeddable":true,"href":"https:\/\/pans.krosno.pl\/woebc\/wp-json\/wp\/v2\/comments?post=32"}],"version-history":[{"count":13,"href":"https:\/\/pans.krosno.pl\/woebc\/wp-json\/wp\/v2\/pages\/32\/revisions"}],"predecessor-version":[{"id":1177,"href":"https:\/\/pans.krosno.pl\/woebc\/wp-json\/wp\/v2\/pages\/32\/revisions\/1177"}],"wp:featuredmedia":[{"embeddable":true,"href":"https:\/\/pans.krosno.pl\/woebc\/wp-json\/wp\/v2\/media\/1191"}],"wp:attachment":[{"href":"https:\/\/pans.krosno.pl\/woebc\/wp-json\/wp\/v2\/media?parent=32"}],"curies":[{"name":"wp","href":"https:\/\/api.w.org\/{rel}","templated":true}]}}