{"id":28,"date":"2020-03-11T13:20:09","date_gmt":"2020-03-11T12:20:09","guid":{"rendered":"https:\/\/pans.krosno.pl\/woebc\/?page_id=28"},"modified":"2020-07-07T17:25:30","modified_gmt":"2020-07-07T15:25:30","slug":"cennik-egzaminow","status":"publish","type":"page","link":"https:\/\/pans.krosno.pl\/woebc\/cennik-egzaminow\/","title":{"rendered":"Cennik egzamin\u00f3w"},"content":{"rendered":"\n<figure class=\"wp-block-table is-style-stripes\"><table class=\"has-fixed-layout\"><tbody><tr><td><\/td><td>Cena standardowa<\/td><td>Cena rabatowa<\/td><\/tr><tr><td>Egzaminy dla dzieci<\/td><td><\/td><td>260 z\u0142<\/td><\/tr><tr><td>A2 Key <br>A2 Key for Schools <\/td><td>350  z\u0142 <\/td><td>320  z\u0142 <\/td><\/tr><tr><td>B1 Preliminary<br>B1 Preliminary or Schools <\/td><td>370  z\u0142 <\/td><td>335  z\u0142 <\/td><\/tr><tr><td>B2 First<br>B2 First Schools <\/td><td>625  z\u0142 <\/td><td>575  z\u0142 <\/td><\/tr><tr><td>C1 Advanced<\/td><td>645  z\u0142 <\/td><td>605  z\u0142 <\/td><\/tr><tr><td>C1 Advanced<\/td><td>700  z\u0142 <\/td><td>660  z\u0142 <\/td><\/tr><\/tbody><\/table><\/figure>\n","protected":false},"excerpt":{"rendered":"<p>Cena standardowa Cena rabatowa Egzaminy dla dzieci 260 z\u0142 A2 Key A2 Key for Schools 350 z\u0142 320 z\u0142 B1 PreliminaryB1 Preliminary or Schools 370 z\u0142 335 z\u0142 B2 FirstB2 First Schools 625 z\u0142 575 z\u0142 C1 Advanced 645 z\u0142 605 z\u0142 C1 Advanced 700 z\u0142 660 z\u0142<\/p>\n","protected":false},"author":1,"featured_media":0,"parent":0,"menu_order":0,"comment_status":"closed","ping_status":"closed","template":"page-templates\/template-full-width.php","meta":{"ngg_post_thumbnail":0,"footnotes":""},"class_list":["post-28","page","type-page","status-publish","hentry"],"yoast_head":"<!-- This site is optimized with the Yoast SEO Premium plugin v27.3 (Yoast SEO v27.3) - https:\/\/yoast.com\/product\/yoast-seo-premium-wordpress\/ -->\n<title>Cennik egzamin\u00f3w - Wewn\u0119trzny O\u015brodek Egzaminacyjny British Council PANS w Kro\u015bnie<\/title>\n<meta name=\"description\" content=\"KPU w Kro\u015bnie\" \/>\n<meta name=\"robots\" content=\"index, follow, max-snippet:-1, max-image-preview:large, max-video-preview:-1\" \/>\n<link rel=\"canonical\" href=\"https:\/\/pans.krosno.pl\/woebc\/cennik-egzaminow\/\" \/>\n<meta property=\"og:locale\" content=\"pl_PL\" \/>\n<meta property=\"og:type\" content=\"article\" \/>\n<meta property=\"og:title\" content=\"Cennik egzamin\u00f3w\" \/>\n<meta property=\"og:description\" content=\"KPU w Kro\u015bnie\" \/>\n<meta property=\"og:url\" content=\"https:\/\/pans.krosno.pl\/woebc\/cennik-egzaminow\/\" \/>\n<meta property=\"og:site_name\" content=\"Wewn\u0119trzny O\u015brodek Egzaminacyjny British Council PANS w Kro\u015bnie\" \/>\n<meta property=\"article:modified_time\" content=\"2020-07-07T15:25:30+00:00\" \/>\n<meta name=\"twitter:card\" content=\"summary_large_image\" \/>\n<script type=\"application\/ld+json\" class=\"yoast-schema-graph\">{\"@context\":\"https:\\\/\\\/schema.org\",\"@graph\":[{\"@type\":\"WebPage\",\"@id\":\"https:\\\/\\\/pans.krosno.pl\\\/woebc\\\/cennik-egzaminow\\\/\",\"url\":\"https:\\\/\\\/pans.krosno.pl\\\/woebc\\\/cennik-egzaminow\\\/\",\"name\":\"Cennik egzamin\u00f3w - Wewn\u0119trzny O\u015brodek Egzaminacyjny British Council PANS w Kro\u015bnie\",\"isPartOf\":{\"@id\":\"https:\\\/\\\/pans.krosno.pl\\\/woebc\\\/#website\"},\"datePublished\":\"2020-03-11T12:20:09+00:00\",\"dateModified\":\"2020-07-07T15:25:30+00:00\",\"description\":\"KPU w Kro\u015bnie\",\"breadcrumb\":{\"@id\":\"https:\\\/\\\/pans.krosno.pl\\\/woebc\\\/cennik-egzaminow\\\/#breadcrumb\"},\"inLanguage\":\"pl-PL\",\"potentialAction\":[{\"@type\":\"ReadAction\",\"target\":[\"https:\\\/\\\/pans.krosno.pl\\\/woebc\\\/cennik-egzaminow\\\/\"]}]},{\"@type\":\"BreadcrumbList\",\"@id\":\"https:\\\/\\\/pans.krosno.pl\\\/woebc\\\/cennik-egzaminow\\\/#breadcrumb\",\"itemListElement\":[{\"@type\":\"ListItem\",\"position\":1,\"name\":\"Strona g\u0142\u00f3wna\",\"item\":\"https:\\\/\\\/pans.krosno.pl\\\/woebc\\\/\"},{\"@type\":\"ListItem\",\"position\":2,\"name\":\"Cennik egzamin\u00f3w\"}]},{\"@type\":\"WebSite\",\"@id\":\"https:\\\/\\\/pans.krosno.pl\\\/woebc\\\/#website\",\"url\":\"https:\\\/\\\/pans.krosno.pl\\\/woebc\\\/\",\"name\":\"Wewn\u0119trzny O\u015brodek Egzaminacyjny British Council PANS w Kro\u015bnie\",\"description\":\"Wewn\u0119trzny O\u015brodek Egzaminacyjny British Counci - Pa\u0144stwowa Akademia Nauk Stosowanych\",\"publisher\":{\"@id\":\"https:\\\/\\\/pans.krosno.pl\\\/woebc\\\/#organization\"},\"potentialAction\":[{\"@type\":\"SearchAction\",\"target\":{\"@type\":\"EntryPoint\",\"urlTemplate\":\"https:\\\/\\\/pans.krosno.pl\\\/woebc\\\/?s={search_term_string}\"},\"query-input\":{\"@type\":\"PropertyValueSpecification\",\"valueRequired\":true,\"valueName\":\"search_term_string\"}}],\"inLanguage\":\"pl-PL\"},{\"@type\":\"Organization\",\"@id\":\"https:\\\/\\\/pans.krosno.pl\\\/woebc\\\/#organization\",\"name\":\"Wewn\u0119trzny O\u015brodek Egzaminacyjny British Council PANS w Kro\u015bnie\",\"url\":\"https:\\\/\\\/pans.krosno.pl\\\/woebc\\\/\",\"logo\":{\"@type\":\"ImageObject\",\"inLanguage\":\"pl-PL\",\"@id\":\"https:\\\/\\\/pans.krosno.pl\\\/woebc\\\/#\\\/schema\\\/logo\\\/image\\\/\",\"url\":\"https:\\\/\\\/pans.krosno.pl\\\/woebc\\\/wp-content\\\/uploads\\\/sites\\\/39\\\/2023\\\/01\\\/Logo-PANS-2022-pelne.png\",\"contentUrl\":\"https:\\\/\\\/pans.krosno.pl\\\/woebc\\\/wp-content\\\/uploads\\\/sites\\\/39\\\/2023\\\/01\\\/Logo-PANS-2022-pelne.png\",\"width\":3096,\"height\":696,\"caption\":\"Wewn\u0119trzny O\u015brodek Egzaminacyjny British Council PANS w Kro\u015bnie\"},\"image\":{\"@id\":\"https:\\\/\\\/pans.krosno.pl\\\/woebc\\\/#\\\/schema\\\/logo\\\/image\\\/\"}}]}<\/script>\n<!-- \/ Yoast SEO Premium plugin. -->","yoast_head_json":{"title":"Cennik egzamin\u00f3w - Wewn\u0119trzny O\u015brodek Egzaminacyjny British Council PANS w Kro\u015bnie","description":"KPU w Kro\u015bnie","robots":{"index":"index","follow":"follow","max-snippet":"max-snippet:-1","max-image-preview":"max-image-preview:large","max-video-preview":"max-video-preview:-1"},"canonical":"https:\/\/pans.krosno.pl\/woebc\/cennik-egzaminow\/","og_locale":"pl_PL","og_type":"article","og_title":"Cennik egzamin\u00f3w","og_description":"KPU w Kro\u015bnie","og_url":"https:\/\/pans.krosno.pl\/woebc\/cennik-egzaminow\/","og_site_name":"Wewn\u0119trzny O\u015brodek Egzaminacyjny British Council PANS w Kro\u015bnie","article_modified_time":"2020-07-07T15:25:30+00:00","twitter_card":"summary_large_image","schema":{"@context":"https:\/\/schema.org","@graph":[{"@type":"WebPage","@id":"https:\/\/pans.krosno.pl\/woebc\/cennik-egzaminow\/","url":"https:\/\/pans.krosno.pl\/woebc\/cennik-egzaminow\/","name":"Cennik egzamin\u00f3w - Wewn\u0119trzny O\u015brodek Egzaminacyjny British Council PANS w Kro\u015bnie","isPartOf":{"@id":"https:\/\/pans.krosno.pl\/woebc\/#website"},"datePublished":"2020-03-11T12:20:09+00:00","dateModified":"2020-07-07T15:25:30+00:00","description":"KPU w Kro\u015bnie","breadcrumb":{"@id":"https:\/\/pans.krosno.pl\/woebc\/cennik-egzaminow\/#breadcrumb"},"inLanguage":"pl-PL","potentialAction":[{"@type":"ReadAction","target":["https:\/\/pans.krosno.pl\/woebc\/cennik-egzaminow\/"]}]},{"@type":"BreadcrumbList","@id":"https:\/\/pans.krosno.pl\/woebc\/cennik-egzaminow\/#breadcrumb","itemListElement":[{"@type":"ListItem","position":1,"name":"Strona g\u0142\u00f3wna","item":"https:\/\/pans.krosno.pl\/woebc\/"},{"@type":"ListItem","position":2,"name":"Cennik egzamin\u00f3w"}]},{"@type":"WebSite","@id":"https:\/\/pans.krosno.pl\/woebc\/#website","url":"https:\/\/pans.krosno.pl\/woebc\/","name":"Wewn\u0119trzny O\u015brodek Egzaminacyjny British Council PANS w Kro\u015bnie","description":"Wewn\u0119trzny O\u015brodek Egzaminacyjny British Counci - Pa\u0144stwowa Akademia Nauk Stosowanych","publisher":{"@id":"https:\/\/pans.krosno.pl\/woebc\/#organization"},"potentialAction":[{"@type":"SearchAction","target":{"@type":"EntryPoint","urlTemplate":"https:\/\/pans.krosno.pl\/woebc\/?s={search_term_string}"},"query-input":{"@type":"PropertyValueSpecification","valueRequired":true,"valueName":"search_term_string"}}],"inLanguage":"pl-PL"},{"@type":"Organization","@id":"https:\/\/pans.krosno.pl\/woebc\/#organization","name":"Wewn\u0119trzny O\u015brodek Egzaminacyjny British Council PANS w Kro\u015bnie","url":"https:\/\/pans.krosno.pl\/woebc\/","logo":{"@type":"ImageObject","inLanguage":"pl-PL","@id":"https:\/\/pans.krosno.pl\/woebc\/#\/schema\/logo\/image\/","url":"https:\/\/pans.krosno.pl\/woebc\/wp-content\/uploads\/sites\/39\/2023\/01\/Logo-PANS-2022-pelne.png","contentUrl":"https:\/\/pans.krosno.pl\/woebc\/wp-content\/uploads\/sites\/39\/2023\/01\/Logo-PANS-2022-pelne.png","width":3096,"height":696,"caption":"Wewn\u0119trzny O\u015brodek Egzaminacyjny British Council PANS w Kro\u015bnie"},"image":{"@id":"https:\/\/pans.krosno.pl\/woebc\/#\/schema\/logo\/image\/"}}]}},"_links":{"self":[{"href":"https:\/\/pans.krosno.pl\/woebc\/wp-json\/wp\/v2\/pages\/28","targetHints":{"allow":["GET"]}}],"collection":[{"href":"https:\/\/pans.krosno.pl\/woebc\/wp-json\/wp\/v2\/pages"}],"about":[{"href":"https:\/\/pans.krosno.pl\/woebc\/wp-json\/wp\/v2\/types\/page"}],"author":[{"embeddable":true,"href":"https:\/\/pans.krosno.pl\/woebc\/wp-json\/wp\/v2\/users\/1"}],"replies":[{"embeddable":true,"href":"https:\/\/pans.krosno.pl\/woebc\/wp-json\/wp\/v2\/comments?post=28"}],"version-history":[{"count":3,"href":"https:\/\/pans.krosno.pl\/woebc\/wp-json\/wp\/v2\/pages\/28\/revisions"}],"predecessor-version":[{"id":60,"href":"https:\/\/pans.krosno.pl\/woebc\/wp-json\/wp\/v2\/pages\/28\/revisions\/60"}],"wp:attachment":[{"href":"https:\/\/pans.krosno.pl\/woebc\/wp-json\/wp\/v2\/media?parent=28"}],"curies":[{"name":"wp","href":"https:\/\/api.w.org\/{rel}","templated":true}]}}