{"id":19,"date":"2020-03-11T13:19:32","date_gmt":"2020-03-11T12:19:32","guid":{"rendered":"https:\/\/pans.krosno.pl\/woebc\/?page_id=19"},"modified":"2020-07-07T17:25:55","modified_gmt":"2020-07-07T15:25:55","slug":"egzaminy-dla-doroslych","status":"publish","type":"page","link":"https:\/\/pans.krosno.pl\/woebc\/egzaminy-dla-doroslych\/","title":{"rendered":"Egzaminy dla doros\u0142ych"},"content":{"rendered":"\n<figure class=\"wp-block-image size-large is-resized\"><img loading=\"lazy\" decoding=\"async\" src=\"https:\/\/pans.krosno.pl\/woebc\/wp-content\/uploads\/sites\/39\/2020\/06\/egzaminy4.jpg\" alt=\"\" class=\"wp-image-208\" width=\"549\" height=\"365\" srcset=\"https:\/\/pans.krosno.pl\/woebc\/wp-content\/uploads\/sites\/39\/2020\/06\/egzaminy4.jpg 960w, https:\/\/pans.krosno.pl\/woebc\/wp-content\/uploads\/sites\/39\/2020\/06\/egzaminy4-300x200.jpg 300w, https:\/\/pans.krosno.pl\/woebc\/wp-content\/uploads\/sites\/39\/2020\/06\/egzaminy4-768x512.jpg 768w, https:\/\/pans.krosno.pl\/woebc\/wp-content\/uploads\/sites\/39\/2020\/06\/egzaminy4-800x533.jpg 800w, https:\/\/pans.krosno.pl\/woebc\/wp-content\/uploads\/sites\/39\/2020\/06\/egzaminy4-580x387.jpg 580w\" sizes=\"auto, (max-width: 549px) 100vw, 549px\" \/><\/figure>\n\n\n<p><strong>A2 Key\u2013<\/strong> (poziom podstawowy A2)&nbsp;&nbsp;&nbsp;&nbsp;<\/p>\n<p>Osoba pos\u0142uguj\u0105ca si\u0119 j\u0119zykiem na tym poziomie rozumie wypowiedzi i cz\u0119sto u\u017cywane wyra\u017cenia w zakresie temat\u00f3w zwi\u0105zanych z \u017cyciem codziennym (s\u0105 to np. bardzo podstawowe informacje dotycz\u0105ce osoby rozm\u00f3wcy i jego rodziny, zakup\u00f3w, otoczenia, pracy). Potrafi porozumiewa\u0107 si\u0119 w rutynowych, prostych sytuacjach komunikacyjnych, wymagaj\u0105cych jedynie bezpo\u015bredniej wymiany zda\u0144 na tematy znane i typowe. Potrafi w prosty spos\u00f3b opisywa\u0107 swoje pochodzenie i otoczenie, w kt\u00f3rym \u017cyje, a tak\u017ce porusza\u0107 sprawy zwi\u0105zane z najwa\u017cniejszymi potrzebami \u017cycia codziennego. W wersji dla m\u0142odzie\u017cy teksty, nagrania, tematy wypowiedzi ustnych i pisemnych&nbsp; dotycz\u0105 reali\u00f3w \u017cycia nastolatk\u00f3w.<\/p>\n<p>Wi\u0119cej o egzaminie A2 Key na stronie <a href=\"https:\/\/www.cambridgeenglish.org\/pl\/exams-and-tests\/key\/\">CambridgeEnglish<\/a><\/p>\n<p><strong>B1 Preliminary&nbsp; <\/strong>(poziom ponadpodstawowy B1)&nbsp;&nbsp;&nbsp;&nbsp;<\/p>\n<p>Osoba pos\u0142uguj\u0105ca si\u0119 j\u0119zykiem na tym poziomie rozumie znaczenia g\u0142\u00f3wnych w\u0105tk\u00f3w przekazu zawartego w jasnych, standardowych wypowiedziach, kt\u00f3re dotycz\u0105 znanych jej spraw i zdarze\u0144 typowych dla pracy, szko\u0142y, czasu wolnego, itd. Potrafi radzi\u0107 sobie w wi\u0119kszo\u015bci sytuacji komunikacyjnych, kt\u00f3re mog\u0105 si\u0119 zdarzy\u0107 w czasie podr\u00f3\u017cy w regionie, gdzie m\u00f3wi si\u0119 danym j\u0119zykiem. Potrafi tworzy\u0107 proste, sp\u00f3jne wypowiedzi ustne lub pisemne na tematy, kt\u00f3re s\u0105 jej znane b\u0105d\u017a j\u0105 interesuj\u0105. Potrafi opisywa\u0107 do\u015bwiadczenia, zdarzenia, nadzieje, marzenia i zamierzenia, kr\u00f3tko uzasadniaj\u0105c swoje opinie i plany. W wersji dla m\u0142odzie\u017cy teksty, nagrania, tematy wypowiedzi ustnych i pisemnych&nbsp; dotycz\u0105 reali\u00f3w \u017cycia nastolatk\u00f3w<\/p>\n<p>Wi\u0119cej o egzaminie&nbsp; B1 Preliminary na stronie <a href=\"https:\/\/www.cambridgeenglish.org\/pl\/exams-and-tests\/preliminary\/\">CambridgeEnglish<\/a><\/p>\n<p><strong>B2 First&nbsp; <\/strong>(poziom \u015bredniozaawansowany B2)&nbsp;&nbsp;&nbsp;&nbsp;&nbsp;<\/p>\n<p>Osoba pos\u0142uguj\u0105ca si\u0119 j\u0119zykiem na tym poziomie rozumie znaczenie g\u0142\u00f3wnych w\u0105tk\u00f3w przekazu zawartego w z\u0142o\u017conych tekstach na tematy konkretne i abstrakcyjne. Potrafi porozumiewa\u0107 si\u0119 na tyle p\u0142ynnie i spontanicznie, by prowadzi\u0107 rozmow\u0119 z rodzimym u\u017cytkownikiem j\u0119zyka, nie powoduj\u0105c przy tym napi\u0119cia u kt\u00f3rejkolwiek ze stron. Potrafi formu\u0142owa\u0107 przejrzyste i szczeg\u00f3\u0142owe wypowiedzi ustne i pisemne w szerokim zakresie, a tak\u017ce wyja\u015bni\u0107 swoje stanowisko sprawach b\u0119d\u0105cych przedmiotem dyskusji, rozwa\u017caj\u0105c zalety i wady r\u00f3\u017cnych rozwi\u0105za\u0144. W wersji dla m\u0142odzie\u017cy teksty, nagrania, tematy wypowiedzi ustnych i pisemnych&nbsp; dotycz\u0105 reali\u00f3w \u017cycia nastolatk\u00f3w.<\/p>\n<p>Wi\u0119cej o egzaminie B2 First na stronie <a href=\"https:\/\/www.cambridgeenglish.org\/pl\/exams-and-tests\/first\/\">CambridgeEnglish&nbsp;<\/a><\/p>\n<p><strong>C1 Advanced <\/strong>(poziom zaawansowany C1)&nbsp;&nbsp;&nbsp;&nbsp;<\/p>\n<p>Osoba pos\u0142uguj\u0105ca si\u0119 j\u0119zykiem na tym poziomie rozumie szeroki zakres trudnych, d\u0142u\u017cszych tekst\u00f3w, dostrzegaj\u0105c tak\u017ce znaczenia ukryte, wyra\u017cone po\u015brednio. Potrafi si\u0119 wypowiada\u0107 p\u0142ynnie, spontanicznie, bez wi\u0119kszego trudu odnajduj\u0105c w\u0142a\u015bciwe sformu\u0142owania. Skutecznie i swobodnie potrafi pos\u0142ugiwa\u0107 si\u0119 j\u0119zykiem w kontaktach towarzyskich i spo\u0142ecznych, edukacyjnych b\u0105d\u017a zawodowych. Potrafi formu\u0142owa\u0107 jasne, dobrze zbudowane, szczeg\u00f3\u0142owe, dotycz\u0105ce z\u0142o\u017conych problem\u00f3w wypowiedzi ustne lub pisemne, sprawnie i w\u0142a\u015bciwie pos\u0142uguj\u0105c si\u0119 regu\u0142ami organizacji wypowiedzi, \u0142\u0105cznikami, wska\u017anikami zespolenia tekstu.<\/p>\n<p>Wi\u0119cej o egzaminie C1 Advanced na stronie <a href=\"https:\/\/www.cambridgeenglish.org\/pl\/exams-and-tests\/advanced\/\">CambridgeEnglish<\/a>&nbsp;<\/p>\n<p><strong>C2 Proficiency <\/strong>(poziom bieg\u0142o\u015bci C2)&nbsp;&nbsp;&nbsp;&nbsp;&nbsp;&nbsp;&nbsp;&nbsp;&nbsp;&nbsp;<\/p>\n<p>Osoba pos\u0142uguj\u0105ca si\u0119 j\u0119zykiem na tym poziomie mo\u017ce z \u0142atwo\u015bci\u0105 zrozumie\u0107 praktycznie wszystko, co us\u0142yszy lub przeczyta. Potrafi streszcza\u0107 informacje pochodz\u0105ce z r\u00f3\u017cnych \u017ar\u00f3de\u0142, pisanych lub m\u00f3wionych, w sp\u00f3jny spos\u00f3b odtwarza\u0107 zawarte w nich tezy i wyja\u015bnienia. Potrafi wyra\u017ca\u0107 swoje my\u015bli p\u0142ynnie, spontanicznie i precyzyjnie, subtelnie r\u00f3\u017cnicuj\u0105c odcienie znaczeniowe nawet w bardziej z\u0142o\u017conych wypowiedziach.<br>Wi\u0119cej o egzaminie C2 Advanced na stronie <a href=\"https:\/\/www.cambridgeenglish.org\/pl\/exams-and-tests\/proficiency\/\">CambridgeEnglish&nbsp;<\/a><\/p>\n<p><strong>&nbsp;&nbsp;&nbsp;&nbsp;&nbsp;&nbsp;&nbsp;&nbsp;&nbsp;&nbsp;&nbsp;&nbsp; Egzaminy <\/strong><strong>&nbsp;z j\u0119zyka angielskiego biznesowego <br><\/strong><\/p>\n<p><strong>B1 Business Preliminary <\/strong>&nbsp;&nbsp;&nbsp;&nbsp;<br><strong>B2 Business Vantage <\/strong>&nbsp;<br><strong>C1 Business Higher<\/strong> &nbsp;&nbsp;<\/p>\n<p>To trzy specjalistyczne egzaminy, kt\u00f3re sprawdzaj\u0105 znajomo\u015b\u0107 j\u0119zyka angielskiego z zakresu biznesu. Je\u017celi angielski potrzebny jest Ci w pracy lub zamierzasz przygotowa\u0107 si\u0119 do kariery w biznesie , to s\u0105 to egzaminy dla Ciebie. W dobie globalizacji, dobra znajomo\u015b\u0107 j\u0119zyka angielskiego jest niezb\u0119dna aby sprawnie porusza\u0107 si\u0119 w \u015bwiecie mi\u0119dzynarodowych interes\u00f3w i handlu. Certyfikat BEC daje Ci znacznie lepsz\u0105 pozycj\u0119 na rynku pracy, zar\u00f3wno w kraju jak i zagranic\u0105.<\/p>\n<p>Wi\u0119cej o egzaminach biznesowych na stronie <a href=\"https:\/\/www.cambridgeenglish.org\/pl\/exams-and-tests\/qualifications\/business\/\">CambridgeEnglish&nbsp;<\/a><\/p>\n\n\n<figure class=\"wp-block-image size-large is-resized\"><img loading=\"lazy\" decoding=\"async\" src=\"https:\/\/pans.krosno.pl\/woebc\/wp-content\/uploads\/sites\/39\/2020\/06\/egz13.jpg\" alt=\"\" class=\"wp-image-228\" width=\"517\" height=\"344\" srcset=\"https:\/\/pans.krosno.pl\/woebc\/wp-content\/uploads\/sites\/39\/2020\/06\/egz13.jpg 960w, https:\/\/pans.krosno.pl\/woebc\/wp-content\/uploads\/sites\/39\/2020\/06\/egz13-300x200.jpg 300w, https:\/\/pans.krosno.pl\/woebc\/wp-content\/uploads\/sites\/39\/2020\/06\/egz13-768x512.jpg 768w, https:\/\/pans.krosno.pl\/woebc\/wp-content\/uploads\/sites\/39\/2020\/06\/egz13-800x533.jpg 800w, https:\/\/pans.krosno.pl\/woebc\/wp-content\/uploads\/sites\/39\/2020\/06\/egz13-580x387.jpg 580w\" sizes=\"auto, (max-width: 517px) 100vw, 517px\" \/><\/figure>\n","protected":false},"excerpt":{"rendered":"<p>A2 Key\u2013 (poziom podstawowy A2)&nbsp;&nbsp;&nbsp;&nbsp; Osoba pos\u0142uguj\u0105ca si\u0119 j\u0119zykiem na tym poziomie rozumie wypowiedzi i cz\u0119sto u\u017cywane wyra\u017cenia w zakresie temat\u00f3w zwi\u0105zanych z \u017cyciem codziennym (s\u0105 to np. bardzo podstawowe informacje dotycz\u0105ce osoby rozm\u00f3wcy i jego rodziny, zakup\u00f3w, otoczenia, pracy). Potrafi porozumiewa\u0107 si\u0119 w rutynowych, prostych sytuacjach komunikacyjnych, wymagaj\u0105cych jedynie [\u2026] <\/p>\n<div class=\"clear\"><\/div>\n<p><a class=\"more_link clearfix\" href=\"https:\/\/pans.krosno.pl\/woebc\/egzaminy-dla-doroslych\/\" rel=\"nofollow\">Read More<\/a><\/p>\n","protected":false},"author":1,"featured_media":0,"parent":0,"menu_order":0,"comment_status":"closed","ping_status":"closed","template":"page-templates\/template-full-width.php","meta":{"ngg_post_thumbnail":0,"footnotes":""},"class_list":["post-19","page","type-page","status-publish","hentry"],"yoast_head":"<!-- This site is optimized with the Yoast SEO Premium plugin v27.4 (Yoast SEO v27.4) - https:\/\/yoast.com\/product\/yoast-seo-premium-wordpress\/ -->\n<title>Egzaminy dla doros\u0142ych - Wewn\u0119trzny O\u015brodek Egzaminacyjny British Council PANS w Kro\u015bnie<\/title>\n<meta name=\"description\" content=\"KPU w Kro\u015bnie\" \/>\n<meta name=\"robots\" content=\"index, follow, max-snippet:-1, max-image-preview:large, max-video-preview:-1\" \/>\n<link rel=\"canonical\" href=\"https:\/\/pans.krosno.pl\/woebc\/egzaminy-dla-doroslych\/\" \/>\n<meta property=\"og:locale\" content=\"pl_PL\" \/>\n<meta property=\"og:type\" content=\"article\" \/>\n<meta property=\"og:title\" content=\"Egzaminy dla doros\u0142ych\" \/>\n<meta property=\"og:description\" content=\"KPU w Kro\u015bnie\" \/>\n<meta property=\"og:url\" content=\"https:\/\/pans.krosno.pl\/woebc\/egzaminy-dla-doroslych\/\" \/>\n<meta property=\"og:site_name\" content=\"Wewn\u0119trzny O\u015brodek Egzaminacyjny British Council PANS w Kro\u015bnie\" \/>\n<meta property=\"article:modified_time\" content=\"2020-07-07T15:25:55+00:00\" \/>\n<meta property=\"og:image\" content=\"https:\/\/pans.krosno.pl\/woebc\/wp-content\/uploads\/sites\/39\/2020\/06\/egzaminy4.jpg\" \/>\n<meta name=\"twitter:card\" content=\"summary_large_image\" \/>\n<meta name=\"twitter:label1\" content=\"Szacowany czas czytania\" \/>\n\t<meta name=\"twitter:data1\" content=\"4 minuty\" \/>\n<script type=\"application\/ld+json\" class=\"yoast-schema-graph\">{\"@context\":\"https:\\\/\\\/schema.org\",\"@graph\":[{\"@type\":\"WebPage\",\"@id\":\"https:\\\/\\\/pans.krosno.pl\\\/woebc\\\/egzaminy-dla-doroslych\\\/\",\"url\":\"https:\\\/\\\/pans.krosno.pl\\\/woebc\\\/egzaminy-dla-doroslych\\\/\",\"name\":\"Egzaminy dla doros\u0142ych - Wewn\u0119trzny O\u015brodek Egzaminacyjny British Council PANS w Kro\u015bnie\",\"isPartOf\":{\"@id\":\"https:\\\/\\\/pans.krosno.pl\\\/woebc\\\/#website\"},\"primaryImageOfPage\":{\"@id\":\"https:\\\/\\\/pans.krosno.pl\\\/woebc\\\/egzaminy-dla-doroslych\\\/#primaryimage\"},\"image\":{\"@id\":\"https:\\\/\\\/pans.krosno.pl\\\/woebc\\\/egzaminy-dla-doroslych\\\/#primaryimage\"},\"thumbnailUrl\":\"https:\\\/\\\/pans.krosno.pl\\\/woebc\\\/wp-content\\\/uploads\\\/sites\\\/39\\\/2020\\\/06\\\/egzaminy4.jpg\",\"datePublished\":\"2020-03-11T12:19:32+00:00\",\"dateModified\":\"2020-07-07T15:25:55+00:00\",\"description\":\"KPU w Kro\u015bnie\",\"breadcrumb\":{\"@id\":\"https:\\\/\\\/pans.krosno.pl\\\/woebc\\\/egzaminy-dla-doroslych\\\/#breadcrumb\"},\"inLanguage\":\"pl-PL\",\"potentialAction\":[{\"@type\":\"ReadAction\",\"target\":[\"https:\\\/\\\/pans.krosno.pl\\\/woebc\\\/egzaminy-dla-doroslych\\\/\"]}]},{\"@type\":\"ImageObject\",\"inLanguage\":\"pl-PL\",\"@id\":\"https:\\\/\\\/pans.krosno.pl\\\/woebc\\\/egzaminy-dla-doroslych\\\/#primaryimage\",\"url\":\"https:\\\/\\\/pans.krosno.pl\\\/woebc\\\/wp-content\\\/uploads\\\/sites\\\/39\\\/2020\\\/06\\\/egzaminy4.jpg\",\"contentUrl\":\"https:\\\/\\\/pans.krosno.pl\\\/woebc\\\/wp-content\\\/uploads\\\/sites\\\/39\\\/2020\\\/06\\\/egzaminy4.jpg\",\"width\":960,\"height\":640},{\"@type\":\"BreadcrumbList\",\"@id\":\"https:\\\/\\\/pans.krosno.pl\\\/woebc\\\/egzaminy-dla-doroslych\\\/#breadcrumb\",\"itemListElement\":[{\"@type\":\"ListItem\",\"position\":1,\"name\":\"Strona g\u0142\u00f3wna\",\"item\":\"https:\\\/\\\/pans.krosno.pl\\\/woebc\\\/\"},{\"@type\":\"ListItem\",\"position\":2,\"name\":\"Egzaminy dla doros\u0142ych\"}]},{\"@type\":\"WebSite\",\"@id\":\"https:\\\/\\\/pans.krosno.pl\\\/woebc\\\/#website\",\"url\":\"https:\\\/\\\/pans.krosno.pl\\\/woebc\\\/\",\"name\":\"Wewn\u0119trzny O\u015brodek Egzaminacyjny British Council PANS w Kro\u015bnie\",\"description\":\"Wewn\u0119trzny O\u015brodek Egzaminacyjny British Counci - Pa\u0144stwowa Akademia Nauk Stosowanych\",\"publisher\":{\"@id\":\"https:\\\/\\\/pans.krosno.pl\\\/woebc\\\/#organization\"},\"potentialAction\":[{\"@type\":\"SearchAction\",\"target\":{\"@type\":\"EntryPoint\",\"urlTemplate\":\"https:\\\/\\\/pans.krosno.pl\\\/woebc\\\/?s={search_term_string}\"},\"query-input\":{\"@type\":\"PropertyValueSpecification\",\"valueRequired\":true,\"valueName\":\"search_term_string\"}}],\"inLanguage\":\"pl-PL\"},{\"@type\":\"Organization\",\"@id\":\"https:\\\/\\\/pans.krosno.pl\\\/woebc\\\/#organization\",\"name\":\"Wewn\u0119trzny O\u015brodek Egzaminacyjny British Council PANS w Kro\u015bnie\",\"url\":\"https:\\\/\\\/pans.krosno.pl\\\/woebc\\\/\",\"logo\":{\"@type\":\"ImageObject\",\"inLanguage\":\"pl-PL\",\"@id\":\"https:\\\/\\\/pans.krosno.pl\\\/woebc\\\/#\\\/schema\\\/logo\\\/image\\\/\",\"url\":\"https:\\\/\\\/pans.krosno.pl\\\/woebc\\\/wp-content\\\/uploads\\\/sites\\\/39\\\/2023\\\/01\\\/Logo-PANS-2022-pelne.png\",\"contentUrl\":\"https:\\\/\\\/pans.krosno.pl\\\/woebc\\\/wp-content\\\/uploads\\\/sites\\\/39\\\/2023\\\/01\\\/Logo-PANS-2022-pelne.png\",\"width\":3096,\"height\":696,\"caption\":\"Wewn\u0119trzny O\u015brodek Egzaminacyjny British Council PANS w Kro\u015bnie\"},\"image\":{\"@id\":\"https:\\\/\\\/pans.krosno.pl\\\/woebc\\\/#\\\/schema\\\/logo\\\/image\\\/\"}}]}<\/script>\n<!-- \/ Yoast SEO Premium plugin. -->","yoast_head_json":{"title":"Egzaminy dla doros\u0142ych - Wewn\u0119trzny O\u015brodek Egzaminacyjny British Council PANS w Kro\u015bnie","description":"KPU w Kro\u015bnie","robots":{"index":"index","follow":"follow","max-snippet":"max-snippet:-1","max-image-preview":"max-image-preview:large","max-video-preview":"max-video-preview:-1"},"canonical":"https:\/\/pans.krosno.pl\/woebc\/egzaminy-dla-doroslych\/","og_locale":"pl_PL","og_type":"article","og_title":"Egzaminy dla doros\u0142ych","og_description":"KPU w Kro\u015bnie","og_url":"https:\/\/pans.krosno.pl\/woebc\/egzaminy-dla-doroslych\/","og_site_name":"Wewn\u0119trzny O\u015brodek Egzaminacyjny British Council PANS w Kro\u015bnie","article_modified_time":"2020-07-07T15:25:55+00:00","og_image":[{"url":"https:\/\/pans.krosno.pl\/woebc\/wp-content\/uploads\/sites\/39\/2020\/06\/egzaminy4.jpg","type":"","width":"","height":""}],"twitter_card":"summary_large_image","twitter_misc":{"Szacowany czas czytania":"4 minuty"},"schema":{"@context":"https:\/\/schema.org","@graph":[{"@type":"WebPage","@id":"https:\/\/pans.krosno.pl\/woebc\/egzaminy-dla-doroslych\/","url":"https:\/\/pans.krosno.pl\/woebc\/egzaminy-dla-doroslych\/","name":"Egzaminy dla doros\u0142ych - Wewn\u0119trzny O\u015brodek Egzaminacyjny British Council PANS w Kro\u015bnie","isPartOf":{"@id":"https:\/\/pans.krosno.pl\/woebc\/#website"},"primaryImageOfPage":{"@id":"https:\/\/pans.krosno.pl\/woebc\/egzaminy-dla-doroslych\/#primaryimage"},"image":{"@id":"https:\/\/pans.krosno.pl\/woebc\/egzaminy-dla-doroslych\/#primaryimage"},"thumbnailUrl":"https:\/\/pans.krosno.pl\/woebc\/wp-content\/uploads\/sites\/39\/2020\/06\/egzaminy4.jpg","datePublished":"2020-03-11T12:19:32+00:00","dateModified":"2020-07-07T15:25:55+00:00","description":"KPU w Kro\u015bnie","breadcrumb":{"@id":"https:\/\/pans.krosno.pl\/woebc\/egzaminy-dla-doroslych\/#breadcrumb"},"inLanguage":"pl-PL","potentialAction":[{"@type":"ReadAction","target":["https:\/\/pans.krosno.pl\/woebc\/egzaminy-dla-doroslych\/"]}]},{"@type":"ImageObject","inLanguage":"pl-PL","@id":"https:\/\/pans.krosno.pl\/woebc\/egzaminy-dla-doroslych\/#primaryimage","url":"https:\/\/pans.krosno.pl\/woebc\/wp-content\/uploads\/sites\/39\/2020\/06\/egzaminy4.jpg","contentUrl":"https:\/\/pans.krosno.pl\/woebc\/wp-content\/uploads\/sites\/39\/2020\/06\/egzaminy4.jpg","width":960,"height":640},{"@type":"BreadcrumbList","@id":"https:\/\/pans.krosno.pl\/woebc\/egzaminy-dla-doroslych\/#breadcrumb","itemListElement":[{"@type":"ListItem","position":1,"name":"Strona g\u0142\u00f3wna","item":"https:\/\/pans.krosno.pl\/woebc\/"},{"@type":"ListItem","position":2,"name":"Egzaminy dla doros\u0142ych"}]},{"@type":"WebSite","@id":"https:\/\/pans.krosno.pl\/woebc\/#website","url":"https:\/\/pans.krosno.pl\/woebc\/","name":"Wewn\u0119trzny O\u015brodek Egzaminacyjny British Council PANS w Kro\u015bnie","description":"Wewn\u0119trzny O\u015brodek Egzaminacyjny British Counci - Pa\u0144stwowa Akademia Nauk Stosowanych","publisher":{"@id":"https:\/\/pans.krosno.pl\/woebc\/#organization"},"potentialAction":[{"@type":"SearchAction","target":{"@type":"EntryPoint","urlTemplate":"https:\/\/pans.krosno.pl\/woebc\/?s={search_term_string}"},"query-input":{"@type":"PropertyValueSpecification","valueRequired":true,"valueName":"search_term_string"}}],"inLanguage":"pl-PL"},{"@type":"Organization","@id":"https:\/\/pans.krosno.pl\/woebc\/#organization","name":"Wewn\u0119trzny O\u015brodek Egzaminacyjny British Council PANS w Kro\u015bnie","url":"https:\/\/pans.krosno.pl\/woebc\/","logo":{"@type":"ImageObject","inLanguage":"pl-PL","@id":"https:\/\/pans.krosno.pl\/woebc\/#\/schema\/logo\/image\/","url":"https:\/\/pans.krosno.pl\/woebc\/wp-content\/uploads\/sites\/39\/2023\/01\/Logo-PANS-2022-pelne.png","contentUrl":"https:\/\/pans.krosno.pl\/woebc\/wp-content\/uploads\/sites\/39\/2023\/01\/Logo-PANS-2022-pelne.png","width":3096,"height":696,"caption":"Wewn\u0119trzny O\u015brodek Egzaminacyjny British Council PANS w Kro\u015bnie"},"image":{"@id":"https:\/\/pans.krosno.pl\/woebc\/#\/schema\/logo\/image\/"}}]}},"_links":{"self":[{"href":"https:\/\/pans.krosno.pl\/woebc\/wp-json\/wp\/v2\/pages\/19","targetHints":{"allow":["GET"]}}],"collection":[{"href":"https:\/\/pans.krosno.pl\/woebc\/wp-json\/wp\/v2\/pages"}],"about":[{"href":"https:\/\/pans.krosno.pl\/woebc\/wp-json\/wp\/v2\/types\/page"}],"author":[{"embeddable":true,"href":"https:\/\/pans.krosno.pl\/woebc\/wp-json\/wp\/v2\/users\/1"}],"replies":[{"embeddable":true,"href":"https:\/\/pans.krosno.pl\/woebc\/wp-json\/wp\/v2\/comments?post=19"}],"version-history":[{"count":8,"href":"https:\/\/pans.krosno.pl\/woebc\/wp-json\/wp\/v2\/pages\/19\/revisions"}],"predecessor-version":[{"id":232,"href":"https:\/\/pans.krosno.pl\/woebc\/wp-json\/wp\/v2\/pages\/19\/revisions\/232"}],"wp:attachment":[{"href":"https:\/\/pans.krosno.pl\/woebc\/wp-json\/wp\/v2\/media?parent=19"}],"curies":[{"name":"wp","href":"https:\/\/api.w.org\/{rel}","templated":true}]}}