{"id":17,"date":"2020-03-11T13:19:32","date_gmt":"2020-03-11T12:19:32","guid":{"rendered":"https:\/\/pans.krosno.pl\/woebc\/?page_id=17"},"modified":"2020-07-07T17:26:40","modified_gmt":"2020-07-07T15:26:40","slug":"egzaminy-dla-mlodziezy-szkolnej","status":"publish","type":"page","link":"https:\/\/pans.krosno.pl\/woebc\/egzaminy-dla-mlodziezy-szkolnej\/","title":{"rendered":"Egzaminy dla m\u0142odzie\u017cy szkolnej"},"content":{"rendered":"\n<figure class=\"wp-block-image size-large is-resized\"><img loading=\"lazy\" decoding=\"async\" src=\"https:\/\/pans.krosno.pl\/woebc\/wp-content\/uploads\/sites\/39\/2020\/06\/exam11.jpg\" alt=\"\" class=\"wp-image-220\" width=\"502\" height=\"377\" srcset=\"https:\/\/pans.krosno.pl\/woebc\/wp-content\/uploads\/sites\/39\/2020\/06\/exam11.jpg 960w, https:\/\/pans.krosno.pl\/woebc\/wp-content\/uploads\/sites\/39\/2020\/06\/exam11-300x225.jpg 300w, https:\/\/pans.krosno.pl\/woebc\/wp-content\/uploads\/sites\/39\/2020\/06\/exam11-768x576.jpg 768w, https:\/\/pans.krosno.pl\/woebc\/wp-content\/uploads\/sites\/39\/2020\/06\/exam11-800x600.jpg 800w, https:\/\/pans.krosno.pl\/woebc\/wp-content\/uploads\/sites\/39\/2020\/06\/exam11-580x435.jpg 580w\" sizes=\"auto, (max-width: 502px) 100vw, 502px\" \/><\/figure>\n\n\n<p>&nbsp;&nbsp;&nbsp; <strong>A2 Key<\/strong> <strong>for Schools\u2013<\/strong> (poziom podstawowy A2)&nbsp;&nbsp;&nbsp;&nbsp;<\/p>\n<p>Osoba pos\u0142uguj\u0105ca si\u0119 j\u0119zykiem na tym poziomie rozumie wypowiedzi i cz\u0119sto u\u017cywane wyra\u017cenia w zakresie temat\u00f3w zwi\u0105zanych z \u017cyciem codziennym (s\u0105 to np. bardzo podstawowe informacje dotycz\u0105ce osoby rozm\u00f3wcy i jego rodziny, zakup\u00f3w, otoczenia, pracy). Potrafi porozumiewa\u0107 si\u0119 w rutynowych, prostych sytuacjach komunikacyjnych, wymagaj\u0105cych jedynie bezpo\u015bredniej wymiany zda\u0144 na tematy znane i typowe. Potrafi w prosty spos\u00f3b opisywa\u0107 swoje pochodzenie i otoczenie, w kt\u00f3rym \u017cyje, a tak\u017ce porusza\u0107 sprawy zwi\u0105zane z najwa\u017cniejszymi potrzebami \u017cycia codziennego. W wersji dla m\u0142odzie\u017cy teksty, nagrania, tematy wypowiedzi ustnych i pisemnych&nbsp; dotycz\u0105 reali\u00f3w \u017cycia nastolatk\u00f3w.<\/p>\n<p>Wi\u0119cej o egzaminie A2 Key for Schools na stronie <a href=\"https:\/\/www.cambridgeenglish.org\/pl\/exams-and-tests\/key-for-schools\/\">CambridgeEnglish<\/a><\/p>\n<p><strong>B1 Preliminary&nbsp; <\/strong>(poziom ponadpodstawowy B1)&nbsp;&nbsp;&nbsp;&nbsp;<\/p>\n<p>Osoba pos\u0142uguj\u0105ca si\u0119 j\u0119zykiem na tym poziomie rozumie znaczenia g\u0142\u00f3wnych w\u0105tk\u00f3w przekazu zawartego w jasnych, standardowych wypowiedziach, kt\u00f3re dotycz\u0105 znanych jej spraw i zdarze\u0144 typowych dla pracy, szko\u0142y, czasu wolnego, itd. Potrafi radzi\u0107 sobie w wi\u0119kszo\u015bci sytuacji komunikacyjnych, kt\u00f3re mog\u0105 si\u0119 zdarzy\u0107 w czasie podr\u00f3\u017cy w regionie, gdzie m\u00f3wi si\u0119 danym j\u0119zykiem. Potrafi tworzy\u0107 proste, sp\u00f3jne wypowiedzi ustne lub pisemne na tematy, kt\u00f3re s\u0105 jej znane b\u0105d\u017a j\u0105 interesuj\u0105. Potrafi opisywa\u0107 do\u015bwiadczenia, zdarzenia, nadzieje, marzenia i zamierzenia, kr\u00f3tko uzasadniaj\u0105c swoje opinie i plany. W wersji dla m\u0142odzie\u017cy teksty, nagrania, tematy wypowiedzi ustnych i pisemnych&nbsp; dotycz\u0105 reali\u00f3w \u017cycia nastolatk\u00f3w<\/p>\n<p>Wi\u0119cej o egzaminie &nbsp;B1 Preliminary for Schools na stronie <a href=\"https:\/\/www.cambridgeenglish.org\/pl\/exams-and-tests\/preliminary-for-schools\/\">CambridgeEnglish<\/a>&nbsp;<\/p>\n<p><strong>B2 First&nbsp; <\/strong>(poziom \u015bredniozaawansowany B2)&nbsp;&nbsp;&nbsp;&nbsp;&nbsp;<\/p>\n<p>Osoba pos\u0142uguj\u0105ca si\u0119 j\u0119zykiem na tym poziomie rozumie znaczenie g\u0142\u00f3wnych w\u0105tk\u00f3w przekazu zawartego w z\u0142o\u017conych tekstach na tematy konkretne i abstrakcyjne. Potrafi porozumiewa\u0107 si\u0119 na tyle p\u0142ynnie i spontanicznie, by prowadzi\u0107 rozmow\u0119 z rodzimym u\u017cytkownikiem j\u0119zyka, nie powoduj\u0105c przy tym napi\u0119cia u kt\u00f3rejkolwiek ze stron. Potrafi formu\u0142owa\u0107 przejrzyste i szczeg\u00f3\u0142owe wypowiedzi ustne i pisemne w szerokim zakresie, a tak\u017ce wyja\u015bni\u0107 swoje stanowisko sprawach b\u0119d\u0105cych przedmiotem dyskusji, rozwa\u017caj\u0105c zalety i wady r\u00f3\u017cnych rozwi\u0105za\u0144. W wersji dla m\u0142odzie\u017cy teksty, nagrania, tematy wypowiedzi ustnych i pisemnych&nbsp; dotycz\u0105 reali\u00f3w \u017cycia nastolatk\u00f3w.<\/p>\n<p>Wi\u0119cej o egzaminie First for Schools na stronie <a href=\"https:\/\/www.cambridgeenglish.org\/pl\/exams-and-tests\/first-for-schools\/\">CambridgeEnglish<\/a><\/p>\n\n\n<div class=\"wp-block-image\"><figure class=\"aligncenter size-large is-resized\"><img loading=\"lazy\" decoding=\"async\" src=\"https:\/\/pans.krosno.pl\/woebc\/wp-content\/uploads\/sites\/39\/2020\/06\/egz12.jpg\" alt=\"\" class=\"wp-image-229\" width=\"563\" height=\"376\" srcset=\"https:\/\/pans.krosno.pl\/woebc\/wp-content\/uploads\/sites\/39\/2020\/06\/egz12.jpg 958w, https:\/\/pans.krosno.pl\/woebc\/wp-content\/uploads\/sites\/39\/2020\/06\/egz12-300x200.jpg 300w, https:\/\/pans.krosno.pl\/woebc\/wp-content\/uploads\/sites\/39\/2020\/06\/egz12-768x513.jpg 768w, https:\/\/pans.krosno.pl\/woebc\/wp-content\/uploads\/sites\/39\/2020\/06\/egz12-800x534.jpg 800w, https:\/\/pans.krosno.pl\/woebc\/wp-content\/uploads\/sites\/39\/2020\/06\/egz12-580x387.jpg 580w\" sizes=\"auto, (max-width: 563px) 100vw, 563px\" \/><\/figure><\/div>\n","protected":false},"excerpt":{"rendered":"<p>&nbsp;&nbsp;&nbsp; A2 Key for Schools\u2013 (poziom podstawowy A2)&nbsp;&nbsp;&nbsp;&nbsp; Osoba pos\u0142uguj\u0105ca si\u0119 j\u0119zykiem na tym poziomie rozumie wypowiedzi i cz\u0119sto u\u017cywane wyra\u017cenia w zakresie temat\u00f3w zwi\u0105zanych z \u017cyciem codziennym (s\u0105 to np. bardzo podstawowe informacje dotycz\u0105ce osoby rozm\u00f3wcy i jego rodziny, zakup\u00f3w, otoczenia, pracy). Potrafi porozumiewa\u0107 si\u0119 w rutynowych, prostych sytuacjach [\u2026] <\/p>\n<div class=\"clear\"><\/div>\n<p><a class=\"more_link clearfix\" href=\"https:\/\/pans.krosno.pl\/woebc\/egzaminy-dla-mlodziezy-szkolnej\/\" rel=\"nofollow\">Read More<\/a><\/p>\n","protected":false},"author":1,"featured_media":0,"parent":0,"menu_order":0,"comment_status":"closed","ping_status":"closed","template":"page-templates\/template-full-width.php","meta":{"ngg_post_thumbnail":0,"footnotes":""},"class_list":["post-17","page","type-page","status-publish","hentry"],"yoast_head":"<!-- This site is optimized with the Yoast SEO Premium plugin v27.4 (Yoast SEO v27.4) - https:\/\/yoast.com\/product\/yoast-seo-premium-wordpress\/ -->\n<title>Egzaminy dla m\u0142odzie\u017cy szkolnej - Wewn\u0119trzny O\u015brodek Egzaminacyjny British Council PANS w Kro\u015bnie<\/title>\n<meta name=\"description\" content=\"Osoba pos\u0142uguj\u0105ca si\u0119 j\u0119zykiem na tym poziomie rozumie wypowiedzi i cz\u0119sto u\u017cywane wyra\u017cenia w zakresie temat\u00f3w zwi\u0105zanych z \u017cyciem codziennym\" \/>\n<meta name=\"robots\" content=\"index, follow, max-snippet:-1, max-image-preview:large, max-video-preview:-1\" \/>\n<link rel=\"canonical\" href=\"https:\/\/pans.krosno.pl\/woebc\/egzaminy-dla-mlodziezy-szkolnej\/\" \/>\n<meta property=\"og:locale\" content=\"pl_PL\" \/>\n<meta property=\"og:type\" content=\"article\" \/>\n<meta property=\"og:title\" content=\"Egzaminy dla m\u0142odzie\u017cy szkolnej\" \/>\n<meta property=\"og:description\" content=\"Osoba pos\u0142uguj\u0105ca si\u0119 j\u0119zykiem na tym poziomie rozumie wypowiedzi i cz\u0119sto u\u017cywane wyra\u017cenia w zakresie temat\u00f3w zwi\u0105zanych z \u017cyciem codziennym\" \/>\n<meta property=\"og:url\" content=\"https:\/\/pans.krosno.pl\/woebc\/egzaminy-dla-mlodziezy-szkolnej\/\" \/>\n<meta property=\"og:site_name\" content=\"Wewn\u0119trzny O\u015brodek Egzaminacyjny British Council PANS w Kro\u015bnie\" \/>\n<meta property=\"article:modified_time\" content=\"2020-07-07T15:26:40+00:00\" \/>\n<meta property=\"og:image\" content=\"https:\/\/pans.krosno.pl\/woebc\/wp-content\/uploads\/sites\/39\/2020\/06\/exam11.jpg\" \/>\n<meta name=\"twitter:card\" content=\"summary_large_image\" \/>\n<meta name=\"twitter:label1\" content=\"Szacowany czas czytania\" \/>\n\t<meta name=\"twitter:data1\" content=\"2 minuty\" \/>\n<script type=\"application\/ld+json\" class=\"yoast-schema-graph\">{\"@context\":\"https:\\\/\\\/schema.org\",\"@graph\":[{\"@type\":\"WebPage\",\"@id\":\"https:\\\/\\\/pans.krosno.pl\\\/woebc\\\/egzaminy-dla-mlodziezy-szkolnej\\\/\",\"url\":\"https:\\\/\\\/pans.krosno.pl\\\/woebc\\\/egzaminy-dla-mlodziezy-szkolnej\\\/\",\"name\":\"Egzaminy dla m\u0142odzie\u017cy szkolnej - Wewn\u0119trzny O\u015brodek Egzaminacyjny British Council PANS w Kro\u015bnie\",\"isPartOf\":{\"@id\":\"https:\\\/\\\/pans.krosno.pl\\\/woebc\\\/#website\"},\"primaryImageOfPage\":{\"@id\":\"https:\\\/\\\/pans.krosno.pl\\\/woebc\\\/egzaminy-dla-mlodziezy-szkolnej\\\/#primaryimage\"},\"image\":{\"@id\":\"https:\\\/\\\/pans.krosno.pl\\\/woebc\\\/egzaminy-dla-mlodziezy-szkolnej\\\/#primaryimage\"},\"thumbnailUrl\":\"https:\\\/\\\/pans.krosno.pl\\\/woebc\\\/wp-content\\\/uploads\\\/sites\\\/39\\\/2020\\\/06\\\/exam11.jpg\",\"datePublished\":\"2020-03-11T12:19:32+00:00\",\"dateModified\":\"2020-07-07T15:26:40+00:00\",\"description\":\"Osoba pos\u0142uguj\u0105ca si\u0119 j\u0119zykiem na tym poziomie rozumie wypowiedzi i cz\u0119sto u\u017cywane wyra\u017cenia w zakresie temat\u00f3w zwi\u0105zanych z \u017cyciem codziennym\",\"breadcrumb\":{\"@id\":\"https:\\\/\\\/pans.krosno.pl\\\/woebc\\\/egzaminy-dla-mlodziezy-szkolnej\\\/#breadcrumb\"},\"inLanguage\":\"pl-PL\",\"potentialAction\":[{\"@type\":\"ReadAction\",\"target\":[\"https:\\\/\\\/pans.krosno.pl\\\/woebc\\\/egzaminy-dla-mlodziezy-szkolnej\\\/\"]}]},{\"@type\":\"ImageObject\",\"inLanguage\":\"pl-PL\",\"@id\":\"https:\\\/\\\/pans.krosno.pl\\\/woebc\\\/egzaminy-dla-mlodziezy-szkolnej\\\/#primaryimage\",\"url\":\"https:\\\/\\\/pans.krosno.pl\\\/woebc\\\/wp-content\\\/uploads\\\/sites\\\/39\\\/2020\\\/06\\\/exam11.jpg\",\"contentUrl\":\"https:\\\/\\\/pans.krosno.pl\\\/woebc\\\/wp-content\\\/uploads\\\/sites\\\/39\\\/2020\\\/06\\\/exam11.jpg\",\"width\":960,\"height\":720},{\"@type\":\"BreadcrumbList\",\"@id\":\"https:\\\/\\\/pans.krosno.pl\\\/woebc\\\/egzaminy-dla-mlodziezy-szkolnej\\\/#breadcrumb\",\"itemListElement\":[{\"@type\":\"ListItem\",\"position\":1,\"name\":\"Strona g\u0142\u00f3wna\",\"item\":\"https:\\\/\\\/pans.krosno.pl\\\/woebc\\\/\"},{\"@type\":\"ListItem\",\"position\":2,\"name\":\"Egzaminy dla m\u0142odzie\u017cy szkolnej\"}]},{\"@type\":\"WebSite\",\"@id\":\"https:\\\/\\\/pans.krosno.pl\\\/woebc\\\/#website\",\"url\":\"https:\\\/\\\/pans.krosno.pl\\\/woebc\\\/\",\"name\":\"Wewn\u0119trzny O\u015brodek Egzaminacyjny British Council PANS w Kro\u015bnie\",\"description\":\"Wewn\u0119trzny O\u015brodek Egzaminacyjny British Counci - Pa\u0144stwowa Akademia Nauk Stosowanych\",\"publisher\":{\"@id\":\"https:\\\/\\\/pans.krosno.pl\\\/woebc\\\/#organization\"},\"potentialAction\":[{\"@type\":\"SearchAction\",\"target\":{\"@type\":\"EntryPoint\",\"urlTemplate\":\"https:\\\/\\\/pans.krosno.pl\\\/woebc\\\/?s={search_term_string}\"},\"query-input\":{\"@type\":\"PropertyValueSpecification\",\"valueRequired\":true,\"valueName\":\"search_term_string\"}}],\"inLanguage\":\"pl-PL\"},{\"@type\":\"Organization\",\"@id\":\"https:\\\/\\\/pans.krosno.pl\\\/woebc\\\/#organization\",\"name\":\"Wewn\u0119trzny O\u015brodek Egzaminacyjny British Council PANS w Kro\u015bnie\",\"url\":\"https:\\\/\\\/pans.krosno.pl\\\/woebc\\\/\",\"logo\":{\"@type\":\"ImageObject\",\"inLanguage\":\"pl-PL\",\"@id\":\"https:\\\/\\\/pans.krosno.pl\\\/woebc\\\/#\\\/schema\\\/logo\\\/image\\\/\",\"url\":\"https:\\\/\\\/pans.krosno.pl\\\/woebc\\\/wp-content\\\/uploads\\\/sites\\\/39\\\/2023\\\/01\\\/Logo-PANS-2022-pelne.png\",\"contentUrl\":\"https:\\\/\\\/pans.krosno.pl\\\/woebc\\\/wp-content\\\/uploads\\\/sites\\\/39\\\/2023\\\/01\\\/Logo-PANS-2022-pelne.png\",\"width\":3096,\"height\":696,\"caption\":\"Wewn\u0119trzny O\u015brodek Egzaminacyjny British Council PANS w Kro\u015bnie\"},\"image\":{\"@id\":\"https:\\\/\\\/pans.krosno.pl\\\/woebc\\\/#\\\/schema\\\/logo\\\/image\\\/\"}}]}<\/script>\n<!-- \/ Yoast SEO Premium plugin. -->","yoast_head_json":{"title":"Egzaminy dla m\u0142odzie\u017cy szkolnej - Wewn\u0119trzny O\u015brodek Egzaminacyjny British Council PANS w Kro\u015bnie","description":"Osoba pos\u0142uguj\u0105ca si\u0119 j\u0119zykiem na tym poziomie rozumie wypowiedzi i cz\u0119sto u\u017cywane wyra\u017cenia w zakresie temat\u00f3w zwi\u0105zanych z \u017cyciem codziennym","robots":{"index":"index","follow":"follow","max-snippet":"max-snippet:-1","max-image-preview":"max-image-preview:large","max-video-preview":"max-video-preview:-1"},"canonical":"https:\/\/pans.krosno.pl\/woebc\/egzaminy-dla-mlodziezy-szkolnej\/","og_locale":"pl_PL","og_type":"article","og_title":"Egzaminy dla m\u0142odzie\u017cy szkolnej","og_description":"Osoba pos\u0142uguj\u0105ca si\u0119 j\u0119zykiem na tym poziomie rozumie wypowiedzi i cz\u0119sto u\u017cywane wyra\u017cenia w zakresie temat\u00f3w zwi\u0105zanych z \u017cyciem codziennym","og_url":"https:\/\/pans.krosno.pl\/woebc\/egzaminy-dla-mlodziezy-szkolnej\/","og_site_name":"Wewn\u0119trzny O\u015brodek Egzaminacyjny British Council PANS w Kro\u015bnie","article_modified_time":"2020-07-07T15:26:40+00:00","og_image":[{"url":"https:\/\/pans.krosno.pl\/woebc\/wp-content\/uploads\/sites\/39\/2020\/06\/exam11.jpg","type":"","width":"","height":""}],"twitter_card":"summary_large_image","twitter_misc":{"Szacowany czas czytania":"2 minuty"},"schema":{"@context":"https:\/\/schema.org","@graph":[{"@type":"WebPage","@id":"https:\/\/pans.krosno.pl\/woebc\/egzaminy-dla-mlodziezy-szkolnej\/","url":"https:\/\/pans.krosno.pl\/woebc\/egzaminy-dla-mlodziezy-szkolnej\/","name":"Egzaminy dla m\u0142odzie\u017cy szkolnej - Wewn\u0119trzny O\u015brodek Egzaminacyjny British Council PANS w Kro\u015bnie","isPartOf":{"@id":"https:\/\/pans.krosno.pl\/woebc\/#website"},"primaryImageOfPage":{"@id":"https:\/\/pans.krosno.pl\/woebc\/egzaminy-dla-mlodziezy-szkolnej\/#primaryimage"},"image":{"@id":"https:\/\/pans.krosno.pl\/woebc\/egzaminy-dla-mlodziezy-szkolnej\/#primaryimage"},"thumbnailUrl":"https:\/\/pans.krosno.pl\/woebc\/wp-content\/uploads\/sites\/39\/2020\/06\/exam11.jpg","datePublished":"2020-03-11T12:19:32+00:00","dateModified":"2020-07-07T15:26:40+00:00","description":"Osoba pos\u0142uguj\u0105ca si\u0119 j\u0119zykiem na tym poziomie rozumie wypowiedzi i cz\u0119sto u\u017cywane wyra\u017cenia w zakresie temat\u00f3w zwi\u0105zanych z \u017cyciem codziennym","breadcrumb":{"@id":"https:\/\/pans.krosno.pl\/woebc\/egzaminy-dla-mlodziezy-szkolnej\/#breadcrumb"},"inLanguage":"pl-PL","potentialAction":[{"@type":"ReadAction","target":["https:\/\/pans.krosno.pl\/woebc\/egzaminy-dla-mlodziezy-szkolnej\/"]}]},{"@type":"ImageObject","inLanguage":"pl-PL","@id":"https:\/\/pans.krosno.pl\/woebc\/egzaminy-dla-mlodziezy-szkolnej\/#primaryimage","url":"https:\/\/pans.krosno.pl\/woebc\/wp-content\/uploads\/sites\/39\/2020\/06\/exam11.jpg","contentUrl":"https:\/\/pans.krosno.pl\/woebc\/wp-content\/uploads\/sites\/39\/2020\/06\/exam11.jpg","width":960,"height":720},{"@type":"BreadcrumbList","@id":"https:\/\/pans.krosno.pl\/woebc\/egzaminy-dla-mlodziezy-szkolnej\/#breadcrumb","itemListElement":[{"@type":"ListItem","position":1,"name":"Strona g\u0142\u00f3wna","item":"https:\/\/pans.krosno.pl\/woebc\/"},{"@type":"ListItem","position":2,"name":"Egzaminy dla m\u0142odzie\u017cy szkolnej"}]},{"@type":"WebSite","@id":"https:\/\/pans.krosno.pl\/woebc\/#website","url":"https:\/\/pans.krosno.pl\/woebc\/","name":"Wewn\u0119trzny O\u015brodek Egzaminacyjny British Council PANS w Kro\u015bnie","description":"Wewn\u0119trzny O\u015brodek Egzaminacyjny British Counci - Pa\u0144stwowa Akademia Nauk Stosowanych","publisher":{"@id":"https:\/\/pans.krosno.pl\/woebc\/#organization"},"potentialAction":[{"@type":"SearchAction","target":{"@type":"EntryPoint","urlTemplate":"https:\/\/pans.krosno.pl\/woebc\/?s={search_term_string}"},"query-input":{"@type":"PropertyValueSpecification","valueRequired":true,"valueName":"search_term_string"}}],"inLanguage":"pl-PL"},{"@type":"Organization","@id":"https:\/\/pans.krosno.pl\/woebc\/#organization","name":"Wewn\u0119trzny O\u015brodek Egzaminacyjny British Council PANS w Kro\u015bnie","url":"https:\/\/pans.krosno.pl\/woebc\/","logo":{"@type":"ImageObject","inLanguage":"pl-PL","@id":"https:\/\/pans.krosno.pl\/woebc\/#\/schema\/logo\/image\/","url":"https:\/\/pans.krosno.pl\/woebc\/wp-content\/uploads\/sites\/39\/2023\/01\/Logo-PANS-2022-pelne.png","contentUrl":"https:\/\/pans.krosno.pl\/woebc\/wp-content\/uploads\/sites\/39\/2023\/01\/Logo-PANS-2022-pelne.png","width":3096,"height":696,"caption":"Wewn\u0119trzny O\u015brodek Egzaminacyjny British Council PANS w Kro\u015bnie"},"image":{"@id":"https:\/\/pans.krosno.pl\/woebc\/#\/schema\/logo\/image\/"}}]}},"_links":{"self":[{"href":"https:\/\/pans.krosno.pl\/woebc\/wp-json\/wp\/v2\/pages\/17","targetHints":{"allow":["GET"]}}],"collection":[{"href":"https:\/\/pans.krosno.pl\/woebc\/wp-json\/wp\/v2\/pages"}],"about":[{"href":"https:\/\/pans.krosno.pl\/woebc\/wp-json\/wp\/v2\/types\/page"}],"author":[{"embeddable":true,"href":"https:\/\/pans.krosno.pl\/woebc\/wp-json\/wp\/v2\/users\/1"}],"replies":[{"embeddable":true,"href":"https:\/\/pans.krosno.pl\/woebc\/wp-json\/wp\/v2\/comments?post=17"}],"version-history":[{"count":11,"href":"https:\/\/pans.krosno.pl\/woebc\/wp-json\/wp\/v2\/pages\/17\/revisions"}],"predecessor-version":[{"id":235,"href":"https:\/\/pans.krosno.pl\/woebc\/wp-json\/wp\/v2\/pages\/17\/revisions\/235"}],"wp:attachment":[{"href":"https:\/\/pans.krosno.pl\/woebc\/wp-json\/wp\/v2\/media?parent=17"}],"curies":[{"name":"wp","href":"https:\/\/api.w.org\/{rel}","templated":true}]}}