{"id":16,"date":"2020-03-11T13:19:32","date_gmt":"2020-03-11T12:19:32","guid":{"rendered":"https:\/\/pans.krosno.pl\/woebc\/?page_id=16"},"modified":"2020-07-07T17:26:13","modified_gmt":"2020-07-07T15:26:13","slug":"egzaminy-dla-dzieci","status":"publish","type":"page","link":"https:\/\/pans.krosno.pl\/woebc\/egzaminy-dla-dzieci\/","title":{"rendered":"Egzaminy dla dzieci"},"content":{"rendered":"\n<div class=\"wp-block-image\"><figure class=\"aligncenter size-large is-resized\"><img loading=\"lazy\" decoding=\"async\" src=\"https:\/\/pans.krosno.pl\/woebc\/wp-content\/uploads\/sites\/39\/2020\/06\/MonkeyCrates_RGB_72ppi.png\" alt=\"\" class=\"wp-image-216\" width=\"274\" height=\"203\" srcset=\"https:\/\/pans.krosno.pl\/woebc\/wp-content\/uploads\/sites\/39\/2020\/06\/MonkeyCrates_RGB_72ppi.png 461w, https:\/\/pans.krosno.pl\/woebc\/wp-content\/uploads\/sites\/39\/2020\/06\/MonkeyCrates_RGB_72ppi-300x222.png 300w\" sizes=\"auto, (max-width: 274px) 100vw, 274px\" \/><\/figure><\/div>\n\n\n<p><strong>YLE &#8211; Young Learners English Tests<\/strong> to propozycja Uniwersytetu Cambridge ESOL (English for Speakers of Other Languages) dla dzieci w wieku 7 \u2013 12 lat. Zdany egzamin stanowi niezast\u0105pion\u0105 motywacj\u0119 w pocz\u0105tkowym okresie nauki j\u0119zyka. Oferowany na trzech poziomach zaawansowania: Starters, Movers i Flyers.&nbsp;&nbsp;&nbsp;&nbsp;&nbsp;<\/p>\n<p><strong>Cambridge Starters<\/strong> to egzamin na pierwszym poziomie zaawansowania przeznaczony dla dzieci w wieku od 7 do 11 lat. Dzieci te na og\u00f3\u0142 maj\u0105 za sob\u0105 rok (lub oko\u0142o 100 godzin) nauki angielskiego i powinny zna\u0107 i umie\u0107 u\u017cywa\u0107 oko\u0142o 300 s\u0142\u00f3w.<br><strong>Cambridge Movers<\/strong> to egzamin na drugim poziomie zaawansowania przeznaczony dla dzieci w wieku od 8 do 12 lat. Dzieci te maj\u0105 zazwyczaj za sob\u0105 trzy lata (lub oko\u0142o 175 godzin) nauki angielskiego i powinny zna\u0107 oko\u0142o 600 s\u0142\u00f3w.<br><strong>Cambridge Flyers<\/strong> to egzamin na trzecim poziomie zaawansowania przeznaczony dla dzieci w wieku od 9 do 12 lat, kt\u00f3re ucz\u0105 si\u0119 angielskiego od pewnego czasu (np. maj\u0105 za sob\u0105 oko\u0142o 250 godzin nauki) i posiadaj\u0105 znajomo\u015b\u0107 j\u0119zyka okre\u015blon\u0105 przez Rad\u0119 Europy jako poziom Waystage (podstawowy). Jest to poziom odpowiadaj\u0105cy egzaminowi KET. Dzieci powinny zna\u0107 oko\u0142o 1000 s\u0142\u00f3w.<\/p>\n<p><a href=\"https:\/\/www.cambridgeenglish.org\/pl\/exams-and-tests\/young-learners\/\">Wi\u0119cej o egzaminach dla dzieci<\/a><\/p>\n\n\n<div class=\"wp-block-image\"><figure class=\"aligncenter size-large is-resized\"><img loading=\"lazy\" decoding=\"async\" src=\"https:\/\/pans.krosno.pl\/woebc\/wp-content\/uploads\/sites\/39\/2020\/06\/egzaminy-6.jpg\" alt=\"\" class=\"wp-image-211\" width=\"567\" height=\"319\" srcset=\"https:\/\/pans.krosno.pl\/woebc\/wp-content\/uploads\/sites\/39\/2020\/06\/egzaminy-6.jpg 960w, https:\/\/pans.krosno.pl\/woebc\/wp-content\/uploads\/sites\/39\/2020\/06\/egzaminy-6-300x169.jpg 300w, https:\/\/pans.krosno.pl\/woebc\/wp-content\/uploads\/sites\/39\/2020\/06\/egzaminy-6-768x432.jpg 768w, https:\/\/pans.krosno.pl\/woebc\/wp-content\/uploads\/sites\/39\/2020\/06\/egzaminy-6-800x450.jpg 800w, https:\/\/pans.krosno.pl\/woebc\/wp-content\/uploads\/sites\/39\/2020\/06\/egzaminy-6-270x152.jpg 270w, https:\/\/pans.krosno.pl\/woebc\/wp-content\/uploads\/sites\/39\/2020\/06\/egzaminy-6-580x326.jpg 580w\" sizes=\"auto, (max-width: 567px) 100vw, 567px\" \/><\/figure><\/div>\n","protected":false},"excerpt":{"rendered":"<p>YLE &#8211; Young Learners English Tests to propozycja Uniwersytetu Cambridge ESOL (English for Speakers of Other Languages) dla dzieci w wieku 7 \u2013 12 lat. Zdany egzamin stanowi niezast\u0105pion\u0105 motywacj\u0119 w pocz\u0105tkowym okresie nauki j\u0119zyka. Oferowany na trzech poziomach zaawansowania: Starters, Movers i Flyers.&nbsp;&nbsp;&nbsp;&nbsp;&nbsp; Cambridge Starters to egzamin na pierwszym [\u2026] <\/p>\n<div class=\"clear\"><\/div>\n<p><a class=\"more_link clearfix\" href=\"https:\/\/pans.krosno.pl\/woebc\/egzaminy-dla-dzieci\/\" rel=\"nofollow\">Read More<\/a><\/p>\n","protected":false},"author":1,"featured_media":0,"parent":0,"menu_order":0,"comment_status":"closed","ping_status":"closed","template":"page-templates\/template-full-width.php","meta":{"ngg_post_thumbnail":0,"footnotes":""},"class_list":["post-16","page","type-page","status-publish","hentry"],"yoast_head":"<!-- This site is optimized with the Yoast SEO Premium plugin v27.3 (Yoast SEO v27.3) - https:\/\/yoast.com\/product\/yoast-seo-premium-wordpress\/ -->\n<title>Egzaminy dla dzieci - Wewn\u0119trzny O\u015brodek Egzaminacyjny British Council PANS w Kro\u015bnie<\/title>\n<meta name=\"description\" content=\"KPU w Kro\u015bnie\" \/>\n<meta name=\"robots\" content=\"index, follow, max-snippet:-1, max-image-preview:large, max-video-preview:-1\" \/>\n<link rel=\"canonical\" href=\"https:\/\/pans.krosno.pl\/woebc\/egzaminy-dla-dzieci\/\" \/>\n<meta property=\"og:locale\" content=\"pl_PL\" \/>\n<meta property=\"og:type\" content=\"article\" \/>\n<meta property=\"og:title\" content=\"Egzaminy dla dzieci\" \/>\n<meta property=\"og:description\" content=\"KPU w Kro\u015bnie\" \/>\n<meta property=\"og:url\" content=\"https:\/\/pans.krosno.pl\/woebc\/egzaminy-dla-dzieci\/\" \/>\n<meta property=\"og:site_name\" content=\"Wewn\u0119trzny O\u015brodek Egzaminacyjny British Council PANS w Kro\u015bnie\" \/>\n<meta property=\"article:modified_time\" content=\"2020-07-07T15:26:13+00:00\" \/>\n<meta property=\"og:image\" content=\"https:\/\/pans.krosno.pl\/woebc\/wp-content\/uploads\/sites\/39\/2020\/06\/MonkeyCrates_RGB_72ppi.png\" \/>\n<meta name=\"twitter:card\" content=\"summary_large_image\" \/>\n<meta name=\"twitter:label1\" content=\"Szacowany czas czytania\" \/>\n\t<meta name=\"twitter:data1\" content=\"1 minuta\" \/>\n<script type=\"application\/ld+json\" class=\"yoast-schema-graph\">{\"@context\":\"https:\\\/\\\/schema.org\",\"@graph\":[{\"@type\":\"WebPage\",\"@id\":\"https:\\\/\\\/pans.krosno.pl\\\/woebc\\\/egzaminy-dla-dzieci\\\/\",\"url\":\"https:\\\/\\\/pans.krosno.pl\\\/woebc\\\/egzaminy-dla-dzieci\\\/\",\"name\":\"Egzaminy dla dzieci - Wewn\u0119trzny O\u015brodek Egzaminacyjny British Council PANS w Kro\u015bnie\",\"isPartOf\":{\"@id\":\"https:\\\/\\\/pans.krosno.pl\\\/woebc\\\/#website\"},\"primaryImageOfPage\":{\"@id\":\"https:\\\/\\\/pans.krosno.pl\\\/woebc\\\/egzaminy-dla-dzieci\\\/#primaryimage\"},\"image\":{\"@id\":\"https:\\\/\\\/pans.krosno.pl\\\/woebc\\\/egzaminy-dla-dzieci\\\/#primaryimage\"},\"thumbnailUrl\":\"https:\\\/\\\/pans.krosno.pl\\\/woebc\\\/wp-content\\\/uploads\\\/sites\\\/39\\\/2020\\\/06\\\/MonkeyCrates_RGB_72ppi.png\",\"datePublished\":\"2020-03-11T12:19:32+00:00\",\"dateModified\":\"2020-07-07T15:26:13+00:00\",\"description\":\"KPU w Kro\u015bnie\",\"breadcrumb\":{\"@id\":\"https:\\\/\\\/pans.krosno.pl\\\/woebc\\\/egzaminy-dla-dzieci\\\/#breadcrumb\"},\"inLanguage\":\"pl-PL\",\"potentialAction\":[{\"@type\":\"ReadAction\",\"target\":[\"https:\\\/\\\/pans.krosno.pl\\\/woebc\\\/egzaminy-dla-dzieci\\\/\"]}]},{\"@type\":\"ImageObject\",\"inLanguage\":\"pl-PL\",\"@id\":\"https:\\\/\\\/pans.krosno.pl\\\/woebc\\\/egzaminy-dla-dzieci\\\/#primaryimage\",\"url\":\"https:\\\/\\\/pans.krosno.pl\\\/woebc\\\/wp-content\\\/uploads\\\/sites\\\/39\\\/2020\\\/06\\\/MonkeyCrates_RGB_72ppi.png\",\"contentUrl\":\"https:\\\/\\\/pans.krosno.pl\\\/woebc\\\/wp-content\\\/uploads\\\/sites\\\/39\\\/2020\\\/06\\\/MonkeyCrates_RGB_72ppi.png\",\"width\":461,\"height\":341},{\"@type\":\"BreadcrumbList\",\"@id\":\"https:\\\/\\\/pans.krosno.pl\\\/woebc\\\/egzaminy-dla-dzieci\\\/#breadcrumb\",\"itemListElement\":[{\"@type\":\"ListItem\",\"position\":1,\"name\":\"Strona g\u0142\u00f3wna\",\"item\":\"https:\\\/\\\/pans.krosno.pl\\\/woebc\\\/\"},{\"@type\":\"ListItem\",\"position\":2,\"name\":\"Egzaminy dla dzieci\"}]},{\"@type\":\"WebSite\",\"@id\":\"https:\\\/\\\/pans.krosno.pl\\\/woebc\\\/#website\",\"url\":\"https:\\\/\\\/pans.krosno.pl\\\/woebc\\\/\",\"name\":\"Wewn\u0119trzny O\u015brodek Egzaminacyjny British Council PANS w Kro\u015bnie\",\"description\":\"Wewn\u0119trzny O\u015brodek Egzaminacyjny British Counci - Pa\u0144stwowa Akademia Nauk Stosowanych\",\"publisher\":{\"@id\":\"https:\\\/\\\/pans.krosno.pl\\\/woebc\\\/#organization\"},\"potentialAction\":[{\"@type\":\"SearchAction\",\"target\":{\"@type\":\"EntryPoint\",\"urlTemplate\":\"https:\\\/\\\/pans.krosno.pl\\\/woebc\\\/?s={search_term_string}\"},\"query-input\":{\"@type\":\"PropertyValueSpecification\",\"valueRequired\":true,\"valueName\":\"search_term_string\"}}],\"inLanguage\":\"pl-PL\"},{\"@type\":\"Organization\",\"@id\":\"https:\\\/\\\/pans.krosno.pl\\\/woebc\\\/#organization\",\"name\":\"Wewn\u0119trzny O\u015brodek Egzaminacyjny British Council PANS w Kro\u015bnie\",\"url\":\"https:\\\/\\\/pans.krosno.pl\\\/woebc\\\/\",\"logo\":{\"@type\":\"ImageObject\",\"inLanguage\":\"pl-PL\",\"@id\":\"https:\\\/\\\/pans.krosno.pl\\\/woebc\\\/#\\\/schema\\\/logo\\\/image\\\/\",\"url\":\"https:\\\/\\\/pans.krosno.pl\\\/woebc\\\/wp-content\\\/uploads\\\/sites\\\/39\\\/2023\\\/01\\\/Logo-PANS-2022-pelne.png\",\"contentUrl\":\"https:\\\/\\\/pans.krosno.pl\\\/woebc\\\/wp-content\\\/uploads\\\/sites\\\/39\\\/2023\\\/01\\\/Logo-PANS-2022-pelne.png\",\"width\":3096,\"height\":696,\"caption\":\"Wewn\u0119trzny O\u015brodek Egzaminacyjny British Council PANS w Kro\u015bnie\"},\"image\":{\"@id\":\"https:\\\/\\\/pans.krosno.pl\\\/woebc\\\/#\\\/schema\\\/logo\\\/image\\\/\"}}]}<\/script>\n<!-- \/ Yoast SEO Premium plugin. -->","yoast_head_json":{"title":"Egzaminy dla dzieci - Wewn\u0119trzny O\u015brodek Egzaminacyjny British Council PANS w Kro\u015bnie","description":"KPU w Kro\u015bnie","robots":{"index":"index","follow":"follow","max-snippet":"max-snippet:-1","max-image-preview":"max-image-preview:large","max-video-preview":"max-video-preview:-1"},"canonical":"https:\/\/pans.krosno.pl\/woebc\/egzaminy-dla-dzieci\/","og_locale":"pl_PL","og_type":"article","og_title":"Egzaminy dla dzieci","og_description":"KPU w Kro\u015bnie","og_url":"https:\/\/pans.krosno.pl\/woebc\/egzaminy-dla-dzieci\/","og_site_name":"Wewn\u0119trzny O\u015brodek Egzaminacyjny British Council PANS w Kro\u015bnie","article_modified_time":"2020-07-07T15:26:13+00:00","og_image":[{"url":"https:\/\/pans.krosno.pl\/woebc\/wp-content\/uploads\/sites\/39\/2020\/06\/MonkeyCrates_RGB_72ppi.png","type":"","width":"","height":""}],"twitter_card":"summary_large_image","twitter_misc":{"Szacowany czas czytania":"1 minuta"},"schema":{"@context":"https:\/\/schema.org","@graph":[{"@type":"WebPage","@id":"https:\/\/pans.krosno.pl\/woebc\/egzaminy-dla-dzieci\/","url":"https:\/\/pans.krosno.pl\/woebc\/egzaminy-dla-dzieci\/","name":"Egzaminy dla dzieci - Wewn\u0119trzny O\u015brodek Egzaminacyjny British Council PANS w Kro\u015bnie","isPartOf":{"@id":"https:\/\/pans.krosno.pl\/woebc\/#website"},"primaryImageOfPage":{"@id":"https:\/\/pans.krosno.pl\/woebc\/egzaminy-dla-dzieci\/#primaryimage"},"image":{"@id":"https:\/\/pans.krosno.pl\/woebc\/egzaminy-dla-dzieci\/#primaryimage"},"thumbnailUrl":"https:\/\/pans.krosno.pl\/woebc\/wp-content\/uploads\/sites\/39\/2020\/06\/MonkeyCrates_RGB_72ppi.png","datePublished":"2020-03-11T12:19:32+00:00","dateModified":"2020-07-07T15:26:13+00:00","description":"KPU w Kro\u015bnie","breadcrumb":{"@id":"https:\/\/pans.krosno.pl\/woebc\/egzaminy-dla-dzieci\/#breadcrumb"},"inLanguage":"pl-PL","potentialAction":[{"@type":"ReadAction","target":["https:\/\/pans.krosno.pl\/woebc\/egzaminy-dla-dzieci\/"]}]},{"@type":"ImageObject","inLanguage":"pl-PL","@id":"https:\/\/pans.krosno.pl\/woebc\/egzaminy-dla-dzieci\/#primaryimage","url":"https:\/\/pans.krosno.pl\/woebc\/wp-content\/uploads\/sites\/39\/2020\/06\/MonkeyCrates_RGB_72ppi.png","contentUrl":"https:\/\/pans.krosno.pl\/woebc\/wp-content\/uploads\/sites\/39\/2020\/06\/MonkeyCrates_RGB_72ppi.png","width":461,"height":341},{"@type":"BreadcrumbList","@id":"https:\/\/pans.krosno.pl\/woebc\/egzaminy-dla-dzieci\/#breadcrumb","itemListElement":[{"@type":"ListItem","position":1,"name":"Strona g\u0142\u00f3wna","item":"https:\/\/pans.krosno.pl\/woebc\/"},{"@type":"ListItem","position":2,"name":"Egzaminy dla dzieci"}]},{"@type":"WebSite","@id":"https:\/\/pans.krosno.pl\/woebc\/#website","url":"https:\/\/pans.krosno.pl\/woebc\/","name":"Wewn\u0119trzny O\u015brodek Egzaminacyjny British Council PANS w Kro\u015bnie","description":"Wewn\u0119trzny O\u015brodek Egzaminacyjny British Counci - Pa\u0144stwowa Akademia Nauk Stosowanych","publisher":{"@id":"https:\/\/pans.krosno.pl\/woebc\/#organization"},"potentialAction":[{"@type":"SearchAction","target":{"@type":"EntryPoint","urlTemplate":"https:\/\/pans.krosno.pl\/woebc\/?s={search_term_string}"},"query-input":{"@type":"PropertyValueSpecification","valueRequired":true,"valueName":"search_term_string"}}],"inLanguage":"pl-PL"},{"@type":"Organization","@id":"https:\/\/pans.krosno.pl\/woebc\/#organization","name":"Wewn\u0119trzny O\u015brodek Egzaminacyjny British Council PANS w Kro\u015bnie","url":"https:\/\/pans.krosno.pl\/woebc\/","logo":{"@type":"ImageObject","inLanguage":"pl-PL","@id":"https:\/\/pans.krosno.pl\/woebc\/#\/schema\/logo\/image\/","url":"https:\/\/pans.krosno.pl\/woebc\/wp-content\/uploads\/sites\/39\/2023\/01\/Logo-PANS-2022-pelne.png","contentUrl":"https:\/\/pans.krosno.pl\/woebc\/wp-content\/uploads\/sites\/39\/2023\/01\/Logo-PANS-2022-pelne.png","width":3096,"height":696,"caption":"Wewn\u0119trzny O\u015brodek Egzaminacyjny British Council PANS w Kro\u015bnie"},"image":{"@id":"https:\/\/pans.krosno.pl\/woebc\/#\/schema\/logo\/image\/"}}]}},"_links":{"self":[{"href":"https:\/\/pans.krosno.pl\/woebc\/wp-json\/wp\/v2\/pages\/16","targetHints":{"allow":["GET"]}}],"collection":[{"href":"https:\/\/pans.krosno.pl\/woebc\/wp-json\/wp\/v2\/pages"}],"about":[{"href":"https:\/\/pans.krosno.pl\/woebc\/wp-json\/wp\/v2\/types\/page"}],"author":[{"embeddable":true,"href":"https:\/\/pans.krosno.pl\/woebc\/wp-json\/wp\/v2\/users\/1"}],"replies":[{"embeddable":true,"href":"https:\/\/pans.krosno.pl\/woebc\/wp-json\/wp\/v2\/comments?post=16"}],"version-history":[{"count":12,"href":"https:\/\/pans.krosno.pl\/woebc\/wp-json\/wp\/v2\/pages\/16\/revisions"}],"predecessor-version":[{"id":219,"href":"https:\/\/pans.krosno.pl\/woebc\/wp-json\/wp\/v2\/pages\/16\/revisions\/219"}],"wp:attachment":[{"href":"https:\/\/pans.krosno.pl\/woebc\/wp-json\/wp\/v2\/media?parent=16"}],"curies":[{"name":"wp","href":"https:\/\/api.w.org\/{rel}","templated":true}]}}