{"id":53,"date":"2020-10-27T12:10:00","date_gmt":"2020-10-27T11:10:00","guid":{"rendered":"https:\/\/pans.krosno.pl\/wf\/?page_id=53"},"modified":"2026-03-09T12:52:02","modified_gmt":"2026-03-09T11:52:02","slug":"harmonogram-zajec","status":"publish","type":"page","link":"https:\/\/pans.krosno.pl\/wf\/harmonogram-zajec\/","title":{"rendered":"Harmonogram zaj\u0119\u0107 w semestrze letnim 2025\/2026"},"content":{"rendered":"\n<p><a href=\"https:\/\/pans.krosno.pl\/wf\/wp-content\/uploads\/sites\/17\/2026\/02\/I-Wychowanie-Fizyczne-sem-letni-1.xlsx\" target=\"_blank\" rel=\"noreferrer noopener\">I rok sem. letni 2025\/2026 Harmonogram Excel<\/a><\/p>\n\n\n\n<p><a href=\"https:\/\/pans.krosno.pl\/swfis\/wp-content\/uploads\/sites\/22\/2026\/03\/II-Wychowanie-Fizyczne-sem-letni.xlsx\" target=\"_blank\" rel=\"noreferrer noopener\">II rok sem. letni 2025\/2026 Harmonogram Excel<\/a><\/p>\n\n\n\n<p><a href=\"https:\/\/pans.krosno.pl\/wf\/wp-content\/uploads\/sites\/17\/2026\/02\/III-Wychowanie-Fizyczne-sem-letni.xlsx\" target=\"_blank\" rel=\"noreferrer noopener\">III rok sem. letni 2025\/2026 Harmonogram Excel<\/a><\/p>\n\n\n\n<p><strong>Harmonogramy w Plani\u015bcie <\/strong><\/p>\n\n\n\n<p><a href=\"https:\/\/usos.kpu.krosno.pl\/kontroler.php?_action=katalog2\/przedmioty\/pokazPlanGrupyPrzedmiotow&amp;grupa_kod=WF-S-25-S2&amp;cdyd_kod=2025L&amp;plan_format=html&amp;plan_showStartTime=1&amp;plan_showEndTime=1&amp;plan_showTypeShort=0&amp;plan_showTypeFull=1&amp;plan_showGroupNumber=1&amp;plan_showCourseName=1&amp;plan_showCourseCode=0&amp;plan_showRoom=1&amp;plan_showBuildingCode=0&amp;plan_showLecturers=1&amp;plan_overridePrintWidth=1&amp;plan_colorScheme=default\">Planista Harmonogram I WF PANS Krosno lato 2025\/2026<\/a><\/p>\n\n\n\n<p><a href=\"https:\/\/usos.kpu.krosno.pl\/kontroler.php?_action=katalog2\/przedmioty\/pokazPlanGrupyPrzedmiotow&amp;grupa_kod=WF-S-24-S4&amp;cdyd_kod=2025L&amp;plan_format=html&amp;plan_showStartTime=1&amp;plan_showEndTime=1&amp;plan_showTypeShort=0&amp;plan_showTypeFull=1&amp;plan_showGroupNumber=1&amp;plan_showCourseName=1&amp;plan_showCourseCode=0&amp;plan_showRoom=1&amp;plan_showBuildingCode=0&amp;plan_showLecturers=1&amp;plan_overridePrintWidth=1&amp;plan_colorScheme=default\">Planista Harmonogram II WF PANS Krosno lato 2025\/2026<\/a><\/p>\n\n\n\n<p><a href=\"https:\/\/usos.kpu.krosno.pl\/kontroler.php?_action=katalog2\/przedmioty\/pokazPlanGrupyPrzedmiotow&amp;grupa_kod=WF-S-23-S6&amp;cdyd_kod=2025L&amp;plan_format=html&amp;plan_showStartTime=1&amp;plan_showEndTime=1&amp;plan_showTypeShort=0&amp;plan_showTypeFull=1&amp;plan_showGroupNumber=1&amp;plan_showCourseName=1&amp;plan_showCourseCode=0&amp;plan_showRoom=1&amp;plan_showBuildingCode=0&amp;plan_showLecturers=1&amp;plan_overridePrintWidth=1&amp;plan_colorScheme=default\">Planista Harmonogram III WF PANS Krosno lato 2025\/2026<\/a><\/p>\n\n\n\n<p><\/p>\n\n\n\n<header class=\"entry-header\">\n<h1 class=\"entry-title\" style=\"text-align: center\">Kalendarz akademicki&nbsp; 2025\/2026<\/h1>\n<\/header>\n\n\n\n<figure class=\"wp-block-image size-full\"><img loading=\"lazy\" decoding=\"async\" width=\"924\" height=\"674\" src=\"https:\/\/pans.krosno.pl\/wf\/wp-content\/uploads\/sites\/17\/2025\/09\/2525.png\" alt=\"\" class=\"wp-image-3094\" srcset=\"https:\/\/pans.krosno.pl\/wf\/wp-content\/uploads\/sites\/17\/2025\/09\/2525.png 924w, https:\/\/pans.krosno.pl\/wf\/wp-content\/uploads\/sites\/17\/2025\/09\/2525-300x219.png 300w, https:\/\/pans.krosno.pl\/wf\/wp-content\/uploads\/sites\/17\/2025\/09\/2525-768x560.png 768w, https:\/\/pans.krosno.pl\/wf\/wp-content\/uploads\/sites\/17\/2025\/09\/2525-800x584.png 800w, https:\/\/pans.krosno.pl\/wf\/wp-content\/uploads\/sites\/17\/2025\/09\/2525-580x423.png 580w\" sizes=\"auto, (max-width: 924px) 100vw, 924px\" \/><\/figure>\n\n\n\n<figure class=\"wp-block-image size-full is-resized\"><img loading=\"lazy\" decoding=\"async\" width=\"731\" height=\"1024\" src=\"https:\/\/pans.krosno.pl\/wf\/wp-content\/uploads\/sites\/17\/2026\/02\/sem-letni-kalendarz.png\" alt=\"\" class=\"wp-image-3167\" style=\"width:840px;height:auto\" srcset=\"https:\/\/pans.krosno.pl\/wf\/wp-content\/uploads\/sites\/17\/2026\/02\/sem-letni-kalendarz.png 731w, https:\/\/pans.krosno.pl\/wf\/wp-content\/uploads\/sites\/17\/2026\/02\/sem-letni-kalendarz-214x300.png 214w, https:\/\/pans.krosno.pl\/wf\/wp-content\/uploads\/sites\/17\/2026\/02\/sem-letni-kalendarz-580x812.png 580w\" sizes=\"auto, (max-width: 731px) 100vw, 731px\" \/><\/figure>\n","protected":false},"excerpt":{"rendered":"<p>I rok sem. letni 2025\/2026 Harmonogram Excel II rok sem. letni 2025\/2026 Harmonogram Excel III rok sem. letni 2025\/2026 Harmonogram Excel Harmonogramy w Plani\u015bcie Planista Harmonogram I WF PANS Krosno lato 2025\/2026 Planista Harmonogram II WF PANS Krosno lato 2025\/2026 Planista Harmonogram III WF PANS Krosno lato 2025\/2026 Kalendarz akademicki&nbsp; [\u2026] <\/p>\n<div class=\"clear\"><\/div>\n<p><a class=\"more_link clearfix\" href=\"https:\/\/pans.krosno.pl\/wf\/harmonogram-zajec\/\" rel=\"nofollow\">Read More<\/a><\/p>\n","protected":false},"author":27,"featured_media":524,"parent":0,"menu_order":0,"comment_status":"closed","ping_status":"closed","template":"page-templates\/template-full-width.php","meta":{"ngg_post_thumbnail":0,"footnotes":""},"class_list":["post-53","page","type-page","status-publish","has-post-thumbnail","hentry"],"yoast_head":"<!-- This site is optimized with the Yoast SEO Premium plugin v27.3 (Yoast SEO v27.3) - https:\/\/yoast.com\/product\/yoast-seo-premium-wordpress\/ -->\n<title>Harmonogram zaj\u0119\u0107 w semestrze letnim 2025\/2026 - Wychowanie Fizyczne PANS w Kro\u015bnie<\/title>\n<meta name=\"description\" content=\"Harmonogramy zaj\u0119\u0107 w semestrze zimowym 2020\/2021\" \/>\n<meta name=\"robots\" content=\"index, follow, max-snippet:-1, max-image-preview:large, max-video-preview:-1\" \/>\n<link rel=\"canonical\" href=\"https:\/\/pans.krosno.pl\/wf\/harmonogram-zajec\/\" \/>\n<meta property=\"og:locale\" content=\"pl_PL\" \/>\n<meta property=\"og:type\" content=\"article\" \/>\n<meta property=\"og:title\" content=\"Harmonogram zaj\u0119\u0107 w semestrze letnim 2025\/2026\" \/>\n<meta property=\"og:description\" content=\"Harmonogramy zaj\u0119\u0107 w semestrze zimowym 2020\/2021\" \/>\n<meta property=\"og:url\" content=\"https:\/\/pans.krosno.pl\/wf\/harmonogram-zajec\/\" \/>\n<meta property=\"og:site_name\" content=\"Wychowanie Fizyczne PANS w Kro\u015bnie\" \/>\n<meta property=\"article:modified_time\" content=\"2026-03-09T11:52:02+00:00\" \/>\n<meta property=\"og:image\" content=\"https:\/\/pans.krosno.pl\/wf\/wp-content\/uploads\/sites\/17\/2020\/10\/harmonogram-i-harmonogram-projektu_74855-4584.jpg\" \/>\n\t<meta property=\"og:image:width\" content=\"626\" \/>\n\t<meta property=\"og:image:height\" content=\"357\" \/>\n\t<meta property=\"og:image:type\" content=\"image\/jpeg\" \/>\n<meta name=\"twitter:card\" content=\"summary_large_image\" \/>\n<meta name=\"twitter:label1\" content=\"Szacowany czas czytania\" \/>\n\t<meta name=\"twitter:data1\" content=\"1 minuta\" \/>\n<script type=\"application\/ld+json\" class=\"yoast-schema-graph\">{\"@context\":\"https:\\\/\\\/schema.org\",\"@graph\":[{\"@type\":\"WebPage\",\"@id\":\"https:\\\/\\\/pans.krosno.pl\\\/wf\\\/harmonogram-zajec\\\/\",\"url\":\"https:\\\/\\\/pans.krosno.pl\\\/wf\\\/harmonogram-zajec\\\/\",\"name\":\"Harmonogram zaj\u0119\u0107 w semestrze letnim 2025\\\/2026 - Wychowanie Fizyczne PANS w Kro\u015bnie\",\"isPartOf\":{\"@id\":\"https:\\\/\\\/pans.krosno.pl\\\/wf\\\/#website\"},\"primaryImageOfPage\":{\"@id\":\"https:\\\/\\\/pans.krosno.pl\\\/wf\\\/harmonogram-zajec\\\/#primaryimage\"},\"image\":{\"@id\":\"https:\\\/\\\/pans.krosno.pl\\\/wf\\\/harmonogram-zajec\\\/#primaryimage\"},\"thumbnailUrl\":\"https:\\\/\\\/pans.krosno.pl\\\/wf\\\/wp-content\\\/uploads\\\/sites\\\/17\\\/2020\\\/10\\\/harmonogram-i-harmonogram-projektu_74855-4584.jpg\",\"datePublished\":\"2020-10-27T11:10:00+00:00\",\"dateModified\":\"2026-03-09T11:52:02+00:00\",\"description\":\"Harmonogramy zaj\u0119\u0107 w semestrze zimowym 2020\\\/2021\",\"breadcrumb\":{\"@id\":\"https:\\\/\\\/pans.krosno.pl\\\/wf\\\/harmonogram-zajec\\\/#breadcrumb\"},\"inLanguage\":\"pl-PL\",\"potentialAction\":[{\"@type\":\"ReadAction\",\"target\":[\"https:\\\/\\\/pans.krosno.pl\\\/wf\\\/harmonogram-zajec\\\/\"]}]},{\"@type\":\"ImageObject\",\"inLanguage\":\"pl-PL\",\"@id\":\"https:\\\/\\\/pans.krosno.pl\\\/wf\\\/harmonogram-zajec\\\/#primaryimage\",\"url\":\"https:\\\/\\\/pans.krosno.pl\\\/wf\\\/wp-content\\\/uploads\\\/sites\\\/17\\\/2020\\\/10\\\/harmonogram-i-harmonogram-projektu_74855-4584.jpg\",\"contentUrl\":\"https:\\\/\\\/pans.krosno.pl\\\/wf\\\/wp-content\\\/uploads\\\/sites\\\/17\\\/2020\\\/10\\\/harmonogram-i-harmonogram-projektu_74855-4584.jpg\",\"width\":626,\"height\":357},{\"@type\":\"BreadcrumbList\",\"@id\":\"https:\\\/\\\/pans.krosno.pl\\\/wf\\\/harmonogram-zajec\\\/#breadcrumb\",\"itemListElement\":[{\"@type\":\"ListItem\",\"position\":1,\"name\":\"Strona g\u0142\u00f3wna\",\"item\":\"https:\\\/\\\/pans.krosno.pl\\\/wf\\\/\"},{\"@type\":\"ListItem\",\"position\":2,\"name\":\"Harmonogram zaj\u0119\u0107 w semestrze letnim 2025\\\/2026\"}]},{\"@type\":\"WebSite\",\"@id\":\"https:\\\/\\\/pans.krosno.pl\\\/wf\\\/#website\",\"url\":\"https:\\\/\\\/pans.krosno.pl\\\/wf\\\/\",\"name\":\"Wychowanie Fizyczne PANS w Kro\u015bnie\",\"description\":\"Wychowanie Fizyczne - Pa\u0144stwowa Akademia Nauk Stosowanych\",\"publisher\":{\"@id\":\"https:\\\/\\\/pans.krosno.pl\\\/wf\\\/#organization\"},\"potentialAction\":[{\"@type\":\"SearchAction\",\"target\":{\"@type\":\"EntryPoint\",\"urlTemplate\":\"https:\\\/\\\/pans.krosno.pl\\\/wf\\\/?s={search_term_string}\"},\"query-input\":{\"@type\":\"PropertyValueSpecification\",\"valueRequired\":true,\"valueName\":\"search_term_string\"}}],\"inLanguage\":\"pl-PL\"},{\"@type\":\"Organization\",\"@id\":\"https:\\\/\\\/pans.krosno.pl\\\/wf\\\/#organization\",\"name\":\"Wychowanie Fizyczne PANS w Kro\u015bnie\",\"url\":\"https:\\\/\\\/pans.krosno.pl\\\/wf\\\/\",\"logo\":{\"@type\":\"ImageObject\",\"inLanguage\":\"pl-PL\",\"@id\":\"https:\\\/\\\/pans.krosno.pl\\\/wf\\\/#\\\/schema\\\/logo\\\/image\\\/\",\"url\":\"https:\\\/\\\/pans.krosno.pl\\\/wf\\\/wp-content\\\/uploads\\\/sites\\\/17\\\/2023\\\/01\\\/Logo-PANS-2022-pelne.png\",\"contentUrl\":\"https:\\\/\\\/pans.krosno.pl\\\/wf\\\/wp-content\\\/uploads\\\/sites\\\/17\\\/2023\\\/01\\\/Logo-PANS-2022-pelne.png\",\"width\":3096,\"height\":696,\"caption\":\"Wychowanie Fizyczne PANS w Kro\u015bnie\"},\"image\":{\"@id\":\"https:\\\/\\\/pans.krosno.pl\\\/wf\\\/#\\\/schema\\\/logo\\\/image\\\/\"}}]}<\/script>\n<!-- \/ Yoast SEO Premium plugin. -->","yoast_head_json":{"title":"Harmonogram zaj\u0119\u0107 w semestrze letnim 2025\/2026 - Wychowanie Fizyczne PANS w Kro\u015bnie","description":"Harmonogramy zaj\u0119\u0107 w semestrze zimowym 2020\/2021","robots":{"index":"index","follow":"follow","max-snippet":"max-snippet:-1","max-image-preview":"max-image-preview:large","max-video-preview":"max-video-preview:-1"},"canonical":"https:\/\/pans.krosno.pl\/wf\/harmonogram-zajec\/","og_locale":"pl_PL","og_type":"article","og_title":"Harmonogram zaj\u0119\u0107 w semestrze letnim 2025\/2026","og_description":"Harmonogramy zaj\u0119\u0107 w semestrze zimowym 2020\/2021","og_url":"https:\/\/pans.krosno.pl\/wf\/harmonogram-zajec\/","og_site_name":"Wychowanie Fizyczne PANS w Kro\u015bnie","article_modified_time":"2026-03-09T11:52:02+00:00","og_image":[{"width":626,"height":357,"url":"https:\/\/pans.krosno.pl\/wf\/wp-content\/uploads\/sites\/17\/2020\/10\/harmonogram-i-harmonogram-projektu_74855-4584.jpg","type":"image\/jpeg"}],"twitter_card":"summary_large_image","twitter_misc":{"Szacowany czas czytania":"1 minuta"},"schema":{"@context":"https:\/\/schema.org","@graph":[{"@type":"WebPage","@id":"https:\/\/pans.krosno.pl\/wf\/harmonogram-zajec\/","url":"https:\/\/pans.krosno.pl\/wf\/harmonogram-zajec\/","name":"Harmonogram zaj\u0119\u0107 w semestrze letnim 2025\/2026 - Wychowanie Fizyczne PANS w Kro\u015bnie","isPartOf":{"@id":"https:\/\/pans.krosno.pl\/wf\/#website"},"primaryImageOfPage":{"@id":"https:\/\/pans.krosno.pl\/wf\/harmonogram-zajec\/#primaryimage"},"image":{"@id":"https:\/\/pans.krosno.pl\/wf\/harmonogram-zajec\/#primaryimage"},"thumbnailUrl":"https:\/\/pans.krosno.pl\/wf\/wp-content\/uploads\/sites\/17\/2020\/10\/harmonogram-i-harmonogram-projektu_74855-4584.jpg","datePublished":"2020-10-27T11:10:00+00:00","dateModified":"2026-03-09T11:52:02+00:00","description":"Harmonogramy zaj\u0119\u0107 w semestrze zimowym 2020\/2021","breadcrumb":{"@id":"https:\/\/pans.krosno.pl\/wf\/harmonogram-zajec\/#breadcrumb"},"inLanguage":"pl-PL","potentialAction":[{"@type":"ReadAction","target":["https:\/\/pans.krosno.pl\/wf\/harmonogram-zajec\/"]}]},{"@type":"ImageObject","inLanguage":"pl-PL","@id":"https:\/\/pans.krosno.pl\/wf\/harmonogram-zajec\/#primaryimage","url":"https:\/\/pans.krosno.pl\/wf\/wp-content\/uploads\/sites\/17\/2020\/10\/harmonogram-i-harmonogram-projektu_74855-4584.jpg","contentUrl":"https:\/\/pans.krosno.pl\/wf\/wp-content\/uploads\/sites\/17\/2020\/10\/harmonogram-i-harmonogram-projektu_74855-4584.jpg","width":626,"height":357},{"@type":"BreadcrumbList","@id":"https:\/\/pans.krosno.pl\/wf\/harmonogram-zajec\/#breadcrumb","itemListElement":[{"@type":"ListItem","position":1,"name":"Strona g\u0142\u00f3wna","item":"https:\/\/pans.krosno.pl\/wf\/"},{"@type":"ListItem","position":2,"name":"Harmonogram zaj\u0119\u0107 w semestrze letnim 2025\/2026"}]},{"@type":"WebSite","@id":"https:\/\/pans.krosno.pl\/wf\/#website","url":"https:\/\/pans.krosno.pl\/wf\/","name":"Wychowanie Fizyczne PANS w Kro\u015bnie","description":"Wychowanie Fizyczne - Pa\u0144stwowa Akademia Nauk Stosowanych","publisher":{"@id":"https:\/\/pans.krosno.pl\/wf\/#organization"},"potentialAction":[{"@type":"SearchAction","target":{"@type":"EntryPoint","urlTemplate":"https:\/\/pans.krosno.pl\/wf\/?s={search_term_string}"},"query-input":{"@type":"PropertyValueSpecification","valueRequired":true,"valueName":"search_term_string"}}],"inLanguage":"pl-PL"},{"@type":"Organization","@id":"https:\/\/pans.krosno.pl\/wf\/#organization","name":"Wychowanie Fizyczne PANS w Kro\u015bnie","url":"https:\/\/pans.krosno.pl\/wf\/","logo":{"@type":"ImageObject","inLanguage":"pl-PL","@id":"https:\/\/pans.krosno.pl\/wf\/#\/schema\/logo\/image\/","url":"https:\/\/pans.krosno.pl\/wf\/wp-content\/uploads\/sites\/17\/2023\/01\/Logo-PANS-2022-pelne.png","contentUrl":"https:\/\/pans.krosno.pl\/wf\/wp-content\/uploads\/sites\/17\/2023\/01\/Logo-PANS-2022-pelne.png","width":3096,"height":696,"caption":"Wychowanie Fizyczne PANS w Kro\u015bnie"},"image":{"@id":"https:\/\/pans.krosno.pl\/wf\/#\/schema\/logo\/image\/"}}]}},"_links":{"self":[{"href":"https:\/\/pans.krosno.pl\/wf\/wp-json\/wp\/v2\/pages\/53","targetHints":{"allow":["GET"]}}],"collection":[{"href":"https:\/\/pans.krosno.pl\/wf\/wp-json\/wp\/v2\/pages"}],"about":[{"href":"https:\/\/pans.krosno.pl\/wf\/wp-json\/wp\/v2\/types\/page"}],"author":[{"embeddable":true,"href":"https:\/\/pans.krosno.pl\/wf\/wp-json\/wp\/v2\/users\/27"}],"replies":[{"embeddable":true,"href":"https:\/\/pans.krosno.pl\/wf\/wp-json\/wp\/v2\/comments?post=53"}],"version-history":[{"count":142,"href":"https:\/\/pans.krosno.pl\/wf\/wp-json\/wp\/v2\/pages\/53\/revisions"}],"predecessor-version":[{"id":3186,"href":"https:\/\/pans.krosno.pl\/wf\/wp-json\/wp\/v2\/pages\/53\/revisions\/3186"}],"wp:featuredmedia":[{"embeddable":true,"href":"https:\/\/pans.krosno.pl\/wf\/wp-json\/wp\/v2\/media\/524"}],"wp:attachment":[{"href":"https:\/\/pans.krosno.pl\/wf\/wp-json\/wp\/v2\/media?parent=53"}],"curies":[{"name":"wp","href":"https:\/\/api.w.org\/{rel}","templated":true}]}}