{"id":46,"date":"2020-03-03T12:08:40","date_gmt":"2020-03-03T11:08:40","guid":{"rendered":"https:\/\/pans.krosno.pl\/wf\/?page_id=46"},"modified":"2025-10-24T09:28:01","modified_gmt":"2025-10-24T07:28:01","slug":"programy-studiow","status":"publish","type":"page","link":"https:\/\/pans.krosno.pl\/wf\/programy-studiow\/","title":{"rendered":"Programy studi\u00f3w"},"content":{"rendered":"\n<p>BIP <a href=\"https:\/\/bip.pans.krosno.pl\/artykul\/26\/9588\/programy-studiow-od-2021-2022\">Program studi\u00f3w dla kierunku wychowanie fizyczne dla cyklu kszta\u0142cenia 2021-2024<\/a><\/p>\n\n\n\n<p>BIP <a href=\"https:\/\/bip.pans.krosno.pl\/artykul\/26\/9900\/programy-studiow-od-2022-2023\">Program studi\u00f3w dla kierunku wychowanie fizyczne dla cyklu kszta\u0142cenia 2022-2025<\/a><\/p>\n\n\n\n<p>BIP <a href=\"https:\/\/bip.pans.krosno.pl\/artykul\/26\/10127\/programy-studiow-od-2023-2024-r\">Program studi\u00f3w dla kierunku wychowanie fizyczne dla cyklu kszta\u0142cenia 2023-2026<\/a><\/p>\n\n\n\n<p>BIP <a href=\"https:\/\/bip.pans.krosno.pl\/artykul\/26\/10401\/programy-studiow-od-2024-2025\">Program studi\u00f3w dla kierunku wychowanie fizyczne dla cyklu kszta\u0142cenia 2024-2025<\/a><\/p>\n\n\n\n<p>BIP <a href=\"https:\/\/bip.pans.krosno.pl\/attachments\/download\/5244\">Program studi\u00f3w dla kierunku wychowanie fizyczne dla cyklu kszta\u0142cenia 2025-2026<\/a><\/p>\n\n\n\n<p><\/p>\n","protected":false},"excerpt":{"rendered":"<p>BIP Program studi\u00f3w dla kierunku wychowanie fizyczne dla cyklu kszta\u0142cenia 2021-2024 BIP Program studi\u00f3w dla kierunku wychowanie fizyczne dla cyklu kszta\u0142cenia 2022-2025 BIP Program studi\u00f3w dla kierunku wychowanie fizyczne dla cyklu kszta\u0142cenia 2023-2026 BIP Program studi\u00f3w dla kierunku wychowanie fizyczne dla cyklu kszta\u0142cenia 2024-2025 BIP Program studi\u00f3w dla kierunku wychowanie [\u2026] <\/p>\n<div class=\"clear\"><\/div>\n<p><a class=\"more_link clearfix\" href=\"https:\/\/pans.krosno.pl\/wf\/programy-studiow\/\" rel=\"nofollow\">Read More<\/a><\/p>\n","protected":false},"author":27,"featured_media":0,"parent":0,"menu_order":0,"comment_status":"closed","ping_status":"closed","template":"page-templates\/template-full-width.php","meta":{"ngg_post_thumbnail":0,"footnotes":""},"class_list":["post-46","page","type-page","status-publish","hentry"],"yoast_head":"<!-- This site is optimized with the Yoast SEO Premium plugin v27.4 (Yoast SEO v27.4) - https:\/\/yoast.com\/product\/yoast-seo-premium-wordpress\/ -->\n<title>Programy studi\u00f3w - Wychowanie Fizyczne PANS w Kro\u015bnie<\/title>\n<meta name=\"description\" content=\"Program studi\u00f3w dla cyklu kszta\u0142cenia 2019-2022\" \/>\n<meta name=\"robots\" content=\"index, follow, max-snippet:-1, max-image-preview:large, max-video-preview:-1\" \/>\n<link rel=\"canonical\" href=\"https:\/\/pans.krosno.pl\/wf\/programy-studiow\/\" \/>\n<meta property=\"og:locale\" content=\"pl_PL\" \/>\n<meta property=\"og:type\" content=\"article\" \/>\n<meta property=\"og:title\" content=\"Programy studi\u00f3w\" \/>\n<meta property=\"og:description\" content=\"Program studi\u00f3w dla cyklu kszta\u0142cenia 2019-2022\" \/>\n<meta property=\"og:url\" content=\"https:\/\/pans.krosno.pl\/wf\/programy-studiow\/\" \/>\n<meta property=\"og:site_name\" content=\"Wychowanie Fizyczne PANS w Kro\u015bnie\" \/>\n<meta property=\"article:modified_time\" content=\"2025-10-24T07:28:01+00:00\" \/>\n<meta name=\"twitter:card\" content=\"summary_large_image\" \/>\n<meta name=\"twitter:label1\" content=\"Szacowany czas czytania\" \/>\n\t<meta name=\"twitter:data1\" content=\"1 minuta\" \/>\n<script type=\"application\/ld+json\" class=\"yoast-schema-graph\">{\"@context\":\"https:\\\/\\\/schema.org\",\"@graph\":[{\"@type\":\"WebPage\",\"@id\":\"https:\\\/\\\/pans.krosno.pl\\\/wf\\\/programy-studiow\\\/\",\"url\":\"https:\\\/\\\/pans.krosno.pl\\\/wf\\\/programy-studiow\\\/\",\"name\":\"Programy studi\u00f3w - Wychowanie Fizyczne PANS w Kro\u015bnie\",\"isPartOf\":{\"@id\":\"https:\\\/\\\/pans.krosno.pl\\\/wf\\\/#website\"},\"datePublished\":\"2020-03-03T11:08:40+00:00\",\"dateModified\":\"2025-10-24T07:28:01+00:00\",\"description\":\"Program studi\u00f3w dla cyklu kszta\u0142cenia 2019-2022\",\"breadcrumb\":{\"@id\":\"https:\\\/\\\/pans.krosno.pl\\\/wf\\\/programy-studiow\\\/#breadcrumb\"},\"inLanguage\":\"pl-PL\",\"potentialAction\":[{\"@type\":\"ReadAction\",\"target\":[\"https:\\\/\\\/pans.krosno.pl\\\/wf\\\/programy-studiow\\\/\"]}]},{\"@type\":\"BreadcrumbList\",\"@id\":\"https:\\\/\\\/pans.krosno.pl\\\/wf\\\/programy-studiow\\\/#breadcrumb\",\"itemListElement\":[{\"@type\":\"ListItem\",\"position\":1,\"name\":\"Strona g\u0142\u00f3wna\",\"item\":\"https:\\\/\\\/pans.krosno.pl\\\/wf\\\/\"},{\"@type\":\"ListItem\",\"position\":2,\"name\":\"Programy studi\u00f3w\"}]},{\"@type\":\"WebSite\",\"@id\":\"https:\\\/\\\/pans.krosno.pl\\\/wf\\\/#website\",\"url\":\"https:\\\/\\\/pans.krosno.pl\\\/wf\\\/\",\"name\":\"Wychowanie Fizyczne PANS w Kro\u015bnie\",\"description\":\"Wychowanie Fizyczne - Pa\u0144stwowa Akademia Nauk Stosowanych\",\"publisher\":{\"@id\":\"https:\\\/\\\/pans.krosno.pl\\\/wf\\\/#organization\"},\"potentialAction\":[{\"@type\":\"SearchAction\",\"target\":{\"@type\":\"EntryPoint\",\"urlTemplate\":\"https:\\\/\\\/pans.krosno.pl\\\/wf\\\/?s={search_term_string}\"},\"query-input\":{\"@type\":\"PropertyValueSpecification\",\"valueRequired\":true,\"valueName\":\"search_term_string\"}}],\"inLanguage\":\"pl-PL\"},{\"@type\":\"Organization\",\"@id\":\"https:\\\/\\\/pans.krosno.pl\\\/wf\\\/#organization\",\"name\":\"Wychowanie Fizyczne PANS w Kro\u015bnie\",\"url\":\"https:\\\/\\\/pans.krosno.pl\\\/wf\\\/\",\"logo\":{\"@type\":\"ImageObject\",\"inLanguage\":\"pl-PL\",\"@id\":\"https:\\\/\\\/pans.krosno.pl\\\/wf\\\/#\\\/schema\\\/logo\\\/image\\\/\",\"url\":\"https:\\\/\\\/pans.krosno.pl\\\/wf\\\/wp-content\\\/uploads\\\/sites\\\/17\\\/2023\\\/01\\\/Logo-PANS-2022-pelne.png\",\"contentUrl\":\"https:\\\/\\\/pans.krosno.pl\\\/wf\\\/wp-content\\\/uploads\\\/sites\\\/17\\\/2023\\\/01\\\/Logo-PANS-2022-pelne.png\",\"width\":3096,\"height\":696,\"caption\":\"Wychowanie Fizyczne PANS w Kro\u015bnie\"},\"image\":{\"@id\":\"https:\\\/\\\/pans.krosno.pl\\\/wf\\\/#\\\/schema\\\/logo\\\/image\\\/\"}}]}<\/script>\n<!-- \/ Yoast SEO Premium plugin. -->","yoast_head_json":{"title":"Programy studi\u00f3w - Wychowanie Fizyczne PANS w Kro\u015bnie","description":"Program studi\u00f3w dla cyklu kszta\u0142cenia 2019-2022","robots":{"index":"index","follow":"follow","max-snippet":"max-snippet:-1","max-image-preview":"max-image-preview:large","max-video-preview":"max-video-preview:-1"},"canonical":"https:\/\/pans.krosno.pl\/wf\/programy-studiow\/","og_locale":"pl_PL","og_type":"article","og_title":"Programy studi\u00f3w","og_description":"Program studi\u00f3w dla cyklu kszta\u0142cenia 2019-2022","og_url":"https:\/\/pans.krosno.pl\/wf\/programy-studiow\/","og_site_name":"Wychowanie Fizyczne PANS w Kro\u015bnie","article_modified_time":"2025-10-24T07:28:01+00:00","twitter_card":"summary_large_image","twitter_misc":{"Szacowany czas czytania":"1 minuta"},"schema":{"@context":"https:\/\/schema.org","@graph":[{"@type":"WebPage","@id":"https:\/\/pans.krosno.pl\/wf\/programy-studiow\/","url":"https:\/\/pans.krosno.pl\/wf\/programy-studiow\/","name":"Programy studi\u00f3w - Wychowanie Fizyczne PANS w Kro\u015bnie","isPartOf":{"@id":"https:\/\/pans.krosno.pl\/wf\/#website"},"datePublished":"2020-03-03T11:08:40+00:00","dateModified":"2025-10-24T07:28:01+00:00","description":"Program studi\u00f3w dla cyklu kszta\u0142cenia 2019-2022","breadcrumb":{"@id":"https:\/\/pans.krosno.pl\/wf\/programy-studiow\/#breadcrumb"},"inLanguage":"pl-PL","potentialAction":[{"@type":"ReadAction","target":["https:\/\/pans.krosno.pl\/wf\/programy-studiow\/"]}]},{"@type":"BreadcrumbList","@id":"https:\/\/pans.krosno.pl\/wf\/programy-studiow\/#breadcrumb","itemListElement":[{"@type":"ListItem","position":1,"name":"Strona g\u0142\u00f3wna","item":"https:\/\/pans.krosno.pl\/wf\/"},{"@type":"ListItem","position":2,"name":"Programy studi\u00f3w"}]},{"@type":"WebSite","@id":"https:\/\/pans.krosno.pl\/wf\/#website","url":"https:\/\/pans.krosno.pl\/wf\/","name":"Wychowanie Fizyczne PANS w Kro\u015bnie","description":"Wychowanie Fizyczne - Pa\u0144stwowa Akademia Nauk Stosowanych","publisher":{"@id":"https:\/\/pans.krosno.pl\/wf\/#organization"},"potentialAction":[{"@type":"SearchAction","target":{"@type":"EntryPoint","urlTemplate":"https:\/\/pans.krosno.pl\/wf\/?s={search_term_string}"},"query-input":{"@type":"PropertyValueSpecification","valueRequired":true,"valueName":"search_term_string"}}],"inLanguage":"pl-PL"},{"@type":"Organization","@id":"https:\/\/pans.krosno.pl\/wf\/#organization","name":"Wychowanie Fizyczne PANS w Kro\u015bnie","url":"https:\/\/pans.krosno.pl\/wf\/","logo":{"@type":"ImageObject","inLanguage":"pl-PL","@id":"https:\/\/pans.krosno.pl\/wf\/#\/schema\/logo\/image\/","url":"https:\/\/pans.krosno.pl\/wf\/wp-content\/uploads\/sites\/17\/2023\/01\/Logo-PANS-2022-pelne.png","contentUrl":"https:\/\/pans.krosno.pl\/wf\/wp-content\/uploads\/sites\/17\/2023\/01\/Logo-PANS-2022-pelne.png","width":3096,"height":696,"caption":"Wychowanie Fizyczne PANS w Kro\u015bnie"},"image":{"@id":"https:\/\/pans.krosno.pl\/wf\/#\/schema\/logo\/image\/"}}]}},"_links":{"self":[{"href":"https:\/\/pans.krosno.pl\/wf\/wp-json\/wp\/v2\/pages\/46","targetHints":{"allow":["GET"]}}],"collection":[{"href":"https:\/\/pans.krosno.pl\/wf\/wp-json\/wp\/v2\/pages"}],"about":[{"href":"https:\/\/pans.krosno.pl\/wf\/wp-json\/wp\/v2\/types\/page"}],"author":[{"embeddable":true,"href":"https:\/\/pans.krosno.pl\/wf\/wp-json\/wp\/v2\/users\/27"}],"replies":[{"embeddable":true,"href":"https:\/\/pans.krosno.pl\/wf\/wp-json\/wp\/v2\/comments?post=46"}],"version-history":[{"count":18,"href":"https:\/\/pans.krosno.pl\/wf\/wp-json\/wp\/v2\/pages\/46\/revisions"}],"predecessor-version":[{"id":3142,"href":"https:\/\/pans.krosno.pl\/wf\/wp-json\/wp\/v2\/pages\/46\/revisions\/3142"}],"wp:attachment":[{"href":"https:\/\/pans.krosno.pl\/wf\/wp-json\/wp\/v2\/media?parent=46"}],"curies":[{"name":"wp","href":"https:\/\/api.w.org\/{rel}","templated":true}]}}