{"id":3044,"date":"2025-07-25T11:46:01","date_gmt":"2025-07-25T09:46:01","guid":{"rendered":"https:\/\/pans.krosno.pl\/wf\/?page_id=3044"},"modified":"2025-07-25T11:46:01","modified_gmt":"2025-07-25T09:46:01","slug":"kontakt-sekretariat","status":"publish","type":"page","link":"https:\/\/pans.krosno.pl\/wf\/kontakt-sekretariat\/","title":{"rendered":"Kontakt sekretariat"},"content":{"rendered":"\n<p><strong>Zak\u0142ad Wychowania Fizycznego i sportu<\/strong><br><a href=\"https:\/\/pans.krosno.pl\/pracownicy\/grzegorz-sobolewski\/\">dr Grzegorz Sobolewski<\/a>\u00a0\u00a0\u2013\u00a0<strong>Kierownik Zak\u0142adu<\/strong><br>in\u017c. Wanda Dura\u0142<strong>\u00a0\u2013 Sekretariat<\/strong><br>tel. 13 43 755 60, fax: 13 43 755 61<br>e-mail:\u00a0<a href=\"mailto:ik@pans.krosno.pl\">ik@pans.krosno.pl<\/a><br>ul. Wyspia\u0144skiego 20, 38-400 Krosno<br>Pok\u00f3j 8 B<\/p>\n","protected":false},"excerpt":{"rendered":"<p>Zak\u0142ad Wychowania Fizycznego i sportudr Grzegorz Sobolewski\u00a0\u00a0\u2013\u00a0Kierownik Zak\u0142aduin\u017c. Wanda Dura\u0142\u00a0\u2013 Sekretariattel. 13 43 755 60, fax: 13 43 755 61e-mail:\u00a0ik@pans.krosno.plul. Wyspia\u0144skiego 20, 38-400 KrosnoPok\u00f3j 8 B<\/p>\n","protected":false},"author":27,"featured_media":0,"parent":0,"menu_order":0,"comment_status":"closed","ping_status":"closed","template":"","meta":{"ngg_post_thumbnail":0,"footnotes":""},"class_list":["post-3044","page","type-page","status-publish","hentry"],"yoast_head":"<!-- This site is optimized with the Yoast SEO Premium plugin v27.4 (Yoast SEO v27.4) - https:\/\/yoast.com\/product\/yoast-seo-premium-wordpress\/ -->\n<title>Kontakt sekretariat - Wychowanie Fizyczne PANS w Kro\u015bnie<\/title>\n<meta name=\"robots\" content=\"index, follow, max-snippet:-1, max-image-preview:large, max-video-preview:-1\" \/>\n<link rel=\"canonical\" href=\"https:\/\/pans.krosno.pl\/wf\/kontakt-sekretariat\/\" \/>\n<meta property=\"og:locale\" content=\"pl_PL\" \/>\n<meta property=\"og:type\" content=\"article\" \/>\n<meta property=\"og:title\" content=\"Kontakt sekretariat\" \/>\n<meta property=\"og:description\" content=\"Zak\u0142ad Wychowania Fizycznego i sportudr Grzegorz Sobolewski\u00a0\u00a0\u2013\u00a0Kierownik Zak\u0142aduin\u017c. Wanda Dura\u0142\u00a0\u2013 Sekretariattel. 13 43 755 60, fax: 13 43 755 61e-mail:\u00a0ik@pans.krosno.plul. Wyspia\u0144skiego 20, 38-400 KrosnoPok\u00f3j 8 B\" \/>\n<meta property=\"og:url\" content=\"https:\/\/pans.krosno.pl\/wf\/kontakt-sekretariat\/\" \/>\n<meta property=\"og:site_name\" content=\"Wychowanie Fizyczne PANS w Kro\u015bnie\" \/>\n<meta name=\"twitter:card\" content=\"summary_large_image\" \/>\n<meta name=\"twitter:label1\" content=\"Szacowany czas czytania\" \/>\n\t<meta name=\"twitter:data1\" content=\"1 minuta\" \/>\n<script type=\"application\/ld+json\" class=\"yoast-schema-graph\">{\"@context\":\"https:\\\/\\\/schema.org\",\"@graph\":[{\"@type\":\"WebPage\",\"@id\":\"https:\\\/\\\/pans.krosno.pl\\\/wf\\\/kontakt-sekretariat\\\/\",\"url\":\"https:\\\/\\\/pans.krosno.pl\\\/wf\\\/kontakt-sekretariat\\\/\",\"name\":\"Kontakt sekretariat - Wychowanie Fizyczne PANS w Kro\u015bnie\",\"isPartOf\":{\"@id\":\"https:\\\/\\\/pans.krosno.pl\\\/wf\\\/#website\"},\"datePublished\":\"2025-07-25T09:46:01+00:00\",\"breadcrumb\":{\"@id\":\"https:\\\/\\\/pans.krosno.pl\\\/wf\\\/kontakt-sekretariat\\\/#breadcrumb\"},\"inLanguage\":\"pl-PL\",\"potentialAction\":[{\"@type\":\"ReadAction\",\"target\":[\"https:\\\/\\\/pans.krosno.pl\\\/wf\\\/kontakt-sekretariat\\\/\"]}]},{\"@type\":\"BreadcrumbList\",\"@id\":\"https:\\\/\\\/pans.krosno.pl\\\/wf\\\/kontakt-sekretariat\\\/#breadcrumb\",\"itemListElement\":[{\"@type\":\"ListItem\",\"position\":1,\"name\":\"Strona g\u0142\u00f3wna\",\"item\":\"https:\\\/\\\/pans.krosno.pl\\\/wf\\\/\"},{\"@type\":\"ListItem\",\"position\":2,\"name\":\"Kontakt sekretariat\"}]},{\"@type\":\"WebSite\",\"@id\":\"https:\\\/\\\/pans.krosno.pl\\\/wf\\\/#website\",\"url\":\"https:\\\/\\\/pans.krosno.pl\\\/wf\\\/\",\"name\":\"Wychowanie Fizyczne PANS w Kro\u015bnie\",\"description\":\"Wychowanie Fizyczne - Pa\u0144stwowa Akademia Nauk Stosowanych\",\"publisher\":{\"@id\":\"https:\\\/\\\/pans.krosno.pl\\\/wf\\\/#organization\"},\"potentialAction\":[{\"@type\":\"SearchAction\",\"target\":{\"@type\":\"EntryPoint\",\"urlTemplate\":\"https:\\\/\\\/pans.krosno.pl\\\/wf\\\/?s={search_term_string}\"},\"query-input\":{\"@type\":\"PropertyValueSpecification\",\"valueRequired\":true,\"valueName\":\"search_term_string\"}}],\"inLanguage\":\"pl-PL\"},{\"@type\":\"Organization\",\"@id\":\"https:\\\/\\\/pans.krosno.pl\\\/wf\\\/#organization\",\"name\":\"Wychowanie Fizyczne PANS w Kro\u015bnie\",\"url\":\"https:\\\/\\\/pans.krosno.pl\\\/wf\\\/\",\"logo\":{\"@type\":\"ImageObject\",\"inLanguage\":\"pl-PL\",\"@id\":\"https:\\\/\\\/pans.krosno.pl\\\/wf\\\/#\\\/schema\\\/logo\\\/image\\\/\",\"url\":\"https:\\\/\\\/pans.krosno.pl\\\/wf\\\/wp-content\\\/uploads\\\/sites\\\/17\\\/2023\\\/01\\\/Logo-PANS-2022-pelne.png\",\"contentUrl\":\"https:\\\/\\\/pans.krosno.pl\\\/wf\\\/wp-content\\\/uploads\\\/sites\\\/17\\\/2023\\\/01\\\/Logo-PANS-2022-pelne.png\",\"width\":3096,\"height\":696,\"caption\":\"Wychowanie Fizyczne PANS w Kro\u015bnie\"},\"image\":{\"@id\":\"https:\\\/\\\/pans.krosno.pl\\\/wf\\\/#\\\/schema\\\/logo\\\/image\\\/\"}}]}<\/script>\n<!-- \/ Yoast SEO Premium plugin. -->","yoast_head_json":{"title":"Kontakt sekretariat - Wychowanie Fizyczne PANS w Kro\u015bnie","robots":{"index":"index","follow":"follow","max-snippet":"max-snippet:-1","max-image-preview":"max-image-preview:large","max-video-preview":"max-video-preview:-1"},"canonical":"https:\/\/pans.krosno.pl\/wf\/kontakt-sekretariat\/","og_locale":"pl_PL","og_type":"article","og_title":"Kontakt sekretariat","og_description":"Zak\u0142ad Wychowania Fizycznego i sportudr Grzegorz Sobolewski\u00a0\u00a0\u2013\u00a0Kierownik Zak\u0142aduin\u017c. Wanda Dura\u0142\u00a0\u2013 Sekretariattel. 13 43 755 60, fax: 13 43 755 61e-mail:\u00a0ik@pans.krosno.plul. Wyspia\u0144skiego 20, 38-400 KrosnoPok\u00f3j 8 B","og_url":"https:\/\/pans.krosno.pl\/wf\/kontakt-sekretariat\/","og_site_name":"Wychowanie Fizyczne PANS w Kro\u015bnie","twitter_card":"summary_large_image","twitter_misc":{"Szacowany czas czytania":"1 minuta"},"schema":{"@context":"https:\/\/schema.org","@graph":[{"@type":"WebPage","@id":"https:\/\/pans.krosno.pl\/wf\/kontakt-sekretariat\/","url":"https:\/\/pans.krosno.pl\/wf\/kontakt-sekretariat\/","name":"Kontakt sekretariat - Wychowanie Fizyczne PANS w Kro\u015bnie","isPartOf":{"@id":"https:\/\/pans.krosno.pl\/wf\/#website"},"datePublished":"2025-07-25T09:46:01+00:00","breadcrumb":{"@id":"https:\/\/pans.krosno.pl\/wf\/kontakt-sekretariat\/#breadcrumb"},"inLanguage":"pl-PL","potentialAction":[{"@type":"ReadAction","target":["https:\/\/pans.krosno.pl\/wf\/kontakt-sekretariat\/"]}]},{"@type":"BreadcrumbList","@id":"https:\/\/pans.krosno.pl\/wf\/kontakt-sekretariat\/#breadcrumb","itemListElement":[{"@type":"ListItem","position":1,"name":"Strona g\u0142\u00f3wna","item":"https:\/\/pans.krosno.pl\/wf\/"},{"@type":"ListItem","position":2,"name":"Kontakt sekretariat"}]},{"@type":"WebSite","@id":"https:\/\/pans.krosno.pl\/wf\/#website","url":"https:\/\/pans.krosno.pl\/wf\/","name":"Wychowanie Fizyczne PANS w Kro\u015bnie","description":"Wychowanie Fizyczne - Pa\u0144stwowa Akademia Nauk Stosowanych","publisher":{"@id":"https:\/\/pans.krosno.pl\/wf\/#organization"},"potentialAction":[{"@type":"SearchAction","target":{"@type":"EntryPoint","urlTemplate":"https:\/\/pans.krosno.pl\/wf\/?s={search_term_string}"},"query-input":{"@type":"PropertyValueSpecification","valueRequired":true,"valueName":"search_term_string"}}],"inLanguage":"pl-PL"},{"@type":"Organization","@id":"https:\/\/pans.krosno.pl\/wf\/#organization","name":"Wychowanie Fizyczne PANS w Kro\u015bnie","url":"https:\/\/pans.krosno.pl\/wf\/","logo":{"@type":"ImageObject","inLanguage":"pl-PL","@id":"https:\/\/pans.krosno.pl\/wf\/#\/schema\/logo\/image\/","url":"https:\/\/pans.krosno.pl\/wf\/wp-content\/uploads\/sites\/17\/2023\/01\/Logo-PANS-2022-pelne.png","contentUrl":"https:\/\/pans.krosno.pl\/wf\/wp-content\/uploads\/sites\/17\/2023\/01\/Logo-PANS-2022-pelne.png","width":3096,"height":696,"caption":"Wychowanie Fizyczne PANS w Kro\u015bnie"},"image":{"@id":"https:\/\/pans.krosno.pl\/wf\/#\/schema\/logo\/image\/"}}]}},"_links":{"self":[{"href":"https:\/\/pans.krosno.pl\/wf\/wp-json\/wp\/v2\/pages\/3044","targetHints":{"allow":["GET"]}}],"collection":[{"href":"https:\/\/pans.krosno.pl\/wf\/wp-json\/wp\/v2\/pages"}],"about":[{"href":"https:\/\/pans.krosno.pl\/wf\/wp-json\/wp\/v2\/types\/page"}],"author":[{"embeddable":true,"href":"https:\/\/pans.krosno.pl\/wf\/wp-json\/wp\/v2\/users\/27"}],"replies":[{"embeddable":true,"href":"https:\/\/pans.krosno.pl\/wf\/wp-json\/wp\/v2\/comments?post=3044"}],"version-history":[{"count":1,"href":"https:\/\/pans.krosno.pl\/wf\/wp-json\/wp\/v2\/pages\/3044\/revisions"}],"predecessor-version":[{"id":3045,"href":"https:\/\/pans.krosno.pl\/wf\/wp-json\/wp\/v2\/pages\/3044\/revisions\/3045"}],"wp:attachment":[{"href":"https:\/\/pans.krosno.pl\/wf\/wp-json\/wp\/v2\/media?parent=3044"}],"curies":[{"name":"wp","href":"https:\/\/api.w.org\/{rel}","templated":true}]}}