{"id":2134,"date":"2022-10-06T09:56:56","date_gmt":"2022-10-06T07:56:56","guid":{"rendered":"https:\/\/pans.krosno.pl\/wf\/?page_id=2134"},"modified":"2022-10-06T21:44:24","modified_gmt":"2022-10-06T19:44:24","slug":"program-studiow-dla-cyklu-ksztalcenia-2022-2025-karty-przedmiotow%ef%bf%bc","status":"publish","type":"page","link":"https:\/\/pans.krosno.pl\/wf\/program-studiow-dla-cyklu-ksztalcenia-2022-2025-karty-przedmiotow%ef%bf%bc\/","title":{"rendered":"Program studi\u00f3w dla cyklu kszta\u0142cenia 2022-2025 &#8211; Karty przedmiot\u00f3w"},"content":{"rendered":"\n<p><strong>SEMESTR I <\/strong><\/p>\n\n\n\n<div class=\"wp-block-file\"><a id=\"wp-block-file--media-76962b61-cc16-421e-a915-867ef668d7ec\" href=\"https:\/\/pans.krosno.pl\/wf\/wp-content\/uploads\/sites\/17\/2022\/10\/A1-Lektorat-jezyka-obcego.pdf\">A1 Lektorat j\u0119zyka obcego<\/a><a href=\"https:\/\/pans.krosno.pl\/wf\/wp-content\/uploads\/sites\/17\/2022\/10\/A1-Lektorat-jezyka-obcego.pdf\" class=\"wp-block-file__button\" download aria-describedby=\"wp-block-file--media-76962b61-cc16-421e-a915-867ef668d7ec\">Pobierz<\/a><\/div>\n\n\n\n<div class=\"wp-block-file\"><a id=\"wp-block-file--media-3df70d10-c58c-4515-b000-ef2f94a689cc\" href=\"https:\/\/pans.krosno.pl\/wf\/wp-content\/uploads\/sites\/17\/2022\/10\/A2-Ergonomia-i-BHP.pdf\">A2 Ergonomia i BHP<\/a><a href=\"https:\/\/pans.krosno.pl\/wf\/wp-content\/uploads\/sites\/17\/2022\/10\/A2-Ergonomia-i-BHP.pdf\" class=\"wp-block-file__button\" download aria-describedby=\"wp-block-file--media-3df70d10-c58c-4515-b000-ef2f94a689cc\">Pobierz<\/a><\/div>\n\n\n\n<div class=\"wp-block-file\"><a id=\"wp-block-file--media-3c408aca-3a49-48bb-b998-f7d87dec67e8\" href=\"https:\/\/pans.krosno.pl\/wf\/wp-content\/uploads\/sites\/17\/2022\/10\/A3-Przedsiebiorczosc.docx.pdf\">A3 Przedsi\u0119biorczo\u015b\u0107.docx<\/a><a href=\"https:\/\/pans.krosno.pl\/wf\/wp-content\/uploads\/sites\/17\/2022\/10\/A3-Przedsiebiorczosc.docx.pdf\" class=\"wp-block-file__button\" download aria-describedby=\"wp-block-file--media-3c408aca-3a49-48bb-b998-f7d87dec67e8\">Pobierz<\/a><\/div>\n\n\n\n<div class=\"wp-block-file\"><a id=\"wp-block-file--media-7fc7019f-d425-468a-b130-f9b4f8c56a51\" href=\"https:\/\/pans.krosno.pl\/wf\/wp-content\/uploads\/sites\/17\/2022\/10\/A4-Technologia-informacyjna.pdf\">A4 Technologia informacyjna<\/a><a href=\"https:\/\/pans.krosno.pl\/wf\/wp-content\/uploads\/sites\/17\/2022\/10\/A4-Technologia-informacyjna.pdf\" class=\"wp-block-file__button\" download aria-describedby=\"wp-block-file--media-7fc7019f-d425-468a-b130-f9b4f8c56a51\">Pobierz<\/a><\/div>\n\n\n\n<div class=\"wp-block-file\"><a id=\"wp-block-file--media-7071b9cc-e83d-4e47-b5df-0924ef6315b7\" href=\"https:\/\/pans.krosno.pl\/wf\/wp-content\/uploads\/sites\/17\/2022\/10\/B1-Anatomia.pdf\">B1 Anatomia<\/a><a href=\"https:\/\/pans.krosno.pl\/wf\/wp-content\/uploads\/sites\/17\/2022\/10\/B1-Anatomia.pdf\" class=\"wp-block-file__button\" download aria-describedby=\"wp-block-file--media-7071b9cc-e83d-4e47-b5df-0924ef6315b7\">Pobierz<\/a><\/div>\n\n\n\n<div class=\"wp-block-file\"><a id=\"wp-block-file--media-a7f22a60-97d6-48f1-838b-82c0c1cf075e\" href=\"https:\/\/pans.krosno.pl\/wf\/wp-content\/uploads\/sites\/17\/2022\/10\/B3-Biochemia-z-biologia.pdf\">B3 Biochemia z biologi\u0105<\/a><a href=\"https:\/\/pans.krosno.pl\/wf\/wp-content\/uploads\/sites\/17\/2022\/10\/B3-Biochemia-z-biologia.pdf\" class=\"wp-block-file__button\" download aria-describedby=\"wp-block-file--media-a7f22a60-97d6-48f1-838b-82c0c1cf075e\">Pobierz<\/a><\/div>\n\n\n\n<div class=\"wp-block-file\"><a id=\"wp-block-file--media-981a768d-43b4-44a3-8c60-af462a8ae4cc\" href=\"https:\/\/pans.krosno.pl\/wf\/wp-content\/uploads\/sites\/17\/2022\/10\/B5-Pedagogika.pdf\">B5 Pedagogika<\/a><a href=\"https:\/\/pans.krosno.pl\/wf\/wp-content\/uploads\/sites\/17\/2022\/10\/B5-Pedagogika.pdf\" class=\"wp-block-file__button\" download aria-describedby=\"wp-block-file--media-981a768d-43b4-44a3-8c60-af462a8ae4cc\">Pobierz<\/a><\/div>\n\n\n\n<div class=\"wp-block-file\"><a id=\"wp-block-file--media-67c2852d-d1e8-485f-9263-f7690a059f05\" href=\"https:\/\/pans.krosno.pl\/wf\/wp-content\/uploads\/sites\/17\/2022\/10\/B6-Psychologia-ogolna.pdf\">B6 Psychologia og\u00f3lna<\/a><a href=\"https:\/\/pans.krosno.pl\/wf\/wp-content\/uploads\/sites\/17\/2022\/10\/B6-Psychologia-ogolna.pdf\" class=\"wp-block-file__button\" download aria-describedby=\"wp-block-file--media-67c2852d-d1e8-485f-9263-f7690a059f05\">Pobierz<\/a><\/div>\n\n\n\n<div class=\"wp-block-file\"><a id=\"wp-block-file--media-4766c850-b44d-487f-ac31-ec3ce5e00487\" href=\"https:\/\/pans.krosno.pl\/wf\/wp-content\/uploads\/sites\/17\/2022\/10\/C6-Fitness-i-aerobik.pdf\">C6 Fitness i aerobik<\/a><a href=\"https:\/\/pans.krosno.pl\/wf\/wp-content\/uploads\/sites\/17\/2022\/10\/C6-Fitness-i-aerobik.pdf\" class=\"wp-block-file__button\" download aria-describedby=\"wp-block-file--media-4766c850-b44d-487f-ac31-ec3ce5e00487\">Pobierz<\/a><\/div>\n\n\n\n<div class=\"wp-block-file\"><a id=\"wp-block-file--media-6c71e364-bf69-4bad-9cfb-dad17f08a38e\" href=\"https:\/\/pans.krosno.pl\/wf\/wp-content\/uploads\/sites\/17\/2022\/10\/C7-Historia-kultury-fizycznej.pdf\">C7 Historia kultury fizycznej<\/a><a href=\"https:\/\/pans.krosno.pl\/wf\/wp-content\/uploads\/sites\/17\/2022\/10\/C7-Historia-kultury-fizycznej.pdf\" class=\"wp-block-file__button\" download aria-describedby=\"wp-block-file--media-6c71e364-bf69-4bad-9cfb-dad17f08a38e\">Pobierz<\/a><\/div>\n\n\n\n<div class=\"wp-block-file\"><a id=\"wp-block-file--media-f56a1209-b1fa-44a6-a4ba-187e495f7588\" href=\"https:\/\/pans.krosno.pl\/wf\/wp-content\/uploads\/sites\/17\/2022\/10\/C13-Teoria-i-metodyka-gimnastyki.pdf\">C13 Teoria i metodyka gimnastyki<\/a><a href=\"https:\/\/pans.krosno.pl\/wf\/wp-content\/uploads\/sites\/17\/2022\/10\/C13-Teoria-i-metodyka-gimnastyki.pdf\" class=\"wp-block-file__button\" download aria-describedby=\"wp-block-file--media-f56a1209-b1fa-44a6-a4ba-187e495f7588\">Pobierz<\/a><\/div>\n\n\n\n<div class=\"wp-block-file\"><a id=\"wp-block-file--media-1eba25b7-7143-4a0a-93da-d9240ec2dbd0\" href=\"https:\/\/pans.krosno.pl\/wf\/wp-content\/uploads\/sites\/17\/2022\/10\/C14-Teoria-i-metodyka-lekkoatletyki.pdf\">C14 Teoria i metodyka lekkoatletyki<\/a><a href=\"https:\/\/pans.krosno.pl\/wf\/wp-content\/uploads\/sites\/17\/2022\/10\/C14-Teoria-i-metodyka-lekkoatletyki.pdf\" class=\"wp-block-file__button\" download aria-describedby=\"wp-block-file--media-1eba25b7-7143-4a0a-93da-d9240ec2dbd0\">Pobierz<\/a><\/div>\n\n\n\n<div class=\"wp-block-file\"><a id=\"wp-block-file--media-9a728fd9-b4dc-47de-b66c-826fcaad29f8\" href=\"https:\/\/pans.krosno.pl\/wf\/wp-content\/uploads\/sites\/17\/2022\/10\/C15-Teoria-i-metodyka-plywania.pdf\">C15 Teoria i metodyka p\u0142ywania<\/a><a href=\"https:\/\/pans.krosno.pl\/wf\/wp-content\/uploads\/sites\/17\/2022\/10\/C15-Teoria-i-metodyka-plywania.pdf\" class=\"wp-block-file__button\" download aria-describedby=\"wp-block-file--media-9a728fd9-b4dc-47de-b66c-826fcaad29f8\">Pobierz<\/a><\/div>\n\n\n\n<div class=\"wp-block-file\"><a id=\"wp-block-file--media-09dd7ca4-dfd1-40c6-a005-a8414abe2e38\" href=\"https:\/\/pans.krosno.pl\/wf\/wp-content\/uploads\/sites\/17\/2022\/10\/C17-Teoria-i-metodyka-pilki-noznej.docx.pdf\">C17 Teoria i metodyka pi\u0142ki no\u017cnej<\/a><a href=\"https:\/\/pans.krosno.pl\/wf\/wp-content\/uploads\/sites\/17\/2022\/10\/C17-Teoria-i-metodyka-pilki-noznej.docx.pdf\" class=\"wp-block-file__button\" download aria-describedby=\"wp-block-file--media-09dd7ca4-dfd1-40c6-a005-a8414abe2e38\">Pobierz<\/a><\/div>\n\n\n\n<div class=\"wp-block-file\"><a id=\"wp-block-file--media-a47415aa-dee9-4cf4-8a00-7ed4813e7a88\" href=\"https:\/\/pans.krosno.pl\/wf\/wp-content\/uploads\/sites\/17\/2022\/10\/C21-Zabawy-i-gry-ruchowe.pdf\">C21 Zabawy i gry ruchowe<\/a><a href=\"https:\/\/pans.krosno.pl\/wf\/wp-content\/uploads\/sites\/17\/2022\/10\/C21-Zabawy-i-gry-ruchowe.pdf\" class=\"wp-block-file__button\" download aria-describedby=\"wp-block-file--media-a47415aa-dee9-4cf4-8a00-7ed4813e7a88\">Pobierz<\/a><\/div>\n\n\n\n<p><\/p>\n","protected":false},"excerpt":{"rendered":"<p>SEMESTR I<\/p>\n","protected":false},"author":27,"featured_media":0,"parent":0,"menu_order":0,"comment_status":"closed","ping_status":"closed","template":"","meta":{"ngg_post_thumbnail":0,"footnotes":""},"class_list":["post-2134","page","type-page","status-publish","hentry"],"yoast_head":"<!-- This site is optimized with the Yoast SEO Premium plugin v27.4 (Yoast SEO v27.4) - https:\/\/yoast.com\/product\/yoast-seo-premium-wordpress\/ -->\n<title>Program studi\u00f3w dla cyklu kszta\u0142cenia 2022-2025 - Karty przedmiot\u00f3w - Wychowanie Fizyczne PANS w Kro\u015bnie<\/title>\n<meta name=\"robots\" content=\"index, follow, max-snippet:-1, max-image-preview:large, max-video-preview:-1\" \/>\n<link rel=\"canonical\" href=\"https:\/\/pans.krosno.pl\/wf\/program-studiow-dla-cyklu-ksztalcenia-2022-2025-karty-przedmiotow\ufffc\/\" \/>\n<meta property=\"og:locale\" content=\"pl_PL\" \/>\n<meta property=\"og:type\" content=\"article\" \/>\n<meta property=\"og:title\" content=\"Program studi\u00f3w dla cyklu kszta\u0142cenia 2022-2025 - Karty przedmiot\u00f3w\" \/>\n<meta property=\"og:description\" content=\"SEMESTR I\" \/>\n<meta property=\"og:url\" content=\"https:\/\/pans.krosno.pl\/wf\/program-studiow-dla-cyklu-ksztalcenia-2022-2025-karty-przedmiotow\ufffc\/\" \/>\n<meta property=\"og:site_name\" content=\"Wychowanie Fizyczne PANS w Kro\u015bnie\" \/>\n<meta property=\"article:modified_time\" content=\"2022-10-06T19:44:24+00:00\" \/>\n<meta name=\"twitter:card\" content=\"summary_large_image\" \/>\n<meta name=\"twitter:label1\" content=\"Szacowany czas czytania\" \/>\n\t<meta name=\"twitter:data1\" content=\"1 minuta\" \/>\n<script type=\"application\/ld+json\" class=\"yoast-schema-graph\">{\"@context\":\"https:\\\/\\\/schema.org\",\"@graph\":[{\"@type\":\"WebPage\",\"@id\":\"https:\\\/\\\/pans.krosno.pl\\\/wf\\\/program-studiow-dla-cyklu-ksztalcenia-2022-2025-karty-przedmiotow%ef%bf%bc\\\/\",\"url\":\"https:\\\/\\\/pans.krosno.pl\\\/wf\\\/program-studiow-dla-cyklu-ksztalcenia-2022-2025-karty-przedmiotow%ef%bf%bc\\\/\",\"name\":\"Program studi\u00f3w dla cyklu kszta\u0142cenia 2022-2025 - Karty przedmiot\u00f3w - Wychowanie Fizyczne PANS w Kro\u015bnie\",\"isPartOf\":{\"@id\":\"https:\\\/\\\/pans.krosno.pl\\\/wf\\\/#website\"},\"datePublished\":\"2022-10-06T07:56:56+00:00\",\"dateModified\":\"2022-10-06T19:44:24+00:00\",\"breadcrumb\":{\"@id\":\"https:\\\/\\\/pans.krosno.pl\\\/wf\\\/program-studiow-dla-cyklu-ksztalcenia-2022-2025-karty-przedmiotow%ef%bf%bc\\\/#breadcrumb\"},\"inLanguage\":\"pl-PL\",\"potentialAction\":[{\"@type\":\"ReadAction\",\"target\":[\"https:\\\/\\\/pans.krosno.pl\\\/wf\\\/program-studiow-dla-cyklu-ksztalcenia-2022-2025-karty-przedmiotow%ef%bf%bc\\\/\"]}]},{\"@type\":\"BreadcrumbList\",\"@id\":\"https:\\\/\\\/pans.krosno.pl\\\/wf\\\/program-studiow-dla-cyklu-ksztalcenia-2022-2025-karty-przedmiotow%ef%bf%bc\\\/#breadcrumb\",\"itemListElement\":[{\"@type\":\"ListItem\",\"position\":1,\"name\":\"Strona g\u0142\u00f3wna\",\"item\":\"https:\\\/\\\/pans.krosno.pl\\\/wf\\\/\"},{\"@type\":\"ListItem\",\"position\":2,\"name\":\"Program studi\u00f3w dla cyklu kszta\u0142cenia 2022-2025 &#8211; Karty przedmiot\u00f3w\"}]},{\"@type\":\"WebSite\",\"@id\":\"https:\\\/\\\/pans.krosno.pl\\\/wf\\\/#website\",\"url\":\"https:\\\/\\\/pans.krosno.pl\\\/wf\\\/\",\"name\":\"Wychowanie Fizyczne PANS w Kro\u015bnie\",\"description\":\"Wychowanie Fizyczne - Pa\u0144stwowa Akademia Nauk Stosowanych\",\"publisher\":{\"@id\":\"https:\\\/\\\/pans.krosno.pl\\\/wf\\\/#organization\"},\"potentialAction\":[{\"@type\":\"SearchAction\",\"target\":{\"@type\":\"EntryPoint\",\"urlTemplate\":\"https:\\\/\\\/pans.krosno.pl\\\/wf\\\/?s={search_term_string}\"},\"query-input\":{\"@type\":\"PropertyValueSpecification\",\"valueRequired\":true,\"valueName\":\"search_term_string\"}}],\"inLanguage\":\"pl-PL\"},{\"@type\":\"Organization\",\"@id\":\"https:\\\/\\\/pans.krosno.pl\\\/wf\\\/#organization\",\"name\":\"Wychowanie Fizyczne PANS w Kro\u015bnie\",\"url\":\"https:\\\/\\\/pans.krosno.pl\\\/wf\\\/\",\"logo\":{\"@type\":\"ImageObject\",\"inLanguage\":\"pl-PL\",\"@id\":\"https:\\\/\\\/pans.krosno.pl\\\/wf\\\/#\\\/schema\\\/logo\\\/image\\\/\",\"url\":\"https:\\\/\\\/pans.krosno.pl\\\/wf\\\/wp-content\\\/uploads\\\/sites\\\/17\\\/2023\\\/01\\\/Logo-PANS-2022-pelne.png\",\"contentUrl\":\"https:\\\/\\\/pans.krosno.pl\\\/wf\\\/wp-content\\\/uploads\\\/sites\\\/17\\\/2023\\\/01\\\/Logo-PANS-2022-pelne.png\",\"width\":3096,\"height\":696,\"caption\":\"Wychowanie Fizyczne PANS w Kro\u015bnie\"},\"image\":{\"@id\":\"https:\\\/\\\/pans.krosno.pl\\\/wf\\\/#\\\/schema\\\/logo\\\/image\\\/\"}}]}<\/script>\n<!-- \/ Yoast SEO Premium plugin. -->","yoast_head_json":{"title":"Program studi\u00f3w dla cyklu kszta\u0142cenia 2022-2025 - Karty przedmiot\u00f3w - Wychowanie Fizyczne PANS w Kro\u015bnie","robots":{"index":"index","follow":"follow","max-snippet":"max-snippet:-1","max-image-preview":"max-image-preview:large","max-video-preview":"max-video-preview:-1"},"canonical":"https:\/\/pans.krosno.pl\/wf\/program-studiow-dla-cyklu-ksztalcenia-2022-2025-karty-przedmiotow\ufffc\/","og_locale":"pl_PL","og_type":"article","og_title":"Program studi\u00f3w dla cyklu kszta\u0142cenia 2022-2025 - Karty przedmiot\u00f3w","og_description":"SEMESTR I","og_url":"https:\/\/pans.krosno.pl\/wf\/program-studiow-dla-cyklu-ksztalcenia-2022-2025-karty-przedmiotow\ufffc\/","og_site_name":"Wychowanie Fizyczne PANS w Kro\u015bnie","article_modified_time":"2022-10-06T19:44:24+00:00","twitter_card":"summary_large_image","twitter_misc":{"Szacowany czas czytania":"1 minuta"},"schema":{"@context":"https:\/\/schema.org","@graph":[{"@type":"WebPage","@id":"https:\/\/pans.krosno.pl\/wf\/program-studiow-dla-cyklu-ksztalcenia-2022-2025-karty-przedmiotow%ef%bf%bc\/","url":"https:\/\/pans.krosno.pl\/wf\/program-studiow-dla-cyklu-ksztalcenia-2022-2025-karty-przedmiotow%ef%bf%bc\/","name":"Program studi\u00f3w dla cyklu kszta\u0142cenia 2022-2025 - Karty przedmiot\u00f3w - Wychowanie Fizyczne PANS w Kro\u015bnie","isPartOf":{"@id":"https:\/\/pans.krosno.pl\/wf\/#website"},"datePublished":"2022-10-06T07:56:56+00:00","dateModified":"2022-10-06T19:44:24+00:00","breadcrumb":{"@id":"https:\/\/pans.krosno.pl\/wf\/program-studiow-dla-cyklu-ksztalcenia-2022-2025-karty-przedmiotow%ef%bf%bc\/#breadcrumb"},"inLanguage":"pl-PL","potentialAction":[{"@type":"ReadAction","target":["https:\/\/pans.krosno.pl\/wf\/program-studiow-dla-cyklu-ksztalcenia-2022-2025-karty-przedmiotow%ef%bf%bc\/"]}]},{"@type":"BreadcrumbList","@id":"https:\/\/pans.krosno.pl\/wf\/program-studiow-dla-cyklu-ksztalcenia-2022-2025-karty-przedmiotow%ef%bf%bc\/#breadcrumb","itemListElement":[{"@type":"ListItem","position":1,"name":"Strona g\u0142\u00f3wna","item":"https:\/\/pans.krosno.pl\/wf\/"},{"@type":"ListItem","position":2,"name":"Program studi\u00f3w dla cyklu kszta\u0142cenia 2022-2025 &#8211; Karty przedmiot\u00f3w"}]},{"@type":"WebSite","@id":"https:\/\/pans.krosno.pl\/wf\/#website","url":"https:\/\/pans.krosno.pl\/wf\/","name":"Wychowanie Fizyczne PANS w Kro\u015bnie","description":"Wychowanie Fizyczne - Pa\u0144stwowa Akademia Nauk Stosowanych","publisher":{"@id":"https:\/\/pans.krosno.pl\/wf\/#organization"},"potentialAction":[{"@type":"SearchAction","target":{"@type":"EntryPoint","urlTemplate":"https:\/\/pans.krosno.pl\/wf\/?s={search_term_string}"},"query-input":{"@type":"PropertyValueSpecification","valueRequired":true,"valueName":"search_term_string"}}],"inLanguage":"pl-PL"},{"@type":"Organization","@id":"https:\/\/pans.krosno.pl\/wf\/#organization","name":"Wychowanie Fizyczne PANS w Kro\u015bnie","url":"https:\/\/pans.krosno.pl\/wf\/","logo":{"@type":"ImageObject","inLanguage":"pl-PL","@id":"https:\/\/pans.krosno.pl\/wf\/#\/schema\/logo\/image\/","url":"https:\/\/pans.krosno.pl\/wf\/wp-content\/uploads\/sites\/17\/2023\/01\/Logo-PANS-2022-pelne.png","contentUrl":"https:\/\/pans.krosno.pl\/wf\/wp-content\/uploads\/sites\/17\/2023\/01\/Logo-PANS-2022-pelne.png","width":3096,"height":696,"caption":"Wychowanie Fizyczne PANS w Kro\u015bnie"},"image":{"@id":"https:\/\/pans.krosno.pl\/wf\/#\/schema\/logo\/image\/"}}]}},"_links":{"self":[{"href":"https:\/\/pans.krosno.pl\/wf\/wp-json\/wp\/v2\/pages\/2134","targetHints":{"allow":["GET"]}}],"collection":[{"href":"https:\/\/pans.krosno.pl\/wf\/wp-json\/wp\/v2\/pages"}],"about":[{"href":"https:\/\/pans.krosno.pl\/wf\/wp-json\/wp\/v2\/types\/page"}],"author":[{"embeddable":true,"href":"https:\/\/pans.krosno.pl\/wf\/wp-json\/wp\/v2\/users\/27"}],"replies":[{"embeddable":true,"href":"https:\/\/pans.krosno.pl\/wf\/wp-json\/wp\/v2\/comments?post=2134"}],"version-history":[{"count":4,"href":"https:\/\/pans.krosno.pl\/wf\/wp-json\/wp\/v2\/pages\/2134\/revisions"}],"predecessor-version":[{"id":2188,"href":"https:\/\/pans.krosno.pl\/wf\/wp-json\/wp\/v2\/pages\/2134\/revisions\/2188"}],"wp:attachment":[{"href":"https:\/\/pans.krosno.pl\/wf\/wp-json\/wp\/v2\/media?parent=2134"}],"curies":[{"name":"wp","href":"https:\/\/api.w.org\/{rel}","templated":true}]}}