{"id":20,"date":"2019-11-05T15:33:47","date_gmt":"2019-11-05T14:33:47","guid":{"rendered":"https:\/\/pans.krosno.pl\/wf\/?page_id=20"},"modified":"2025-06-26T17:45:03","modified_gmt":"2025-06-26T15:45:03","slug":"egzamin-dyplomowy","status":"publish","type":"page","link":"https:\/\/pans.krosno.pl\/wf\/egzamin-dyplomowy\/","title":{"rendered":"Egzamin dyplomowy"},"content":{"rendered":"\n<div class=\"wp-block-file\"><a id=\"wp-block-file--media-1dda59ef-2043-48b2-9420-75ed908c48e2\" href=\"https:\/\/pans.krosno.pl\/wf\/wp-content\/uploads\/sites\/17\/2024\/10\/Proponowana-tematyka-prac-dyplomowych-2.pdf\" target=\"_blank\" rel=\"noreferrer noopener\">Proponowana-tematyka-prac-dyplomowych<\/a><a href=\"https:\/\/pans.krosno.pl\/wf\/wp-content\/uploads\/sites\/17\/2024\/10\/Proponowana-tematyka-prac-dyplomowych-2.pdf\" class=\"wp-block-file__button wp-element-button\" download aria-describedby=\"wp-block-file--media-1dda59ef-2043-48b2-9420-75ed908c48e2\">Pobierz<\/a><\/div>\n\n\n\n<div class=\"wp-block-file\"><a id=\"wp-block-file--media-b7278602-ad4c-4060-8fed-27be9dfd113b\" href=\"https:\/\/pans.krosno.pl\/wf\/wp-content\/uploads\/sites\/17\/2021\/12\/Procedura-6-1.pdf\">Procedura dyplomowania<\/a><a href=\"https:\/\/pans.krosno.pl\/wf\/wp-content\/uploads\/sites\/17\/2021\/12\/Procedura-6-1.pdf\" class=\"wp-block-file__button wp-element-button\" download aria-describedby=\"wp-block-file--media-b7278602-ad4c-4060-8fed-27be9dfd113b\">Pobierz<\/a><\/div>\n\n\n\n<div class=\"wp-block-file\"><a id=\"wp-block-file--media-a04ac954-8209-49b3-9505-7a12b5589324\" href=\"https:\/\/pans.krosno.pl\/wf\/wp-content\/uploads\/sites\/17\/2020\/03\/kryteria_oceny_pierwszej_czesci_egzaminu_dyplomowego_2.pdf\" target=\"_blank\" rel=\"noreferrer noopener\">Kryterium oceny pierwszej cz\u0119\u015bci egzaminu dyplomowego <\/a><a href=\"https:\/\/pans.krosno.pl\/wf\/wp-content\/uploads\/sites\/17\/2020\/03\/kryteria_oceny_pierwszej_czesci_egzaminu_dyplomowego_2.pdf\" class=\"wp-block-file__button wp-element-button\" download aria-describedby=\"wp-block-file--media-a04ac954-8209-49b3-9505-7a12b5589324\">Pobierz<\/a><\/div>\n\n\n\n<div class=\"wp-block-file\"><a id=\"wp-block-file--media-b6477b84-92d6-4bd0-90bd-58c70318c123\" href=\"https:\/\/pans.krosno.pl\/wf\/wp-content\/uploads\/sites\/17\/2023\/06\/6-procedura-zal-4-Wzor-strony-tytulowej-wydanie-4.doc\">Wz\u00f3r strony tytu\u0142owej<\/a><a href=\"https:\/\/pans.krosno.pl\/wf\/wp-content\/uploads\/sites\/17\/2023\/06\/6-procedura-zal-4-Wzor-strony-tytulowej-wydanie-4.doc\" class=\"wp-block-file__button wp-element-button\" download aria-describedby=\"wp-block-file--media-b6477b84-92d6-4bd0-90bd-58c70318c123\">Pobierz<\/a><\/div>\n\n\n\n<p><\/p>\n\n\n\n<p class=\"has-text-align-left\"><strong>Zagadnienia egzaminacyjne<\/strong><\/p>\n\n\n\n<p><\/p>\n\n\n\n<div class=\"wp-block-file\"><a id=\"wp-block-file--media-992facde-1219-48db-84b8-aa8154d67a64\" href=\"https:\/\/pans.krosno.pl\/wf\/wp-content\/uploads\/sites\/17\/2022\/03\/Zagadanienia-na-egzamin-dyplomowy-Wychowanie-Fizyczne.pdf\" target=\"_blank\" rel=\"noreferrer noopener\">Zestaw pyta\u0144<\/a><a href=\"https:\/\/pans.krosno.pl\/wf\/wp-content\/uploads\/sites\/17\/2022\/03\/Zagadanienia-na-egzamin-dyplomowy-Wychowanie-Fizyczne.pdf\" class=\"wp-block-file__button wp-element-button\" download aria-describedby=\"wp-block-file--media-992facde-1219-48db-84b8-aa8154d67a64\">Pobierz<\/a><\/div>\n\n\n\n<p><\/p>\n","protected":false},"excerpt":{"rendered":"<p>Zagadnienia egzaminacyjne<\/p>\n","protected":false},"author":27,"featured_media":0,"parent":0,"menu_order":0,"comment_status":"closed","ping_status":"closed","template":"page-templates\/template-full-width.php","meta":{"ngg_post_thumbnail":0,"footnotes":""},"class_list":["post-20","page","type-page","status-publish","hentry"],"yoast_head":"<!-- This site is optimized with the Yoast SEO Premium plugin v27.3 (Yoast SEO v27.3) - https:\/\/yoast.com\/product\/yoast-seo-premium-wordpress\/ -->\n<title>Egzamin dyplomowy - Wychowanie Fizyczne PANS w Kro\u015bnie<\/title>\n<meta name=\"description\" content=\"Informacja dotycz\u0105ca sk\u0142adania dokumentacji przed obrona wychowanie fizyczne\" \/>\n<meta name=\"robots\" content=\"index, follow, max-snippet:-1, max-image-preview:large, max-video-preview:-1\" \/>\n<link rel=\"canonical\" href=\"https:\/\/pans.krosno.pl\/wf\/egzamin-dyplomowy\/\" \/>\n<meta property=\"og:locale\" content=\"pl_PL\" \/>\n<meta property=\"og:type\" content=\"article\" \/>\n<meta property=\"og:title\" content=\"Egzamin dyplomowy\" \/>\n<meta property=\"og:description\" content=\"Informacja dotycz\u0105ca sk\u0142adania dokumentacji przed obrona wychowanie fizyczne\" \/>\n<meta property=\"og:url\" content=\"https:\/\/pans.krosno.pl\/wf\/egzamin-dyplomowy\/\" \/>\n<meta property=\"og:site_name\" content=\"Wychowanie Fizyczne PANS w Kro\u015bnie\" \/>\n<meta property=\"article:modified_time\" content=\"2025-06-26T15:45:03+00:00\" \/>\n<meta name=\"twitter:card\" content=\"summary_large_image\" \/>\n<meta name=\"twitter:label1\" content=\"Szacowany czas czytania\" \/>\n\t<meta name=\"twitter:data1\" content=\"1 minuta\" \/>\n<script type=\"application\/ld+json\" class=\"yoast-schema-graph\">{\"@context\":\"https:\\\/\\\/schema.org\",\"@graph\":[{\"@type\":\"WebPage\",\"@id\":\"https:\\\/\\\/pans.krosno.pl\\\/wf\\\/egzamin-dyplomowy\\\/\",\"url\":\"https:\\\/\\\/pans.krosno.pl\\\/wf\\\/egzamin-dyplomowy\\\/\",\"name\":\"Egzamin dyplomowy - Wychowanie Fizyczne PANS w Kro\u015bnie\",\"isPartOf\":{\"@id\":\"https:\\\/\\\/pans.krosno.pl\\\/wf\\\/#website\"},\"datePublished\":\"2019-11-05T14:33:47+00:00\",\"dateModified\":\"2025-06-26T15:45:03+00:00\",\"description\":\"Informacja dotycz\u0105ca sk\u0142adania dokumentacji przed obrona wychowanie fizyczne\",\"breadcrumb\":{\"@id\":\"https:\\\/\\\/pans.krosno.pl\\\/wf\\\/egzamin-dyplomowy\\\/#breadcrumb\"},\"inLanguage\":\"pl-PL\",\"potentialAction\":[{\"@type\":\"ReadAction\",\"target\":[\"https:\\\/\\\/pans.krosno.pl\\\/wf\\\/egzamin-dyplomowy\\\/\"]}]},{\"@type\":\"BreadcrumbList\",\"@id\":\"https:\\\/\\\/pans.krosno.pl\\\/wf\\\/egzamin-dyplomowy\\\/#breadcrumb\",\"itemListElement\":[{\"@type\":\"ListItem\",\"position\":1,\"name\":\"Strona g\u0142\u00f3wna\",\"item\":\"https:\\\/\\\/pans.krosno.pl\\\/wf\\\/\"},{\"@type\":\"ListItem\",\"position\":2,\"name\":\"Egzamin dyplomowy\"}]},{\"@type\":\"WebSite\",\"@id\":\"https:\\\/\\\/pans.krosno.pl\\\/wf\\\/#website\",\"url\":\"https:\\\/\\\/pans.krosno.pl\\\/wf\\\/\",\"name\":\"Wychowanie Fizyczne PANS w Kro\u015bnie\",\"description\":\"Wychowanie Fizyczne - Pa\u0144stwowa Akademia Nauk Stosowanych\",\"publisher\":{\"@id\":\"https:\\\/\\\/pans.krosno.pl\\\/wf\\\/#organization\"},\"potentialAction\":[{\"@type\":\"SearchAction\",\"target\":{\"@type\":\"EntryPoint\",\"urlTemplate\":\"https:\\\/\\\/pans.krosno.pl\\\/wf\\\/?s={search_term_string}\"},\"query-input\":{\"@type\":\"PropertyValueSpecification\",\"valueRequired\":true,\"valueName\":\"search_term_string\"}}],\"inLanguage\":\"pl-PL\"},{\"@type\":\"Organization\",\"@id\":\"https:\\\/\\\/pans.krosno.pl\\\/wf\\\/#organization\",\"name\":\"Wychowanie Fizyczne PANS w Kro\u015bnie\",\"url\":\"https:\\\/\\\/pans.krosno.pl\\\/wf\\\/\",\"logo\":{\"@type\":\"ImageObject\",\"inLanguage\":\"pl-PL\",\"@id\":\"https:\\\/\\\/pans.krosno.pl\\\/wf\\\/#\\\/schema\\\/logo\\\/image\\\/\",\"url\":\"https:\\\/\\\/pans.krosno.pl\\\/wf\\\/wp-content\\\/uploads\\\/sites\\\/17\\\/2023\\\/01\\\/Logo-PANS-2022-pelne.png\",\"contentUrl\":\"https:\\\/\\\/pans.krosno.pl\\\/wf\\\/wp-content\\\/uploads\\\/sites\\\/17\\\/2023\\\/01\\\/Logo-PANS-2022-pelne.png\",\"width\":3096,\"height\":696,\"caption\":\"Wychowanie Fizyczne PANS w Kro\u015bnie\"},\"image\":{\"@id\":\"https:\\\/\\\/pans.krosno.pl\\\/wf\\\/#\\\/schema\\\/logo\\\/image\\\/\"}}]}<\/script>\n<!-- \/ Yoast SEO Premium plugin. -->","yoast_head_json":{"title":"Egzamin dyplomowy - Wychowanie Fizyczne PANS w Kro\u015bnie","description":"Informacja dotycz\u0105ca sk\u0142adania dokumentacji przed obrona wychowanie fizyczne","robots":{"index":"index","follow":"follow","max-snippet":"max-snippet:-1","max-image-preview":"max-image-preview:large","max-video-preview":"max-video-preview:-1"},"canonical":"https:\/\/pans.krosno.pl\/wf\/egzamin-dyplomowy\/","og_locale":"pl_PL","og_type":"article","og_title":"Egzamin dyplomowy","og_description":"Informacja dotycz\u0105ca sk\u0142adania dokumentacji przed obrona wychowanie fizyczne","og_url":"https:\/\/pans.krosno.pl\/wf\/egzamin-dyplomowy\/","og_site_name":"Wychowanie Fizyczne PANS w Kro\u015bnie","article_modified_time":"2025-06-26T15:45:03+00:00","twitter_card":"summary_large_image","twitter_misc":{"Szacowany czas czytania":"1 minuta"},"schema":{"@context":"https:\/\/schema.org","@graph":[{"@type":"WebPage","@id":"https:\/\/pans.krosno.pl\/wf\/egzamin-dyplomowy\/","url":"https:\/\/pans.krosno.pl\/wf\/egzamin-dyplomowy\/","name":"Egzamin dyplomowy - Wychowanie Fizyczne PANS w Kro\u015bnie","isPartOf":{"@id":"https:\/\/pans.krosno.pl\/wf\/#website"},"datePublished":"2019-11-05T14:33:47+00:00","dateModified":"2025-06-26T15:45:03+00:00","description":"Informacja dotycz\u0105ca sk\u0142adania dokumentacji przed obrona wychowanie fizyczne","breadcrumb":{"@id":"https:\/\/pans.krosno.pl\/wf\/egzamin-dyplomowy\/#breadcrumb"},"inLanguage":"pl-PL","potentialAction":[{"@type":"ReadAction","target":["https:\/\/pans.krosno.pl\/wf\/egzamin-dyplomowy\/"]}]},{"@type":"BreadcrumbList","@id":"https:\/\/pans.krosno.pl\/wf\/egzamin-dyplomowy\/#breadcrumb","itemListElement":[{"@type":"ListItem","position":1,"name":"Strona g\u0142\u00f3wna","item":"https:\/\/pans.krosno.pl\/wf\/"},{"@type":"ListItem","position":2,"name":"Egzamin dyplomowy"}]},{"@type":"WebSite","@id":"https:\/\/pans.krosno.pl\/wf\/#website","url":"https:\/\/pans.krosno.pl\/wf\/","name":"Wychowanie Fizyczne PANS w Kro\u015bnie","description":"Wychowanie Fizyczne - Pa\u0144stwowa Akademia Nauk Stosowanych","publisher":{"@id":"https:\/\/pans.krosno.pl\/wf\/#organization"},"potentialAction":[{"@type":"SearchAction","target":{"@type":"EntryPoint","urlTemplate":"https:\/\/pans.krosno.pl\/wf\/?s={search_term_string}"},"query-input":{"@type":"PropertyValueSpecification","valueRequired":true,"valueName":"search_term_string"}}],"inLanguage":"pl-PL"},{"@type":"Organization","@id":"https:\/\/pans.krosno.pl\/wf\/#organization","name":"Wychowanie Fizyczne PANS w Kro\u015bnie","url":"https:\/\/pans.krosno.pl\/wf\/","logo":{"@type":"ImageObject","inLanguage":"pl-PL","@id":"https:\/\/pans.krosno.pl\/wf\/#\/schema\/logo\/image\/","url":"https:\/\/pans.krosno.pl\/wf\/wp-content\/uploads\/sites\/17\/2023\/01\/Logo-PANS-2022-pelne.png","contentUrl":"https:\/\/pans.krosno.pl\/wf\/wp-content\/uploads\/sites\/17\/2023\/01\/Logo-PANS-2022-pelne.png","width":3096,"height":696,"caption":"Wychowanie Fizyczne PANS w Kro\u015bnie"},"image":{"@id":"https:\/\/pans.krosno.pl\/wf\/#\/schema\/logo\/image\/"}}]}},"_links":{"self":[{"href":"https:\/\/pans.krosno.pl\/wf\/wp-json\/wp\/v2\/pages\/20","targetHints":{"allow":["GET"]}}],"collection":[{"href":"https:\/\/pans.krosno.pl\/wf\/wp-json\/wp\/v2\/pages"}],"about":[{"href":"https:\/\/pans.krosno.pl\/wf\/wp-json\/wp\/v2\/types\/page"}],"author":[{"embeddable":true,"href":"https:\/\/pans.krosno.pl\/wf\/wp-json\/wp\/v2\/users\/27"}],"replies":[{"embeddable":true,"href":"https:\/\/pans.krosno.pl\/wf\/wp-json\/wp\/v2\/comments?post=20"}],"version-history":[{"count":32,"href":"https:\/\/pans.krosno.pl\/wf\/wp-json\/wp\/v2\/pages\/20\/revisions"}],"predecessor-version":[{"id":3040,"href":"https:\/\/pans.krosno.pl\/wf\/wp-json\/wp\/v2\/pages\/20\/revisions\/3040"}],"wp:attachment":[{"href":"https:\/\/pans.krosno.pl\/wf\/wp-json\/wp\/v2\/media?parent=20"}],"curies":[{"name":"wp","href":"https:\/\/api.w.org\/{rel}","templated":true}]}}