{"id":18,"date":"2019-11-05T15:33:47","date_gmt":"2019-11-05T14:33:47","guid":{"rendered":"https:\/\/pans.krosno.pl\/wf\/?page_id=18"},"modified":"2026-02-23T14:19:14","modified_gmt":"2026-02-23T13:19:14","slug":"dyzury-pracownikow","status":"publish","type":"page","link":"https:\/\/pans.krosno.pl\/wf\/dyzury-pracownikow\/","title":{"rendered":"Dy\u017cury pracownik\u00f3w"},"content":{"rendered":"\n<p><strong>Wychowanie fizyczne i sport<\/strong><\/p>\n\n\n\n<figure class=\"wp-block-image aligncenter size-large\"><img loading=\"lazy\" decoding=\"async\" width=\"1024\" height=\"576\" src=\"https:\/\/pans.krosno.pl\/wf\/wp-content\/uploads\/sites\/17\/2024\/10\/szklane-kadra2-1024x576.jpg\" alt=\"\" class=\"wp-image-2886\" srcset=\"https:\/\/pans.krosno.pl\/wf\/wp-content\/uploads\/sites\/17\/2024\/10\/szklane-kadra2-1024x576.jpg 1024w, https:\/\/pans.krosno.pl\/wf\/wp-content\/uploads\/sites\/17\/2024\/10\/szklane-kadra2-300x169.jpg 300w, https:\/\/pans.krosno.pl\/wf\/wp-content\/uploads\/sites\/17\/2024\/10\/szklane-kadra2-768x432.jpg 768w, https:\/\/pans.krosno.pl\/wf\/wp-content\/uploads\/sites\/17\/2024\/10\/szklane-kadra2-800x450.jpg 800w, https:\/\/pans.krosno.pl\/wf\/wp-content\/uploads\/sites\/17\/2024\/10\/szklane-kadra2-270x152.jpg 270w, https:\/\/pans.krosno.pl\/wf\/wp-content\/uploads\/sites\/17\/2024\/10\/szklane-kadra2-580x326.jpg 580w, https:\/\/pans.krosno.pl\/wf\/wp-content\/uploads\/sites\/17\/2024\/10\/szklane-kadra2.jpg 1178w\" sizes=\"auto, (max-width: 1024px) 100vw, 1024px\" \/><\/figure>\n\n\n\n<p><strong>Dy\u017cury pracownik\u00f3w w semestrze zimowym 2025\/2026<\/strong><\/p>\n\n\n\n<figure class=\"wp-block-table is-style-stripes\"><table class=\"has-fixed-layout\"><thead><tr><th>Imi\u0119 i nazwisko<\/th><th>Dzie\u0144<\/th><th><strong>Godzina<\/strong><\/th><th>Miejsce<\/th><th>Kontakt<\/th><\/tr><\/thead><tbody><tr><td><strong><a href=\"https:\/\/pans.krosno.pl\/pracownicy\/zbigniew-barabasz\/\">dr hab. prof. PANS Zbigniew Barabasz<\/a><\/strong><\/td><td>wtorek<\/td><td>12.00 &#8211; 13.30<\/td><td>Rynek 1<\/td><td>zbigniew.barabasz@pans.krosno.pl<\/td><\/tr><tr><td><strong><a href=\"https:\/\/pans.krosno.pl\/pracownicy\/slawomir-drozd\/\">dr hab. prof. PANS S\u0142awomir Drozd<\/a><\/strong><\/td><td>\u015brody<\/td><td>13.00 &#8211; 14.00<\/td><td>ul. Wyspia\u0144skiego 20, pok\u00f3j. 7A \/ 3C<\/td><td>slawomir.drozd@pans.krosno.pl<\/td><\/tr><tr><td><a href=\"https:\/\/pans.krosno.pl\/pracownicy\/emilian-zadarko\/\"><strong>dr hab. prof. KPU Emilian Zadarko<\/strong><\/a><\/td><td>wtorek <\/td><td>11.00 &#8211; 12.00<\/td><td>ul. Wyspia\u0144skiego 20, pok\u00f3j 07A<\/td><td>emilian.zadarko@pans.krosno.pl<\/td><\/tr><tr><td><strong><a href=\"https:\/\/pans.krosno.pl\/pracownicy\/krzysztof-fraczek\/\">dr Krzysztof Fr\u0105czek<\/a><\/strong><\/td><td>\u015brody<\/td><td>11.00 &#8211; 12.30<\/td><td>Rynek 1, pok\u00f3j 007<\/td><td>krzysztof.fraczek@pans.krosno.pl <\/td><\/tr><tr><td><strong><a href=\"https:\/\/pans.krosno.pl\/pracownicy\/wojciech-golab\/\">dr Wojciech Go\u0142\u0105b<\/a><\/strong><\/td><td>pi\u0105tki<\/td><td>16.30 &#8211; 17.30<\/td><td>ul. Wyspia\u0144skiego 20, pok\u00f3j 07A<\/td><td>wojciech.golab@pans.krosno.pl<\/td><\/tr><tr><td><strong><a href=\"https:\/\/pans.krosno.pl\/pracownicy\/monika-musijowska\/\">dr Monika Musijowska<\/a><\/strong><\/td><td><br><br><br><br><\/td><td><\/td><td>Wyspia\u0144skiego 20, pok. 08A<br><br>K. Wielkiego 6, pok. 10<br><\/td><td>monika.musijowska@pans.krosno.pl<\/td><\/tr><tr><td><strong><a href=\"https:\/\/pans.krosno.pl\/pracownicy\/grzegorz-sobolewski\/\">dr Grzegorz Sobolewski<\/a><\/strong><\/td><td>poniedzia\u0142ek <br><br>\u015brody<br><\/td><td>12.45-13.45<br><br>11.30-12.30<br><\/td><td>Rynek 1, pok. 04<br><br>Wyspia\u0144skiego 20, pok. 08A<\/td><td>grzegorz.sobolewski@pans.krosno.pl  <\/td><\/tr><tr><td><strong><a href=\"https:\/\/pans.krosno.pl\/pracownicy\/edyta-niziol-babiarz\/\">dr Edyta Nizio\u0142-Babiarz<\/a><\/strong><\/td><td>wtorek<\/td><td>9.45-11.15<\/td><td>ul. Wyspia\u0144skiego 20, pok. 07A<\/td><td>edyta.niziol-babiarz@pans.krosno.pl<\/td><\/tr><tr><td><strong><a href=\"https:\/\/pans.krosno.pl\/pracownicy\/lukasz-wojtyczek\/\">dr \u0141ukasz Wojtyczek<\/a><\/strong><\/td><td>poniedzia\u0142ki<\/td><td>13.30-14.30<\/td><td>ul. Wyspia\u0144skiego 20, pok\u00f3j 110 B<\/td><td>lukasz.wojtyczek@pans.krosno.pl<\/td><\/tr><tr><td><strong><a href=\"https:\/\/pans.krosno.pl\/pracownicy\/joanna-kocur\/\">mgr Joanna Kocur<\/a><\/strong><\/td><td>poniedzia\u0142ek <br><br>\u015broda<\/td><td>12.45-13.45<br><br>10.30-11.30<\/td><td>K. Wielkiego 6, pok. 10<br><br>Wyspia\u0144skiego 20, pok. 05 C<\/td><td>joanna.kocur@pans.krosno.pl<\/td><\/tr><tr><td><\/td><td><\/td><td><\/td><td><\/td><td><\/td><\/tr><tr><td><strong><a href=\"https:\/\/pans.krosno.pl\/pracownicy\/dominik-stanislawczyk\/\">mgr Dominik Stanis\u0142awczyk<\/a><\/strong><\/td><td>poniedzia\u0142ek<br><br>wtorek<\/td><td>12.45-13.45<br><br>09.45-10.45<\/td><td><br>K. Wielkiego 6, pok. 10<br><br>Wyspia\u0144skiego, 20, pok. 05C<\/td><td>dominik.stanislawczyk@pans.krosno.pl<\/td><\/tr><tr><td><strong>mgr Natalia Staro\u0144<\/strong><\/td><td>poniedzia\u0142ek<br><br>\u015broda<\/td><td>12.45-13.45<br><br>12.50-13.50<\/td><td>K. Wielkiego 6, pok. 10<br>Wyspia\u0144skiego 20,<br>pok. 06C<\/td><td>natalia.staron@pans.krosno.pl<\/td><\/tr><tr><td><strong><a href=\"https:\/\/pans.krosno.pl\/pracownicy\/marzena-szepieniec\/\">mgr Marzena Szepieniec<\/a><\/strong><\/td><td><br><br>poniedzia\u0142ek<br><br>wtorek<br><\/td><td>12.45-13.45<br><br>13.30-14.30<\/td><td>K. Wielkiego 6, pok. 10<br>Wyspia\u0144skiego 20,<br>pok. 08a<\/td><td>marzena.szepieniec@pans.krosno.pl   <br><\/td><\/tr><tr><td><strong><a href=\"https:\/\/pans.krosno.pl\/pracownicy\/danuta-kaminska\/\">mgr Danuta Kami\u0144ska<\/a><\/strong><\/td><td>\u015brody<\/td><td>17.30-18.00<\/td><td> ul. Kazimierza Wielkiego 6<br>sala nr 2<\/td><td>danuta.kaminska@pans.krosno.pl   <\/td><\/tr><\/tbody><\/table><\/figure>\n","protected":false},"excerpt":{"rendered":"<p>Wychowanie fizyczne i sport Dy\u017cury pracownik\u00f3w w semestrze zimowym 2025\/2026 Imi\u0119 i nazwisko Dzie\u0144 Godzina Miejsce Kontakt dr hab. prof. PANS Zbigniew Barabasz wtorek 12.00 &#8211; 13.30 Rynek 1 zbigniew.barabasz@pans.krosno.pl dr hab. prof. PANS S\u0142awomir Drozd \u015brody 13.00 &#8211; 14.00 ul. Wyspia\u0144skiego 20, pok\u00f3j. 7A \/ 3C slawomir.drozd@pans.krosno.pl dr hab. [\u2026] <\/p>\n<div class=\"clear\"><\/div>\n<p><a class=\"more_link clearfix\" href=\"https:\/\/pans.krosno.pl\/wf\/dyzury-pracownikow\/\" rel=\"nofollow\">Read More<\/a><\/p>\n","protected":false},"author":27,"featured_media":0,"parent":0,"menu_order":0,"comment_status":"closed","ping_status":"closed","template":"page-templates\/template-full-width.php","meta":{"ngg_post_thumbnail":0,"footnotes":""},"class_list":["post-18","page","type-page","status-publish","hentry"],"yoast_head":"<!-- This site is optimized with the Yoast SEO Premium plugin v27.4 (Yoast SEO v27.4) - https:\/\/yoast.com\/product\/yoast-seo-premium-wordpress\/ -->\n<title>Dy\u017cury pracownik\u00f3w - Wychowanie Fizyczne PANS w Kro\u015bnie<\/title>\n<meta name=\"description\" content=\"Dy\u017cury pracownik\u00f3w w semestrze zimowym 2019\/2020\" \/>\n<meta name=\"robots\" content=\"index, follow, max-snippet:-1, max-image-preview:large, max-video-preview:-1\" \/>\n<link rel=\"canonical\" href=\"https:\/\/pans.krosno.pl\/wf\/dyzury-pracownikow\/\" \/>\n<meta property=\"og:locale\" content=\"pl_PL\" \/>\n<meta property=\"og:type\" content=\"article\" \/>\n<meta property=\"og:title\" content=\"Dy\u017cury pracownik\u00f3w\" \/>\n<meta property=\"og:description\" content=\"Dy\u017cury pracownik\u00f3w w semestrze zimowym 2019\/2020\" \/>\n<meta property=\"og:url\" content=\"https:\/\/pans.krosno.pl\/wf\/dyzury-pracownikow\/\" \/>\n<meta property=\"og:site_name\" content=\"Wychowanie Fizyczne PANS w Kro\u015bnie\" \/>\n<meta property=\"article:modified_time\" content=\"2026-02-23T13:19:14+00:00\" \/>\n<meta property=\"og:image\" content=\"https:\/\/pans.krosno.pl\/wf\/wp-content\/uploads\/sites\/17\/2024\/10\/szklane-kadra2.jpg\" \/>\n\t<meta property=\"og:image:width\" content=\"1178\" \/>\n\t<meta property=\"og:image:height\" content=\"663\" \/>\n\t<meta property=\"og:image:type\" content=\"image\/jpeg\" \/>\n<meta name=\"twitter:card\" content=\"summary_large_image\" \/>\n<meta name=\"twitter:label1\" content=\"Szacowany czas czytania\" \/>\n\t<meta name=\"twitter:data1\" content=\"2 minuty\" \/>\n<script type=\"application\/ld+json\" class=\"yoast-schema-graph\">{\"@context\":\"https:\\\/\\\/schema.org\",\"@graph\":[{\"@type\":\"WebPage\",\"@id\":\"https:\\\/\\\/pans.krosno.pl\\\/wf\\\/dyzury-pracownikow\\\/\",\"url\":\"https:\\\/\\\/pans.krosno.pl\\\/wf\\\/dyzury-pracownikow\\\/\",\"name\":\"Dy\u017cury pracownik\u00f3w - Wychowanie Fizyczne PANS w Kro\u015bnie\",\"isPartOf\":{\"@id\":\"https:\\\/\\\/pans.krosno.pl\\\/wf\\\/#website\"},\"primaryImageOfPage\":{\"@id\":\"https:\\\/\\\/pans.krosno.pl\\\/wf\\\/dyzury-pracownikow\\\/#primaryimage\"},\"image\":{\"@id\":\"https:\\\/\\\/pans.krosno.pl\\\/wf\\\/dyzury-pracownikow\\\/#primaryimage\"},\"thumbnailUrl\":\"https:\\\/\\\/pans.krosno.pl\\\/wf\\\/wp-content\\\/uploads\\\/sites\\\/17\\\/2024\\\/10\\\/szklane-kadra2-1024x576.jpg\",\"datePublished\":\"2019-11-05T14:33:47+00:00\",\"dateModified\":\"2026-02-23T13:19:14+00:00\",\"description\":\"Dy\u017cury pracownik\u00f3w w semestrze zimowym 2019\\\/2020\",\"breadcrumb\":{\"@id\":\"https:\\\/\\\/pans.krosno.pl\\\/wf\\\/dyzury-pracownikow\\\/#breadcrumb\"},\"inLanguage\":\"pl-PL\",\"potentialAction\":[{\"@type\":\"ReadAction\",\"target\":[\"https:\\\/\\\/pans.krosno.pl\\\/wf\\\/dyzury-pracownikow\\\/\"]}]},{\"@type\":\"ImageObject\",\"inLanguage\":\"pl-PL\",\"@id\":\"https:\\\/\\\/pans.krosno.pl\\\/wf\\\/dyzury-pracownikow\\\/#primaryimage\",\"url\":\"https:\\\/\\\/pans.krosno.pl\\\/wf\\\/wp-content\\\/uploads\\\/sites\\\/17\\\/2024\\\/10\\\/szklane-kadra2.jpg\",\"contentUrl\":\"https:\\\/\\\/pans.krosno.pl\\\/wf\\\/wp-content\\\/uploads\\\/sites\\\/17\\\/2024\\\/10\\\/szklane-kadra2.jpg\",\"width\":1178,\"height\":663},{\"@type\":\"BreadcrumbList\",\"@id\":\"https:\\\/\\\/pans.krosno.pl\\\/wf\\\/dyzury-pracownikow\\\/#breadcrumb\",\"itemListElement\":[{\"@type\":\"ListItem\",\"position\":1,\"name\":\"Strona g\u0142\u00f3wna\",\"item\":\"https:\\\/\\\/pans.krosno.pl\\\/wf\\\/\"},{\"@type\":\"ListItem\",\"position\":2,\"name\":\"Dy\u017cury pracownik\u00f3w\"}]},{\"@type\":\"WebSite\",\"@id\":\"https:\\\/\\\/pans.krosno.pl\\\/wf\\\/#website\",\"url\":\"https:\\\/\\\/pans.krosno.pl\\\/wf\\\/\",\"name\":\"Wychowanie Fizyczne PANS w Kro\u015bnie\",\"description\":\"Wychowanie Fizyczne - Pa\u0144stwowa Akademia Nauk Stosowanych\",\"publisher\":{\"@id\":\"https:\\\/\\\/pans.krosno.pl\\\/wf\\\/#organization\"},\"potentialAction\":[{\"@type\":\"SearchAction\",\"target\":{\"@type\":\"EntryPoint\",\"urlTemplate\":\"https:\\\/\\\/pans.krosno.pl\\\/wf\\\/?s={search_term_string}\"},\"query-input\":{\"@type\":\"PropertyValueSpecification\",\"valueRequired\":true,\"valueName\":\"search_term_string\"}}],\"inLanguage\":\"pl-PL\"},{\"@type\":\"Organization\",\"@id\":\"https:\\\/\\\/pans.krosno.pl\\\/wf\\\/#organization\",\"name\":\"Wychowanie Fizyczne PANS w Kro\u015bnie\",\"url\":\"https:\\\/\\\/pans.krosno.pl\\\/wf\\\/\",\"logo\":{\"@type\":\"ImageObject\",\"inLanguage\":\"pl-PL\",\"@id\":\"https:\\\/\\\/pans.krosno.pl\\\/wf\\\/#\\\/schema\\\/logo\\\/image\\\/\",\"url\":\"https:\\\/\\\/pans.krosno.pl\\\/wf\\\/wp-content\\\/uploads\\\/sites\\\/17\\\/2023\\\/01\\\/Logo-PANS-2022-pelne.png\",\"contentUrl\":\"https:\\\/\\\/pans.krosno.pl\\\/wf\\\/wp-content\\\/uploads\\\/sites\\\/17\\\/2023\\\/01\\\/Logo-PANS-2022-pelne.png\",\"width\":3096,\"height\":696,\"caption\":\"Wychowanie Fizyczne PANS w Kro\u015bnie\"},\"image\":{\"@id\":\"https:\\\/\\\/pans.krosno.pl\\\/wf\\\/#\\\/schema\\\/logo\\\/image\\\/\"}}]}<\/script>\n<!-- \/ Yoast SEO Premium plugin. -->","yoast_head_json":{"title":"Dy\u017cury pracownik\u00f3w - Wychowanie Fizyczne PANS w Kro\u015bnie","description":"Dy\u017cury pracownik\u00f3w w semestrze zimowym 2019\/2020","robots":{"index":"index","follow":"follow","max-snippet":"max-snippet:-1","max-image-preview":"max-image-preview:large","max-video-preview":"max-video-preview:-1"},"canonical":"https:\/\/pans.krosno.pl\/wf\/dyzury-pracownikow\/","og_locale":"pl_PL","og_type":"article","og_title":"Dy\u017cury pracownik\u00f3w","og_description":"Dy\u017cury pracownik\u00f3w w semestrze zimowym 2019\/2020","og_url":"https:\/\/pans.krosno.pl\/wf\/dyzury-pracownikow\/","og_site_name":"Wychowanie Fizyczne PANS w Kro\u015bnie","article_modified_time":"2026-02-23T13:19:14+00:00","og_image":[{"width":1178,"height":663,"url":"https:\/\/pans.krosno.pl\/wf\/wp-content\/uploads\/sites\/17\/2024\/10\/szklane-kadra2.jpg","type":"image\/jpeg"}],"twitter_card":"summary_large_image","twitter_misc":{"Szacowany czas czytania":"2 minuty"},"schema":{"@context":"https:\/\/schema.org","@graph":[{"@type":"WebPage","@id":"https:\/\/pans.krosno.pl\/wf\/dyzury-pracownikow\/","url":"https:\/\/pans.krosno.pl\/wf\/dyzury-pracownikow\/","name":"Dy\u017cury pracownik\u00f3w - Wychowanie Fizyczne PANS w Kro\u015bnie","isPartOf":{"@id":"https:\/\/pans.krosno.pl\/wf\/#website"},"primaryImageOfPage":{"@id":"https:\/\/pans.krosno.pl\/wf\/dyzury-pracownikow\/#primaryimage"},"image":{"@id":"https:\/\/pans.krosno.pl\/wf\/dyzury-pracownikow\/#primaryimage"},"thumbnailUrl":"https:\/\/pans.krosno.pl\/wf\/wp-content\/uploads\/sites\/17\/2024\/10\/szklane-kadra2-1024x576.jpg","datePublished":"2019-11-05T14:33:47+00:00","dateModified":"2026-02-23T13:19:14+00:00","description":"Dy\u017cury pracownik\u00f3w w semestrze zimowym 2019\/2020","breadcrumb":{"@id":"https:\/\/pans.krosno.pl\/wf\/dyzury-pracownikow\/#breadcrumb"},"inLanguage":"pl-PL","potentialAction":[{"@type":"ReadAction","target":["https:\/\/pans.krosno.pl\/wf\/dyzury-pracownikow\/"]}]},{"@type":"ImageObject","inLanguage":"pl-PL","@id":"https:\/\/pans.krosno.pl\/wf\/dyzury-pracownikow\/#primaryimage","url":"https:\/\/pans.krosno.pl\/wf\/wp-content\/uploads\/sites\/17\/2024\/10\/szklane-kadra2.jpg","contentUrl":"https:\/\/pans.krosno.pl\/wf\/wp-content\/uploads\/sites\/17\/2024\/10\/szklane-kadra2.jpg","width":1178,"height":663},{"@type":"BreadcrumbList","@id":"https:\/\/pans.krosno.pl\/wf\/dyzury-pracownikow\/#breadcrumb","itemListElement":[{"@type":"ListItem","position":1,"name":"Strona g\u0142\u00f3wna","item":"https:\/\/pans.krosno.pl\/wf\/"},{"@type":"ListItem","position":2,"name":"Dy\u017cury pracownik\u00f3w"}]},{"@type":"WebSite","@id":"https:\/\/pans.krosno.pl\/wf\/#website","url":"https:\/\/pans.krosno.pl\/wf\/","name":"Wychowanie Fizyczne PANS w Kro\u015bnie","description":"Wychowanie Fizyczne - Pa\u0144stwowa Akademia Nauk Stosowanych","publisher":{"@id":"https:\/\/pans.krosno.pl\/wf\/#organization"},"potentialAction":[{"@type":"SearchAction","target":{"@type":"EntryPoint","urlTemplate":"https:\/\/pans.krosno.pl\/wf\/?s={search_term_string}"},"query-input":{"@type":"PropertyValueSpecification","valueRequired":true,"valueName":"search_term_string"}}],"inLanguage":"pl-PL"},{"@type":"Organization","@id":"https:\/\/pans.krosno.pl\/wf\/#organization","name":"Wychowanie Fizyczne PANS w Kro\u015bnie","url":"https:\/\/pans.krosno.pl\/wf\/","logo":{"@type":"ImageObject","inLanguage":"pl-PL","@id":"https:\/\/pans.krosno.pl\/wf\/#\/schema\/logo\/image\/","url":"https:\/\/pans.krosno.pl\/wf\/wp-content\/uploads\/sites\/17\/2023\/01\/Logo-PANS-2022-pelne.png","contentUrl":"https:\/\/pans.krosno.pl\/wf\/wp-content\/uploads\/sites\/17\/2023\/01\/Logo-PANS-2022-pelne.png","width":3096,"height":696,"caption":"Wychowanie Fizyczne PANS w Kro\u015bnie"},"image":{"@id":"https:\/\/pans.krosno.pl\/wf\/#\/schema\/logo\/image\/"}}]}},"_links":{"self":[{"href":"https:\/\/pans.krosno.pl\/wf\/wp-json\/wp\/v2\/pages\/18","targetHints":{"allow":["GET"]}}],"collection":[{"href":"https:\/\/pans.krosno.pl\/wf\/wp-json\/wp\/v2\/pages"}],"about":[{"href":"https:\/\/pans.krosno.pl\/wf\/wp-json\/wp\/v2\/types\/page"}],"author":[{"embeddable":true,"href":"https:\/\/pans.krosno.pl\/wf\/wp-json\/wp\/v2\/users\/27"}],"replies":[{"embeddable":true,"href":"https:\/\/pans.krosno.pl\/wf\/wp-json\/wp\/v2\/comments?post=18"}],"version-history":[{"count":92,"href":"https:\/\/pans.krosno.pl\/wf\/wp-json\/wp\/v2\/pages\/18\/revisions"}],"predecessor-version":[{"id":3179,"href":"https:\/\/pans.krosno.pl\/wf\/wp-json\/wp\/v2\/pages\/18\/revisions\/3179"}],"wp:attachment":[{"href":"https:\/\/pans.krosno.pl\/wf\/wp-json\/wp\/v2\/media?parent=18"}],"curies":[{"name":"wp","href":"https:\/\/api.w.org\/{rel}","templated":true}]}}