{"id":118,"date":"2020-03-20T14:22:32","date_gmt":"2020-03-20T13:22:32","guid":{"rendered":"https:\/\/pans.krosno.pl\/wf\/?page_id=118"},"modified":"2025-10-16T11:29:21","modified_gmt":"2025-10-16T09:29:21","slug":"pracownicy","status":"publish","type":"page","link":"https:\/\/pans.krosno.pl\/wf\/pracownicy\/","title":{"rendered":"Pracownicy"},"content":{"rendered":"<p><strong>Pracownicy:<\/strong><\/p>\n<p>Kierownik Zak\u0142adu Wychowania Fizycznego i sportu:<\/p>\n<p><a href=\"https:\/\/pans.krosno.pl\/pracownicy\/grzegorz-sobolewski\/\">dr Grzegorz Sobolewski<\/a> &#8211; grzegorz.sobolewski@pans.krosno.pl<\/p>\n<p><strong>Kadra:<\/strong><\/p>\n<ul>\n<li style=\"font-weight: 400\"><a href=\"https:\/\/pans.krosno.pl\/pracownicy\/zbigniew-barabasz\/\">dr hab. prof. PANS Zbigniew Barabasz<\/a>&nbsp; &#8211;&nbsp; zbigniew.barabasz@pans.krosno.pl<\/li>\n<li><a href=\"https:\/\/pans.krosno.pl\/pracownicy\/slawomir-drozd\/\">dr hab. prof. PANS S\u0142awomir Drozd<\/a>&nbsp; &#8211;&nbsp;&nbsp;slawomir.drozd@pans.krosno.pl<\/li>\n<li><a href=\"https:\/\/pans.krosno.pl\/pracownicy\/emilian-zadarko\/\">dr hab. prof. PANS Emilian Zadarko<\/a>&nbsp; &#8211;&nbsp;&nbsp;emilian.zadarko@pans.krosno.pl<\/li>\n<li><a href=\"https:\/\/pans.krosno.pl\/pracownicy\/krzysztof-fraczek\/\">dr Krzysztof Fr\u0105czek<\/a>&nbsp; &#8211;&nbsp;&nbsp;krzysztof.fraczek@pans.krosno.pl<\/li>\n<li><a href=\"https:\/\/pans.krosno.pl\/pracownicy\/wojciech-golab\/\" target=\"_blank\" rel=\"noreferrer noopener\">dr Wojciech Go\u0142\u0105b<\/a>&nbsp; &#8211;&nbsp;&nbsp;wojciech.golab@pans.krosno.pl<\/li>\n<li><a href=\"https:\/\/pans.krosno.pl\/pracownicy\/adam-przybysz\/\" target=\"_blank\" rel=\"noreferrer noopener\">dr Adam Przybysz<\/a>&nbsp; &#8211;&nbsp;&nbsp;adam.przybysz@pans.krosno.pl<\/li>\n<li><a href=\"https:\/\/pans.krosno.pl\/pracownicy\/lukasz-wojtyczek\/\" target=\"_blank\" rel=\"noreferrer noopener\">dr \u0141ukasz Wojtyczek<\/a>&nbsp; &#8211;&nbsp;&nbsp;lukasz.wojtyczek@pans.krosno.pl<\/li>\n<li><a href=\"https:\/\/pans.krosno.pl\/pracownicy\/monika-musijowska\/\">dr Monika Musijowska <\/a>&#8211; monika.barabasz@pans.krosno.pl<\/li>\n<li>dr Gabriel Szajna&nbsp; &#8211;&nbsp; gabriel.szajna@gmail.com<\/li>\n<li><a href=\"https:\/\/pans.krosno.pl\/pracownicy\/edyta-niziol-babiarz\/\">dr Edyta Nizio\u0142 \u2013 Babiarz<\/a>&nbsp; &#8211;&nbsp; edyta.niziol-babiarz@pans.krosno.pl<\/li>\n<li><a href=\"https:\/\/pans.krosno.pl\/pracownicy\/marzena-szepieniec\/\">mgr Marzena Szepieniec<\/a>&nbsp; &#8211;&nbsp;&nbsp;marzena.szepieniec@pans.krosno.pl<\/li>\n<li>mgr Paulina Fa\u0142at-Kosiek&nbsp; &#8211;&nbsp;&nbsp;paulina.falat-kosiek@pans.krosno.pl<\/li>\n<li><a href=\"https:\/\/pans.krosno.pl\/pracownicy\/dominik-stanislawczyk\/\">mgr Dominik Stanis\u0142awczyk<\/a> &#8211; dominik.stanislawczyk@pans.krosno.pl<\/li>\n<li><a href=\"https:\/\/pans.krosno.pl\/pracownicy\/danuta-kaminska\/\">mgr Danuta Kami\u0144ska<\/a>&nbsp; &#8211;&nbsp; danuta.kaminska@pans.krosno.pl<\/li>\n<li>mgr Tomasz Socha &#8211; tomek.socha@poczta.onet.pl<\/li>\n<li>mgr Dariusz Liana&nbsp; &#8211;&nbsp; dar.li@wp.pl<\/li>\n<li>mgr Grzegorz Argasi\u0144ski&nbsp; &#8211;&nbsp; argasb098@interia.pl<\/li>\n<li><a href=\"https:\/\/pans.krosno.pl\/pracownicy\/adam-nowakowski\/\">mgr Tomasz Nowakowski<\/a>&nbsp; &#8211;&nbsp; nowakowski-tomek@wp.pl<\/li>\n<li>mgr Robert Grabolus&nbsp; &#8211;&nbsp; grabolus@onet.pl<\/li>\n<li>mgr Katarzyna Zajdel &#8211; zajkasia@gmail.com<\/li>\n<\/ul>\n\n\n<p><\/p>\n","protected":false},"excerpt":{"rendered":"<p>Pracownicy: Kierownik Zak\u0142adu Wychowania Fizycznego i sportu: dr Grzegorz Sobolewski &#8211; grzegorz.sobolewski@pans.krosno.pl Kadra: dr hab. prof. PANS Zbigniew Barabasz&nbsp; &#8211;&nbsp; zbigniew.barabasz@pans.krosno.pl dr hab. prof. PANS S\u0142awomir Drozd&nbsp; &#8211;&nbsp;&nbsp;slawomir.drozd@pans.krosno.pl dr hab. prof. PANS Emilian Zadarko&nbsp; &#8211;&nbsp;&nbsp;emilian.zadarko@pans.krosno.pl dr Krzysztof Fr\u0105czek&nbsp; &#8211;&nbsp;&nbsp;krzysztof.fraczek@pans.krosno.pl dr Wojciech Go\u0142\u0105b&nbsp; &#8211;&nbsp;&nbsp;wojciech.golab@pans.krosno.pl dr Adam Przybysz&nbsp; &#8211;&nbsp;&nbsp;adam.przybysz@pans.krosno.pl dr \u0141ukasz Wojtyczek&nbsp; [\u2026] <\/p>\n<div class=\"clear\"><\/div>\n<p><a class=\"more_link clearfix\" href=\"https:\/\/pans.krosno.pl\/wf\/pracownicy\/\" rel=\"nofollow\">Read More<\/a><\/p>\n","protected":false},"author":27,"featured_media":0,"parent":0,"menu_order":0,"comment_status":"closed","ping_status":"closed","template":"page-templates\/template-full-width.php","meta":{"ngg_post_thumbnail":0,"footnotes":""},"class_list":["post-118","page","type-page","status-publish","hentry"],"yoast_head":"<!-- This site is optimized with the Yoast SEO Premium plugin v27.3 (Yoast SEO v27.3) - https:\/\/yoast.com\/product\/yoast-seo-premium-wordpress\/ -->\n<title>Pracownicy - Wychowanie Fizyczne PANS w Kro\u015bnie<\/title>\n<meta name=\"description\" content=\"Kierownik Zak\u0142adu Wychowania fizycznego - dr Krzysztof Fr\u0105czek\" \/>\n<meta name=\"robots\" content=\"index, follow, max-snippet:-1, max-image-preview:large, max-video-preview:-1\" \/>\n<link rel=\"canonical\" href=\"https:\/\/pans.krosno.pl\/wf\/pracownicy\/\" \/>\n<meta property=\"og:locale\" content=\"pl_PL\" \/>\n<meta property=\"og:type\" content=\"article\" \/>\n<meta property=\"og:title\" content=\"Pracownicy\" \/>\n<meta property=\"og:description\" content=\"Kierownik Zak\u0142adu Wychowania fizycznego - dr Krzysztof Fr\u0105czek\" \/>\n<meta property=\"og:url\" content=\"https:\/\/pans.krosno.pl\/wf\/pracownicy\/\" \/>\n<meta property=\"og:site_name\" content=\"Wychowanie Fizyczne PANS w Kro\u015bnie\" \/>\n<meta property=\"article:modified_time\" content=\"2025-10-16T09:29:21+00:00\" \/>\n<meta name=\"twitter:card\" content=\"summary_large_image\" \/>\n<meta name=\"twitter:label1\" content=\"Szacowany czas czytania\" \/>\n\t<meta name=\"twitter:data1\" content=\"1 minuta\" \/>\n<script type=\"application\/ld+json\" class=\"yoast-schema-graph\">{\"@context\":\"https:\\\/\\\/schema.org\",\"@graph\":[{\"@type\":\"WebPage\",\"@id\":\"https:\\\/\\\/pans.krosno.pl\\\/wf\\\/pracownicy\\\/\",\"url\":\"https:\\\/\\\/pans.krosno.pl\\\/wf\\\/pracownicy\\\/\",\"name\":\"Pracownicy - Wychowanie Fizyczne PANS w Kro\u015bnie\",\"isPartOf\":{\"@id\":\"https:\\\/\\\/pans.krosno.pl\\\/wf\\\/#website\"},\"datePublished\":\"2020-03-20T13:22:32+00:00\",\"dateModified\":\"2025-10-16T09:29:21+00:00\",\"description\":\"Kierownik Zak\u0142adu Wychowania fizycznego - dr Krzysztof Fr\u0105czek\",\"breadcrumb\":{\"@id\":\"https:\\\/\\\/pans.krosno.pl\\\/wf\\\/pracownicy\\\/#breadcrumb\"},\"inLanguage\":\"pl-PL\",\"potentialAction\":[{\"@type\":\"ReadAction\",\"target\":[\"https:\\\/\\\/pans.krosno.pl\\\/wf\\\/pracownicy\\\/\"]}]},{\"@type\":\"BreadcrumbList\",\"@id\":\"https:\\\/\\\/pans.krosno.pl\\\/wf\\\/pracownicy\\\/#breadcrumb\",\"itemListElement\":[{\"@type\":\"ListItem\",\"position\":1,\"name\":\"Strona g\u0142\u00f3wna\",\"item\":\"https:\\\/\\\/pans.krosno.pl\\\/wf\\\/\"},{\"@type\":\"ListItem\",\"position\":2,\"name\":\"Pracownicy\"}]},{\"@type\":\"WebSite\",\"@id\":\"https:\\\/\\\/pans.krosno.pl\\\/wf\\\/#website\",\"url\":\"https:\\\/\\\/pans.krosno.pl\\\/wf\\\/\",\"name\":\"Wychowanie Fizyczne PANS w Kro\u015bnie\",\"description\":\"Wychowanie Fizyczne - Pa\u0144stwowa Akademia Nauk Stosowanych\",\"publisher\":{\"@id\":\"https:\\\/\\\/pans.krosno.pl\\\/wf\\\/#organization\"},\"potentialAction\":[{\"@type\":\"SearchAction\",\"target\":{\"@type\":\"EntryPoint\",\"urlTemplate\":\"https:\\\/\\\/pans.krosno.pl\\\/wf\\\/?s={search_term_string}\"},\"query-input\":{\"@type\":\"PropertyValueSpecification\",\"valueRequired\":true,\"valueName\":\"search_term_string\"}}],\"inLanguage\":\"pl-PL\"},{\"@type\":\"Organization\",\"@id\":\"https:\\\/\\\/pans.krosno.pl\\\/wf\\\/#organization\",\"name\":\"Wychowanie Fizyczne PANS w Kro\u015bnie\",\"url\":\"https:\\\/\\\/pans.krosno.pl\\\/wf\\\/\",\"logo\":{\"@type\":\"ImageObject\",\"inLanguage\":\"pl-PL\",\"@id\":\"https:\\\/\\\/pans.krosno.pl\\\/wf\\\/#\\\/schema\\\/logo\\\/image\\\/\",\"url\":\"https:\\\/\\\/pans.krosno.pl\\\/wf\\\/wp-content\\\/uploads\\\/sites\\\/17\\\/2023\\\/01\\\/Logo-PANS-2022-pelne.png\",\"contentUrl\":\"https:\\\/\\\/pans.krosno.pl\\\/wf\\\/wp-content\\\/uploads\\\/sites\\\/17\\\/2023\\\/01\\\/Logo-PANS-2022-pelne.png\",\"width\":3096,\"height\":696,\"caption\":\"Wychowanie Fizyczne PANS w Kro\u015bnie\"},\"image\":{\"@id\":\"https:\\\/\\\/pans.krosno.pl\\\/wf\\\/#\\\/schema\\\/logo\\\/image\\\/\"}}]}<\/script>\n<!-- \/ Yoast SEO Premium plugin. -->","yoast_head_json":{"title":"Pracownicy - Wychowanie Fizyczne PANS w Kro\u015bnie","description":"Kierownik Zak\u0142adu Wychowania fizycznego - dr Krzysztof Fr\u0105czek","robots":{"index":"index","follow":"follow","max-snippet":"max-snippet:-1","max-image-preview":"max-image-preview:large","max-video-preview":"max-video-preview:-1"},"canonical":"https:\/\/pans.krosno.pl\/wf\/pracownicy\/","og_locale":"pl_PL","og_type":"article","og_title":"Pracownicy","og_description":"Kierownik Zak\u0142adu Wychowania fizycznego - dr Krzysztof Fr\u0105czek","og_url":"https:\/\/pans.krosno.pl\/wf\/pracownicy\/","og_site_name":"Wychowanie Fizyczne PANS w Kro\u015bnie","article_modified_time":"2025-10-16T09:29:21+00:00","twitter_card":"summary_large_image","twitter_misc":{"Szacowany czas czytania":"1 minuta"},"schema":{"@context":"https:\/\/schema.org","@graph":[{"@type":"WebPage","@id":"https:\/\/pans.krosno.pl\/wf\/pracownicy\/","url":"https:\/\/pans.krosno.pl\/wf\/pracownicy\/","name":"Pracownicy - Wychowanie Fizyczne PANS w Kro\u015bnie","isPartOf":{"@id":"https:\/\/pans.krosno.pl\/wf\/#website"},"datePublished":"2020-03-20T13:22:32+00:00","dateModified":"2025-10-16T09:29:21+00:00","description":"Kierownik Zak\u0142adu Wychowania fizycznego - dr Krzysztof Fr\u0105czek","breadcrumb":{"@id":"https:\/\/pans.krosno.pl\/wf\/pracownicy\/#breadcrumb"},"inLanguage":"pl-PL","potentialAction":[{"@type":"ReadAction","target":["https:\/\/pans.krosno.pl\/wf\/pracownicy\/"]}]},{"@type":"BreadcrumbList","@id":"https:\/\/pans.krosno.pl\/wf\/pracownicy\/#breadcrumb","itemListElement":[{"@type":"ListItem","position":1,"name":"Strona g\u0142\u00f3wna","item":"https:\/\/pans.krosno.pl\/wf\/"},{"@type":"ListItem","position":2,"name":"Pracownicy"}]},{"@type":"WebSite","@id":"https:\/\/pans.krosno.pl\/wf\/#website","url":"https:\/\/pans.krosno.pl\/wf\/","name":"Wychowanie Fizyczne PANS w Kro\u015bnie","description":"Wychowanie Fizyczne - Pa\u0144stwowa Akademia Nauk Stosowanych","publisher":{"@id":"https:\/\/pans.krosno.pl\/wf\/#organization"},"potentialAction":[{"@type":"SearchAction","target":{"@type":"EntryPoint","urlTemplate":"https:\/\/pans.krosno.pl\/wf\/?s={search_term_string}"},"query-input":{"@type":"PropertyValueSpecification","valueRequired":true,"valueName":"search_term_string"}}],"inLanguage":"pl-PL"},{"@type":"Organization","@id":"https:\/\/pans.krosno.pl\/wf\/#organization","name":"Wychowanie Fizyczne PANS w Kro\u015bnie","url":"https:\/\/pans.krosno.pl\/wf\/","logo":{"@type":"ImageObject","inLanguage":"pl-PL","@id":"https:\/\/pans.krosno.pl\/wf\/#\/schema\/logo\/image\/","url":"https:\/\/pans.krosno.pl\/wf\/wp-content\/uploads\/sites\/17\/2023\/01\/Logo-PANS-2022-pelne.png","contentUrl":"https:\/\/pans.krosno.pl\/wf\/wp-content\/uploads\/sites\/17\/2023\/01\/Logo-PANS-2022-pelne.png","width":3096,"height":696,"caption":"Wychowanie Fizyczne PANS w Kro\u015bnie"},"image":{"@id":"https:\/\/pans.krosno.pl\/wf\/#\/schema\/logo\/image\/"}}]}},"_links":{"self":[{"href":"https:\/\/pans.krosno.pl\/wf\/wp-json\/wp\/v2\/pages\/118","targetHints":{"allow":["GET"]}}],"collection":[{"href":"https:\/\/pans.krosno.pl\/wf\/wp-json\/wp\/v2\/pages"}],"about":[{"href":"https:\/\/pans.krosno.pl\/wf\/wp-json\/wp\/v2\/types\/page"}],"author":[{"embeddable":true,"href":"https:\/\/pans.krosno.pl\/wf\/wp-json\/wp\/v2\/users\/27"}],"replies":[{"embeddable":true,"href":"https:\/\/pans.krosno.pl\/wf\/wp-json\/wp\/v2\/comments?post=118"}],"version-history":[{"count":24,"href":"https:\/\/pans.krosno.pl\/wf\/wp-json\/wp\/v2\/pages\/118\/revisions"}],"predecessor-version":[{"id":3123,"href":"https:\/\/pans.krosno.pl\/wf\/wp-json\/wp\/v2\/pages\/118\/revisions\/3123"}],"wp:attachment":[{"href":"https:\/\/pans.krosno.pl\/wf\/wp-json\/wp\/v2\/media?parent=118"}],"curies":[{"name":"wp","href":"https:\/\/api.w.org\/{rel}","templated":true}]}}