{"id":289,"date":"2020-02-26T14:21:48","date_gmt":"2020-02-26T13:21:48","guid":{"rendered":"https:\/\/pans.krosno.pl\/tir\/?page_id=289"},"modified":"2024-09-24T13:45:01","modified_gmt":"2024-09-24T11:45:01","slug":"programy-studiow","status":"publish","type":"page","link":"https:\/\/pans.krosno.pl\/tir\/programy-studiow\/","title":{"rendered":"Programy studi\u00f3w"},"content":{"rendered":"\n<div class=\"wp-block-file\"><a id=\"wp-block-file--media-3d19474a-222d-4934-a296-865eb1f113d5\" href=\"https:\/\/pans.krosno.pl\/tir\/wp-content\/uploads\/sites\/34\/2024\/09\/Plan-studiow-2023-26.pdf\">Plan-studiow-2023-26<\/a><a href=\"https:\/\/pans.krosno.pl\/tir\/wp-content\/uploads\/sites\/34\/2024\/09\/Plan-studiow-2023-26.pdf\" class=\"wp-block-file__button wp-element-button\" download aria-describedby=\"wp-block-file--media-3d19474a-222d-4934-a296-865eb1f113d5\">Pobierz<\/a><\/div>\n\n\n\n<div class=\"wp-block-file\"><a id=\"wp-block-file--media-6cef12a5-0a27-4687-b223-34c492bac3b9\" href=\"https:\/\/pans.krosno.pl\/tir\/wp-content\/uploads\/sites\/34\/2024\/09\/Program_studiow_wraz_z_kartami_przedmiotow_cykl_ksztalcenia_2023_2026.pdf\">Program_studiow_wraz_z_kartami_przedmiotow_cykl_ksztalcenia_2023_2026<\/a><a href=\"https:\/\/pans.krosno.pl\/tir\/wp-content\/uploads\/sites\/34\/2024\/09\/Program_studiow_wraz_z_kartami_przedmiotow_cykl_ksztalcenia_2023_2026.pdf\" class=\"wp-block-file__button wp-element-button\" download aria-describedby=\"wp-block-file--media-6cef12a5-0a27-4687-b223-34c492bac3b9\">Pobierz<\/a><\/div>\n\n\n\n<div class=\"wp-block-file\"><a id=\"wp-block-file--media-a77f5d0a-3b31-49bf-b5af-ade4dcf1da1b\" href=\"https:\/\/pans.krosno.pl\/tir\/wp-content\/uploads\/sites\/34\/2024\/09\/Plan-studiow-2024-27-1.pdf\">Plan-studiow-2024-27-1<\/a><a href=\"https:\/\/pans.krosno.pl\/tir\/wp-content\/uploads\/sites\/34\/2024\/09\/Plan-studiow-2024-27-1.pdf\" class=\"wp-block-file__button wp-element-button\" download aria-describedby=\"wp-block-file--media-a77f5d0a-3b31-49bf-b5af-ade4dcf1da1b\">Pobierz<\/a><\/div>\n\n\n\n<div class=\"wp-block-file\"><a id=\"wp-block-file--media-9de66ab1-7a22-4793-bda6-f587f000f629\" href=\"https:\/\/pans.krosno.pl\/tir\/wp-content\/uploads\/sites\/34\/2024\/09\/Program_studiow_oraz_karty_przedmiotow_cykl_ksztalcenia_2024_2027.pdf\">Program_studiow_oraz_karty_przedmiotow_cykl_ksztalcenia_2024_2027<\/a><a href=\"https:\/\/pans.krosno.pl\/tir\/wp-content\/uploads\/sites\/34\/2024\/09\/Program_studiow_oraz_karty_przedmiotow_cykl_ksztalcenia_2024_2027.pdf\" class=\"wp-block-file__button wp-element-button\" download aria-describedby=\"wp-block-file--media-9de66ab1-7a22-4793-bda6-f587f000f629\">Pobierz<\/a><\/div>\n","protected":false},"excerpt":{"rendered":"","protected":false},"author":1,"featured_media":0,"parent":0,"menu_order":0,"comment_status":"closed","ping_status":"closed","template":"page-templates\/template-full-width.php","meta":{"ngg_post_thumbnail":0,"footnotes":""},"class_list":["post-289","page","type-page","status-publish","hentry"],"yoast_head":"<!-- This site is optimized with the Yoast SEO Premium plugin v27.4 (Yoast SEO v27.4) - https:\/\/yoast.com\/product\/yoast-seo-premium-wordpress\/ -->\n<title>Programy studi\u00f3w - Turystyka i Rekreacja PANS w Kro\u015bnie<\/title>\n<meta name=\"description\" content=\"KPU w Kro\u015bnie\" \/>\n<meta name=\"robots\" content=\"index, follow, max-snippet:-1, max-image-preview:large, max-video-preview:-1\" \/>\n<link rel=\"canonical\" href=\"https:\/\/pans.krosno.pl\/tir\/programy-studiow\/\" \/>\n<meta property=\"og:locale\" content=\"pl_PL\" \/>\n<meta property=\"og:type\" content=\"article\" \/>\n<meta property=\"og:title\" content=\"Programy studi\u00f3w\" \/>\n<meta property=\"og:description\" content=\"KPU w Kro\u015bnie\" \/>\n<meta property=\"og:url\" content=\"https:\/\/pans.krosno.pl\/tir\/programy-studiow\/\" \/>\n<meta property=\"og:site_name\" content=\"Turystyka i Rekreacja PANS w Kro\u015bnie\" \/>\n<meta property=\"article:modified_time\" content=\"2024-09-24T11:45:01+00:00\" \/>\n<meta name=\"twitter:card\" content=\"summary_large_image\" \/>\n<meta name=\"twitter:label1\" content=\"Szacowany czas czytania\" \/>\n\t<meta name=\"twitter:data1\" content=\"1 minuta\" \/>\n<script type=\"application\/ld+json\" class=\"yoast-schema-graph\">{\"@context\":\"https:\\\/\\\/schema.org\",\"@graph\":[{\"@type\":\"WebPage\",\"@id\":\"https:\\\/\\\/pans.krosno.pl\\\/tir\\\/programy-studiow\\\/\",\"url\":\"https:\\\/\\\/pans.krosno.pl\\\/tir\\\/programy-studiow\\\/\",\"name\":\"Programy studi\u00f3w - Turystyka i Rekreacja PANS w Kro\u015bnie\",\"isPartOf\":{\"@id\":\"https:\\\/\\\/pans.krosno.pl\\\/tir\\\/#website\"},\"datePublished\":\"2020-02-26T13:21:48+00:00\",\"dateModified\":\"2024-09-24T11:45:01+00:00\",\"description\":\"KPU w Kro\u015bnie\",\"breadcrumb\":{\"@id\":\"https:\\\/\\\/pans.krosno.pl\\\/tir\\\/programy-studiow\\\/#breadcrumb\"},\"inLanguage\":\"pl-PL\",\"potentialAction\":[{\"@type\":\"ReadAction\",\"target\":[\"https:\\\/\\\/pans.krosno.pl\\\/tir\\\/programy-studiow\\\/\"]}]},{\"@type\":\"BreadcrumbList\",\"@id\":\"https:\\\/\\\/pans.krosno.pl\\\/tir\\\/programy-studiow\\\/#breadcrumb\",\"itemListElement\":[{\"@type\":\"ListItem\",\"position\":1,\"name\":\"Strona g\u0142\u00f3wna\",\"item\":\"https:\\\/\\\/pans.krosno.pl\\\/tir\\\/\"},{\"@type\":\"ListItem\",\"position\":2,\"name\":\"Programy studi\u00f3w\"}]},{\"@type\":\"WebSite\",\"@id\":\"https:\\\/\\\/pans.krosno.pl\\\/tir\\\/#website\",\"url\":\"https:\\\/\\\/pans.krosno.pl\\\/tir\\\/\",\"name\":\"Turystyka i Rekreacja PANS w Kro\u015bnie\",\"description\":\"Turystyka i Rekreacja - Pa\u0144stwowa Akademia Nauk Stosowanych\",\"publisher\":{\"@id\":\"https:\\\/\\\/pans.krosno.pl\\\/tir\\\/#organization\"},\"potentialAction\":[{\"@type\":\"SearchAction\",\"target\":{\"@type\":\"EntryPoint\",\"urlTemplate\":\"https:\\\/\\\/pans.krosno.pl\\\/tir\\\/?s={search_term_string}\"},\"query-input\":{\"@type\":\"PropertyValueSpecification\",\"valueRequired\":true,\"valueName\":\"search_term_string\"}}],\"inLanguage\":\"pl-PL\"},{\"@type\":\"Organization\",\"@id\":\"https:\\\/\\\/pans.krosno.pl\\\/tir\\\/#organization\",\"name\":\"Turystyka i Rekreacja PANS w Kro\u015bnie\",\"url\":\"https:\\\/\\\/pans.krosno.pl\\\/tir\\\/\",\"logo\":{\"@type\":\"ImageObject\",\"inLanguage\":\"pl-PL\",\"@id\":\"https:\\\/\\\/pans.krosno.pl\\\/tir\\\/#\\\/schema\\\/logo\\\/image\\\/\",\"url\":\"https:\\\/\\\/pans.krosno.pl\\\/tir\\\/wp-content\\\/uploads\\\/sites\\\/34\\\/2023\\\/01\\\/Logo-PANS-2022-pelne.png\",\"contentUrl\":\"https:\\\/\\\/pans.krosno.pl\\\/tir\\\/wp-content\\\/uploads\\\/sites\\\/34\\\/2023\\\/01\\\/Logo-PANS-2022-pelne.png\",\"width\":3096,\"height\":696,\"caption\":\"Turystyka i Rekreacja PANS w Kro\u015bnie\"},\"image\":{\"@id\":\"https:\\\/\\\/pans.krosno.pl\\\/tir\\\/#\\\/schema\\\/logo\\\/image\\\/\"}}]}<\/script>\n<!-- \/ Yoast SEO Premium plugin. -->","yoast_head_json":{"title":"Programy studi\u00f3w - Turystyka i Rekreacja PANS w Kro\u015bnie","description":"KPU w Kro\u015bnie","robots":{"index":"index","follow":"follow","max-snippet":"max-snippet:-1","max-image-preview":"max-image-preview:large","max-video-preview":"max-video-preview:-1"},"canonical":"https:\/\/pans.krosno.pl\/tir\/programy-studiow\/","og_locale":"pl_PL","og_type":"article","og_title":"Programy studi\u00f3w","og_description":"KPU w Kro\u015bnie","og_url":"https:\/\/pans.krosno.pl\/tir\/programy-studiow\/","og_site_name":"Turystyka i Rekreacja PANS w Kro\u015bnie","article_modified_time":"2024-09-24T11:45:01+00:00","twitter_card":"summary_large_image","twitter_misc":{"Szacowany czas czytania":"1 minuta"},"schema":{"@context":"https:\/\/schema.org","@graph":[{"@type":"WebPage","@id":"https:\/\/pans.krosno.pl\/tir\/programy-studiow\/","url":"https:\/\/pans.krosno.pl\/tir\/programy-studiow\/","name":"Programy studi\u00f3w - Turystyka i Rekreacja PANS w Kro\u015bnie","isPartOf":{"@id":"https:\/\/pans.krosno.pl\/tir\/#website"},"datePublished":"2020-02-26T13:21:48+00:00","dateModified":"2024-09-24T11:45:01+00:00","description":"KPU w Kro\u015bnie","breadcrumb":{"@id":"https:\/\/pans.krosno.pl\/tir\/programy-studiow\/#breadcrumb"},"inLanguage":"pl-PL","potentialAction":[{"@type":"ReadAction","target":["https:\/\/pans.krosno.pl\/tir\/programy-studiow\/"]}]},{"@type":"BreadcrumbList","@id":"https:\/\/pans.krosno.pl\/tir\/programy-studiow\/#breadcrumb","itemListElement":[{"@type":"ListItem","position":1,"name":"Strona g\u0142\u00f3wna","item":"https:\/\/pans.krosno.pl\/tir\/"},{"@type":"ListItem","position":2,"name":"Programy studi\u00f3w"}]},{"@type":"WebSite","@id":"https:\/\/pans.krosno.pl\/tir\/#website","url":"https:\/\/pans.krosno.pl\/tir\/","name":"Turystyka i Rekreacja PANS w Kro\u015bnie","description":"Turystyka i Rekreacja - Pa\u0144stwowa Akademia Nauk Stosowanych","publisher":{"@id":"https:\/\/pans.krosno.pl\/tir\/#organization"},"potentialAction":[{"@type":"SearchAction","target":{"@type":"EntryPoint","urlTemplate":"https:\/\/pans.krosno.pl\/tir\/?s={search_term_string}"},"query-input":{"@type":"PropertyValueSpecification","valueRequired":true,"valueName":"search_term_string"}}],"inLanguage":"pl-PL"},{"@type":"Organization","@id":"https:\/\/pans.krosno.pl\/tir\/#organization","name":"Turystyka i Rekreacja PANS w Kro\u015bnie","url":"https:\/\/pans.krosno.pl\/tir\/","logo":{"@type":"ImageObject","inLanguage":"pl-PL","@id":"https:\/\/pans.krosno.pl\/tir\/#\/schema\/logo\/image\/","url":"https:\/\/pans.krosno.pl\/tir\/wp-content\/uploads\/sites\/34\/2023\/01\/Logo-PANS-2022-pelne.png","contentUrl":"https:\/\/pans.krosno.pl\/tir\/wp-content\/uploads\/sites\/34\/2023\/01\/Logo-PANS-2022-pelne.png","width":3096,"height":696,"caption":"Turystyka i Rekreacja PANS w Kro\u015bnie"},"image":{"@id":"https:\/\/pans.krosno.pl\/tir\/#\/schema\/logo\/image\/"}}]}},"_links":{"self":[{"href":"https:\/\/pans.krosno.pl\/tir\/wp-json\/wp\/v2\/pages\/289","targetHints":{"allow":["GET"]}}],"collection":[{"href":"https:\/\/pans.krosno.pl\/tir\/wp-json\/wp\/v2\/pages"}],"about":[{"href":"https:\/\/pans.krosno.pl\/tir\/wp-json\/wp\/v2\/types\/page"}],"author":[{"embeddable":true,"href":"https:\/\/pans.krosno.pl\/tir\/wp-json\/wp\/v2\/users\/1"}],"replies":[{"embeddable":true,"href":"https:\/\/pans.krosno.pl\/tir\/wp-json\/wp\/v2\/comments?post=289"}],"version-history":[{"count":18,"href":"https:\/\/pans.krosno.pl\/tir\/wp-json\/wp\/v2\/pages\/289\/revisions"}],"predecessor-version":[{"id":3353,"href":"https:\/\/pans.krosno.pl\/tir\/wp-json\/wp\/v2\/pages\/289\/revisions\/3353"}],"wp:attachment":[{"href":"https:\/\/pans.krosno.pl\/tir\/wp-json\/wp\/v2\/media?parent=289"}],"curies":[{"name":"wp","href":"https:\/\/api.w.org\/{rel}","templated":true}]}}