{"id":211,"date":"2019-12-23T14:37:18","date_gmt":"2019-12-23T13:37:18","guid":{"rendered":"https:\/\/pans.krosno.pl\/tir\/?page_id=211"},"modified":"2020-07-07T16:54:48","modified_gmt":"2020-07-07T14:54:48","slug":"wymiana-miedzynarodowa","status":"publish","type":"page","link":"https:\/\/pans.krosno.pl\/tir\/wymiana-miedzynarodowa\/","title":{"rendered":"Wymiana mi\u0119dzynarodowa"},"content":{"rendered":"\n<p class=\"has-text-align-center\">Umowy podpisane z uczelniami w ramach Programu Erasmus+ dla student\u00f3w Turystyki i rekreacji PWSZ im. S. Pigonia w Kro\u015bnie<\/p>\n\n\n\n<p> Pa\u0144stwowa Wy\u017csza Szko\u0142a Zawodowa w Kro\u015bnie podpisa\u0142a umowy dwustronne na wymian\u0119 student\u00f3w i nauczycieli akademickich w ramach programu Erasmus+ z kilkudziesi\u0119cioma uczelniami europejskimi oraz trzema w stanach Zjednoczonych. <\/p>\n\n\n\n<p> Dla  kierunku Turystyka&nbsp; i rekreacja podpisano umowy z 11 uczelniami  europejskimi, poni\u017cej lista uczelni aktualna na rok akademicki 2018\/2019: <\/p>\n\n\n\n<ul class=\"wp-block-list\"><li>\n    <a href=\"http:\/\/www.uib.es\/\">Universitat de les Illes Baleares<\/a>&nbsp;\u2013 Palma de Mallorca, Hiszpania\n    <\/li><li>\n    <a href=\"http:\/\/www.nevsehir.edu.tr\/en\">Nevsehir Haci Bektas Veli Universitesi<\/a>&nbsp;\u2013 Nevsehir, Turcja\n    <\/li><li>\n    CEEDCV \u2013 Valencia, Hiszpania\n    <\/li><li>\n    <a href=\"http:\/\/www.uni-miskolc.hu\/public\/index.php?page_id=674\">University of Miskolc<\/a>&nbsp;\u2013 Miskolc, W\u0119gry\n    <\/li><li>\n    <a href=\"http:\/\/www.gop.edu.tr\/\">Gaziosmanpasa University<\/a>&nbsp;\u2013 Tokat, Turcja\n    <\/li><li>\n    <a href=\"http:\/\/www.selcuk.edu.tr\/\">Selcuk University<\/a>&nbsp;\u2013 Konya, Turcja\n    <\/li><li>\n    <a href=\"http:\/\/erasmus.pte.hu\/menu\/21\">University of Pecs<\/a>&nbsp;\u2013 Pecs, W\u0119gry\n    <\/li><li>\n    <a href=\"http:\/\/www.pau.edu.tr\/pau\/en\">Pamukkale University<\/a>&nbsp;\u2013 Denizli, Turcja\n    <\/li><li>\n    <a href=\"http:\/\/www.udima.es\/en\/international-mobility.html\">Universidad a Distancia de Madrid (UDIMA)<\/a>&nbsp;\u2013 Madryt, Hiszpania\n    <\/li><li>\n    <a href=\"http:\/\/www.ull.es\/view\/institucional\/ull\/Internacionalizacion\/en\">Universidad de La Laguna<\/a>&nbsp;\u2013 Teneryfa, Hiszpania\n    <\/li><li>\n    <a href=\"http:\/\/www.erudio.si\/en\/\">ERUDIO<\/a>&nbsp;\u2013 Lublana, S\u0142owenia<\/li><\/ul>\n\n\n\n<p class=\"has-text-align-center\"><strong>Universidad de Huelva Hiszpania &#8211; 2012<\/strong><\/p>\n\n\n\n<p class=\"has-text-align-left\"> Studenci kierunku Turystyka i Rekreacja podczas wymiany Erasmus w Hiszpanii luty-czerwiec 2012 <\/p>\n\n\n\n<p class=\"has-text-align-center\"><strong>Segovia<\/strong><\/p>\n\n\n\n<p>Alfreda Matwis<\/p>\n\n\n\n<p>Pawe\u0142 Gibad\u0142o <\/p>\n\n\n\n<p>Turystyka i rekreacja III rok <\/p>\n\n\n\n<p> Wyjazd z programem \u201eErasmus\u201d by\u0142 dla nas najlepsz\u0105 przygod\u0105 w  \u017cyciu jak  r\u00f3wnie\u017c \u017cyciowym do\u015bwiadczeniem. Dlaczego zdecydowali\u015bmy si\u0119 na wyjazd?  Chyba chcieli\u015bmy prze\u017cy\u0107 co\u015b wyj\u0105tkowe i uda\u0142o si\u0119. Do Hiszpanii  wyjechali\u015bmy w semestrze letnim 2010\/2011. Naszym celem by\u0142o niewielki  miasteczko Segovia, gdzie znajduje si\u0119 campus Universidad de Valladolid.  Ju\u017c  na samym pocz\u0105tku spotkali\u015bmy bardzo mi\u0142ych ludzi, kt\u00f3rzy  zaoferowali  nam pomoc. Nie tylko studenci ale r\u00f3wnie\u017c pracownicy  uczelni. <\/p>\n\n\n\n<p>Mieszkanie pomog\u0142a nam znale\u017a\u0107 studentka z Uniwersytetu Valladolid, z kt\u00f3r\u0105 wcze\u015bniej mieli\u015bmy kontakt e-mail. Wyk\u0142adowcy bardzo wyrozumiale nas traktowali i jak tylko mieli\u015bmy jaki\u015b problem oferowali swoj\u0105 pomoc. Ucz\u0119szczali\u015bmy na zaj\u0119cia, dzi\u0119ki kt\u00f3rym uczyli\u015bmy si\u0119 j\u0119zyka hiszpa\u0144skiego. Jeden przedmiot to by\u0142y zaj\u0119cia w terenie dzi\u0119ki, kt\u00f3rym zwiedzili\u015bmy wszystkie zabytki w Segovii ale nie tylko, byli\u015bmy na wycieczce w mie\u015bcie studenckim Salamanca, jak r\u00f3wnie\u017c mieli\u015bmy okazj\u0119 zobaczy\u0107 pi\u0119kne ogrody \u201eLa  Granja\u201d.<\/p>\n\n\n\n<p> Ale to nie koniec by\u0142 naszej podr\u00f3\u017cy po Hiszpanii zwiedzili\u015bmy stolic\u0119  Hiszpanii Madryt jak i podobno najpi\u0119kniejsze miasto Barcelon\u0119. Sami  wybrali\u015bmy si\u0119 na wycieczk\u0119 w g\u00f3ry Sierra de Guadarrama, szkoda by\u0142o nie pojecha\u0107 jak mieli\u015bmy tylko kilka kilometr\u00f3w. Mo\u017cemy powiedzie\u0107, \u017ce wymiana \u201eErasmus\u201d to nie tylko nauka j\u0119zyka hiszpa\u0144skiego ale r\u00f3wnie\u017c poznanie tradycji, obyczaj\u00f3w pa\u0144stwa, narodowych potraw i ta\u0144c\u00f3w. Poznali\u015bmy wspania\u0142ych ludzi nie tylko z Hiszpanii ale z innych pa\u0144stw \u015awiata i mam nadziej\u0119, \u017ce b\u0119dziemy utrzymywa\u0107 kontakt. <\/p>\n\n\n\n<p>Czego mo\u017cemy \u017ca\u0142owa\u0107? Chyba jedynie tego, \u017ce nasza podr\u00f3\u017c trwa\u0142a tak kr\u00f3tko. Warto pami\u0119ta\u0107, \u017ce to co zobaczyli\u015bmy i prze\u017cyli\u015bmy zostanie z nami do  ko\u0144ca \u017cycia i nikt nam tego nie odbierze. Dzi\u0119ki programowi \u201eErasmus\u201d i naszej uczelni ca\u0142a Europa a nawet ca\u0142y \u015awiat stoi przed nami otworem. <\/p>\n\n\n\n<p class=\"has-text-align-center\"><strong>Segowia<\/strong><\/p>\n\n\n\n<p>Mateusz Kostycz<\/p>\n\n\n\n<p>Turystyka i rekreacja III rok<\/p>\n\n\n\n<p>Witam wszystkich zainteresowanych wyjazdem na wymian\u0119 studenck\u0105 Erasmus, jak i tych kt\u00f3rzy tylko z ciekawo\u015bci zastanawiaj\u0105 si\u0119 jak tam jest, jak wygl\u0105da taki wyjazd oraz co daje ka\u017cdemu z nas. <\/p>\n\n\n\n<p>Sama wymiana Erasmus jest wielkim wyznaniem szczeg\u00f3lnie dla kogo\u015b, kto nie zna lokalnego j\u0119zyka. Jest to bariera, kt\u00f3ra zniech\u0119ca wiele os\u00f3b do podj\u0119cia decyzji o wymianie, ale uwierzcie mi warto zaryzykowa\u0107 i  postawi\u0107 wszystko na jedna kart\u0119 bo jak m\u00f3wi przys\u0142owie \u201eNie traci tylko  ten kt\u00f3ry nic nie robi\u201d, a zyska\u0107  mo\u017cna bardzo du\u017co. Ja osobi\u015bcie  postawi\u0142em wszystko na jedn\u0105 kart\u0119,  albo wyjazd albo inne wa\u017cniejsze  mo\u017ce dla niekt\u00f3rych sprawy. Wybra\u0142em  wyjazd, czego nie \u017ca\u0142uj\u0119, i pomimo  tego, \u017ce wiele straci\u0142em podj\u0105\u0142bym  taki sam wyb\u00f3r gdyby taka sytuacja  si\u0119 powt\u00f3rzy\u0142a w moim \u017cyciu. <\/p>\n\n\n\n<p>Dla  mnie sama wymiana by\u0142a bardzo du\u017cym do\u015bwiadczeniem,  U\u015bwiadomi\u0142em sobie  przez ten czas jakich cech mi brakuje, jakie  pope\u0142niam b\u0142\u0119dy i jaki jestem bezradny w niekt\u00f3rych sytuacjach. Musia\u0142em podj\u0105\u0107 decyzje czy walczy\u0107 czy si\u0119 podda\u0107. Nikt w ko\u0144cu nie m\u00f3wi\u0142, \u017ce b\u0119dzie \u0142atwo. Wzi\u0105\u0142em si\u0119 w gar\u015b\u0107 i zamiast siedzie\u0107 przy komputerze i ci\u0105gle narzeka\u0107 \u201ewyszed\u0142em\u201d w miasto. Pozna\u0142em wielu ciekawych ludzi, ich  kultur\u0119 obyczaje zachowania. Wiele obcych mi os\u00f3b poda\u0142o mi swoj\u0105  pomocna d\u0142o\u0144 zupe\u0142nie bezinteresownie. Studia za granica nie polega\u0142y tylko na siedzeniu w domu i nauce. W gr\u0119 wchodzi\u0142y r\u00f3wnie\u017c wyj\u015bcia na imprezy integracyjne, miejscowe dyskoteki czy zabawy. Uwierzcie mi, je\u015bli to wszystko idzie w parze ze zdrowym rozs\u0105dkiem mo\u017cna wr\u00f3ci\u0107 z baga\u017cem ogromnych wra\u017ce\u0144 i ciekawych prze\u017cy\u0107. <\/p>\n\n\n\n<p>Podczas pobytu w Hiszpanii podszkoli\u0142em znajomo\u015b\u0107 j\u0119zyka hiszpa\u0144skiego, co u\u0142atwi\u0142o mi komunikacj\u0119 z lud\u017ami. Nauczy\u0142em si\u0119 rozmawia\u0107 nie tylko od strony gramatycznej, ale przede wszystkim  praktycznej. B\u0119d\u0105c w Hiszpanii stara\u0142em si\u0119 pogodzi\u0107 nauk\u0119 z dorywcz\u0105 prac\u0105 i zdobywaniem nowych do\u015bwiadcze\u0144. Pobyt w Hiszpanii da\u0142 mi wiele. Przez ten czas zmieni\u0142em si\u0119, patrz\u0119 na \u015bwiat i otaczaj\u0105cych mnie ludzi zupe\u0142nie innymi oczami. Gor\u0105co polecam Ka\u017cdemu wyjazd na wymian\u0119 nie tylko do Hiszpanii, ale&nbsp;ka\u017cdego mo\u017cliwego kraju, z kt\u00f3rym nasza Szko\u0142a ma podpisan\u0105 umow\u0119. <\/p>\n\n\n\n<p>Uwierzcie Naprawd\u0119 warto. Gdybym mia\u0142 wybiera\u0107 jeszcze raz nie zawaha\u0142bym si\u0119 ani chwili. Wykorzysta\u0142bym mo\u017cliwo\u015b\u0107 w 100%. &nbsp; <\/p>\n\n\n\n<p>Pozdrawiam gor\u0105co wszystkich Student\u00f3w i namawiam do skorzystania z wyjazd\u00f3w. <\/p>\n","protected":false},"excerpt":{"rendered":"<p>Umowy podpisane z uczelniami w ramach Programu Erasmus+ dla student\u00f3w Turystyki i rekreacji PWSZ im. S. Pigonia w Kro\u015bnie Pa\u0144stwowa Wy\u017csza Szko\u0142a Zawodowa w Kro\u015bnie podpisa\u0142a umowy dwustronne na wymian\u0119 student\u00f3w i nauczycieli akademickich w ramach programu Erasmus+ z kilkudziesi\u0119cioma uczelniami europejskimi oraz trzema w stanach Zjednoczonych. Dla kierunku Turystyka&nbsp; [\u2026] <\/p>\n<div class=\"clear\"><\/div>\n<p><a class=\"more_link clearfix\" href=\"https:\/\/pans.krosno.pl\/tir\/wymiana-miedzynarodowa\/\" rel=\"nofollow\">Read More<\/a><\/p>\n","protected":false},"author":1,"featured_media":0,"parent":0,"menu_order":0,"comment_status":"closed","ping_status":"closed","template":"page-templates\/template-full-width.php","meta":{"ngg_post_thumbnail":0,"footnotes":""},"class_list":["post-211","page","type-page","status-publish","hentry"],"yoast_head":"<!-- This site is optimized with the Yoast SEO Premium plugin v27.3 (Yoast SEO v27.3) - https:\/\/yoast.com\/product\/yoast-seo-premium-wordpress\/ -->\n<title>Wymiana mi\u0119dzynarodowa - Turystyka i Rekreacja PANS w Kro\u015bnie<\/title>\n<meta name=\"description\" content=\"Umowy podpisane z uczelniami w ramach Programu Erasmus+ dla student\u00f3w Turystyki i rekreacji KPU w Kro\u015bnie\" \/>\n<meta name=\"robots\" content=\"index, follow, max-snippet:-1, max-image-preview:large, max-video-preview:-1\" \/>\n<link rel=\"canonical\" href=\"https:\/\/pans.krosno.pl\/tir\/wymiana-miedzynarodowa\/\" \/>\n<meta property=\"og:locale\" content=\"pl_PL\" \/>\n<meta property=\"og:type\" content=\"article\" \/>\n<meta property=\"og:title\" content=\"Wymiana mi\u0119dzynarodowa\" \/>\n<meta property=\"og:description\" content=\"Umowy podpisane z uczelniami w ramach Programu Erasmus+ dla student\u00f3w Turystyki i rekreacji KPU w Kro\u015bnie\" \/>\n<meta property=\"og:url\" content=\"https:\/\/pans.krosno.pl\/tir\/wymiana-miedzynarodowa\/\" \/>\n<meta property=\"og:site_name\" content=\"Turystyka i Rekreacja PANS w Kro\u015bnie\" \/>\n<meta property=\"article:modified_time\" content=\"2020-07-07T14:54:48+00:00\" \/>\n<meta name=\"twitter:card\" content=\"summary_large_image\" \/>\n<meta name=\"twitter:label1\" content=\"Szacowany czas czytania\" \/>\n\t<meta name=\"twitter:data1\" content=\"5 minut\" \/>\n<script type=\"application\/ld+json\" class=\"yoast-schema-graph\">{\"@context\":\"https:\\\/\\\/schema.org\",\"@graph\":[{\"@type\":\"WebPage\",\"@id\":\"https:\\\/\\\/pans.krosno.pl\\\/tir\\\/wymiana-miedzynarodowa\\\/\",\"url\":\"https:\\\/\\\/pans.krosno.pl\\\/tir\\\/wymiana-miedzynarodowa\\\/\",\"name\":\"Wymiana mi\u0119dzynarodowa - Turystyka i Rekreacja PANS w Kro\u015bnie\",\"isPartOf\":{\"@id\":\"https:\\\/\\\/pans.krosno.pl\\\/tir\\\/#website\"},\"datePublished\":\"2019-12-23T13:37:18+00:00\",\"dateModified\":\"2020-07-07T14:54:48+00:00\",\"description\":\"Umowy podpisane z uczelniami w ramach Programu Erasmus+ dla student\u00f3w Turystyki i rekreacji KPU w Kro\u015bnie\",\"breadcrumb\":{\"@id\":\"https:\\\/\\\/pans.krosno.pl\\\/tir\\\/wymiana-miedzynarodowa\\\/#breadcrumb\"},\"inLanguage\":\"pl-PL\",\"potentialAction\":[{\"@type\":\"ReadAction\",\"target\":[\"https:\\\/\\\/pans.krosno.pl\\\/tir\\\/wymiana-miedzynarodowa\\\/\"]}]},{\"@type\":\"BreadcrumbList\",\"@id\":\"https:\\\/\\\/pans.krosno.pl\\\/tir\\\/wymiana-miedzynarodowa\\\/#breadcrumb\",\"itemListElement\":[{\"@type\":\"ListItem\",\"position\":1,\"name\":\"Strona g\u0142\u00f3wna\",\"item\":\"https:\\\/\\\/pans.krosno.pl\\\/tir\\\/\"},{\"@type\":\"ListItem\",\"position\":2,\"name\":\"Wymiana mi\u0119dzynarodowa\"}]},{\"@type\":\"WebSite\",\"@id\":\"https:\\\/\\\/pans.krosno.pl\\\/tir\\\/#website\",\"url\":\"https:\\\/\\\/pans.krosno.pl\\\/tir\\\/\",\"name\":\"Turystyka i Rekreacja PANS w Kro\u015bnie\",\"description\":\"Turystyka i Rekreacja - Pa\u0144stwowa Akademia Nauk Stosowanych\",\"publisher\":{\"@id\":\"https:\\\/\\\/pans.krosno.pl\\\/tir\\\/#organization\"},\"potentialAction\":[{\"@type\":\"SearchAction\",\"target\":{\"@type\":\"EntryPoint\",\"urlTemplate\":\"https:\\\/\\\/pans.krosno.pl\\\/tir\\\/?s={search_term_string}\"},\"query-input\":{\"@type\":\"PropertyValueSpecification\",\"valueRequired\":true,\"valueName\":\"search_term_string\"}}],\"inLanguage\":\"pl-PL\"},{\"@type\":\"Organization\",\"@id\":\"https:\\\/\\\/pans.krosno.pl\\\/tir\\\/#organization\",\"name\":\"Turystyka i Rekreacja PANS w Kro\u015bnie\",\"url\":\"https:\\\/\\\/pans.krosno.pl\\\/tir\\\/\",\"logo\":{\"@type\":\"ImageObject\",\"inLanguage\":\"pl-PL\",\"@id\":\"https:\\\/\\\/pans.krosno.pl\\\/tir\\\/#\\\/schema\\\/logo\\\/image\\\/\",\"url\":\"https:\\\/\\\/pans.krosno.pl\\\/tir\\\/wp-content\\\/uploads\\\/sites\\\/34\\\/2023\\\/01\\\/Logo-PANS-2022-pelne.png\",\"contentUrl\":\"https:\\\/\\\/pans.krosno.pl\\\/tir\\\/wp-content\\\/uploads\\\/sites\\\/34\\\/2023\\\/01\\\/Logo-PANS-2022-pelne.png\",\"width\":3096,\"height\":696,\"caption\":\"Turystyka i Rekreacja PANS w Kro\u015bnie\"},\"image\":{\"@id\":\"https:\\\/\\\/pans.krosno.pl\\\/tir\\\/#\\\/schema\\\/logo\\\/image\\\/\"}}]}<\/script>\n<!-- \/ Yoast SEO Premium plugin. -->","yoast_head_json":{"title":"Wymiana mi\u0119dzynarodowa - Turystyka i Rekreacja PANS w Kro\u015bnie","description":"Umowy podpisane z uczelniami w ramach Programu Erasmus+ dla student\u00f3w Turystyki i rekreacji KPU w Kro\u015bnie","robots":{"index":"index","follow":"follow","max-snippet":"max-snippet:-1","max-image-preview":"max-image-preview:large","max-video-preview":"max-video-preview:-1"},"canonical":"https:\/\/pans.krosno.pl\/tir\/wymiana-miedzynarodowa\/","og_locale":"pl_PL","og_type":"article","og_title":"Wymiana mi\u0119dzynarodowa","og_description":"Umowy podpisane z uczelniami w ramach Programu Erasmus+ dla student\u00f3w Turystyki i rekreacji KPU w Kro\u015bnie","og_url":"https:\/\/pans.krosno.pl\/tir\/wymiana-miedzynarodowa\/","og_site_name":"Turystyka i Rekreacja PANS w Kro\u015bnie","article_modified_time":"2020-07-07T14:54:48+00:00","twitter_card":"summary_large_image","twitter_misc":{"Szacowany czas czytania":"5 minut"},"schema":{"@context":"https:\/\/schema.org","@graph":[{"@type":"WebPage","@id":"https:\/\/pans.krosno.pl\/tir\/wymiana-miedzynarodowa\/","url":"https:\/\/pans.krosno.pl\/tir\/wymiana-miedzynarodowa\/","name":"Wymiana mi\u0119dzynarodowa - Turystyka i Rekreacja PANS w Kro\u015bnie","isPartOf":{"@id":"https:\/\/pans.krosno.pl\/tir\/#website"},"datePublished":"2019-12-23T13:37:18+00:00","dateModified":"2020-07-07T14:54:48+00:00","description":"Umowy podpisane z uczelniami w ramach Programu Erasmus+ dla student\u00f3w Turystyki i rekreacji KPU w Kro\u015bnie","breadcrumb":{"@id":"https:\/\/pans.krosno.pl\/tir\/wymiana-miedzynarodowa\/#breadcrumb"},"inLanguage":"pl-PL","potentialAction":[{"@type":"ReadAction","target":["https:\/\/pans.krosno.pl\/tir\/wymiana-miedzynarodowa\/"]}]},{"@type":"BreadcrumbList","@id":"https:\/\/pans.krosno.pl\/tir\/wymiana-miedzynarodowa\/#breadcrumb","itemListElement":[{"@type":"ListItem","position":1,"name":"Strona g\u0142\u00f3wna","item":"https:\/\/pans.krosno.pl\/tir\/"},{"@type":"ListItem","position":2,"name":"Wymiana mi\u0119dzynarodowa"}]},{"@type":"WebSite","@id":"https:\/\/pans.krosno.pl\/tir\/#website","url":"https:\/\/pans.krosno.pl\/tir\/","name":"Turystyka i Rekreacja PANS w Kro\u015bnie","description":"Turystyka i Rekreacja - Pa\u0144stwowa Akademia Nauk Stosowanych","publisher":{"@id":"https:\/\/pans.krosno.pl\/tir\/#organization"},"potentialAction":[{"@type":"SearchAction","target":{"@type":"EntryPoint","urlTemplate":"https:\/\/pans.krosno.pl\/tir\/?s={search_term_string}"},"query-input":{"@type":"PropertyValueSpecification","valueRequired":true,"valueName":"search_term_string"}}],"inLanguage":"pl-PL"},{"@type":"Organization","@id":"https:\/\/pans.krosno.pl\/tir\/#organization","name":"Turystyka i Rekreacja PANS w Kro\u015bnie","url":"https:\/\/pans.krosno.pl\/tir\/","logo":{"@type":"ImageObject","inLanguage":"pl-PL","@id":"https:\/\/pans.krosno.pl\/tir\/#\/schema\/logo\/image\/","url":"https:\/\/pans.krosno.pl\/tir\/wp-content\/uploads\/sites\/34\/2023\/01\/Logo-PANS-2022-pelne.png","contentUrl":"https:\/\/pans.krosno.pl\/tir\/wp-content\/uploads\/sites\/34\/2023\/01\/Logo-PANS-2022-pelne.png","width":3096,"height":696,"caption":"Turystyka i Rekreacja PANS w Kro\u015bnie"},"image":{"@id":"https:\/\/pans.krosno.pl\/tir\/#\/schema\/logo\/image\/"}}]}},"_links":{"self":[{"href":"https:\/\/pans.krosno.pl\/tir\/wp-json\/wp\/v2\/pages\/211","targetHints":{"allow":["GET"]}}],"collection":[{"href":"https:\/\/pans.krosno.pl\/tir\/wp-json\/wp\/v2\/pages"}],"about":[{"href":"https:\/\/pans.krosno.pl\/tir\/wp-json\/wp\/v2\/types\/page"}],"author":[{"embeddable":true,"href":"https:\/\/pans.krosno.pl\/tir\/wp-json\/wp\/v2\/users\/1"}],"replies":[{"embeddable":true,"href":"https:\/\/pans.krosno.pl\/tir\/wp-json\/wp\/v2\/comments?post=211"}],"version-history":[{"count":3,"href":"https:\/\/pans.krosno.pl\/tir\/wp-json\/wp\/v2\/pages\/211\/revisions"}],"predecessor-version":[{"id":511,"href":"https:\/\/pans.krosno.pl\/tir\/wp-json\/wp\/v2\/pages\/211\/revisions\/511"}],"wp:attachment":[{"href":"https:\/\/pans.krosno.pl\/tir\/wp-json\/wp\/v2\/media?parent=211"}],"curies":[{"name":"wp","href":"https:\/\/api.w.org\/{rel}","templated":true}]}}