{"id":20,"date":"2019-11-18T09:48:10","date_gmt":"2019-11-18T08:48:10","guid":{"rendered":"https:\/\/pans.krosno.pl\/tir\/?page_id=20"},"modified":"2025-10-01T10:20:22","modified_gmt":"2025-10-01T08:20:22","slug":"egzamin-dyplomowy","status":"publish","type":"page","link":"https:\/\/pans.krosno.pl\/tir\/egzamin-dyplomowy\/","title":{"rendered":"Egzamin dyplomowy"},"content":{"rendered":"\n<h3 class=\"wp-block-heading\" id=\"h-seminarium-licencjackie-w-roku-akademickim-2022-23\">Seminarium licencjackie w roku akademickim 2022\/23<\/h3>\n\n\n\n<p>Uprzejmie informujemy,<\/p>\n\n\n\n<p>i\u017c w roku akademickim <strong>2025\/202<\/strong>6 studenci III roku Turystyki i Rekreacji b\u0119d\u0105 mieli mo\u017cliwo\u015b\u0107 wyboru tylko jednej grupy seminaryjnej.<\/p>\n\n\n\n<p><strong>Seminarium licencjackie <\/strong>dla student\u00f3w III roku poprowadzi:<\/p>\n\n\n\n<p class=\"has-medium-font-size\"><strong>dr hab. Piotr \u0141opatkiewicz, prof. PANS<\/strong><\/p>\n\n\n\n<p><strong>piotr.lopatkiewicz@pans.krosno.pl<\/strong><\/p>\n\n\n\n<p>Od letniego semestru 2025\/26 cz\u0119\u015b\u0107 prac licencjackich poprowadzi<strong> dr Rafa\u0142 Kapica<\/strong><\/p>\n\n\n\n<p>rafal.kapica@pans.krosno.pl<\/p>\n\n\n\n<p><\/p>\n\n\n\n<h3 class=\"wp-block-heading\" id=\"h-problematyka-grupy-seminaryjnej\">Problematyka grupy seminaryjnej<\/h3>\n\n\n\n<p><strong>Dr hab. Piotr \u0141opatkiewicz, prof. PANS<\/strong><\/p>\n\n\n\n<p><strong>Problematyka grupy seminaryjnej<\/strong><\/p>\n\n\n\n<p><strong>Problematyka wiod\u0105ca<\/strong>:<\/p>\n\n\n\n<ul class=\"wp-block-list\">\n<li>zabytki sztuki i kultury materialnej jako walory krajoznawcze region\u00f3w turystycznych Polski i Europy<\/li>\n\n\n\n<li>zagospodarowanie zabytk\u00f3w architektury na potrzeby turystyki<\/li>\n\n\n\n<li>zabytki na Li\u015bcie \u015awiatowego Dziedzictwa Kulturalnego i Naturalnego UNESCO w Polsce i na \u015bwiecie jako kluczowe elementy produktu turystycznego region\u00f3w<\/li>\n\n\n\n<li>zabytki architektury drewnianej jako turystyczna atrakcja obszar\u00f3w po\u0142udniowej Polski<\/li>\n\n\n\n<li>zabytki architektury rezydencjonalnej (zamki, pa\u0142ace, dwory) i ich funkcje turystyczne<\/li>\n\n\n\n<li>zabytki kultury ludowej, rezerwaty i skanseny etnograficzne, stanowiska archeologiczne jako walory krajoznawcze region\u00f3w turystycznych<\/li>\n\n\n\n<li>muzea i ich oferty wspomagaj\u0105ce kreowanie i rozw\u00f3j lokalnego produktu turystycznego<\/li>\n<\/ul>\n\n\n\n<p><strong>Problematyka dodatkowa:<\/strong><\/p>\n\n\n\n<ul class=\"wp-block-list\">\n<li>turystyka w obszarach g\u00f3rskich<\/li>\n\n\n\n<li>badanie potencja\u0142u turystycznego regionu (diagnoza stanu i perspektywy rozwoju)<\/li>\n\n\n\n<li>badanie motyw\u00f3w podejmowania aktywno\u015bci turystycznej<\/li>\n<\/ul>\n\n\n\n<p><strong>Wybrana problematyka prac, kt\u00f3r\u0105 powinien poprowadzi\u0107 dr Rafa\u0142 Kapica<\/strong><\/p>\n\n\n\n<ul class=\"wp-block-list\">\n<li>badanie poziomu i jako\u015bci us\u0142ug turystycznych oraz hotelarskich, w tym r\u00f3wnie\u017c poziomu us\u0142ug Wellness &amp; SPA<\/li>\n\n\n\n<li>badanie poziomu zagospodarowania turystycznego i rekreacyjnego miejscowo\u015bci (w tym miejscowo\u015bci uzdrowiskowych)<\/li>\n\n\n\n<li>badanie motyw\u00f3w podejmowania aktywno\u015bci turystycznej<\/li>\n\n\n\n<li>badanie funkcji turystycznej na podstawie wybranych wska\u017anik\u00f3w<\/li>\n\n\n\n<li>nowoczesne tendencje w turystyce i hotelarstwie polskim i \u015bwiatowym<\/li>\n\n\n\n<li>wsp\u00f3\u0142czesne formy rekreacji i motywy ich podejmowania<\/li>\n<\/ul>\n\n\n\n<div class=\"wp-block-file\"><a id=\"wp-block-file--media-c1949426-4dfc-4e94-93fa-9ca14224d49a\" href=\"https:\/\/pans.krosno.pl\/tir\/wp-content\/uploads\/sites\/34\/2019\/12\/procedura_dyplomowania_tir.pdf\">Procedura dyplomowania<\/a><a href=\"https:\/\/pans.krosno.pl\/tir\/wp-content\/uploads\/sites\/34\/2019\/12\/procedura_dyplomowania_tir.pdf\" class=\"wp-block-file__button wp-element-button\" download aria-describedby=\"wp-block-file--media-c1949426-4dfc-4e94-93fa-9ca14224d49a\">Pobierz<\/a><\/div>\n\n\n\n<div class=\"wp-block-file\"><a id=\"wp-block-file--media-98c06aa4-46db-4a6b-9819-6e3b45e57dfe\" href=\"https:\/\/pans.krosno.pl\/tir\/wp-content\/uploads\/sites\/34\/2021\/02\/Oswiadczenia.docx\">Oswiadczenia<\/a><a href=\"https:\/\/pans.krosno.pl\/tir\/wp-content\/uploads\/sites\/34\/2021\/02\/Oswiadczenia.docx\" class=\"wp-block-file__button wp-element-button\" download aria-describedby=\"wp-block-file--media-98c06aa4-46db-4a6b-9819-6e3b45e57dfe\">Pobierz<\/a><\/div>\n\n\n\n<div class=\"wp-block-file\"><a id=\"wp-block-file--media-b52027a5-0958-4c37-95c4-193ff040724f\" href=\"https:\/\/pans.krosno.pl\/tir\/wp-content\/uploads\/sites\/34\/2023\/06\/Wzor-strony-tytulowej.doc\">Wzor-strony-tytulowej<\/a><a href=\"https:\/\/pans.krosno.pl\/tir\/wp-content\/uploads\/sites\/34\/2023\/06\/Wzor-strony-tytulowej.doc\" class=\"wp-block-file__button wp-element-button\" download aria-describedby=\"wp-block-file--media-b52027a5-0958-4c37-95c4-193ff040724f\">Pobierz<\/a><\/div>\n\n\n\n<div class=\"wp-block-file\"><a id=\"wp-block-file--media-3227ac8e-8dc9-4540-8b7e-ea46803a662d\" href=\"https:\/\/pans.krosno.pl\/tir\/wp-content\/uploads\/sites\/34\/2021\/02\/Kryteria-oceny-autoprezentacji-wynikow-pracy-podczas-egzaminu-dyplomowego.pdf\">Kryteria-oceny-autoprezentacji-wynikow-pracy-podczas-egzaminu-dyplomowego<\/a><a href=\"https:\/\/pans.krosno.pl\/tir\/wp-content\/uploads\/sites\/34\/2021\/02\/Kryteria-oceny-autoprezentacji-wynikow-pracy-podczas-egzaminu-dyplomowego.pdf\" class=\"wp-block-file__button wp-element-button\" download aria-describedby=\"wp-block-file--media-3227ac8e-8dc9-4540-8b7e-ea46803a662d\">Pobierz<\/a><\/div>\n\n\n\n<div class=\"wp-block-file\"><a href=\"https:\/\/pans.krosno.pl\/tir\/wp-content\/uploads\/sites\/34\/2022\/03\/Pytania-do-egzaminu-dyplomowego_Turystyka_i_rekreacja_2022-3.pdf\">Pytania-do-egzaminu-dyplomowego_Turystyka_i_rekreacja_2022-3<\/a><a href=\"https:\/\/pans.krosno.pl\/tir\/wp-content\/uploads\/sites\/34\/2022\/03\/Pytania-do-egzaminu-dyplomowego_Turystyka_i_rekreacja_2022-3.pdf\" class=\"wp-block-file__button\" download>Pobierz<\/a><\/div>\n","protected":false},"excerpt":{"rendered":"<p>Seminarium licencjackie w roku akademickim 2022\/23 Uprzejmie informujemy, i\u017c w roku akademickim 2025\/2026 studenci III roku Turystyki i Rekreacji b\u0119d\u0105 mieli mo\u017cliwo\u015b\u0107 wyboru tylko jednej grupy seminaryjnej. Seminarium licencjackie dla student\u00f3w III roku poprowadzi: dr hab. Piotr \u0141opatkiewicz, prof. PANS piotr.lopatkiewicz@pans.krosno.pl Od letniego semestru 2025\/26 cz\u0119\u015b\u0107 prac licencjackich poprowadzi dr [\u2026] <\/p>\n<div class=\"clear\"><\/div>\n<p><a class=\"more_link clearfix\" href=\"https:\/\/pans.krosno.pl\/tir\/egzamin-dyplomowy\/\" rel=\"nofollow\">Read More<\/a><\/p>\n","protected":false},"author":1,"featured_media":0,"parent":0,"menu_order":0,"comment_status":"closed","ping_status":"closed","template":"page-templates\/template-full-width.php","meta":{"ngg_post_thumbnail":0,"footnotes":""},"class_list":["post-20","page","type-page","status-publish","hentry"],"yoast_head":"<!-- This site is optimized with the Yoast SEO Premium plugin v27.3 (Yoast SEO v27.3) - https:\/\/yoast.com\/product\/yoast-seo-premium-wordpress\/ -->\n<title>Egzamin dyplomowy - Turystyka i Rekreacja PANS w Kro\u015bnie<\/title>\n<meta name=\"description\" content=\"KPU w Kro\u015bnie\" \/>\n<meta name=\"robots\" content=\"index, follow, max-snippet:-1, max-image-preview:large, max-video-preview:-1\" \/>\n<link rel=\"canonical\" href=\"https:\/\/pans.krosno.pl\/tir\/egzamin-dyplomowy\/\" \/>\n<meta property=\"og:locale\" content=\"pl_PL\" \/>\n<meta property=\"og:type\" content=\"article\" \/>\n<meta property=\"og:title\" content=\"Egzamin dyplomowy\" \/>\n<meta property=\"og:description\" content=\"KPU w Kro\u015bnie\" \/>\n<meta property=\"og:url\" content=\"https:\/\/pans.krosno.pl\/tir\/egzamin-dyplomowy\/\" \/>\n<meta property=\"og:site_name\" content=\"Turystyka i Rekreacja PANS w Kro\u015bnie\" \/>\n<meta property=\"article:modified_time\" content=\"2025-10-01T08:20:22+00:00\" \/>\n<meta name=\"twitter:card\" content=\"summary_large_image\" \/>\n<meta name=\"twitter:label1\" content=\"Szacowany czas czytania\" \/>\n\t<meta name=\"twitter:data1\" content=\"2 minuty\" \/>\n<script type=\"application\/ld+json\" class=\"yoast-schema-graph\">{\"@context\":\"https:\\\/\\\/schema.org\",\"@graph\":[{\"@type\":\"WebPage\",\"@id\":\"https:\\\/\\\/pans.krosno.pl\\\/tir\\\/egzamin-dyplomowy\\\/\",\"url\":\"https:\\\/\\\/pans.krosno.pl\\\/tir\\\/egzamin-dyplomowy\\\/\",\"name\":\"Egzamin dyplomowy - Turystyka i Rekreacja PANS w Kro\u015bnie\",\"isPartOf\":{\"@id\":\"https:\\\/\\\/pans.krosno.pl\\\/tir\\\/#website\"},\"datePublished\":\"2019-11-18T08:48:10+00:00\",\"dateModified\":\"2025-10-01T08:20:22+00:00\",\"description\":\"KPU w Kro\u015bnie\",\"breadcrumb\":{\"@id\":\"https:\\\/\\\/pans.krosno.pl\\\/tir\\\/egzamin-dyplomowy\\\/#breadcrumb\"},\"inLanguage\":\"pl-PL\",\"potentialAction\":[{\"@type\":\"ReadAction\",\"target\":[\"https:\\\/\\\/pans.krosno.pl\\\/tir\\\/egzamin-dyplomowy\\\/\"]}]},{\"@type\":\"BreadcrumbList\",\"@id\":\"https:\\\/\\\/pans.krosno.pl\\\/tir\\\/egzamin-dyplomowy\\\/#breadcrumb\",\"itemListElement\":[{\"@type\":\"ListItem\",\"position\":1,\"name\":\"Strona g\u0142\u00f3wna\",\"item\":\"https:\\\/\\\/pans.krosno.pl\\\/tir\\\/\"},{\"@type\":\"ListItem\",\"position\":2,\"name\":\"Egzamin dyplomowy\"}]},{\"@type\":\"WebSite\",\"@id\":\"https:\\\/\\\/pans.krosno.pl\\\/tir\\\/#website\",\"url\":\"https:\\\/\\\/pans.krosno.pl\\\/tir\\\/\",\"name\":\"Turystyka i Rekreacja PANS w Kro\u015bnie\",\"description\":\"Turystyka i Rekreacja - Pa\u0144stwowa Akademia Nauk Stosowanych\",\"publisher\":{\"@id\":\"https:\\\/\\\/pans.krosno.pl\\\/tir\\\/#organization\"},\"potentialAction\":[{\"@type\":\"SearchAction\",\"target\":{\"@type\":\"EntryPoint\",\"urlTemplate\":\"https:\\\/\\\/pans.krosno.pl\\\/tir\\\/?s={search_term_string}\"},\"query-input\":{\"@type\":\"PropertyValueSpecification\",\"valueRequired\":true,\"valueName\":\"search_term_string\"}}],\"inLanguage\":\"pl-PL\"},{\"@type\":\"Organization\",\"@id\":\"https:\\\/\\\/pans.krosno.pl\\\/tir\\\/#organization\",\"name\":\"Turystyka i Rekreacja PANS w Kro\u015bnie\",\"url\":\"https:\\\/\\\/pans.krosno.pl\\\/tir\\\/\",\"logo\":{\"@type\":\"ImageObject\",\"inLanguage\":\"pl-PL\",\"@id\":\"https:\\\/\\\/pans.krosno.pl\\\/tir\\\/#\\\/schema\\\/logo\\\/image\\\/\",\"url\":\"https:\\\/\\\/pans.krosno.pl\\\/tir\\\/wp-content\\\/uploads\\\/sites\\\/34\\\/2023\\\/01\\\/Logo-PANS-2022-pelne.png\",\"contentUrl\":\"https:\\\/\\\/pans.krosno.pl\\\/tir\\\/wp-content\\\/uploads\\\/sites\\\/34\\\/2023\\\/01\\\/Logo-PANS-2022-pelne.png\",\"width\":3096,\"height\":696,\"caption\":\"Turystyka i Rekreacja PANS w Kro\u015bnie\"},\"image\":{\"@id\":\"https:\\\/\\\/pans.krosno.pl\\\/tir\\\/#\\\/schema\\\/logo\\\/image\\\/\"}}]}<\/script>\n<!-- \/ Yoast SEO Premium plugin. -->","yoast_head_json":{"title":"Egzamin dyplomowy - Turystyka i Rekreacja PANS w Kro\u015bnie","description":"KPU w Kro\u015bnie","robots":{"index":"index","follow":"follow","max-snippet":"max-snippet:-1","max-image-preview":"max-image-preview:large","max-video-preview":"max-video-preview:-1"},"canonical":"https:\/\/pans.krosno.pl\/tir\/egzamin-dyplomowy\/","og_locale":"pl_PL","og_type":"article","og_title":"Egzamin dyplomowy","og_description":"KPU w Kro\u015bnie","og_url":"https:\/\/pans.krosno.pl\/tir\/egzamin-dyplomowy\/","og_site_name":"Turystyka i Rekreacja PANS w Kro\u015bnie","article_modified_time":"2025-10-01T08:20:22+00:00","twitter_card":"summary_large_image","twitter_misc":{"Szacowany czas czytania":"2 minuty"},"schema":{"@context":"https:\/\/schema.org","@graph":[{"@type":"WebPage","@id":"https:\/\/pans.krosno.pl\/tir\/egzamin-dyplomowy\/","url":"https:\/\/pans.krosno.pl\/tir\/egzamin-dyplomowy\/","name":"Egzamin dyplomowy - Turystyka i Rekreacja PANS w Kro\u015bnie","isPartOf":{"@id":"https:\/\/pans.krosno.pl\/tir\/#website"},"datePublished":"2019-11-18T08:48:10+00:00","dateModified":"2025-10-01T08:20:22+00:00","description":"KPU w Kro\u015bnie","breadcrumb":{"@id":"https:\/\/pans.krosno.pl\/tir\/egzamin-dyplomowy\/#breadcrumb"},"inLanguage":"pl-PL","potentialAction":[{"@type":"ReadAction","target":["https:\/\/pans.krosno.pl\/tir\/egzamin-dyplomowy\/"]}]},{"@type":"BreadcrumbList","@id":"https:\/\/pans.krosno.pl\/tir\/egzamin-dyplomowy\/#breadcrumb","itemListElement":[{"@type":"ListItem","position":1,"name":"Strona g\u0142\u00f3wna","item":"https:\/\/pans.krosno.pl\/tir\/"},{"@type":"ListItem","position":2,"name":"Egzamin dyplomowy"}]},{"@type":"WebSite","@id":"https:\/\/pans.krosno.pl\/tir\/#website","url":"https:\/\/pans.krosno.pl\/tir\/","name":"Turystyka i Rekreacja PANS w Kro\u015bnie","description":"Turystyka i Rekreacja - Pa\u0144stwowa Akademia Nauk Stosowanych","publisher":{"@id":"https:\/\/pans.krosno.pl\/tir\/#organization"},"potentialAction":[{"@type":"SearchAction","target":{"@type":"EntryPoint","urlTemplate":"https:\/\/pans.krosno.pl\/tir\/?s={search_term_string}"},"query-input":{"@type":"PropertyValueSpecification","valueRequired":true,"valueName":"search_term_string"}}],"inLanguage":"pl-PL"},{"@type":"Organization","@id":"https:\/\/pans.krosno.pl\/tir\/#organization","name":"Turystyka i Rekreacja PANS w Kro\u015bnie","url":"https:\/\/pans.krosno.pl\/tir\/","logo":{"@type":"ImageObject","inLanguage":"pl-PL","@id":"https:\/\/pans.krosno.pl\/tir\/#\/schema\/logo\/image\/","url":"https:\/\/pans.krosno.pl\/tir\/wp-content\/uploads\/sites\/34\/2023\/01\/Logo-PANS-2022-pelne.png","contentUrl":"https:\/\/pans.krosno.pl\/tir\/wp-content\/uploads\/sites\/34\/2023\/01\/Logo-PANS-2022-pelne.png","width":3096,"height":696,"caption":"Turystyka i Rekreacja PANS w Kro\u015bnie"},"image":{"@id":"https:\/\/pans.krosno.pl\/tir\/#\/schema\/logo\/image\/"}}]}},"_links":{"self":[{"href":"https:\/\/pans.krosno.pl\/tir\/wp-json\/wp\/v2\/pages\/20","targetHints":{"allow":["GET"]}}],"collection":[{"href":"https:\/\/pans.krosno.pl\/tir\/wp-json\/wp\/v2\/pages"}],"about":[{"href":"https:\/\/pans.krosno.pl\/tir\/wp-json\/wp\/v2\/types\/page"}],"author":[{"embeddable":true,"href":"https:\/\/pans.krosno.pl\/tir\/wp-json\/wp\/v2\/users\/1"}],"replies":[{"embeddable":true,"href":"https:\/\/pans.krosno.pl\/tir\/wp-json\/wp\/v2\/comments?post=20"}],"version-history":[{"count":19,"href":"https:\/\/pans.krosno.pl\/tir\/wp-json\/wp\/v2\/pages\/20\/revisions"}],"predecessor-version":[{"id":3757,"href":"https:\/\/pans.krosno.pl\/tir\/wp-json\/wp\/v2\/pages\/20\/revisions\/3757"}],"wp:attachment":[{"href":"https:\/\/pans.krosno.pl\/tir\/wp-json\/wp\/v2\/media?parent=20"}],"curies":[{"name":"wp","href":"https:\/\/api.w.org\/{rel}","templated":true}]}}