{"id":192,"date":"2019-12-23T14:30:20","date_gmt":"2019-12-23T13:30:20","guid":{"rendered":"https:\/\/pans.krosno.pl\/tir\/?page_id=192"},"modified":"2025-06-03T10:49:26","modified_gmt":"2025-06-03T08:49:26","slug":"pracownicy","status":"publish","type":"page","link":"https:\/\/pans.krosno.pl\/tir\/pracownicy\/","title":{"rendered":"Pracownicy Zak\u0142adu:"},"content":{"rendered":"\n<p><span style=\"text-decoration: underline\"><strong><a href=\"https:\/\/pans.krosno.pl\/pracownicy\/rafal-kapica\/\" target=\"_blank\" rel=\"noreferrer noopener\">dr Rafa\u0142 Kapica<\/a><\/strong> &#8211; Kierownik Zak\u0142adu Turystyki i Rekreacji\u00a0<\/span><\/p>\n\n\n\n<p><span style=\"text-decoration: underline\"><a href=\"https:\/\/pans.krosno.pl\/pracownicy\/piotr-lopatkiewicz\/\" target=\"_blank\" rel=\"noreferrer noopener\"><strong>dr hab. Piotr \u0141opatkiewicz, prof. PANS <\/strong><\/a>&#8211; Dyrektor Instytutu Gospodarki<\/span><\/p>\n\n\n\n<p><strong><a href=\"https:\/\/pans.krosno.pl\/pracownicy\/wojciech-krukar\/\" target=\"_blank\" rel=\"noreferrer noopener\">dr Wojciech Krukar <\/a><\/strong><\/p>\n\n\n\n<p><a href=\"https:\/\/pans.krosno.pl\/pracownicy\/mateusz-suchodolski\/\"><strong>dr Mateusz Suchodolski<\/strong><\/a><\/p>\n\n\n\n<p><a href=\"https:\/\/pans.krosno.pl\/pracownicy\/danuta-kaminska\/\" target=\"_blank\" rel=\"noreferrer noopener\"><strong>mgr Danuta Kami\u0144ska<\/strong><\/a><\/p>\n\n\n\n<p><\/p>\n\n\n\n<p class=\"has-medium-font-size\"><strong>Pracownicy wspieraj\u0105cy proces dydaktyczny:<\/strong><\/p>\n\n\n\n<p><a href=\"https:\/\/pans.krosno.pl\/pracownicy\/zbigniew-barabasz\/\"><strong>dr hab. Zbigniew Barabasz, prof. PANS<\/strong><\/a><\/p>\n\n\n\n<p><span style=\"text-decoration: underline\"><a href=\"https:\/\/pans.krosno.pl\/pracownicy\/jacek-kras\/\"><strong>dr Jacek Kra\u015b<\/strong><\/a><\/span><\/p>\n\n\n\n<p><a href=\"https:\/\/pans.krosno.pl\/pracownicy\/lukasz-wojtyczek\/\"><strong>dr \u0141ukasz Wojtyczek<\/strong><\/a><\/p>\n\n\n\n<p><strong><span style=\"text-decoration: underline\"><a href=\"https:\/\/pans.krosno.pl\/pracownicy\/edyta-niziol-babiarz\/\">dr Edyta Nizio\u0142-Babiarz<\/a><\/span><\/strong><\/p>\n\n\n\n<p><strong><span style=\"text-decoration: underline\">dr Anna Pietrasz<\/span><\/strong><\/p>\n\n\n\n<p><a href=\"https:\/\/pans.krosno.pl\/pracownicy\/anna-swist\/\"><strong>mgr Anna \u015awist<\/strong><\/a><\/p>\n\n\n\n<p><a href=\"https:\/\/pans.krosno.pl\/pracownicy\/katarzyna-kotowska\/\"><strong>mgr Katarzyna Kotowska<\/strong><\/a><\/p>\n\n\n\n<p><strong><span style=\"text-decoration: underline\"><a href=\"https:\/\/pans.krosno.pl\/pracownicy\/marzena-szepieniec\/\">mgr Marzena Szepieniec<\/a><\/span><\/strong><\/p>\n\n\n\n<p><strong><span style=\"text-decoration: underline\">mgr Magdalena Kundys<\/span><\/strong><\/p>\n\n\n\n<p><\/p>\n\n\n\n<p><\/p>\n\n\n\n<p><\/p>\n\n\n\n<p><\/p>\n\n\n\n<p><\/p>\n\n\n\n<p><\/p>\n\n\n\n<p><\/p>\n\n\n\n<p><\/p>\n","protected":false},"excerpt":{"rendered":"<p>dr Rafa\u0142 Kapica &#8211; Kierownik Zak\u0142adu Turystyki i Rekreacji\u00a0 dr hab. Piotr \u0141opatkiewicz, prof. PANS &#8211; Dyrektor Instytutu Gospodarki dr Wojciech Krukar dr Mateusz Suchodolski mgr Danuta Kami\u0144ska Pracownicy wspieraj\u0105cy proces dydaktyczny: dr hab. Zbigniew Barabasz, prof. PANS dr Jacek Kra\u015b dr \u0141ukasz Wojtyczek dr Edyta Nizio\u0142-Babiarz dr Anna Pietrasz [\u2026] <\/p>\n<div class=\"clear\"><\/div>\n<p><a class=\"more_link clearfix\" href=\"https:\/\/pans.krosno.pl\/tir\/pracownicy\/\" rel=\"nofollow\">Read More<\/a><\/p>\n","protected":false},"author":1,"featured_media":0,"parent":0,"menu_order":0,"comment_status":"closed","ping_status":"closed","template":"page-templates\/template-full-width.php","meta":{"ngg_post_thumbnail":0,"footnotes":""},"class_list":["post-192","page","type-page","status-publish","hentry"],"yoast_head":"<!-- This site is optimized with the Yoast SEO Premium plugin v27.3 (Yoast SEO v27.3) - https:\/\/yoast.com\/product\/yoast-seo-premium-wordpress\/ -->\n<title>Pracownicy Zak\u0142adu: - Turystyka i Rekreacja PANS w Kro\u015bnie<\/title>\n<meta name=\"description\" content=\"KPU w Kro\u015bnie\" \/>\n<meta name=\"robots\" content=\"index, follow, max-snippet:-1, max-image-preview:large, max-video-preview:-1\" \/>\n<link rel=\"canonical\" href=\"https:\/\/pans.krosno.pl\/tir\/pracownicy\/\" \/>\n<meta property=\"og:locale\" content=\"pl_PL\" \/>\n<meta property=\"og:type\" content=\"article\" \/>\n<meta property=\"og:title\" content=\"Pracownicy Zak\u0142adu:\" \/>\n<meta property=\"og:description\" content=\"KPU w Kro\u015bnie\" \/>\n<meta property=\"og:url\" content=\"https:\/\/pans.krosno.pl\/tir\/pracownicy\/\" \/>\n<meta property=\"og:site_name\" content=\"Turystyka i Rekreacja PANS w Kro\u015bnie\" \/>\n<meta property=\"article:modified_time\" content=\"2025-06-03T08:49:26+00:00\" \/>\n<meta name=\"twitter:card\" content=\"summary_large_image\" \/>\n<meta name=\"twitter:label1\" content=\"Szacowany czas czytania\" \/>\n\t<meta name=\"twitter:data1\" content=\"1 minuta\" \/>\n<script type=\"application\/ld+json\" class=\"yoast-schema-graph\">{\"@context\":\"https:\\\/\\\/schema.org\",\"@graph\":[{\"@type\":\"WebPage\",\"@id\":\"https:\\\/\\\/pans.krosno.pl\\\/tir\\\/pracownicy\\\/\",\"url\":\"https:\\\/\\\/pans.krosno.pl\\\/tir\\\/pracownicy\\\/\",\"name\":\"Pracownicy Zak\u0142adu: - Turystyka i Rekreacja PANS w Kro\u015bnie\",\"isPartOf\":{\"@id\":\"https:\\\/\\\/pans.krosno.pl\\\/tir\\\/#website\"},\"datePublished\":\"2019-12-23T13:30:20+00:00\",\"dateModified\":\"2025-06-03T08:49:26+00:00\",\"description\":\"KPU w Kro\u015bnie\",\"breadcrumb\":{\"@id\":\"https:\\\/\\\/pans.krosno.pl\\\/tir\\\/pracownicy\\\/#breadcrumb\"},\"inLanguage\":\"pl-PL\",\"potentialAction\":[{\"@type\":\"ReadAction\",\"target\":[\"https:\\\/\\\/pans.krosno.pl\\\/tir\\\/pracownicy\\\/\"]}]},{\"@type\":\"BreadcrumbList\",\"@id\":\"https:\\\/\\\/pans.krosno.pl\\\/tir\\\/pracownicy\\\/#breadcrumb\",\"itemListElement\":[{\"@type\":\"ListItem\",\"position\":1,\"name\":\"Strona g\u0142\u00f3wna\",\"item\":\"https:\\\/\\\/pans.krosno.pl\\\/tir\\\/\"},{\"@type\":\"ListItem\",\"position\":2,\"name\":\"Pracownicy Zak\u0142adu:\"}]},{\"@type\":\"WebSite\",\"@id\":\"https:\\\/\\\/pans.krosno.pl\\\/tir\\\/#website\",\"url\":\"https:\\\/\\\/pans.krosno.pl\\\/tir\\\/\",\"name\":\"Turystyka i Rekreacja PANS w Kro\u015bnie\",\"description\":\"Turystyka i Rekreacja - Pa\u0144stwowa Akademia Nauk Stosowanych\",\"publisher\":{\"@id\":\"https:\\\/\\\/pans.krosno.pl\\\/tir\\\/#organization\"},\"potentialAction\":[{\"@type\":\"SearchAction\",\"target\":{\"@type\":\"EntryPoint\",\"urlTemplate\":\"https:\\\/\\\/pans.krosno.pl\\\/tir\\\/?s={search_term_string}\"},\"query-input\":{\"@type\":\"PropertyValueSpecification\",\"valueRequired\":true,\"valueName\":\"search_term_string\"}}],\"inLanguage\":\"pl-PL\"},{\"@type\":\"Organization\",\"@id\":\"https:\\\/\\\/pans.krosno.pl\\\/tir\\\/#organization\",\"name\":\"Turystyka i Rekreacja PANS w Kro\u015bnie\",\"url\":\"https:\\\/\\\/pans.krosno.pl\\\/tir\\\/\",\"logo\":{\"@type\":\"ImageObject\",\"inLanguage\":\"pl-PL\",\"@id\":\"https:\\\/\\\/pans.krosno.pl\\\/tir\\\/#\\\/schema\\\/logo\\\/image\\\/\",\"url\":\"https:\\\/\\\/pans.krosno.pl\\\/tir\\\/wp-content\\\/uploads\\\/sites\\\/34\\\/2023\\\/01\\\/Logo-PANS-2022-pelne.png\",\"contentUrl\":\"https:\\\/\\\/pans.krosno.pl\\\/tir\\\/wp-content\\\/uploads\\\/sites\\\/34\\\/2023\\\/01\\\/Logo-PANS-2022-pelne.png\",\"width\":3096,\"height\":696,\"caption\":\"Turystyka i Rekreacja PANS w Kro\u015bnie\"},\"image\":{\"@id\":\"https:\\\/\\\/pans.krosno.pl\\\/tir\\\/#\\\/schema\\\/logo\\\/image\\\/\"}}]}<\/script>\n<!-- \/ Yoast SEO Premium plugin. -->","yoast_head_json":{"title":"Pracownicy Zak\u0142adu: - Turystyka i Rekreacja PANS w Kro\u015bnie","description":"KPU w Kro\u015bnie","robots":{"index":"index","follow":"follow","max-snippet":"max-snippet:-1","max-image-preview":"max-image-preview:large","max-video-preview":"max-video-preview:-1"},"canonical":"https:\/\/pans.krosno.pl\/tir\/pracownicy\/","og_locale":"pl_PL","og_type":"article","og_title":"Pracownicy Zak\u0142adu:","og_description":"KPU w Kro\u015bnie","og_url":"https:\/\/pans.krosno.pl\/tir\/pracownicy\/","og_site_name":"Turystyka i Rekreacja PANS w Kro\u015bnie","article_modified_time":"2025-06-03T08:49:26+00:00","twitter_card":"summary_large_image","twitter_misc":{"Szacowany czas czytania":"1 minuta"},"schema":{"@context":"https:\/\/schema.org","@graph":[{"@type":"WebPage","@id":"https:\/\/pans.krosno.pl\/tir\/pracownicy\/","url":"https:\/\/pans.krosno.pl\/tir\/pracownicy\/","name":"Pracownicy Zak\u0142adu: - Turystyka i Rekreacja PANS w Kro\u015bnie","isPartOf":{"@id":"https:\/\/pans.krosno.pl\/tir\/#website"},"datePublished":"2019-12-23T13:30:20+00:00","dateModified":"2025-06-03T08:49:26+00:00","description":"KPU w Kro\u015bnie","breadcrumb":{"@id":"https:\/\/pans.krosno.pl\/tir\/pracownicy\/#breadcrumb"},"inLanguage":"pl-PL","potentialAction":[{"@type":"ReadAction","target":["https:\/\/pans.krosno.pl\/tir\/pracownicy\/"]}]},{"@type":"BreadcrumbList","@id":"https:\/\/pans.krosno.pl\/tir\/pracownicy\/#breadcrumb","itemListElement":[{"@type":"ListItem","position":1,"name":"Strona g\u0142\u00f3wna","item":"https:\/\/pans.krosno.pl\/tir\/"},{"@type":"ListItem","position":2,"name":"Pracownicy Zak\u0142adu:"}]},{"@type":"WebSite","@id":"https:\/\/pans.krosno.pl\/tir\/#website","url":"https:\/\/pans.krosno.pl\/tir\/","name":"Turystyka i Rekreacja PANS w Kro\u015bnie","description":"Turystyka i Rekreacja - Pa\u0144stwowa Akademia Nauk Stosowanych","publisher":{"@id":"https:\/\/pans.krosno.pl\/tir\/#organization"},"potentialAction":[{"@type":"SearchAction","target":{"@type":"EntryPoint","urlTemplate":"https:\/\/pans.krosno.pl\/tir\/?s={search_term_string}"},"query-input":{"@type":"PropertyValueSpecification","valueRequired":true,"valueName":"search_term_string"}}],"inLanguage":"pl-PL"},{"@type":"Organization","@id":"https:\/\/pans.krosno.pl\/tir\/#organization","name":"Turystyka i Rekreacja PANS w Kro\u015bnie","url":"https:\/\/pans.krosno.pl\/tir\/","logo":{"@type":"ImageObject","inLanguage":"pl-PL","@id":"https:\/\/pans.krosno.pl\/tir\/#\/schema\/logo\/image\/","url":"https:\/\/pans.krosno.pl\/tir\/wp-content\/uploads\/sites\/34\/2023\/01\/Logo-PANS-2022-pelne.png","contentUrl":"https:\/\/pans.krosno.pl\/tir\/wp-content\/uploads\/sites\/34\/2023\/01\/Logo-PANS-2022-pelne.png","width":3096,"height":696,"caption":"Turystyka i Rekreacja PANS w Kro\u015bnie"},"image":{"@id":"https:\/\/pans.krosno.pl\/tir\/#\/schema\/logo\/image\/"}}]}},"_links":{"self":[{"href":"https:\/\/pans.krosno.pl\/tir\/wp-json\/wp\/v2\/pages\/192","targetHints":{"allow":["GET"]}}],"collection":[{"href":"https:\/\/pans.krosno.pl\/tir\/wp-json\/wp\/v2\/pages"}],"about":[{"href":"https:\/\/pans.krosno.pl\/tir\/wp-json\/wp\/v2\/types\/page"}],"author":[{"embeddable":true,"href":"https:\/\/pans.krosno.pl\/tir\/wp-json\/wp\/v2\/users\/1"}],"replies":[{"embeddable":true,"href":"https:\/\/pans.krosno.pl\/tir\/wp-json\/wp\/v2\/comments?post=192"}],"version-history":[{"count":33,"href":"https:\/\/pans.krosno.pl\/tir\/wp-json\/wp\/v2\/pages\/192\/revisions"}],"predecessor-version":[{"id":3611,"href":"https:\/\/pans.krosno.pl\/tir\/wp-json\/wp\/v2\/pages\/192\/revisions\/3611"}],"wp:attachment":[{"href":"https:\/\/pans.krosno.pl\/tir\/wp-json\/wp\/v2\/media?parent=192"}],"curies":[{"name":"wp","href":"https:\/\/api.w.org\/{rel}","templated":true}]}}