{"id":1009,"date":"2021-06-18T09:57:02","date_gmt":"2021-06-18T07:57:02","guid":{"rendered":"https:\/\/pans.krosno.pl\/tir\/?page_id=1009"},"modified":"2021-12-06T13:45:50","modified_gmt":"2021-12-06T12:45:50","slug":"nasi-studenci-i-absolwenci","status":"publish","type":"page","link":"https:\/\/pans.krosno.pl\/tir\/nasi-studenci-i-absolwenci\/","title":{"rendered":"Nasi studenci i absolwenci"},"content":{"rendered":"\n<hr class=\"wp-block-separator\" \/>\n\n\n\n<p><\/p>\n\n\n<ul class=\"wp-block-latest-posts__list has-dates wp-block-latest-posts\"><li><div class=\"wp-block-latest-posts__featured-image alignleft\"><a href=\"https:\/\/pans.krosno.pl\/tir\/szymon-kaliszuk-student-i-roku-turystki-i-rekreacji\/\" aria-label=\"Szymon Kaliszuk \u2013 student I roku Turystki i rekreacji\"><img loading=\"lazy\" decoding=\"async\" width=\"150\" height=\"150\" src=\"https:\/\/pans.krosno.pl\/tir\/wp-content\/uploads\/sites\/34\/2022\/03\/20210522_114030a-150x150.jpg\" class=\"attachment-thumbnail size-thumbnail wp-post-image\" alt=\"\" style=\"\" \/><\/a><\/div><a class=\"wp-block-latest-posts__post-title\" href=\"https:\/\/pans.krosno.pl\/tir\/szymon-kaliszuk-student-i-roku-turystki-i-rekreacji\/\">Szymon Kaliszuk \u2013 student I roku Turystki i rekreacji<\/a><time datetime=\"2022-03-12T10:42:12+01:00\" class=\"wp-block-latest-posts__post-date\">12 marca 2022<\/time><div class=\"wp-block-latest-posts__post-excerpt\">Po Maturze Wok\u00f3\u0142 Polski \u2013 Wyprawa Szymona Kaliszuka Jest to projekt, kt\u00f3ry Szymon namacalnie rozpocz\u0105\u0142 bezpo\u015brednio po swojej maturze, w I Liceum im. Kopernika w Kro\u015bnie w 2021 roku, wyruszaj\u0105c na piesz\u0105 w\u0119dr\u00f3wk\u0119 wok\u00f3\u0142 granic Polski. Projekt zak\u0142ada\u0142 pokonanie ok. 3000 km, by pom\u00f3c choremu ch\u0142opcu z Nidzicy. By\u0142a to r\u00f3wnie\u017c pr\u00f3ba pokazania harcerstwa od [\u2026] <div class=\"clear\"><\/div><a class=\"more_link clearfix\" href=\"https:\/\/pans.krosno.pl\/tir\/szymon-kaliszuk-student-i-roku-turystki-i-rekreacji\/\" rel=\"nofollow\">Read More<\/a><\/div><\/li>\n<li><div class=\"wp-block-latest-posts__featured-image alignleft\"><a href=\"https:\/\/pans.krosno.pl\/tir\/magdalena-kundys\/\" aria-label=\"Magdalena Kundys\"><img loading=\"lazy\" decoding=\"async\" width=\"150\" height=\"150\" src=\"https:\/\/pans.krosno.pl\/tir\/wp-content\/uploads\/sites\/34\/2021\/10\/159294719_530847457903984_4115491087753188772_n-1-150x150.jpg\" class=\"attachment-thumbnail size-thumbnail wp-post-image\" alt=\"\" style=\"\" \/><\/a><\/div><a class=\"wp-block-latest-posts__post-title\" href=\"https:\/\/pans.krosno.pl\/tir\/magdalena-kundys\/\">Magdalena Kundys<\/a><time datetime=\"2021-12-06T13:56:05+01:00\" class=\"wp-block-latest-posts__post-date\">6 grudnia 2021<\/time><div class=\"wp-block-latest-posts__post-excerpt\">Nazywam si\u0119 Magdalena Kundys i jestem absolwentk\u0105 pierwszego, prekursorskiego rocznika kierunku Obs\u0142uga Ruchu Turystycznego i Rekreacji \u00f3wczesnej Pa\u0144stwowej Wy\u017cszej Szko\u0142y Zawodowej w Kro\u015bnie (obecnej KPU). Po uko\u0144czeniu liceum dotar\u0142a do mnie informacja, i\u017c na uczelni w Kro\u015bnie otwiera si\u0119 nowy kierunek kszta\u0142cenia o nazwie Obs\u0142uga ruchu turystycznego i rekreacji. Studia te by\u0142y dla mnie idealn\u0105 [\u2026] <div class=\"clear\"><\/div><a class=\"more_link clearfix\" href=\"https:\/\/pans.krosno.pl\/tir\/magdalena-kundys\/\" rel=\"nofollow\">Read More<\/a><\/div><\/li>\n<li><div class=\"wp-block-latest-posts__featured-image alignleft\"><a href=\"https:\/\/pans.krosno.pl\/tir\/weronika-ekiert\/\" aria-label=\"Weronika Ekiert\"><img loading=\"lazy\" decoding=\"async\" width=\"150\" height=\"150\" src=\"https:\/\/pans.krosno.pl\/tir\/wp-content\/uploads\/sites\/34\/2021\/06\/Oboz-w-Pieninach-150x150.jpg\" class=\"attachment-thumbnail size-thumbnail wp-post-image\" alt=\"\" style=\"\" \/><\/a><\/div><a class=\"wp-block-latest-posts__post-title\" href=\"https:\/\/pans.krosno.pl\/tir\/weronika-ekiert\/\">Weronika Ekiert<\/a><time datetime=\"2020-06-18T09:56:23+02:00\" class=\"wp-block-latest-posts__post-date\">18 czerwca 2020<\/time><div class=\"wp-block-latest-posts__post-excerpt\">Jestem tegoroczn\u0105 absolwentk\u0105 Karpackiej Pa\u0144stwowej Uczelni w Kro\u015bnie na kierunku Turystyka i rekreacja. Kierunek ten wybra\u0142am ze wzgl\u0119du na zami\u0142owanie do podr\u00f3\u017cy. Poza tym, turystyka sta\u0142a si\u0119 znacz\u0105c\u0105 dziedzin\u0105 gospodarki, dlatego powstaj\u0105 liczne miejsca pracy. Turystyka daje zatrudnienie w kraju jak i zagranic\u0105. Studenci maj\u0105 mo\u017cliwo\u015b\u0107 wyboru specjalno\u015bci, w kt\u00f3rej chc\u0105 si\u0119 kszta\u0142ci\u0107. Przedmiotami, z [\u2026] <div class=\"clear\"><\/div><a class=\"more_link clearfix\" href=\"https:\/\/pans.krosno.pl\/tir\/weronika-ekiert\/\" rel=\"nofollow\">Read More<\/a><\/div><\/li>\n<li><div class=\"wp-block-latest-posts__featured-image alignleft\"><a href=\"https:\/\/pans.krosno.pl\/tir\/natalia-swiechowicz\/\" aria-label=\"Natalia \u015awi\u0119chowicz\"><img loading=\"lazy\" decoding=\"async\" width=\"150\" height=\"150\" src=\"https:\/\/pans.krosno.pl\/tir\/wp-content\/uploads\/sites\/34\/2021\/06\/image-150x150.png\" class=\"attachment-thumbnail size-thumbnail wp-post-image\" alt=\"\" style=\"\" \/><\/a><\/div><a class=\"wp-block-latest-posts__post-title\" href=\"https:\/\/pans.krosno.pl\/tir\/natalia-swiechowicz\/\">Natalia \u015awi\u0119chowicz<\/a><time datetime=\"2017-05-18T09:59:06+02:00\" class=\"wp-block-latest-posts__post-date\">18 maja 2017<\/time><div class=\"wp-block-latest-posts__post-excerpt\">Jestem absolwentk\u0105 Turystyki i Rekreacji PWSZ (2007-2010). Mimo i\u017c, z rodzinnego miasta by\u0142o mi znacznie bli\u017cej do Krakowa, wybra\u0142am uczelni\u0119 na nieznanym mi w\u00f3wczas Podkarpaciu. Zawsze poci\u0105ga\u0142o mnie nieznane, zamieszkanie w Kro\u015bnie by\u0142o zatem idealn\u0105 okazj\u0105, by odkrywa\u0107 Bieszczady i szlaki Beskidu Niskiego. \u015arodowisko i studenci PWSZ-u sprzyjali moim odkrywczym zap\u0119dom. Razem z Ko\u0142em Geograficznym [\u2026] <div class=\"clear\"><\/div><a class=\"more_link clearfix\" href=\"https:\/\/pans.krosno.pl\/tir\/natalia-swiechowicz\/\" rel=\"nofollow\">Read More<\/a><\/div><\/li>\n<li><div class=\"wp-block-latest-posts__featured-image alignleft\"><a href=\"https:\/\/pans.krosno.pl\/tir\/paulina-nowacka\/\" aria-label=\"Paulina Nowacka\"><img loading=\"lazy\" decoding=\"async\" width=\"150\" height=\"150\" src=\"https:\/\/pans.krosno.pl\/tir\/wp-content\/uploads\/sites\/34\/2021\/06\/15311509_1472413279453877_1019051720_o_1-150x150-1-150x150.jpg\" class=\"attachment-thumbnail size-thumbnail wp-post-image\" alt=\"\" style=\"\" \/><\/a><\/div><a class=\"wp-block-latest-posts__post-title\" href=\"https:\/\/pans.krosno.pl\/tir\/paulina-nowacka\/\">Paulina Nowacka<\/a><time datetime=\"2016-06-18T10:20:28+02:00\" class=\"wp-block-latest-posts__post-date\">18 czerwca 2016<\/time><div class=\"wp-block-latest-posts__post-excerpt\">Paulina Nowacka&nbsp;\u2013 Dyrektorka Akademii Talent\u00f3w,&nbsp; Trenerka Gimnastyki Artystycznej, S\u0142uchaczka drugiego roku Pa\u0144stwowego Pomaturalnego Studium Animator\u00f3w Kultury w Kro\u015bnie o specjalizacji taniec, absolwentka kierunku&nbsp;Turystyka i Rekreacja&nbsp;o specjalno\u015bci Turystyka Uzdrowiskowa, Wellness &amp; SPA, obecnie studentka II SUM Akademii Wychowania Fizycznego w Krakowieo specjalno\u015bci &nbsp;Coaching w rekreacji. &#8222;Studia w Pa\u0144stwowej Wy\u017cszej Szkole Zawodowej w Kro\u015bnie wspominam z wielkim [\u2026] <div class=\"clear\"><\/div><a class=\"more_link clearfix\" href=\"https:\/\/pans.krosno.pl\/tir\/paulina-nowacka\/\" rel=\"nofollow\">Read More<\/a><\/div><\/li>\n<li><div class=\"wp-block-latest-posts__featured-image alignleft\"><a href=\"https:\/\/pans.krosno.pl\/tir\/lukasz-piekos\/\" aria-label=\"\u0141ukasz Pi\u0119ko\u015b\"><img loading=\"lazy\" decoding=\"async\" width=\"150\" height=\"150\" src=\"https:\/\/pans.krosno.pl\/tir\/wp-content\/uploads\/sites\/34\/2021\/06\/l3uW3JumZVWqkYlkZApiekos5-e1588610443795-150x150-1-150x150.jpg\" class=\"attachment-thumbnail size-thumbnail wp-post-image\" alt=\"\" style=\"\" \/><\/a><\/div><a class=\"wp-block-latest-posts__post-title\" href=\"https:\/\/pans.krosno.pl\/tir\/lukasz-piekos\/\">\u0141ukasz Pi\u0119ko\u015b<\/a><time datetime=\"2015-06-18T10:08:14+02:00\" class=\"wp-block-latest-posts__post-date\">18 czerwca 2015<\/time><div class=\"wp-block-latest-posts__post-excerpt\">&#8222;Cze\u015b\u0107, nazywam si\u0119 \u0141ukasz Pi\u0119ko\u015b. W 2015 roku uko\u0144czy\u0142em studia w Pa\u0144stwowej Wy\u017cszej Szkole, na kierunku Turystyka i Rekreacja o specjalno\u015bci Obs\u0142uga Ruchu Turystycznego i Rekreacji.&nbsp; W 2012 roku po uko\u0144czeniu liceum sportowego w Strzy\u017cowie postanowi\u0142em wybra\u0107 szko\u0142\u0119 wy\u017csz\u0105 w Kro\u015bnie. Pocz\u0105tkowo zastanawia\u0142em si\u0119 nad dwoma kierunkami: Wychowaniem Fizycznym oraz Turystyk\u0105 i Rekreacj\u0105. Od zawsze [\u2026] <div class=\"clear\"><\/div><a class=\"more_link clearfix\" href=\"https:\/\/pans.krosno.pl\/tir\/lukasz-piekos\/\" rel=\"nofollow\">Read More<\/a><\/div><\/li>\n<li><div class=\"wp-block-latest-posts__featured-image alignleft\"><a href=\"https:\/\/pans.krosno.pl\/tir\/anna-rusinek\/\" aria-label=\"Anna Rusinek\"><img loading=\"lazy\" decoding=\"async\" width=\"150\" height=\"150\" src=\"https:\/\/pans.krosno.pl\/tir\/wp-content\/uploads\/sites\/34\/2021\/06\/rusinek-300x225-1-150x150.jpg\" class=\"attachment-thumbnail size-thumbnail wp-post-image\" alt=\"\" style=\"\" \/><\/a><\/div><a class=\"wp-block-latest-posts__post-title\" href=\"https:\/\/pans.krosno.pl\/tir\/anna-rusinek\/\">Anna Rusinek<\/a><time datetime=\"2014-06-18T10:23:34+02:00\" class=\"wp-block-latest-posts__post-date\">18 czerwca 2014<\/time><div class=\"wp-block-latest-posts__post-excerpt\">Imi\u0119 i nazwisko:&nbsp;Anna Rusinek Uko\u0144czony kierunek:&nbsp;Turystyka i rekreacja Rok uko\u0144czenia studi\u00f3w:&nbsp;2014 Wspomnienia: &#8222;Cze\u015b\u0107 wszystkim. Nazywam si\u0119 Ania Rusinek i jestem absolwentk\u0105 Pa\u0144stwowej Wy\u017cszej Szko\u0142y Zawodowej w Kro\u015bnie. Chcecie wiedzie\u0107 jak tam jest? P\u00f3ki sami si\u0119 nie przekonacie, nie dowiecie si\u0119. Ja do tej szko\u0142y przysz\u0142am przez przypadek, pocz\u0105tkowo by\u0142am bardzo \u017ale do niej nastawiona. Ale [\u2026] <div class=\"clear\"><\/div><a class=\"more_link clearfix\" href=\"https:\/\/pans.krosno.pl\/tir\/anna-rusinek\/\" rel=\"nofollow\">Read More<\/a><\/div><\/li>\n<li><div class=\"wp-block-latest-posts__featured-image alignleft\"><a href=\"https:\/\/pans.krosno.pl\/tir\/gorski-adam\/\" aria-label=\"G\u00f3rski Adam\"><img loading=\"lazy\" decoding=\"async\" width=\"150\" height=\"150\" src=\"https:\/\/pans.krosno.pl\/tir\/wp-content\/uploads\/sites\/34\/2021\/06\/20641917_10213857664855110_305990618_o-150x150-1-150x150.jpg\" class=\"attachment-thumbnail size-thumbnail wp-post-image\" alt=\"\" style=\"\" \/><\/a><\/div><a class=\"wp-block-latest-posts__post-title\" href=\"https:\/\/pans.krosno.pl\/tir\/gorski-adam\/\">G\u00f3rski Adam<\/a><time datetime=\"2007-06-18T10:10:42+02:00\" class=\"wp-block-latest-posts__post-date\">18 czerwca 2007<\/time><div class=\"wp-block-latest-posts__post-excerpt\">Imi\u0119 i Nazwisko:&nbsp;Adam G\u00f3rskiUko\u0144czony kierunek:&nbsp;Turystyka i rekreacjaRok uko\u0144czenia studi\u00f3w:&nbsp;2007 &nbsp;&nbsp;&nbsp;&nbsp;&nbsp;&nbsp; &#8222;Nazywam si\u0119&nbsp;Adam G\u00f3rski&nbsp;i jestem absolwentem Pa\u0144stwowej Wy\u017cszej Szko\u0142y Zawodowej w Kro\u015bnie o kierunku Turystyka i rekreacja, specjalno\u015b\u0107 Obs\u0142uga Ruchu Turystycznego i Rekreacji.&nbsp;&nbsp;&nbsp;&nbsp;&nbsp;&nbsp;&nbsp; Studia w Kro\u015bnie rozpocz\u0105\u0142em w 2004 roku,&nbsp; wyborem pomi\u0119dzy trzema uczelniami do kt\u00f3rych si\u0119 dosta\u0142em. Poza PWSZ by\u0142y to \u00f3wczesna Akademia \u015awi\u0119tokrzyska w [\u2026] <div class=\"clear\"><\/div><a class=\"more_link clearfix\" href=\"https:\/\/pans.krosno.pl\/tir\/gorski-adam\/\" rel=\"nofollow\">Read More<\/a><\/div><\/li>\n<\/ul>\n\n\n<p><\/p>\n\n\n\n<p><\/p>\n","protected":false},"excerpt":{"rendered":"<p><!-- wp:paragraph --><\/p>\n<p>Imi\u0119 i nazwisko: <strong>Magdalena Kundys<\/strong>. Jestem absolwentk\u0105 pierwszego, prekursorskiego rocznika kierunku Obs\u0142uga Ruchu Turystycznego i Rekreacji \u00f3wczesnej Pa\u0144stwowej Wy\u017cszej Szko\u0142y Zawodowej w Kro\u015bnie (obecnej KPU).<\/p>\n<p><!-- \/wp:paragraph --><\/p>\n<p><!-- wp:paragraph --><\/p>\n<p>Po uko\u0144czeniu liceum dotar\u0142a do mnie informacja, i\u017c na uczelni w Kro\u015bnie otwiera si\u0119 nowy kierunek kszta\u0142cenia o nazwie Obs\u0142uga ruchu turystycznego i rekreacji. Studia te by\u0142y dla mnie idealn\u0105 alternatyw\u0105 po\u0142\u0105czenia zami\u0142owania do sportu, aktywnego trybu \u017cycia, ch\u0119ci podr\u00f3\u017cowania oraz sympatii do og\u00f3lno poj\u0119tego zagadnienia turystyki. By\u0142am ciekawa \u015bwiata, lubi\u0142am zwiedza\u0107, poznawa\u0107 nieznane, a jednocze\u015bnie by\u0107 blisko, rodziny, znajomych, mojego kochanego Krosna i spokojnego Podkarpacia.<\/p>\n<p><!-- \/wp:paragraph --><\/p>\n","protected":false},"author":27,"featured_media":1154,"parent":0,"menu_order":0,"comment_status":"closed","ping_status":"closed","template":"page-templates\/template-full-width.php","meta":{"ngg_post_thumbnail":0,"footnotes":""},"class_list":["post-1009","page","type-page","status-publish","has-post-thumbnail","hentry"],"yoast_head":"<!-- This site is optimized with the Yoast SEO Premium plugin v27.3 (Yoast SEO v27.3) - https:\/\/yoast.com\/product\/yoast-seo-premium-wordpress\/ -->\n<title>Nasi studenci i absolwenci - Turystyka i Rekreacja PANS w Kro\u015bnie<\/title>\n<meta name=\"robots\" content=\"index, follow, max-snippet:-1, max-image-preview:large, max-video-preview:-1\" \/>\n<link rel=\"canonical\" href=\"https:\/\/pans.krosno.pl\/tir\/nasi-studenci-i-absolwenci\/\" \/>\n<meta property=\"og:locale\" content=\"pl_PL\" \/>\n<meta property=\"og:type\" content=\"article\" \/>\n<meta property=\"og:title\" content=\"Nasi studenci i absolwenci\" \/>\n<meta property=\"og:description\" content=\"Imi\u0119 i nazwisko: Magdalena Kundys. Jestem absolwentk\u0105 pierwszego, prekursorskiego rocznika kierunku Obs\u0142uga Ruchu Turystycznego i Rekreacji \u00f3wczesnej Pa\u0144stwowej Wy\u017cszej Szko\u0142y Zawodowej w Kro\u015bnie (obecnej KPU).  Po uko\u0144czeniu liceum dotar\u0142a do mnie informacja, i\u017c na uczelni w Kro\u015bnie otwiera si\u0119 nowy kierunek kszta\u0142cenia o nazwie Obs\u0142uga ruchu turystycznego i rekreacji. Studia te by\u0142y dla mnie idealn\u0105 alternatyw\u0105 po\u0142\u0105czenia zami\u0142owania do sportu, aktywnego trybu \u017cycia, ch\u0119ci podr\u00f3\u017cowania oraz sympatii do og\u00f3lno poj\u0119tego zagadnienia turystyki. By\u0142am ciekawa \u015bwiata, lubi\u0142am zwiedza\u0107, poznawa\u0107 nieznane, a jednocze\u015bnie by\u0107 blisko, rodziny, znajomych, mojego kochanego Krosna i spokojnego Podkarpacia.\" \/>\n<meta property=\"og:url\" content=\"https:\/\/pans.krosno.pl\/tir\/nasi-studenci-i-absolwenci\/\" \/>\n<meta property=\"og:site_name\" content=\"Turystyka i Rekreacja PANS w Kro\u015bnie\" \/>\n<meta property=\"article:modified_time\" content=\"2021-12-06T12:45:50+00:00\" \/>\n<meta property=\"og:image\" content=\"https:\/\/pans.krosno.pl\/wp-content\/uploads\/sites\/34\/2021\/10\/159294719_530847457903984_4115491087753188772_n.jpg\" \/>\n\t<meta property=\"og:image:width\" content=\"2421\" \/>\n\t<meta property=\"og:image:height\" content=\"1948\" \/>\n\t<meta property=\"og:image:type\" content=\"image\/jpeg\" \/>\n<meta name=\"twitter:card\" content=\"summary_large_image\" \/>\n<script type=\"application\/ld+json\" class=\"yoast-schema-graph\">{\"@context\":\"https:\\\/\\\/schema.org\",\"@graph\":[{\"@type\":\"WebPage\",\"@id\":\"https:\\\/\\\/pans.krosno.pl\\\/tir\\\/nasi-studenci-i-absolwenci\\\/\",\"url\":\"https:\\\/\\\/pans.krosno.pl\\\/tir\\\/nasi-studenci-i-absolwenci\\\/\",\"name\":\"Nasi studenci i absolwenci - Turystyka i Rekreacja PANS w Kro\u015bnie\",\"isPartOf\":{\"@id\":\"https:\\\/\\\/pans.krosno.pl\\\/tir\\\/#website\"},\"primaryImageOfPage\":{\"@id\":\"https:\\\/\\\/pans.krosno.pl\\\/tir\\\/nasi-studenci-i-absolwenci\\\/#primaryimage\"},\"image\":{\"@id\":\"https:\\\/\\\/pans.krosno.pl\\\/tir\\\/nasi-studenci-i-absolwenci\\\/#primaryimage\"},\"thumbnailUrl\":\"https:\\\/\\\/pans.krosno.pl\\\/tir\\\/wp-content\\\/uploads\\\/sites\\\/34\\\/2021\\\/10\\\/159294719_530847457903984_4115491087753188772_n.jpg\",\"datePublished\":\"2021-06-18T07:57:02+00:00\",\"dateModified\":\"2021-12-06T12:45:50+00:00\",\"breadcrumb\":{\"@id\":\"https:\\\/\\\/pans.krosno.pl\\\/tir\\\/nasi-studenci-i-absolwenci\\\/#breadcrumb\"},\"inLanguage\":\"pl-PL\",\"potentialAction\":[{\"@type\":\"ReadAction\",\"target\":[\"https:\\\/\\\/pans.krosno.pl\\\/tir\\\/nasi-studenci-i-absolwenci\\\/\"]}]},{\"@type\":\"ImageObject\",\"inLanguage\":\"pl-PL\",\"@id\":\"https:\\\/\\\/pans.krosno.pl\\\/tir\\\/nasi-studenci-i-absolwenci\\\/#primaryimage\",\"url\":\"https:\\\/\\\/pans.krosno.pl\\\/tir\\\/wp-content\\\/uploads\\\/sites\\\/34\\\/2021\\\/10\\\/159294719_530847457903984_4115491087753188772_n.jpg\",\"contentUrl\":\"https:\\\/\\\/pans.krosno.pl\\\/tir\\\/wp-content\\\/uploads\\\/sites\\\/34\\\/2021\\\/10\\\/159294719_530847457903984_4115491087753188772_n.jpg\",\"width\":2421,\"height\":1948},{\"@type\":\"BreadcrumbList\",\"@id\":\"https:\\\/\\\/pans.krosno.pl\\\/tir\\\/nasi-studenci-i-absolwenci\\\/#breadcrumb\",\"itemListElement\":[{\"@type\":\"ListItem\",\"position\":1,\"name\":\"Strona g\u0142\u00f3wna\",\"item\":\"https:\\\/\\\/pans.krosno.pl\\\/tir\\\/\"},{\"@type\":\"ListItem\",\"position\":2,\"name\":\"Nasi studenci i absolwenci\"}]},{\"@type\":\"WebSite\",\"@id\":\"https:\\\/\\\/pans.krosno.pl\\\/tir\\\/#website\",\"url\":\"https:\\\/\\\/pans.krosno.pl\\\/tir\\\/\",\"name\":\"Turystyka i Rekreacja PANS w Kro\u015bnie\",\"description\":\"Turystyka i Rekreacja - Pa\u0144stwowa Akademia Nauk Stosowanych\",\"publisher\":{\"@id\":\"https:\\\/\\\/pans.krosno.pl\\\/tir\\\/#organization\"},\"potentialAction\":[{\"@type\":\"SearchAction\",\"target\":{\"@type\":\"EntryPoint\",\"urlTemplate\":\"https:\\\/\\\/pans.krosno.pl\\\/tir\\\/?s={search_term_string}\"},\"query-input\":{\"@type\":\"PropertyValueSpecification\",\"valueRequired\":true,\"valueName\":\"search_term_string\"}}],\"inLanguage\":\"pl-PL\"},{\"@type\":\"Organization\",\"@id\":\"https:\\\/\\\/pans.krosno.pl\\\/tir\\\/#organization\",\"name\":\"Turystyka i Rekreacja PANS w Kro\u015bnie\",\"url\":\"https:\\\/\\\/pans.krosno.pl\\\/tir\\\/\",\"logo\":{\"@type\":\"ImageObject\",\"inLanguage\":\"pl-PL\",\"@id\":\"https:\\\/\\\/pans.krosno.pl\\\/tir\\\/#\\\/schema\\\/logo\\\/image\\\/\",\"url\":\"https:\\\/\\\/pans.krosno.pl\\\/tir\\\/wp-content\\\/uploads\\\/sites\\\/34\\\/2023\\\/01\\\/Logo-PANS-2022-pelne.png\",\"contentUrl\":\"https:\\\/\\\/pans.krosno.pl\\\/tir\\\/wp-content\\\/uploads\\\/sites\\\/34\\\/2023\\\/01\\\/Logo-PANS-2022-pelne.png\",\"width\":3096,\"height\":696,\"caption\":\"Turystyka i Rekreacja PANS w Kro\u015bnie\"},\"image\":{\"@id\":\"https:\\\/\\\/pans.krosno.pl\\\/tir\\\/#\\\/schema\\\/logo\\\/image\\\/\"}}]}<\/script>\n<!-- \/ Yoast SEO Premium plugin. -->","yoast_head_json":{"title":"Nasi studenci i absolwenci - Turystyka i Rekreacja PANS w Kro\u015bnie","robots":{"index":"index","follow":"follow","max-snippet":"max-snippet:-1","max-image-preview":"max-image-preview:large","max-video-preview":"max-video-preview:-1"},"canonical":"https:\/\/pans.krosno.pl\/tir\/nasi-studenci-i-absolwenci\/","og_locale":"pl_PL","og_type":"article","og_title":"Nasi studenci i absolwenci","og_description":"Imi\u0119 i nazwisko: Magdalena Kundys. Jestem absolwentk\u0105 pierwszego, prekursorskiego rocznika kierunku Obs\u0142uga Ruchu Turystycznego i Rekreacji \u00f3wczesnej Pa\u0144stwowej Wy\u017cszej Szko\u0142y Zawodowej w Kro\u015bnie (obecnej KPU).  Po uko\u0144czeniu liceum dotar\u0142a do mnie informacja, i\u017c na uczelni w Kro\u015bnie otwiera si\u0119 nowy kierunek kszta\u0142cenia o nazwie Obs\u0142uga ruchu turystycznego i rekreacji. Studia te by\u0142y dla mnie idealn\u0105 alternatyw\u0105 po\u0142\u0105czenia zami\u0142owania do sportu, aktywnego trybu \u017cycia, ch\u0119ci podr\u00f3\u017cowania oraz sympatii do og\u00f3lno poj\u0119tego zagadnienia turystyki. By\u0142am ciekawa \u015bwiata, lubi\u0142am zwiedza\u0107, poznawa\u0107 nieznane, a jednocze\u015bnie by\u0107 blisko, rodziny, znajomych, mojego kochanego Krosna i spokojnego Podkarpacia.","og_url":"https:\/\/pans.krosno.pl\/tir\/nasi-studenci-i-absolwenci\/","og_site_name":"Turystyka i Rekreacja PANS w Kro\u015bnie","article_modified_time":"2021-12-06T12:45:50+00:00","og_image":[{"width":2421,"height":1948,"url":"https:\/\/pans.krosno.pl\/wp-content\/uploads\/sites\/34\/2021\/10\/159294719_530847457903984_4115491087753188772_n.jpg","type":"image\/jpeg"}],"twitter_card":"summary_large_image","schema":{"@context":"https:\/\/schema.org","@graph":[{"@type":"WebPage","@id":"https:\/\/pans.krosno.pl\/tir\/nasi-studenci-i-absolwenci\/","url":"https:\/\/pans.krosno.pl\/tir\/nasi-studenci-i-absolwenci\/","name":"Nasi studenci i absolwenci - Turystyka i Rekreacja PANS w Kro\u015bnie","isPartOf":{"@id":"https:\/\/pans.krosno.pl\/tir\/#website"},"primaryImageOfPage":{"@id":"https:\/\/pans.krosno.pl\/tir\/nasi-studenci-i-absolwenci\/#primaryimage"},"image":{"@id":"https:\/\/pans.krosno.pl\/tir\/nasi-studenci-i-absolwenci\/#primaryimage"},"thumbnailUrl":"https:\/\/pans.krosno.pl\/tir\/wp-content\/uploads\/sites\/34\/2021\/10\/159294719_530847457903984_4115491087753188772_n.jpg","datePublished":"2021-06-18T07:57:02+00:00","dateModified":"2021-12-06T12:45:50+00:00","breadcrumb":{"@id":"https:\/\/pans.krosno.pl\/tir\/nasi-studenci-i-absolwenci\/#breadcrumb"},"inLanguage":"pl-PL","potentialAction":[{"@type":"ReadAction","target":["https:\/\/pans.krosno.pl\/tir\/nasi-studenci-i-absolwenci\/"]}]},{"@type":"ImageObject","inLanguage":"pl-PL","@id":"https:\/\/pans.krosno.pl\/tir\/nasi-studenci-i-absolwenci\/#primaryimage","url":"https:\/\/pans.krosno.pl\/tir\/wp-content\/uploads\/sites\/34\/2021\/10\/159294719_530847457903984_4115491087753188772_n.jpg","contentUrl":"https:\/\/pans.krosno.pl\/tir\/wp-content\/uploads\/sites\/34\/2021\/10\/159294719_530847457903984_4115491087753188772_n.jpg","width":2421,"height":1948},{"@type":"BreadcrumbList","@id":"https:\/\/pans.krosno.pl\/tir\/nasi-studenci-i-absolwenci\/#breadcrumb","itemListElement":[{"@type":"ListItem","position":1,"name":"Strona g\u0142\u00f3wna","item":"https:\/\/pans.krosno.pl\/tir\/"},{"@type":"ListItem","position":2,"name":"Nasi studenci i absolwenci"}]},{"@type":"WebSite","@id":"https:\/\/pans.krosno.pl\/tir\/#website","url":"https:\/\/pans.krosno.pl\/tir\/","name":"Turystyka i Rekreacja PANS w Kro\u015bnie","description":"Turystyka i Rekreacja - Pa\u0144stwowa Akademia Nauk Stosowanych","publisher":{"@id":"https:\/\/pans.krosno.pl\/tir\/#organization"},"potentialAction":[{"@type":"SearchAction","target":{"@type":"EntryPoint","urlTemplate":"https:\/\/pans.krosno.pl\/tir\/?s={search_term_string}"},"query-input":{"@type":"PropertyValueSpecification","valueRequired":true,"valueName":"search_term_string"}}],"inLanguage":"pl-PL"},{"@type":"Organization","@id":"https:\/\/pans.krosno.pl\/tir\/#organization","name":"Turystyka i Rekreacja PANS w Kro\u015bnie","url":"https:\/\/pans.krosno.pl\/tir\/","logo":{"@type":"ImageObject","inLanguage":"pl-PL","@id":"https:\/\/pans.krosno.pl\/tir\/#\/schema\/logo\/image\/","url":"https:\/\/pans.krosno.pl\/tir\/wp-content\/uploads\/sites\/34\/2023\/01\/Logo-PANS-2022-pelne.png","contentUrl":"https:\/\/pans.krosno.pl\/tir\/wp-content\/uploads\/sites\/34\/2023\/01\/Logo-PANS-2022-pelne.png","width":3096,"height":696,"caption":"Turystyka i Rekreacja PANS w Kro\u015bnie"},"image":{"@id":"https:\/\/pans.krosno.pl\/tir\/#\/schema\/logo\/image\/"}}]}},"_links":{"self":[{"href":"https:\/\/pans.krosno.pl\/tir\/wp-json\/wp\/v2\/pages\/1009","targetHints":{"allow":["GET"]}}],"collection":[{"href":"https:\/\/pans.krosno.pl\/tir\/wp-json\/wp\/v2\/pages"}],"about":[{"href":"https:\/\/pans.krosno.pl\/tir\/wp-json\/wp\/v2\/types\/page"}],"author":[{"embeddable":true,"href":"https:\/\/pans.krosno.pl\/tir\/wp-json\/wp\/v2\/users\/27"}],"replies":[{"embeddable":true,"href":"https:\/\/pans.krosno.pl\/tir\/wp-json\/wp\/v2\/comments?post=1009"}],"version-history":[{"count":8,"href":"https:\/\/pans.krosno.pl\/tir\/wp-json\/wp\/v2\/pages\/1009\/revisions"}],"predecessor-version":[{"id":1264,"href":"https:\/\/pans.krosno.pl\/tir\/wp-json\/wp\/v2\/pages\/1009\/revisions\/1264"}],"wp:featuredmedia":[{"embeddable":true,"href":"https:\/\/pans.krosno.pl\/tir\/wp-json\/wp\/v2\/media\/1154"}],"wp:attachment":[{"href":"https:\/\/pans.krosno.pl\/tir\/wp-json\/wp\/v2\/media?parent=1009"}],"curies":[{"name":"wp","href":"https:\/\/api.w.org\/{rel}","templated":true}]}}