{"id":91,"date":"2020-03-20T15:40:00","date_gmt":"2020-03-20T14:40:00","guid":{"rendered":"https:\/\/pans.krosno.pl\/swfis\/?page_id=91"},"modified":"2025-09-29T13:10:25","modified_gmt":"2025-09-29T11:10:25","slug":"sekcje-rekreacyjno-sportowe","status":"publish","type":"page","link":"https:\/\/pans.krosno.pl\/swfis\/sekcje-rekreacyjno-sportowe\/","title":{"rendered":"Sekcje rekreacyjno-sportowe"},"content":{"rendered":"<p><strong>Zaj\u0119cia rekreacyjno-sportowe <\/strong><strong>w roku akademickim&nbsp;<\/strong><strong>2024\/2025<\/strong><strong>dla wszystkich student\u00f3w i pracownik\u00f3w naszej uczelni w kilku dyscyplinach sportowych. <a href=\"https:\/\/pans.krosno.pl\/swfis\/sekcje-rekreacyjno-sportowe\/\">Czytaj wi\u0119cej<\/a><\/strong><\/p>\n\n\n<hr class=\"wp-block-separator has-css-opacity\" \/>\n\n\n<p>Rynek 1, pok\u00f3j 04<br \/>38 \u2013 400 Krosno<br \/>tel. 13 43&nbsp;755 12<br \/>e-mail: swfis@pans.krosno.pl<\/p>\n\n\n<!--more-->\n<!--noteaser-->\n\n\n\n<p class=\"has-text-align-center\"><strong>Zaj\u0119cia rekreacyjno-sportowe w roku akademickim\u00a02025\/2026 dla wszystkich student\u00f3w i pracownik\u00f3w naszej uczelni w kilku dyscyplinach sportowych<\/strong><\/p>\n\n\n\n<p><strong>Pi\u0142ka siatkowa<\/strong> &#8211; prowadz\u0105cy <strong>mgr Dominik Stanis\u0142awczyk<br><\/strong>miejsce: Hala PANS Krosno, ul. Wyspia\u0144skiego 20 (Turasz\u00f3wka)<br>termin: <strong><i>poniedzia\u0142ki godz. 17.30- 19.00<\/i><\/strong><\/p>\n\n\n\n<p><strong>P\u0142ywanie&nbsp;&#8211;<\/strong> prowadz\u0105cy&nbsp;<strong>dr Grzegorz Sobolewski<br><\/strong>miejsce: <strong>P\u0142ywalnia przy ul. Sportowej (Turasz\u00f3wka)<\/strong><br>termin:&nbsp;<strong><i>poniedzia\u0142ki&nbsp; godz. 18.00 &#8211; 19.00<\/i><\/strong><\/p>\n\n\n\n<p><strong>Fitness aerobik&nbsp;\u2013<\/strong> prowadz\u0105ca&nbsp;<strong>mgr Paulina Fa\u0142at\u2013Kosiek<br><\/strong>miejsce: zaj\u0119cia aerobiku odbywaj\u0105 si\u0119 na salce nr 2, przy ul. Kazimierza Wielkiego 6 B<br>termin: <strong><i>wtorki godz. 17.30 &#8211; 19.00<\/i><\/strong><\/p>\n\n\n\n<p><strong>Pi\u0142ka no\u017cna (futsal)<\/strong> \u2013 prowadz\u0105cy<strong> mgr Dominik Stanis\u0142awczyk<br><\/strong>miejsce: Hala PANS Krosno, ul. Wyspia\u0144skiego 20 (Turasz\u00f3wka)<br>termin: <strong><i>wtorki\u00a0godz. 17.30 \u2013 19.00<\/i><\/strong><\/p>\n\n\n\n<p><strong>Unihokej<\/strong>\u00a0\u2013 prowadz\u0105ca\u00a0<strong>mgr Joanna Kocur<br><\/strong>miejsce: Hala PANS Krosno, ul. Wyspia\u0144skiego 20 (Turasz\u00f3wka)<br>termin: <strong><em>\u015brody<\/em><i> godz. 17.30 \u2013 19.00<\/i><\/strong><\/p>\n\n\n\n<p><strong>Zesp\u00f3\u0142 pie\u015bni i ta\u0144ca<\/strong> &#8211; prowadz\u0105ca&nbsp;<strong>mgr Danuta Kami\u0144ska<i><br><\/i><\/strong>miejsce: zaj\u0119cia aerobiku odbywaj\u0105 si\u0119 na salce nr 2, ul. Kazimierza Wielkiego 6 B<br>termin:<em> <strong>\u015brody godz. 18.00 &#8211; 19.30<\/strong><\/em><\/p>\n\n\n\n<p><strong>Koszyk\u00f3wka \u2013 <\/strong>prowadz\u0105ca <strong>mgr Joanna Kocur<br><\/strong>miejsce: Hala PANS Krosno, ul. Wyspia\u0144skiego 20 (Turasz\u00f3wka)<br>termin: <strong><em>czwartki <\/em><i>godz. 17.30 \u2013 19.00<\/i><\/strong><\/p>\n\n\n\n<p><strong>Narciarsko &#8211; \u017ceglarska &#8211;\u00a0<\/strong>prowadz\u0105cy<strong> dr Grzegorz Sobolewski<i><br><\/i><\/strong><i><em>terminy i miejsce: ustalane z prowadz\u0105cym<\/em><br>mail: grzegorz.sobolewski@pans.krosno.pl<\/i><\/p>\n\n\n\n<p class=\"has-text-align-center\"><strong>WSZYSTKICH CH\u0118TNYCH STUDENT\u00d3W I PRACOWNIK\u00d3W PANS<\/strong> <strong>W KRO\u015aNIE<\/strong><\/p>\n\n\n\n<p class=\"has-text-align-center\"><strong>SERDECZNIE ZAPRASZAMY!!!<\/strong><\/p>\n","protected":false},"excerpt":{"rendered":"<p>Zaj\u0119cia rekreacyjno-sportowe w roku akademickim&nbsp;2024\/2025dla wszystkich student\u00f3w i pracownik\u00f3w naszej uczelni w kilku dyscyplinach sportowych. Czytaj wi\u0119cej Rynek 1, pok\u00f3j 0438 \u2013 400 Krosnotel. 13 43&nbsp;755 12e-mail: swfis@pans.krosno.pl<\/p>\n","protected":false},"author":27,"featured_media":928,"parent":0,"menu_order":0,"comment_status":"closed","ping_status":"closed","template":"page-templates\/template-full-width.php","meta":{"ngg_post_thumbnail":0,"footnotes":""},"class_list":["post-91","page","type-page","status-publish","has-post-thumbnail","hentry"],"yoast_head":"<!-- This site is optimized with the Yoast SEO Premium plugin v27.4 (Yoast SEO v27.4) - https:\/\/yoast.com\/product\/yoast-seo-premium-wordpress\/ -->\n<title>Sekcje rekreacyjno-sportowe - Studium Wychowania Fizycznego i Sportu PANS w Kro\u015bnie<\/title>\n<meta name=\"description\" content=\"Zaj\u0119cia sportowo-rekreacyjne w roku akademickim\u00a02019\/2020\u00a0dla wszystkich student\u00f3w i pracownik\u00f3w naszej uczelni w kilku dyscyplinach sportowych.\" \/>\n<meta name=\"robots\" content=\"index, follow, max-snippet:-1, max-image-preview:large, max-video-preview:-1\" \/>\n<link rel=\"canonical\" href=\"https:\/\/pans.krosno.pl\/swfis\/sekcje-rekreacyjno-sportowe\/\" \/>\n<meta property=\"og:locale\" content=\"pl_PL\" \/>\n<meta property=\"og:type\" content=\"article\" \/>\n<meta property=\"og:title\" content=\"Sekcje rekreacyjno-sportowe\" \/>\n<meta property=\"og:description\" content=\"Zaj\u0119cia sportowo-rekreacyjne w roku akademickim\u00a02019\/2020\u00a0dla wszystkich student\u00f3w i pracownik\u00f3w naszej uczelni w kilku dyscyplinach sportowych.\" \/>\n<meta property=\"og:url\" content=\"https:\/\/pans.krosno.pl\/swfis\/sekcje-rekreacyjno-sportowe\/\" \/>\n<meta property=\"og:site_name\" content=\"Studium Wychowania Fizycznego i Sportu PANS w Kro\u015bnie\" \/>\n<meta property=\"article:modified_time\" content=\"2025-09-29T11:10:25+00:00\" \/>\n<meta property=\"og:image\" content=\"https:\/\/pans.krosno.pl\/swfis\/wp-content\/uploads\/sites\/22\/2024\/10\/plakat-sekcje-2024-2025-e1728147941903.png\" \/>\n\t<meta property=\"og:image:width\" content=\"1340\" \/>\n\t<meta property=\"og:image:height\" content=\"783\" \/>\n\t<meta property=\"og:image:type\" content=\"image\/png\" \/>\n<meta name=\"twitter:card\" content=\"summary_large_image\" \/>\n<meta name=\"twitter:label1\" content=\"Szacowany czas czytania\" \/>\n\t<meta name=\"twitter:data1\" content=\"2 minuty\" \/>\n<script type=\"application\/ld+json\" class=\"yoast-schema-graph\">{\"@context\":\"https:\\\/\\\/schema.org\",\"@graph\":[{\"@type\":\"WebPage\",\"@id\":\"https:\\\/\\\/pans.krosno.pl\\\/swfis\\\/sekcje-rekreacyjno-sportowe\\\/\",\"url\":\"https:\\\/\\\/pans.krosno.pl\\\/swfis\\\/sekcje-rekreacyjno-sportowe\\\/\",\"name\":\"Sekcje rekreacyjno-sportowe - Studium Wychowania Fizycznego i Sportu PANS w Kro\u015bnie\",\"isPartOf\":{\"@id\":\"https:\\\/\\\/pans.krosno.pl\\\/swfis\\\/#website\"},\"primaryImageOfPage\":{\"@id\":\"https:\\\/\\\/pans.krosno.pl\\\/swfis\\\/sekcje-rekreacyjno-sportowe\\\/#primaryimage\"},\"image\":{\"@id\":\"https:\\\/\\\/pans.krosno.pl\\\/swfis\\\/sekcje-rekreacyjno-sportowe\\\/#primaryimage\"},\"thumbnailUrl\":\"https:\\\/\\\/pans.krosno.pl\\\/swfis\\\/wp-content\\\/uploads\\\/sites\\\/22\\\/2024\\\/10\\\/plakat-sekcje-2024-2025-e1728147941903.png\",\"datePublished\":\"2020-03-20T14:40:00+00:00\",\"dateModified\":\"2025-09-29T11:10:25+00:00\",\"description\":\"Zaj\u0119cia sportowo-rekreacyjne w roku akademickim\u00a02019\\\/2020\u00a0dla wszystkich student\u00f3w i pracownik\u00f3w naszej uczelni w kilku dyscyplinach sportowych.\",\"breadcrumb\":{\"@id\":\"https:\\\/\\\/pans.krosno.pl\\\/swfis\\\/sekcje-rekreacyjno-sportowe\\\/#breadcrumb\"},\"inLanguage\":\"pl-PL\",\"potentialAction\":[{\"@type\":\"ReadAction\",\"target\":[\"https:\\\/\\\/pans.krosno.pl\\\/swfis\\\/sekcje-rekreacyjno-sportowe\\\/\"]}]},{\"@type\":\"ImageObject\",\"inLanguage\":\"pl-PL\",\"@id\":\"https:\\\/\\\/pans.krosno.pl\\\/swfis\\\/sekcje-rekreacyjno-sportowe\\\/#primaryimage\",\"url\":\"https:\\\/\\\/pans.krosno.pl\\\/swfis\\\/wp-content\\\/uploads\\\/sites\\\/22\\\/2024\\\/10\\\/plakat-sekcje-2024-2025-e1728147941903.png\",\"contentUrl\":\"https:\\\/\\\/pans.krosno.pl\\\/swfis\\\/wp-content\\\/uploads\\\/sites\\\/22\\\/2024\\\/10\\\/plakat-sekcje-2024-2025-e1728147941903.png\",\"width\":1340,\"height\":783},{\"@type\":\"BreadcrumbList\",\"@id\":\"https:\\\/\\\/pans.krosno.pl\\\/swfis\\\/sekcje-rekreacyjno-sportowe\\\/#breadcrumb\",\"itemListElement\":[{\"@type\":\"ListItem\",\"position\":1,\"name\":\"Strona g\u0142\u00f3wna\",\"item\":\"https:\\\/\\\/pans.krosno.pl\\\/swfis\\\/\"},{\"@type\":\"ListItem\",\"position\":2,\"name\":\"Sekcje rekreacyjno-sportowe\"}]},{\"@type\":\"WebSite\",\"@id\":\"https:\\\/\\\/pans.krosno.pl\\\/swfis\\\/#website\",\"url\":\"https:\\\/\\\/pans.krosno.pl\\\/swfis\\\/\",\"name\":\"Studium Wychowania Fizycznego i Sportu PANS w Kro\u015bnie\",\"description\":\"Studium Wychowania Fizycznego i Sportu - Pa\u0144stwowa Akademia Nauk Stosowanych\",\"publisher\":{\"@id\":\"https:\\\/\\\/pans.krosno.pl\\\/swfis\\\/#organization\"},\"potentialAction\":[{\"@type\":\"SearchAction\",\"target\":{\"@type\":\"EntryPoint\",\"urlTemplate\":\"https:\\\/\\\/pans.krosno.pl\\\/swfis\\\/?s={search_term_string}\"},\"query-input\":{\"@type\":\"PropertyValueSpecification\",\"valueRequired\":true,\"valueName\":\"search_term_string\"}}],\"inLanguage\":\"pl-PL\"},{\"@type\":\"Organization\",\"@id\":\"https:\\\/\\\/pans.krosno.pl\\\/swfis\\\/#organization\",\"name\":\"Studium Wychowania Fizycznego i Sportu PANS w Kro\u015bnie\",\"url\":\"https:\\\/\\\/pans.krosno.pl\\\/swfis\\\/\",\"logo\":{\"@type\":\"ImageObject\",\"inLanguage\":\"pl-PL\",\"@id\":\"https:\\\/\\\/pans.krosno.pl\\\/swfis\\\/#\\\/schema\\\/logo\\\/image\\\/\",\"url\":\"https:\\\/\\\/pans.krosno.pl\\\/swfis\\\/wp-content\\\/uploads\\\/sites\\\/22\\\/2023\\\/01\\\/Logo-PANS-2022-pelne.png\",\"contentUrl\":\"https:\\\/\\\/pans.krosno.pl\\\/swfis\\\/wp-content\\\/uploads\\\/sites\\\/22\\\/2023\\\/01\\\/Logo-PANS-2022-pelne.png\",\"width\":3096,\"height\":696,\"caption\":\"Studium Wychowania Fizycznego i Sportu PANS w Kro\u015bnie\"},\"image\":{\"@id\":\"https:\\\/\\\/pans.krosno.pl\\\/swfis\\\/#\\\/schema\\\/logo\\\/image\\\/\"}}]}<\/script>\n<!-- \/ Yoast SEO Premium plugin. -->","yoast_head_json":{"title":"Sekcje rekreacyjno-sportowe - Studium Wychowania Fizycznego i Sportu PANS w Kro\u015bnie","description":"Zaj\u0119cia sportowo-rekreacyjne w roku akademickim\u00a02019\/2020\u00a0dla wszystkich student\u00f3w i pracownik\u00f3w naszej uczelni w kilku dyscyplinach sportowych.","robots":{"index":"index","follow":"follow","max-snippet":"max-snippet:-1","max-image-preview":"max-image-preview:large","max-video-preview":"max-video-preview:-1"},"canonical":"https:\/\/pans.krosno.pl\/swfis\/sekcje-rekreacyjno-sportowe\/","og_locale":"pl_PL","og_type":"article","og_title":"Sekcje rekreacyjno-sportowe","og_description":"Zaj\u0119cia sportowo-rekreacyjne w roku akademickim\u00a02019\/2020\u00a0dla wszystkich student\u00f3w i pracownik\u00f3w naszej uczelni w kilku dyscyplinach sportowych.","og_url":"https:\/\/pans.krosno.pl\/swfis\/sekcje-rekreacyjno-sportowe\/","og_site_name":"Studium Wychowania Fizycznego i Sportu PANS w Kro\u015bnie","article_modified_time":"2025-09-29T11:10:25+00:00","og_image":[{"width":1340,"height":783,"url":"https:\/\/pans.krosno.pl\/swfis\/wp-content\/uploads\/sites\/22\/2024\/10\/plakat-sekcje-2024-2025-e1728147941903.png","type":"image\/png"}],"twitter_card":"summary_large_image","twitter_misc":{"Szacowany czas czytania":"2 minuty"},"schema":{"@context":"https:\/\/schema.org","@graph":[{"@type":"WebPage","@id":"https:\/\/pans.krosno.pl\/swfis\/sekcje-rekreacyjno-sportowe\/","url":"https:\/\/pans.krosno.pl\/swfis\/sekcje-rekreacyjno-sportowe\/","name":"Sekcje rekreacyjno-sportowe - Studium Wychowania Fizycznego i Sportu PANS w Kro\u015bnie","isPartOf":{"@id":"https:\/\/pans.krosno.pl\/swfis\/#website"},"primaryImageOfPage":{"@id":"https:\/\/pans.krosno.pl\/swfis\/sekcje-rekreacyjno-sportowe\/#primaryimage"},"image":{"@id":"https:\/\/pans.krosno.pl\/swfis\/sekcje-rekreacyjno-sportowe\/#primaryimage"},"thumbnailUrl":"https:\/\/pans.krosno.pl\/swfis\/wp-content\/uploads\/sites\/22\/2024\/10\/plakat-sekcje-2024-2025-e1728147941903.png","datePublished":"2020-03-20T14:40:00+00:00","dateModified":"2025-09-29T11:10:25+00:00","description":"Zaj\u0119cia sportowo-rekreacyjne w roku akademickim\u00a02019\/2020\u00a0dla wszystkich student\u00f3w i pracownik\u00f3w naszej uczelni w kilku dyscyplinach sportowych.","breadcrumb":{"@id":"https:\/\/pans.krosno.pl\/swfis\/sekcje-rekreacyjno-sportowe\/#breadcrumb"},"inLanguage":"pl-PL","potentialAction":[{"@type":"ReadAction","target":["https:\/\/pans.krosno.pl\/swfis\/sekcje-rekreacyjno-sportowe\/"]}]},{"@type":"ImageObject","inLanguage":"pl-PL","@id":"https:\/\/pans.krosno.pl\/swfis\/sekcje-rekreacyjno-sportowe\/#primaryimage","url":"https:\/\/pans.krosno.pl\/swfis\/wp-content\/uploads\/sites\/22\/2024\/10\/plakat-sekcje-2024-2025-e1728147941903.png","contentUrl":"https:\/\/pans.krosno.pl\/swfis\/wp-content\/uploads\/sites\/22\/2024\/10\/plakat-sekcje-2024-2025-e1728147941903.png","width":1340,"height":783},{"@type":"BreadcrumbList","@id":"https:\/\/pans.krosno.pl\/swfis\/sekcje-rekreacyjno-sportowe\/#breadcrumb","itemListElement":[{"@type":"ListItem","position":1,"name":"Strona g\u0142\u00f3wna","item":"https:\/\/pans.krosno.pl\/swfis\/"},{"@type":"ListItem","position":2,"name":"Sekcje rekreacyjno-sportowe"}]},{"@type":"WebSite","@id":"https:\/\/pans.krosno.pl\/swfis\/#website","url":"https:\/\/pans.krosno.pl\/swfis\/","name":"Studium Wychowania Fizycznego i Sportu PANS w Kro\u015bnie","description":"Studium Wychowania Fizycznego i Sportu - Pa\u0144stwowa Akademia Nauk Stosowanych","publisher":{"@id":"https:\/\/pans.krosno.pl\/swfis\/#organization"},"potentialAction":[{"@type":"SearchAction","target":{"@type":"EntryPoint","urlTemplate":"https:\/\/pans.krosno.pl\/swfis\/?s={search_term_string}"},"query-input":{"@type":"PropertyValueSpecification","valueRequired":true,"valueName":"search_term_string"}}],"inLanguage":"pl-PL"},{"@type":"Organization","@id":"https:\/\/pans.krosno.pl\/swfis\/#organization","name":"Studium Wychowania Fizycznego i Sportu PANS w Kro\u015bnie","url":"https:\/\/pans.krosno.pl\/swfis\/","logo":{"@type":"ImageObject","inLanguage":"pl-PL","@id":"https:\/\/pans.krosno.pl\/swfis\/#\/schema\/logo\/image\/","url":"https:\/\/pans.krosno.pl\/swfis\/wp-content\/uploads\/sites\/22\/2023\/01\/Logo-PANS-2022-pelne.png","contentUrl":"https:\/\/pans.krosno.pl\/swfis\/wp-content\/uploads\/sites\/22\/2023\/01\/Logo-PANS-2022-pelne.png","width":3096,"height":696,"caption":"Studium Wychowania Fizycznego i Sportu PANS w Kro\u015bnie"},"image":{"@id":"https:\/\/pans.krosno.pl\/swfis\/#\/schema\/logo\/image\/"}}]}},"_links":{"self":[{"href":"https:\/\/pans.krosno.pl\/swfis\/wp-json\/wp\/v2\/pages\/91","targetHints":{"allow":["GET"]}}],"collection":[{"href":"https:\/\/pans.krosno.pl\/swfis\/wp-json\/wp\/v2\/pages"}],"about":[{"href":"https:\/\/pans.krosno.pl\/swfis\/wp-json\/wp\/v2\/types\/page"}],"author":[{"embeddable":true,"href":"https:\/\/pans.krosno.pl\/swfis\/wp-json\/wp\/v2\/users\/27"}],"replies":[{"embeddable":true,"href":"https:\/\/pans.krosno.pl\/swfis\/wp-json\/wp\/v2\/comments?post=91"}],"version-history":[{"count":30,"href":"https:\/\/pans.krosno.pl\/swfis\/wp-json\/wp\/v2\/pages\/91\/revisions"}],"predecessor-version":[{"id":1074,"href":"https:\/\/pans.krosno.pl\/swfis\/wp-json\/wp\/v2\/pages\/91\/revisions\/1074"}],"wp:featuredmedia":[{"embeddable":true,"href":"https:\/\/pans.krosno.pl\/swfis\/wp-json\/wp\/v2\/media\/928"}],"wp:attachment":[{"href":"https:\/\/pans.krosno.pl\/swfis\/wp-json\/wp\/v2\/media?parent=91"}],"curies":[{"name":"wp","href":"https:\/\/api.w.org\/{rel}","templated":true}]}}