{"id":72,"date":"2020-03-20T15:37:17","date_gmt":"2020-03-20T14:37:17","guid":{"rendered":"https:\/\/pans.krosno.pl\/swfis\/?page_id=72"},"modified":"2020-07-07T15:28:32","modified_gmt":"2020-07-07T13:28:32","slug":"zaliczenie-przedmiotu","status":"publish","type":"page","link":"https:\/\/pans.krosno.pl\/swfis\/zaliczenie-przedmiotu\/","title":{"rendered":"Zaliczenie przedmiotu"},"content":{"rendered":"<p><span style=\"color: #000000\"><b>Wyci\u0105g z&nbsp;Regulaminu Studi\u00f3w<\/b><br \/>\n<\/span><\/p>\n<p><span style=\"color: #000000\">1.&nbsp;Studenta obowi\u0105zuje aktywny udzia\u0142 we wszystkich zaj\u0119ciach dydaktycznych przewidzianych w&nbsp;planie studi\u00f3w i&nbsp;wype\u0142nianie w&nbsp;terminie wszystkich regulaminowych obowi\u0105zk\u00f3w.<\/span><\/p>\n<p><span style=\"color: #000000\">2. Student jest zobowi\u0105zany do niezw\u0142ocznego usprawiedliwienia nieobecno\u015bci na zaj\u0119ciach. Prowadz\u0105cy zaj\u0119cia okre\u015bla spos\u00f3b i&nbsp;termin uzupe\u0142niania zaleg\u0142o\u015bci powsta\u0142ych wskutek nieobecno\u015bci studenta na zaj\u0119ciach.<\/span><\/p>\n<p style=\"text-align: center\"><span style=\"color: #000000\">&nbsp;&nbsp;&nbsp; &nbsp;&nbsp;&nbsp;W Studium za obowi\u0105zkowy termin odrobienia zaj\u0119\u0107 przez studenta przyjmuje si\u0119 termin 2 tygodni od ponownego pojawienia si\u0119 na zaj\u0119ciach po nieobecno\u015bci.<\/span><\/p>\n<p><span style=\"color: #000000\">3. Nieobecno\u015b\u0107 studenta, nawet usprawiedliwiona,&nbsp;na wi\u0119cej ni\u017c 1\/3 zaj\u0119\u0107 w&nbsp;semestrze, mo\u017ce by\u0107 podstaw\u0105 do niezaliczenia tych zaj\u0119\u0107.&nbsp;Niewykonanie \u0107wicze\u0144 okre\u015blonych programem zaj\u0119\u0107 laboratoryjnych uniemo\u017cliwia ich zaliczenie.<\/span><\/p>\n<p><span style=\"color: #000000\">4. Nieusprawiedliwione nieobecno\u015bci studenta na jednym przedmiocie w&nbsp;semestrze&nbsp;na 1\/5 zaj\u0119\u0107 mog\u0105 by\u0107 podstaw\u0105 do odmowy zaliczenia.<\/span><\/p>\n<p><span style=\"color: #000000\">5. Student jest zobowi\u0105zany do przedk\u0142adania za\u015bwiadczenia lekarskiego lub za\u015bwiadczenia o&nbsp;innym zdarzeniu losowym do trzech dni od terminu zaliczenia lub egzaminu.<\/span><\/p>\n<p><span style=\"color: #000000\">6. Warunki uzyskania zalicze\u0144 ustala prowadz\u0105cy zaj\u0119cia i&nbsp;og\u0142asza je przed rozpocz\u0119ciem zaj\u0119\u0107.<\/span><\/p>\n<p><span style=\"color: #000000\">7. Student, kt\u00f3ry przed rozpocz\u0119ciem sesji egzaminacyjnej nie uzyska\u0142 zaliczenia z&nbsp;zaj\u0119\u0107, ma prawo do jednego terminu zaliczenia podczas ka\u017cdej sesji egzaminacyjnej.<\/span><\/p>\n<p><span style=\"color: #000000\">8. Na wniosek studenta kwestionuj\u0105cego procedury zaliczenia zaj\u0119\u0107 kierownik zak\u0142adu mo\u017ce wyrazi\u0107 zgod\u0119 na zaliczenie komisyjne. W&nbsp;sk\u0142ad komisji wchodz\u0105: kierownik zak\u0142adu jako przewodnicz\u0105cy, prowadz\u0105cy zaj\u0119cia i&nbsp;egzaminator. Na wniosek zdaj\u0105cego w&nbsp;sk\u0142adzie komisji mo\u017ce uczestniczy\u0107 przedstawiciel samorz\u0105du studenckiego. Ocena z&nbsp;zaliczenia komisyjnego jest ostateczna.<\/span><\/p>\n<p><span style=\"color: #000000\">9. W uzasadnionych przypadkach (np. wypadek losowy powoduj\u0105cy nieobecno\u015b\u0107 nauczyciela akademickiego podczas sesji egzaminacyjnej) kierownik w\u0142a\u015bciwej jednostki organizacyjnej ma prawo samodzielnego zaliczenia zaj\u0119\u0107 oraz dokonania wymaganych wpis\u00f3w w dokumentach.<\/span><\/p>\n<p><span style=\"color: #000000\">10. Wyniki zaliczenia ustnego og\u0142aszane s\u0105 studentowi bezpo\u015brednio po jego zako\u0144czeniu.<br \/>\n<\/span><\/p>\n<p><span style=\"color: #000000\">11. Wyniki zaliczenia pisemnego og\u0142aszane s\u0105 w&nbsp;spos\u00f3b uzgodniony ze studentami, najp\u00f3\u017aniej do 7 dni od daty jego przeprowadzenia. Wyniki mog\u0105 by\u0107 r\u00f3wnie\u017c udost\u0119pnione studentom przez Internet i&nbsp;sie\u0107 lokaln\u0105 z&nbsp;zachowaniem indywidualnego dost\u0119pu oraz zasad ochrony informacji.<\/span><\/p>\n<p><span style=\"color: #000000\">12. W Studium Wychowania Fizycznego i Sportu nie przewiduje si\u0119 trwa\u0142ych zwolnie\u0144 z zaj\u0119\u0107 wf. Studenci posiadaj\u0105cy zwolnienie lekarskie z&nbsp;ww. zaj\u0119\u0107 s\u0105 kierowani na zaj\u0119cia korekcyjno-kompensacyjne.<\/span><\/p>\n<p><span style=\"color: #000000\">13. W&nbsp;sprawach nieuregulowanych regulaminem ostateczn\u0105 decyzj\u0119 podejmuje kierownik SWFiS.<\/span><\/p>\n","protected":false},"excerpt":{"rendered":"<p>Wyci\u0105g z&nbsp;Regulaminu Studi\u00f3w 1.&nbsp;Studenta obowi\u0105zuje aktywny udzia\u0142 we wszystkich zaj\u0119ciach dydaktycznych przewidzianych w&nbsp;planie studi\u00f3w i&nbsp;wype\u0142nianie w&nbsp;terminie wszystkich regulaminowych obowi\u0105zk\u00f3w. 2. Student jest zobowi\u0105zany do niezw\u0142ocznego usprawiedliwienia nieobecno\u015bci na zaj\u0119ciach. Prowadz\u0105cy zaj\u0119cia okre\u015bla spos\u00f3b i&nbsp;termin uzupe\u0142niania zaleg\u0142o\u015bci powsta\u0142ych wskutek nieobecno\u015bci studenta na zaj\u0119ciach. &nbsp;&nbsp;&nbsp; &nbsp;&nbsp;&nbsp;W Studium za obowi\u0105zkowy termin odrobienia zaj\u0119\u0107 [\u2026] <\/p>\n<div class=\"clear\"><\/div>\n<p><a class=\"more_link clearfix\" href=\"https:\/\/pans.krosno.pl\/swfis\/zaliczenie-przedmiotu\/\" rel=\"nofollow\">Read More<\/a><\/p>\n","protected":false},"author":27,"featured_media":0,"parent":0,"menu_order":0,"comment_status":"closed","ping_status":"closed","template":"page-templates\/template-full-width.php","meta":{"ngg_post_thumbnail":0,"footnotes":""},"class_list":["post-72","page","type-page","status-publish","hentry"],"yoast_head":"<!-- This site is optimized with the Yoast SEO Premium plugin v27.3 (Yoast SEO v27.3) - https:\/\/yoast.com\/product\/yoast-seo-premium-wordpress\/ -->\n<title>Zaliczenie przedmiotu - Studium Wychowania Fizycznego i Sportu PANS w Kro\u015bnie<\/title>\n<meta name=\"description\" content=\"W\u00a0sprawach nieuregulowanych regulaminem ostateczn\u0105 decyzj\u0119 podejmuje kierownik SWFiS.\" \/>\n<meta name=\"robots\" content=\"index, follow, max-snippet:-1, max-image-preview:large, max-video-preview:-1\" \/>\n<link rel=\"canonical\" href=\"https:\/\/pans.krosno.pl\/swfis\/zaliczenie-przedmiotu\/\" \/>\n<meta property=\"og:locale\" content=\"pl_PL\" \/>\n<meta property=\"og:type\" content=\"article\" \/>\n<meta property=\"og:title\" content=\"Zaliczenie przedmiotu\" \/>\n<meta property=\"og:description\" content=\"W\u00a0sprawach nieuregulowanych regulaminem ostateczn\u0105 decyzj\u0119 podejmuje kierownik SWFiS.\" \/>\n<meta property=\"og:url\" content=\"https:\/\/pans.krosno.pl\/swfis\/zaliczenie-przedmiotu\/\" \/>\n<meta property=\"og:site_name\" content=\"Studium Wychowania Fizycznego i Sportu PANS w Kro\u015bnie\" \/>\n<meta property=\"article:modified_time\" content=\"2020-07-07T13:28:32+00:00\" \/>\n<meta name=\"twitter:card\" content=\"summary_large_image\" \/>\n<meta name=\"twitter:label1\" content=\"Szacowany czas czytania\" \/>\n\t<meta name=\"twitter:data1\" content=\"2 minuty\" \/>\n<script type=\"application\/ld+json\" class=\"yoast-schema-graph\">{\"@context\":\"https:\\\/\\\/schema.org\",\"@graph\":[{\"@type\":\"WebPage\",\"@id\":\"https:\\\/\\\/pans.krosno.pl\\\/swfis\\\/zaliczenie-przedmiotu\\\/\",\"url\":\"https:\\\/\\\/pans.krosno.pl\\\/swfis\\\/zaliczenie-przedmiotu\\\/\",\"name\":\"Zaliczenie przedmiotu - Studium Wychowania Fizycznego i Sportu PANS w Kro\u015bnie\",\"isPartOf\":{\"@id\":\"https:\\\/\\\/pans.krosno.pl\\\/swfis\\\/#website\"},\"datePublished\":\"2020-03-20T14:37:17+00:00\",\"dateModified\":\"2020-07-07T13:28:32+00:00\",\"description\":\"W\u00a0sprawach nieuregulowanych regulaminem ostateczn\u0105 decyzj\u0119 podejmuje kierownik SWFiS.\",\"breadcrumb\":{\"@id\":\"https:\\\/\\\/pans.krosno.pl\\\/swfis\\\/zaliczenie-przedmiotu\\\/#breadcrumb\"},\"inLanguage\":\"pl-PL\",\"potentialAction\":[{\"@type\":\"ReadAction\",\"target\":[\"https:\\\/\\\/pans.krosno.pl\\\/swfis\\\/zaliczenie-przedmiotu\\\/\"]}]},{\"@type\":\"BreadcrumbList\",\"@id\":\"https:\\\/\\\/pans.krosno.pl\\\/swfis\\\/zaliczenie-przedmiotu\\\/#breadcrumb\",\"itemListElement\":[{\"@type\":\"ListItem\",\"position\":1,\"name\":\"Strona g\u0142\u00f3wna\",\"item\":\"https:\\\/\\\/pans.krosno.pl\\\/swfis\\\/\"},{\"@type\":\"ListItem\",\"position\":2,\"name\":\"Zaliczenie przedmiotu\"}]},{\"@type\":\"WebSite\",\"@id\":\"https:\\\/\\\/pans.krosno.pl\\\/swfis\\\/#website\",\"url\":\"https:\\\/\\\/pans.krosno.pl\\\/swfis\\\/\",\"name\":\"Studium Wychowania Fizycznego i Sportu PANS w Kro\u015bnie\",\"description\":\"Studium Wychowania Fizycznego i Sportu - Pa\u0144stwowa Akademia Nauk Stosowanych\",\"publisher\":{\"@id\":\"https:\\\/\\\/pans.krosno.pl\\\/swfis\\\/#organization\"},\"potentialAction\":[{\"@type\":\"SearchAction\",\"target\":{\"@type\":\"EntryPoint\",\"urlTemplate\":\"https:\\\/\\\/pans.krosno.pl\\\/swfis\\\/?s={search_term_string}\"},\"query-input\":{\"@type\":\"PropertyValueSpecification\",\"valueRequired\":true,\"valueName\":\"search_term_string\"}}],\"inLanguage\":\"pl-PL\"},{\"@type\":\"Organization\",\"@id\":\"https:\\\/\\\/pans.krosno.pl\\\/swfis\\\/#organization\",\"name\":\"Studium Wychowania Fizycznego i Sportu PANS w Kro\u015bnie\",\"url\":\"https:\\\/\\\/pans.krosno.pl\\\/swfis\\\/\",\"logo\":{\"@type\":\"ImageObject\",\"inLanguage\":\"pl-PL\",\"@id\":\"https:\\\/\\\/pans.krosno.pl\\\/swfis\\\/#\\\/schema\\\/logo\\\/image\\\/\",\"url\":\"https:\\\/\\\/pans.krosno.pl\\\/swfis\\\/wp-content\\\/uploads\\\/sites\\\/22\\\/2023\\\/01\\\/Logo-PANS-2022-pelne.png\",\"contentUrl\":\"https:\\\/\\\/pans.krosno.pl\\\/swfis\\\/wp-content\\\/uploads\\\/sites\\\/22\\\/2023\\\/01\\\/Logo-PANS-2022-pelne.png\",\"width\":3096,\"height\":696,\"caption\":\"Studium Wychowania Fizycznego i Sportu PANS w Kro\u015bnie\"},\"image\":{\"@id\":\"https:\\\/\\\/pans.krosno.pl\\\/swfis\\\/#\\\/schema\\\/logo\\\/image\\\/\"}}]}<\/script>\n<!-- \/ Yoast SEO Premium plugin. -->","yoast_head_json":{"title":"Zaliczenie przedmiotu - Studium Wychowania Fizycznego i Sportu PANS w Kro\u015bnie","description":"W\u00a0sprawach nieuregulowanych regulaminem ostateczn\u0105 decyzj\u0119 podejmuje kierownik SWFiS.","robots":{"index":"index","follow":"follow","max-snippet":"max-snippet:-1","max-image-preview":"max-image-preview:large","max-video-preview":"max-video-preview:-1"},"canonical":"https:\/\/pans.krosno.pl\/swfis\/zaliczenie-przedmiotu\/","og_locale":"pl_PL","og_type":"article","og_title":"Zaliczenie przedmiotu","og_description":"W\u00a0sprawach nieuregulowanych regulaminem ostateczn\u0105 decyzj\u0119 podejmuje kierownik SWFiS.","og_url":"https:\/\/pans.krosno.pl\/swfis\/zaliczenie-przedmiotu\/","og_site_name":"Studium Wychowania Fizycznego i Sportu PANS w Kro\u015bnie","article_modified_time":"2020-07-07T13:28:32+00:00","twitter_card":"summary_large_image","twitter_misc":{"Szacowany czas czytania":"2 minuty"},"schema":{"@context":"https:\/\/schema.org","@graph":[{"@type":"WebPage","@id":"https:\/\/pans.krosno.pl\/swfis\/zaliczenie-przedmiotu\/","url":"https:\/\/pans.krosno.pl\/swfis\/zaliczenie-przedmiotu\/","name":"Zaliczenie przedmiotu - Studium Wychowania Fizycznego i Sportu PANS w Kro\u015bnie","isPartOf":{"@id":"https:\/\/pans.krosno.pl\/swfis\/#website"},"datePublished":"2020-03-20T14:37:17+00:00","dateModified":"2020-07-07T13:28:32+00:00","description":"W\u00a0sprawach nieuregulowanych regulaminem ostateczn\u0105 decyzj\u0119 podejmuje kierownik SWFiS.","breadcrumb":{"@id":"https:\/\/pans.krosno.pl\/swfis\/zaliczenie-przedmiotu\/#breadcrumb"},"inLanguage":"pl-PL","potentialAction":[{"@type":"ReadAction","target":["https:\/\/pans.krosno.pl\/swfis\/zaliczenie-przedmiotu\/"]}]},{"@type":"BreadcrumbList","@id":"https:\/\/pans.krosno.pl\/swfis\/zaliczenie-przedmiotu\/#breadcrumb","itemListElement":[{"@type":"ListItem","position":1,"name":"Strona g\u0142\u00f3wna","item":"https:\/\/pans.krosno.pl\/swfis\/"},{"@type":"ListItem","position":2,"name":"Zaliczenie przedmiotu"}]},{"@type":"WebSite","@id":"https:\/\/pans.krosno.pl\/swfis\/#website","url":"https:\/\/pans.krosno.pl\/swfis\/","name":"Studium Wychowania Fizycznego i Sportu PANS w Kro\u015bnie","description":"Studium Wychowania Fizycznego i Sportu - Pa\u0144stwowa Akademia Nauk Stosowanych","publisher":{"@id":"https:\/\/pans.krosno.pl\/swfis\/#organization"},"potentialAction":[{"@type":"SearchAction","target":{"@type":"EntryPoint","urlTemplate":"https:\/\/pans.krosno.pl\/swfis\/?s={search_term_string}"},"query-input":{"@type":"PropertyValueSpecification","valueRequired":true,"valueName":"search_term_string"}}],"inLanguage":"pl-PL"},{"@type":"Organization","@id":"https:\/\/pans.krosno.pl\/swfis\/#organization","name":"Studium Wychowania Fizycznego i Sportu PANS w Kro\u015bnie","url":"https:\/\/pans.krosno.pl\/swfis\/","logo":{"@type":"ImageObject","inLanguage":"pl-PL","@id":"https:\/\/pans.krosno.pl\/swfis\/#\/schema\/logo\/image\/","url":"https:\/\/pans.krosno.pl\/swfis\/wp-content\/uploads\/sites\/22\/2023\/01\/Logo-PANS-2022-pelne.png","contentUrl":"https:\/\/pans.krosno.pl\/swfis\/wp-content\/uploads\/sites\/22\/2023\/01\/Logo-PANS-2022-pelne.png","width":3096,"height":696,"caption":"Studium Wychowania Fizycznego i Sportu PANS w Kro\u015bnie"},"image":{"@id":"https:\/\/pans.krosno.pl\/swfis\/#\/schema\/logo\/image\/"}}]}},"_links":{"self":[{"href":"https:\/\/pans.krosno.pl\/swfis\/wp-json\/wp\/v2\/pages\/72","targetHints":{"allow":["GET"]}}],"collection":[{"href":"https:\/\/pans.krosno.pl\/swfis\/wp-json\/wp\/v2\/pages"}],"about":[{"href":"https:\/\/pans.krosno.pl\/swfis\/wp-json\/wp\/v2\/types\/page"}],"author":[{"embeddable":true,"href":"https:\/\/pans.krosno.pl\/swfis\/wp-json\/wp\/v2\/users\/27"}],"replies":[{"embeddable":true,"href":"https:\/\/pans.krosno.pl\/swfis\/wp-json\/wp\/v2\/comments?post=72"}],"version-history":[{"count":3,"href":"https:\/\/pans.krosno.pl\/swfis\/wp-json\/wp\/v2\/pages\/72\/revisions"}],"predecessor-version":[{"id":258,"href":"https:\/\/pans.krosno.pl\/swfis\/wp-json\/wp\/v2\/pages\/72\/revisions\/258"}],"wp:attachment":[{"href":"https:\/\/pans.krosno.pl\/swfis\/wp-json\/wp\/v2\/media?parent=72"}],"curies":[{"name":"wp","href":"https:\/\/api.w.org\/{rel}","templated":true}]}}