{"id":71,"date":"2020-03-20T15:37:16","date_gmt":"2020-03-20T14:37:16","guid":{"rendered":"https:\/\/pans.krosno.pl\/swfis\/?page_id=71"},"modified":"2020-07-07T15:28:31","modified_gmt":"2020-07-07T13:28:31","slug":"alternatywna-mozliwosc-realizacji-zajec","status":"publish","type":"page","link":"https:\/\/pans.krosno.pl\/swfis\/alternatywna-mozliwosc-realizacji-zajec\/","title":{"rendered":"#zostanwdomu\u00a0"},"content":{"rendered":"<div id=\"js_tq\" class=\"_5pbx userContent _3576\" data-testid=\"post_message\" data-ft=\"{&quot;tn&quot;:&quot;K&quot;}\">\n<div id=\"id_5e7f0ce2c31713093854148\" class=\"text_exposed_root text_exposed\">\n<p><a class=\"_58cn\" href=\"https:\/\/www.facebook.com\/hashtag\/zostanwdomu?source=feed_text&amp;epa=HASHTAG&amp;__xts__%5B0%5D=68.ARB58MkETcfQiAvm4_pPXvXGe81jBEokcB4F1X2DcSs54afUyYrqYsFe9Jul2wteogmBjJCNE2yGfW-K91H10zQtuxdrKAb23lA3Te1d3ZlDcX3fLcLs6O2NsC5dI3FgmcrLpZgYKMlonowK49bwoFZ2yzYATEIGzponGrV183LPlg2XenxqsQbqgiMYSjaXz4b3sNAMveqrmLSfeoNqys-kfgbOjU2S0C63ELk54cH4226p5EIyml-9NSFzdLvzW2R5JsU6Qhtk9Ha5isjZsd98e8mYWEZVi2d28lYir34oaeZVnWWr7VQ31uxob9NvzB3dyq5z7dZYdpCV35EoXI2CQw&amp;__tn__=%2ANK-R\" data-ft=\"{&quot;type&quot;:104,&quot;tn&quot;:&quot;*N&quot;}\"><span class=\"_5afx\"><span class=\"_58cl _5afz\" aria-label=\"znacznik #\">#<\/span><span class=\"_58cm\">zostanwdomu<\/span><\/span><\/a>&nbsp;<span class=\"_5mfr\"><span class=\"_6qdm\">\ud83e\udd38\u200d\u2640\ufe0f<\/span><\/span>&nbsp;i \u0107wicz razem z nami &#8211; my ca\u0142y czas trzymamy form\u0119&nbsp;<span class=\"_5mfr\"><span class=\"_6qdm\">\ud83d\ude01<\/span><\/span><\/p>\n<p>Pod tym linkiem&nbsp;<span class=\"_5mfr\"><span class=\"_6qdm\">\ud83d\udc49<\/span><\/span>&nbsp;<a href=\"https:\/\/l.facebook.com\/l.php?u=https%3A%2F%2Fwordwall.net%2Fpl%2Fresource%2F949336%3Ffbclid%3DIwAR1VLrQqQKnk2ynBWwRKgEKcLJjQKxl4FJsCNv0xa_18mUHicEt5X_QTnW8&amp;h=AT3Q-HTie9kYNK28z_egN15IrWe912Q3ZLsg-jP8MjD5XgxmXkGdm3Vh1DFm6zndL7bKByT79nVA2ODhfI056RRtshbGOMbl86IkpISMvO0C_413p9ppibpJECTDMta-GzACdoeyz1DUHC35pyu6ipgO1jc8QhaPsXlE090ruPVRw7ht4j89AZQtIt53gOY_mz2trMYD09xbBMB8QFHkF1olVOaOR5j9VaiCCfB4at40q7Ytpz_pMMpzybw7aW2KytAV4U0nkr5H9H7wb9qrBlSuvnnNmBa7qD1HygrLcMPyqndSt2Ck27KBEuy1xpxx1hW7feXP3ty9U2twXdeu7GqCk51Z1-qY886UMgvzOapFVorA9YjTRPiv4KosE--1ppmoRzt5nTMRxnO11kHwn-azc54bU3vsM4Rr7TN2kahGgWNTGmuwUeTZZ1-G2bJGIAvhtnyTG97VboCGvc-l4NZsSPAURV2G0lvp7Ysm_DOEpNX0G3oMYkPbXwbOzyrFqMC9kKI4txnDOdUaIh3CfCkByAmRKANJt9f0_m04DHOiyBeOnSqXWHXMLL4QUyhW-6h5ikElLEdB2IZbB-aJEpBvo40ljWhCnNRd7QIab-mHbi98d5xSvWcdT1l5Yiwydc0O\" target=\"_blank\" rel=\"noopener nofollow noreferrer\" data-ft=\"{&quot;tn&quot;:&quot;-U&quot;}\" data-lynx-mode=\"async\">https:\/\/wordwall.net\/pl\/resource\/949336<\/a>&nbsp;mamy dla Was \u0107wiczenia przygotowane przez Studium wychowania Fizycznego i Sportu PWSZ w Kro\u015bnie&nbsp;<span class=\"_5mfr\"><span class=\"_6qdm\">\ud83d\udcaa<\/span><\/span>&nbsp;Odkrywaj\u0105c kolejne karty poznajecie opis \u0107wicze\u0144 do wykonania oraz zdj\u0119cie pogl\u0105dowe&nbsp;<span class=\"_5mfr\"><span class=\"_6qdm\">\ud83e\uddd8\u200d\u2640\ufe0f<\/span><\/span><br \/>\nDajcie nam zna\u0107 w komentarzach ile \u0107wicze\u0144 uda\u0142o wam si\u0119 wykona\u0107&nbsp;<span class=\"_5mfr\"><span class=\"_6qdm\">\ud83d\ude09<\/span><\/span><\/p>\n<div class=\"text_exposed_show\">\n<p>Otw\u00f3rz okno &#8211; Dotknij ka\u017cdego pola z kolei, aby otworzy\u0107 je i ujawni\u0107 element wewn\u0105trz.<\/p>\n<p><span class=\"_5mfr\"><span class=\"_6qdm\">\ud83d\udc49<\/span><\/span>&nbsp;<a href=\"https:\/\/wordwall.net\/pl\/resource\/949336?fbclid=IwAR0g5OG5jpMRKNx1VfFQhBkDZ8dcE-hpObJLBYiIeSyUjss9UgY5fMRJV7g\" target=\"_blank\" rel=\"noopener nofollow noreferrer\" data-ft=\"{&quot;tn&quot;:&quot;-U&quot;}\" data-lynx-mode=\"async\" data-lynx-uri=\"https:\/\/l.facebook.com\/l.php?u=https%3A%2F%2Fwordwall.net%2Fpl%2Fresource%2F949336%3Ffbclid%3DIwAR0g5OG5jpMRKNx1VfFQhBkDZ8dcE-hpObJLBYiIeSyUjss9UgY5fMRJV7g&amp;h=AT00PEbSy1Lp1L34kUbOQPWMKlP3SqZRssIU8Dz1ljVRL3EbYIMB1bFw_RJq00cCbgHQorpWh_yXA4SWEytgdWBoiTgRUt4lmba7KtPhSgs3iwSuQ_C3g9ZbfE-u3tkW2ufCkusmSU8Cwa-OB8SFTiZ2XqNMQXdk-QcEbOpNZVB5YlogaCRIYi6hDR5_Cc3tgY7fMH5F2893bkH20JxGZBf_k1YBXp5ZDJpL_AwW8acfeaoCoZCcnzuOUYUFEImSi8p07nuQ529GIe4FHxcyA1uEBS-yGu9X8KPLds0QD5NyIhrDOnfSuaO6lQZOpER3FNKIPVaABVS0596f1XmfZudRekct3fChMyK7uQJJ3CkpZA8EfvpaGEcNloFGHeVIOOTN9xPqoPK9iCF73qLukC_30eDBTX-QHV9IOwVy4_k0aWKerQaTecG_N_lRvhbvapgi0pupteZ05w0NBBKbjYZanNqQO299uyuy5xl6IQrLbeiiAcvbjDSHXkSDA3_OZQ0iCU4IUs6A5FZhN3ioI2CY5oWdXbD1o72yagQrOA0JcA4zlLQ0AMXM62yl3rljOpvKEwDg6sbXxvq4kLNb7Cop3CGivd1rrES5R-M_5E8MlA0pdfnS2PK3qdBz62gcJmne\">https:\/\/wordwall.net\/pl\/resource\/949336<\/a><\/p>\n<\/div>\n<\/div>\n<\/div>\n","protected":false},"excerpt":{"rendered":"<p>#zostanwdomu&nbsp;\ud83e\udd38\u200d\u2640\ufe0f&nbsp;i \u0107wicz razem z nami &#8211; my ca\u0142y czas trzymamy form\u0119&nbsp;\ud83d\ude01 Pod tym linkiem&nbsp;\ud83d\udc49&nbsp;https:\/\/wordwall.net\/pl\/resource\/949336&nbsp;mamy dla Was \u0107wiczenia przygotowane przez Studium wychowania Fizycznego i Sportu PWSZ w Kro\u015bnie&nbsp;\ud83d\udcaa&nbsp;Odkrywaj\u0105c kolejne karty poznajecie opis \u0107wicze\u0144 do wykonania oraz zdj\u0119cie pogl\u0105dowe&nbsp;\ud83e\uddd8\u200d\u2640\ufe0f Dajcie nam zna\u0107 w komentarzach ile \u0107wicze\u0144 uda\u0142o wam si\u0119 wykona\u0107&nbsp;\ud83d\ude09 Otw\u00f3rz okno [\u2026] <\/p>\n<div class=\"clear\"><\/div>\n<p><a class=\"more_link clearfix\" href=\"https:\/\/pans.krosno.pl\/swfis\/alternatywna-mozliwosc-realizacji-zajec\/\" rel=\"nofollow\">Read More<\/a><\/p>\n","protected":false},"author":27,"featured_media":0,"parent":0,"menu_order":0,"comment_status":"closed","ping_status":"closed","template":"page-templates\/template-full-width.php","meta":{"ngg_post_thumbnail":0,"footnotes":""},"class_list":["post-71","page","type-page","status-publish","hentry"],"yoast_head":"<!-- This site is optimized with the Yoast SEO Premium plugin v27.3 (Yoast SEO v27.3) - https:\/\/yoast.com\/product\/yoast-seo-premium-wordpress\/ -->\n<title>#zostanwdomu\u00a0 - Studium Wychowania Fizycznego i Sportu PANS w Kro\u015bnie<\/title>\n<meta name=\"robots\" content=\"index, follow, max-snippet:-1, max-image-preview:large, max-video-preview:-1\" \/>\n<link rel=\"canonical\" href=\"https:\/\/pans.krosno.pl\/swfis\/alternatywna-mozliwosc-realizacji-zajec\/\" \/>\n<meta property=\"og:locale\" content=\"pl_PL\" \/>\n<meta property=\"og:type\" content=\"article\" \/>\n<meta property=\"og:title\" content=\"#zostanwdomu\u00a0\" \/>\n<meta property=\"og:description\" content=\"#zostanwdomu&nbsp;\ud83e\udd38\u200d\u2640\ufe0f&nbsp;i \u0107wicz razem z nami &#8211; my ca\u0142y czas trzymamy form\u0119&nbsp;\ud83d\ude01 Pod tym linkiem&nbsp;\ud83d\udc49&nbsp;https:\/\/wordwall.net\/pl\/resource\/949336&nbsp;mamy dla Was \u0107wiczenia przygotowane przez Studium wychowania Fizycznego i Sportu PWSZ w Kro\u015bnie&nbsp;\ud83d\udcaa&nbsp;Odkrywaj\u0105c kolejne karty poznajecie opis \u0107wicze\u0144 do wykonania oraz zdj\u0119cie pogl\u0105dowe&nbsp;\ud83e\uddd8\u200d\u2640\ufe0f Dajcie nam zna\u0107 w komentarzach ile \u0107wicze\u0144 uda\u0142o wam si\u0119 wykona\u0107&nbsp;\ud83d\ude09 Otw\u00f3rz okno [\u2026] Read More\" \/>\n<meta property=\"og:url\" content=\"https:\/\/pans.krosno.pl\/swfis\/alternatywna-mozliwosc-realizacji-zajec\/\" \/>\n<meta property=\"og:site_name\" content=\"Studium Wychowania Fizycznego i Sportu PANS w Kro\u015bnie\" \/>\n<meta property=\"article:modified_time\" content=\"2020-07-07T13:28:31+00:00\" \/>\n<meta name=\"twitter:card\" content=\"summary_large_image\" \/>\n<script type=\"application\/ld+json\" class=\"yoast-schema-graph\">{\"@context\":\"https:\\\/\\\/schema.org\",\"@graph\":[{\"@type\":\"WebPage\",\"@id\":\"https:\\\/\\\/pans.krosno.pl\\\/swfis\\\/alternatywna-mozliwosc-realizacji-zajec\\\/\",\"url\":\"https:\\\/\\\/pans.krosno.pl\\\/swfis\\\/alternatywna-mozliwosc-realizacji-zajec\\\/\",\"name\":\"#zostanwdomu\u00a0 - Studium Wychowania Fizycznego i Sportu PANS w Kro\u015bnie\",\"isPartOf\":{\"@id\":\"https:\\\/\\\/pans.krosno.pl\\\/swfis\\\/#website\"},\"datePublished\":\"2020-03-20T14:37:16+00:00\",\"dateModified\":\"2020-07-07T13:28:31+00:00\",\"breadcrumb\":{\"@id\":\"https:\\\/\\\/pans.krosno.pl\\\/swfis\\\/alternatywna-mozliwosc-realizacji-zajec\\\/#breadcrumb\"},\"inLanguage\":\"pl-PL\",\"potentialAction\":[{\"@type\":\"ReadAction\",\"target\":[\"https:\\\/\\\/pans.krosno.pl\\\/swfis\\\/alternatywna-mozliwosc-realizacji-zajec\\\/\"]}]},{\"@type\":\"BreadcrumbList\",\"@id\":\"https:\\\/\\\/pans.krosno.pl\\\/swfis\\\/alternatywna-mozliwosc-realizacji-zajec\\\/#breadcrumb\",\"itemListElement\":[{\"@type\":\"ListItem\",\"position\":1,\"name\":\"Strona g\u0142\u00f3wna\",\"item\":\"https:\\\/\\\/pans.krosno.pl\\\/swfis\\\/\"},{\"@type\":\"ListItem\",\"position\":2,\"name\":\"#zostanwdomu\u00a0\"}]},{\"@type\":\"WebSite\",\"@id\":\"https:\\\/\\\/pans.krosno.pl\\\/swfis\\\/#website\",\"url\":\"https:\\\/\\\/pans.krosno.pl\\\/swfis\\\/\",\"name\":\"Studium Wychowania Fizycznego i Sportu PANS w Kro\u015bnie\",\"description\":\"Studium Wychowania Fizycznego i Sportu - Pa\u0144stwowa Akademia Nauk Stosowanych\",\"publisher\":{\"@id\":\"https:\\\/\\\/pans.krosno.pl\\\/swfis\\\/#organization\"},\"potentialAction\":[{\"@type\":\"SearchAction\",\"target\":{\"@type\":\"EntryPoint\",\"urlTemplate\":\"https:\\\/\\\/pans.krosno.pl\\\/swfis\\\/?s={search_term_string}\"},\"query-input\":{\"@type\":\"PropertyValueSpecification\",\"valueRequired\":true,\"valueName\":\"search_term_string\"}}],\"inLanguage\":\"pl-PL\"},{\"@type\":\"Organization\",\"@id\":\"https:\\\/\\\/pans.krosno.pl\\\/swfis\\\/#organization\",\"name\":\"Studium Wychowania Fizycznego i Sportu PANS w Kro\u015bnie\",\"url\":\"https:\\\/\\\/pans.krosno.pl\\\/swfis\\\/\",\"logo\":{\"@type\":\"ImageObject\",\"inLanguage\":\"pl-PL\",\"@id\":\"https:\\\/\\\/pans.krosno.pl\\\/swfis\\\/#\\\/schema\\\/logo\\\/image\\\/\",\"url\":\"https:\\\/\\\/pans.krosno.pl\\\/swfis\\\/wp-content\\\/uploads\\\/sites\\\/22\\\/2023\\\/01\\\/Logo-PANS-2022-pelne.png\",\"contentUrl\":\"https:\\\/\\\/pans.krosno.pl\\\/swfis\\\/wp-content\\\/uploads\\\/sites\\\/22\\\/2023\\\/01\\\/Logo-PANS-2022-pelne.png\",\"width\":3096,\"height\":696,\"caption\":\"Studium Wychowania Fizycznego i Sportu PANS w Kro\u015bnie\"},\"image\":{\"@id\":\"https:\\\/\\\/pans.krosno.pl\\\/swfis\\\/#\\\/schema\\\/logo\\\/image\\\/\"}}]}<\/script>\n<!-- \/ Yoast SEO Premium plugin. -->","yoast_head_json":{"title":"#zostanwdomu\u00a0 - Studium Wychowania Fizycznego i Sportu PANS w Kro\u015bnie","robots":{"index":"index","follow":"follow","max-snippet":"max-snippet:-1","max-image-preview":"max-image-preview:large","max-video-preview":"max-video-preview:-1"},"canonical":"https:\/\/pans.krosno.pl\/swfis\/alternatywna-mozliwosc-realizacji-zajec\/","og_locale":"pl_PL","og_type":"article","og_title":"#zostanwdomu\u00a0","og_description":"#zostanwdomu&nbsp;\ud83e\udd38\u200d\u2640\ufe0f&nbsp;i \u0107wicz razem z nami &#8211; my ca\u0142y czas trzymamy form\u0119&nbsp;\ud83d\ude01 Pod tym linkiem&nbsp;\ud83d\udc49&nbsp;https:\/\/wordwall.net\/pl\/resource\/949336&nbsp;mamy dla Was \u0107wiczenia przygotowane przez Studium wychowania Fizycznego i Sportu PWSZ w Kro\u015bnie&nbsp;\ud83d\udcaa&nbsp;Odkrywaj\u0105c kolejne karty poznajecie opis \u0107wicze\u0144 do wykonania oraz zdj\u0119cie pogl\u0105dowe&nbsp;\ud83e\uddd8\u200d\u2640\ufe0f Dajcie nam zna\u0107 w komentarzach ile \u0107wicze\u0144 uda\u0142o wam si\u0119 wykona\u0107&nbsp;\ud83d\ude09 Otw\u00f3rz okno [\u2026] Read More","og_url":"https:\/\/pans.krosno.pl\/swfis\/alternatywna-mozliwosc-realizacji-zajec\/","og_site_name":"Studium Wychowania Fizycznego i Sportu PANS w Kro\u015bnie","article_modified_time":"2020-07-07T13:28:31+00:00","twitter_card":"summary_large_image","schema":{"@context":"https:\/\/schema.org","@graph":[{"@type":"WebPage","@id":"https:\/\/pans.krosno.pl\/swfis\/alternatywna-mozliwosc-realizacji-zajec\/","url":"https:\/\/pans.krosno.pl\/swfis\/alternatywna-mozliwosc-realizacji-zajec\/","name":"#zostanwdomu\u00a0 - Studium Wychowania Fizycznego i Sportu PANS w Kro\u015bnie","isPartOf":{"@id":"https:\/\/pans.krosno.pl\/swfis\/#website"},"datePublished":"2020-03-20T14:37:16+00:00","dateModified":"2020-07-07T13:28:31+00:00","breadcrumb":{"@id":"https:\/\/pans.krosno.pl\/swfis\/alternatywna-mozliwosc-realizacji-zajec\/#breadcrumb"},"inLanguage":"pl-PL","potentialAction":[{"@type":"ReadAction","target":["https:\/\/pans.krosno.pl\/swfis\/alternatywna-mozliwosc-realizacji-zajec\/"]}]},{"@type":"BreadcrumbList","@id":"https:\/\/pans.krosno.pl\/swfis\/alternatywna-mozliwosc-realizacji-zajec\/#breadcrumb","itemListElement":[{"@type":"ListItem","position":1,"name":"Strona g\u0142\u00f3wna","item":"https:\/\/pans.krosno.pl\/swfis\/"},{"@type":"ListItem","position":2,"name":"#zostanwdomu\u00a0"}]},{"@type":"WebSite","@id":"https:\/\/pans.krosno.pl\/swfis\/#website","url":"https:\/\/pans.krosno.pl\/swfis\/","name":"Studium Wychowania Fizycznego i Sportu PANS w Kro\u015bnie","description":"Studium Wychowania Fizycznego i Sportu - Pa\u0144stwowa Akademia Nauk Stosowanych","publisher":{"@id":"https:\/\/pans.krosno.pl\/swfis\/#organization"},"potentialAction":[{"@type":"SearchAction","target":{"@type":"EntryPoint","urlTemplate":"https:\/\/pans.krosno.pl\/swfis\/?s={search_term_string}"},"query-input":{"@type":"PropertyValueSpecification","valueRequired":true,"valueName":"search_term_string"}}],"inLanguage":"pl-PL"},{"@type":"Organization","@id":"https:\/\/pans.krosno.pl\/swfis\/#organization","name":"Studium Wychowania Fizycznego i Sportu PANS w Kro\u015bnie","url":"https:\/\/pans.krosno.pl\/swfis\/","logo":{"@type":"ImageObject","inLanguage":"pl-PL","@id":"https:\/\/pans.krosno.pl\/swfis\/#\/schema\/logo\/image\/","url":"https:\/\/pans.krosno.pl\/swfis\/wp-content\/uploads\/sites\/22\/2023\/01\/Logo-PANS-2022-pelne.png","contentUrl":"https:\/\/pans.krosno.pl\/swfis\/wp-content\/uploads\/sites\/22\/2023\/01\/Logo-PANS-2022-pelne.png","width":3096,"height":696,"caption":"Studium Wychowania Fizycznego i Sportu PANS w Kro\u015bnie"},"image":{"@id":"https:\/\/pans.krosno.pl\/swfis\/#\/schema\/logo\/image\/"}}]}},"_links":{"self":[{"href":"https:\/\/pans.krosno.pl\/swfis\/wp-json\/wp\/v2\/pages\/71","targetHints":{"allow":["GET"]}}],"collection":[{"href":"https:\/\/pans.krosno.pl\/swfis\/wp-json\/wp\/v2\/pages"}],"about":[{"href":"https:\/\/pans.krosno.pl\/swfis\/wp-json\/wp\/v2\/types\/page"}],"author":[{"embeddable":true,"href":"https:\/\/pans.krosno.pl\/swfis\/wp-json\/wp\/v2\/users\/27"}],"replies":[{"embeddable":true,"href":"https:\/\/pans.krosno.pl\/swfis\/wp-json\/wp\/v2\/comments?post=71"}],"version-history":[{"count":3,"href":"https:\/\/pans.krosno.pl\/swfis\/wp-json\/wp\/v2\/pages\/71\/revisions"}],"predecessor-version":[{"id":257,"href":"https:\/\/pans.krosno.pl\/swfis\/wp-json\/wp\/v2\/pages\/71\/revisions\/257"}],"wp:attachment":[{"href":"https:\/\/pans.krosno.pl\/swfis\/wp-json\/wp\/v2\/media?parent=71"}],"curies":[{"name":"wp","href":"https:\/\/api.w.org\/{rel}","templated":true}]}}