{"id":107,"date":"2020-03-20T15:46:53","date_gmt":"2020-03-20T14:46:53","guid":{"rendered":"https:\/\/pans.krosno.pl\/swfis\/?page_id=107"},"modified":"2025-09-25T12:00:29","modified_gmt":"2025-09-25T10:00:29","slug":"studium-wychowania-fizycznego-i-sportu-pans-w-krosnie","status":"publish","type":"page","link":"https:\/\/pans.krosno.pl\/swfis\/","title":{"rendered":"Strona g\u0142\u00f3wna"},"content":{"rendered":"","protected":false},"excerpt":{"rendered":"","protected":false},"author":27,"featured_media":0,"parent":0,"menu_order":0,"comment_status":"closed","ping_status":"closed","template":"page-templates\/template-home-widgetized.php","meta":{"ngg_post_thumbnail":0,"footnotes":""},"class_list":["post-107","page","type-page","status-publish","hentry"],"yoast_head":"<!-- This site is optimized with the Yoast SEO Premium plugin v27.3 (Yoast SEO v27.3) - https:\/\/yoast.com\/product\/yoast-seo-premium-wordpress\/ -->\n<title>Studium Wychowania Fizycznego i Sportu | PANS w Kro\u015bnie<\/title>\n<meta name=\"description\" content=\"Zaj\u0119cia rekreacyjno-sportowe dla student\u00f3w i pracownik\u00f3w Pa\u0144stwowej Akademii Nauk Stosowanych w Kro\u015bnie \u27a4 R\u00f3\u017cne dyscypliny. Sprawd\u017a teraz!\" \/>\n<meta name=\"robots\" content=\"index, follow, max-snippet:-1, max-image-preview:large, max-video-preview:-1\" \/>\n<link rel=\"canonical\" href=\"https:\/\/pans.krosno.pl\/swfis\/\" \/>\n<meta property=\"og:locale\" content=\"pl_PL\" \/>\n<meta property=\"og:type\" content=\"article\" \/>\n<meta property=\"og:title\" content=\"Strona g\u0142\u00f3wna\" \/>\n<meta property=\"og:description\" content=\"Zaj\u0119cia rekreacyjno-sportowe dla student\u00f3w i pracownik\u00f3w Pa\u0144stwowej Akademii Nauk Stosowanych w Kro\u015bnie \u27a4 R\u00f3\u017cne dyscypliny. Sprawd\u017a teraz!\" \/>\n<meta property=\"og:url\" content=\"https:\/\/pans.krosno.pl\/swfis\/\" \/>\n<meta property=\"og:site_name\" content=\"Studium Wychowania Fizycznego i Sportu PANS w Kro\u015bnie\" \/>\n<meta property=\"article:modified_time\" content=\"2025-09-25T10:00:29+00:00\" \/>\n<meta name=\"twitter:card\" content=\"summary_large_image\" \/>\n<script type=\"application\/ld+json\" class=\"yoast-schema-graph\">{\"@context\":\"https:\\\/\\\/schema.org\",\"@graph\":[{\"@type\":\"WebPage\",\"@id\":\"https:\\\/\\\/pans.krosno.pl\\\/swfis\\\/\",\"url\":\"https:\\\/\\\/pans.krosno.pl\\\/swfis\\\/\",\"name\":\"Studium Wychowania Fizycznego i Sportu | PANS w Kro\u015bnie\",\"isPartOf\":{\"@id\":\"https:\\\/\\\/pans.krosno.pl\\\/swfis\\\/#website\"},\"datePublished\":\"2020-03-20T14:46:53+00:00\",\"dateModified\":\"2025-09-25T10:00:29+00:00\",\"description\":\"Zaj\u0119cia rekreacyjno-sportowe dla student\u00f3w i pracownik\u00f3w Pa\u0144stwowej Akademii Nauk Stosowanych w Kro\u015bnie \u27a4 R\u00f3\u017cne dyscypliny. Sprawd\u017a teraz!\",\"breadcrumb\":{\"@id\":\"https:\\\/\\\/pans.krosno.pl\\\/swfis\\\/#breadcrumb\"},\"inLanguage\":\"pl-PL\",\"potentialAction\":[{\"@type\":\"ReadAction\",\"target\":[\"https:\\\/\\\/pans.krosno.pl\\\/swfis\\\/\"]}]},{\"@type\":\"BreadcrumbList\",\"@id\":\"https:\\\/\\\/pans.krosno.pl\\\/swfis\\\/#breadcrumb\",\"itemListElement\":[{\"@type\":\"ListItem\",\"position\":1,\"name\":\"Strona g\u0142\u00f3wna\",\"item\":\"https:\\\/\\\/pans.krosno.pl\\\/swfis\\\/\"},{\"@type\":\"ListItem\",\"position\":2,\"name\":\"Strona g\u0142\u00f3wna\"}]},{\"@type\":\"WebSite\",\"@id\":\"https:\\\/\\\/pans.krosno.pl\\\/swfis\\\/#website\",\"url\":\"https:\\\/\\\/pans.krosno.pl\\\/swfis\\\/\",\"name\":\"Studium Wychowania Fizycznego i Sportu PANS w Kro\u015bnie\",\"description\":\"Studium Wychowania Fizycznego i Sportu - Pa\u0144stwowa Akademia Nauk Stosowanych\",\"publisher\":{\"@id\":\"https:\\\/\\\/pans.krosno.pl\\\/swfis\\\/#organization\"},\"potentialAction\":[{\"@type\":\"SearchAction\",\"target\":{\"@type\":\"EntryPoint\",\"urlTemplate\":\"https:\\\/\\\/pans.krosno.pl\\\/swfis\\\/?s={search_term_string}\"},\"query-input\":{\"@type\":\"PropertyValueSpecification\",\"valueRequired\":true,\"valueName\":\"search_term_string\"}}],\"inLanguage\":\"pl-PL\"},{\"@type\":\"Organization\",\"@id\":\"https:\\\/\\\/pans.krosno.pl\\\/swfis\\\/#organization\",\"name\":\"Studium Wychowania Fizycznego i Sportu PANS w Kro\u015bnie\",\"url\":\"https:\\\/\\\/pans.krosno.pl\\\/swfis\\\/\",\"logo\":{\"@type\":\"ImageObject\",\"inLanguage\":\"pl-PL\",\"@id\":\"https:\\\/\\\/pans.krosno.pl\\\/swfis\\\/#\\\/schema\\\/logo\\\/image\\\/\",\"url\":\"https:\\\/\\\/pans.krosno.pl\\\/swfis\\\/wp-content\\\/uploads\\\/sites\\\/22\\\/2023\\\/01\\\/Logo-PANS-2022-pelne.png\",\"contentUrl\":\"https:\\\/\\\/pans.krosno.pl\\\/swfis\\\/wp-content\\\/uploads\\\/sites\\\/22\\\/2023\\\/01\\\/Logo-PANS-2022-pelne.png\",\"width\":3096,\"height\":696,\"caption\":\"Studium Wychowania Fizycznego i Sportu PANS w Kro\u015bnie\"},\"image\":{\"@id\":\"https:\\\/\\\/pans.krosno.pl\\\/swfis\\\/#\\\/schema\\\/logo\\\/image\\\/\"}}]}<\/script>\n<!-- \/ Yoast SEO Premium plugin. -->","yoast_head_json":{"title":"Studium Wychowania Fizycznego i Sportu | PANS w Kro\u015bnie","description":"Zaj\u0119cia rekreacyjno-sportowe dla student\u00f3w i pracownik\u00f3w Pa\u0144stwowej Akademii Nauk Stosowanych w Kro\u015bnie \u27a4 R\u00f3\u017cne dyscypliny. Sprawd\u017a teraz!","robots":{"index":"index","follow":"follow","max-snippet":"max-snippet:-1","max-image-preview":"max-image-preview:large","max-video-preview":"max-video-preview:-1"},"canonical":"https:\/\/pans.krosno.pl\/swfis\/","og_locale":"pl_PL","og_type":"article","og_title":"Strona g\u0142\u00f3wna","og_description":"Zaj\u0119cia rekreacyjno-sportowe dla student\u00f3w i pracownik\u00f3w Pa\u0144stwowej Akademii Nauk Stosowanych w Kro\u015bnie \u27a4 R\u00f3\u017cne dyscypliny. Sprawd\u017a teraz!","og_url":"https:\/\/pans.krosno.pl\/swfis\/","og_site_name":"Studium Wychowania Fizycznego i Sportu PANS w Kro\u015bnie","article_modified_time":"2025-09-25T10:00:29+00:00","twitter_card":"summary_large_image","schema":{"@context":"https:\/\/schema.org","@graph":[{"@type":"WebPage","@id":"https:\/\/pans.krosno.pl\/swfis\/","url":"https:\/\/pans.krosno.pl\/swfis\/","name":"Studium Wychowania Fizycznego i Sportu | PANS w Kro\u015bnie","isPartOf":{"@id":"https:\/\/pans.krosno.pl\/swfis\/#website"},"datePublished":"2020-03-20T14:46:53+00:00","dateModified":"2025-09-25T10:00:29+00:00","description":"Zaj\u0119cia rekreacyjno-sportowe dla student\u00f3w i pracownik\u00f3w Pa\u0144stwowej Akademii Nauk Stosowanych w Kro\u015bnie \u27a4 R\u00f3\u017cne dyscypliny. Sprawd\u017a teraz!","breadcrumb":{"@id":"https:\/\/pans.krosno.pl\/swfis\/#breadcrumb"},"inLanguage":"pl-PL","potentialAction":[{"@type":"ReadAction","target":["https:\/\/pans.krosno.pl\/swfis\/"]}]},{"@type":"BreadcrumbList","@id":"https:\/\/pans.krosno.pl\/swfis\/#breadcrumb","itemListElement":[{"@type":"ListItem","position":1,"name":"Strona g\u0142\u00f3wna","item":"https:\/\/pans.krosno.pl\/swfis\/"},{"@type":"ListItem","position":2,"name":"Strona g\u0142\u00f3wna"}]},{"@type":"WebSite","@id":"https:\/\/pans.krosno.pl\/swfis\/#website","url":"https:\/\/pans.krosno.pl\/swfis\/","name":"Studium Wychowania Fizycznego i Sportu PANS w Kro\u015bnie","description":"Studium Wychowania Fizycznego i Sportu - Pa\u0144stwowa Akademia Nauk Stosowanych","publisher":{"@id":"https:\/\/pans.krosno.pl\/swfis\/#organization"},"potentialAction":[{"@type":"SearchAction","target":{"@type":"EntryPoint","urlTemplate":"https:\/\/pans.krosno.pl\/swfis\/?s={search_term_string}"},"query-input":{"@type":"PropertyValueSpecification","valueRequired":true,"valueName":"search_term_string"}}],"inLanguage":"pl-PL"},{"@type":"Organization","@id":"https:\/\/pans.krosno.pl\/swfis\/#organization","name":"Studium Wychowania Fizycznego i Sportu PANS w Kro\u015bnie","url":"https:\/\/pans.krosno.pl\/swfis\/","logo":{"@type":"ImageObject","inLanguage":"pl-PL","@id":"https:\/\/pans.krosno.pl\/swfis\/#\/schema\/logo\/image\/","url":"https:\/\/pans.krosno.pl\/swfis\/wp-content\/uploads\/sites\/22\/2023\/01\/Logo-PANS-2022-pelne.png","contentUrl":"https:\/\/pans.krosno.pl\/swfis\/wp-content\/uploads\/sites\/22\/2023\/01\/Logo-PANS-2022-pelne.png","width":3096,"height":696,"caption":"Studium Wychowania Fizycznego i Sportu PANS w Kro\u015bnie"},"image":{"@id":"https:\/\/pans.krosno.pl\/swfis\/#\/schema\/logo\/image\/"}}]}},"_links":{"self":[{"href":"https:\/\/pans.krosno.pl\/swfis\/wp-json\/wp\/v2\/pages\/107","targetHints":{"allow":["GET"]}}],"collection":[{"href":"https:\/\/pans.krosno.pl\/swfis\/wp-json\/wp\/v2\/pages"}],"about":[{"href":"https:\/\/pans.krosno.pl\/swfis\/wp-json\/wp\/v2\/types\/page"}],"author":[{"embeddable":true,"href":"https:\/\/pans.krosno.pl\/swfis\/wp-json\/wp\/v2\/users\/27"}],"replies":[{"embeddable":true,"href":"https:\/\/pans.krosno.pl\/swfis\/wp-json\/wp\/v2\/comments?post=107"}],"version-history":[{"count":1,"href":"https:\/\/pans.krosno.pl\/swfis\/wp-json\/wp\/v2\/pages\/107\/revisions"}],"predecessor-version":[{"id":108,"href":"https:\/\/pans.krosno.pl\/swfis\/wp-json\/wp\/v2\/pages\/107\/revisions\/108"}],"wp:attachment":[{"href":"https:\/\/pans.krosno.pl\/swfis\/wp-json\/wp\/v2\/media?parent=107"}],"curies":[{"name":"wp","href":"https:\/\/api.w.org\/{rel}","templated":true}]}}