{"id":71,"date":"2020-03-06T10:19:26","date_gmt":"2020-03-06T09:19:26","guid":{"rendered":"https:\/\/pans.krosno.pl\/sjo\/?page_id=71"},"modified":"2023-10-13T12:31:46","modified_gmt":"2023-10-13T10:31:46","slug":"dydaktyka","status":"publish","type":"page","link":"https:\/\/pans.krosno.pl\/sjo\/dydaktyka\/","title":{"rendered":"Dydaktyka"},"content":{"rendered":"<p><strong>Witamy na stronie Studium J\u0119zyk\u00f3w Obcych i zapraszamy do zapoznania si\u0119 z zasadami zaliczania lektoratu j\u0119zyka obcego w naszej uczelni.<\/strong><\/p>\n<p>Lektorat j\u0119zyka obcego wynosi 120 godzin dla studi\u00f3w licencjackich stacjonarnych i wi\u0119kszo\u015bci niestacjonarnych. Studenci kierunku Turystyka i Rekreacja ucz\u0119szczaj\u0105 na zaj\u0119cia z dw\u00f3ch j\u0119zyk\u00f3w obcych, a na III roku kontynuuj\u0105 nauk\u0119 j\u0119zyka angielskiego specjalistycznego &nbsp;&nbsp;(jeden semestr &#8211; 30 godz).&nbsp; Studenci kierunku Zarz\u0105dzanie i Marketing Internetowy na III roku maj\u0105 dodatkowe 60 godzin nauki j\u0119zyka angielskiego specjalistycznego (2 semestry).<\/p>\n<p>Wymiar godzin lektoratu j\u0119zyka obcego na studiach magisterskich jest zale\u017cny od planu studi\u00f3w danego kierunku.<\/p>\n<p>Lektorat z j\u0119zyka obcego prowadzony jest na poziomach: <strong>&nbsp;&nbsp;<\/strong>B1 \u2013 poziom \u015bredni ni\u017cszy, B2 lub B2+ \u2013 poziom \u015bredni wy\u017cszy oraz C1 (zaawansowany) &#8211; <strong>&nbsp;<\/strong>zgodnie z tabel\u0105 poziom\u00f3w kompetencji j\u0119zykowej wg <a href=\"http:\/\/archiwum.pwsz.krosno.pl\/gfx\/pwszkrosno\/pl\/defaultopisy\/735\/1\/1\/europejskie_poziomy_bieglosci_jezykowej__tabela_samooceny.pdf\">Europejskiego Systemu Opisu Kszta\u0142cenia J\u0119zykowego <\/a>. Studenci ( w szczeg\u00f3lno\u015bci zapisani do grup o ni\u017cszym poziomie) s\u0105 zobligowani do pracy w\u0142asnej by na egzaminie osi\u0105gn\u0105\u0107 wymagany poziom &nbsp;B2 na studiach licencjackich .<\/p>\n<p>Przydzia\u0142 do grup j\u0119zykowych odbywa si\u0119 na podstawie wynik\u00f3w matury pisemnej z j\u0119zyka obcego (lektorat jest kontynuacj\u0105 nauki j\u0119zyka obcego, z kt\u00f3rego student zdawa\u0142 egzamin maturalny). W uzasadnionych przypadkach i za zgod\u0105 Kierownika Studium istnieje mo\u017cliwo\u015b\u0107 zmiany nauczanego j\u0119zyka oraz poziomu lektoratu do ko\u0144ca pierwszego miesi\u0105ca nauki.&nbsp; &nbsp;Studenci nieposiadaj\u0105cy znajomo\u015bci j\u0119zyka angielskiego z&nbsp;poprzednich etap\u00f3w edukacyjnych a&nbsp;studiuj\u0105cy na&nbsp; kierunkach z&nbsp;obowi\u0105zkowym j\u0119zykiem angielskim s\u0105 zobligowani do nadrobienia zaleg\u0142o\u015bci.<\/p>\n<p><strong>&nbsp;&nbsp;&nbsp;&nbsp;&nbsp;&nbsp;&nbsp;&nbsp;&nbsp;&nbsp;&nbsp;&nbsp;&nbsp;&nbsp;&nbsp;&nbsp;&nbsp;&nbsp;&nbsp;&nbsp;&nbsp;&nbsp;&nbsp;&nbsp;&nbsp;&nbsp;&nbsp;&nbsp;&nbsp;&nbsp;&nbsp;&nbsp;&nbsp;&nbsp;&nbsp;&nbsp;&nbsp;&nbsp;&nbsp; &nbsp;&nbsp;&nbsp;&nbsp;&nbsp; &nbsp; &nbsp; &nbsp; &nbsp; &nbsp; &nbsp; &nbsp; &nbsp; &nbsp; ZALICZENIE I &nbsp;EGZAMIN<\/strong><\/p>\n<p>1.Student otrzymuje zaliczenie zaj\u0119\u0107 na podstawie kontroli wynik\u00f3w nauczania w trakcie semestru. Zaliczenia dokonuj\u0105 prowadz\u0105cy lektorzy.<\/p>\n<p>2. Prowadz\u0105cy przeprowadza testy oraz inne formy kontrolne w ci\u0105gu semestru (m. in. wypowiedzi ustne, \u0107wiczenia ze s\u0142uchu, prace domowe). W przypadku nieobecno\u015bci na testach student ma obowi\u0105zek usprawiedliwi\u0107 nieobecno\u015b\u0107 na najbli\u017cszych zaj\u0119ciach, w kt\u00f3rych uczestniczy. W przypadku braku usprawiedliwienia nieobecno\u015bci na te\u015bcie student uzyskuje ocen\u0119 niedostateczn\u0105 z tego testu.<\/p>\n<p>3. Przy ocenie test\u00f3w stosuj\u0119 si\u0119 nast\u0119puj\u0105c\u0105 skal\u0119:<\/p>\n<p>90 % \u2013 100 % \u2013 bardzo dobry (5,0)<br \/>\n85%\u2013 89 % \u2013 dobry plus (4,5)<br \/>\n77 %\u2013 84% \u2013 dobry (4,0)<br \/>\n70 %. \u2013 76 % \u2013 dostateczny plus (3,5)<br \/>\n50 %\u2013 69 % \u2013 dostateczny (3,0)<\/p>\n<p>4. Je\u017celi w trakcie testu prowadz\u0105cy stwierdzi niesamodzielno\u015b\u0107 pracy studenta lub korzystanie przez niego z niedozwolonych materia\u0142\u00f3w \u2013&nbsp;&nbsp; otrzymuje on ocen\u0119 niedostateczn\u0105 z tego testu.<\/p>\n<p>5. Warunkiem uko\u0144czenia studi\u00f3w w PANS w Kro\u015bnie jest zdanie egzaminu z j\u0119zyka obcego, na poziomie bieg\u0142o\u015bci B2 Europejskiego Systemu Opisu Kszta\u0142cenia J\u0119zykowego Rady Europy. Egzamin przeprowadzany jest z j\u0119zyk\u00f3w nauczanych w PANS w Kro\u015bnie<\/p>\n<p>6. Egzamin odbywa si\u0119 zgodnie z zasadami okre\u015blonymi w Regulaminie Studi\u00f3w w PANS w Kro\u015bnie.<\/p>\n<p>7. Egzamin w danej grupie przeprowadza lektor powo\u0142any przez Kierownika Studium J\u0119zyk\u00f3w Obcych&nbsp;<\/p>\n<p>8. Zakres wymaga\u0144 egzaminacyjnych jest na sta\u0142e podany do wiadomo\u015bci student\u00f3w na tablicach informacyjnych SJO oraz na stronach internetowych Studium.<br \/>\n9. Egzamin na poziomie B2 sk\u0142ada si\u0119 z cz\u0119\u015bci pisemnej i ustnej. Ze wzgl\u0119du na dwuetapowo\u015b\u0107 egzaminu j\u0119zykowego, w SJO test pisemny jest przeprowadzany na ostatnich zaj\u0119ciach w semestrze.<br \/>\n<strong>a)&nbsp;&nbsp;&nbsp; cz\u0119\u015b\u0107 pisemna trwa do 90 minut i obejmuje:<\/strong><br \/>\n\u2022&nbsp;&nbsp;&nbsp; rozumienie tekstu s\u0142uchanego<br \/>\n\u2022&nbsp;&nbsp;&nbsp; rozumienie tekstu czytanego<br \/>\n\u2022&nbsp;&nbsp; u\u017cycie struktur gramatycznych i s\u0142ownictwa<br \/>\n\u2022&nbsp;&nbsp;&nbsp; pisanie<br \/>\n<strong>b)&nbsp;&nbsp;&nbsp; cz\u0119\u015b\u0107 ustna trwa do 10 minut<\/strong><\/p>\n<p>10. Decyzj\u0105 lektora przeprowadzaj\u0105cego egzamin lub na wniosek lektora prowadz\u0105cego zaj\u0119cia, student mo\u017ce zosta\u0107 zwolniony z egzaminu ustnego. Warunkiem tego zwolnienia s\u0105 bardzo dobre wyniki w nauce j\u0119zyka uzyskane w trakcie studi\u00f3w i co najmniej ocena 4.0 z egzaminu pisemnego.<\/p>\n<p>Decyzj\u0105 lektora przeprowadzaj\u0105cego egzamin lub na wniosek lektora prowadz\u0105cego zaj\u0119cia,&nbsp;&nbsp; student mo\u017ce zosta\u0107 zwolniony z ca\u0142o\u015bci egzaminu. Warunkiem tego zwolnienia s\u0105 wysokie wyniki w konkursach j\u0119zykowych organizowanych przez PANS i inne instytucje lub ocena co najmniej 4.5 z wszystkich semestr\u00f3w nauki j\u0119zyka na poziomie co najmniej B2.<\/p>\n<p>11. Na obie cz\u0119\u015bci egzaminu student ma obowi\u0105zek zg\u0142osi\u0107 si\u0119 z wa\u017cn\u0105 legitymacj\u0105 studenck\u0105 b\u0105d\u017a indeksem. Zabrania si\u0119 korzystania w czasie egzaminu z urz\u0105dze\u0144 komunikacyjnych i multimedialnych.<\/p>\n<p>12. Ocena z egzaminu jest wynikiem \u015bredniej wa\u017conej ocen z obu cz\u0119\u015bci, pod warunkiem uzyskania pozytywnej oceny z cz\u0119\u015bci pisemnej.<br \/>\n13. Je\u017celi w trakcie egzaminu prowadz\u0105cy stwierdzi niesamodzielno\u015b\u0107 pracy studenta lub korzystanie przez niego z niedozwolonych materia\u0142\u00f3w, student otrzymuje ocen\u0119 niedostateczn\u0105 z tego egzaminu.<br \/>\n14. Student ma prawo wgl\u0105du do swojej ocenionej negatywnie pracy egzaminacyjnej do ko\u0144ca sesji egzaminacyjnej.<\/p>\n<p>15. Egzaminy pisemne i ustne s\u0105 prowadzone i oceniane wed\u0142ug standardowej formy wsp\u00f3lnej dla wszystkich j\u0119zyk\u00f3w.<br \/>\n16. Uzyskanie pozytywnej oceny z egzaminu nie podlega zmianie (nie ma mo\u017cliwo\u015bci powt\u00f3rnego zdawania i poprawiania oceny).<\/p>\n<p>17. Student, kt\u00f3ry pozytywnie zaliczy\u0142 cz\u0119\u015b\u0107 pisemn\u0105, a nie przyst\u0105pi\u0142 do cz\u0119\u015bci ustnej egzaminu powinien do ko\u0144ca sesji egzaminacyjnej przedstawi\u0107 usprawiedliwienie nieobecno\u015bci.<br \/>\n18. Niezaliczenie cz\u0119\u015bci pisemnej egzaminu skutkuje wpisaniem oceny niedostatecznej z ca\u0142o\u015bci egzaminu.<\/p>\n<p>19. Podstaw\u0105 do zwolnienia z egzaminu ko\u0144cowego mo\u017ce by\u0107 za\u015bwiadczenie w\u0142adz innych uczelni o osi\u0105gni\u0119tym przez studenta poziomie lub inny certyfikat zewn\u0119trznych instytucji certyfikuj\u0105cych wymieniony w za\u0142\u0105czniku do rozporz\u0105dzenia Ministra Nauki i Szkolnictwa Wy\u017cszego z 22 wrze\u015bnia 2011 r.<\/p>\n","protected":false},"excerpt":{"rendered":"<p>Witamy na stronie Studium J\u0119zyk\u00f3w Obcych i zapraszamy do zapoznania si\u0119 z zasadami zaliczania lektoratu j\u0119zyka obcego w naszej uczelni. Lektorat j\u0119zyka obcego wynosi 120 godzin dla studi\u00f3w licencjackich stacjonarnych i wi\u0119kszo\u015bci niestacjonarnych. Studenci kierunku Turystyka i Rekreacja ucz\u0119szczaj\u0105 na zaj\u0119cia z dw\u00f3ch j\u0119zyk\u00f3w obcych, a na III roku kontynuuj\u0105 [\u2026] <\/p>\n<div class=\"clear\"><\/div>\n<p><a class=\"more_link clearfix\" href=\"https:\/\/pans.krosno.pl\/sjo\/dydaktyka\/\" rel=\"nofollow\">Read More<\/a><\/p>\n","protected":false},"author":27,"featured_media":0,"parent":0,"menu_order":0,"comment_status":"closed","ping_status":"closed","template":"page-templates\/template-full-width.php","meta":{"ngg_post_thumbnail":0,"footnotes":""},"class_list":["post-71","page","type-page","status-publish","hentry"],"yoast_head":"<!-- This site is optimized with the Yoast SEO Premium plugin v27.4 (Yoast SEO v27.4) - https:\/\/yoast.com\/product\/yoast-seo-premium-wordpress\/ -->\n<title>Dydaktyka - Studium J\u0119zyk\u00f3w Obcych PANS w Kro\u015bnie<\/title>\n<meta name=\"description\" content=\"KPU w Kro\u015bnie\" \/>\n<meta name=\"robots\" content=\"index, follow, max-snippet:-1, max-image-preview:large, max-video-preview:-1\" \/>\n<link rel=\"canonical\" href=\"https:\/\/pans.krosno.pl\/sjo\/dydaktyka\/\" \/>\n<meta property=\"og:locale\" content=\"pl_PL\" \/>\n<meta property=\"og:type\" content=\"article\" \/>\n<meta property=\"og:title\" content=\"Dydaktyka\" \/>\n<meta property=\"og:description\" content=\"KPU w Kro\u015bnie\" \/>\n<meta property=\"og:url\" content=\"https:\/\/pans.krosno.pl\/sjo\/dydaktyka\/\" \/>\n<meta property=\"og:site_name\" content=\"Studium J\u0119zyk\u00f3w Obcych PANS w Kro\u015bnie\" \/>\n<meta property=\"article:modified_time\" content=\"2023-10-13T10:31:46+00:00\" \/>\n<meta name=\"twitter:card\" content=\"summary_large_image\" \/>\n<meta name=\"twitter:label1\" content=\"Szacowany czas czytania\" \/>\n\t<meta name=\"twitter:data1\" content=\"5 minut\" \/>\n<script type=\"application\/ld+json\" class=\"yoast-schema-graph\">{\"@context\":\"https:\\\/\\\/schema.org\",\"@graph\":[{\"@type\":\"WebPage\",\"@id\":\"https:\\\/\\\/pans.krosno.pl\\\/sjo\\\/dydaktyka\\\/\",\"url\":\"https:\\\/\\\/pans.krosno.pl\\\/sjo\\\/dydaktyka\\\/\",\"name\":\"Dydaktyka - Studium J\u0119zyk\u00f3w Obcych PANS w Kro\u015bnie\",\"isPartOf\":{\"@id\":\"https:\\\/\\\/pans.krosno.pl\\\/sjo\\\/#website\"},\"datePublished\":\"2020-03-06T09:19:26+00:00\",\"dateModified\":\"2023-10-13T10:31:46+00:00\",\"description\":\"KPU w Kro\u015bnie\",\"breadcrumb\":{\"@id\":\"https:\\\/\\\/pans.krosno.pl\\\/sjo\\\/dydaktyka\\\/#breadcrumb\"},\"inLanguage\":\"pl-PL\",\"potentialAction\":[{\"@type\":\"ReadAction\",\"target\":[\"https:\\\/\\\/pans.krosno.pl\\\/sjo\\\/dydaktyka\\\/\"]}]},{\"@type\":\"BreadcrumbList\",\"@id\":\"https:\\\/\\\/pans.krosno.pl\\\/sjo\\\/dydaktyka\\\/#breadcrumb\",\"itemListElement\":[{\"@type\":\"ListItem\",\"position\":1,\"name\":\"Strona g\u0142\u00f3wna\",\"item\":\"https:\\\/\\\/pans.krosno.pl\\\/sjo\\\/\"},{\"@type\":\"ListItem\",\"position\":2,\"name\":\"Dydaktyka\"}]},{\"@type\":\"WebSite\",\"@id\":\"https:\\\/\\\/pans.krosno.pl\\\/sjo\\\/#website\",\"url\":\"https:\\\/\\\/pans.krosno.pl\\\/sjo\\\/\",\"name\":\"Studium J\u0119zyk\u00f3w Obcych PANS w Kro\u015bnie\",\"description\":\"Studium J\u0119zyk\u00f3w Obcych  - Pa\u0144stwowa Akademia Nauk Stosowanych\",\"publisher\":{\"@id\":\"https:\\\/\\\/pans.krosno.pl\\\/sjo\\\/#organization\"},\"potentialAction\":[{\"@type\":\"SearchAction\",\"target\":{\"@type\":\"EntryPoint\",\"urlTemplate\":\"https:\\\/\\\/pans.krosno.pl\\\/sjo\\\/?s={search_term_string}\"},\"query-input\":{\"@type\":\"PropertyValueSpecification\",\"valueRequired\":true,\"valueName\":\"search_term_string\"}}],\"inLanguage\":\"pl-PL\"},{\"@type\":\"Organization\",\"@id\":\"https:\\\/\\\/pans.krosno.pl\\\/sjo\\\/#organization\",\"name\":\"Studium J\u0119zyk\u00f3w Obcych PANS w Kro\u015bnie\",\"url\":\"https:\\\/\\\/pans.krosno.pl\\\/sjo\\\/\",\"logo\":{\"@type\":\"ImageObject\",\"inLanguage\":\"pl-PL\",\"@id\":\"https:\\\/\\\/pans.krosno.pl\\\/sjo\\\/#\\\/schema\\\/logo\\\/image\\\/\",\"url\":\"https:\\\/\\\/pans.krosno.pl\\\/sjo\\\/wp-content\\\/uploads\\\/sites\\\/25\\\/2023\\\/01\\\/Logo-PANS-2022-pelne.png\",\"contentUrl\":\"https:\\\/\\\/pans.krosno.pl\\\/sjo\\\/wp-content\\\/uploads\\\/sites\\\/25\\\/2023\\\/01\\\/Logo-PANS-2022-pelne.png\",\"width\":3096,\"height\":696,\"caption\":\"Studium J\u0119zyk\u00f3w Obcych PANS w Kro\u015bnie\"},\"image\":{\"@id\":\"https:\\\/\\\/pans.krosno.pl\\\/sjo\\\/#\\\/schema\\\/logo\\\/image\\\/\"}}]}<\/script>\n<!-- \/ Yoast SEO Premium plugin. -->","yoast_head_json":{"title":"Dydaktyka - Studium J\u0119zyk\u00f3w Obcych PANS w Kro\u015bnie","description":"KPU w Kro\u015bnie","robots":{"index":"index","follow":"follow","max-snippet":"max-snippet:-1","max-image-preview":"max-image-preview:large","max-video-preview":"max-video-preview:-1"},"canonical":"https:\/\/pans.krosno.pl\/sjo\/dydaktyka\/","og_locale":"pl_PL","og_type":"article","og_title":"Dydaktyka","og_description":"KPU w Kro\u015bnie","og_url":"https:\/\/pans.krosno.pl\/sjo\/dydaktyka\/","og_site_name":"Studium J\u0119zyk\u00f3w Obcych PANS w Kro\u015bnie","article_modified_time":"2023-10-13T10:31:46+00:00","twitter_card":"summary_large_image","twitter_misc":{"Szacowany czas czytania":"5 minut"},"schema":{"@context":"https:\/\/schema.org","@graph":[{"@type":"WebPage","@id":"https:\/\/pans.krosno.pl\/sjo\/dydaktyka\/","url":"https:\/\/pans.krosno.pl\/sjo\/dydaktyka\/","name":"Dydaktyka - Studium J\u0119zyk\u00f3w Obcych PANS w Kro\u015bnie","isPartOf":{"@id":"https:\/\/pans.krosno.pl\/sjo\/#website"},"datePublished":"2020-03-06T09:19:26+00:00","dateModified":"2023-10-13T10:31:46+00:00","description":"KPU w Kro\u015bnie","breadcrumb":{"@id":"https:\/\/pans.krosno.pl\/sjo\/dydaktyka\/#breadcrumb"},"inLanguage":"pl-PL","potentialAction":[{"@type":"ReadAction","target":["https:\/\/pans.krosno.pl\/sjo\/dydaktyka\/"]}]},{"@type":"BreadcrumbList","@id":"https:\/\/pans.krosno.pl\/sjo\/dydaktyka\/#breadcrumb","itemListElement":[{"@type":"ListItem","position":1,"name":"Strona g\u0142\u00f3wna","item":"https:\/\/pans.krosno.pl\/sjo\/"},{"@type":"ListItem","position":2,"name":"Dydaktyka"}]},{"@type":"WebSite","@id":"https:\/\/pans.krosno.pl\/sjo\/#website","url":"https:\/\/pans.krosno.pl\/sjo\/","name":"Studium J\u0119zyk\u00f3w Obcych PANS w Kro\u015bnie","description":"Studium J\u0119zyk\u00f3w Obcych  - Pa\u0144stwowa Akademia Nauk Stosowanych","publisher":{"@id":"https:\/\/pans.krosno.pl\/sjo\/#organization"},"potentialAction":[{"@type":"SearchAction","target":{"@type":"EntryPoint","urlTemplate":"https:\/\/pans.krosno.pl\/sjo\/?s={search_term_string}"},"query-input":{"@type":"PropertyValueSpecification","valueRequired":true,"valueName":"search_term_string"}}],"inLanguage":"pl-PL"},{"@type":"Organization","@id":"https:\/\/pans.krosno.pl\/sjo\/#organization","name":"Studium J\u0119zyk\u00f3w Obcych PANS w Kro\u015bnie","url":"https:\/\/pans.krosno.pl\/sjo\/","logo":{"@type":"ImageObject","inLanguage":"pl-PL","@id":"https:\/\/pans.krosno.pl\/sjo\/#\/schema\/logo\/image\/","url":"https:\/\/pans.krosno.pl\/sjo\/wp-content\/uploads\/sites\/25\/2023\/01\/Logo-PANS-2022-pelne.png","contentUrl":"https:\/\/pans.krosno.pl\/sjo\/wp-content\/uploads\/sites\/25\/2023\/01\/Logo-PANS-2022-pelne.png","width":3096,"height":696,"caption":"Studium J\u0119zyk\u00f3w Obcych PANS w Kro\u015bnie"},"image":{"@id":"https:\/\/pans.krosno.pl\/sjo\/#\/schema\/logo\/image\/"}}]}},"_links":{"self":[{"href":"https:\/\/pans.krosno.pl\/sjo\/wp-json\/wp\/v2\/pages\/71","targetHints":{"allow":["GET"]}}],"collection":[{"href":"https:\/\/pans.krosno.pl\/sjo\/wp-json\/wp\/v2\/pages"}],"about":[{"href":"https:\/\/pans.krosno.pl\/sjo\/wp-json\/wp\/v2\/types\/page"}],"author":[{"embeddable":true,"href":"https:\/\/pans.krosno.pl\/sjo\/wp-json\/wp\/v2\/users\/27"}],"replies":[{"embeddable":true,"href":"https:\/\/pans.krosno.pl\/sjo\/wp-json\/wp\/v2\/comments?post=71"}],"version-history":[{"count":14,"href":"https:\/\/pans.krosno.pl\/sjo\/wp-json\/wp\/v2\/pages\/71\/revisions"}],"predecessor-version":[{"id":2138,"href":"https:\/\/pans.krosno.pl\/sjo\/wp-json\/wp\/v2\/pages\/71\/revisions\/2138"}],"wp:attachment":[{"href":"https:\/\/pans.krosno.pl\/sjo\/wp-json\/wp\/v2\/media?parent=71"}],"curies":[{"name":"wp","href":"https:\/\/api.w.org\/{rel}","templated":true}]}}