{"id":55,"date":"2020-03-06T10:10:24","date_gmt":"2020-03-06T09:10:24","guid":{"rendered":"https:\/\/pans.krosno.pl\/sjo\/?page_id=55"},"modified":"2025-10-17T14:50:55","modified_gmt":"2025-10-17T12:50:55","slug":"studium-jezykow-obcych-pans-w-krosnie","status":"publish","type":"page","link":"https:\/\/pans.krosno.pl\/sjo\/","title":{"rendered":"Strona g\u0142\u00f3wna"},"content":{"rendered":"\n<div class=\"wp-block-columns is-layout-flex wp-container-core-columns-is-layout-28f84493 wp-block-columns-is-layout-flex\">\n<div class=\"wp-block-column is-layout-flow wp-block-column-is-layout-flow\" style=\"flex-basis:33.33%\"><div id=\"mega-menu-wrap-max_mega_menu_1\" class=\"mega-menu-wrap\"><div class=\"mega-menu-toggle\"><div class=\"mega-toggle-blocks-left\"><\/div><div class=\"mega-toggle-blocks-center\"><\/div><div class=\"mega-toggle-blocks-right\"><div class='mega-toggle-block mega-menu-toggle-animated-block mega-toggle-block-0' id='mega-toggle-block-0'><button aria-label=\"Toggle Menu\" class=\"mega-toggle-animated mega-toggle-animated-slider\" type=\"button\" aria-haspopup=\"true\" aria-expanded=\"false\" aria-controls=\"mega-menu-max_mega_menu_1\">\n                  <span class=\"mega-toggle-animated-box\">\n                    <span class=\"mega-toggle-animated-inner\"><\/span>\n                  <\/span>\n                <\/button><\/div><\/div><\/div><ul id=\"mega-menu-max_mega_menu_1\" class=\"mega-menu max-mega-menu mega-menu-accordion mega-no-js\" data-event=\"hover_intent\" data-effect=\"fade_up\" data-effect-speed=\"200\" data-effect-mobile=\"slide_right\" data-effect-speed-mobile=\"200\" data-mobile-force-width=\"false\" data-second-click=\"go\" data-document-click=\"disabled\" data-vertical-behaviour=\"standard\" data-breakpoint=\"600\" data-unbind=\"true\" data-mobile-state=\"collapse_all\" data-mobile-direction=\"vertical\" data-hover-intent-timeout=\"300\" data-hover-intent-interval=\"100\" data-overlay-desktop=\"false\" data-overlay-mobile=\"false\"><li class=\"mega-menu-item mega-menu-item-type-post_type mega-menu-item-object-page mega-align-bottom-left mega-menu-flyout mega-menu-item-2665\" id=\"mega-menu-item-2665\"><a class=\"mega-menu-link\" href=\"https:\/\/pans.krosno.pl\/sjo\/aktulanosci\/\">Aktualno\u015bci<\/a><\/li><li class=\"mega-menu-item mega-menu-item-type-post_type mega-menu-item-object-page mega-align-bottom-left mega-menu-flyout mega-menu-item-2671\" id=\"mega-menu-item-2671\"><a class=\"mega-menu-link\" href=\"https:\/\/pans.krosno.pl\/sjo\/dla-studenta\/\">Dla Studenta<\/a><\/li><li class=\"mega-menu-item mega-menu-item-type-post_type mega-menu-item-object-page mega-align-bottom-left mega-menu-flyout mega-menu-item-2666\" id=\"mega-menu-item-2666\"><a class=\"mega-menu-link\" href=\"https:\/\/pans.krosno.pl\/sjo\/lektorzy\/\">Lektorzy<\/a><\/li><li class=\"mega-menu-item mega-menu-item-type-custom mega-menu-item-object-custom mega-align-bottom-left mega-menu-flyout mega-menu-item-2672\" id=\"mega-menu-item-2672\"><a class=\"mega-menu-link\" href=\"https:\/\/pans.krosno.pl\/woebc\/\">Wewn\u0119trzny O\u015brodek Egzaminacyjny British Council<\/a><\/li><li class=\"mega-menu-item mega-menu-item-type-post_type mega-menu-item-object-page mega-align-bottom-left mega-menu-flyout mega-menu-item-2667\" id=\"mega-menu-item-2667\"><a class=\"mega-menu-link\" href=\"https:\/\/pans.krosno.pl\/sjo\/galeria\/\">Galeria<\/a><\/li><li class=\"mega-menu-item mega-menu-item-type-post_type mega-menu-item-object-page mega-align-bottom-left mega-menu-flyout mega-menu-item-2668\" id=\"mega-menu-item-2668\"><a class=\"mega-menu-link\" href=\"https:\/\/pans.krosno.pl\/sjo\/kontakt\/\">Kontakt<\/a><\/li><\/ul><button aria-controls=\"mega-menu-max_mega_menu_1\" aria-label=\"Close\" class='mega-close'><\/button><\/div><\/div>\n\n\n\n<div class=\"wp-block-column is-layout-flow wp-block-column-is-layout-flow\" style=\"flex-basis:66.66%\"><ul class=\"wp-block-latest-posts__list has-dates wp-block-latest-posts\"><li><div class=\"wp-block-latest-posts__featured-image alignleft\"><img loading=\"lazy\" decoding=\"async\" width=\"150\" height=\"150\" src=\"https:\/\/pans.krosno.pl\/sjo\/wp-content\/uploads\/sites\/25\/2026\/04\/9131f349-e1fa-49c7-bae1-e52d2738a9ad-724x1024-1-150x150.jpg\" class=\"attachment-thumbnail size-thumbnail wp-post-image\" alt=\"\" style=\"max-width:150px;max-height:150px;\" srcset=\"https:\/\/pans.krosno.pl\/sjo\/wp-content\/uploads\/sites\/25\/2026\/04\/9131f349-e1fa-49c7-bae1-e52d2738a9ad-724x1024-1-150x150.jpg 150w, https:\/\/pans.krosno.pl\/sjo\/wp-content\/uploads\/sites\/25\/2026\/04\/9131f349-e1fa-49c7-bae1-e52d2738a9ad-724x1024-1-80x80.jpg 80w\" sizes=\"auto, (max-width: 150px) 100vw, 150px\" \/><\/div><a class=\"wp-block-latest-posts__post-title\" href=\"https:\/\/pans.krosno.pl\/sjo\/zeszyt-84-intense-travelling-integrated-english-skills-for-tourism-and-recreation\/\">Zeszyt 84. \u201eInTense Travelling. Integrated English Skills for Tourism and Recreation\u201d<\/a><time datetime=\"2026-04-10T22:11:04+02:00\" class=\"wp-block-latest-posts__post-date\">10 kwietnia 2026<\/time><div class=\"wp-block-latest-posts__post-excerpt\">Mi\u0142o nam poinformowa\u0107, \u017ce ukaza\u0142 si\u0119 skrypt opracowany przez lektor\u00f3w Studium J\u0119zyk\u00f3w Obcych: mgr Katarzyn\u0119 Albrycht-B\u0142ahut, mgr Sylwi\u0119 Bro\u0144sk\u0105-Putzig oraz mgr Mart\u0119 Maksym. Publikacja \u201eInTense Travelling. Integrated English Skills for Tourism and Recreation\u201d wpisuje si\u0119 w cykl prac naukowo-dydaktycznych PANS w Kro\u015bnie i zosta\u0142a przygotowana z my\u015bl\u0105 o studentach kierunku Turystyka i Rekreacja, a tak\u017ce [\u2026] <div class=\"clear\"><\/div><a class=\"more_link clearfix\" href=\"https:\/\/pans.krosno.pl\/sjo\/zeszyt-84-intense-travelling-integrated-english-skills-for-tourism-and-recreation\/\" rel=\"nofollow\">Read More<\/a><\/div><\/li>\n<li><div class=\"wp-block-latest-posts__featured-image alignleft\"><img loading=\"lazy\" decoding=\"async\" width=\"150\" height=\"150\" src=\"https:\/\/pans.krosno.pl\/sjo\/wp-content\/uploads\/sites\/25\/2026\/04\/Kolaz-Academia-Stars-2026-2-1-1024x576-1-150x150.jpg\" class=\"attachment-thumbnail size-thumbnail wp-post-image\" alt=\"\" style=\"max-width:150px;max-height:150px;\" srcset=\"https:\/\/pans.krosno.pl\/sjo\/wp-content\/uploads\/sites\/25\/2026\/04\/Kolaz-Academia-Stars-2026-2-1-1024x576-1-150x150.jpg 150w, https:\/\/pans.krosno.pl\/sjo\/wp-content\/uploads\/sites\/25\/2026\/04\/Kolaz-Academia-Stars-2026-2-1-1024x576-1-80x80.jpg 80w\" sizes=\"auto, (max-width: 150px) 100vw, 150px\" \/><\/div><a class=\"wp-block-latest-posts__post-title\" href=\"https:\/\/pans.krosno.pl\/sjo\/siodmy-numer-magazynu-jezykowego-academia-stars\/\">Si\u00f3dmy numer magazynu j\u0119zykowego Academia Stars<\/a><time datetime=\"2026-04-10T22:09:10+02:00\" class=\"wp-block-latest-posts__post-date\">10 kwietnia 2026<\/time><div class=\"wp-block-latest-posts__post-excerpt\">Z rado\u015bci\u0105 informujemy, \u017ce ukaza\u0142 si\u0119 si\u00f3dmy numer magazynu j\u0119zykowego Academia Stars, tworzonego przez lektor\u00f3w Studium J\u0119zyk\u00f3w Obcych z my\u015bl\u0105 o ucz\u0105cych si\u0119 j\u0119zyk\u00f3w obcych: angielskiego, niemieckiego i hiszpa\u0144skiego na r\u00f3\u017cnym poziomie zaawansowania. To wydanie jest wyj\u0105tkowe nie tylko ze wzgl\u0119du na numer \u2013 bo jak wiadomo si\u00f3demka to szcz\u0119\u015bliwa liczba, ale przede wszystkim dlatego, [\u2026] <div class=\"clear\"><\/div><a class=\"more_link clearfix\" href=\"https:\/\/pans.krosno.pl\/sjo\/siodmy-numer-magazynu-jezykowego-academia-stars\/\" rel=\"nofollow\">Read More<\/a><\/div><\/li>\n<li><div class=\"wp-block-latest-posts__featured-image alignleft\"><img loading=\"lazy\" decoding=\"async\" width=\"150\" height=\"150\" src=\"https:\/\/pans.krosno.pl\/sjo\/wp-content\/uploads\/sites\/25\/2026\/04\/DSCF0780-1024x683-1-150x150.jpg\" class=\"attachment-thumbnail size-thumbnail wp-post-image\" alt=\"\" style=\"max-width:150px;max-height:150px;\" srcset=\"https:\/\/pans.krosno.pl\/sjo\/wp-content\/uploads\/sites\/25\/2026\/04\/DSCF0780-1024x683-1-150x150.jpg 150w, https:\/\/pans.krosno.pl\/sjo\/wp-content\/uploads\/sites\/25\/2026\/04\/DSCF0780-1024x683-1-80x80.jpg 80w\" sizes=\"auto, (max-width: 150px) 100vw, 150px\" \/><\/div><a class=\"wp-block-latest-posts__post-title\" href=\"https:\/\/pans.krosno.pl\/sjo\/uczniowie-ze-szkol-z-krosna-brzozowa-i-jasla-w-najlepszej-trojce-konkursu-jezyka-angielskiego\/\">Uczniowie ze szk\u00f3\u0142 z Krosna, Brzozowa i Jas\u0142a w najlepszej tr\u00f3jce Konkursu J\u0119zyka Angielskiego<\/a><time datetime=\"2026-04-01T13:09:22+02:00\" class=\"wp-block-latest-posts__post-date\">1 kwietnia 2026<\/time><div class=\"wp-block-latest-posts__post-excerpt\">\u00a0\u00a0\u00a0\u00a0\u00a0\u00a0\u00a0\u00a0\u00a0\u00a0\u00a0\u00a0 27 marca 2026 Studium J\u0119zyk\u00f3w Obcych zorganizowa\u0142o ju\u017c po raz XVI Konkurs J\u0119zyka Angielskiego dla uczni\u00f3w szk\u00f3\u0142 ponadpodstawowych. 52 uczni\u00f3w reprezentuj\u0105cych 27 szk\u00f3\u0142 z naszego regionu zmierzy\u0142o si\u0119 z testem pisemnym na poziomie B2\/C1. Fina\u0142owa dziesi\u0105tka, z kolei, musia\u0142a dodatkowo pokaza\u0107 si\u0119 z najlepszej strony pisz\u0105c artyku\u0142 i wypowiadaj\u0105c si\u0119 na zadane tematy w [\u2026] <div class=\"clear\"><\/div><a class=\"more_link clearfix\" href=\"https:\/\/pans.krosno.pl\/sjo\/uczniowie-ze-szkol-z-krosna-brzozowa-i-jasla-w-najlepszej-trojce-konkursu-jezyka-angielskiego\/\" rel=\"nofollow\">Read More<\/a><\/div><\/li>\n<li><div class=\"wp-block-latest-posts__featured-image alignleft\"><img loading=\"lazy\" decoding=\"async\" width=\"150\" height=\"150\" src=\"https:\/\/pans.krosno.pl\/sjo\/wp-content\/uploads\/sites\/25\/2026\/03\/DSCF0439-150x150.jpg\" class=\"attachment-thumbnail size-thumbnail wp-post-image\" alt=\"\" style=\"max-width:150px;max-height:150px;\" srcset=\"https:\/\/pans.krosno.pl\/sjo\/wp-content\/uploads\/sites\/25\/2026\/03\/DSCF0439-150x150.jpg 150w, https:\/\/pans.krosno.pl\/sjo\/wp-content\/uploads\/sites\/25\/2026\/03\/DSCF0439-scaled-80x80.jpg 80w\" sizes=\"auto, (max-width: 150px) 100vw, 150px\" \/><\/div><a class=\"wp-block-latest-posts__post-title\" href=\"https:\/\/pans.krosno.pl\/sjo\/konferencja-english-today-podsumowanie-wydarzenia\/\">Konferencja English Today \u2013 podsumowanie wydarzenia<\/a><time datetime=\"2026-03-31T12:12:32+02:00\" class=\"wp-block-latest-posts__post-date\">31 marca 2026<\/time><div class=\"wp-block-latest-posts__post-excerpt\">&nbsp; 27 marca w Pa\u0144stwowej Akademii Nauk Stosowanych w Kro\u015bnie odby\u0142a si\u0119 2. edycja konferencji English Today: challenges and innovations, kt\u00f3r\u0105 Studium J\u0119zyk\u00f3w Obcych po raz kolejny zorganizowa\u0142o we wsp\u00f3\u0142pracy z British Council Poland &#8211; partnerem Uczelni w zakresie mi\u0119dzynarodowych standard\u00f3w kszta\u0142cenia i egzaminowania. W ramach tego wydarzenia odby\u0142y si\u0119 warsztaty j\u0119zykowe dla uczni\u00f3w Kro\u015bnie\u0144skiego [\u2026] <div class=\"clear\"><\/div><a class=\"more_link clearfix\" href=\"https:\/\/pans.krosno.pl\/sjo\/konferencja-english-today-podsumowanie-wydarzenia\/\" rel=\"nofollow\">Read More<\/a><\/div><\/li>\n<\/ul><\/div>\n<\/div>\n","protected":false},"excerpt":{"rendered":"","protected":false},"author":27,"featured_media":0,"parent":0,"menu_order":0,"comment_status":"closed","ping_status":"closed","template":"page-templates\/template-home-widgetized.php","meta":{"ngg_post_thumbnail":0,"footnotes":""},"class_list":["post-55","page","type-page","status-publish","hentry"],"yoast_head":"<!-- This site is optimized with the Yoast SEO Premium plugin v27.4 (Yoast SEO v27.4) - https:\/\/yoast.com\/product\/yoast-seo-premium-wordpress\/ -->\n<title>Studium J\u0119zyk\u00f3w Obcych | PANS w Kro\u015bnie<\/title>\n<meta name=\"description\" content=\"Rozwijaj swoje umiej\u0119tno\u015bci j\u0119zykowe w PANS Krosno! \u27a4 Profesjonalni lektorzy, nowoczesne metody nauczania i szeroka oferta kszta\u0142cenia. Sprawd\u017a!\" \/>\n<meta name=\"robots\" content=\"index, follow, max-snippet:-1, max-image-preview:large, max-video-preview:-1\" \/>\n<link rel=\"canonical\" href=\"https:\/\/pans.krosno.pl\/sjo\/\" \/>\n<meta property=\"og:locale\" content=\"pl_PL\" \/>\n<meta property=\"og:type\" content=\"article\" \/>\n<meta property=\"og:title\" content=\"Strona g\u0142\u00f3wna\" \/>\n<meta property=\"og:description\" content=\"Rozwijaj swoje umiej\u0119tno\u015bci j\u0119zykowe w PANS Krosno! \u27a4 Profesjonalni lektorzy, nowoczesne metody nauczania i szeroka oferta kszta\u0142cenia. Sprawd\u017a!\" \/>\n<meta property=\"og:url\" content=\"https:\/\/pans.krosno.pl\/sjo\/\" \/>\n<meta property=\"og:site_name\" content=\"Studium J\u0119zyk\u00f3w Obcych PANS w Kro\u015bnie\" \/>\n<meta property=\"article:modified_time\" content=\"2025-10-17T12:50:55+00:00\" \/>\n<meta name=\"twitter:card\" content=\"summary_large_image\" \/>\n<script type=\"application\/ld+json\" class=\"yoast-schema-graph\">{\"@context\":\"https:\\\/\\\/schema.org\",\"@graph\":[{\"@type\":\"WebPage\",\"@id\":\"https:\\\/\\\/pans.krosno.pl\\\/sjo\\\/\",\"url\":\"https:\\\/\\\/pans.krosno.pl\\\/sjo\\\/\",\"name\":\"Studium J\u0119zyk\u00f3w Obcych | PANS w Kro\u015bnie\",\"isPartOf\":{\"@id\":\"https:\\\/\\\/pans.krosno.pl\\\/sjo\\\/#website\"},\"datePublished\":\"2020-03-06T09:10:24+00:00\",\"dateModified\":\"2025-10-17T12:50:55+00:00\",\"description\":\"Rozwijaj swoje umiej\u0119tno\u015bci j\u0119zykowe w PANS Krosno! \u27a4 Profesjonalni lektorzy, nowoczesne metody nauczania i szeroka oferta kszta\u0142cenia. Sprawd\u017a!\",\"breadcrumb\":{\"@id\":\"https:\\\/\\\/pans.krosno.pl\\\/sjo\\\/#breadcrumb\"},\"inLanguage\":\"pl-PL\",\"potentialAction\":[{\"@type\":\"ReadAction\",\"target\":[\"https:\\\/\\\/pans.krosno.pl\\\/sjo\\\/\"]}]},{\"@type\":\"BreadcrumbList\",\"@id\":\"https:\\\/\\\/pans.krosno.pl\\\/sjo\\\/#breadcrumb\",\"itemListElement\":[{\"@type\":\"ListItem\",\"position\":1,\"name\":\"Strona g\u0142\u00f3wna\",\"item\":\"https:\\\/\\\/pans.krosno.pl\\\/sjo\\\/\"},{\"@type\":\"ListItem\",\"position\":2,\"name\":\"Strona g\u0142\u00f3wna\"}]},{\"@type\":\"WebSite\",\"@id\":\"https:\\\/\\\/pans.krosno.pl\\\/sjo\\\/#website\",\"url\":\"https:\\\/\\\/pans.krosno.pl\\\/sjo\\\/\",\"name\":\"Studium J\u0119zyk\u00f3w Obcych PANS w Kro\u015bnie\",\"description\":\"Studium J\u0119zyk\u00f3w Obcych  - Pa\u0144stwowa Akademia Nauk Stosowanych\",\"publisher\":{\"@id\":\"https:\\\/\\\/pans.krosno.pl\\\/sjo\\\/#organization\"},\"potentialAction\":[{\"@type\":\"SearchAction\",\"target\":{\"@type\":\"EntryPoint\",\"urlTemplate\":\"https:\\\/\\\/pans.krosno.pl\\\/sjo\\\/?s={search_term_string}\"},\"query-input\":{\"@type\":\"PropertyValueSpecification\",\"valueRequired\":true,\"valueName\":\"search_term_string\"}}],\"inLanguage\":\"pl-PL\"},{\"@type\":\"Organization\",\"@id\":\"https:\\\/\\\/pans.krosno.pl\\\/sjo\\\/#organization\",\"name\":\"Studium J\u0119zyk\u00f3w Obcych PANS w Kro\u015bnie\",\"url\":\"https:\\\/\\\/pans.krosno.pl\\\/sjo\\\/\",\"logo\":{\"@type\":\"ImageObject\",\"inLanguage\":\"pl-PL\",\"@id\":\"https:\\\/\\\/pans.krosno.pl\\\/sjo\\\/#\\\/schema\\\/logo\\\/image\\\/\",\"url\":\"https:\\\/\\\/pans.krosno.pl\\\/sjo\\\/wp-content\\\/uploads\\\/sites\\\/25\\\/2023\\\/01\\\/Logo-PANS-2022-pelne.png\",\"contentUrl\":\"https:\\\/\\\/pans.krosno.pl\\\/sjo\\\/wp-content\\\/uploads\\\/sites\\\/25\\\/2023\\\/01\\\/Logo-PANS-2022-pelne.png\",\"width\":3096,\"height\":696,\"caption\":\"Studium J\u0119zyk\u00f3w Obcych PANS w Kro\u015bnie\"},\"image\":{\"@id\":\"https:\\\/\\\/pans.krosno.pl\\\/sjo\\\/#\\\/schema\\\/logo\\\/image\\\/\"}}]}<\/script>\n<!-- \/ Yoast SEO Premium plugin. -->","yoast_head_json":{"title":"Studium J\u0119zyk\u00f3w Obcych | PANS w Kro\u015bnie","description":"Rozwijaj swoje umiej\u0119tno\u015bci j\u0119zykowe w PANS Krosno! \u27a4 Profesjonalni lektorzy, nowoczesne metody nauczania i szeroka oferta kszta\u0142cenia. Sprawd\u017a!","robots":{"index":"index","follow":"follow","max-snippet":"max-snippet:-1","max-image-preview":"max-image-preview:large","max-video-preview":"max-video-preview:-1"},"canonical":"https:\/\/pans.krosno.pl\/sjo\/","og_locale":"pl_PL","og_type":"article","og_title":"Strona g\u0142\u00f3wna","og_description":"Rozwijaj swoje umiej\u0119tno\u015bci j\u0119zykowe w PANS Krosno! \u27a4 Profesjonalni lektorzy, nowoczesne metody nauczania i szeroka oferta kszta\u0142cenia. Sprawd\u017a!","og_url":"https:\/\/pans.krosno.pl\/sjo\/","og_site_name":"Studium J\u0119zyk\u00f3w Obcych PANS w Kro\u015bnie","article_modified_time":"2025-10-17T12:50:55+00:00","twitter_card":"summary_large_image","schema":{"@context":"https:\/\/schema.org","@graph":[{"@type":"WebPage","@id":"https:\/\/pans.krosno.pl\/sjo\/","url":"https:\/\/pans.krosno.pl\/sjo\/","name":"Studium J\u0119zyk\u00f3w Obcych | PANS w Kro\u015bnie","isPartOf":{"@id":"https:\/\/pans.krosno.pl\/sjo\/#website"},"datePublished":"2020-03-06T09:10:24+00:00","dateModified":"2025-10-17T12:50:55+00:00","description":"Rozwijaj swoje umiej\u0119tno\u015bci j\u0119zykowe w PANS Krosno! \u27a4 Profesjonalni lektorzy, nowoczesne metody nauczania i szeroka oferta kszta\u0142cenia. Sprawd\u017a!","breadcrumb":{"@id":"https:\/\/pans.krosno.pl\/sjo\/#breadcrumb"},"inLanguage":"pl-PL","potentialAction":[{"@type":"ReadAction","target":["https:\/\/pans.krosno.pl\/sjo\/"]}]},{"@type":"BreadcrumbList","@id":"https:\/\/pans.krosno.pl\/sjo\/#breadcrumb","itemListElement":[{"@type":"ListItem","position":1,"name":"Strona g\u0142\u00f3wna","item":"https:\/\/pans.krosno.pl\/sjo\/"},{"@type":"ListItem","position":2,"name":"Strona g\u0142\u00f3wna"}]},{"@type":"WebSite","@id":"https:\/\/pans.krosno.pl\/sjo\/#website","url":"https:\/\/pans.krosno.pl\/sjo\/","name":"Studium J\u0119zyk\u00f3w Obcych PANS w Kro\u015bnie","description":"Studium J\u0119zyk\u00f3w Obcych  - Pa\u0144stwowa Akademia Nauk Stosowanych","publisher":{"@id":"https:\/\/pans.krosno.pl\/sjo\/#organization"},"potentialAction":[{"@type":"SearchAction","target":{"@type":"EntryPoint","urlTemplate":"https:\/\/pans.krosno.pl\/sjo\/?s={search_term_string}"},"query-input":{"@type":"PropertyValueSpecification","valueRequired":true,"valueName":"search_term_string"}}],"inLanguage":"pl-PL"},{"@type":"Organization","@id":"https:\/\/pans.krosno.pl\/sjo\/#organization","name":"Studium J\u0119zyk\u00f3w Obcych PANS w Kro\u015bnie","url":"https:\/\/pans.krosno.pl\/sjo\/","logo":{"@type":"ImageObject","inLanguage":"pl-PL","@id":"https:\/\/pans.krosno.pl\/sjo\/#\/schema\/logo\/image\/","url":"https:\/\/pans.krosno.pl\/sjo\/wp-content\/uploads\/sites\/25\/2023\/01\/Logo-PANS-2022-pelne.png","contentUrl":"https:\/\/pans.krosno.pl\/sjo\/wp-content\/uploads\/sites\/25\/2023\/01\/Logo-PANS-2022-pelne.png","width":3096,"height":696,"caption":"Studium J\u0119zyk\u00f3w Obcych PANS w Kro\u015bnie"},"image":{"@id":"https:\/\/pans.krosno.pl\/sjo\/#\/schema\/logo\/image\/"}}]}},"_links":{"self":[{"href":"https:\/\/pans.krosno.pl\/sjo\/wp-json\/wp\/v2\/pages\/55","targetHints":{"allow":["GET"]}}],"collection":[{"href":"https:\/\/pans.krosno.pl\/sjo\/wp-json\/wp\/v2\/pages"}],"about":[{"href":"https:\/\/pans.krosno.pl\/sjo\/wp-json\/wp\/v2\/types\/page"}],"author":[{"embeddable":true,"href":"https:\/\/pans.krosno.pl\/sjo\/wp-json\/wp\/v2\/users\/27"}],"replies":[{"embeddable":true,"href":"https:\/\/pans.krosno.pl\/sjo\/wp-json\/wp\/v2\/comments?post=55"}],"version-history":[{"count":3,"href":"https:\/\/pans.krosno.pl\/sjo\/wp-json\/wp\/v2\/pages\/55\/revisions"}],"predecessor-version":[{"id":2675,"href":"https:\/\/pans.krosno.pl\/sjo\/wp-json\/wp\/v2\/pages\/55\/revisions\/2675"}],"wp:attachment":[{"href":"https:\/\/pans.krosno.pl\/sjo\/wp-json\/wp\/v2\/media?parent=55"}],"curies":[{"name":"wp","href":"https:\/\/api.w.org\/{rel}","templated":true}]}}