{"id":53,"date":"2020-03-06T10:09:48","date_gmt":"2020-03-06T09:09:48","guid":{"rendered":"https:\/\/pans.krosno.pl\/sjo\/?page_id=53"},"modified":"2025-11-08T22:45:50","modified_gmt":"2025-11-08T21:45:50","slug":"charakterystyka-studium","status":"publish","type":"page","link":"https:\/\/pans.krosno.pl\/sjo\/charakterystyka-studium\/","title":{"rendered":"O Studium"},"content":{"rendered":"<ul>\n<li>Adres: <strong>ul Kazimierza Wielkiego 8, p. 23,&nbsp; Krosno<\/strong><\/li>\n<li>tel.13 437 5555&nbsp; &nbsp;505 668 132&nbsp;<\/li>\n<li>email:&nbsp;<a href=\"mailto:sjo@pans.krosno.pl\">sjo@pans.krosno.pl<\/a><\/li>\n<li>FB&nbsp;&nbsp;<a href=\"https:\/\/www.facebook.com\/profile.php?id=61569014722447\">Studium J\u0119zyk\u00f3w Obcych PANS w Kro\u015bnie<\/a><\/li>\n<li>Instagram&nbsp; &nbsp;<a href=\"https:\/\/www.instagram.com\/sjo_pans\/\">@sjo_pans<\/a><\/li>\n<\/ul>\n<p>&nbsp;<\/p>\n<p>W roku akademickim 2025\/2026 Studium J\u0119zyk\u00f3w Obcych prowadzi lektoraty j\u0119zyka angielskiego i niemieckiego w 65 grupach \u0107wiczeniowych i warsztatowych dla student\u00f3w 15 kierunk\u00f3w kszta\u0142cenia w ofercie Pa\u0144stwowej Akademii Nauk Stosowanych w Kro\u015bnie. Opr\u00f3cz zaj\u0119\u0107 z j\u0119zyka angielskiego og\u00f3lnego, lektorzy SJO realizuj\u0105 kursy j\u0119zyk\u00f3w specjalistycznych, w tym angielskiego w medycynie, biznesie, turystyce oraz w marketingu internetowym.&nbsp; <a href=\"https:\/\/pans.krosno.pl\/sjo\/charakterystyka-studium\/\">Czytaj wi\u0119cej<\/a><\/p>\n<p><!--more--><\/p>\n<footer class=\"entry-footer\"><\/footer>\n<p>W roku akademickim 2025\/2026 Studium J\u0119zyk\u00f3w Obcych prowadzi lektoraty j\u0119zyka angielskiego i niemieckiego w 65 grupach \u0107wiczeniowych i warsztatowych dla student\u00f3w 15 kierunk\u00f3w kszta\u0142cenia w ofercie Pa\u0144stwowej Akademii Nauk Stosowanych w Kro\u015bnie. Opr\u00f3cz zaj\u0119\u0107 z j\u0119zyka angielskiego og\u00f3lnego, lektorzy SJO realizuj\u0105 kursy j\u0119zyk\u00f3w specjalistycznych, w tym angielskiego w medycynie, biznesie, turystyce oraz w marketingu internetowym. Zaj\u0119cia j\u0119zykowe w SJO prowadzone s\u0105 przez do\u015bwiadczonych lektor\u00f3w metod\u0105 komunikatywn\u0105, z naciskiem na harmonijny rozw\u00f3j wszystkich sprawno\u015bci ucz\u0105cych si\u0119, w oparciu o najnowsze narz\u0119dzia i rozwi\u0105zania dydaktyczne tak, aby wzmocni\u0107 w naszych studentach swobod\u0119 pos\u0142ugiwania si\u0119 j\u0119zykiem obcym w rozmaitych sytuacjach \u017cyciowych i zawodowych. Pracownicy Studium J\u0119zyk\u00f3w Obcych to r\u00f3wnie\u017c wykwalifikowani egzaminatorzy Cambridge English Assessment, kt\u00f3rzy w ramach lektoratu przygotowuj\u0105 student\u00f3w do presti\u017cowych mi\u0119dzynarodowych egzamin\u00f3w z j\u0119zyka angielskiego, tak aby absolwenci studi\u00f3w mogli poszczyci\u0107 si\u0119 atrakcyjnym atutem w ich zawodowym portfolio w postaci dyplomu Cambridge English Assessment.<\/p>\n<p>W obecnym roku akademickim Studium J\u0119zyk\u00f3w Obcych zaprasza student\u00f3w PANS w Kro\u015bnie na bezp\u0142atne, pr\u00f3bne egzaminy Cambridge English Assessment, tzw. Pretestings (listopad), na konkurs j\u0119zyka angielskiego dla student\u00f3w naszej uczelni, w kt\u00f3rym na laureat\u00f3w czekaj\u0105 zawsze warto\u015bciowe nagrody (kwiecie\u0144) oraz do wsp\u00f3\u0142pracy w szeroko rozumianej dydaktyce nauczania j\u0119zyk\u00f3w obcych (tj. do wsp\u00f3lnych publikacji, promocyjnych event\u00f3w, angloj\u0119zycznej grupy teatralnej oraz na praktyki pedagogiczne i marketingowe). Drodzy Studenci! Jeste\u015bmy dla Was, rozwijamy si\u0119 dla Was oraz inspirujemy Waszymi oczekiwaniami i potrzebami.<\/p>\n<p>ul Kazimierza Wielkiego 8, pok\u00f3j 23,&nbsp;38-400 Krosno<\/p>\n<p>Tel. 13 437 5555&nbsp; &nbsp; &nbsp;Tel. 505 668 132<br>email: sjo@pans.krosno.pl<\/p>\n<section class=\"entry-body\">\n<div class=\"entry-content\">\n<p>&nbsp;<\/p>\n<\/div>\n<\/section>\n\n\n<li>13 437 5555&nbsp; &nbsp;<\/li>\n\n\n\n<li>505 668 132&nbsp;<\/li>\n\n\n\n<li>email: <a href=\"mailto:sjo@pans.krosno.pl\">sjo@pans.krosno.pl<\/a><\/li>\n\n\n\n<li>FB&nbsp; <a href=\"https:\/\/www.facebook.com\/profile.php?id=61569014722447\">Studium J\u0119zyk\u00f3w Obcych PANS w Kro\u015bnie<\/a><\/li>\n\n\n\n<li>Instagram&nbsp; &nbsp;<a href=\"https:\/\/www.instagram.com\/sjo_pans\/\">@sjo_pans<\/a><\/li>\n\n\n<p><!-- \/wp:post-content --><!-- wp:post-content --><\/p>\n<section class=\"entry-body\">\n<div class=\"entry-content\">\n<p><!-- wp:list --><\/p>\n<ul class=\"wp-block-list\">\n<li style=\"list-style-type: none\">\n<ul class=\"wp-block-list\"><!-- wp:list-item --><\/p>\n<li>13 437 5555&nbsp; &nbsp;<\/li>\n<\/ul>\n<\/li>\n<\/ul>\n<p><!-- \/wp:list-item --> <!-- wp:list-item --><\/p>\n<ul class=\"wp-block-list\">\n<li style=\"list-style-type: none\">\n<ul class=\"wp-block-list\">\n<li>505 668 132&nbsp;<\/li>\n<\/ul>\n<\/li>\n<\/ul>\n<p><!-- \/wp:list-item --> <!-- wp:list-item --><\/p>\n<ul class=\"wp-block-list\">\n<li style=\"list-style-type: none\">\n<ul class=\"wp-block-list\">\n<li>email: <a href=\"mailto:sjo@pans.krosno.pl\">sjo@pans.krosno.pl<\/a><\/li>\n<\/ul>\n<\/li>\n<\/ul>\n<p><!-- \/wp:list-item --> <!-- wp:list-item --><\/p>\n<ul class=\"wp-block-list\">\n<li style=\"list-style-type: none\">\n<ul class=\"wp-block-list\">\n<li>FB&nbsp; <a href=\"https:\/\/www.facebook.com\/profile.php?id=61569014722447\">Studium J\u0119zyk\u00f3w Obcych PANS w Kro\u015bnie<\/a><\/li>\n<\/ul>\n<\/li>\n<\/ul>\n<p><!-- \/wp:list-item --> <!-- wp:list-item --><\/p>\n<ul class=\"wp-block-list\">\n<li style=\"list-style-type: none\">\n<ul class=\"wp-block-list\">\n<li>Instagram&nbsp; &nbsp;<a href=\"https:\/\/www.instagram.com\/sjo_pans\/\">@sjo_pans<\/a><\/li>\n<\/ul>\n<\/li>\n<\/ul>\n<p><!-- \/wp:list-item --> <!-- wp:list-item --><\/p>\n<ul class=\"wp-block-list\">\n<li>Adres: <strong>ul Kazimierza Wielkiego 8, p. 23,&nbsp; Krosno<\/strong><\/li>\n<li>13 437 5555&nbsp; &nbsp;<\/li>\n<li>505 668 132&nbsp;<\/li>\n<li>email:&nbsp;<a href=\"mailto:sjo@pans.krosno.pl\">sjo@pans.krosno.pl<\/a><\/li>\n<li>FB&nbsp;&nbsp;<a href=\"https:\/\/www.facebook.com\/profile.php?id=61569014722447\">Studium J\u0119zyk\u00f3w Obcych PANS w Kro\u015bnie<\/a><\/li>\n<li>Instagram&nbsp; &nbsp;<a href=\"https:\/\/www.instagram.com\/sjo_pans\/\">@sjo_pans<\/a><\/li>\n<\/ul>\n<p>W roku akademickim 2025\/2026 Studium J\u0119zyk\u00f3w Obcych prowadzi lektoraty j\u0119zyka angielskiego i niemieckiego w 65 grupach \u0107wiczeniowych i warsztatowych dla student\u00f3w 15 kierunk\u00f3w kszta\u0142cenia w ofercie Pa\u0144stwowej Akademii Nauk Stosowanych w Kro\u015bnie. Opr\u00f3cz zaj\u0119\u0107 z j\u0119zyka angielskiego og\u00f3lnego, lektorzy SJO realizuj\u0105 kursy j\u0119zyk\u00f3w specjalistycznych, w tym angielskiego w medycynie, biznesie, turystyce oraz w marketingu internetowym.&nbsp; <a href=\"https:\/\/pans.krosno.pl\/sjo\/charakterystyka-studium\/\">Czytaj wi\u0119cej<\/a><\/p>\n<\/div>\n<\/section>\n<p><!--more--><\/p>\n<footer class=\"entry-footer\"><\/footer>\n<p>W roku akademickim 2025\/2026 Studium J\u0119zyk\u00f3w Obcych prowadzi lektoraty j\u0119zyka angielskiego i niemieckiego w 64 grupach \u0107wiczeniowych i warsztatowych dla student\u00f3w 15 kierunk\u00f3w kszta\u0142cenia w ofercie Pa\u0144stwowej Akademii Nauk Stosowanych w Kro\u015bnie. Opr\u00f3cz zaj\u0119\u0107 z j\u0119zyka angielskiego og\u00f3lnego, lektorzy SJO realizuj\u0105 kursy j\u0119zyk\u00f3w specjalistycznych, w tym angielskiego w medycynie, biznesie, turystyce oraz w marketingu internetowym. Zaj\u0119cia j\u0119zykowe w SJO prowadzone s\u0105 przez do\u015bwiadczonych lektor\u00f3w metod\u0105 komunikatywn\u0105, z naciskiem na harmonijny rozw\u00f3j wszystkich sprawno\u015bci ucz\u0105cych si\u0119, w oparciu o najnowsze narz\u0119dzia i rozwi\u0105zania dydaktyczne tak, aby wzmocni\u0107 w naszych studentach swobod\u0119 pos\u0142ugiwania si\u0119 j\u0119zykiem obcym w rozmaitych sytuacjach \u017cyciowych i zawodowych. Pracownicy Studium J\u0119zyk\u00f3w Obcych to r\u00f3wnie\u017c wykwalifikowani egzaminatorzy Cambridge English Assessment, kt\u00f3rzy w ramach lektoratu przygotowuj\u0105 student\u00f3w do presti\u017cowych mi\u0119dzynarodowych egzamin\u00f3w z j\u0119zyka angielskiego, tak aby absolwenci studi\u00f3w mogli poszczyci\u0107 si\u0119 atrakcyjnym atutem w ich zawodowym portfolio w postaci dyplomu Cambridge English Assessment.<\/p>\n<p>W obecnym roku akademickim Studium J\u0119zyk\u00f3w Obcych zaprasza student\u00f3w PANS w Kro\u015bnie na bezp\u0142atne, pr\u00f3bne egzaminy Cambridge English Assessment, tzw. Pretestings (listopad), na konkurs j\u0119zyka angielskiego dla student\u00f3w naszej uczelni, w kt\u00f3rym na laureat\u00f3w czekaj\u0105 zawsze warto\u015bciowe nagrody (kwiecie\u0144) oraz do wsp\u00f3\u0142pracy w szeroko rozumianej dydaktyce nauczania j\u0119zyk\u00f3w obcych (tj. do wsp\u00f3lnych publikacji, promocyjnych event\u00f3w, angloj\u0119zycznej grupy teatralnej oraz na praktyki pedagogiczne i marketingowe). Drodzy Studenci! Jeste\u015bmy dla Was, rozwijamy si\u0119 dla Was oraz inspirujemy Waszymi oczekiwaniami i potrzebami.<\/p>\n<p><!-- wp:separator {\"opacity\":\"css\"} --><\/p>\n<hr class=\"wp-block-separator has-css-opacity\"><!-- \/wp:separator --><\/p>\n<p>ul Kazimierza Wielkiego 8, pok\u00f3j 23,&nbsp;38-400 Krosno<\/p>\n<p>Tel. 13 437 5555&nbsp; &nbsp; &nbsp;Tel. 505 668 132<br \/>email: sjo@pans.krosno.pl<\/p>\n<p><!-- wp:more {\"noTeaser\":true} --><br \/><!--more--><br \/><!--noteaser--><br \/><!-- \/wp:more --><\/p>\n<section class=\"entry-body\">\n<div class=\"entry-content\">\n<p>&nbsp;<\/p>\n<\/div>\n<\/section>\n<p><!-- \/wp:list-item --><\/p>\n<p><!-- \/wp:list --><\/p>","protected":false},"excerpt":{"rendered":"<p>Adres: ul Kazimierza Wielkiego 8, p. 23,&nbsp; Krosno tel.13 437 5555&nbsp; &nbsp;505 668 132&nbsp; email:&nbsp;sjo@pans.krosno.pl FB&nbsp;&nbsp;Studium J\u0119zyk\u00f3w Obcych PANS w Kro\u015bnie Instagram&nbsp; &nbsp;@sjo_pans &nbsp; W roku akademickim 2025\/2026 Studium J\u0119zyk\u00f3w Obcych prowadzi lektoraty j\u0119zyka angielskiego i niemieckiego w 65 grupach \u0107wiczeniowych i warsztatowych dla student\u00f3w 15 kierunk\u00f3w kszta\u0142cenia w ofercie [\u2026] <\/p>\n<div class=\"clear\"><\/div>\n<p><a class=\"more_link clearfix\" href=\"https:\/\/pans.krosno.pl\/sjo\/charakterystyka-studium\/\" rel=\"nofollow\">Read More<\/a><\/p>\n","protected":false},"author":27,"featured_media":189,"parent":0,"menu_order":0,"comment_status":"closed","ping_status":"closed","template":"page-templates\/template-full-width.php","meta":{"ngg_post_thumbnail":0,"footnotes":""},"class_list":["post-53","page","type-page","status-publish","has-post-thumbnail","hentry"],"yoast_head":"<!-- This site is optimized with the Yoast SEO Premium plugin v27.4 (Yoast SEO v27.4) - https:\/\/yoast.com\/product\/yoast-seo-premium-wordpress\/ -->\n<title>O Studium - Studium J\u0119zyk\u00f3w Obcych PANS w Kro\u015bnie<\/title>\n<meta name=\"description\" content=\"Studium J\u0119zyk\u00f3w Obcych realizuje zaj\u0119cia lektoratu j\u0119zyka obcego dla student\u00f3w studi\u00f3w stacjonarnych i niestacjonarnych KPU w Kro\u015bnie.\" \/>\n<meta name=\"robots\" content=\"index, follow, max-snippet:-1, max-image-preview:large, max-video-preview:-1\" \/>\n<link rel=\"canonical\" href=\"https:\/\/pans.krosno.pl\/sjo\/charakterystyka-studium\/\" \/>\n<meta property=\"og:locale\" content=\"pl_PL\" \/>\n<meta property=\"og:type\" content=\"article\" \/>\n<meta property=\"og:title\" content=\"O Studium\" \/>\n<meta property=\"og:description\" content=\"Studium J\u0119zyk\u00f3w Obcych realizuje zaj\u0119cia lektoratu j\u0119zyka obcego dla student\u00f3w studi\u00f3w stacjonarnych i niestacjonarnych KPU w Kro\u015bnie.\" \/>\n<meta property=\"og:url\" content=\"https:\/\/pans.krosno.pl\/sjo\/charakterystyka-studium\/\" \/>\n<meta property=\"og:site_name\" content=\"Studium J\u0119zyk\u00f3w Obcych PANS w Kro\u015bnie\" \/>\n<meta property=\"article:modified_time\" content=\"2025-11-08T21:45:50+00:00\" \/>\n<meta property=\"og:image\" content=\"https:\/\/pans.krosno.pl\/sjo\/wp-content\/uploads\/sites\/25\/2020\/04\/Studium1-galeria38.jpg\" \/>\n\t<meta property=\"og:image:width\" content=\"960\" \/>\n\t<meta property=\"og:image:height\" content=\"637\" \/>\n\t<meta property=\"og:image:type\" content=\"image\/jpeg\" \/>\n<meta name=\"twitter:card\" content=\"summary_large_image\" \/>\n<meta name=\"twitter:label1\" content=\"Szacowany czas czytania\" \/>\n\t<meta name=\"twitter:data1\" content=\"5 minut\" \/>\n<script type=\"application\/ld+json\" class=\"yoast-schema-graph\">{\"@context\":\"https:\\\/\\\/schema.org\",\"@graph\":[{\"@type\":\"WebPage\",\"@id\":\"https:\\\/\\\/pans.krosno.pl\\\/sjo\\\/charakterystyka-studium\\\/\",\"url\":\"https:\\\/\\\/pans.krosno.pl\\\/sjo\\\/charakterystyka-studium\\\/\",\"name\":\"O Studium - Studium J\u0119zyk\u00f3w Obcych PANS w Kro\u015bnie\",\"isPartOf\":{\"@id\":\"https:\\\/\\\/pans.krosno.pl\\\/sjo\\\/#website\"},\"primaryImageOfPage\":{\"@id\":\"https:\\\/\\\/pans.krosno.pl\\\/sjo\\\/charakterystyka-studium\\\/#primaryimage\"},\"image\":{\"@id\":\"https:\\\/\\\/pans.krosno.pl\\\/sjo\\\/charakterystyka-studium\\\/#primaryimage\"},\"thumbnailUrl\":\"https:\\\/\\\/pans.krosno.pl\\\/sjo\\\/wp-content\\\/uploads\\\/sites\\\/25\\\/2020\\\/04\\\/Studium1-galeria38.jpg\",\"datePublished\":\"2020-03-06T09:09:48+00:00\",\"dateModified\":\"2025-11-08T21:45:50+00:00\",\"description\":\"Studium J\u0119zyk\u00f3w Obcych realizuje zaj\u0119cia lektoratu j\u0119zyka obcego dla student\u00f3w studi\u00f3w stacjonarnych i niestacjonarnych KPU w Kro\u015bnie.\",\"breadcrumb\":{\"@id\":\"https:\\\/\\\/pans.krosno.pl\\\/sjo\\\/charakterystyka-studium\\\/#breadcrumb\"},\"inLanguage\":\"pl-PL\",\"potentialAction\":[{\"@type\":\"ReadAction\",\"target\":[\"https:\\\/\\\/pans.krosno.pl\\\/sjo\\\/charakterystyka-studium\\\/\"]}]},{\"@type\":\"ImageObject\",\"inLanguage\":\"pl-PL\",\"@id\":\"https:\\\/\\\/pans.krosno.pl\\\/sjo\\\/charakterystyka-studium\\\/#primaryimage\",\"url\":\"https:\\\/\\\/pans.krosno.pl\\\/sjo\\\/wp-content\\\/uploads\\\/sites\\\/25\\\/2020\\\/04\\\/Studium1-galeria38.jpg\",\"contentUrl\":\"https:\\\/\\\/pans.krosno.pl\\\/sjo\\\/wp-content\\\/uploads\\\/sites\\\/25\\\/2020\\\/04\\\/Studium1-galeria38.jpg\",\"width\":960,\"height\":637},{\"@type\":\"BreadcrumbList\",\"@id\":\"https:\\\/\\\/pans.krosno.pl\\\/sjo\\\/charakterystyka-studium\\\/#breadcrumb\",\"itemListElement\":[{\"@type\":\"ListItem\",\"position\":1,\"name\":\"Strona g\u0142\u00f3wna\",\"item\":\"https:\\\/\\\/pans.krosno.pl\\\/sjo\\\/\"},{\"@type\":\"ListItem\",\"position\":2,\"name\":\"O Studium\"}]},{\"@type\":\"WebSite\",\"@id\":\"https:\\\/\\\/pans.krosno.pl\\\/sjo\\\/#website\",\"url\":\"https:\\\/\\\/pans.krosno.pl\\\/sjo\\\/\",\"name\":\"Studium J\u0119zyk\u00f3w Obcych PANS w Kro\u015bnie\",\"description\":\"Studium J\u0119zyk\u00f3w Obcych  - Pa\u0144stwowa Akademia Nauk Stosowanych\",\"publisher\":{\"@id\":\"https:\\\/\\\/pans.krosno.pl\\\/sjo\\\/#organization\"},\"potentialAction\":[{\"@type\":\"SearchAction\",\"target\":{\"@type\":\"EntryPoint\",\"urlTemplate\":\"https:\\\/\\\/pans.krosno.pl\\\/sjo\\\/?s={search_term_string}\"},\"query-input\":{\"@type\":\"PropertyValueSpecification\",\"valueRequired\":true,\"valueName\":\"search_term_string\"}}],\"inLanguage\":\"pl-PL\"},{\"@type\":\"Organization\",\"@id\":\"https:\\\/\\\/pans.krosno.pl\\\/sjo\\\/#organization\",\"name\":\"Studium J\u0119zyk\u00f3w Obcych PANS w Kro\u015bnie\",\"url\":\"https:\\\/\\\/pans.krosno.pl\\\/sjo\\\/\",\"logo\":{\"@type\":\"ImageObject\",\"inLanguage\":\"pl-PL\",\"@id\":\"https:\\\/\\\/pans.krosno.pl\\\/sjo\\\/#\\\/schema\\\/logo\\\/image\\\/\",\"url\":\"https:\\\/\\\/pans.krosno.pl\\\/sjo\\\/wp-content\\\/uploads\\\/sites\\\/25\\\/2023\\\/01\\\/Logo-PANS-2022-pelne.png\",\"contentUrl\":\"https:\\\/\\\/pans.krosno.pl\\\/sjo\\\/wp-content\\\/uploads\\\/sites\\\/25\\\/2023\\\/01\\\/Logo-PANS-2022-pelne.png\",\"width\":3096,\"height\":696,\"caption\":\"Studium J\u0119zyk\u00f3w Obcych PANS w Kro\u015bnie\"},\"image\":{\"@id\":\"https:\\\/\\\/pans.krosno.pl\\\/sjo\\\/#\\\/schema\\\/logo\\\/image\\\/\"}}]}<\/script>\n<!-- \/ Yoast SEO Premium plugin. -->","yoast_head_json":{"title":"O Studium - Studium J\u0119zyk\u00f3w Obcych PANS w Kro\u015bnie","description":"Studium J\u0119zyk\u00f3w Obcych realizuje zaj\u0119cia lektoratu j\u0119zyka obcego dla student\u00f3w studi\u00f3w stacjonarnych i niestacjonarnych KPU w Kro\u015bnie.","robots":{"index":"index","follow":"follow","max-snippet":"max-snippet:-1","max-image-preview":"max-image-preview:large","max-video-preview":"max-video-preview:-1"},"canonical":"https:\/\/pans.krosno.pl\/sjo\/charakterystyka-studium\/","og_locale":"pl_PL","og_type":"article","og_title":"O Studium","og_description":"Studium J\u0119zyk\u00f3w Obcych realizuje zaj\u0119cia lektoratu j\u0119zyka obcego dla student\u00f3w studi\u00f3w stacjonarnych i niestacjonarnych KPU w Kro\u015bnie.","og_url":"https:\/\/pans.krosno.pl\/sjo\/charakterystyka-studium\/","og_site_name":"Studium J\u0119zyk\u00f3w Obcych PANS w Kro\u015bnie","article_modified_time":"2025-11-08T21:45:50+00:00","og_image":[{"width":960,"height":637,"url":"https:\/\/pans.krosno.pl\/sjo\/wp-content\/uploads\/sites\/25\/2020\/04\/Studium1-galeria38.jpg","type":"image\/jpeg"}],"twitter_card":"summary_large_image","twitter_misc":{"Szacowany czas czytania":"5 minut"},"schema":{"@context":"https:\/\/schema.org","@graph":[{"@type":"WebPage","@id":"https:\/\/pans.krosno.pl\/sjo\/charakterystyka-studium\/","url":"https:\/\/pans.krosno.pl\/sjo\/charakterystyka-studium\/","name":"O Studium - Studium J\u0119zyk\u00f3w Obcych PANS w Kro\u015bnie","isPartOf":{"@id":"https:\/\/pans.krosno.pl\/sjo\/#website"},"primaryImageOfPage":{"@id":"https:\/\/pans.krosno.pl\/sjo\/charakterystyka-studium\/#primaryimage"},"image":{"@id":"https:\/\/pans.krosno.pl\/sjo\/charakterystyka-studium\/#primaryimage"},"thumbnailUrl":"https:\/\/pans.krosno.pl\/sjo\/wp-content\/uploads\/sites\/25\/2020\/04\/Studium1-galeria38.jpg","datePublished":"2020-03-06T09:09:48+00:00","dateModified":"2025-11-08T21:45:50+00:00","description":"Studium J\u0119zyk\u00f3w Obcych realizuje zaj\u0119cia lektoratu j\u0119zyka obcego dla student\u00f3w studi\u00f3w stacjonarnych i niestacjonarnych KPU w Kro\u015bnie.","breadcrumb":{"@id":"https:\/\/pans.krosno.pl\/sjo\/charakterystyka-studium\/#breadcrumb"},"inLanguage":"pl-PL","potentialAction":[{"@type":"ReadAction","target":["https:\/\/pans.krosno.pl\/sjo\/charakterystyka-studium\/"]}]},{"@type":"ImageObject","inLanguage":"pl-PL","@id":"https:\/\/pans.krosno.pl\/sjo\/charakterystyka-studium\/#primaryimage","url":"https:\/\/pans.krosno.pl\/sjo\/wp-content\/uploads\/sites\/25\/2020\/04\/Studium1-galeria38.jpg","contentUrl":"https:\/\/pans.krosno.pl\/sjo\/wp-content\/uploads\/sites\/25\/2020\/04\/Studium1-galeria38.jpg","width":960,"height":637},{"@type":"BreadcrumbList","@id":"https:\/\/pans.krosno.pl\/sjo\/charakterystyka-studium\/#breadcrumb","itemListElement":[{"@type":"ListItem","position":1,"name":"Strona g\u0142\u00f3wna","item":"https:\/\/pans.krosno.pl\/sjo\/"},{"@type":"ListItem","position":2,"name":"O Studium"}]},{"@type":"WebSite","@id":"https:\/\/pans.krosno.pl\/sjo\/#website","url":"https:\/\/pans.krosno.pl\/sjo\/","name":"Studium J\u0119zyk\u00f3w Obcych PANS w Kro\u015bnie","description":"Studium J\u0119zyk\u00f3w Obcych  - Pa\u0144stwowa Akademia Nauk Stosowanych","publisher":{"@id":"https:\/\/pans.krosno.pl\/sjo\/#organization"},"potentialAction":[{"@type":"SearchAction","target":{"@type":"EntryPoint","urlTemplate":"https:\/\/pans.krosno.pl\/sjo\/?s={search_term_string}"},"query-input":{"@type":"PropertyValueSpecification","valueRequired":true,"valueName":"search_term_string"}}],"inLanguage":"pl-PL"},{"@type":"Organization","@id":"https:\/\/pans.krosno.pl\/sjo\/#organization","name":"Studium J\u0119zyk\u00f3w Obcych PANS w Kro\u015bnie","url":"https:\/\/pans.krosno.pl\/sjo\/","logo":{"@type":"ImageObject","inLanguage":"pl-PL","@id":"https:\/\/pans.krosno.pl\/sjo\/#\/schema\/logo\/image\/","url":"https:\/\/pans.krosno.pl\/sjo\/wp-content\/uploads\/sites\/25\/2023\/01\/Logo-PANS-2022-pelne.png","contentUrl":"https:\/\/pans.krosno.pl\/sjo\/wp-content\/uploads\/sites\/25\/2023\/01\/Logo-PANS-2022-pelne.png","width":3096,"height":696,"caption":"Studium J\u0119zyk\u00f3w Obcych PANS w Kro\u015bnie"},"image":{"@id":"https:\/\/pans.krosno.pl\/sjo\/#\/schema\/logo\/image\/"}}]}},"_links":{"self":[{"href":"https:\/\/pans.krosno.pl\/sjo\/wp-json\/wp\/v2\/pages\/53","targetHints":{"allow":["GET"]}}],"collection":[{"href":"https:\/\/pans.krosno.pl\/sjo\/wp-json\/wp\/v2\/pages"}],"about":[{"href":"https:\/\/pans.krosno.pl\/sjo\/wp-json\/wp\/v2\/types\/page"}],"author":[{"embeddable":true,"href":"https:\/\/pans.krosno.pl\/sjo\/wp-json\/wp\/v2\/users\/27"}],"replies":[{"embeddable":true,"href":"https:\/\/pans.krosno.pl\/sjo\/wp-json\/wp\/v2\/comments?post=53"}],"version-history":[{"count":37,"href":"https:\/\/pans.krosno.pl\/sjo\/wp-json\/wp\/v2\/pages\/53\/revisions"}],"predecessor-version":[{"id":2727,"href":"https:\/\/pans.krosno.pl\/sjo\/wp-json\/wp\/v2\/pages\/53\/revisions\/2727"}],"wp:featuredmedia":[{"embeddable":true,"href":"https:\/\/pans.krosno.pl\/sjo\/wp-json\/wp\/v2\/media\/189"}],"wp:attachment":[{"href":"https:\/\/pans.krosno.pl\/sjo\/wp-json\/wp\/v2\/media?parent=53"}],"curies":[{"name":"wp","href":"https:\/\/api.w.org\/{rel}","templated":true}]}}