{"id":2539,"date":"2025-06-03T13:17:32","date_gmt":"2025-06-03T11:17:32","guid":{"rendered":"https:\/\/pans.krosno.pl\/sjo\/?page_id=2539"},"modified":"2025-06-03T13:17:32","modified_gmt":"2025-06-03T11:17:32","slug":"poziom-b2","status":"publish","type":"page","link":"https:\/\/pans.krosno.pl\/sjo\/poziom-b2\/","title":{"rendered":"Poziom B2"},"content":{"rendered":"","protected":false},"excerpt":{"rendered":"","protected":false},"author":27,"featured_media":0,"parent":0,"menu_order":0,"comment_status":"closed","ping_status":"closed","template":"","meta":{"ngg_post_thumbnail":0,"footnotes":""},"class_list":["post-2539","page","type-page","status-publish","hentry"],"yoast_head":"<!-- This site is optimized with the Yoast SEO Premium plugin v27.4 (Yoast SEO v27.4) - https:\/\/yoast.com\/product\/yoast-seo-premium-wordpress\/ -->\n<title>Poziom B2 - Studium J\u0119zyk\u00f3w Obcych PANS w Kro\u015bnie<\/title>\n<meta name=\"robots\" content=\"index, follow, max-snippet:-1, max-image-preview:large, max-video-preview:-1\" \/>\n<link rel=\"canonical\" href=\"https:\/\/pans.krosno.pl\/sjo\/poziom-b2\/\" \/>\n<meta property=\"og:locale\" content=\"pl_PL\" \/>\n<meta property=\"og:type\" content=\"article\" \/>\n<meta property=\"og:title\" content=\"Poziom B2\" \/>\n<meta property=\"og:url\" content=\"https:\/\/pans.krosno.pl\/sjo\/poziom-b2\/\" \/>\n<meta property=\"og:site_name\" content=\"Studium J\u0119zyk\u00f3w Obcych PANS w Kro\u015bnie\" \/>\n<meta name=\"twitter:card\" content=\"summary_large_image\" \/>\n<script type=\"application\/ld+json\" class=\"yoast-schema-graph\">{\"@context\":\"https:\\\/\\\/schema.org\",\"@graph\":[{\"@type\":\"WebPage\",\"@id\":\"https:\\\/\\\/pans.krosno.pl\\\/sjo\\\/poziom-b2\\\/\",\"url\":\"https:\\\/\\\/pans.krosno.pl\\\/sjo\\\/poziom-b2\\\/\",\"name\":\"Poziom B2 - Studium J\u0119zyk\u00f3w Obcych PANS w Kro\u015bnie\",\"isPartOf\":{\"@id\":\"https:\\\/\\\/pans.krosno.pl\\\/sjo\\\/#website\"},\"datePublished\":\"2025-06-03T11:17:32+00:00\",\"breadcrumb\":{\"@id\":\"https:\\\/\\\/pans.krosno.pl\\\/sjo\\\/poziom-b2\\\/#breadcrumb\"},\"inLanguage\":\"pl-PL\",\"potentialAction\":[{\"@type\":\"ReadAction\",\"target\":[\"https:\\\/\\\/pans.krosno.pl\\\/sjo\\\/poziom-b2\\\/\"]}]},{\"@type\":\"BreadcrumbList\",\"@id\":\"https:\\\/\\\/pans.krosno.pl\\\/sjo\\\/poziom-b2\\\/#breadcrumb\",\"itemListElement\":[{\"@type\":\"ListItem\",\"position\":1,\"name\":\"Strona g\u0142\u00f3wna\",\"item\":\"https:\\\/\\\/pans.krosno.pl\\\/sjo\\\/\"},{\"@type\":\"ListItem\",\"position\":2,\"name\":\"Poziom B2\"}]},{\"@type\":\"WebSite\",\"@id\":\"https:\\\/\\\/pans.krosno.pl\\\/sjo\\\/#website\",\"url\":\"https:\\\/\\\/pans.krosno.pl\\\/sjo\\\/\",\"name\":\"Studium J\u0119zyk\u00f3w Obcych PANS w Kro\u015bnie\",\"description\":\"Studium J\u0119zyk\u00f3w Obcych  - Pa\u0144stwowa Akademia Nauk Stosowanych\",\"publisher\":{\"@id\":\"https:\\\/\\\/pans.krosno.pl\\\/sjo\\\/#organization\"},\"potentialAction\":[{\"@type\":\"SearchAction\",\"target\":{\"@type\":\"EntryPoint\",\"urlTemplate\":\"https:\\\/\\\/pans.krosno.pl\\\/sjo\\\/?s={search_term_string}\"},\"query-input\":{\"@type\":\"PropertyValueSpecification\",\"valueRequired\":true,\"valueName\":\"search_term_string\"}}],\"inLanguage\":\"pl-PL\"},{\"@type\":\"Organization\",\"@id\":\"https:\\\/\\\/pans.krosno.pl\\\/sjo\\\/#organization\",\"name\":\"Studium J\u0119zyk\u00f3w Obcych PANS w Kro\u015bnie\",\"url\":\"https:\\\/\\\/pans.krosno.pl\\\/sjo\\\/\",\"logo\":{\"@type\":\"ImageObject\",\"inLanguage\":\"pl-PL\",\"@id\":\"https:\\\/\\\/pans.krosno.pl\\\/sjo\\\/#\\\/schema\\\/logo\\\/image\\\/\",\"url\":\"https:\\\/\\\/pans.krosno.pl\\\/sjo\\\/wp-content\\\/uploads\\\/sites\\\/25\\\/2023\\\/01\\\/Logo-PANS-2022-pelne.png\",\"contentUrl\":\"https:\\\/\\\/pans.krosno.pl\\\/sjo\\\/wp-content\\\/uploads\\\/sites\\\/25\\\/2023\\\/01\\\/Logo-PANS-2022-pelne.png\",\"width\":3096,\"height\":696,\"caption\":\"Studium J\u0119zyk\u00f3w Obcych PANS w Kro\u015bnie\"},\"image\":{\"@id\":\"https:\\\/\\\/pans.krosno.pl\\\/sjo\\\/#\\\/schema\\\/logo\\\/image\\\/\"}}]}<\/script>\n<!-- \/ Yoast SEO Premium plugin. -->","yoast_head_json":{"title":"Poziom B2 - Studium J\u0119zyk\u00f3w Obcych PANS w Kro\u015bnie","robots":{"index":"index","follow":"follow","max-snippet":"max-snippet:-1","max-image-preview":"max-image-preview:large","max-video-preview":"max-video-preview:-1"},"canonical":"https:\/\/pans.krosno.pl\/sjo\/poziom-b2\/","og_locale":"pl_PL","og_type":"article","og_title":"Poziom B2","og_url":"https:\/\/pans.krosno.pl\/sjo\/poziom-b2\/","og_site_name":"Studium J\u0119zyk\u00f3w Obcych PANS w Kro\u015bnie","twitter_card":"summary_large_image","schema":{"@context":"https:\/\/schema.org","@graph":[{"@type":"WebPage","@id":"https:\/\/pans.krosno.pl\/sjo\/poziom-b2\/","url":"https:\/\/pans.krosno.pl\/sjo\/poziom-b2\/","name":"Poziom B2 - Studium J\u0119zyk\u00f3w Obcych PANS w Kro\u015bnie","isPartOf":{"@id":"https:\/\/pans.krosno.pl\/sjo\/#website"},"datePublished":"2025-06-03T11:17:32+00:00","breadcrumb":{"@id":"https:\/\/pans.krosno.pl\/sjo\/poziom-b2\/#breadcrumb"},"inLanguage":"pl-PL","potentialAction":[{"@type":"ReadAction","target":["https:\/\/pans.krosno.pl\/sjo\/poziom-b2\/"]}]},{"@type":"BreadcrumbList","@id":"https:\/\/pans.krosno.pl\/sjo\/poziom-b2\/#breadcrumb","itemListElement":[{"@type":"ListItem","position":1,"name":"Strona g\u0142\u00f3wna","item":"https:\/\/pans.krosno.pl\/sjo\/"},{"@type":"ListItem","position":2,"name":"Poziom B2"}]},{"@type":"WebSite","@id":"https:\/\/pans.krosno.pl\/sjo\/#website","url":"https:\/\/pans.krosno.pl\/sjo\/","name":"Studium J\u0119zyk\u00f3w Obcych PANS w Kro\u015bnie","description":"Studium J\u0119zyk\u00f3w Obcych  - Pa\u0144stwowa Akademia Nauk Stosowanych","publisher":{"@id":"https:\/\/pans.krosno.pl\/sjo\/#organization"},"potentialAction":[{"@type":"SearchAction","target":{"@type":"EntryPoint","urlTemplate":"https:\/\/pans.krosno.pl\/sjo\/?s={search_term_string}"},"query-input":{"@type":"PropertyValueSpecification","valueRequired":true,"valueName":"search_term_string"}}],"inLanguage":"pl-PL"},{"@type":"Organization","@id":"https:\/\/pans.krosno.pl\/sjo\/#organization","name":"Studium J\u0119zyk\u00f3w Obcych PANS w Kro\u015bnie","url":"https:\/\/pans.krosno.pl\/sjo\/","logo":{"@type":"ImageObject","inLanguage":"pl-PL","@id":"https:\/\/pans.krosno.pl\/sjo\/#\/schema\/logo\/image\/","url":"https:\/\/pans.krosno.pl\/sjo\/wp-content\/uploads\/sites\/25\/2023\/01\/Logo-PANS-2022-pelne.png","contentUrl":"https:\/\/pans.krosno.pl\/sjo\/wp-content\/uploads\/sites\/25\/2023\/01\/Logo-PANS-2022-pelne.png","width":3096,"height":696,"caption":"Studium J\u0119zyk\u00f3w Obcych PANS w Kro\u015bnie"},"image":{"@id":"https:\/\/pans.krosno.pl\/sjo\/#\/schema\/logo\/image\/"}}]}},"_links":{"self":[{"href":"https:\/\/pans.krosno.pl\/sjo\/wp-json\/wp\/v2\/pages\/2539","targetHints":{"allow":["GET"]}}],"collection":[{"href":"https:\/\/pans.krosno.pl\/sjo\/wp-json\/wp\/v2\/pages"}],"about":[{"href":"https:\/\/pans.krosno.pl\/sjo\/wp-json\/wp\/v2\/types\/page"}],"author":[{"embeddable":true,"href":"https:\/\/pans.krosno.pl\/sjo\/wp-json\/wp\/v2\/users\/27"}],"replies":[{"embeddable":true,"href":"https:\/\/pans.krosno.pl\/sjo\/wp-json\/wp\/v2\/comments?post=2539"}],"version-history":[{"count":1,"href":"https:\/\/pans.krosno.pl\/sjo\/wp-json\/wp\/v2\/pages\/2539\/revisions"}],"predecessor-version":[{"id":2547,"href":"https:\/\/pans.krosno.pl\/sjo\/wp-json\/wp\/v2\/pages\/2539\/revisions\/2547"}],"wp:attachment":[{"href":"https:\/\/pans.krosno.pl\/sjo\/wp-json\/wp\/v2\/media?parent=2539"}],"curies":[{"name":"wp","href":"https:\/\/api.w.org\/{rel}","templated":true}]}}