{"id":2535,"date":"2025-06-03T13:17:28","date_gmt":"2025-06-03T11:17:28","guid":{"rendered":"https:\/\/pans.krosno.pl\/sjo\/?page_id=2535"},"modified":"2025-10-17T13:01:46","modified_gmt":"2025-10-17T11:01:46","slug":"english-file-intermediate","status":"publish","type":"page","link":"https:\/\/pans.krosno.pl\/sjo\/english-file-intermediate\/","title":{"rendered":"English File Intermediate"},"content":{"rendered":"\n<p><a href=\"https:\/\/elt.oup.com\/student\/englishfile\/intermediate3\/grammar\/?cc=pl&amp;selLanguage=pl\">\u0106wiczenia gramatyczne online do kursu English File Intermediate<\/a><\/p>\n\n\n\n<p><a href=\"https:\/\/elt.oup.com\/student\/englishfile\/intermediate3\/vocabulary\/?cc=pl&amp;selLanguage=pl\">\u0106wiczenia s\u0142ownikowe online do kursu English File Intermediate<\/a><\/p>\n\n\n\n<p>UNIT 1 Fiszki do samodzielnej nauki: <a href=\"https:\/\/quizlet.com\/pl\/1091013576\/food-flash-cards\/?i=5ik11b&amp;x=1qqt\">Food<\/a>      <a href=\"https:\/\/quizlet.com\/pl\/966390863\/personality-1-flash-cards\/?i=5ik11b&amp;x=1jqt\">Personality 1<\/a>      <a href=\"https:\/\/quizlet.com\/pl\/966392614\/personality-opposites-flash-cards\/?i=5ik11b&amp;x=1jqt\">Personality 2 -opposites<\/a>     <a href=\"https:\/\/quizlet.com\/pl\/966394500\/family-members-flash-cards\/?i=5ik11b&amp;x=1jqt\">Family members<\/a><\/p>\n\n\n\n<p>UNIT 2 Fiszki do samodzielnej naukis:  <a href=\"https:\/\/quizlet.com\/pl\/861577628\/money-flash-cards\/?i=5ik11b&amp;x=1jqt\">Money <\/a>   <a href=\"https:\/\/quizlet.com\/pl\/866840811\/ef-inter2-extravocabulary-flash-cards\/\">Unit 2 &#8211; Extra vocabulary<\/a><\/p>\n\n\n\n<p>UNIT 3 Fiszki do samodzielnej nauki: <a href=\"https:\/\/quizlet.com\/pl\/896897237\/extra-vocabulary-unit-3-flash-cards\/?i=5ik11b&amp;x=1qqt\">Unit 3-Extra vocabulary<\/a>                <a href=\"https:\/\/quizlet.com\/pl\/889124695\/przyimki-uzupelnianie-flash-cards\/?i=5ik11b&amp;x=1jqt\">Prepositions 1<\/a>                    <a href=\"https:\/\/quizlet.com\/pl\/889123381\/prepositions-tlumaczenie-flash-cards\/?i=5ik11b&amp;x=1jqt\">Prepositions 2<\/a> &#8211; translation <a href=\"https:\/\/quizlet.com\/pl\/889120616\/prepositions-full-sentences-flash-cards\/?i=5ik11b&amp;x=1jqt\">Prepositions 3<\/a> &#8211; translation ( full sentences)<\/p>\n\n\n\n<p><\/p>\n","protected":false},"excerpt":{"rendered":"<p>\u0106wiczenia gramatyczne online do kursu English File Intermediate \u0106wiczenia s\u0142ownikowe online do kursu English File Intermediate UNIT 1 Fiszki do samodzielnej nauki: Food Personality 1 Personality 2 -opposites Family members UNIT 2 Fiszki do samodzielnej naukis: Money Unit 2 &#8211; Extra vocabulary UNIT 3 Fiszki do samodzielnej nauki: Unit 3-Extra [\u2026] <\/p>\n<div class=\"clear\"><\/div>\n<p><a class=\"more_link clearfix\" href=\"https:\/\/pans.krosno.pl\/sjo\/english-file-intermediate\/\" rel=\"nofollow\">Read More<\/a><\/p>\n","protected":false},"author":27,"featured_media":0,"parent":0,"menu_order":0,"comment_status":"closed","ping_status":"closed","template":"","meta":{"ngg_post_thumbnail":0,"footnotes":""},"class_list":["post-2535","page","type-page","status-publish","hentry"],"yoast_head":"<!-- This site is optimized with the Yoast SEO Premium plugin v27.4 (Yoast SEO v27.4) - https:\/\/yoast.com\/product\/yoast-seo-premium-wordpress\/ -->\n<title>English File Intermediate - Studium J\u0119zyk\u00f3w Obcych PANS w Kro\u015bnie<\/title>\n<meta name=\"robots\" content=\"index, follow, max-snippet:-1, max-image-preview:large, max-video-preview:-1\" \/>\n<link rel=\"canonical\" href=\"https:\/\/pans.krosno.pl\/sjo\/english-file-intermediate\/\" \/>\n<meta property=\"og:locale\" content=\"pl_PL\" \/>\n<meta property=\"og:type\" content=\"article\" \/>\n<meta property=\"og:title\" content=\"English File Intermediate\" \/>\n<meta property=\"og:description\" content=\"\u0106wiczenia gramatyczne online do kursu English File Intermediate \u0106wiczenia s\u0142ownikowe online do kursu English File Intermediate UNIT 1 Fiszki do samodzielnej nauki: Food Personality 1 Personality 2 -opposites Family members UNIT 2 Fiszki do samodzielnej naukis: Money Unit 2 &#8211; Extra vocabulary UNIT 3 Fiszki do samodzielnej nauki: Unit 3-Extra [\u2026] Read More\" \/>\n<meta property=\"og:url\" content=\"https:\/\/pans.krosno.pl\/sjo\/english-file-intermediate\/\" \/>\n<meta property=\"og:site_name\" content=\"Studium J\u0119zyk\u00f3w Obcych PANS w Kro\u015bnie\" \/>\n<meta property=\"article:modified_time\" content=\"2025-10-17T11:01:46+00:00\" \/>\n<meta name=\"twitter:card\" content=\"summary_large_image\" \/>\n<meta name=\"twitter:label1\" content=\"Szacowany czas czytania\" \/>\n\t<meta name=\"twitter:data1\" content=\"1 minuta\" \/>\n<script type=\"application\/ld+json\" class=\"yoast-schema-graph\">{\"@context\":\"https:\\\/\\\/schema.org\",\"@graph\":[{\"@type\":\"WebPage\",\"@id\":\"https:\\\/\\\/pans.krosno.pl\\\/sjo\\\/english-file-intermediate\\\/\",\"url\":\"https:\\\/\\\/pans.krosno.pl\\\/sjo\\\/english-file-intermediate\\\/\",\"name\":\"English File Intermediate - Studium J\u0119zyk\u00f3w Obcych PANS w Kro\u015bnie\",\"isPartOf\":{\"@id\":\"https:\\\/\\\/pans.krosno.pl\\\/sjo\\\/#website\"},\"datePublished\":\"2025-06-03T11:17:28+00:00\",\"dateModified\":\"2025-10-17T11:01:46+00:00\",\"breadcrumb\":{\"@id\":\"https:\\\/\\\/pans.krosno.pl\\\/sjo\\\/english-file-intermediate\\\/#breadcrumb\"},\"inLanguage\":\"pl-PL\",\"potentialAction\":[{\"@type\":\"ReadAction\",\"target\":[\"https:\\\/\\\/pans.krosno.pl\\\/sjo\\\/english-file-intermediate\\\/\"]}]},{\"@type\":\"BreadcrumbList\",\"@id\":\"https:\\\/\\\/pans.krosno.pl\\\/sjo\\\/english-file-intermediate\\\/#breadcrumb\",\"itemListElement\":[{\"@type\":\"ListItem\",\"position\":1,\"name\":\"Strona g\u0142\u00f3wna\",\"item\":\"https:\\\/\\\/pans.krosno.pl\\\/sjo\\\/\"},{\"@type\":\"ListItem\",\"position\":2,\"name\":\"English File Intermediate\"}]},{\"@type\":\"WebSite\",\"@id\":\"https:\\\/\\\/pans.krosno.pl\\\/sjo\\\/#website\",\"url\":\"https:\\\/\\\/pans.krosno.pl\\\/sjo\\\/\",\"name\":\"Studium J\u0119zyk\u00f3w Obcych PANS w Kro\u015bnie\",\"description\":\"Studium J\u0119zyk\u00f3w Obcych  - Pa\u0144stwowa Akademia Nauk Stosowanych\",\"publisher\":{\"@id\":\"https:\\\/\\\/pans.krosno.pl\\\/sjo\\\/#organization\"},\"potentialAction\":[{\"@type\":\"SearchAction\",\"target\":{\"@type\":\"EntryPoint\",\"urlTemplate\":\"https:\\\/\\\/pans.krosno.pl\\\/sjo\\\/?s={search_term_string}\"},\"query-input\":{\"@type\":\"PropertyValueSpecification\",\"valueRequired\":true,\"valueName\":\"search_term_string\"}}],\"inLanguage\":\"pl-PL\"},{\"@type\":\"Organization\",\"@id\":\"https:\\\/\\\/pans.krosno.pl\\\/sjo\\\/#organization\",\"name\":\"Studium J\u0119zyk\u00f3w Obcych PANS w Kro\u015bnie\",\"url\":\"https:\\\/\\\/pans.krosno.pl\\\/sjo\\\/\",\"logo\":{\"@type\":\"ImageObject\",\"inLanguage\":\"pl-PL\",\"@id\":\"https:\\\/\\\/pans.krosno.pl\\\/sjo\\\/#\\\/schema\\\/logo\\\/image\\\/\",\"url\":\"https:\\\/\\\/pans.krosno.pl\\\/sjo\\\/wp-content\\\/uploads\\\/sites\\\/25\\\/2023\\\/01\\\/Logo-PANS-2022-pelne.png\",\"contentUrl\":\"https:\\\/\\\/pans.krosno.pl\\\/sjo\\\/wp-content\\\/uploads\\\/sites\\\/25\\\/2023\\\/01\\\/Logo-PANS-2022-pelne.png\",\"width\":3096,\"height\":696,\"caption\":\"Studium J\u0119zyk\u00f3w Obcych PANS w Kro\u015bnie\"},\"image\":{\"@id\":\"https:\\\/\\\/pans.krosno.pl\\\/sjo\\\/#\\\/schema\\\/logo\\\/image\\\/\"}}]}<\/script>\n<!-- \/ Yoast SEO Premium plugin. -->","yoast_head_json":{"title":"English File Intermediate - Studium J\u0119zyk\u00f3w Obcych PANS w Kro\u015bnie","robots":{"index":"index","follow":"follow","max-snippet":"max-snippet:-1","max-image-preview":"max-image-preview:large","max-video-preview":"max-video-preview:-1"},"canonical":"https:\/\/pans.krosno.pl\/sjo\/english-file-intermediate\/","og_locale":"pl_PL","og_type":"article","og_title":"English File Intermediate","og_description":"\u0106wiczenia gramatyczne online do kursu English File Intermediate \u0106wiczenia s\u0142ownikowe online do kursu English File Intermediate UNIT 1 Fiszki do samodzielnej nauki: Food Personality 1 Personality 2 -opposites Family members UNIT 2 Fiszki do samodzielnej naukis: Money Unit 2 &#8211; Extra vocabulary UNIT 3 Fiszki do samodzielnej nauki: Unit 3-Extra [\u2026] Read More","og_url":"https:\/\/pans.krosno.pl\/sjo\/english-file-intermediate\/","og_site_name":"Studium J\u0119zyk\u00f3w Obcych PANS w Kro\u015bnie","article_modified_time":"2025-10-17T11:01:46+00:00","twitter_card":"summary_large_image","twitter_misc":{"Szacowany czas czytania":"1 minuta"},"schema":{"@context":"https:\/\/schema.org","@graph":[{"@type":"WebPage","@id":"https:\/\/pans.krosno.pl\/sjo\/english-file-intermediate\/","url":"https:\/\/pans.krosno.pl\/sjo\/english-file-intermediate\/","name":"English File Intermediate - Studium J\u0119zyk\u00f3w Obcych PANS w Kro\u015bnie","isPartOf":{"@id":"https:\/\/pans.krosno.pl\/sjo\/#website"},"datePublished":"2025-06-03T11:17:28+00:00","dateModified":"2025-10-17T11:01:46+00:00","breadcrumb":{"@id":"https:\/\/pans.krosno.pl\/sjo\/english-file-intermediate\/#breadcrumb"},"inLanguage":"pl-PL","potentialAction":[{"@type":"ReadAction","target":["https:\/\/pans.krosno.pl\/sjo\/english-file-intermediate\/"]}]},{"@type":"BreadcrumbList","@id":"https:\/\/pans.krosno.pl\/sjo\/english-file-intermediate\/#breadcrumb","itemListElement":[{"@type":"ListItem","position":1,"name":"Strona g\u0142\u00f3wna","item":"https:\/\/pans.krosno.pl\/sjo\/"},{"@type":"ListItem","position":2,"name":"English File Intermediate"}]},{"@type":"WebSite","@id":"https:\/\/pans.krosno.pl\/sjo\/#website","url":"https:\/\/pans.krosno.pl\/sjo\/","name":"Studium J\u0119zyk\u00f3w Obcych PANS w Kro\u015bnie","description":"Studium J\u0119zyk\u00f3w Obcych  - Pa\u0144stwowa Akademia Nauk Stosowanych","publisher":{"@id":"https:\/\/pans.krosno.pl\/sjo\/#organization"},"potentialAction":[{"@type":"SearchAction","target":{"@type":"EntryPoint","urlTemplate":"https:\/\/pans.krosno.pl\/sjo\/?s={search_term_string}"},"query-input":{"@type":"PropertyValueSpecification","valueRequired":true,"valueName":"search_term_string"}}],"inLanguage":"pl-PL"},{"@type":"Organization","@id":"https:\/\/pans.krosno.pl\/sjo\/#organization","name":"Studium J\u0119zyk\u00f3w Obcych PANS w Kro\u015bnie","url":"https:\/\/pans.krosno.pl\/sjo\/","logo":{"@type":"ImageObject","inLanguage":"pl-PL","@id":"https:\/\/pans.krosno.pl\/sjo\/#\/schema\/logo\/image\/","url":"https:\/\/pans.krosno.pl\/sjo\/wp-content\/uploads\/sites\/25\/2023\/01\/Logo-PANS-2022-pelne.png","contentUrl":"https:\/\/pans.krosno.pl\/sjo\/wp-content\/uploads\/sites\/25\/2023\/01\/Logo-PANS-2022-pelne.png","width":3096,"height":696,"caption":"Studium J\u0119zyk\u00f3w Obcych PANS w Kro\u015bnie"},"image":{"@id":"https:\/\/pans.krosno.pl\/sjo\/#\/schema\/logo\/image\/"}}]}},"_links":{"self":[{"href":"https:\/\/pans.krosno.pl\/sjo\/wp-json\/wp\/v2\/pages\/2535","targetHints":{"allow":["GET"]}}],"collection":[{"href":"https:\/\/pans.krosno.pl\/sjo\/wp-json\/wp\/v2\/pages"}],"about":[{"href":"https:\/\/pans.krosno.pl\/sjo\/wp-json\/wp\/v2\/types\/page"}],"author":[{"embeddable":true,"href":"https:\/\/pans.krosno.pl\/sjo\/wp-json\/wp\/v2\/users\/27"}],"replies":[{"embeddable":true,"href":"https:\/\/pans.krosno.pl\/sjo\/wp-json\/wp\/v2\/comments?post=2535"}],"version-history":[{"count":11,"href":"https:\/\/pans.krosno.pl\/sjo\/wp-json\/wp\/v2\/pages\/2535\/revisions"}],"predecessor-version":[{"id":2637,"href":"https:\/\/pans.krosno.pl\/sjo\/wp-json\/wp\/v2\/pages\/2535\/revisions\/2637"}],"wp:attachment":[{"href":"https:\/\/pans.krosno.pl\/sjo\/wp-json\/wp\/v2\/media?parent=2535"}],"curies":[{"name":"wp","href":"https:\/\/api.w.org\/{rel}","templated":true}]}}