{"id":115,"date":"2020-03-11T15:12:16","date_gmt":"2020-03-11T14:12:16","guid":{"rendered":"https:\/\/pans.krosno.pl\/sjo\/?page_id=115"},"modified":"2025-10-17T14:29:41","modified_gmt":"2025-10-17T12:29:41","slug":"lektorzy","status":"publish","type":"page","link":"https:\/\/pans.krosno.pl\/sjo\/lektorzy\/","title":{"rendered":"Lektorzy"},"content":{"rendered":"\n<hr class=\"wp-block-separator has-alpha-channel-opacity\"\/>\n\n\n\n<div class=\"wp-block-columns is-layout-flex wp-container-core-columns-is-layout-28f84493 wp-block-columns-is-layout-flex\">\n<div class=\"wp-block-column is-layout-flow wp-block-column-is-layout-flow\" style=\"flex-basis:15%\">\n<figure class=\"wp-block-image size-thumbnail is-style-rounded\"><img loading=\"lazy\" decoding=\"async\" width=\"150\" height=\"150\" src=\"https:\/\/pans.krosno.pl\/sjo\/wp-content\/uploads\/sites\/25\/2024\/11\/image-1-150x150.png\" alt=\"\" class=\"wp-image-2282\" srcset=\"https:\/\/pans.krosno.pl\/sjo\/wp-content\/uploads\/sites\/25\/2024\/11\/image-1-150x150.png 150w, https:\/\/pans.krosno.pl\/sjo\/wp-content\/uploads\/sites\/25\/2024\/11\/image-1-300x300.png 300w, https:\/\/pans.krosno.pl\/sjo\/wp-content\/uploads\/sites\/25\/2024\/11\/image-1.png 495w\" sizes=\"auto, (max-width: 150px) 100vw, 150px\" \/><\/figure>\n<\/div>\n\n\n\n<div class=\"wp-block-column is-layout-flow wp-block-column-is-layout-flow\" style=\"flex-basis:35%\">\n<p class=\"has-medium-font-size\"><a href=\"https:\/\/pans.krosno.pl\/pracownicy\/mgr-anna-swist\/\" target=\"_blank\" rel=\"noreferrer noopener\"><strong>mgr Anna \u015awist<\/strong><\/a><\/p>\n\n\n\n<p>Za\u0142o\u017cycielka Studium J\u0119zyk\u00f3w Obcych przy Pa\u0144stwowej Akademii Nauk Stosowanych w Kro\u015bnie i jego kierownik w latach 1999-2024. Lektor j\u0119zyka niemieckiego z do\u015bwiadczeniem w pracy ze studentami r\u00f3\u017cnych specjalno\u015bci na r\u00f3\u017cnych poziomach zaawansowania, ceniony i lubiany dydaktyk, autorka materia\u0142\u00f3w edukacyjnych. Inicjatorka wydarze\u0144 naukowych i promocyjnych, organizatorka konkurs\u00f3w j\u0119zykowych, koordynatorka dzia\u0142alno\u015bci j\u0119zykowej Academii i Wewn\u0119trznego O\u015brodka Egzaminacyjnego British Council.<\/p>\n\n\n\n<hr class=\"wp-block-separator has-alpha-channel-opacity\"\/>\n<\/div>\n\n\n\n<div class=\"wp-block-column is-layout-flow wp-block-column-is-layout-flow\" style=\"flex-basis:15%\">\n<figure class=\"wp-block-image size-thumbnail is-style-rounded\"><img loading=\"lazy\" decoding=\"async\" width=\"150\" height=\"150\" src=\"https:\/\/pans.krosno.pl\/sjo\/wp-content\/uploads\/sites\/25\/2024\/11\/image-150x150.png\" alt=\"\" class=\"wp-image-2281\" srcset=\"https:\/\/pans.krosno.pl\/sjo\/wp-content\/uploads\/sites\/25\/2024\/11\/image-150x150.png 150w, https:\/\/pans.krosno.pl\/sjo\/wp-content\/uploads\/sites\/25\/2024\/11\/image.png 300w\" sizes=\"auto, (max-width: 150px) 100vw, 150px\" \/><\/figure>\n<\/div>\n\n\n\n<div class=\"wp-block-column is-layout-flow wp-block-column-is-layout-flow\" style=\"flex-basis:35%\">\n<p class=\"has-medium-font-size\"><strong><a href=\"https:\/\/pans.krosno.pl\/pracownicy\/mgr-joanna-krochmal\/\" target=\"_blank\" rel=\"noreferrer noopener\">mgr Joanna Krochmal<\/a>&nbsp;<\/strong><br><strong>Kierownik Studium J\u0119zyk\u00f3w Obcych<\/strong><\/p>\n\n\n\n<p>Lektor j\u0119zyka angielskiego w Studium J\u0119zyk\u00f3w Obcych, administrator Wewn\u0119trznego O\u015brodka Egzaminacyjnego British Council, egzaminator Cambridge English Assessment oraz matury i testu \u00f3smoklasisty. Posiada bogate do\u015bwiadczenie w pracy z dzie\u0107mi, m\u0142odzie\u017c\u0105 i doros\u0142ymi, specjalizuje si\u0119 w kursach przygotowuj\u0105cych do egzamin\u00f3w Cambridge English Assessment, nieustannie doskonali swe umiej\u0119tno\u015bci w obszarze j\u0119zyk\u00f3w specjalistycznych. Autorka skrypt\u00f3w dydaktycznych: Business English Essentials, Test Your Business English oraz English B2+ in a Nutshell. Jej zawodowe fascynacje to nowoczesna metodyka nauczania j\u0119zyk\u00f3w obcych oraz j\u0119zyk angielski w biznesie.<\/p>\n\n\n\n<hr class=\"wp-block-separator has-alpha-channel-opacity\"\/>\n<\/div>\n<\/div>\n\n\n\n<hr class=\"wp-block-separator has-alpha-channel-opacity\"\/>\n\n\n\n<div class=\"wp-block-columns is-layout-flex wp-container-core-columns-is-layout-28f84493 wp-block-columns-is-layout-flex\">\n<div class=\"wp-block-column is-layout-flow wp-block-column-is-layout-flow\" style=\"flex-basis:80%\">\n<p class=\"has-medium-font-size\"><a href=\"https:\/\/pans.krosno.pl\/pracownicy\/mgr-elzbieta-pawlik\/\" target=\"_blank\" rel=\"noreferrer noopener\"><strong>mgr&nbsp;El\u017cbieta Pawlik<\/strong><\/a><\/p>\n\n\n\n<p>Lektor j\u0119zyka angielskiego w Studium J\u0119zyk\u00f3w Obcych w Pa\u0144stwowej Akademii Nauk Stosowanych w Kro\u015bnie. Prowadzi zaj\u0119cia lektoratowe z grupami o r\u00f3\u017cnym zaawansowaniu j\u0119zyka angielskiego og\u00f3lnego i specjalistycznego (biznesowy, medyczny, techniczny). Przygotowuje kandydat\u00f3w do egzamin\u00f3w mi\u0119dzynarodowych Cambridge. T\u0142umacz przysi\u0119g\u0142y j\u0119zyka angielskiego. Jej zainteresowania zawodowe koncentruj\u0105 si\u0119 na t\u0142umaczeniach i metodyce nauczania j\u0119zyka biznesowego. Autorka skrypt\u00f3w do nauki j\u0119zyka angielskiego w biznesie: Business English Essentials i Test Your Business English.<\/p>\n<\/div>\n\n\n\n<div class=\"wp-block-column is-layout-flow wp-block-column-is-layout-flow\" style=\"flex-basis:20%\">\n<figure class=\"wp-block-image size-full is-style-rounded\"><img loading=\"lazy\" decoding=\"async\" width=\"393\" height=\"457\" src=\"https:\/\/pans.krosno.pl\/sjo\/wp-content\/uploads\/sites\/25\/2025\/10\/image.png\" alt=\"\" class=\"wp-image-2661\" srcset=\"https:\/\/pans.krosno.pl\/sjo\/wp-content\/uploads\/sites\/25\/2025\/10\/image.png 393w, https:\/\/pans.krosno.pl\/sjo\/wp-content\/uploads\/sites\/25\/2025\/10\/image-258x300.png 258w\" sizes=\"auto, (max-width: 393px) 100vw, 393px\" \/><\/figure>\n<\/div>\n<\/div>\n\n\n\n<hr class=\"wp-block-separator has-alpha-channel-opacity\"\/>\n\n\n\n<div class=\"wp-block-columns is-layout-flex wp-container-core-columns-is-layout-28f84493 wp-block-columns-is-layout-flex\">\n<div class=\"wp-block-column is-layout-flow wp-block-column-is-layout-flow\" style=\"flex-basis:80%\">\n<p class=\"has-medium-font-size\"><a href=\"https:\/\/pans.krosno.pl\/pracownicy\/mgr-agnieszka-antosz-kasprzyk\/\" target=\"_blank\" rel=\"noreferrer noopener\"><strong>mgr Agnieszka Antosz-Kasprzyk<\/strong><\/a><\/p>\n\n\n\n<p>Lektor j\u0119zyka angielskiego w Studium J\u0119zyk\u00f3w Obcych w Pa\u0144stwowej Akademii Nauk Stosowanych w Kro\u015bnie. Posiada wieloletnie do\u015bwiadczenie w pracy z dzie\u0107mi, m\u0142odzie\u017c\u0105 i doros\u0142ymi. Prowadzi zaj\u0119cia dla student\u00f3w i klient\u00f3w kurs\u00f3w j\u0119zykowych Academia. Jej zainteresowania naukowe koncentruj\u0105 si\u0119 wok\u00f3\u0142 zagadnie\u0144 zwi\u0105zanych z metodyk\u0105 nauczania j\u0119zyka angielskiego, nauczaniem j\u0119zyka angielskiego specjalistycznego, a w szczeg\u00f3lno\u015bci j\u0119zyka angielskiego medycznego, a tak\u017ce nauczaniem os\u00f3b ze specjalnymi potrzebami edukacyjnymi np. z dysleksj\u0105. Autorka skrypt\u00f3w i materia\u0142\u00f3w do nauczania j\u0119zyka angielskiego. Przygotowuje kandydat\u00f3w do egzamin\u00f3w mi\u0119dzynarodowych Cambridge i wsp\u00f3\u0142pracuje z Wewn\u0119trznym O\u015brodkiem Egzaminacyjnym British Council w PANS w Kro\u015bnie.<\/p>\n<\/div>\n\n\n\n<div class=\"wp-block-column is-layout-flow wp-block-column-is-layout-flow\" style=\"flex-basis:20%\">\n<figure class=\"wp-block-image size-full is-resized is-style-rounded\"><img decoding=\"async\" src=\"https:\/\/pans.krosno.pl\/akjo\/wp-content\/uploads\/sites\/40\/2024\/11\/image-1.png\" alt=\"\" class=\"wp-image-4579\" style=\"width:150px\"\/><\/figure>\n<\/div>\n<\/div>\n\n\n\n<hr class=\"wp-block-separator has-alpha-channel-opacity\"\/>\n\n\n\n<div class=\"wp-block-columns is-layout-flex wp-container-core-columns-is-layout-28f84493 wp-block-columns-is-layout-flex\">\n<div class=\"wp-block-column is-layout-flow wp-block-column-is-layout-flow\" style=\"flex-basis:80%\">\n<p class=\"has-medium-font-size\"><a href=\"https:\/\/pans.krosno.pl\/pracownicy\/sylwia-bronska-putzig\/\"><strong>mgr Sylwia Bro\u0144ska-Putzig<\/strong><\/a><\/p>\n\n\n\n<p>Lektor j\u0119zyka angielskiego w Studium J\u0119zyk\u00f3w Obcych, autorka materia\u0142\u00f3w edukacyjnych i skryptu English B2+ in a Nutshell, wsp\u00f3\u0142organizatorka konkurs\u00f3w j\u0119zykowych i wydarze\u0144 dydaktyczno-promocyjnych. Specjalizuje si\u0119 w kursach j\u0119zyka angielskiego og\u00f3lnego i specjalistycznego dla doros\u0142ych na r\u00f3\u017cnym poziomie zaawansowania, przygotowuje student\u00f3w do egzamin\u00f3w Cambridge English Assessment. Jej zawodowe zainteresowania kr\u0105\u017c\u0105 wok\u00f3\u0142 kultury, historii oraz polityki Stan\u00f3w Zjednoczonych.<\/p>\n<\/div>\n\n\n\n<div class=\"wp-block-column is-layout-flow wp-block-column-is-layout-flow\" style=\"flex-basis:20%\">\n<figure class=\"wp-block-image size-full is-resized is-style-rounded\"><img decoding=\"async\" src=\"https:\/\/pans.krosno.pl\/akjo\/wp-content\/uploads\/sites\/40\/2024\/11\/image-2.png\" alt=\"\" class=\"wp-image-4580\" style=\"object-fit:cover;width:150px;height:180px\"\/><\/figure>\n<\/div>\n<\/div>\n\n\n\n<hr class=\"wp-block-separator has-alpha-channel-opacity\"\/>\n\n\n\n<div class=\"wp-block-columns is-layout-flex wp-container-core-columns-is-layout-28f84493 wp-block-columns-is-layout-flex\">\n<div class=\"wp-block-column is-layout-flow wp-block-column-is-layout-flow\" style=\"flex-basis:80%\">\n<p class=\"has-medium-font-size\"><a href=\"https:\/\/pans.krosno.pl\/pracownicy\/mgr-marta-maksym\/\" target=\"_blank\" rel=\"noreferrer noopener\"><strong>mgr Marta Maksym<\/strong><\/a><\/p>\n\n\n\n<p>Lektor j\u0119zyka angielskiego w Studium J\u0119zyk\u00f3w Obcych i Academii. Prowadzi zaj\u0119cia lektoratowe j\u0119zyka angielskiego og\u00f3lnego i specjalistycznego na r\u00f3\u017cnych poziomach zaawansowania oraz kursy j\u0119zykowe dla dzieci i m\u0142odzie\u017cy, w tym kursy przygotowuj\u0105ce kandydat\u00f3w do egzamin\u00f3w Cambridge English. Posiada uprawnienia egzaminatora egzaminu \u00f3smoklasisty. Wsp\u00f3\u0142organizuje konkursy j\u0119zykowe dla uczni\u00f3w szk\u00f3\u0142 ponadpodstawowych i student\u00f3w oraz wsp\u00f3\u0142tworzy magazyn j\u0119zykowy Academia Stars. Pasjonuje si\u0119 neurodydaktyk\u0105, wdra\u017caniem nowoczesnych metod pracy oraz doskonaleniem warsztatu nauczania akademickiego.<\/p>\n<\/div>\n\n\n\n<div class=\"wp-block-column is-layout-flow wp-block-column-is-layout-flow\" style=\"flex-basis:20%\">\n<figure class=\"wp-block-image size-full is-resized is-style-rounded\"><img decoding=\"async\" src=\"https:\/\/pans.krosno.pl\/akjo\/wp-content\/uploads\/sites\/40\/2024\/11\/image-3.png\" alt=\"\" class=\"wp-image-4581\" style=\"width:150px\"\/><\/figure>\n<\/div>\n<\/div>\n\n\n\n<hr class=\"wp-block-separator has-alpha-channel-opacity\"\/>\n\n\n\n<div class=\"wp-block-columns is-layout-flex wp-container-core-columns-is-layout-28f84493 wp-block-columns-is-layout-flex\">\n<div class=\"wp-block-column is-layout-flow wp-block-column-is-layout-flow\" style=\"flex-basis:80%\">\n<p class=\"has-medium-font-size\"><strong>mgr Katarzyna Albrycht-B\u0142ahut<\/strong><\/p>\n\n\n\n<p>Lektor j\u0119zyka angielskiego w Studium J\u0119zyk\u00f3w Obcych, gdzie prowadzi zaj\u0119cia dla grup o zr\u00f3\u017cnicowanym poziomie zaawansowania, w tym tak\u017ce kursy j\u0119zyka specjalistycznego z zakresu turystyki. Wzbogaca swoje do\u015bwiadczenie pracuj\u0105c tak\u017ce z r\u00f3\u017cnymi grupami wiekowymi w j\u0119zykowej Academii. Przygotowuje uczni\u00f3w do egzamin\u00f3w i wspiera rozwijanie ich umiej\u0119tno\u015bci j\u0119zykowych. Zdobywczyni certyfikatu DELE C1, dzi\u0119ki kt\u00f3remu mo\u017ce r\u00f3wnie\u017c realizowa\u0107 si\u0119 jako nauczyciel j\u0119zyka hiszpa\u0144skiego. Jako pasjonatka j\u0119zyk\u00f3w obcych \u2013 aktualnie zg\u0142\u0119bia tajniki j\u0119zyka japo\u0144skiego. W wolnym czasie rozwija si\u0119 artystycznie maluj\u0105c kwiaty i zachody s\u0142o\u0144ca. Z zami\u0142owaniem do nauczania stara si\u0119 tworzy\u0107 inspiruj\u0105ce \u015brodowisko do nauki dla swoich student\u00f3w, nieustannie d\u0105\u017c\u0105c do ich motywowania i aktywizowania.<\/p>\n<\/div>\n\n\n\n<div class=\"wp-block-column is-layout-flow wp-block-column-is-layout-flow\" style=\"flex-basis:20%\">\n<figure class=\"wp-block-image size-full is-style-rounded\"><img loading=\"lazy\" decoding=\"async\" width=\"512\" height=\"627\" src=\"https:\/\/pans.krosno.pl\/sjo\/wp-content\/uploads\/sites\/25\/2024\/11\/image-5.png\" alt=\"\" class=\"wp-image-2300\" srcset=\"https:\/\/pans.krosno.pl\/sjo\/wp-content\/uploads\/sites\/25\/2024\/11\/image-5.png 512w, https:\/\/pans.krosno.pl\/sjo\/wp-content\/uploads\/sites\/25\/2024\/11\/image-5-245x300.png 245w\" sizes=\"auto, (max-width: 512px) 100vw, 512px\" \/><\/figure>\n<\/div>\n<\/div>\n\n\n\n<hr class=\"wp-block-separator has-alpha-channel-opacity\"\/>\n\n\n\n<div class=\"wp-block-columns is-layout-flex wp-container-core-columns-is-layout-28f84493 wp-block-columns-is-layout-flex\">\n<div class=\"wp-block-column is-layout-flow wp-block-column-is-layout-flow\" style=\"flex-basis:80%\">\n<p class=\"has-medium-font-size\"><strong>mgr Kamila Kurdziel<\/strong><\/p>\n\n\n\n<p>Uko\u0144czy\u0142a studia na wydziale Lingwistyki Stosowanej Uniwersytetu Wiede\u0144skiego, a tak\u017ce Dyplomacj\u0119 i Stosunki Konsularne na Uniwersytecie im. Adama Mickiewicza w Poznaniu. Jej marzeniem by\u0142a praca w zagranicznych plac\u00f3wkach dyplomatycznych Polski, ale pasja do nauczania j\u0119zyk\u00f3w obcych sprawi\u0142a, \u017ce obecnie pracuje jako lektor i nauczyciel j\u0119zyka niemieckiego i francuskiego, z czego czerpie ogromn\u0105 rado\u015b\u0107 i satysfakcj\u0119!<\/p>\n\n\n\n<p><\/p>\n<\/div>\n\n\n\n<div class=\"wp-block-column is-layout-flow wp-block-column-is-layout-flow\" style=\"flex-basis:20%\">\n<figure class=\"wp-block-image size-thumbnail is-style-rounded\"><img loading=\"lazy\" decoding=\"async\" width=\"150\" height=\"150\" src=\"https:\/\/pans.krosno.pl\/sjo\/wp-content\/uploads\/sites\/25\/2024\/11\/image-2-150x150.png\" alt=\"\" class=\"wp-image-2291\" srcset=\"https:\/\/pans.krosno.pl\/sjo\/wp-content\/uploads\/sites\/25\/2024\/11\/image-2-150x150.png 150w, https:\/\/pans.krosno.pl\/sjo\/wp-content\/uploads\/sites\/25\/2024\/11\/image-2-300x300.png 300w, https:\/\/pans.krosno.pl\/sjo\/wp-content\/uploads\/sites\/25\/2024\/11\/image-2.png 526w\" sizes=\"auto, (max-width: 150px) 100vw, 150px\" \/><\/figure>\n<\/div>\n<\/div>\n\n\n\n<hr class=\"wp-block-separator has-alpha-channel-opacity\"\/>\n","protected":false},"excerpt":{"rendered":"<p>mgr Anna \u015awist Za\u0142o\u017cycielka Studium J\u0119zyk\u00f3w Obcych przy Pa\u0144stwowej Akademii Nauk Stosowanych w Kro\u015bnie i jego kierownik w latach 1999-2024. Lektor j\u0119zyka niemieckiego z do\u015bwiadczeniem w pracy ze studentami r\u00f3\u017cnych specjalno\u015bci na r\u00f3\u017cnych poziomach zaawansowania, ceniony i lubiany dydaktyk, autorka materia\u0142\u00f3w edukacyjnych. Inicjatorka wydarze\u0144 naukowych i promocyjnych, organizatorka konkurs\u00f3w j\u0119zykowych, [\u2026] <\/p>\n<div class=\"clear\"><\/div>\n<p><a class=\"more_link clearfix\" href=\"https:\/\/pans.krosno.pl\/sjo\/lektorzy\/\" rel=\"nofollow\">Read More<\/a><\/p>\n","protected":false},"author":27,"featured_media":0,"parent":0,"menu_order":0,"comment_status":"closed","ping_status":"closed","template":"page-templates\/template-full-width.php","meta":{"ngg_post_thumbnail":0,"footnotes":""},"class_list":["post-115","page","type-page","status-publish","hentry"],"yoast_head":"<!-- This site is optimized with the Yoast SEO Premium plugin v27.3 (Yoast SEO v27.3) - https:\/\/yoast.com\/product\/yoast-seo-premium-wordpress\/ -->\n<title>Lektorzy - Studium J\u0119zyk\u00f3w Obcych PANS w Kro\u015bnie<\/title>\n<meta name=\"description\" content=\"KPU w Kro\u015bnie\" \/>\n<meta name=\"robots\" content=\"index, follow, max-snippet:-1, max-image-preview:large, max-video-preview:-1\" \/>\n<link rel=\"canonical\" href=\"https:\/\/pans.krosno.pl\/sjo\/lektorzy\/\" \/>\n<meta property=\"og:locale\" content=\"pl_PL\" \/>\n<meta property=\"og:type\" content=\"article\" \/>\n<meta property=\"og:title\" content=\"Lektorzy\" \/>\n<meta property=\"og:description\" content=\"KPU w Kro\u015bnie\" \/>\n<meta property=\"og:url\" content=\"https:\/\/pans.krosno.pl\/sjo\/lektorzy\/\" \/>\n<meta property=\"og:site_name\" content=\"Studium J\u0119zyk\u00f3w Obcych PANS w Kro\u015bnie\" \/>\n<meta property=\"article:modified_time\" content=\"2025-10-17T12:29:41+00:00\" \/>\n<meta property=\"og:image\" content=\"https:\/\/pans.krosno.pl\/sjo\/wp-content\/uploads\/sites\/25\/2024\/11\/image-1.png\" \/>\n\t<meta property=\"og:image:width\" content=\"495\" \/>\n\t<meta property=\"og:image:height\" content=\"497\" \/>\n\t<meta property=\"og:image:type\" content=\"image\/png\" \/>\n<meta name=\"twitter:card\" content=\"summary_large_image\" \/>\n<meta name=\"twitter:label1\" content=\"Szacowany czas czytania\" \/>\n\t<meta name=\"twitter:data1\" content=\"6 minut\" \/>\n<script type=\"application\/ld+json\" class=\"yoast-schema-graph\">{\"@context\":\"https:\\\/\\\/schema.org\",\"@graph\":[{\"@type\":\"WebPage\",\"@id\":\"https:\\\/\\\/pans.krosno.pl\\\/sjo\\\/lektorzy\\\/\",\"url\":\"https:\\\/\\\/pans.krosno.pl\\\/sjo\\\/lektorzy\\\/\",\"name\":\"Lektorzy - Studium J\u0119zyk\u00f3w Obcych PANS w Kro\u015bnie\",\"isPartOf\":{\"@id\":\"https:\\\/\\\/pans.krosno.pl\\\/sjo\\\/#website\"},\"primaryImageOfPage\":{\"@id\":\"https:\\\/\\\/pans.krosno.pl\\\/sjo\\\/lektorzy\\\/#primaryimage\"},\"image\":{\"@id\":\"https:\\\/\\\/pans.krosno.pl\\\/sjo\\\/lektorzy\\\/#primaryimage\"},\"thumbnailUrl\":\"https:\\\/\\\/pans.krosno.pl\\\/sjo\\\/wp-content\\\/uploads\\\/sites\\\/25\\\/2024\\\/11\\\/image-1-150x150.png\",\"datePublished\":\"2020-03-11T14:12:16+00:00\",\"dateModified\":\"2025-10-17T12:29:41+00:00\",\"description\":\"KPU w Kro\u015bnie\",\"breadcrumb\":{\"@id\":\"https:\\\/\\\/pans.krosno.pl\\\/sjo\\\/lektorzy\\\/#breadcrumb\"},\"inLanguage\":\"pl-PL\",\"potentialAction\":[{\"@type\":\"ReadAction\",\"target\":[\"https:\\\/\\\/pans.krosno.pl\\\/sjo\\\/lektorzy\\\/\"]}]},{\"@type\":\"ImageObject\",\"inLanguage\":\"pl-PL\",\"@id\":\"https:\\\/\\\/pans.krosno.pl\\\/sjo\\\/lektorzy\\\/#primaryimage\",\"url\":\"https:\\\/\\\/pans.krosno.pl\\\/sjo\\\/wp-content\\\/uploads\\\/sites\\\/25\\\/2024\\\/11\\\/image-1.png\",\"contentUrl\":\"https:\\\/\\\/pans.krosno.pl\\\/sjo\\\/wp-content\\\/uploads\\\/sites\\\/25\\\/2024\\\/11\\\/image-1.png\",\"width\":495,\"height\":497},{\"@type\":\"BreadcrumbList\",\"@id\":\"https:\\\/\\\/pans.krosno.pl\\\/sjo\\\/lektorzy\\\/#breadcrumb\",\"itemListElement\":[{\"@type\":\"ListItem\",\"position\":1,\"name\":\"Strona g\u0142\u00f3wna\",\"item\":\"https:\\\/\\\/pans.krosno.pl\\\/sjo\\\/\"},{\"@type\":\"ListItem\",\"position\":2,\"name\":\"Lektorzy\"}]},{\"@type\":\"WebSite\",\"@id\":\"https:\\\/\\\/pans.krosno.pl\\\/sjo\\\/#website\",\"url\":\"https:\\\/\\\/pans.krosno.pl\\\/sjo\\\/\",\"name\":\"Studium J\u0119zyk\u00f3w Obcych PANS w Kro\u015bnie\",\"description\":\"Studium J\u0119zyk\u00f3w Obcych  - Pa\u0144stwowa Akademia Nauk Stosowanych\",\"publisher\":{\"@id\":\"https:\\\/\\\/pans.krosno.pl\\\/sjo\\\/#organization\"},\"potentialAction\":[{\"@type\":\"SearchAction\",\"target\":{\"@type\":\"EntryPoint\",\"urlTemplate\":\"https:\\\/\\\/pans.krosno.pl\\\/sjo\\\/?s={search_term_string}\"},\"query-input\":{\"@type\":\"PropertyValueSpecification\",\"valueRequired\":true,\"valueName\":\"search_term_string\"}}],\"inLanguage\":\"pl-PL\"},{\"@type\":\"Organization\",\"@id\":\"https:\\\/\\\/pans.krosno.pl\\\/sjo\\\/#organization\",\"name\":\"Studium J\u0119zyk\u00f3w Obcych PANS w Kro\u015bnie\",\"url\":\"https:\\\/\\\/pans.krosno.pl\\\/sjo\\\/\",\"logo\":{\"@type\":\"ImageObject\",\"inLanguage\":\"pl-PL\",\"@id\":\"https:\\\/\\\/pans.krosno.pl\\\/sjo\\\/#\\\/schema\\\/logo\\\/image\\\/\",\"url\":\"https:\\\/\\\/pans.krosno.pl\\\/sjo\\\/wp-content\\\/uploads\\\/sites\\\/25\\\/2023\\\/01\\\/Logo-PANS-2022-pelne.png\",\"contentUrl\":\"https:\\\/\\\/pans.krosno.pl\\\/sjo\\\/wp-content\\\/uploads\\\/sites\\\/25\\\/2023\\\/01\\\/Logo-PANS-2022-pelne.png\",\"width\":3096,\"height\":696,\"caption\":\"Studium J\u0119zyk\u00f3w Obcych PANS w Kro\u015bnie\"},\"image\":{\"@id\":\"https:\\\/\\\/pans.krosno.pl\\\/sjo\\\/#\\\/schema\\\/logo\\\/image\\\/\"}}]}<\/script>\n<!-- \/ Yoast SEO Premium plugin. -->","yoast_head_json":{"title":"Lektorzy - Studium J\u0119zyk\u00f3w Obcych PANS w Kro\u015bnie","description":"KPU w Kro\u015bnie","robots":{"index":"index","follow":"follow","max-snippet":"max-snippet:-1","max-image-preview":"max-image-preview:large","max-video-preview":"max-video-preview:-1"},"canonical":"https:\/\/pans.krosno.pl\/sjo\/lektorzy\/","og_locale":"pl_PL","og_type":"article","og_title":"Lektorzy","og_description":"KPU w Kro\u015bnie","og_url":"https:\/\/pans.krosno.pl\/sjo\/lektorzy\/","og_site_name":"Studium J\u0119zyk\u00f3w Obcych PANS w Kro\u015bnie","article_modified_time":"2025-10-17T12:29:41+00:00","og_image":[{"width":495,"height":497,"url":"https:\/\/pans.krosno.pl\/sjo\/wp-content\/uploads\/sites\/25\/2024\/11\/image-1.png","type":"image\/png"}],"twitter_card":"summary_large_image","twitter_misc":{"Szacowany czas czytania":"6 minut"},"schema":{"@context":"https:\/\/schema.org","@graph":[{"@type":"WebPage","@id":"https:\/\/pans.krosno.pl\/sjo\/lektorzy\/","url":"https:\/\/pans.krosno.pl\/sjo\/lektorzy\/","name":"Lektorzy - Studium J\u0119zyk\u00f3w Obcych PANS w Kro\u015bnie","isPartOf":{"@id":"https:\/\/pans.krosno.pl\/sjo\/#website"},"primaryImageOfPage":{"@id":"https:\/\/pans.krosno.pl\/sjo\/lektorzy\/#primaryimage"},"image":{"@id":"https:\/\/pans.krosno.pl\/sjo\/lektorzy\/#primaryimage"},"thumbnailUrl":"https:\/\/pans.krosno.pl\/sjo\/wp-content\/uploads\/sites\/25\/2024\/11\/image-1-150x150.png","datePublished":"2020-03-11T14:12:16+00:00","dateModified":"2025-10-17T12:29:41+00:00","description":"KPU w Kro\u015bnie","breadcrumb":{"@id":"https:\/\/pans.krosno.pl\/sjo\/lektorzy\/#breadcrumb"},"inLanguage":"pl-PL","potentialAction":[{"@type":"ReadAction","target":["https:\/\/pans.krosno.pl\/sjo\/lektorzy\/"]}]},{"@type":"ImageObject","inLanguage":"pl-PL","@id":"https:\/\/pans.krosno.pl\/sjo\/lektorzy\/#primaryimage","url":"https:\/\/pans.krosno.pl\/sjo\/wp-content\/uploads\/sites\/25\/2024\/11\/image-1.png","contentUrl":"https:\/\/pans.krosno.pl\/sjo\/wp-content\/uploads\/sites\/25\/2024\/11\/image-1.png","width":495,"height":497},{"@type":"BreadcrumbList","@id":"https:\/\/pans.krosno.pl\/sjo\/lektorzy\/#breadcrumb","itemListElement":[{"@type":"ListItem","position":1,"name":"Strona g\u0142\u00f3wna","item":"https:\/\/pans.krosno.pl\/sjo\/"},{"@type":"ListItem","position":2,"name":"Lektorzy"}]},{"@type":"WebSite","@id":"https:\/\/pans.krosno.pl\/sjo\/#website","url":"https:\/\/pans.krosno.pl\/sjo\/","name":"Studium J\u0119zyk\u00f3w Obcych PANS w Kro\u015bnie","description":"Studium J\u0119zyk\u00f3w Obcych  - Pa\u0144stwowa Akademia Nauk Stosowanych","publisher":{"@id":"https:\/\/pans.krosno.pl\/sjo\/#organization"},"potentialAction":[{"@type":"SearchAction","target":{"@type":"EntryPoint","urlTemplate":"https:\/\/pans.krosno.pl\/sjo\/?s={search_term_string}"},"query-input":{"@type":"PropertyValueSpecification","valueRequired":true,"valueName":"search_term_string"}}],"inLanguage":"pl-PL"},{"@type":"Organization","@id":"https:\/\/pans.krosno.pl\/sjo\/#organization","name":"Studium J\u0119zyk\u00f3w Obcych PANS w Kro\u015bnie","url":"https:\/\/pans.krosno.pl\/sjo\/","logo":{"@type":"ImageObject","inLanguage":"pl-PL","@id":"https:\/\/pans.krosno.pl\/sjo\/#\/schema\/logo\/image\/","url":"https:\/\/pans.krosno.pl\/sjo\/wp-content\/uploads\/sites\/25\/2023\/01\/Logo-PANS-2022-pelne.png","contentUrl":"https:\/\/pans.krosno.pl\/sjo\/wp-content\/uploads\/sites\/25\/2023\/01\/Logo-PANS-2022-pelne.png","width":3096,"height":696,"caption":"Studium J\u0119zyk\u00f3w Obcych PANS w Kro\u015bnie"},"image":{"@id":"https:\/\/pans.krosno.pl\/sjo\/#\/schema\/logo\/image\/"}}]}},"_links":{"self":[{"href":"https:\/\/pans.krosno.pl\/sjo\/wp-json\/wp\/v2\/pages\/115","targetHints":{"allow":["GET"]}}],"collection":[{"href":"https:\/\/pans.krosno.pl\/sjo\/wp-json\/wp\/v2\/pages"}],"about":[{"href":"https:\/\/pans.krosno.pl\/sjo\/wp-json\/wp\/v2\/types\/page"}],"author":[{"embeddable":true,"href":"https:\/\/pans.krosno.pl\/sjo\/wp-json\/wp\/v2\/users\/27"}],"replies":[{"embeddable":true,"href":"https:\/\/pans.krosno.pl\/sjo\/wp-json\/wp\/v2\/comments?post=115"}],"version-history":[{"count":26,"href":"https:\/\/pans.krosno.pl\/sjo\/wp-json\/wp\/v2\/pages\/115\/revisions"}],"predecessor-version":[{"id":2662,"href":"https:\/\/pans.krosno.pl\/sjo\/wp-json\/wp\/v2\/pages\/115\/revisions\/2662"}],"wp:attachment":[{"href":"https:\/\/pans.krosno.pl\/sjo\/wp-json\/wp\/v2\/media?parent=115"}],"curies":[{"name":"wp","href":"https:\/\/api.w.org\/{rel}","templated":true}]}}