{"id":100,"date":"2020-03-11T15:06:36","date_gmt":"2020-03-11T14:06:36","guid":{"rendered":"https:\/\/pans.krosno.pl\/sjo\/?page_id=100"},"modified":"2021-01-09T17:42:02","modified_gmt":"2021-01-09T16:42:02","slug":"egzamin-poziom-b2","status":"publish","type":"page","link":"https:\/\/pans.krosno.pl\/sjo\/egzamin-poziom-b2\/","title":{"rendered":"Egzamin Poziom B2"},"content":{"rendered":"<h3>B2 jako minimalny poziom kompetencji j\u0119zykowych dla student\u00f3w ko\u0144cz\u0105cych studia licencjackie<\/h3>\n<p class=\"Textbody\">Oficjalnym systemem oceny kompetencji w zakresie j\u0119zyk\u00f3w obcych w Unii Europejskiej i w krajach cz\u0142onkowskich Rady Europy, a zatem r\u00f3wnie\u017c we wszystkich dokumentach prawnych polskiego Ministerstwa Nauki i Szkolnictwa Wy\u017cszego, sta\u0142 si\u0119 E<b>uropejski System Opisu Kszta\u0142cenia J\u0119zykowego&nbsp;<\/b>(Common European Framework of Reference for Languages &#8211; CEFR) wprowadzajacy poziomy&nbsp;<b>A1 ( najni\u017cszy), A2, B1, B2, C1 i C2<\/b><\/p>\n<p class=\"Textbody\"><b>B2<\/b>&nbsp;to \u015bci\u015ble okre\u015blony stan kompetencji w zakresie j\u0119zyka obcego. Osoba reprezentuj\u0105ca poziom B2 rozumie g\u0142\u00f3wne idee skomplikowanych tekst\u00f3w, zar\u00f3wno w zakresie temat\u00f3w konkretnych, jak i abstrakcyjnych, w\u0142\u0105czaj\u0105c w to teksty specjalistyczne swojej specjalno\u015bci; jest w stanie bez wi\u0119kszych trudno\u015bci komunikowa\u0107 si\u0119 p\u0142ynnie i spontanicznie nawet z rodzimymi u\u017cytkownikami j\u0119zyka . Potrafi formu\u0142owa\u0107 przejrzyste wypowiedzi ustne i pisemne w szerokim zakresie temat\u00f3w, a tak\u017ce wyja\u015bnia\u0107 swoje stanowisko w sprawach b\u0119d\u0105cych przedmiotem dyskusji. Szczeg\u00f3\u0142owy opis znajduje si\u0119&nbsp;<a href=\"http:\/\/archiwum.pwsz.krosno.pl\/gfx\/pwszkrosno\/pl\/defaultopisy\/735\/1\/1\/europejskie_poziomy_bieglosci_jezykowej__tabela_samooceny.pdf\"><u>tutaj<\/u><\/a><\/p>\n<p class=\"Textbody\">Student o przeci\u0119tnych zdolno\u015bciach mo\u017ce osi\u0105gn\u0105c poziom B2 ju\u017c po ok 480 godzinach lekcyjnych (45 minut) sp\u0119dzonych efektywne z kompetentnym nauczycielem oraz po przynajmniej dodatkowych 480 godzinach sp\u0119dzonych na pracy w\u0142asnej.&nbsp;<\/p>\n<p class=\"Textbody\">Absolwent studi\u00f3w pierwszego stopnia nie mo\u017ce dosta\u0107 dyplomu uko\u0144czenia swoich studi\u00f3w bez udokumentowanej znajomo\u015bci (przynajmniej) jednego j\u0119zyka obcego na poziomie (przynajmniej) B2 .<\/p>\n<p class=\"Textbody\">Studenci PWSZ w Kro\u015bnie rozpoczynaj\u0105cy nauk\u0119 w 2012 roku, kt\u00f3rzy w testach poziomuj\u0105cych osi\u0105gn\u0105 niski poziom&nbsp; j\u0119zykowy (A1, A2) zostaj\u0105 zobligowani do indywidualnej dodatkowej pracy (np. dodatkowe kursy j\u0119zykowe, praca w\u0142asna), celem podwy\u017cszenia poziomu znajomo\u015bci j\u0119zyka.&nbsp;<u>Lektorat 75- lub120- godzinny (cztery semestry) w takiej sytuacji nie zapewni studentowi wymaganego poziomu.<br><\/u><\/p>\n<p class=\"Textbody\">&nbsp;Studenci podwy\u017cszaj\u0105cy sw\u00f3j poziom dodatkowo, indywidualnie, maj\u0105 nast\u0119puj\u0105ce mo\u017cliwo\u015bci:<\/p>\n<p class=\"Textbody\">a) Studenci mog\u0105 ucz\u0119szcza\u0107 na dodatkowe kursy wyr\u00f3wnawcze organizowane przez uczelni\u0119.Kursy s\u0105 odp\u0142atne, jednak uczelnia ustala zni\u017cki na takie kursy dla swoich student\u00f3w.<\/p>\n<p class=\"standard\">&nbsp;b) Studenci mog\u0105 pracowa\u0107 indywidualnie, s\u0105 jednak zobowi\u0105zani do konsultacji z lektorem j\u0119zyka obcego z uczelni, kt\u00f3ry wska\u017ce, jaki materia\u0142 nale\u017cy nadrobi\u0107.<\/p>\n\n\n<hr class=\"wp-block-separator\" \/>\n\n\n<h1>Przygotowanie do egzaminu B2 &#8211; przewodnik<\/h1>\n<p>W opracowanym przez Nas przewodniku prezentujemy szereg informacji&nbsp; dotycz\u0105cych formy i poziomu egzaminu oraz praktyczne rady pomagaj\u0105ce w efektywnym przygotowaniu si\u0119&nbsp; do niego.&nbsp;<\/p>\n\n\n<div class=\"wp-block-file\"><a href=\"https:\/\/pans.krosno.pl\/sjo\/wp-content\/uploads\/sites\/25\/2020\/03\/przewodnik.docx\"> Przygotowanie do egzaminu B2 &#8211; przewodnik <\/a><a href=\"https:\/\/pans.krosno.pl\/sjo\/wp-content\/uploads\/sites\/25\/2020\/03\/przewodnik.docx\" class=\"wp-block-file__button\" download>Pobierz<\/a><\/div>\n\n\n\n<hr class=\"wp-block-separator\" \/>\n\n\n<h1>Podr\u0119czniki i s\u0142owniki polecane do samodzielnej nauki j\u0119zyk\u00f3w obcych<\/h1>\n<p>Przygotowanie si\u0119 do egzaminu na poziomie B2 wymaga od studenta znacznego nak\u0142adu pracy w\u0142asnej ( dotyczy to szczeg\u00f3lnie os\u00f3b, kt\u00f3re maj\u0105 du\u017ce zaleg\u0142o\u015bci ze szko\u0142y \u015bredniej).&nbsp; Rekomendujemy pozycje ksi\u0105\u017ckowe dost\u0119pne w bibliotece PWSZ w Kro\u015bnie, kt\u00f3re mog\u0105 wspom\u00f3c nauk\u0119 s\u0142ownictwa i gramatyki.<\/p>\n\n\n<div class=\"wp-block-file\"><a href=\"https:\/\/pans.krosno.pl\/sjo\/wp-content\/uploads\/sites\/25\/2020\/03\/jezyk_niemiecki.doc\">J\u0119zyk Niemiecki<\/a><a href=\"https:\/\/pans.krosno.pl\/sjo\/wp-content\/uploads\/sites\/25\/2020\/03\/jezyk_niemiecki.doc\" class=\"wp-block-file__button\" download>Pobierz<\/a><\/div>\n\n\n\n<div class=\"wp-block-file\"><a href=\"https:\/\/pans.krosno.pl\/sjo\/wp-content\/uploads\/sites\/25\/2020\/03\/jezyk_angielski.doc\"> J\u0119zyk Angielski<\/a><a href=\"https:\/\/pans.krosno.pl\/sjo\/wp-content\/uploads\/sites\/25\/2020\/03\/jezyk_angielski.doc\" class=\"wp-block-file__button\" download>Pobierz<\/a><\/div>\n\n\n\n<div class=\"wp-block-file\"><a href=\"https:\/\/pans.krosno.pl\/sjo\/wp-content\/uploads\/sites\/25\/2020\/03\/jezyk_francuski.doc\"> J\u0119zyk Francuski<\/a><a href=\"https:\/\/pans.krosno.pl\/sjo\/wp-content\/uploads\/sites\/25\/2020\/03\/jezyk_francuski.doc\" class=\"wp-block-file__button\" download>Pobierz<\/a><\/div>\n\n\n\n<hr class=\"wp-block-separator\" \/>\n\n\n<h1>Sprawd\u017a sw\u00f3j poziom<\/h1>\n<p><strong>TEST POZIOMUJ\u0104CY<\/strong><br>Rozwi\u0105\u017c test i sprawd\u017a z wykorzystaniem klucza sw\u00f3j poziom j\u0119zykowy<\/p>\n<p><strong>TABELA SAMOOCENY<\/strong><br>Poziomy bieg\u0142o\u015bci j\u0119zykowej&nbsp; wg Europejskiego Systemu Kszta\u0142cenia J\u0119zykowego. Oce\u0144 sw\u00f3j pozim na podstawie zawartego w tabeli opisu umiej\u0119tno\u015bci.&nbsp;<\/p>\n\n\n<div class=\"wp-block-file\"><a href=\"https:\/\/pans.krosno.pl\/sjo\/wp-content\/uploads\/sites\/25\/2020\/03\/test_poziomujacy_z_jezyka_angielskiego.pdf\">Test poziomuj\u0105cy z j\u0119zyka angielskiego<\/a><a href=\"https:\/\/pans.krosno.pl\/sjo\/wp-content\/uploads\/sites\/25\/2020\/03\/test_poziomujacy_z_jezyka_angielskiego.pdf\" class=\"wp-block-file__button\" download>Pobierz<\/a><\/div>\n\n\n\n<div class=\"wp-block-file\"><a href=\"https:\/\/pans.krosno.pl\/sjo\/wp-content\/uploads\/sites\/25\/2020\/03\/test_poziomujacy_z_jezyka_francuskiego.pdf\"> Test poziomuj\u0105cy z j\u0119zyka francuskiego<\/a><a href=\"https:\/\/pans.krosno.pl\/sjo\/wp-content\/uploads\/sites\/25\/2020\/03\/test_poziomujacy_z_jezyka_francuskiego.pdf\" class=\"wp-block-file__button\" download>Pobierz<\/a><\/div>\n\n\n\n<div class=\"wp-block-file\"><a href=\"https:\/\/pans.krosno.pl\/sjo\/wp-content\/uploads\/sites\/25\/2020\/03\/test_poziomujacy_z_jezyka_niemieckiego.pdf\"> Test poziomuj\u0105cy z j\u0119zyka niemieckiego<\/a><a href=\"https:\/\/pans.krosno.pl\/sjo\/wp-content\/uploads\/sites\/25\/2020\/03\/test_poziomujacy_z_jezyka_niemieckiego.pdf\" class=\"wp-block-file__button\" download>Pobierz<\/a><\/div>\n\n\n\n<div class=\"wp-block-file\"><a href=\"https:\/\/pans.krosno.pl\/sjo\/wp-content\/uploads\/sites\/25\/2020\/03\/europejskie_poziomy_bieglosci_jezykowej__tabela_samooceny.pdf\">Europejskie poziomy bieg\u0142o\u015bci j\u0119zykowej tabela samooceny<\/a><a href=\"https:\/\/pans.krosno.pl\/sjo\/wp-content\/uploads\/sites\/25\/2020\/03\/europejskie_poziomy_bieglosci_jezykowej__tabela_samooceny.pdf\" class=\"wp-block-file__button\" download>Pobierz<\/a><\/div>\n\n\n\n<hr class=\"wp-block-separator\" \/>\n\n\n<h1>Zwolnienia z egzaminu na poziomie B2 i wy\u017cszym<\/h1>\n<p>Podstaw\u0105 do zwolnienia mo\u017ce byc za\u015bwiadczenie w\u0142adz innych uczelni o osi\u0105gnietym przez przez studenta poziomie lub inny certyfikat zewn\u0119trznych instytucji certyfikujacych wymieniony w za\u0142\u0105czniku do rozporz\u0105dzenia Ministra Nauki i Szkolnictwa Wy\u017cszego z 22 wrze\u015bnia 2011 r. Powy\u017csza informacja dotyczy r\u00f3wnie\u017c absolwent\u00f3w naszej Uczelni.<\/p>\n\n\n<div class=\"wp-block-file\"><a href=\"https:\/\/pans.krosno.pl\/sjo\/wp-content\/uploads\/sites\/25\/2020\/03\/wykaz_certyfikatow.pdf\">Wykaz certyfikat\u00f3w<\/a><a href=\"https:\/\/pans.krosno.pl\/sjo\/wp-content\/uploads\/sites\/25\/2020\/03\/wykaz_certyfikatow.pdf\" class=\"wp-block-file__button\" download>Pobierz<\/a><\/div>\n\n\n\n<hr class=\"wp-block-separator\" \/>\n\n\n<h2 class=\"tytul1\">Egzamin na poziomie B2<\/h2>\n<div class=\"aktualnosci\">\n<h3>Przyk\u0142adowe testy na poziomie B2<\/h3>\n<p><strong>PRZYK\u0141ADOWE TESTY NA POZIOMIE B2<\/strong><\/p>\n<\/div>\n\n\n<div class=\"wp-block-file\"><a href=\"https:\/\/pans.krosno.pl\/sjo\/wp-content\/uploads\/sites\/25\/2020\/03\/cambridge-english-first-2015-sample-paper-1-reading-and-use-of-english-v2-1.pdf\">  j\u0119zyk angielski  &#8211; <a href=\"https:\/\/pans.krosno.pl\/sjo\/wp-content\/uploads\/sites\/25\/2020\/03\/cambridge-english-first-2015-sample-paper-1-reading-and-use-of-english-v2.pdf\">egzamin CambridgeFCE \u00a0<\/a>\u00a0 <\/a><a href=\"https:\/\/pans.krosno.pl\/sjo\/wp-content\/uploads\/sites\/25\/2020\/03\/cambridge-english-first-2015-sample-paper-1-reading-and-use-of-english-v2-1.pdf\" class=\"wp-block-file__button\" download>Pobierz<\/a><\/div>\n\n\n\n<p> jezyk niemiecki &#8211; <a href=\"http:\/\/bfu.goethe.de\/b2_mod_2MX6\/lesen.php\">egzamin Goethe Zertifikat b2<\/a> <\/p>\n\n\n\n<p> jezyk rosyjski &#8211; &nbsp; &nbsp;&nbsp;<a href=\"http:\/\/www.zlat.spb.ru\/CatalogImages\/File\/pdf\/full_text\/test_2.pdf\">egzamin TRKI-2 (TORFL-2)<\/a> <\/p>\n\n\n\n<p><\/p>\n","protected":false},"excerpt":{"rendered":"<p>B2 jako minimalny poziom kompetencji j\u0119zykowych dla student\u00f3w ko\u0144cz\u0105cych studia licencjackie Oficjalnym systemem oceny kompetencji w zakresie j\u0119zyk\u00f3w obcych w Unii Europejskiej i w krajach cz\u0142onkowskich Rady Europy, a zatem r\u00f3wnie\u017c we wszystkich dokumentach prawnych polskiego Ministerstwa Nauki i Szkolnictwa Wy\u017cszego, sta\u0142 si\u0119 Europejski System Opisu Kszta\u0142cenia J\u0119zykowego&nbsp;(Common European Framework [\u2026] <\/p>\n<div class=\"clear\"><\/div>\n<p><a class=\"more_link clearfix\" href=\"https:\/\/pans.krosno.pl\/sjo\/egzamin-poziom-b2\/\" rel=\"nofollow\">Read More<\/a><\/p>\n","protected":false},"author":27,"featured_media":0,"parent":0,"menu_order":0,"comment_status":"closed","ping_status":"closed","template":"page-templates\/template-full-width.php","meta":{"ngg_post_thumbnail":0,"footnotes":""},"class_list":["post-100","page","type-page","status-publish","hentry"],"yoast_head":"<!-- This site is optimized with the Yoast SEO Premium plugin v27.4 (Yoast SEO v27.4) - https:\/\/yoast.com\/product\/yoast-seo-premium-wordpress\/ -->\n<title>Egzamin Poziom B2 - Studium J\u0119zyk\u00f3w Obcych PANS w Kro\u015bnie<\/title>\n<meta name=\"description\" content=\"B2 jako minimalny poziom kompetencji j\u0119zykowych dla student\u00f3w ko\u0144cz\u0105cych studia licencjackie\" \/>\n<meta name=\"robots\" content=\"index, follow, max-snippet:-1, max-image-preview:large, max-video-preview:-1\" \/>\n<link rel=\"canonical\" href=\"https:\/\/pans.krosno.pl\/sjo\/egzamin-poziom-b2\/\" \/>\n<meta property=\"og:locale\" content=\"pl_PL\" \/>\n<meta property=\"og:type\" content=\"article\" \/>\n<meta property=\"og:title\" content=\"Egzamin Poziom B2\" \/>\n<meta property=\"og:description\" content=\"B2 jako minimalny poziom kompetencji j\u0119zykowych dla student\u00f3w ko\u0144cz\u0105cych studia licencjackie\" \/>\n<meta property=\"og:url\" content=\"https:\/\/pans.krosno.pl\/sjo\/egzamin-poziom-b2\/\" \/>\n<meta property=\"og:site_name\" content=\"Studium J\u0119zyk\u00f3w Obcych PANS w Kro\u015bnie\" \/>\n<meta property=\"article:modified_time\" content=\"2021-01-09T16:42:02+00:00\" \/>\n<meta name=\"twitter:card\" content=\"summary_large_image\" \/>\n<meta name=\"twitter:label1\" content=\"Szacowany czas czytania\" \/>\n\t<meta name=\"twitter:data1\" content=\"3 minuty\" \/>\n<script type=\"application\/ld+json\" class=\"yoast-schema-graph\">{\"@context\":\"https:\\\/\\\/schema.org\",\"@graph\":[{\"@type\":\"WebPage\",\"@id\":\"https:\\\/\\\/pans.krosno.pl\\\/sjo\\\/egzamin-poziom-b2\\\/\",\"url\":\"https:\\\/\\\/pans.krosno.pl\\\/sjo\\\/egzamin-poziom-b2\\\/\",\"name\":\"Egzamin Poziom B2 - Studium J\u0119zyk\u00f3w Obcych PANS w Kro\u015bnie\",\"isPartOf\":{\"@id\":\"https:\\\/\\\/pans.krosno.pl\\\/sjo\\\/#website\"},\"datePublished\":\"2020-03-11T14:06:36+00:00\",\"dateModified\":\"2021-01-09T16:42:02+00:00\",\"description\":\"B2 jako minimalny poziom kompetencji j\u0119zykowych dla student\u00f3w ko\u0144cz\u0105cych studia licencjackie\",\"breadcrumb\":{\"@id\":\"https:\\\/\\\/pans.krosno.pl\\\/sjo\\\/egzamin-poziom-b2\\\/#breadcrumb\"},\"inLanguage\":\"pl-PL\",\"potentialAction\":[{\"@type\":\"ReadAction\",\"target\":[\"https:\\\/\\\/pans.krosno.pl\\\/sjo\\\/egzamin-poziom-b2\\\/\"]}]},{\"@type\":\"BreadcrumbList\",\"@id\":\"https:\\\/\\\/pans.krosno.pl\\\/sjo\\\/egzamin-poziom-b2\\\/#breadcrumb\",\"itemListElement\":[{\"@type\":\"ListItem\",\"position\":1,\"name\":\"Strona g\u0142\u00f3wna\",\"item\":\"https:\\\/\\\/pans.krosno.pl\\\/sjo\\\/\"},{\"@type\":\"ListItem\",\"position\":2,\"name\":\"Egzamin Poziom B2\"}]},{\"@type\":\"WebSite\",\"@id\":\"https:\\\/\\\/pans.krosno.pl\\\/sjo\\\/#website\",\"url\":\"https:\\\/\\\/pans.krosno.pl\\\/sjo\\\/\",\"name\":\"Studium J\u0119zyk\u00f3w Obcych PANS w Kro\u015bnie\",\"description\":\"Studium J\u0119zyk\u00f3w Obcych  - Pa\u0144stwowa Akademia Nauk Stosowanych\",\"publisher\":{\"@id\":\"https:\\\/\\\/pans.krosno.pl\\\/sjo\\\/#organization\"},\"potentialAction\":[{\"@type\":\"SearchAction\",\"target\":{\"@type\":\"EntryPoint\",\"urlTemplate\":\"https:\\\/\\\/pans.krosno.pl\\\/sjo\\\/?s={search_term_string}\"},\"query-input\":{\"@type\":\"PropertyValueSpecification\",\"valueRequired\":true,\"valueName\":\"search_term_string\"}}],\"inLanguage\":\"pl-PL\"},{\"@type\":\"Organization\",\"@id\":\"https:\\\/\\\/pans.krosno.pl\\\/sjo\\\/#organization\",\"name\":\"Studium J\u0119zyk\u00f3w Obcych PANS w Kro\u015bnie\",\"url\":\"https:\\\/\\\/pans.krosno.pl\\\/sjo\\\/\",\"logo\":{\"@type\":\"ImageObject\",\"inLanguage\":\"pl-PL\",\"@id\":\"https:\\\/\\\/pans.krosno.pl\\\/sjo\\\/#\\\/schema\\\/logo\\\/image\\\/\",\"url\":\"https:\\\/\\\/pans.krosno.pl\\\/sjo\\\/wp-content\\\/uploads\\\/sites\\\/25\\\/2023\\\/01\\\/Logo-PANS-2022-pelne.png\",\"contentUrl\":\"https:\\\/\\\/pans.krosno.pl\\\/sjo\\\/wp-content\\\/uploads\\\/sites\\\/25\\\/2023\\\/01\\\/Logo-PANS-2022-pelne.png\",\"width\":3096,\"height\":696,\"caption\":\"Studium J\u0119zyk\u00f3w Obcych PANS w Kro\u015bnie\"},\"image\":{\"@id\":\"https:\\\/\\\/pans.krosno.pl\\\/sjo\\\/#\\\/schema\\\/logo\\\/image\\\/\"}}]}<\/script>\n<!-- \/ Yoast SEO Premium plugin. -->","yoast_head_json":{"title":"Egzamin Poziom B2 - Studium J\u0119zyk\u00f3w Obcych PANS w Kro\u015bnie","description":"B2 jako minimalny poziom kompetencji j\u0119zykowych dla student\u00f3w ko\u0144cz\u0105cych studia licencjackie","robots":{"index":"index","follow":"follow","max-snippet":"max-snippet:-1","max-image-preview":"max-image-preview:large","max-video-preview":"max-video-preview:-1"},"canonical":"https:\/\/pans.krosno.pl\/sjo\/egzamin-poziom-b2\/","og_locale":"pl_PL","og_type":"article","og_title":"Egzamin Poziom B2","og_description":"B2 jako minimalny poziom kompetencji j\u0119zykowych dla student\u00f3w ko\u0144cz\u0105cych studia licencjackie","og_url":"https:\/\/pans.krosno.pl\/sjo\/egzamin-poziom-b2\/","og_site_name":"Studium J\u0119zyk\u00f3w Obcych PANS w Kro\u015bnie","article_modified_time":"2021-01-09T16:42:02+00:00","twitter_card":"summary_large_image","twitter_misc":{"Szacowany czas czytania":"3 minuty"},"schema":{"@context":"https:\/\/schema.org","@graph":[{"@type":"WebPage","@id":"https:\/\/pans.krosno.pl\/sjo\/egzamin-poziom-b2\/","url":"https:\/\/pans.krosno.pl\/sjo\/egzamin-poziom-b2\/","name":"Egzamin Poziom B2 - Studium J\u0119zyk\u00f3w Obcych PANS w Kro\u015bnie","isPartOf":{"@id":"https:\/\/pans.krosno.pl\/sjo\/#website"},"datePublished":"2020-03-11T14:06:36+00:00","dateModified":"2021-01-09T16:42:02+00:00","description":"B2 jako minimalny poziom kompetencji j\u0119zykowych dla student\u00f3w ko\u0144cz\u0105cych studia licencjackie","breadcrumb":{"@id":"https:\/\/pans.krosno.pl\/sjo\/egzamin-poziom-b2\/#breadcrumb"},"inLanguage":"pl-PL","potentialAction":[{"@type":"ReadAction","target":["https:\/\/pans.krosno.pl\/sjo\/egzamin-poziom-b2\/"]}]},{"@type":"BreadcrumbList","@id":"https:\/\/pans.krosno.pl\/sjo\/egzamin-poziom-b2\/#breadcrumb","itemListElement":[{"@type":"ListItem","position":1,"name":"Strona g\u0142\u00f3wna","item":"https:\/\/pans.krosno.pl\/sjo\/"},{"@type":"ListItem","position":2,"name":"Egzamin Poziom B2"}]},{"@type":"WebSite","@id":"https:\/\/pans.krosno.pl\/sjo\/#website","url":"https:\/\/pans.krosno.pl\/sjo\/","name":"Studium J\u0119zyk\u00f3w Obcych PANS w Kro\u015bnie","description":"Studium J\u0119zyk\u00f3w Obcych  - Pa\u0144stwowa Akademia Nauk Stosowanych","publisher":{"@id":"https:\/\/pans.krosno.pl\/sjo\/#organization"},"potentialAction":[{"@type":"SearchAction","target":{"@type":"EntryPoint","urlTemplate":"https:\/\/pans.krosno.pl\/sjo\/?s={search_term_string}"},"query-input":{"@type":"PropertyValueSpecification","valueRequired":true,"valueName":"search_term_string"}}],"inLanguage":"pl-PL"},{"@type":"Organization","@id":"https:\/\/pans.krosno.pl\/sjo\/#organization","name":"Studium J\u0119zyk\u00f3w Obcych PANS w Kro\u015bnie","url":"https:\/\/pans.krosno.pl\/sjo\/","logo":{"@type":"ImageObject","inLanguage":"pl-PL","@id":"https:\/\/pans.krosno.pl\/sjo\/#\/schema\/logo\/image\/","url":"https:\/\/pans.krosno.pl\/sjo\/wp-content\/uploads\/sites\/25\/2023\/01\/Logo-PANS-2022-pelne.png","contentUrl":"https:\/\/pans.krosno.pl\/sjo\/wp-content\/uploads\/sites\/25\/2023\/01\/Logo-PANS-2022-pelne.png","width":3096,"height":696,"caption":"Studium J\u0119zyk\u00f3w Obcych PANS w Kro\u015bnie"},"image":{"@id":"https:\/\/pans.krosno.pl\/sjo\/#\/schema\/logo\/image\/"}}]}},"_links":{"self":[{"href":"https:\/\/pans.krosno.pl\/sjo\/wp-json\/wp\/v2\/pages\/100","targetHints":{"allow":["GET"]}}],"collection":[{"href":"https:\/\/pans.krosno.pl\/sjo\/wp-json\/wp\/v2\/pages"}],"about":[{"href":"https:\/\/pans.krosno.pl\/sjo\/wp-json\/wp\/v2\/types\/page"}],"author":[{"embeddable":true,"href":"https:\/\/pans.krosno.pl\/sjo\/wp-json\/wp\/v2\/users\/27"}],"replies":[{"embeddable":true,"href":"https:\/\/pans.krosno.pl\/sjo\/wp-json\/wp\/v2\/comments?post=100"}],"version-history":[{"count":6,"href":"https:\/\/pans.krosno.pl\/sjo\/wp-json\/wp\/v2\/pages\/100\/revisions"}],"predecessor-version":[{"id":1412,"href":"https:\/\/pans.krosno.pl\/sjo\/wp-json\/wp\/v2\/pages\/100\/revisions\/1412"}],"wp:attachment":[{"href":"https:\/\/pans.krosno.pl\/sjo\/wp-json\/wp\/v2\/media?parent=100"}],"curies":[{"name":"wp","href":"https:\/\/api.w.org\/{rel}","templated":true}]}}