{"id":16,"date":"2022-11-28T09:16:06","date_gmt":"2022-11-28T08:16:06","guid":{"rendered":"https:\/\/pans.krosno.pl\/rotor\/?page_id=16"},"modified":"2022-11-28T13:49:38","modified_gmt":"2022-11-28T12:49:38","slug":"o-bolidzie","status":"publish","type":"page","link":"https:\/\/pans.krosno.pl\/rotor\/o-bolidzie\/","title":{"rendered":"O bolidzie"},"content":{"rendered":"\n<h1 class=\"wp-block-heading\" id=\"h-historia\"><strong>Historia<\/strong><\/h1>\n\n\n\n<p>W roku akademickim 2014\/2015&nbsp;Studenckie Ko\u0142o Naukowe&nbsp;ROTOR&nbsp;w&nbsp;Kro\u015bnie rozpocz\u0119\u0142o budow\u0119 \u201ebolidu\u201c i \u2013 finalnie \u2013 startu na zawodach Shell Eco-marathon. Ju\u017c podczas swojego debiutu studenci&nbsp;PWSZ&nbsp;im. S. Pigonia w&nbsp;Kro\u015bnie zaj\u0119li dziewi\u0105te miejsce w&nbsp;swojej kategorii.<\/p>\n\n\n\n<h2 class=\"wp-block-heading\" id=\"h-czemu-zawdzieczamy-tak-wysoka-lokate\"><strong>Czemu zawdzi\u0119czamy tak wysok\u0105 lokat\u0119?<\/strong><\/h2>\n\n\n\n<p>Sekret tkwi w&nbsp;szczeg\u00f3\u0142ach, a&nbsp;przede wszystkim w&nbsp;pracy, kt\u00f3r\u0105 studenci w\u0142o\u017cyli w&nbsp;skonstruowanie innowacyjnego, ekologicznego pojazdu. &nbsp;Budowa&nbsp;\u201ebolidu\u201c o&nbsp;du\u017cej energooszcz\u0119dno\u015bci by\u0142o mo\u017cliwe poprzez zastosowanie konstrukcji charakteryzuj\u0105cej si\u0119 niskimi oporami ruchu.<\/p>\n\n\n\n<p><strong>Po pierwsze \u2013 minimalizacja wagi<\/strong>&#8211; studenci Pa\u0144stwowej Wy\u017cszej Szko\u0142y Zawodowej im. S. Pigonia w&nbsp;Kro\u015bnie skonstruowali pojazd wa\u017c\u0105cy zaledwie 39 kilogram\u00f3w. Ponadto, &nbsp;SKN&nbsp;ROTOR&nbsp;wykorzysta\u0142o opony marki Michelin, kt\u00f3re obecnie wiod\u0105 prym w&nbsp;Formule E. Ich popularno\u015b\u0107 mo\u017cna upatrywa\u0107 w&nbsp;nader niskim wsp\u00f3\u0142czynniku opor\u00f3w toczenia. Warto r\u00f3wnie\u017c nadmieni\u0107, \u017ce do powstaj\u0105cego w&nbsp;Kro\u015bnie pojazdu stosowane s\u0105 specjalnie zaprojektowane i&nbsp;wykonane zestawy \u0142o\u017cyskowe w&nbsp;ko\u0142ach.<\/p>\n\n\n\n<p><strong>Po drugie \u2013 sylwetka nadwozia<\/strong>, kt\u00f3ra ma by\u0107 przede wszystkim op\u0142ywowa oraz lekka. Pojazd\u00a0jest wyposa\u017cony w\u00a0uk\u0142ad nap\u0119dowy, kt\u00f3ry \u2013 aby nie zawodzi\u0142 \u2013 musi spe\u0142nia\u0107 wiele wymaga\u0144. W\u00a0szczeg\u00f3lno\u015bci cechuje si\u0119 \u0142atwym i\u00a0stabilnym rozruchem oraz szybko nagrzewa si\u0119, jednocze\u015bnie utrzymuj\u0105c temperatur\u0119 w\u00a0trakcie przerw w\u00a0pracy. Ta cecha \u201ebolidu\u201c jest jedn\u0105 z\u00a0najwa\u017cniejszych podczas londy\u0144skiej edycji zawod\u00f3w Shell Eco-marathon<\/p>\n\n\n\n<figure class=\"wp-block-image size-full\"><img loading=\"lazy\" decoding=\"async\" width=\"1024\" height=\"680\" src=\"https:\/\/pans.krosno.pl\/rotor\/wp-content\/uploads\/sites\/61\/2022\/11\/image-12.png\" alt=\"\" class=\"wp-image-171\" srcset=\"https:\/\/pans.krosno.pl\/rotor\/wp-content\/uploads\/sites\/61\/2022\/11\/image-12.png 1024w, https:\/\/pans.krosno.pl\/rotor\/wp-content\/uploads\/sites\/61\/2022\/11\/image-12-300x199.png 300w, https:\/\/pans.krosno.pl\/rotor\/wp-content\/uploads\/sites\/61\/2022\/11\/image-12-768x510.png 768w, https:\/\/pans.krosno.pl\/rotor\/wp-content\/uploads\/sites\/61\/2022\/11\/image-12-800x531.png 800w, https:\/\/pans.krosno.pl\/rotor\/wp-content\/uploads\/sites\/61\/2022\/11\/image-12-580x385.png 580w\" sizes=\"auto, (max-width: 1024px) 100vw, 1024px\" \/><\/figure>\n\n\n\n<p>Obecnie zesp\u00f3\u0142 \u201cRotor\u201d pracuj\u0119 nad now\u0105 konstrukcj\u0105 bolidu. Nowa \u201ePi\u0142a\u201d b\u0119dzie si\u0119 charakteryzowa\u0142a nowoczesnym i\u00a0op\u0142ywowym nadwoziem wykonanym z\u00a0w\u0142\u00f3kien w\u0119glowo-aramidowych co zapewni niebywa\u0142\u0105 sztywno\u015b\u0107 i\u00a0lekko\u015b\u0107, zachowuj\u0105c przy tym wysok\u0105 wytrzyma\u0142o\u015b\u0107.<br>Jednostka nap\u0119dowa, kt\u00f3ra zosta\u0142a zaprojektowana przez naszych student\u00f3w (silnik d\u0142ugo skokowy, pracuj\u0105cy w\u00a0obiegu Atkinsona, bez uk\u0142adu ch\u0142odzenia) b\u0119dzie si\u0119 charakteryzowa\u0142a wysok\u0105 sprawno\u015bci\u0105 co zapewni niskie zu\u017cycie paliwa.<\/p>\n\n\n\n<figure class=\"wp-block-image size-full\"><img loading=\"lazy\" decoding=\"async\" width=\"1024\" height=\"681\" src=\"https:\/\/pans.krosno.pl\/rotor\/wp-content\/uploads\/sites\/61\/2022\/11\/image-13.png\" alt=\"\" class=\"wp-image-172\" srcset=\"https:\/\/pans.krosno.pl\/rotor\/wp-content\/uploads\/sites\/61\/2022\/11\/image-13.png 1024w, https:\/\/pans.krosno.pl\/rotor\/wp-content\/uploads\/sites\/61\/2022\/11\/image-13-300x200.png 300w, https:\/\/pans.krosno.pl\/rotor\/wp-content\/uploads\/sites\/61\/2022\/11\/image-13-768x511.png 768w, https:\/\/pans.krosno.pl\/rotor\/wp-content\/uploads\/sites\/61\/2022\/11\/image-13-800x532.png 800w, https:\/\/pans.krosno.pl\/rotor\/wp-content\/uploads\/sites\/61\/2022\/11\/image-13-580x386.png 580w\" sizes=\"auto, (max-width: 1024px) 100vw, 1024px\" \/><\/figure>\n","protected":false},"excerpt":{"rendered":"<p>Historia W roku akademickim 2014\/2015&nbsp;Studenckie Ko\u0142o Naukowe&nbsp;ROTOR&nbsp;w&nbsp;Kro\u015bnie rozpocz\u0119\u0142o budow\u0119 \u201ebolidu\u201c i \u2013 finalnie \u2013 startu na zawodach Shell Eco-marathon. Ju\u017c podczas swojego debiutu studenci&nbsp;PWSZ&nbsp;im. S. Pigonia w&nbsp;Kro\u015bnie zaj\u0119li dziewi\u0105te miejsce w&nbsp;swojej kategorii. Czemu zawdzi\u0119czamy tak wysok\u0105 lokat\u0119? Sekret tkwi w&nbsp;szczeg\u00f3\u0142ach, a&nbsp;przede wszystkim w&nbsp;pracy, kt\u00f3r\u0105 studenci w\u0142o\u017cyli w&nbsp;skonstruowanie innowacyjnego, ekologicznego pojazdu. [\u2026] <\/p>\n<div class=\"clear\"><\/div>\n<p><a class=\"more_link clearfix\" href=\"https:\/\/pans.krosno.pl\/rotor\/o-bolidzie\/\" rel=\"nofollow\">Read More<\/a><\/p>\n","protected":false},"author":27,"featured_media":0,"parent":0,"menu_order":0,"comment_status":"closed","ping_status":"closed","template":"page-templates\/template-full-width.php","meta":{"ngg_post_thumbnail":0,"footnotes":""},"class_list":["post-16","page","type-page","status-publish","hentry"],"yoast_head":"<!-- This site is optimized with the Yoast SEO Premium plugin v27.3 (Yoast SEO v27.3) - https:\/\/yoast.com\/product\/yoast-seo-premium-wordpress\/ -->\n<title>O bolidzie - Rotor - Ko\u0142o naukowe PANS w Kro\u015bnie<\/title>\n<meta name=\"robots\" content=\"index, follow, max-snippet:-1, max-image-preview:large, max-video-preview:-1\" \/>\n<link rel=\"canonical\" href=\"https:\/\/pans.krosno.pl\/rotor\/o-bolidzie\/\" \/>\n<meta property=\"og:locale\" content=\"pl_PL\" \/>\n<meta property=\"og:type\" content=\"article\" \/>\n<meta property=\"og:title\" content=\"O bolidzie\" \/>\n<meta property=\"og:description\" content=\"Historia W roku akademickim 2014\/2015&nbsp;Studenckie Ko\u0142o Naukowe&nbsp;ROTOR&nbsp;w&nbsp;Kro\u015bnie rozpocz\u0119\u0142o budow\u0119 \u201ebolidu\u201c i \u2013 finalnie \u2013 startu na zawodach Shell Eco-marathon. Ju\u017c podczas swojego debiutu studenci&nbsp;PWSZ&nbsp;im. S. Pigonia w&nbsp;Kro\u015bnie zaj\u0119li dziewi\u0105te miejsce w&nbsp;swojej kategorii. Czemu zawdzi\u0119czamy tak wysok\u0105 lokat\u0119? Sekret tkwi w&nbsp;szczeg\u00f3\u0142ach, a&nbsp;przede wszystkim w&nbsp;pracy, kt\u00f3r\u0105 studenci w\u0142o\u017cyli w&nbsp;skonstruowanie innowacyjnego, ekologicznego pojazdu. [\u2026] Read More\" \/>\n<meta property=\"og:url\" content=\"https:\/\/pans.krosno.pl\/rotor\/o-bolidzie\/\" \/>\n<meta property=\"og:site_name\" content=\"Rotor - Ko\u0142o naukowe PANS w Kro\u015bnie\" \/>\n<meta property=\"article:publisher\" content=\"https:\/\/www.facebook.com\/StudiaKrosno\/\" \/>\n<meta property=\"article:modified_time\" content=\"2022-11-28T12:49:38+00:00\" \/>\n<meta property=\"og:image\" content=\"https:\/\/pans.krosno.pl\/rotor\/wp-content\/uploads\/sites\/61\/2022\/11\/image-12.png\" \/>\n<meta name=\"twitter:card\" content=\"summary_large_image\" \/>\n<meta name=\"twitter:label1\" content=\"Szacowany czas czytania\" \/>\n\t<meta name=\"twitter:data1\" content=\"2 minuty\" \/>\n<script type=\"application\/ld+json\" class=\"yoast-schema-graph\">{\"@context\":\"https:\\\/\\\/schema.org\",\"@graph\":[{\"@type\":\"WebPage\",\"@id\":\"https:\\\/\\\/pans.krosno.pl\\\/rotor\\\/o-bolidzie\\\/\",\"url\":\"https:\\\/\\\/pans.krosno.pl\\\/rotor\\\/o-bolidzie\\\/\",\"name\":\"O bolidzie - Rotor - Ko\u0142o naukowe PANS w Kro\u015bnie\",\"isPartOf\":{\"@id\":\"https:\\\/\\\/pans.krosno.pl\\\/rotor\\\/#website\"},\"primaryImageOfPage\":{\"@id\":\"https:\\\/\\\/pans.krosno.pl\\\/rotor\\\/o-bolidzie\\\/#primaryimage\"},\"image\":{\"@id\":\"https:\\\/\\\/pans.krosno.pl\\\/rotor\\\/o-bolidzie\\\/#primaryimage\"},\"thumbnailUrl\":\"https:\\\/\\\/pans.krosno.pl\\\/rotor\\\/wp-content\\\/uploads\\\/sites\\\/61\\\/2022\\\/11\\\/image-12.png\",\"datePublished\":\"2022-11-28T08:16:06+00:00\",\"dateModified\":\"2022-11-28T12:49:38+00:00\",\"breadcrumb\":{\"@id\":\"https:\\\/\\\/pans.krosno.pl\\\/rotor\\\/o-bolidzie\\\/#breadcrumb\"},\"inLanguage\":\"pl-PL\",\"potentialAction\":[{\"@type\":\"ReadAction\",\"target\":[\"https:\\\/\\\/pans.krosno.pl\\\/rotor\\\/o-bolidzie\\\/\"]}]},{\"@type\":\"ImageObject\",\"inLanguage\":\"pl-PL\",\"@id\":\"https:\\\/\\\/pans.krosno.pl\\\/rotor\\\/o-bolidzie\\\/#primaryimage\",\"url\":\"https:\\\/\\\/pans.krosno.pl\\\/rotor\\\/wp-content\\\/uploads\\\/sites\\\/61\\\/2022\\\/11\\\/image-12.png\",\"contentUrl\":\"https:\\\/\\\/pans.krosno.pl\\\/rotor\\\/wp-content\\\/uploads\\\/sites\\\/61\\\/2022\\\/11\\\/image-12.png\",\"width\":1024,\"height\":680},{\"@type\":\"BreadcrumbList\",\"@id\":\"https:\\\/\\\/pans.krosno.pl\\\/rotor\\\/o-bolidzie\\\/#breadcrumb\",\"itemListElement\":[{\"@type\":\"ListItem\",\"position\":1,\"name\":\"Strona g\u0142\u00f3wna\",\"item\":\"https:\\\/\\\/pans.krosno.pl\\\/rotor\\\/\"},{\"@type\":\"ListItem\",\"position\":2,\"name\":\"O bolidzie\"}]},{\"@type\":\"WebSite\",\"@id\":\"https:\\\/\\\/pans.krosno.pl\\\/rotor\\\/#website\",\"url\":\"https:\\\/\\\/pans.krosno.pl\\\/rotor\\\/\",\"name\":\"KPU w Kro\u015bnie\",\"description\":\"\",\"publisher\":{\"@id\":\"https:\\\/\\\/pans.krosno.pl\\\/rotor\\\/#organization\"},\"potentialAction\":[{\"@type\":\"SearchAction\",\"target\":{\"@type\":\"EntryPoint\",\"urlTemplate\":\"https:\\\/\\\/pans.krosno.pl\\\/rotor\\\/?s={search_term_string}\"},\"query-input\":{\"@type\":\"PropertyValueSpecification\",\"valueRequired\":true,\"valueName\":\"search_term_string\"}}],\"inLanguage\":\"pl-PL\"},{\"@type\":\"Organization\",\"@id\":\"https:\\\/\\\/pans.krosno.pl\\\/rotor\\\/#organization\",\"name\":\"Karpacka Pa\u0144stwowa Uczelnia w Kro\u015bnie\",\"url\":\"https:\\\/\\\/pans.krosno.pl\\\/rotor\\\/\",\"logo\":{\"@type\":\"ImageObject\",\"inLanguage\":\"pl-PL\",\"@id\":\"https:\\\/\\\/pans.krosno.pl\\\/rotor\\\/#\\\/schema\\\/logo\\\/image\\\/\",\"url\":\"https:\\\/\\\/pans.krosno.pl\\\/wp-content\\\/uploads\\\/2020\\\/04\\\/unnamed-1.png\",\"contentUrl\":\"https:\\\/\\\/pans.krosno.pl\\\/wp-content\\\/uploads\\\/2020\\\/04\\\/unnamed-1.png\",\"width\":2238,\"height\":372,\"caption\":\"Karpacka Pa\u0144stwowa Uczelnia w Kro\u015bnie\"},\"image\":{\"@id\":\"https:\\\/\\\/pans.krosno.pl\\\/rotor\\\/#\\\/schema\\\/logo\\\/image\\\/\"},\"sameAs\":[\"https:\\\/\\\/www.facebook.com\\\/StudiaKrosno\\\/\",\"https:\\\/\\\/www.instagram.com\\\/studia.krosno\",\"https:\\\/\\\/pl.linkedin.com\\\/company\\\/pwsz-krosno\",\"https:\\\/\\\/www.youtube.com\\\/user\\\/pwszkrosno\\\/\",\"https:\\\/\\\/pl.wikipedia.org\\\/wiki\\\/Pa\u0144stwowa_Wy\u017csza_Szko\u0142a_Zawodowa_im._Stanis\u0142awa_Pigonia_w_Kro\u015bnie\"]}]}<\/script>\n<!-- \/ Yoast SEO Premium plugin. -->","yoast_head_json":{"title":"O bolidzie - Rotor - Ko\u0142o naukowe PANS w Kro\u015bnie","robots":{"index":"index","follow":"follow","max-snippet":"max-snippet:-1","max-image-preview":"max-image-preview:large","max-video-preview":"max-video-preview:-1"},"canonical":"https:\/\/pans.krosno.pl\/rotor\/o-bolidzie\/","og_locale":"pl_PL","og_type":"article","og_title":"O bolidzie","og_description":"Historia W roku akademickim 2014\/2015&nbsp;Studenckie Ko\u0142o Naukowe&nbsp;ROTOR&nbsp;w&nbsp;Kro\u015bnie rozpocz\u0119\u0142o budow\u0119 \u201ebolidu\u201c i \u2013 finalnie \u2013 startu na zawodach Shell Eco-marathon. Ju\u017c podczas swojego debiutu studenci&nbsp;PWSZ&nbsp;im. S. Pigonia w&nbsp;Kro\u015bnie zaj\u0119li dziewi\u0105te miejsce w&nbsp;swojej kategorii. Czemu zawdzi\u0119czamy tak wysok\u0105 lokat\u0119? Sekret tkwi w&nbsp;szczeg\u00f3\u0142ach, a&nbsp;przede wszystkim w&nbsp;pracy, kt\u00f3r\u0105 studenci w\u0142o\u017cyli w&nbsp;skonstruowanie innowacyjnego, ekologicznego pojazdu. [\u2026] Read More","og_url":"https:\/\/pans.krosno.pl\/rotor\/o-bolidzie\/","og_site_name":"Rotor - Ko\u0142o naukowe PANS w Kro\u015bnie","article_publisher":"https:\/\/www.facebook.com\/StudiaKrosno\/","article_modified_time":"2022-11-28T12:49:38+00:00","og_image":[{"url":"https:\/\/pans.krosno.pl\/rotor\/wp-content\/uploads\/sites\/61\/2022\/11\/image-12.png","type":"","width":"","height":""}],"twitter_card":"summary_large_image","twitter_misc":{"Szacowany czas czytania":"2 minuty"},"schema":{"@context":"https:\/\/schema.org","@graph":[{"@type":"WebPage","@id":"https:\/\/pans.krosno.pl\/rotor\/o-bolidzie\/","url":"https:\/\/pans.krosno.pl\/rotor\/o-bolidzie\/","name":"O bolidzie - Rotor - Ko\u0142o naukowe PANS w Kro\u015bnie","isPartOf":{"@id":"https:\/\/pans.krosno.pl\/rotor\/#website"},"primaryImageOfPage":{"@id":"https:\/\/pans.krosno.pl\/rotor\/o-bolidzie\/#primaryimage"},"image":{"@id":"https:\/\/pans.krosno.pl\/rotor\/o-bolidzie\/#primaryimage"},"thumbnailUrl":"https:\/\/pans.krosno.pl\/rotor\/wp-content\/uploads\/sites\/61\/2022\/11\/image-12.png","datePublished":"2022-11-28T08:16:06+00:00","dateModified":"2022-11-28T12:49:38+00:00","breadcrumb":{"@id":"https:\/\/pans.krosno.pl\/rotor\/o-bolidzie\/#breadcrumb"},"inLanguage":"pl-PL","potentialAction":[{"@type":"ReadAction","target":["https:\/\/pans.krosno.pl\/rotor\/o-bolidzie\/"]}]},{"@type":"ImageObject","inLanguage":"pl-PL","@id":"https:\/\/pans.krosno.pl\/rotor\/o-bolidzie\/#primaryimage","url":"https:\/\/pans.krosno.pl\/rotor\/wp-content\/uploads\/sites\/61\/2022\/11\/image-12.png","contentUrl":"https:\/\/pans.krosno.pl\/rotor\/wp-content\/uploads\/sites\/61\/2022\/11\/image-12.png","width":1024,"height":680},{"@type":"BreadcrumbList","@id":"https:\/\/pans.krosno.pl\/rotor\/o-bolidzie\/#breadcrumb","itemListElement":[{"@type":"ListItem","position":1,"name":"Strona g\u0142\u00f3wna","item":"https:\/\/pans.krosno.pl\/rotor\/"},{"@type":"ListItem","position":2,"name":"O bolidzie"}]},{"@type":"WebSite","@id":"https:\/\/pans.krosno.pl\/rotor\/#website","url":"https:\/\/pans.krosno.pl\/rotor\/","name":"KPU w Kro\u015bnie","description":"","publisher":{"@id":"https:\/\/pans.krosno.pl\/rotor\/#organization"},"potentialAction":[{"@type":"SearchAction","target":{"@type":"EntryPoint","urlTemplate":"https:\/\/pans.krosno.pl\/rotor\/?s={search_term_string}"},"query-input":{"@type":"PropertyValueSpecification","valueRequired":true,"valueName":"search_term_string"}}],"inLanguage":"pl-PL"},{"@type":"Organization","@id":"https:\/\/pans.krosno.pl\/rotor\/#organization","name":"Karpacka Pa\u0144stwowa Uczelnia w Kro\u015bnie","url":"https:\/\/pans.krosno.pl\/rotor\/","logo":{"@type":"ImageObject","inLanguage":"pl-PL","@id":"https:\/\/pans.krosno.pl\/rotor\/#\/schema\/logo\/image\/","url":"https:\/\/pans.krosno.pl\/wp-content\/uploads\/2020\/04\/unnamed-1.png","contentUrl":"https:\/\/pans.krosno.pl\/wp-content\/uploads\/2020\/04\/unnamed-1.png","width":2238,"height":372,"caption":"Karpacka Pa\u0144stwowa Uczelnia w Kro\u015bnie"},"image":{"@id":"https:\/\/pans.krosno.pl\/rotor\/#\/schema\/logo\/image\/"},"sameAs":["https:\/\/www.facebook.com\/StudiaKrosno\/","https:\/\/www.instagram.com\/studia.krosno","https:\/\/pl.linkedin.com\/company\/pwsz-krosno","https:\/\/www.youtube.com\/user\/pwszkrosno\/","https:\/\/pl.wikipedia.org\/wiki\/Pa\u0144stwowa_Wy\u017csza_Szko\u0142a_Zawodowa_im._Stanis\u0142awa_Pigonia_w_Kro\u015bnie"]}]}},"_links":{"self":[{"href":"https:\/\/pans.krosno.pl\/rotor\/wp-json\/wp\/v2\/pages\/16","targetHints":{"allow":["GET"]}}],"collection":[{"href":"https:\/\/pans.krosno.pl\/rotor\/wp-json\/wp\/v2\/pages"}],"about":[{"href":"https:\/\/pans.krosno.pl\/rotor\/wp-json\/wp\/v2\/types\/page"}],"author":[{"embeddable":true,"href":"https:\/\/pans.krosno.pl\/rotor\/wp-json\/wp\/v2\/users\/27"}],"replies":[{"embeddable":true,"href":"https:\/\/pans.krosno.pl\/rotor\/wp-json\/wp\/v2\/comments?post=16"}],"version-history":[{"count":2,"href":"https:\/\/pans.krosno.pl\/rotor\/wp-json\/wp\/v2\/pages\/16\/revisions"}],"predecessor-version":[{"id":173,"href":"https:\/\/pans.krosno.pl\/rotor\/wp-json\/wp\/v2\/pages\/16\/revisions\/173"}],"wp:attachment":[{"href":"https:\/\/pans.krosno.pl\/rotor\/wp-json\/wp\/v2\/media?parent=16"}],"curies":[{"name":"wp","href":"https:\/\/api.w.org\/{rel}","templated":true}]}}